{"id":2316,"date":"2023-05-31T11:09:30","date_gmt":"2023-05-31T03:09:30","guid":{"rendered":"https:\/\/www.qualitester.com\/?post_type=product&#038;p=2316"},"modified":"2024-12-05T15:56:17","modified_gmt":"2024-12-05T07:56:17","slug":"tst-01-tensile-tester","status":"publish","type":"product","link":"https:\/\/www.qualitester.com\/nb\/produkt-2\/tst-01-tensile-tester\/","title":{"rendered":"TST-01 Strekkpr\u00f8vetester"},"content":{"rendered":"<p><img fetchpriority=\"high\" decoding=\"async\" src=\"https:\/\/www.qualitester.com\/wp-content\/uploads\/2023\/04\/Tensile-Tester-TST-01-Front-view-1.jpg\" sizes=\"(max-width: 750px) 100vw, 750px\" srcset=\"https:\/\/www.qualitester.com\/wp-content\/uploads\/2023\/04\/Tensile-Tester-TST-01-Front-view-1.jpg 750w, https:\/\/www.qualitester.com\/wp-content\/uploads\/2023\/04\/Tensile-Tester-TST-01-Front-view-1-300x300.jpg 300w, https:\/\/www.qualitester.com\/wp-content\/uploads\/2023\/04\/Tensile-Tester-TST-01-Front-view-1-150x150.jpg 150w, https:\/\/www.qualitester.com\/wp-content\/uploads\/2023\/04\/Tensile-Tester-TST-01-Front-view-1-600x600.jpg 600w, https:\/\/www.qualitester.com\/wp-content\/uploads\/2023\/04\/Tensile-Tester-TST-01-Front-view-1-100x100.jpg 100w\" alt=\"\" width=\"750\" height=\"750\" \/><\/p>\n<h6><strong>S\u00f8knad<\/strong><\/h6>\n<p>TST-01Tensile Tester kan brukes til \u00e5 m\u00e5le strekk, peeling, deformasjon, riving, varmeforsegling, lim, punkteringskraft, \u00e5pningskraft og annen ytelse av plastfilmer (trenger forskjellige klemmer eller inventar), komposittmaterialer, myke pakkematerialer, fleksible plastr\u00f8r, lim, teip, etikettklistremerker, medisinske plaster, slippapir, beskyttelsesfilmer, kombinerte hetter, aluminiumsfolie, membran, bakark, ikke-vevde stoffer, gummi, papir, etc.<\/p>\n<p><img decoding=\"async\" src=\"https:\/\/www.qualitester.com\/wp-content\/uploads\/2023\/04\/Tensile-Tester-TST-01-Right-view-1.jpg\" sizes=\"(max-width: 750px) 100vw, 750px\" srcset=\"https:\/\/www.qualitester.com\/wp-content\/uploads\/2023\/04\/Tensile-Tester-TST-01-Right-view-1.jpg 750w, https:\/\/www.qualitester.com\/wp-content\/uploads\/2023\/04\/Tensile-Tester-TST-01-Right-view-1-300x300.jpg 300w, https:\/\/www.qualitester.com\/wp-content\/uploads\/2023\/04\/Tensile-Tester-TST-01-Right-view-1-150x150.jpg 150w, https:\/\/www.qualitester.com\/wp-content\/uploads\/2023\/04\/Tensile-Tester-TST-01-Right-view-1-600x600.jpg 600w, https:\/\/www.qualitester.com\/wp-content\/uploads\/2023\/04\/Tensile-Tester-TST-01-Right-view-1-100x100.jpg 100w\" alt=\"\" width=\"750\" height=\"750\" \/><\/p>\n<h6><strong>Tekniske egenskaper<\/strong><\/h6>\n<p>Det er en PLS-styrt enhet (stabil p\u00e5 industrielt niv\u00e5) og HMI-ber\u00f8ringsskjerm. Presisjonskule blyskruemekanisme sikrer god og jevn hastighet og forskyvningskontroll. Det spesialdesignede programmet kan brukes til testing av brudd, spenning, forlengelse, tetningsstyrke, 90 \u00b0 peeling, 180 \u00b0 peeling, riving.<\/p>\n<ul>\n<li>7 tommers TFT-ber\u00f8ringsskjerm<\/li>\n<li>PLS-styring<\/li>\n<li>Presisjonskule med blyskrue<\/li>\n<li>Testhastigheten kan justeres.<\/li>\n<li>Flere armaturer tilgjengelig<\/li>\n<li>Begrensningsanordning og automatisk returfunksjon<\/li>\n<li>Flere testoppgaver tilgjengelig.<\/li>\n<li>Mikroskriver (valgfritt)<\/li>\n<\/ul>\n<p><img decoding=\"async\" src=\"https:\/\/www.qualitester.com\/wp-content\/uploads\/2023\/04\/Tensile-Tester-TST-01.jpg\" sizes=\"(max-width: 750px) 100vw, 750px\" srcset=\"https:\/\/www.qualitester.com\/wp-content\/uploads\/2023\/04\/Tensile-Tester-TST-01.jpg 750w, https:\/\/www.qualitester.com\/wp-content\/uploads\/2023\/04\/Tensile-Tester-TST-01-300x300.jpg 300w, https:\/\/www.qualitester.com\/wp-content\/uploads\/2023\/04\/Tensile-Tester-TST-01-150x150.jpg 150w, https:\/\/www.qualitester.com\/wp-content\/uploads\/2023\/04\/Tensile-Tester-TST-01-600x600.jpg 600w, https:\/\/www.qualitester.com\/wp-content\/uploads\/2023\/04\/Tensile-Tester-TST-01-100x100.jpg 100w\" alt=\"\" width=\"750\" height=\"750\" \/><\/p>\n<h6><strong>Hovedparametere<\/strong><\/h6>\n<p>Testomr\u00e5de 0-500N (standard, 50N, 100N, 200N er valgfritt)<\/p>\n<p>Slaglengde 800 mm (andre slaglengder tilgjengelig)<\/p>\n<p>Testhastighet 1 ~ 500 mm\/min<\/p>\n<p>N\u00f8yaktighet p\u00e5 forskyvning 0,01 mm<\/p>\n<p>N\u00f8yaktighet 0,5% F.S.<\/p>\n<p>Pr\u00f8vebredde 27 mm (annet valgfritt)<\/p>\n<p>Styring av PLS og grensesnitt mellom menneske og maskin<\/p>\n<p>Datautgangsskjerm, mikroskriver (valgfritt), RS232 (valgfritt)<\/p>\n<h6><strong>Viktige standarder<\/strong><\/h6>\n<p>ISO 37, ASTM D882, ASTM E4, ASTM D3330, ASTM F904, ASTM F88, ASTM D1938, JIS P8113<\/p>","protected":false},"excerpt":{"rendered":"<p>TST-01 kan brukes til \u00e5 m\u00e5le ulike fysiske og mekaniske egenskaper ved materialer.<\/p>","protected":false},"featured_media":6313,"comment_status":"closed","ping_status":"closed","template":"","meta":{"site-sidebar-layout":"default","site-content-layout":"default","ast-global-header-display":"","ast-main-header-display":"","ast-hfb-above-header-display":"","ast-hfb-below-header-display":"","ast-hfb-mobile-header-display":"","site-post-title":"disabled","ast-breadcrumbs-content":"","ast-featured-img":"disabled","footer-sml-layout":"","theme-transparent-header-meta":"default","adv-header-id-meta":"","stick-header-meta":"","header-above-stick-meta":"","header-main-stick-meta":"","header-below-stick-meta":""},"product_cat":[945,944,933,845,934,965,954,958,938,674,681,682,680,679,672,673,17,44,149,16,99,122,126,110,139,145,146,100,161,95],"product_tag":[],"class_list":{"0":"post-2316","1":"product","2":"type-product","3":"status-publish","4":"has-post-thumbnail","6":"product_cat-180-peeling-tester","7":"product_cat-90-peeling-tester","8":"product_cat-ampoule-breaking-tester","9":"product_cat-customization","10":"product_cat-medical-packaging-tester","11":"product_cat-package-compression-tester","12":"product_cat-paper-tear-tester","13":"product_cat-puncture-tester","14":"product_cat-textile-tester","15":"product_cat-test-items","16":"product_cat-peel-tester","17":"product_cat-protrusion-tester","18":"product_cat-tear-tester","19":"product_cat-tensile-tester","20":"product_cat-applied-materials","21":"product_cat-adhesive-tester","22":"product_cat-package-container-testers","23":"product_cat-paper-and-board-testers","24":"product_cat-pharma-and-medical-testers","25":"product_cat-plastic-packaging-testers","26":"product_cat-astm","27":"product_cat-astm-d1938","28":"product_cat-astm-d3330","29":"product_cat-astm-d882","30":"product_cat-astm-e4","31":"product_cat-astm-f88","32":"product_cat-astm-f904","33":"product_cat-iso","34":"product_cat-iso-37","35":"product_cat-products","36":"desktop-align-left","37":"tablet-align-left","38":"mobile-align-left","40":"first","41":"instock","42":"shipping-taxable","43":"product-type-simple"},"_links":{"self":[{"href":"https:\/\/www.qualitester.com\/nb\/wp-json\/wp\/v2\/product\/2316","targetHints":{"allow":["GET"]}}],"collection":[{"href":"https:\/\/www.qualitester.com\/nb\/wp-json\/wp\/v2\/product"}],"about":[{"href":"https:\/\/www.qualitester.com\/nb\/wp-json\/wp\/v2\/types\/product"}],"replies":[{"embeddable":true,"href":"https:\/\/www.qualitester.com\/nb\/wp-json\/wp\/v2\/comments?post=2316"}],"version-history":[{"count":0,"href":"https:\/\/www.qualitester.com\/nb\/wp-json\/wp\/v2\/product\/2316\/revisions"}],"wp:featuredmedia":[{"embeddable":true,"href":"https:\/\/www.qualitester.com\/nb\/wp-json\/wp\/v2\/media\/6313"}],"wp:attachment":[{"href":"https:\/\/www.qualitester.com\/nb\/wp-json\/wp\/v2\/media?parent=2316"}],"wp:term":[{"taxonomy":"product_cat","embeddable":true,"href":"https:\/\/www.qualitester.com\/nb\/wp-json\/wp\/v2\/product_cat?post=2316"},{"taxonomy":"product_tag","embeddable":true,"href":"https:\/\/www.qualitester.com\/nb\/wp-json\/wp\/v2\/product_tag?post=2316"}],"curies":[{"name":"wp","href":"https:\/\/api.w.org\/{rel}","templated":true}]}}