{"id":2292,"date":"2023-05-29T11:45:12","date_gmt":"2023-05-29T03:45:12","guid":{"rendered":"https:\/\/www.qualitester.com\/?post_type=product&#038;p=2292"},"modified":"2024-12-04T14:27:49","modified_gmt":"2024-12-04T06:27:49","slug":"mct-01-motorized-cap-torque-tester","status":"publish","type":"product","link":"https:\/\/www.qualitester.com\/nb\/produkt-2\/mct-01-motorized-cap-torque-tester\/","title":{"rendered":"MCT-01 Motorisert momenttester for hetter"},"content":{"rendered":"<div data-elementor-type=\"wp-post\" data-elementor-id=\"2292\" class=\"elementor elementor-2292\" data-elementor-post-type=\"product\">\n\t\t\t\t<div class=\"elementor-element elementor-element-fbc786a e-flex e-con-boxed e-con e-parent\" data-id=\"fbc786a\" data-element_type=\"container\">\n\t\t\t\t\t<div class=\"e-con-inner\">\n\t\t<div class=\"elementor-element elementor-element-8818e66 e-con-full e-flex e-con e-parent\" data-id=\"8818e66\" data-element_type=\"container\">\n\t\t\t\t<div class=\"elementor-element elementor-element-2fd34ea elementor-widget elementor-widget-image\" data-id=\"2fd34ea\" data-element_type=\"widget\" data-widget_type=\"image.default\">\n\t\t\t\t<div class=\"elementor-widget-container\">\n\t\t\t\t\t\t\t\t\t\t\t\t\t<img fetchpriority=\"high\" decoding=\"async\" width=\"750\" height=\"750\" src=\"https:\/\/www.qualitester.com\/wp-content\/uploads\/2023\/04\/Motorized-Cap-Torque-Tester-MCT-01.jpg\" class=\"attachment-large size-large wp-image-1757\" alt=\"\" srcset=\"https:\/\/www.qualitester.com\/wp-content\/uploads\/2023\/04\/Motorized-Cap-Torque-Tester-MCT-01.jpg 750w, https:\/\/www.qualitester.com\/wp-content\/uploads\/2023\/04\/Motorized-Cap-Torque-Tester-MCT-01-300x300.jpg 300w, https:\/\/www.qualitester.com\/wp-content\/uploads\/2023\/04\/Motorized-Cap-Torque-Tester-MCT-01-150x150.jpg 150w, https:\/\/www.qualitester.com\/wp-content\/uploads\/2023\/04\/Motorized-Cap-Torque-Tester-MCT-01-600x600.jpg 600w, https:\/\/www.qualitester.com\/wp-content\/uploads\/2023\/04\/Motorized-Cap-Torque-Tester-MCT-01-100x100.jpg 100w\" sizes=\"(max-width: 750px) 100vw, 750px\" \/>\t\t\t\t\t\t\t\t\t\t\t\t\t<\/div>\n\t\t\t\t<\/div>\n\t\t\t\t<\/div>\n\t\t<div class=\"elementor-element elementor-element-f165930 e-con-full e-flex e-con e-parent\" data-id=\"f165930\" data-element_type=\"container\">\n\t\t\t\t<div class=\"elementor-element elementor-element-2e664fe elementor-widget elementor-widget-text-editor\" data-id=\"2e664fe\" data-element_type=\"widget\" data-widget_type=\"text-editor.default\">\n\t\t\t\t<div class=\"elementor-widget-container\">\n\t\t\t\t\t\t\t<h6><strong>S\u00f8knad<\/strong><\/h6><p><em>\u00c5pnings- og l\u00e5sekreftene til flaskekapsler er viktige tekniske parametere i produksjonen, b\u00e5de online og offline. De kan p\u00e5virke transport og forbruk av produkter. Den store stabiliteten og presisjonen gj\u00f8r den til en n\u00f8dvendighet for produksjonsprosessen.<\/em><\/p><p><em>MCT-01 Motorized Cap Torque Tester m\u00e5ler \u00e5pningskraften og l\u00e5sekraften til lokkene p\u00e5 medisinflasker, PET-flasker, tuteposer og fleksible r\u00f8rpakker. Momenttesten kan bestemme riktig l\u00e5se- og \u00e5pningskraft p\u00e5 lokkene i produksjonen og dermed veilede transport- og forbruksprosessen.<\/em> <\/p>\t\t\t\t\t\t<\/div>\n\t\t\t\t<\/div>\n\t\t\t\t<\/div>\n\t\t\t\t\t<\/div>\n\t\t\t\t<\/div>\n\t\t<div class=\"elementor-element elementor-element-7decd1f e-flex e-con-boxed e-con e-parent\" data-id=\"7decd1f\" data-element_type=\"container\">\n\t\t\t\t\t<div class=\"e-con-inner\">\n\t\t<div class=\"elementor-element elementor-element-f2ab244 e-con-full e-flex e-con e-parent\" data-id=\"f2ab244\" data-element_type=\"container\">\n\t\t\t\t<div class=\"elementor-element elementor-element-09930f8 elementor-widget elementor-widget-image\" data-id=\"09930f8\" data-element_type=\"widget\" data-widget_type=\"image.default\">\n\t\t\t\t<div class=\"elementor-widget-container\">\n\t\t\t\t\t\t\t\t\t\t\t\t\t<img decoding=\"async\" width=\"750\" height=\"750\" src=\"https:\/\/www.qualitester.com\/wp-content\/uploads\/2023\/04\/Motorized-Cap-Torque-Tester.jpg\" class=\"attachment-large size-large wp-image-1758\" alt=\"\" srcset=\"https:\/\/www.qualitester.com\/wp-content\/uploads\/2023\/04\/Motorized-Cap-Torque-Tester.jpg 750w, https:\/\/www.qualitester.com\/wp-content\/uploads\/2023\/04\/Motorized-Cap-Torque-Tester-300x300.jpg 300w, https:\/\/www.qualitester.com\/wp-content\/uploads\/2023\/04\/Motorized-Cap-Torque-Tester-150x150.jpg 150w, https:\/\/www.qualitester.com\/wp-content\/uploads\/2023\/04\/Motorized-Cap-Torque-Tester-600x600.jpg 600w, https:\/\/www.qualitester.com\/wp-content\/uploads\/2023\/04\/Motorized-Cap-Torque-Tester-100x100.jpg 100w\" sizes=\"(max-width: 750px) 100vw, 750px\" \/>\t\t\t\t\t\t\t\t\t\t\t\t\t<\/div>\n\t\t\t\t<\/div>\n\t\t\t\t<\/div>\n\t\t<div class=\"elementor-element elementor-element-f61db8f e-con-full e-flex e-con e-parent\" data-id=\"f61db8f\" data-element_type=\"container\">\n\t\t\t\t<div class=\"elementor-element elementor-element-0a469d3 elementor-widget elementor-widget-text-editor\" data-id=\"0a469d3\" data-element_type=\"widget\" data-widget_type=\"text-editor.default\">\n\t\t\t\t<div class=\"elementor-widget-container\">\n\t\t\t\t\t\t\t<h6>Tekniske egenskaper<\/h6><p><em>Det er en PLS-styrt enhet (stabilt industrielt niv\u00e5) og HMI-ber\u00f8ringsskjermbetjent enhet; Automatisk klemming og rotering for \u00e5 simulere produksjonslinjen.<\/em><\/p><ul><li>PLS-kontrollenhet og ber\u00f8ringsskjerm<\/li><li>B\u00e5de l\u00e5se- og \u00e5pningskraft kan m\u00e5les<\/li><li>Automatisk opprettholdelse av toppverdi<\/li><li>\u00d8vre og nedre dobbel pneumatisk klemme<\/li><li>Automatisk roterende<\/li><li>Mikroskriver for enkel dataregistrering<\/li><li>Visning av flere enheter: Kgf.cm \/ N.cm \/ daN.cm \/ Inch.lbs \/ N.m<\/li><li>Beskyttelse mot overbelastning, automatisk nullstillingsfunksjon<\/li><li>RS232-port og profesjonell dataprogramvare (valgfritt) <\/li><\/ul>\t\t\t\t\t\t<\/div>\n\t\t\t\t<\/div>\n\t\t\t\t<\/div>\n\t\t\t\t\t<\/div>\n\t\t\t\t<\/div>\n\t\t<div class=\"elementor-element elementor-element-fced617 e-flex e-con-boxed e-con e-parent\" data-id=\"fced617\" data-element_type=\"container\">\n\t\t\t\t\t<div class=\"e-con-inner\">\n\t\t<div class=\"elementor-element elementor-element-56b67fb e-con-full e-flex e-con e-parent\" data-id=\"56b67fb\" data-element_type=\"container\">\n\t\t\t\t<div class=\"elementor-element elementor-element-d8bb6ef elementor-widget elementor-widget-image\" data-id=\"d8bb6ef\" data-element_type=\"widget\" data-widget_type=\"image.default\">\n\t\t\t\t<div class=\"elementor-widget-container\">\n\t\t\t\t\t\t\t\t\t\t\t\t\t<img fetchpriority=\"high\" decoding=\"async\" width=\"750\" height=\"750\" src=\"https:\/\/www.qualitester.com\/wp-content\/uploads\/2023\/04\/Motorized-Cap-Torque-Tester-MCT-01.jpg\" class=\"attachment-large size-large wp-image-1757\" alt=\"\" srcset=\"https:\/\/www.qualitester.com\/wp-content\/uploads\/2023\/04\/Motorized-Cap-Torque-Tester-MCT-01.jpg 750w, https:\/\/www.qualitester.com\/wp-content\/uploads\/2023\/04\/Motorized-Cap-Torque-Tester-MCT-01-300x300.jpg 300w, https:\/\/www.qualitester.com\/wp-content\/uploads\/2023\/04\/Motorized-Cap-Torque-Tester-MCT-01-150x150.jpg 150w, https:\/\/www.qualitester.com\/wp-content\/uploads\/2023\/04\/Motorized-Cap-Torque-Tester-MCT-01-600x600.jpg 600w, https:\/\/www.qualitester.com\/wp-content\/uploads\/2023\/04\/Motorized-Cap-Torque-Tester-MCT-01-100x100.jpg 100w\" sizes=\"(max-width: 750px) 100vw, 750px\" \/>\t\t\t\t\t\t\t\t\t\t\t\t\t<\/div>\n\t\t\t\t<\/div>\n\t\t\t\t<\/div>\n\t\t<div class=\"elementor-element elementor-element-0e52714 e-con-full e-flex e-con e-parent\" data-id=\"0e52714\" data-element_type=\"container\">\n\t\t\t\t<div class=\"elementor-element elementor-element-8658b76 elementor-widget elementor-widget-text-editor\" data-id=\"8658b76\" data-element_type=\"widget\" data-widget_type=\"text-editor.default\">\n\t\t\t\t<div class=\"elementor-widget-container\">\n\t\t\t\t\t\t\t<h6><strong>Hovedparametere<\/strong><\/h6><p><em>Testomr\u00e5de 10 Nm (eller etter behov)<\/em><\/p><p><em>N\u00f8yaktighet 1% FS<\/em><\/p><p><em>Oppl\u00f8sning 0,001 Nm<\/em><\/p><p><em>Klemmeomr\u00e5de \u03a65mm~\u03c680mm for hette<\/em><br \/><em>\u00a0 \u00a0 \u00a0 \u00a0 \u00a0 \u00a0 \u00a0 \u00a0 \u00a0 \u00a0 \u00a0 \u00a0 \u00a0 \u00a0 \u00a0 \u00a0 \u00a0 \u00a0 \u00a0 \u00a0 \u00a0 \u00a0 \u00a0 \u00a0 \u00a0 \u00a0 \u00a0\u03a65mm~\u03c6170mm for flaske<\/em><\/p><p><em>Str\u00f8m AC 110~220V<\/em><\/p>\t\t\t\t\t\t<\/div>\n\t\t\t\t<\/div>\n\t\t\t\t<\/div>\n\t\t\t\t\t<\/div>\n\t\t\t\t<\/div>\n\t\t<div class=\"elementor-element elementor-element-8e80d26 e-flex e-con-boxed e-con e-parent\" data-id=\"8e80d26\" data-element_type=\"container\">\n\t\t\t\t\t<div class=\"e-con-inner\">\n\t\t\t\t<div class=\"elementor-element elementor-element-86fabb4 elementor-widget elementor-widget-wpforms\" data-id=\"86fabb4\" data-element_type=\"widget\" data-widget_type=\"wpforms.default\">\n\t\t\t\t<div class=\"elementor-widget-container\">\n\t\t\t<div class=\"wpforms-container\" id=\"wpforms-11\"><form id=\"wpforms-form-11\" class=\"wpforms-validate wpforms-form wpforms-ajax-form\" data-formid=\"11\" method=\"post\" enctype=\"multipart\/form-data\" action=\"\/nb\/wp-json\/wp\/v2\/product\/2292\" data-token=\"e79a37c8e1278f1434d715431c5ed954\" data-trp-original-action=\"\/nb\/wp-json\/wp\/v2\/product\/2292\"><noscript class=\"wpforms-error-noscript\">Vennligst aktiver JavaScript i nettleseren din for \u00e5 fylle ut dette skjemaet.<\/noscript><div class=\"wpforms-field-container\"><div id=\"wpforms-11-field_1-container\" class=\"wpforms-field wpforms-field-text\" data-field-id=\"1\"><label class=\"wpforms-field-label\" for=\"wpforms-11-field_1\">Navn <span class=\"wpforms-required-label\">*<\/span><\/label><input type=\"text\" id=\"wpforms-11-field_1\" class=\"wpforms-field-medium wpforms-field-required\" name=\"wpforms[fields][1]\" placeholder=\"Navn\" required><\/div><div id=\"wpforms-11-field_5-container\" class=\"wpforms-field wpforms-field-text\" data-field-id=\"5\"><label class=\"wpforms-field-label\" for=\"wpforms-11-field_5\">Selskap<\/label><input type=\"text\" id=\"wpforms-11-field_5\" class=\"wpforms-field-medium\" name=\"wpforms[fields][5]\" ><\/div><div id=\"wpforms-11-field_4-container\" class=\"wpforms-field wpforms-field-number\" data-field-id=\"4\"><label class=\"wpforms-field-label\" for=\"wpforms-11-field_4\">Telefon<\/label><input type=\"number\" pattern=\"\\d*\" id=\"wpforms-11-field_4\" class=\"wpforms-field-medium\" name=\"wpforms[fields][4]\" placeholder=\"Telefon\" ><\/div><div id=\"wpforms-11-field_3-container\" class=\"wpforms-field wpforms-field-email\" data-field-id=\"3\"><label class=\"wpforms-field-label\" for=\"wpforms-11-field_3\">E-post <span class=\"wpforms-required-label\">*<\/span><\/label><input type=\"email\" id=\"wpforms-11-field_3\" class=\"wpforms-field-medium wpforms-field-required\" name=\"wpforms[fields][3]\" placeholder=\"E-post\" spellcheck=\"false\" required><\/div><div id=\"wpforms-11-field_2-container\" class=\"wpforms-field wpforms-field-textarea\" data-field-id=\"2\"><label class=\"wpforms-field-label\" for=\"wpforms-11-field_2\">Melding<\/label><textarea id=\"wpforms-11-field_2\" class=\"wpforms-field-large\" name=\"wpforms[fields][2]\" ><\/textarea><\/div><\/div><!-- .wpforms-field-container --><input type=\"hidden\" name=\"wpforms[recaptcha]\" value=\"\"><div class=\"wpforms-submit-container\" ><input type=\"hidden\" name=\"wpforms[id]\" value=\"11\"><input type=\"hidden\" name=\"wpforms[author]\" value=\"3\"><button type=\"submit\" name=\"wpforms[submit]\" id=\"wpforms-submit-11\" class=\"wpforms-submit\" data-alt-text=\"Submitting\" data-submit-text=\"Submit\" aria-live=\"assertive\" value=\"wpforms-submit\">Send inn<\/button><img decoding=\"async\" src=\"https:\/\/www.qualitester.com\/wp-content\/plugins\/wpforms-lite\/assets\/images\/submit-spin.svg\" class=\"wpforms-submit-spinner\" style=\"display: none;\" width=\"26\" height=\"26\" alt=\"Lasting\"><\/div><input type=\"hidden\" name=\"trp-form-language\" value=\"nb\"\/><\/form><\/div>  <!-- .wpforms-container -->\t\t<\/div>\n\t\t\t\t<\/div>\n\t\t\t\t\t<\/div>\n\t\t\t\t<\/div>\n\t\t\t\t<\/div>","protected":false},"excerpt":{"rendered":"<p>Den elektriske momentm\u00e5leren kan m\u00e5le \u00e5pningskraften og l\u00e5sekraften til flaskehetten.<\/p>","protected":false},"featured_media":1757,"comment_status":"closed","ping_status":"closed","template":"","meta":{"site-sidebar-layout":"default","site-content-layout":"default","ast-global-header-display":"","ast-main-header-display":"","ast-hfb-above-header-display":"","ast-hfb-below-header-display":"","ast-hfb-mobile-header-display":"","site-post-title":"disabled","ast-breadcrumbs-content":"","ast-featured-img":"disabled","footer-sml-layout":"","theme-transparent-header-meta":"default","adv-header-id-meta":"","stick-header-meta":"","header-above-stick-meta":"","header-main-stick-meta":"","header-below-stick-meta":""},"product_cat":[845,674,687,672,17,99,124,125,128,95],"product_tag":[67,68,69,369,370,368,70],"class_list":{"0":"post-2292","1":"product","2":"type-product","3":"status-publish","4":"has-post-thumbnail","6":"product_cat-customization","7":"product_cat-test-items","8":"product_cat-torque-tester","9":"product_cat-applied-materials","10":"product_cat-package-container-testers","11":"product_cat-astm","12":"product_cat-astm-d2063","13":"product_cat-astm-d3198","14":"product_cat-astm-d3474","15":"product_cat-products","16":"product_tag-astm-d2063","17":"product_tag-astm-d3198","18":"product_tag-astm-d3474","19":"product_tag-bb-t0025","20":"product_tag-bb-t0034","21":"product_tag-gb-t17876","22":"product_tag-torque","23":"desktop-align-left","24":"tablet-align-left","25":"mobile-align-left","27":"first","28":"instock","29":"shipping-taxable","30":"product-type-simple"},"_links":{"self":[{"href":"https:\/\/www.qualitester.com\/nb\/wp-json\/wp\/v2\/product\/2292","targetHints":{"allow":["GET"]}}],"collection":[{"href":"https:\/\/www.qualitester.com\/nb\/wp-json\/wp\/v2\/product"}],"about":[{"href":"https:\/\/www.qualitester.com\/nb\/wp-json\/wp\/v2\/types\/product"}],"replies":[{"embeddable":true,"href":"https:\/\/www.qualitester.com\/nb\/wp-json\/wp\/v2\/comments?post=2292"}],"version-history":[{"count":0,"href":"https:\/\/www.qualitester.com\/nb\/wp-json\/wp\/v2\/product\/2292\/revisions"}],"wp:featuredmedia":[{"embeddable":true,"href":"https:\/\/www.qualitester.com\/nb\/wp-json\/wp\/v2\/media\/1757"}],"wp:attachment":[{"href":"https:\/\/www.qualitester.com\/nb\/wp-json\/wp\/v2\/media?parent=2292"}],"wp:term":[{"taxonomy":"product_cat","embeddable":true,"href":"https:\/\/www.qualitester.com\/nb\/wp-json\/wp\/v2\/product_cat?post=2292"},{"taxonomy":"product_tag","embeddable":true,"href":"https:\/\/www.qualitester.com\/nb\/wp-json\/wp\/v2\/product_tag?post=2292"}],"curies":[{"name":"wp","href":"https:\/\/api.w.org\/{rel}","templated":true}]}}