{"id":2268,"date":"2023-05-18T10:57:00","date_gmt":"2023-05-18T02:57:00","guid":{"rendered":"https:\/\/www.qualitester.com\/?post_type=product&#038;p=2268"},"modified":"2025-04-08T16:16:55","modified_gmt":"2025-04-08T08:16:55","slug":"lt-01-leak-tester","status":"publish","type":"product","link":"https:\/\/www.qualitester.com\/nb\/produkt-2\/lt-01-leak-tester\/","title":{"rendered":"LT-01 Lekkasjetester"},"content":{"rendered":"<h2 data-start=\"1173\" data-end=\"1228\"><strong data-start=\"1173\" data-end=\"1228\">Forst\u00e5 vakuumlekkasjetesteren for emballasje\u00a0<\/strong><\/h2>\n<p class=\"\" data-start=\"1230\" data-end=\"1607\">Den <strong data-start=\"1234\" data-end=\"1271\">vakuumlekkasjetester for emballasje <\/strong>er utviklet for \u00e5 oppdage lekkasjer i forseglede, fleksible pakninger ved \u00e5 observere luft eller gass som slipper ut n\u00e5r et vakuum p\u00e5f\u00f8res. Denne teknikken baserer seg p\u00e5 <strong data-start=\"1410\" data-end=\"1435\">differensialtrykk<\/strong>, hvor trykket inne i pakningen st\u00e5r i kontrast til vakuummilj\u00f8et i kammeret. Hvis det finnes en lekkasje, slipper luft eller produktdamp ut som en synlig str\u00f8m av bobler.<\/p>\n<p class=\"\" data-start=\"1609\" data-end=\"1973\">Cell Instruments\u2019 <strong data-start=\"1627\" data-end=\"1648\">LT-01 lekkasjetester<\/strong> tilbyr en p\u00e5litelig og \u00f8konomisk metode for \u00e5 utf\u00f8re denne prosedyren. Den bruker en <strong data-start=\"1728\" data-end=\"1744\">Venturir\u00f8r<\/strong> for \u00e5 skape et vakuum p\u00e5 opptil -90 kPa, noe som gir stabile og justerbare vakuumforhold uten behov for en elektrisk str\u00f8mkilde. Den gir ogs\u00e5 en <strong data-start=\"1897\" data-end=\"1929\">tilpassbart akrylkammer<\/strong> for \u00e5 passe til ulike pakningsst\u00f8rrelser og -former.<\/p>\n<div class=\"ast-oembed-container\" style=\"height: 100%;\"><iframe title=\"Cell INSTRUMENTS vakuumlekkasjetester i tre modeller\" width=\"500\" height=\"281\" src=\"https:\/\/www.youtube.com\/embed\/UcL0JjOEm04?feature=oembed\" frameborder=\"0\" allow=\"accelerometer; autoplay; clipboard-write; encrypted-media; gyroscope; picture-in-picture; web-share\" referrerpolicy=\"strict-origin-when-cross-origin\" allowfullscreen><\/iframe><\/div>\n<hr class=\"\" data-start=\"1975\" data-end=\"1978\" \/>\n<h2 data-start=\"1980\" data-end=\"2027\"><strong data-start=\"1980\" data-end=\"2027\">ASTM-metode for vakuumlekkasjetest og samsvar<\/strong><\/h2>\n<p class=\"\" data-start=\"2029\" data-end=\"2304\">For \u00e5 sikre konsistente og n\u00f8yaktige resultater b\u00f8r vakuumlekkasjetesteren v\u00e6re i samsvar med <strong data-start=\"2118\" data-end=\"2143\">ASTM vakuumlekkasjetest<\/strong> metoden som er beskrevet i <a href=\"https:\/\/www.qualitester.com\/nb\/standards\/astm-d3078\/\" target=\"_blank\" rel=\"noopener\"><strong data-start=\"2163\" data-end=\"2177\">ASTM D3078<\/strong><\/a>. Denne internasjonale standarden definerer hvordan lekkasjedeteksjon skal utf\u00f8res gjennom <strong data-start=\"2253\" data-end=\"2280\">testing av bobleutslipp<\/strong> for fleksibel emballasje.<\/p>\n<p class=\"\" data-start=\"2306\" data-end=\"2364\">If\u00f8lge <strong data-start=\"2319\" data-end=\"2333\">ASTM D3078<\/strong>, her er hvordan prosessen fungerer:<\/p>\n<ul data-start=\"2366\" data-end=\"2855\">\n<li class=\"\" data-start=\"2366\" data-end=\"2442\">\n<p class=\"\" data-start=\"2368\" data-end=\"2442\">Pakken senkes ned i vann inne i en <strong data-start=\"2411\" data-end=\"2441\">gjennomsiktig vakuumkammer<\/strong>.<\/p>\n<\/li>\n<li class=\"\" data-start=\"2443\" data-end=\"2547\">\n<p class=\"\" data-start=\"2445\" data-end=\"2547\">Et vakuum p\u00e5f\u00f8res, vanligvis med en \u00f8kning p\u00e5 1 tomme Hg\/sek. til m\u00e5lniv\u00e5et er n\u00e5dd.<\/p>\n<\/li>\n<li class=\"\" data-start=\"2548\" data-end=\"2630\">\n<p class=\"\" data-start=\"2550\" data-end=\"2630\">N\u00e5r trykket synker, <strong data-start=\"2573\" data-end=\"2629\">enhver lekkasje manifesterer seg som en kontinuerlig str\u00f8m av bobler<\/strong>.<\/p>\n<\/li>\n<li class=\"\" data-start=\"2631\" data-end=\"2755\">\n<p class=\"\" data-start=\"2633\" data-end=\"2755\">Vakuumet holdes i en spesifisert tid (vanligvis 30 sekunder), og deretter inspiseres pakken for inntrengning av testv\u00e6ske.<\/p>\n<\/li>\n<li class=\"\" data-start=\"2756\" data-end=\"2855\">\n<p class=\"\" data-start=\"2758\" data-end=\"2855\">Pakker som avgir bobler eller viser tegn p\u00e5 innvendig v\u00e6skeforurensning, anses som feil.<\/p>\n<\/li>\n<\/ul>\n<p class=\"\" data-start=\"2857\" data-end=\"3010\">Denne metoden er effektiv for \u00e5 identifisere hull, svake forseglinger eller feilaktige lukninger som kan f\u00f8re til at luft, fuktighet eller forurensninger kommer inn i pakken.<\/p>\n<hr class=\"\" data-start=\"3012\" data-end=\"3015\" \/>\n<h2 data-start=\"3017\" data-end=\"3061\"><strong data-start=\"3017\" data-end=\"3061\">Viktige funksjoner i LT-01 vakuumlekkasjetester<\/strong><\/h2>\n<p class=\"\" data-start=\"3063\" data-end=\"3232\">Den <strong data-start=\"3067\" data-end=\"3088\">LT-01 lekkasjetester<\/strong> fra Cell Instruments er utviklet for \u00e5 forenkle lekkasjedeteksjon og samtidig gi <strong data-start=\"3166\" data-end=\"3194\">presisjon og holdbarhet<\/strong>. Nedenfor er noen av hovedfunksjonene:<\/p>\n<ul data-start=\"3234\" data-end=\"3668\">\n<li class=\"\" data-start=\"3234\" data-end=\"3310\">\n<p class=\"\" data-start=\"3236\" data-end=\"3310\"><strong data-start=\"3236\" data-end=\"3252\">Manuell modell<\/strong>: Designet for enkel og rimelig testing.<\/p>\n<\/li>\n<li class=\"\" data-start=\"3311\" data-end=\"3374\">\n<p class=\"\" data-start=\"3313\" data-end=\"3374\"><strong data-start=\"3313\" data-end=\"3329\">Vakuumomr\u00e5de<\/strong>: 0 til -90 kPa, justerbar via luftregulator.<\/p>\n<\/li>\n<li class=\"\" data-start=\"3375\" data-end=\"3470\">\n<p class=\"\" data-start=\"3377\" data-end=\"3470\"><strong data-start=\"3377\" data-end=\"3410\">Venturi-basert vakuumskaping<\/strong>: Eliminerer behovet for str\u00f8m ved hjelp av trykkluft.<\/p>\n<\/li>\n<li class=\"\" data-start=\"3471\" data-end=\"3553\">\n<p class=\"\" data-start=\"3473\" data-end=\"3553\"><strong data-start=\"3473\" data-end=\"3503\">Sterkt gjennomsiktig kammer<\/strong>: Enkel visuell overv\u00e5king og holdbar konstruksjon.<\/p>\n<\/li>\n<li class=\"\" data-start=\"3554\" data-end=\"3668\">\n<p class=\"\" data-start=\"3556\" data-end=\"3668\"><strong data-start=\"3556\" data-end=\"3580\">Tilpassede kammerst\u00f8rrelser<\/strong>: Tilgjengelig i sylindrisk eller kubisk form for \u00e5 passe til et bredt spekter av pakningstyper.<\/p>\n<\/li>\n<\/ul>\n<p class=\"\" data-start=\"3670\" data-end=\"3829\">LT-01 kan dessuten oppgraderes med en <strong data-start=\"3713\" data-end=\"3728\">vakuumpumpe<\/strong> for \u00e5 oppfylle strengere testmetoder som <strong data-start=\"3770\" data-end=\"3784\">ASTM D4991<\/strong>, og utvider testkapasiteten ytterligere.<\/p>\n<hr class=\"\" data-start=\"4580\" data-end=\"4583\" \/>\n<h2 data-start=\"4585\" data-end=\"4637\"><strong data-start=\"4585\" data-end=\"4637\">Bruksomr\u00e5der for vakuumlekkasjetester for <\/strong><strong data-start=\"1173\" data-end=\"1228\">Beholdere<\/strong><\/h2>\n<p class=\"\" data-start=\"4639\" data-end=\"4730\">Den <strong data-start=\"4643\" data-end=\"4679\">vakuumlekkasjetester for c<\/strong><strong data-start=\"1173\" data-end=\"1228\">beholdere <\/strong>er mye brukt i ulike bransjer, som f.eks:<\/p>\n<ul data-start=\"4732\" data-end=\"5065\">\n<li class=\"\" data-start=\"4732\" data-end=\"4823\">\n<p class=\"\" data-start=\"4734\" data-end=\"4823\"><strong data-start=\"4734\" data-end=\"4753\">Mat og drikke<\/strong>: For \u00e5 kontrollere forseglingsintegriteten i poser, poser og fleksible filmer.<\/p>\n<\/li>\n<li class=\"\" data-start=\"4824\" data-end=\"4902\">\n<p class=\"\" data-start=\"4826\" data-end=\"4902\"><strong data-start=\"4826\" data-end=\"4845\">Legemidler<\/strong>: For \u00e5 sikre at sterile barrieresystemer forblir intakte.<\/p>\n<\/li>\n<li class=\"\" data-start=\"4903\" data-end=\"4983\">\n<p class=\"\" data-start=\"4905\" data-end=\"4983\"><strong data-start=\"4905\" data-end=\"4924\">Medisinsk utstyr<\/strong>: For \u00e5 oppdage lekkasjer i sterile omslag og komponentemballasje.<\/p>\n<\/li>\n<li class=\"\" data-start=\"4984\" data-end=\"5065\">\n<p class=\"\" data-start=\"4986\" data-end=\"5065\"><strong data-start=\"4986\" data-end=\"5013\">Elektronikk og kjemikalier<\/strong>: For \u00e5 opprettholde fukt- og dampsperreegenskaper.<\/p>\n<\/li>\n<\/ul>\n<p class=\"\" data-start=\"5067\" data-end=\"5190\">P\u00e5litelig lekkasjedeteksjon er avgj\u00f8rende for <strong data-start=\"5108\" data-end=\"5154\">forebygge produkttilbakekallinger og redusere avfall<\/strong>, og forbedre <strong data-start=\"5170\" data-end=\"5189\">forbrukersikkerhet<\/strong>.<\/p>\n<hr class=\"\" data-start=\"3831\" data-end=\"3834\" \/>\n<h2 data-start=\"3836\" data-end=\"3896\"><strong data-start=\"3836\" data-end=\"3896\">Hvorfor velge en vakuumlekkasjetester fra Cell Instruments<\/strong><\/h2>\n<p class=\"\" data-start=\"3898\" data-end=\"4002\">\u00c5 velge en <strong data-start=\"3909\" data-end=\"3934\">vakuumlekkasjetester<\/strong> fra Cell Instruments tilbyr fordeler utover standard samsvar:<\/p>\n<ul data-start=\"4004\" data-end=\"4429\">\n<li class=\"\" data-start=\"4004\" data-end=\"4093\">\n<p class=\"\" data-start=\"4006\" data-end=\"4093\"><strong data-start=\"4006\" data-end=\"4032\">Tilpassbare l\u00f8sninger<\/strong>: Skreddersydde kamre og oppsett for ulike emballasjeformater.<\/p>\n<\/li>\n<li class=\"\" data-start=\"4094\" data-end=\"4204\">\n<p class=\"\" data-start=\"4096\" data-end=\"4204\"><strong data-start=\"4096\" data-end=\"4130\">St\u00f8tte for flere standarder<\/strong>: I tillegg til <a href=\"https:\/\/www.astm.org\/d3078-02r21e01.html\" target=\"_blank\" rel=\"noopener nofollow\">ASTM D3078<\/a>, kan enhetene tilpasses for <a href=\"https:\/\/www.astm.org\/d4991-07r15.html\" target=\"_blank\" rel=\"noopener nofollow\">ASTM D4991<\/a> og mer.<\/p>\n<\/li>\n<li class=\"\" data-start=\"4205\" data-end=\"4330\">\n<p class=\"\" data-start=\"4207\" data-end=\"4330\"><strong data-start=\"4207\" data-end=\"4229\">Bransjeekspertise<\/strong>: Dokumentert erfaring innen <strong data-start=\"4252\" data-end=\"4329\">testing av medisinsk, n\u00e6ringsmiddel-, farmas\u00f8ytisk, lim- og elektronisk emballasje<\/strong>.<\/p>\n<\/li>\n<li class=\"\" data-start=\"4331\" data-end=\"4429\">\n<p class=\"\" data-start=\"4333\" data-end=\"4429\"><strong data-start=\"4333\" data-end=\"4360\">Ingen elektrisitet n\u00f8dvendig<\/strong>: Milj\u00f8bevisst og tryggere i ulike produksjonsmilj\u00f8er.<\/p>\n<\/li>\n<\/ul>\n<p class=\"\" data-start=\"4431\" data-end=\"4578\">Disse fordelene gj\u00f8r LT-01 til et utmerket valg for bedrifter som \u00f8nsker \u00e5 forbedre <strong data-start=\"4514\" data-end=\"4543\">kvalitetssikring av pakken<\/strong> og m\u00f8te <strong data-start=\"4553\" data-end=\"4577\">regulatoriske standarder<\/strong>.<\/p>","protected":false},"excerpt":{"rendered":"<p class=\"\" data-start=\"473\" data-end=\"983\">\u00c5 sikre emballasjens integritet er avgj\u00f8rende for \u00e5 opprettholde produktsikkerheten, forlenge holdbarheten og overholde internasjonale standarder. Et av de mest effektive og utbredte verkt\u00f8yene for dette form\u00e5let er <strong data-start=\"694\" data-end=\"730\">vakuumlekkasjetester for emballasje<\/strong>. Dette testinstrumentet brukes i bransjer som n\u00e6ringsmiddel-, medisin-, farmas\u00f8ytisk-, elektronikk- og kvalitetsinspeksjon, og evaluerer forseglingsstyrken og tettheten til fleksible pakker for \u00e5 oppdage eventuelle lekkasjer som kan g\u00e5 ut over produktkvaliteten.<\/p>\n<p class=\"\" data-start=\"985\" data-end=\"1166\">La oss se n\u00e6rmere p\u00e5 hvordan dette instrumentet fungerer, dets relevans for globale standarder som <strong data-start=\"1068\" data-end=\"1082\">ASTM D3078<\/strong>, og hvorfor Cell Instruments\u2019 LT-01-modell er en ideell l\u00f8sning for dine testbehov.<\/p>","protected":false},"featured_media":5980,"comment_status":"closed","ping_status":"closed","template":"","meta":{"site-sidebar-layout":"default","site-content-layout":"default","ast-global-header-display":"","ast-main-header-display":"","ast-hfb-above-header-display":"","ast-hfb-below-header-display":"","ast-hfb-mobile-header-display":"","site-post-title":"disabled","ast-breadcrumbs-content":"","ast-featured-img":"disabled","footer-sml-layout":"","theme-transparent-header-meta":"default","adv-header-id-meta":"","stick-header-meta":"","header-above-stick-meta":"","header-main-stick-meta":"","header-below-stick-meta":""},"product_cat":[845,675,17,149,16,105,135,95],"product_tag":[],"class_list":{"0":"post-2268","1":"product","2":"type-product","3":"status-publish","4":"has-post-thumbnail","6":"product_cat-customization","7":"product_cat-leak-tester","8":"product_cat-package-container-testers","9":"product_cat-pharma-and-medical-testers","10":"product_cat-plastic-packaging-testers","11":"product_cat-astm-d3078","12":"product_cat-astm-d4991","13":"product_cat-products","14":"desktop-align-left","15":"tablet-align-left","16":"mobile-align-left","18":"first","19":"instock","20":"shipping-taxable","21":"product-type-simple"},"_links":{"self":[{"href":"https:\/\/www.qualitester.com\/nb\/wp-json\/wp\/v2\/product\/2268","targetHints":{"allow":["GET"]}}],"collection":[{"href":"https:\/\/www.qualitester.com\/nb\/wp-json\/wp\/v2\/product"}],"about":[{"href":"https:\/\/www.qualitester.com\/nb\/wp-json\/wp\/v2\/types\/product"}],"replies":[{"embeddable":true,"href":"https:\/\/www.qualitester.com\/nb\/wp-json\/wp\/v2\/comments?post=2268"}],"version-history":[{"count":0,"href":"https:\/\/www.qualitester.com\/nb\/wp-json\/wp\/v2\/product\/2268\/revisions"}],"wp:featuredmedia":[{"embeddable":true,"href":"https:\/\/www.qualitester.com\/nb\/wp-json\/wp\/v2\/media\/5980"}],"wp:attachment":[{"href":"https:\/\/www.qualitester.com\/nb\/wp-json\/wp\/v2\/media?parent=2268"}],"wp:term":[{"taxonomy":"product_cat","embeddable":true,"href":"https:\/\/www.qualitester.com\/nb\/wp-json\/wp\/v2\/product_cat?post=2268"},{"taxonomy":"product_tag","embeddable":true,"href":"https:\/\/www.qualitester.com\/nb\/wp-json\/wp\/v2\/product_tag?post=2268"}],"curies":[{"name":"wp","href":"https:\/\/api.w.org\/{rel}","templated":true}]}}