{"id":1694,"date":"2023-04-25T16:20:00","date_gmt":"2023-04-25T08:20:00","guid":{"rendered":"https:\/\/www.qualitester.com\/?post_type=product&#038;p=1694"},"modified":"2024-12-02T15:38:46","modified_gmt":"2024-12-02T07:38:46","slug":"hot-tack-tester-htt-02","status":"publish","type":"product","link":"https:\/\/www.qualitester.com\/nb\/produkt-2\/hot-tack-tester-htt-02\/","title":{"rendered":"HTT-02 Hot Tack Tester"},"content":{"rendered":"<p>HTT-02 Hot Tack Tester er et spesialinstrument som er utviklet for \u00e5 m\u00e5le heftfastheten til varmeforseglede materialer. Den evaluerer varmeforseglingers evne til \u00e5 motst\u00e5 krefter som fors\u00f8ker \u00e5 skille dem fra hverandre mens de fortsatt er varme. Denne egenskapen er spesielt viktig i emballasjeapplikasjoner der varmeforseglede poser eller poser m\u00e5 opprettholde sin integritet under stress umiddelbart etter forsegling. Testeren er i samsvar med <a href=\"https:\/\/www.qualitester.com\/nb\/produktkategori\/astm\/astm-f1921\/\" target=\"_blank\" rel=\"noopener\"><strong>ASTM F1921<\/strong><\/a>, noe som sikrer konsistente og p\u00e5litelige resultater.<\/p>\n<h2><strong>Bruksomr\u00e5der for HTT-02 Hot Tack Tester<\/strong><\/h2>\n<p>Hot tack-testing er avgj\u00f8rende i bransjer som bruker varmeforseglinger til emballasje, som f.eks:<\/p>\n<ul>\n<li><strong>Matemballasje:<\/strong> Til bruksomr\u00e5der som snacksposer, fryseposer og kaffeposer, der forseglingen m\u00e5 t\u00e5le store krefter under pakking.<\/li>\n<li><strong>Farmas\u00f8ytisk emballasje:<\/strong> Sikrer integriteten til varmeforseglede poser som brukes til medisinsk utstyr, blisterpakninger og steril emballasje.<\/li>\n<li><strong>Emballasje for industri- og forbrukerprodukter:<\/strong> Testing av emballasjematerialer som lim, kjemikalier og kraftige poser.<\/li>\n<li><strong>Tekstiler og elektronikk:<\/strong> Validerer p\u00e5liteligheten til emballasjen for sensitive komponenter og produkter.<\/li>\n<\/ul>\n<p>Den <strong>HTT-02 Hot Tack Tester<\/strong> er perfekt for \u00e5 sikre ytelsen til varmeforseglet emballasje i <strong>vertikal form-fyll-tetning (VFFS)<\/strong> prosesser, der tetningene m\u00e5 t\u00e5le mekanisk belastning f\u00f8r de kj\u00f8les helt ned.<\/p>\n<h2><strong>Betydningen av Hot Tack-egenskaper i emballasje<\/strong><\/h2>\n<p>Hot tack er en avgj\u00f8rende faktor for \u00e5 sikre at varmeforseglingene forblir intakte umiddelbart etter forseglingen, selv i n\u00e6rv\u00e6r av ytre krefter. I vertikale form-fyll-forseglingssystemer er det ofte ingen avkj\u00f8lingstid mellom forseglingsprosessen og innsetting av produkter. Det <strong>Hot tack-styrke<\/strong> av en emballasje avgj\u00f8r om den t\u00e5ler vekten og trykket fra innholdet uten \u00e5 g\u00e5 i stykker eller \u00e5pne seg for tidlig. Dette er spesielt viktig ved emballering av tunge eller v\u00e6skefylte produkter, ettersom emballasjen m\u00e5 t\u00e5le deformasjon under behandling og frakt.<\/p>\n<h2><strong>Oversikt over ASTM F1921<\/strong><\/h2>\n<p><a href=\"https:\/\/www.astm.org\/f1921_f1921m-12r18.html\" target=\"_blank\" rel=\"noopener nofollow\"><strong>ASTM F1921<\/strong><\/a> er standard testmetode for m\u00e5ling av klebrighetsstyrken til termoplastiske materialer. Denne testen evaluerer varmeforseglingers evne til \u00e5 motst\u00e5 separasjon n\u00e5r de utsettes for mekaniske krefter umiddelbart etter forsegling. Standarden definerer to testmetoder:<\/p>\n<ul>\n<li><strong>Metode A:<\/strong> Inneb\u00e6rer m\u00e5ling av klebrighetsstyrken umiddelbart etter at varmeforseglingen er dannet.<\/li>\n<li><strong>Metode B:<\/strong> M\u00e5ler forseglingsstyrken etter at pr\u00f8ven har f\u00e5tt kj\u00f8le seg ned under kontrollerte forhold.<\/li>\n<\/ul>\n<p>Begge metodene gir viktige data for \u00e5 vurdere p\u00e5liteligheten og ytelsen til varmeforseglinger i et bredt spekter av emballasjematerialer.<\/p>\n<h2><strong>Hot Tack-testmetode<\/strong><\/h2>\n<p>Hot tack-testing inneb\u00e6rer at en pr\u00f8vestrip forsegles mellom to oppvarmede kjever, p\u00e5f\u00f8res trykk og utsettes for et kontrollert milj\u00f8. Prosessen inkluderer:<\/p>\n<ol>\n<li><strong>Klargj\u00f8ring av pr\u00f8ven:<\/strong> Pr\u00f8ven klargj\u00f8res og kondisjoneres i henhold til spesifikasjonene i ASTM F1921.<\/li>\n<li><strong>Testgjennomf\u00f8ring:<\/strong> Pr\u00f8ven forsegles mellom to oppvarmede kjever ved en innstilt temperatur og et innstilt trykk. Dwell-tiden (kontakttiden) kan justeres fra 0,1 til 9999 sekunder for b\u00e5de varmeforseglingstester og hot tack-tester.<\/li>\n<li><strong>M\u00e5ling:<\/strong> Under testen m\u00e5les klebekraften, som er styrken p\u00e5 forseglingen mens den fortsatt er varm. Testen kan gjentas med varierende temperaturer, trykk og oppholdstid for \u00e5 finne de optimale tetningsforholdene.<\/li>\n<\/ol>\n<h2><strong>Viktige testparametere:<\/strong><\/h2>\n<table>\n<tbody>\n<tr>\n<td style=\"text-align: center;\" width=\"123\">Forsegling Temp.<\/td>\n<td style=\"text-align: center;\" width=\"251\">Omgivelser ~ 250 \u2103<\/td>\n<\/tr>\n<tr>\n<td style=\"text-align: center;\" width=\"123\">Temperaturn\u00f8yaktighet<\/td>\n<td style=\"text-align: center;\" width=\"251\">\u00b10.2\u2103<\/td>\n<\/tr>\n<tr>\n<td style=\"text-align: center;\" width=\"123\">Oppholdstid<\/td>\n<td style=\"text-align: center;\" width=\"251\">0,1~9999s (varmeforsegling)<\/td>\n<\/tr>\n<tr>\n<td style=\"text-align: center;\" width=\"123\">Oppholdstid<\/td>\n<td style=\"text-align: center;\" width=\"251\">0,1~9999s (Hot Tack)<\/td>\n<\/tr>\n<tr>\n<td style=\"text-align: center;\" width=\"123\">Forseglingstrykk<\/td>\n<td style=\"text-align: center;\" width=\"251\">0,15 MPa ~ 0,7 MPa<\/td>\n<\/tr>\n<tr>\n<td style=\"text-align: center;\" width=\"123\">Forsegling av kjever<\/td>\n<td style=\"text-align: center;\" width=\"251\">50mmx10mm teflonbelagt<\/td>\n<\/tr>\n<tr>\n<td style=\"text-align: center;\" width=\"123\">Jaws Heating<\/td>\n<td style=\"text-align: center;\" width=\"251\">Dobbel oppvarming<\/td>\n<\/tr>\n<tr>\n<td style=\"text-align: center;\" width=\"123\">Lastcelle<\/td>\n<td style=\"text-align: center;\" width=\"251\">200N (valgfritt: 30N50N100N osv.)<\/td>\n<\/tr>\n<tr>\n<td style=\"text-align: center;\" width=\"123\">N\u00f8yaktighet<\/td>\n<td style=\"text-align: center;\" width=\"251\">0,5 F.S.<\/td>\n<\/tr>\n<tr>\n<td style=\"text-align: center;\" width=\"123\">Oppl\u00f8sning<\/td>\n<td style=\"text-align: center;\" width=\"251\">0.01N<\/td>\n<\/tr>\n<tr>\n<td style=\"text-align: center;\" width=\"123\">Str\u00f8m<\/td>\n<td style=\"text-align: center;\" width=\"251\">220 V, 50 HZ<\/td>\n<\/tr>\n<\/tbody>\n<\/table>\n<h2><strong>Tekniske egenskaper ved HTT-02 Hot Tack Tester<\/strong><\/h2>\n<ul>\n<li><strong>PLS-styrt:<\/strong> Gir stabilitet og presisjon p\u00e5 industrielt niv\u00e5 ved testing.<\/li>\n<li><strong>Brukervennlig HMI:<\/strong> Grensesnittet med 7-tommers ber\u00f8ringsskjerm gj\u00f8r det enkelt \u00e5 betjene og justere.<\/li>\n<li><strong>I samsvar med ASTM F1921:<\/strong> St\u00f8tter b\u00e5de <strong>Metode A<\/strong> og <strong>Metode B<\/strong> hot tack-testing, som sikrer at testene dine er i tr\u00e5d med bransjestandardene.<\/li>\n<li><strong>Avansert temperaturkontroll:<\/strong> P.I.D. (Proportional-Integral-Derivative) sikrer presis temperaturstyring for p\u00e5litelige og repeterbare resultater.<\/li>\n<li><strong>Slitesterk konstruksjon:<\/strong> De aluminiumsinnkapslede tetningskjevene er konstruert for langvarig holdbarhet og ytelse.<\/li>\n<li><strong>Sikkerhetsfunksjoner:<\/strong> Automatisk nullstilling, overbelastningsbeskyttelse og beskyttelse mot overbevegelse s\u00f8rger for sikker drift.<\/li>\n<li><strong>Datah\u00e5ndtering:<\/strong> RS232-port og valgfri programvare gir mulighet for avansert datainnsamling og analyse.<\/li>\n<\/ul>\n<h2><strong>Fordeler med \u00e5 bruke HTT-02 Hot Tack Tester<\/strong><\/h2>\n<ul>\n<li><strong>Optimalisert emballasjeytelse:<\/strong> Sikrer at varmeforseglingene t\u00e5ler mekanisk belastning umiddelbart etter forsegling, noe som reduserer produktfeil.<\/li>\n<li><strong>Oppfyller kravene i ASTM F1921:<\/strong> Gir p\u00e5litelige resultater som er helt i samsvar med ASTM F1921-standarden, noe som sikrer konsekvent testing p\u00e5 tvers av ulike bruksomr\u00e5der.<\/li>\n<li><strong>Allsidighet:<\/strong> Ideell for et bredt spekter av materialer og emballasjetyper, fra n\u00e6ringsmidler og legemidler til industri- og forbrukerprodukter.<\/li>\n<li><strong>Forbedret kvalitetskontroll:<\/strong> Hjelper produsenter med \u00e5 identifisere svake forseglinger og optimalisere emballasjeprosesser, noe som gir bedre produktbeskyttelse og mindre svinn.<\/li>\n<\/ul>\n<h2><strong>Tilpasnings- og automatiseringstjenester<\/strong><\/h2>\n<p>Hos Cell Instruments forst\u00e5r vi at alle testmilj\u00f8er er unike. Vi tilbyr skreddersydde l\u00f8sninger for spesifikke testbehov, og v\u00e5re automatiseringsmuligheter bidrar til \u00e5 forbedre testeffektiviteten for produksjonslinjer med store volumer. Enten du trenger unike veiecellekonfigurasjoner eller avansert automatiseringsintegrasjon, er vi opptatt av \u00e5 tilby skreddersydde l\u00f8sninger som oppfyller dine eksakte spesifikasjoner.<\/p>\n<p>HTT-02 Hot Tack Tester er et viktig verkt\u00f8y for \u00e5 sikre at varmeforseglet emballasje fungerer p\u00e5litelig under virkelige forhold. Enten det gjelder emballasje til n\u00e6ringsmidler, legemidler eller industriemballasje, gir denne testeren presis kontroll over testprosessen, noe som gj\u00f8r den til en uvurderlig ressurs for kvalitetssikring og produktintegritet.<\/p>\n<h3><strong>FAQ-delen<\/strong><\/h3>\n<ol>\n<li><strong>Hva brukes en hot tack-tester til?<\/strong><br \/>\nEn hot tack-tester m\u00e5ler styrken til varmeforseglingene umiddelbart etter forsegling, og sikrer at de t\u00e5ler p\u00e5kjenninger i pakkeprosessen.<\/li>\n<li><strong>Hvorfor er hot tack viktig i emballasje?<\/strong><br \/>\nHot tack s\u00f8rger for at varmeforseglingene forblir intakte under pakking, spesielt i vertikale formfyllings- og forseglingsprosesser med tungt innhold.<\/li>\n<li><strong>Hva er ASTM F1921, og hvorfor er den viktig?<\/strong><br \/>\nASTM F1921 er en standard som beskriver metoder for \u00e5 m\u00e5le klebrighetsstyrken til termoplastiske materialer, noe som er avgj\u00f8rende for \u00e5 opprettholde tetningens integritet.<\/li>\n<li><strong>Hvilke materialer kan testes med HTT-02 Hot Tack Tester?<\/strong><br \/>\nDen er egnet for testing av ulike termoplastiske filmer, laminater og varmeforseglbare emballasjematerialer.<\/li>\n<li><strong>Kan HTT-02 Hot Tack Tester tilpasses?<\/strong><br \/>\nJa, den tilbyr tilpassbare lastceller, testhastigheter og automatiseringsfunksjoner for \u00e5 oppfylle spesifikke testkrav.<\/li>\n<\/ol>","protected":false},"excerpt":{"rendered":"<p>HTT-02 Hot Tack Tester er et spesialinstrument som er utviklet for \u00e5 m\u00e5le heftfastheten til varmeforseglede materialer. Den evaluerer varmeforseglingers evne til \u00e5 motst\u00e5 krefter som fors\u00f8ker \u00e5 skille dem fra hverandre mens de fortsatt er varme. Denne egenskapen er spesielt viktig i emballasjeapplikasjoner der varmeforseglede poser eller poser m\u00e5 opprettholde sin integritet under stress umiddelbart etter forsegling. Testeren er i samsvar med <strong>ASTM F1921<\/strong>, noe som sikrer konsistente og p\u00e5litelige resultater.<\/p>","protected":false},"featured_media":5971,"comment_status":"closed","ping_status":"closed","template":"","meta":{"site-sidebar-layout":"default","site-content-layout":"default","ast-global-header-display":"","ast-main-header-display":"","ast-hfb-above-header-display":"","ast-hfb-below-header-display":"","ast-hfb-mobile-header-display":"","site-post-title":"disabled","ast-breadcrumbs-content":"","ast-featured-img":"disabled","footer-sml-layout":"","theme-transparent-header-meta":"default","adv-header-id-meta":"","stick-header-meta":"","header-above-stick-meta":"","header-main-stick-meta":"","header-below-stick-meta":""},"product_cat":[845,678,16,141,95],"product_tag":[],"class_list":{"0":"post-1694","1":"product","2":"type-product","3":"status-publish","4":"has-post-thumbnail","6":"product_cat-customization","7":"product_cat-hot-tack-tester","8":"product_cat-plastic-packaging-testers","9":"product_cat-astm-f1921","10":"product_cat-products","11":"desktop-align-left","12":"tablet-align-left","13":"mobile-align-left","15":"first","16":"instock","17":"shipping-taxable","18":"product-type-simple"},"_links":{"self":[{"href":"https:\/\/www.qualitester.com\/nb\/wp-json\/wp\/v2\/product\/1694","targetHints":{"allow":["GET"]}}],"collection":[{"href":"https:\/\/www.qualitester.com\/nb\/wp-json\/wp\/v2\/product"}],"about":[{"href":"https:\/\/www.qualitester.com\/nb\/wp-json\/wp\/v2\/types\/product"}],"replies":[{"embeddable":true,"href":"https:\/\/www.qualitester.com\/nb\/wp-json\/wp\/v2\/comments?post=1694"}],"version-history":[{"count":0,"href":"https:\/\/www.qualitester.com\/nb\/wp-json\/wp\/v2\/product\/1694\/revisions"}],"wp:featuredmedia":[{"embeddable":true,"href":"https:\/\/www.qualitester.com\/nb\/wp-json\/wp\/v2\/media\/5971"}],"wp:attachment":[{"href":"https:\/\/www.qualitester.com\/nb\/wp-json\/wp\/v2\/media?parent=1694"}],"wp:term":[{"taxonomy":"product_cat","embeddable":true,"href":"https:\/\/www.qualitester.com\/nb\/wp-json\/wp\/v2\/product_cat?post=1694"},{"taxonomy":"product_tag","embeddable":true,"href":"https:\/\/www.qualitester.com\/nb\/wp-json\/wp\/v2\/product_tag?post=1694"}],"curies":[{"name":"wp","href":"https:\/\/api.w.org\/{rel}","templated":true}]}}