{"id":1668,"date":"2023-04-25T15:00:29","date_gmt":"2023-04-25T07:00:29","guid":{"rendered":"https:\/\/www.qualitester.com\/?post_type=product&#038;p=1668"},"modified":"2024-11-27T16:53:03","modified_gmt":"2024-11-27T08:53:03","slug":"gradient-heat-seal-tester-ghs-01","status":"publish","type":"product","link":"https:\/\/www.qualitester.com\/nb\/produkt-2\/gradient-heat-seal-tester-ghs-01\/","title":{"rendered":"GHS-01 Gradient Heat Seal Tester"},"content":{"rendered":"<h2>Innledning<\/h2>\n<p>I emballasjeindustrien er det avgj\u00f8rende \u00e5 sikre at materialer som filmer, laminater og fleksible barrierer danner sterke og holdbare forseglinger for \u00e5 opprettholde integriteten og sikkerheten til det emballerte produktet. Enten du pakker mat, legemidler, medisinsk utstyr eller elektronikk, <strong>varmeforseglingsstyrke<\/strong> spiller en n\u00f8kkelrolle n\u00e5r det gjelder \u00e5 beskytte produktene dine mot forurensning, lekkasje og \u00f8deleggelse.<\/p>\n<p>Den <strong>Tester for varmeforseglingens styrke<\/strong> er et presisjonsinstrument som er utviklet for \u00e5 evaluere emballasjematerialers varmeforseglingsegenskaper og sikre at forseglingen er sterk, p\u00e5litelig og konsekvent. Testeren simulerer den virkelige varmeforseglingsprosessen, og justerer temperatur, trykk og forseglingstid for \u00e5 finne de ideelle forholdene for \u00e5 skape perfekte forseglinger.<\/p>\n<p>Den <strong>Gradient Heat Seal Test<\/strong> er en avansert metode som forbedrer testeffektiviteten ved \u00e5 bruke en kontrollert temperaturgradient over forseglingsomr\u00e5det, noe som gj\u00f8r det mulig \u00e5 utf\u00f8re flere tester ved ulike temperaturinnstillinger samtidig.<\/p>\n<h2>Viktige funksjoner i Heat Seal Strength Tester<\/h2>\n<h3>Kontrollerte testforhold for presisjonstetninger<\/h3>\n<p>Den <strong>Tester for varmeforseglingens styrke<\/strong> er utformet med fleksibilitet og n\u00f8yaktighet i tankene. De justerbare innstillingene for <strong>temperatur<\/strong>, <strong>trykk<\/strong>, og <strong>forseglingstid<\/strong> gj\u00f8r det mulig \u00e5 simulere ulike forseglingsforhold som brukes i emballasjeprosessen. Med disse innstillingene kan produsentene teste og optimalisere materialene sine for \u00e5 oppn\u00e5 de mest p\u00e5litelige og robuste forseglingene under reelle produksjonsforhold.<\/p>\n<h3>Temperaturgradient for optimal testing<\/h3>\n<p>En av de fremtredende egenskapene til denne testeren er <strong>Gradient Heat Seal Test<\/strong> funksjonalitet, som bruker en kontrollert <strong>temperaturgradient<\/strong> over hele tetningsomr\u00e5det. Denne funksjonen gj\u00f8r det mulig \u00e5 teste flere forseglingsforhold samtidig, noe som forbedrer testeffektiviteten og reduserer nedetiden mellom testene. Ved \u00e5 teste ved ulike temperaturer samtidig kan produsentene mer effektivt finne de beste forholdene for forsegling av ulike materialer og forbedre den generelle emballasjekvaliteten.<\/p>\n<p>I hovedsak er <strong>Gradient Heat Seal Test<\/strong> gj\u00f8r <strong>Tester for varmeforseglingens styrke<\/strong> a <strong>Flere stasjoner<\/strong> testutstyr som kan kj\u00f8re flere tester ved ulike temperaturer samtidig, noe som sparer tid og gj\u00f8r testprosessen mer effektiv.<\/p>\n<h2>ASTM F2029: Standard for testing av varmeforseglingers styrke<\/h2>\n<h3>Oversikt over ASTM F2029-16(2021)<\/h3>\n<p><strong><a href=\"https:\/\/www.astm.org\/f2029-16r21.html\" target=\"_blank\" rel=\"noopener nofollow\">ASTM F2029<\/a>-16(2021)<\/strong> er <strong>Standard praksis for fremstilling av varmeforseglinger i laboratorier<\/strong> for \u00e5 bestemme <strong>varmeforsegling av fleksible barrierematerialer<\/strong>. Denne standarden brukes til \u00e5 evaluere styrken til varmeforseglinger p\u00e5 ulike emballasjematerialer under laboratorieforhold.<\/p>\n<p>Den <a href=\"https:\/\/www.qualitester.com\/nb\/produktkategori\/astm\/astm-f2029\/\" target=\"_blank\" rel=\"noopener\"><strong>ASTM F2029<\/strong><\/a> Standarden inneholder prosedyrer og krav for \u00e5 lage p\u00e5litelige varmeforseglinger og m\u00e5le styrken p\u00e5 disse, noe som er avgj\u00f8rende for \u00e5 vurdere emballasjematerialenes integritet og kvalitet. Ved \u00e5 f\u00f8lge denne standarden sikrer man at produsentene produserer emballasje som oppfyller kravene til holdbarhet og forseglingsevne for produktsikkerhet.<\/p>\n<h3>Testmetoder i henhold til ASTM F2029<\/h3>\n<p>Den <strong>Tester for varmeforseglingens styrke<\/strong> f\u00f8lger prosedyrene som er beskrevet i ASTM F2029 for \u00e5 lage laboratoriebaserte varmeforseglinger og m\u00e5le styrken p\u00e5 dem. Slik fungerer prosessen:<\/p>\n<ol>\n<li><strong>Klargj\u00f8ring av pr\u00f8ver<\/strong>: En pr\u00f8ve av emballasjematerialet plasseres mellom to parallelle, oppvarmede forseglingsbakker.<\/li>\n<li><strong>Forseglingsprosessen<\/strong>: Testeren bruker varme-, trykk- og tidsinnstillinger for \u00e5 simulere de virkelige forseglingsforholdene. Den \u00f8vre kjeven beveger seg nedover og ut\u00f8ver trykk p\u00e5 materialet samtidig som det tilf\u00f8res varme.<\/li>\n<li><strong>Testtid<\/strong>: Forseglingstiden kan justeres fra 0,1 sekunder til flere timer, noe som gj\u00f8r det mulig \u00e5 teste i ulike tidsintervaller.<\/li>\n<li><strong>Evaluering av tetninger<\/strong>: N\u00e5r forseglingstiden er fullf\u00f8rt, l\u00f8ftes kjevene, og testen er avsluttet. Deretter analyseres forseglingen for styrke ved hjelp av metoder som luftlekkasjetest, fargestoffpenetrasjon, visuell inspeksjon eller mikroorganismepenetrasjon.<\/li>\n<\/ol>\n<p>Denne prosessen etterligner forholdene der varmeforseglingene skapes under emballasjeprosessen, og hjelper produsentene med \u00e5 avgj\u00f8re om emballasjematerialene deres vil t\u00e5le den p\u00e5kjenningen de utsettes for i virkelige omgivelser.<\/p>\n<h2>Tekniske egenskaper ved varmeforseglingstesteren (GHS-01 Gradient Heat Seal Tester)<\/h2>\n<ul>\n<li><strong>Tetningskjever og varmemekanisme<\/strong>: Over- og underkjevene er laget av aluminium av h\u00f8y kvalitet og har uavhengige varmesystemer som eliminerer varmetap, noe som sikrer jevn og jevn temperaturfordeling under testing.<\/li>\n<li><strong>PID-temperaturregulator<\/strong>: Den avanserte <strong>PID (proporsjonal, integrert, derivert)<\/strong> temperaturregulatoren s\u00f8rger for n\u00f8yaktig temperaturkontroll, noe som gir jevn og p\u00e5litelig oppvarming gjennom hele testprosessen.<\/li>\n<li><strong>Timer og n\u00e6rhetssensor<\/strong>: Kombinasjonen av et n\u00f8yaktig tidsur og en n\u00e6rhetssensor synkroniserer starten av forseglingsprosessen med kjevebevegelsen, slik at testen starter p\u00e5 riktig tidspunkt og varer n\u00f8yaktig den tiden som kreves.<\/li>\n<li><strong>Tilpasning av tetningstrykk og kjeve<\/strong>: Testeren p\u00e5f\u00f8rer et jevnt tetningstrykk mellom <strong>0,15-0,7 MPa<\/strong> og tilbyr tilpassbare tetningskjever (dimensjoner, former og m\u00f8nstre) for \u00e5 im\u00f8tekomme ulike testbehov og emballasjematerialer.<\/li>\n<li><strong>Sikkerhetsfunksjoner<\/strong>: Brukersikkerhet er en prioritet med funksjoner som et frontdeksel mot sk\u00e5lding og manuelle\/fotbrytere for \u00e5 beskytte operat\u00f8rene under testing.<\/li>\n<\/ul>\n<h2>Hovedparametere<\/h2>\n<table>\n<tbody>\n<tr>\n<td style=\"text-align: center;\" width=\"127\">Forsegling Temp.<\/td>\n<td style=\"text-align: center;\" width=\"196\">Omgivelser ~ 250 \u2103<\/td>\n<\/tr>\n<tr>\n<td style=\"text-align: center;\" width=\"127\">Temp. Gradient<\/td>\n<td style=\"text-align: center;\" width=\"196\">\u226420\u2103<\/td>\n<\/tr>\n<tr>\n<td style=\"text-align: center;\" width=\"127\">Avvik<\/td>\n<td style=\"text-align: center;\" width=\"196\">\u00b10.2\u2103<\/td>\n<\/tr>\n<tr>\n<td style=\"text-align: center;\" width=\"127\">Forseglingstid<\/td>\n<td style=\"text-align: center;\" width=\"196\">0,1S~9999S<\/td>\n<\/tr>\n<tr>\n<td style=\"text-align: center;\" width=\"127\">Forseglingstrykk<\/td>\n<td style=\"text-align: center;\" width=\"196\">0,15~0,7 MPa<\/td>\n<\/tr>\n<tr>\n<td style=\"text-align: center;\" width=\"127\">Tetningskjever (mm)<\/td>\n<td style=\"text-align: center;\" width=\"196\">U:40*10 5STK\/L:330 1STK<\/td>\n<\/tr>\n<tr>\n<td style=\"text-align: center;\" width=\"127\">Gassinngang<\/td>\n<td style=\"text-align: center;\" width=\"196\">0,7 MPa med \u04246 mm r\u00f8r<\/td>\n<\/tr>\n<tr>\n<td style=\"text-align: center;\" width=\"127\">Str\u00f8m<\/td>\n<td style=\"text-align: center;\" width=\"196\">AC 220V 50Hz<\/td>\n<\/tr>\n<\/tbody>\n<\/table>\n<h2>Testprosessen<\/h2>\n<ol>\n<li><strong>Eksempel p\u00e5 plassering<\/strong>: Plasser pr\u00f8vematerialet mellom de to parallelle, oppvarmede kjevene.<\/li>\n<li><strong>Oppvarming og tetting<\/strong>: Still inn temperatur, trykk og tid, og la deretter varmekjevene p\u00e5f\u00f8re pr\u00f8ven trykk og varme.<\/li>\n<li><strong>Gjennomf\u00f8ring og evaluering<\/strong>: Etter den forh\u00e5ndsinnstilte forseglingstiden \u00e5pnes kjevene, og forseglingsstyrken evalueres ved hjelp av en rekke metoder, for eksempel luftlekkasjetesting eller visuell inspeksjon.<\/li>\n<\/ol>\n<h2>Bruksomr\u00e5der og bransjer<\/h2>\n<p>Den <strong>Tester for varmeforseglingens styrke<\/strong> er avgj\u00f8rende for kvalitetssikring i flere bransjer:<\/p>\n<ul>\n<li><strong>Emballasjeindustrien<\/strong>: Sikrer integriteten til emballasjematerialer for mat, drikke og forbruksvarer.<\/li>\n<li><strong>Legemidler<\/strong>: Kontrollerer at forseglingen p\u00e5 legemiddelemballasjen oppfyller lovp\u00e5lagte standarder og opprettholder produktets sterilitet.<\/li>\n<li><strong>Medisinsk utstyr<\/strong>: Tester emballasjematerialer for styrke og beskyttelse av sensitivt medisinsk utstyr.<\/li>\n<li><strong>Elektronikk og annen industri<\/strong>: Vurderer emballasjematerialer for elektronikk og en rekke andre industrier som krever sterke og p\u00e5litelige forseglinger.<\/li>\n<\/ul>\n<p>Den <strong>Tester for varmeforseglingens styrke<\/strong> er et viktig verkt\u00f8y for produsenter som \u00f8nsker \u00e5 sikre kvaliteten, sikkerheten og holdbarheten til emballasjematerialene sine. Enten du skal forsegle matvarer, legemidler eller medisinsk utstyr, gir denne testeren presise og p\u00e5litelige resultater for optimal emballasjeytelse. Utstyrt med <strong>Gradient Heat Seal Test<\/strong> funksjonalitet og i samsvar med <strong>ASTM F2029<\/strong>, er det den perfekte l\u00f8sningen for \u00e5 oppn\u00e5 overlegen varmeforsegling hver gang.<\/p>\n<h2>Sp\u00f8rsm\u00e5l og svar-delen: Vanlige sp\u00f8rsm\u00e5l om varmeforseglingstestere<\/h2>\n<ol>\n<li><strong>Hvilke materialer kan testes med Heat Seal Strength Tester?<\/strong>\n<ul>\n<li>Testeren er ideell for testing av et bredt spekter av emballasjematerialer, inkludert filmer, laminater og fleksible barrierematerialer.<\/li>\n<\/ul>\n<\/li>\n<li><strong>Hvilken rolle spiller Gradient Heat Seal Test?<\/strong>\n<ul>\n<li>Den <strong>Gradient Heat Seal Test<\/strong> gj\u00f8r det mulig \u00e5 teste ved ulike temperaturinnstillinger samtidig, noe som \u00f8ker effektiviteten ved \u00e5 redusere testtiden og forbedre tetningens ytelse.<\/li>\n<\/ul>\n<\/li>\n<li><strong>Hvilke bransjer kan dra nytte av varmeforseglingstesting?<\/strong>\n<ul>\n<li>Bransjer som matemballasje, legemidler, medisinsk utstyr, elektronikk og forbruksvarer drar alle nytte av \u00e5 bruke Heat Seal Strength Tester.<\/li>\n<\/ul>\n<\/li>\n<li><strong>Hvordan sikrer Heat Seal Strength Tester n\u00f8yaktighet?<\/strong>\n<ul>\n<li>Med funksjoner som presis temperaturkontroll, justerbart forseglingstrykk og tilpassbare testinnstillinger sikrer testeren p\u00e5litelige og repeterbare resultater hver gang.<\/li>\n<\/ul>\n<\/li>\n<li><strong>Er Heat Seal Strength Tester i samsvar med ASTM-standardene?<\/strong>\n<ul>\n<li>Ja, testeren oppfyller <strong>ASTM F2029<\/strong>, noe som sikrer samsvar med bransjestandarder for testing av varmeforseglingens styrke og materialets holdbarhet.<\/li>\n<\/ul>\n<\/li>\n<\/ol>","protected":false},"excerpt":{"rendered":"<p>I emballasjeindustrien er det avgj\u00f8rende \u00e5 sikre at materialer som filmer, laminater og fleksible barrierer danner sterke og holdbare forseglinger for \u00e5 opprettholde integriteten og sikkerheten til det emballerte produktet. Enten du pakker mat, legemidler, medisinsk utstyr eller elektronikk, <strong>varmeforseglingsstyrke<\/strong> spiller en n\u00f8kkelrolle n\u00e5r det gjelder \u00e5 beskytte produktene dine mot forurensning, lekkasje og \u00f8deleggelse.<\/p>","protected":false},"featured_media":5911,"comment_status":"closed","ping_status":"closed","template":"","meta":{"site-sidebar-layout":"default","site-content-layout":"default","ast-global-header-display":"","ast-main-header-display":"","ast-hfb-above-header-display":"","ast-hfb-below-header-display":"","ast-hfb-mobile-header-display":"","site-post-title":"disabled","ast-breadcrumbs-content":"","ast-featured-img":"disabled","footer-sml-layout":"","theme-transparent-header-meta":"default","adv-header-id-meta":"","stick-header-meta":"","header-above-stick-meta":"","header-main-stick-meta":"","header-below-stick-meta":""},"product_cat":[845,677,149,16,142,95],"product_tag":[65,31,55],"class_list":{"0":"post-1668","1":"product","2":"type-product","3":"status-publish","4":"has-post-thumbnail","6":"product_cat-customization","7":"product_cat-heat-seal-tester","8":"product_cat-pharma-and-medical-testers","9":"product_cat-plastic-packaging-testers","10":"product_cat-astm-f2029","11":"product_cat-products","12":"product_tag-heat-seal","13":"product_tag-heat-sealing","14":"product_tag-heat-seals","15":"desktop-align-left","16":"tablet-align-left","17":"mobile-align-left","19":"first","20":"instock","21":"shipping-taxable","22":"product-type-simple"},"_links":{"self":[{"href":"https:\/\/www.qualitester.com\/nb\/wp-json\/wp\/v2\/product\/1668","targetHints":{"allow":["GET"]}}],"collection":[{"href":"https:\/\/www.qualitester.com\/nb\/wp-json\/wp\/v2\/product"}],"about":[{"href":"https:\/\/www.qualitester.com\/nb\/wp-json\/wp\/v2\/types\/product"}],"replies":[{"embeddable":true,"href":"https:\/\/www.qualitester.com\/nb\/wp-json\/wp\/v2\/comments?post=1668"}],"version-history":[{"count":0,"href":"https:\/\/www.qualitester.com\/nb\/wp-json\/wp\/v2\/product\/1668\/revisions"}],"wp:featuredmedia":[{"embeddable":true,"href":"https:\/\/www.qualitester.com\/nb\/wp-json\/wp\/v2\/media\/5911"}],"wp:attachment":[{"href":"https:\/\/www.qualitester.com\/nb\/wp-json\/wp\/v2\/media?parent=1668"}],"wp:term":[{"taxonomy":"product_cat","embeddable":true,"href":"https:\/\/www.qualitester.com\/nb\/wp-json\/wp\/v2\/product_cat?post=1668"},{"taxonomy":"product_tag","embeddable":true,"href":"https:\/\/www.qualitester.com\/nb\/wp-json\/wp\/v2\/product_tag?post=1668"}],"curies":[{"name":"wp","href":"https:\/\/api.w.org\/{rel}","templated":true}]}}