{"id":7751,"date":"2025-12-26T16:08:05","date_gmt":"2025-12-26T08:08:05","guid":{"rendered":"https:\/\/www.qualitester.com\/?page_id=7751"},"modified":"2025-12-26T16:08:05","modified_gmt":"2025-12-26T08:08:05","slug":"iso-9008","status":"publish","type":"page","link":"https:\/\/www.qualitester.com\/nb\/standards\/iso-9008\/","title":{"rendered":"ISO 9008"},"content":{"rendered":"<h1 style=\"text-align: center;\" data-start=\"399\" data-end=\"850\">ISO 9008<br \/>\n<small>Testmetode for vertikalitetsm\u00e5ling av glassflasker<\/small><\/h1>\n<p style=\"text-align: left;\" data-start=\"399\" data-end=\"850\"><strong data-start=\"399\" data-end=\"411\"><img decoding=\"async\" class=\"wp-image-7761 alignleft\" src=\"https:\/\/www.qualitester.com\/wp-content\/uploads\/2025\/12\/ISO-9008-300x300.webp\" alt=\"ISO 9008\" width=\"162\" height=\"162\" srcset=\"https:\/\/www.qualitester.com\/wp-content\/uploads\/2025\/12\/ISO-9008-300x300.webp 300w, https:\/\/www.qualitester.com\/wp-content\/uploads\/2025\/12\/ISO-9008-150x150.webp 150w, https:\/\/www.qualitester.com\/wp-content\/uploads\/2025\/12\/ISO-9008-768x768.webp 768w, https:\/\/www.qualitester.com\/wp-content\/uploads\/2025\/12\/ISO-9008-12x12.webp 12w, https:\/\/www.qualitester.com\/wp-content\/uploads\/2025\/12\/ISO-9008-600x600.webp 600w, https:\/\/www.qualitester.com\/wp-content\/uploads\/2025\/12\/ISO-9008-100x100.webp 100w, https:\/\/www.qualitester.com\/wp-content\/uploads\/2025\/12\/ISO-9008.webp 800w\" sizes=\"(max-width: 162px) 100vw, 162px\" \/>ISO 9008<\/strong> er en internasjonalt anerkjent standard for evaluering av vertikaliteten til glassflasker. Ved fylling, kapsling og etikettering i h\u00f8y hastighet kan selv sm\u00e5 avvik fra den vertikale aksen skape betydelige problemer, inkludert ustabilitet, feiljustering og stopp i linjen. ISO 9008 tar for seg disse risikoene ved \u00e5 definere en tydelig og reproduserbar testmetode for m\u00e5ling av avvik fra vertikalaksen under kontrollerte forhold.<\/p>\n<p data-start=\"852\" data-end=\"1101\">Denne artikkelen introduserer ISO 9008 fra et testmetodeperspektiv, og forklarer <strong data-start=\"931\" data-end=\"955\">hvorfor testen er viktig<\/strong>, <strong data-start=\"957\" data-end=\"986\">hvordan testen gjennomf\u00f8res<\/strong>, og <strong data-start=\"992\" data-end=\"1036\">hvilke s\u00f8knadsmaterialer som er involvert<\/strong>, samtidig som vi fremhever beste praksis for p\u00e5litelig kvalitetskontroll.<\/p>\n<hr \/>\n<h2 data-start=\"387\" data-end=\"854\">Tester for vinkelretthet p\u00e5 flaske og avvik fra vertikal akse<\/h2>\n<p data-start=\"1214\" data-end=\"1544\">Den <strong data-start=\"1218\" data-end=\"1259\">testmetode for vertikaliteten til glassflasker<\/strong> som er spesifisert i ISO 9008, fokuserer p\u00e5 det geometriske forholdet mellom flaskebunnen og finishen. I stedet for \u00e5 isolere en enkelt defekt, evaluerer metoden hele <strong data-start=\"1429\" data-end=\"1473\">kombinert effekt av flere deformasjoner<\/strong>, inkludert baseovalitet, kroppshelling, finishforskyvning og finishovalitet.<\/p>\n<p data-start=\"1546\" data-end=\"1971\">For \u00e5 oppn\u00e5 n\u00f8yaktige og repeterbare m\u00e5linger bruker laboratorier vanligvis en <strong data-start=\"1624\" data-end=\"1658\">vinkelretthetstester for flasker<\/strong> eller en <strong data-start=\"1664\" data-end=\"1698\">avvikstester for vertikal akse<\/strong>. Disse enhetene st\u00f8tter kontrollert rotasjon av flasken og presis avstandsm\u00e5ling p\u00e5 finishniv\u00e5. Ved \u00e5 standardisere b\u00e5de posisjonering og m\u00e5ling sikrer ISO 9008 at resultatene forblir sammenlignbare p\u00e5 tvers av ulike produksjonssteder og inspeksjonslaboratorier.<\/p>\n<hr \/>\n<h2 data-start=\"387\" data-end=\"854\">Form\u00e5let med og betydningen av ISO 9008-testing<\/h2>\n<p data-start=\"2027\" data-end=\"2215\">Hovedform\u00e5let med ISO 9008 er \u00e5 kvantifisere hvor mye en glassflaske avviker fra en ideell vertikal orientering n\u00e5r den plasseres p\u00e5 en flat, horisontal overflate. Denne informasjonen st\u00f8tter direkte:<\/p>\n<ul data-start=\"2217\" data-end=\"2429\">\n<li data-start=\"2217\" data-end=\"2269\">\n<p data-start=\"2219\" data-end=\"2269\"><strong data-start=\"2219\" data-end=\"2269\">Kvalitetskontroll under produksjon av glassflasker<\/strong><\/p>\n<\/li>\n<li data-start=\"2270\" data-end=\"2331\">\n<p data-start=\"2272\" data-end=\"2331\"><strong data-start=\"2272\" data-end=\"2331\">Verifisering av samsvar med kundens spesifikasjoner<\/strong><\/p>\n<\/li>\n<li data-start=\"2332\" data-end=\"2375\">\n<p data-start=\"2334\" data-end=\"2375\"><strong data-start=\"2334\" data-end=\"2375\">Reduksjon av forstyrrelser i fyllelinjen<\/strong><\/p>\n<\/li>\n<li data-start=\"2376\" data-end=\"2429\">\n<p data-start=\"2378\" data-end=\"2429\"><strong data-start=\"2378\" data-end=\"2429\">Forbedret konsistens mellom produksjonspartiene<\/strong><\/p>\n<\/li>\n<\/ul>\n<p data-start=\"2431\" data-end=\"2664\">ISO 9008 legger vekt p\u00e5 praktisk ytelse. Flasker som faller utenfor den spesifiserte vertikalitetstoleransen, skaper ofte problemer p\u00e5 raske fyllelinjer, spesielt i automatiserte milj\u00f8er der stabilitet og justering er avgj\u00f8rende.<\/p>\n<hr \/>\n<h2>Applikasjonsmaterialer som dekkes av ISO 9008<\/h2>\n<p data-start=\"3036\" data-end=\"3260\">ISO 9008 gjelder spesielt for <strong data-start=\"2916\" data-end=\"2933\">glassflasker<\/strong>, uavhengig av deres tiltenkte bruk. Flaskens vinkelretthetstest for disse beholderne tar hensyn til b\u00e5de <strong data-start=\"3041\" data-end=\"3072\">runde og ikke-runde design<\/strong>, forutsatt at flasken kan sentreres og roteres n\u00f8yaktig under m\u00e5lingen.<\/p>\n<p data-start=\"3036\" data-end=\"3260\">Fordi metoden evaluerer den totale vertikale ytelsen, er den fortsatt egnet for flasker med komplekse former eller dekorative overflater.<\/p>\n<hr \/>\n<h2 data-start=\"2857\" data-end=\"2989\">Pr\u00f8vetaking og testhensyn<\/h2>\n<p data-start=\"3316\" data-end=\"3525\">ISO 9008 overlater avgj\u00f8relser om pr\u00f8vetaking til de involverte partene, noe som gir fleksibilitet for rutinemessig inspeksjon eller tvistel\u00f8sning. Uansett utvalgsst\u00f8rrelse er det avgj\u00f8rende at forberedelsene er konsistente.<\/p>\n<p data-start=\"3527\" data-end=\"3573\">F\u00f8r testing b\u00f8r operat\u00f8rene bekrefte at:<\/p>\n<ul data-start=\"3575\" data-end=\"3729\">\n<li data-start=\"3575\" data-end=\"3617\">\n<p data-start=\"3577\" data-end=\"3617\">Flaskene hviler p\u00e5 en ren, jevn overflate<\/p>\n<\/li>\n<li data-start=\"3618\" data-end=\"3665\">\n<p data-start=\"3620\" data-end=\"3665\">Referansepunktet for m\u00e5lingen forblir fast<\/p>\n<\/li>\n<li data-start=\"3666\" data-end=\"3729\">\n<p data-start=\"3668\" data-end=\"3729\">Ingen ytre kraft forvrenger beholderen under posisjonering<\/p>\n<\/li>\n<\/ul>\n<p data-start=\"3731\" data-end=\"3840\">N\u00e5r det gjelder uttrykk for avvik fra vertikal akse og beregning, definerer ISO 9008 en enkel og transparent beregningsmetode. Den <strong data-start=\"4742\" data-end=\"4769\">avvik p\u00e5 vertikal akse<\/strong> likeverdige <strong data-start=\"4777\" data-end=\"4851\">halvparten av differansen mellom maksimal og minimal m\u00e5lt avstand<\/strong>.<\/p>\n<p data-start=\"4854\" data-end=\"5107\">Denne verdien representerer det horisontale avviket i flaskens midtlinje fra en ideell vertikal linje. Fordi beregningen omfatter hele rotasjonen, fanger den opp flaskens generelle vertikale oppf\u00f8rsel i stedet for en enkelt lokalisert defekt.<\/p>\n<hr \/>\n<h2 data-start=\"5114\" data-end=\"5150\">Testrapport og sporbarhet av data<\/h2>\n<p data-start=\"5152\" data-end=\"5260\">En ISO 9008-testrapport som er i samsvar med ISO 9008, st\u00f8tter sporbarhet og revisjonsberedskap. Typisk rapportinnhold inkluderer:<\/p>\n<ul data-start=\"5262\" data-end=\"5450\">\n<li data-start=\"5262\" data-end=\"5287\">\n<p data-start=\"5264\" data-end=\"5287\">Henvisning til ISO 9008<\/p>\n<\/li>\n<li data-start=\"5288\" data-end=\"5319\">\n<p data-start=\"5290\" data-end=\"5319\">Pr\u00f8vest\u00f8rrelse og flasketype<\/p>\n<\/li>\n<li data-start=\"5320\" data-end=\"5354\">\n<p data-start=\"5322\" data-end=\"5354\">Detaljer om produksjon eller parti<\/p>\n<\/li>\n<li data-start=\"5355\" data-end=\"5389\">\n<p data-start=\"5357\" data-end=\"5389\">Type testapparat som brukes<\/p>\n<\/li>\n<li data-start=\"5390\" data-end=\"5410\">\n<p data-start=\"5392\" data-end=\"5410\">M\u00e5lte resultater<\/p>\n<\/li>\n<li data-start=\"5411\" data-end=\"5450\">\n<p data-start=\"5413\" data-end=\"5450\">Testeridentifikasjon og testdato<\/p>\n<\/li>\n<\/ul>\n<p data-start=\"5452\" data-end=\"5552\">Tydelig dokumentasjon sikrer at vertikalitetsdata kan gjennomg\u00e5s, sammenlignes og verifiseres over tid.<\/p>\n<hr \/>\n<h2>Instrumentering for p\u00e5litelig ISO 9008-testing<\/h2>\n<p data-start=\"5609\" data-end=\"5800\">N\u00f8yaktigheten ved ISO 9008-testing avhenger i stor grad av stabil instrumentering. En godt utformet <strong data-start=\"5701\" data-end=\"5735\">vinkelretthetstester for flasker<\/strong> reduserer operat\u00f8rens innflytelse og forbedrer konsistensen i m\u00e5lingene.<\/p>\n<p data-start=\"5802\" data-end=\"6141\">Den <a href=\"https:\/\/www.qualitester.com\/nb\/produkt-2\/per-01-glass-bottle-verticality-testing-machine\/\"><strong data-start=\"5806\" data-end=\"5864\">Cell Instruments PER-01 Flaskens vinkelretthetstester<\/strong><\/a> st\u00f8tter ISO 9008-testing ved \u00e5 s\u00f8rge for stabil flaskeposisjonering, jevn rotasjon og presise avviksm\u00e5linger. Utformingen passer b\u00e5de til laboratorieanalyser og rutinemessig produksjonsinspeksjon, noe som hjelper produsenter med \u00e5 implementere ISO 9008 effektivt uten un\u00f8dvendig kompleksitet.<\/p>\n<h2 style=\"font-style: normal;\"><a href=\"https:\/\/www.qualitester.com\/nb\/produkt-2\/per-01-glass-bottle-verticality-testing-machine\/\"><img fetchpriority=\"high\" decoding=\"async\" class=\"aligncenter wp-image-7762\" src=\"https:\/\/www.qualitester.com\/wp-content\/uploads\/2025\/12\/ISO-9008-Glass-Bottles-Verticality-Test-Method-281x300.webp\" alt=\"ISO 9008 Testmetode for vertikalitetsm\u00e5ling av glassflasker\" width=\"251\" height=\"269\" srcset=\"https:\/\/www.qualitester.com\/wp-content\/uploads\/2025\/12\/ISO-9008-Glass-Bottles-Verticality-Test-Method-281x300.webp 281w, https:\/\/www.qualitester.com\/wp-content\/uploads\/2025\/12\/ISO-9008-Glass-Bottles-Verticality-Test-Method-11x12.webp 11w, https:\/\/www.qualitester.com\/wp-content\/uploads\/2025\/12\/ISO-9008-Glass-Bottles-Verticality-Test-Method.webp 375w\" sizes=\"(max-width: 251px) 100vw, 251px\" \/><\/a><\/h2>\n<hr \/>\n<h2>Konklusjon<\/h2>\n<p data-start=\"6195\" data-end=\"6467\">ISO 9008 gir en praktisk og standardisert tiln\u00e6rming til vurdering av glassflaskers vertikalitet. Ved \u00e5 ta hensyn til deformasjonseffekter i den virkelige verden og definere en repeterbar testprosess, hjelper standarden produsentene med \u00e5 opprettholde effektiviteten i fyllelinjen og emballasjens p\u00e5litelighet.<\/p>\n<p data-start=\"6469\" data-end=\"6712\" data-is-last-node=\"\" data-is-only-node=\"\">N\u00e5r den kombineres med passende instrumentering, som f.eks. <a href=\"https:\/\/www.celtec.cn\" rel=\"nofollow noopener\" target=\"_blank\">Cell Instruments<\/a> PER-01 blir ISO 9008 et verdifullt verkt\u00f8y for kvalitetskontroll for produsenter og brukere av glassflasker over hele verden, noe som bidrar til jevn ytelse p\u00e5 tvers av ulike bruksomr\u00e5der.<\/p>\n<hr \/>\n<h2 data-start=\"163\" data-end=\"185\">Vanlige sp\u00f8rsm\u00e5l om ISO 9008<\/h2>\n<p data-start=\"187\" data-end=\"471\"><strong data-start=\"187\" data-end=\"220\">1. Hva brukes ISO 9008 til?<\/strong><br data-start=\"220\" data-end=\"223\" \/>ISO 9008 er en internasjonal standard som definerer en testmetode for \u00e5 bestemme vertikaliteten til glassflasker. Den gir en konsekvent tiln\u00e6rming for \u00e5 m\u00e5le hvor mye en flaske avviker fra en ideell vertikal akse n\u00e5r den plasseres p\u00e5 en flat overflate.<\/p>\n<p data-start=\"473\" data-end=\"744\"><strong data-start=\"473\" data-end=\"524\">2. Gjelder ISO 9008 for alle typer flasker?<\/strong><br data-start=\"524\" data-end=\"527\" \/>ISO 9008 gjelder spesielt for <strong data-start=\"560\" data-end=\"577\">glassflasker<\/strong>, inkludert b\u00e5de runde og ikke-runde design. Standarden tillater ulike holde- og sentreringsmetoder, slik at flasker med varierende form kan testes n\u00f8yaktig.<\/p>\n<p data-start=\"746\" data-end=\"1028\"><strong data-start=\"746\" data-end=\"808\">3. Hvorfor er ISO 9008 viktig for fyllelinjens ytelse?<\/strong><br data-start=\"808\" data-end=\"811\" \/>ISO 9008 bidrar til \u00e5 identifisere avvik i vertikalaksen som kan for\u00e5rsake ustabilitet p\u00e5 h\u00f8yhastighetsfyllelinjer. Flasker som ikke oppfyller kravene til vertikaliteten, kan vippe, komme i feil posisjon i forhold til fylledyser eller f\u00f8re til problemer med kapsling.<\/p>\n<p data-start=\"1030\" data-end=\"1270\"><strong data-start=\"1030\" data-end=\"1089\">4. Hvilken n\u00f8yaktighet krever ISO 9008 for m\u00e5ling?<\/strong><br data-start=\"1089\" data-end=\"1092\" \/>Standarden krever at m\u00e5lesystemet registrerer avvik med en n\u00f8yaktighet p\u00e5 <strong data-start=\"1174\" data-end=\"1184\">0,1 mm<\/strong>. Denne presisjonen sikrer p\u00e5litelig sammenligning mellom produksjonspartier og leverand\u00f8rer.<\/p>\n<p data-start=\"1272\" data-end=\"1535\"><strong data-start=\"1272\" data-end=\"1345\">5. Er ISO 9008 egnet for kvalitetsrevisjoner og leverand\u00f8rverifisering?<\/strong><br data-start=\"1345\" data-end=\"1348\" \/>Ja. Fordi ISO 9008 er internasjonalt anerkjent, er testresultater som er generert i henhold til denne standarden, allment akseptert i forbindelse med revisjoner, leverand\u00f8rkvalifisering og kontraktfestede kvalitetsavtaler.<\/p>\n<p data-start=\"4454\" data-end=\"4651\">","protected":false},"excerpt":{"rendered":"<p>ISO 9008 Testmetode for vertikalitetsm\u00e5ling av glassflasker ISO 9008 er en internasjonalt anerkjent standard for evaluering av vertikaliteten til glassflasker. Ved fylling, kapsling og etikettering i h\u00f8y hastighet kan selv sm\u00e5 avvik fra den vertikale aksen skape betydelige problemer, inkludert ustabilitet, feiljustering og stopp i linjen. ISO 9008 tar for seg disse risikoene ved \u00e5 definere en klar ...<\/p>\n<p class=\"read-more\"> <a class=\"\" href=\"https:\/\/www.qualitester.com\/nb\/standards\/iso-9008\/\"> <span class=\"screen-reader-text\">ISO 9008<\/span> Les mer \"<\/a><\/p>","protected":false},"author":8,"featured_media":0,"parent":4948,"menu_order":0,"comment_status":"closed","ping_status":"closed","template":"","meta":{"site-sidebar-layout":"default","site-content-layout":"default","ast-global-header-display":"","ast-main-header-display":"","ast-hfb-above-header-display":"","ast-hfb-below-header-display":"","ast-hfb-mobile-header-display":"","site-post-title":"disabled","ast-breadcrumbs-content":"","ast-featured-img":"","footer-sml-layout":"","theme-transparent-header-meta":"default","adv-header-id-meta":"","stick-header-meta":"","header-above-stick-meta":"","header-main-stick-meta":"","header-below-stick-meta":"","footnotes":""},"class_list":["post-7751","page","type-page","status-publish","hentry"],"_links":{"self":[{"href":"https:\/\/www.qualitester.com\/nb\/wp-json\/wp\/v2\/pages\/7751","targetHints":{"allow":["GET"]}}],"collection":[{"href":"https:\/\/www.qualitester.com\/nb\/wp-json\/wp\/v2\/pages"}],"about":[{"href":"https:\/\/www.qualitester.com\/nb\/wp-json\/wp\/v2\/types\/page"}],"author":[{"embeddable":true,"href":"https:\/\/www.qualitester.com\/nb\/wp-json\/wp\/v2\/users\/8"}],"replies":[{"embeddable":true,"href":"https:\/\/www.qualitester.com\/nb\/wp-json\/wp\/v2\/comments?post=7751"}],"version-history":[{"count":0,"href":"https:\/\/www.qualitester.com\/nb\/wp-json\/wp\/v2\/pages\/7751\/revisions"}],"up":[{"embeddable":true,"href":"https:\/\/www.qualitester.com\/nb\/wp-json\/wp\/v2\/pages\/4948"}],"wp:attachment":[{"href":"https:\/\/www.qualitester.com\/nb\/wp-json\/wp\/v2\/media?parent=7751"}],"curies":[{"name":"wp","href":"https:\/\/api.w.org\/{rel}","templated":true}]}}