{"id":7645,"date":"2025-12-17T16:42:59","date_gmt":"2025-12-17T08:42:59","guid":{"rendered":"https:\/\/www.qualitester.com\/?page_id=7645"},"modified":"2025-12-17T16:57:52","modified_gmt":"2025-12-17T08:57:52","slug":"tear-tensile-strength-of-fabric-astm-d2261","status":"publish","type":"page","link":"https:\/\/www.qualitester.com\/nb\/applications\/tear-tensile-strength-of-fabric-astm-d2261\/","title":{"rendered":"Stoffets strekkfasthet"},"content":{"rendered":"<h1 style=\"text-align: center;\">Rivestyrke for stoff -ASTM D2261<\/h1>\n<p>&nbsp;<\/p>\n<p>Stoffets rivestyrke er en kritisk egenskap for \u00e5 evaluere holdbarheten og ytelsen til tekstiler som brukes i ulike bransjer, fra sikkerhetsutstyr til hverdagskl\u00e6r. ASTM D2261 er en standard testmetode for m\u00e5ling av stoffets rivestyrke ved hjelp av tungeprosedyren, som bidrar til \u00e5 sikre at materialene oppfyller de n\u00f8dvendige holdbarhetskravene. Denne artikkelen tar for seg detaljene i tungetestingen, hvorfor den er viktig, og hvordan ASTM D2261 standardiserer m\u00e5leprosessen.<\/p>\n<hr \/>\n<h2>ASTM D2261: Standard for m\u00e5ling av stoffets rivestyrke<\/h2>\n<p data-start=\"938\" data-end=\"1098\"><span style=\"font-size: 16px;\">ASTM D2261 er en anerkjent standard som inneholder en testmetode for bestemmelse av stoffets strekkstyrke. Testen inneb\u00e6rer bruk av en tungeprosedyre (single rip), der en stoffpr\u00f8ve skj\u00e6res til i en bestemt form og utsettes for en strekkpr\u00f8vemaskin som m\u00e5ler kraften som kreves for \u00e5 forplante en rift. Denne prosedyren er viktig for tekstilprodusenter og kvalitetskontrollteam for \u00e5 verifisere styrken og p\u00e5liteligheten til materialene deres.<\/span><\/p>\n<hr \/>\n<h2 data-start=\"1335\" data-end=\"1933\">Hva er tungens rivestyrke?<\/h2>\n<p data-start=\"1993\" data-end=\"2048\">Tunge rivestyrke refererer til kraften som kreves for \u00e5 fortsette rivingen i et stoff etter at det f\u00f8rste snittet er gjort. I ASTM D2261 kuttes stoffpr\u00f8ven slik at den danner en tobeinsform, og testen m\u00e5ler kraften som brukes for \u00e5 forplante riften p\u00e5 tvers av stoffet. Kraften m\u00e5les i form av en enkelt toppkraft eller gjennomsnittet av de fem h\u00f8yeste toppkreftene under riveprosessen.<\/p>\n<p data-start=\"1993\" data-end=\"2048\">Denne metoden gj\u00f8r det mulig for produsentene \u00e5 forst\u00e5 hvor godt et stoff vil fungere under p\u00e5kjenninger og hvor mye kraft det t\u00e5ler f\u00f8r det g\u00e5r i stykker, noe som er avgj\u00f8rende for tekstiler som brukes i sikkerhetskritiske bruksomr\u00e5der.<\/p>\n<hr \/>\n<h2 data-start=\"2465\" data-end=\"2606\">Stoffets rivestyrke: Betydningen av ASTM D2261<\/h2>\n<p data-start=\"2235\" data-end=\"2323\">Det er flere grunner til at det er viktig \u00e5 m\u00e5le stoffets rivestyrke:<\/p>\n<ul data-start=\"2324\" data-end=\"2920\">\n<li data-start=\"2324\" data-end=\"2566\">\n<p data-start=\"2326\" data-end=\"2566\">Holdbarhet: Tekstiler m\u00e5 t\u00e5le p\u00e5kjenninger og spenninger under den tiltenkte bruken. Enten det brukes i sikkerhetsutstyr, friluftsutstyr eller industrielle applikasjoner, sikrer stoffets rivestyrke at materialene ikke svikter for tidlig.<\/p>\n<\/li>\n<li data-start=\"2567\" data-end=\"2735\">\n<p data-start=\"2569\" data-end=\"2735\">Kvalitetskontroll: ASTM D2261 hjelper produsentene med \u00e5 opprettholde en jevn produktkvalitet ved \u00e5 tilby en objektiv, standardisert metode for \u00e5 m\u00e5le stoffets styrke.<\/p>\n<\/li>\n<li data-start=\"2736\" data-end=\"2920\">\n<p data-start=\"2738\" data-end=\"2920\">Valg av materiale: Ved \u00e5 vurdere rivestyrken kan produsentene velge passende tekstiler til spesifikke bruksomr\u00e5der, og dermed sikre at produktene oppfyller forventningene til ytelse.<\/p>\n<\/li>\n<\/ul>\n<hr \/>\n<h2 data-start=\"3395\" data-end=\"3530\">ASTM D2261-testprosedyren<\/h2>\n<p data-start=\"2959\" data-end=\"3065\">ASTM D2261-testmetoden f\u00f8lger en rekke trinn for \u00e5 bestemme tungens rivestyrke n\u00f8yaktig:<\/p>\n<ol data-start=\"3067\" data-end=\"4151\">\n<li data-start=\"3067\" data-end=\"3372\">\n<p data-start=\"3070\" data-end=\"3372\">Forberedelse av pr\u00f8ven: En rektangul\u00e6r stoffpr\u00f8ve kuttes i midten av en kort kant for \u00e5 skape en tobeinsform, ofte referert til som en \u201cbukseformet\u201d pr\u00f8ve. Denne pr\u00f8ven plasseres deretter i strekkpr\u00f8vemaskinen, med det ene benet i overkjeven og det andre i underkjeven.<\/p>\n<\/li>\n<li data-start=\"3374\" data-end=\"3612\">\n<p data-start=\"3377\" data-end=\"3612\">P\u00e5f\u00f8ring av kraft: Testmaskinen \u00f8ker kontinuerlig avstanden mellom kjevene og p\u00e5f\u00f8rer en kraft som forplanter riften p\u00e5 tvers av stoffet. Under denne prosessen registreres kraften av maskinens datainnsamlingssystem.<\/p>\n<\/li>\n<li data-start=\"3614\" data-end=\"3870\">\n<p data-start=\"3617\" data-end=\"3870\">Innsamling av data: Kraften som oppst\u00e5r n\u00e5r rivingen fortsetter, m\u00e5les og registreres enten som en enkelt toppkraft eller som gjennomsnittet av de fem h\u00f8yeste toppkreftene under testen. Disse dataene brukes til \u00e5 vurdere stoffets rivestyrke.<\/p>\n<\/li>\n<li data-start=\"3872\" data-end=\"4151\">\n<p data-start=\"3875\" data-end=\"4151\">Testforhold: Testingen utf\u00f8res vanligvis i et kontrollert milj\u00f8 (21 \u00b0C og 65% luftfuktighet), med mulighet for v\u00e5t- eller t\u00f8rrtesting avhengig av stoffets tiltenkte bruk. V\u00e5ttesting krever at pr\u00f8ven testes innen 2 minutter etter at den er tatt ut av vannbadet.<\/p>\n<\/li>\n<\/ol>\n<hr \/>\n<h2 data-start=\"3943\" data-end=\"4079\">Hvorfor er det viktig med rivestyrke?<\/h2>\n<p data-start=\"4197\" data-end=\"4274\">Det er flere grunner til at det er viktig \u00e5 teste stoffets rivestyrke:<\/p>\n<ol data-start=\"4275\" data-end=\"4897\">\n<li data-start=\"4275\" data-end=\"4520\">\n<p data-start=\"4278\" data-end=\"4520\">Sikre holdbarhet: Stoffene m\u00e5 v\u00e6re slitesterke nok til \u00e5 t\u00e5le p\u00e5kjenninger under normal bruk. Denne testen bidrar til \u00e5 sikre at stoffet ikke lett rives i stykker under strekk, noe som er viktig for for eksempel sikkerhetsutstyr og industrielle tekstiler.<\/p>\n<\/li>\n<li data-start=\"4521\" data-end=\"4698\">\n<p data-start=\"4524\" data-end=\"4698\">Opprettholder kvalitetsstandarder: Produsentene bruker denne testen for \u00e5 sikre at tekstilene deres oppfyller de n\u00f8dvendige holdbarhetsstandardene, noe som sikrer ensartethet p\u00e5 tvers av produksjonspartiene.<\/p>\n<\/li>\n<li data-start=\"4699\" data-end=\"4897\">\n<p data-start=\"4702\" data-end=\"4897\">Overholdelse av lover og regler: For bransjer som krever strenge kvalitetsstandarder, for eksempel bilindustrien eller helsevesenet, er det avgj\u00f8rende \u00e5 sikre stoffets rivestyrke for \u00e5 overholde sikkerhetsforskriftene.<\/p>\n<\/li>\n<\/ol>\n<hr \/>\n<h2>Cell Instruments: Din partner innen testing av rivestyrke<\/h2>\n<p data-start=\"90\" data-end=\"421\">Hos Cell Instruments tilbyr vi en rekke strekkpr\u00f8vemaskiner som er utformet for \u00e5 oppfylle kravene i ASTM D2261. V\u00e5re maskiner er utstyrt med avanserte datainnsamlingssystemer som sikrer n\u00f8yaktige og p\u00e5litelige m\u00e5linger av stoffets rivestyrke. Enten du tester vevde, strikkede eller behandlede tekstiler, gir strekktestmaskinene v\u00e5re den presisjonen og fleksibiliteten som trengs for effektiv kvalitetskontroll.<\/p>\n<figure id=\"attachment_7647\" aria-describedby=\"caption-attachment-7647\" style=\"width: 300px\" class=\"wp-caption aligncenter\"><a href=\"https:\/\/www.qualitester.com\/nb\/produkt-2\/sale-paper-vertical-tensile-tester\/\" target=\"_blank\" rel=\"noopener\"><img fetchpriority=\"high\" decoding=\"async\" class=\"size-medium wp-image-7647\" src=\"https:\/\/www.qualitester.com\/wp-content\/uploads\/2025\/12\/Tear-Tensile-Strength-of-Fabric-ASTM-D2261-300x300.webp\" alt=\"Rivestyrke for stoff -ASTM D2261\" width=\"300\" height=\"300\" srcset=\"https:\/\/www.qualitester.com\/wp-content\/uploads\/2025\/12\/Tear-Tensile-Strength-of-Fabric-ASTM-D2261-300x300.webp 300w, https:\/\/www.qualitester.com\/wp-content\/uploads\/2025\/12\/Tear-Tensile-Strength-of-Fabric-ASTM-D2261-150x150.webp 150w, https:\/\/www.qualitester.com\/wp-content\/uploads\/2025\/12\/Tear-Tensile-Strength-of-Fabric-ASTM-D2261-12x12.webp 12w, https:\/\/www.qualitester.com\/wp-content\/uploads\/2025\/12\/Tear-Tensile-Strength-of-Fabric-ASTM-D2261-100x100.webp 100w, https:\/\/www.qualitester.com\/wp-content\/uploads\/2025\/12\/Tear-Tensile-Strength-of-Fabric-ASTM-D2261.webp 600w\" sizes=\"(max-width: 300px) 100vw, 300px\" \/><\/a><figcaption id=\"caption-attachment-7647\" class=\"wp-caption-text\">Rivestyrke for stoff -ASTM D2261<\/figcaption><\/figure>\n<h2 data-start=\"5406\" data-end=\"5419\">Konklusjon<\/h2>\n<p data-start=\"5421\" data-end=\"5868\">ASTM D2261 er en viktig standard for evaluering av stoffets rivestyrke. Denne testen hjelper produsenter med \u00e5 sikre at tekstilene deres er slitesterke og egnet for de tiltenkte bruksomr\u00e5dene. Med riktig utstyr, som strekktestmaskiner fra Cell Instruments, kan du utf\u00f8re presise og effektive tester av stoffets rivestyrke og opprettholde h\u00f8ye kvalitetsstandarder i tekstilproduksjonsprosessene dine.<!--more--><\/p>\n<h3 data-start=\"91\" data-end=\"122\">VANLIGE SP\u00d8RSM\u00c5L<\/h3>\n<h4 data-start=\"91\" data-end=\"122\"><strong data-start=\"95\" data-end=\"122\">Spm. 1: Hva er ASTM D2261?<\/strong><\/h4>\n<p data-start=\"124\" data-end=\"520\"><strong data-start=\"124\" data-end=\"130\">A1<\/strong>: <strong data-start=\"132\" data-end=\"146\">ASTM D2261<\/strong> er standard testmetode for m\u00e5ling av <strong data-start=\"193\" data-end=\"228\">stoffets strekkfasthet<\/strong> ved hjelp av <strong data-start=\"239\" data-end=\"262\">tunge (enkelt rip)<\/strong> prosedyre. Den inneb\u00e6rer bruk av en <strong data-start=\"294\" data-end=\"330\">Strekkpr\u00f8vemaskin av CRE-typen<\/strong> for \u00e5 p\u00e5f\u00f8re en kontrollert kraft p\u00e5 en stoffpr\u00f8ve, og m\u00e5le kraften som kreves for \u00e5 forplante riften. Denne metoden er viktig for \u00e5 evaluere stoffets holdbarhet og ytelse under belastning.<\/p>\n<hr data-start=\"522\" data-end=\"525\" \/>\n<h4 data-start=\"527\" data-end=\"586\"><strong data-start=\"531\" data-end=\"586\">Spm. 2: Hva betyr begrepet \u201ctungens rivestyrke\u201d?<\/strong><\/h4>\n<p data-start=\"588\" data-end=\"940\"><strong data-start=\"588\" data-end=\"594\">A2<\/strong>: <strong data-start=\"596\" data-end=\"620\">Tungenes rivestyrke<\/strong> refererer til kraften som kreves for \u00e5 fortsette en rift i et stoff etter at det f\u00f8rste snittet er gjort. Stoffet skj\u00e6res i en tobeinsform, og det p\u00e5f\u00f8res kraft for \u00e5 forplante riften. Kraften som kreves for at riften skal fortsette, m\u00e5les og registreres, noe som gir en vurdering av stoffets motstand mot riving under belastning.<\/p>\n<hr data-start=\"942\" data-end=\"945\" \/>\n<h4 data-start=\"947\" data-end=\"1020\"><strong data-start=\"951\" data-end=\"1020\">Spm. 3: Hvorfor er det viktig \u00e5 teste stoffets rivestyrke?<\/strong><\/h4>\n<p data-start=\"1022\" data-end=\"1457\"><strong data-start=\"1022\" data-end=\"1028\">A3<\/strong>: Testing av <strong data-start=\"1042\" data-end=\"1077\">stoffets strekkfasthet<\/strong> er avgj\u00f8rende for \u00e5 vurdere hvor godt et stoff t\u00e5ler krefter som kan f\u00f8re til at det rives opp. Den er spesielt viktig for materialer som brukes i sikkerhetsutstyr, m\u00f8beltrekk og industrielle tekstiler. Denne testen sikrer at tekstilene oppfyller de n\u00f8dvendige holdbarhetskravene, noe som hjelper produsentene med \u00e5 velge de riktige materialene til spesifikke bruksomr\u00e5der og s\u00f8rger for at produktene er p\u00e5litelige og sikre.<\/p>\n<hr data-start=\"1459\" data-end=\"1462\" \/>\n<h4 data-start=\"1464\" data-end=\"1522\"><strong data-start=\"1468\" data-end=\"1522\">Spm. 4: Hvilket utstyr brukes til ASTM D2261-testing?<\/strong><\/h4>\n<p data-start=\"1524\" data-end=\"1919\"><strong data-start=\"1524\" data-end=\"1530\">A4<\/strong>: Testmetoden <strong data-start=\"1548\" data-end=\"1562\">ASTM D2261<\/strong> krever en <strong data-start=\"1574\" data-end=\"1610\">Strekkpr\u00f8vemaskin av CRE-typen<\/strong>. Denne maskinen p\u00e5f\u00f8rer en konstant forlengelseshastighet p\u00e5 stoffpr\u00f8ven, noe som gj\u00f8r det mulig \u00e5 m\u00e5le n\u00f8yaktig hvor stor kraft som kreves for \u00e5 forplante en rift. Datainnsamlingssystemer som f.eks. <strong data-start=\"1794\" data-end=\"1825\">autografiske kartopptakere<\/strong> eller <strong data-start=\"1829\" data-end=\"1861\">mikroprosessorbaserte systemer<\/strong> brukes til \u00e5 registrere og analysere kraften under testen.<\/p>\n<hr data-start=\"1921\" data-end=\"1924\" \/>\n<h4 data-start=\"1926\" data-end=\"1999\"><strong data-start=\"1930\" data-end=\"1999\">Spm. 5: Hva er fordelene med \u00e5 bruke ASTM D2261 til stofftesting?<\/strong><\/h4>\n<p data-start=\"2001\" data-end=\"2458\"><strong data-start=\"2001\" data-end=\"2007\">A5<\/strong>: <strong data-start=\"2009\" data-end=\"2023\">ASTM D2261<\/strong> gir en standardisert og p\u00e5litelig metode for \u00e5 teste <strong data-start=\"2081\" data-end=\"2116\">stoffets strekkfasthet<\/strong>. Den sikrer at tekstilprodusentene kan vurdere holdbarheten til produktene sine under kontrollerte forhold, noe som bidrar til \u00e5 opprettholde jevn kvalitet og oppfylle bransjestandarder. Testen er spesielt verdifull for \u00e5 evaluere ytelsen til tekstiler som brukes i sikkerhetskritiske bruksomr\u00e5der, og sikrer at de t\u00e5ler p\u00e5kjenninger i den virkelige verden.<\/p>\n<hr data-start=\"2460\" data-end=\"2463\" \/>\n<h4 data-start=\"2465\" data-end=\"2540\"><strong data-start=\"2469\" data-end=\"2540\">Q6: Hvordan st\u00f8tter Cell Instruments testing av stoffets rivestyrke?<\/strong><\/h4>\n<p data-start=\"2542\" data-end=\"2962\"><strong data-start=\"2542\" data-end=\"2548\">A6<\/strong>: <strong data-start=\"2550\" data-end=\"2570\">Cell Instruments<\/strong> tilbyr avanserte <strong data-start=\"2587\" data-end=\"2615\">strekkpr\u00f8vemaskiner<\/strong> utformet for \u00e5 oppfylle kravene til <strong data-start=\"2653\" data-end=\"2667\">ASTM D2261<\/strong>. V\u00e5r <strong data-start=\"2673\" data-end=\"2702\">Testmaskiner av CRE-typen<\/strong> gir presise og p\u00e5litelige m\u00e5linger av <strong data-start=\"2748\" data-end=\"2772\">t\u00e5refasthet i tungen<\/strong> og <strong data-start=\"2777\" data-end=\"2801\">stoffets rivestyrke<\/strong>. Med utstyret v\u00e5rt kan produsentene sikre at tekstilene deres oppfyller de n\u00f8dvendige ytelsesstandardene for holdbarhet, kvalitetskontroll og overholdelse av forskrifter.<\/p>","protected":false},"excerpt":{"rendered":"<p>Tear Tensile Strength of Fabric-ASTM D2261 &nbsp; The tear tensile strength of fabric is a critical property for evaluating the durability and performance of textiles used in various industries, from safety gear to everyday clothing. ASTM D2261 provides the standard test method for measuring fabric tear strength using the tongue procedure, which helps ensure that &hellip;<\/p>\n<p class=\"read-more\"> <a class=\"\" href=\"https:\/\/www.qualitester.com\/nb\/applications\/tear-tensile-strength-of-fabric-astm-d2261\/\"> <span class=\"screen-reader-text\">Stoffets strekkfasthet<\/span> Les mer \"<\/a><\/p>","protected":false},"author":7,"featured_media":0,"parent":6794,"menu_order":0,"comment_status":"closed","ping_status":"closed","template":"","meta":{"site-sidebar-layout":"default","site-content-layout":"default","ast-global-header-display":"","ast-main-header-display":"","ast-hfb-above-header-display":"","ast-hfb-below-header-display":"","ast-hfb-mobile-header-display":"","site-post-title":"disabled","ast-breadcrumbs-content":"","ast-featured-img":"","footer-sml-layout":"","theme-transparent-header-meta":"default","adv-header-id-meta":"","stick-header-meta":"","header-above-stick-meta":"","header-main-stick-meta":"","header-below-stick-meta":"","footnotes":""},"class_list":["post-7645","page","type-page","status-publish","hentry"],"_links":{"self":[{"href":"https:\/\/www.qualitester.com\/nb\/wp-json\/wp\/v2\/pages\/7645","targetHints":{"allow":["GET"]}}],"collection":[{"href":"https:\/\/www.qualitester.com\/nb\/wp-json\/wp\/v2\/pages"}],"about":[{"href":"https:\/\/www.qualitester.com\/nb\/wp-json\/wp\/v2\/types\/page"}],"author":[{"embeddable":true,"href":"https:\/\/www.qualitester.com\/nb\/wp-json\/wp\/v2\/users\/7"}],"replies":[{"embeddable":true,"href":"https:\/\/www.qualitester.com\/nb\/wp-json\/wp\/v2\/comments?post=7645"}],"version-history":[{"count":0,"href":"https:\/\/www.qualitester.com\/nb\/wp-json\/wp\/v2\/pages\/7645\/revisions"}],"up":[{"embeddable":true,"href":"https:\/\/www.qualitester.com\/nb\/wp-json\/wp\/v2\/pages\/6794"}],"wp:attachment":[{"href":"https:\/\/www.qualitester.com\/nb\/wp-json\/wp\/v2\/media?parent=7645"}],"curies":[{"name":"wp","href":"https:\/\/api.w.org\/{rel}","templated":true}]}}