{"id":7625,"date":"2025-12-17T13:54:09","date_gmt":"2025-12-17T05:54:09","guid":{"rendered":"https:\/\/www.qualitester.com\/?page_id=7625"},"modified":"2025-12-17T13:54:17","modified_gmt":"2025-12-17T05:54:17","slug":"astm-d2261","status":"publish","type":"page","link":"https:\/\/www.qualitester.com\/nb\/standards\/astm-d2261\/","title":{"rendered":"ASTM D2261"},"content":{"rendered":"<h1 style=\"text-align: center;\" data-start=\"553\" data-end=\"1074\">ASTM D2261<br \/>\nTest av rivestyrke for tekstilstoffer med tunge<\/h1>\n<p class=\"\" data-start=\"1422\" data-end=\"1601\"><strong data-start=\"422\" data-end=\"436\">ASTM D2261<\/strong> er en standard testmetode som brukes til \u00e5 m\u00e5le <strong data-start=\"483\" data-end=\"510\">stoffets rivestyrke<\/strong> av tekstiler av <strong data-start=\"530\" data-end=\"550\">tungeprosedyre<\/strong> (ogs\u00e5 kjent som single-rip-metoden). Denne testen er avgj\u00f8rende for \u00e5 evaluere rivestyrken til tekstiler, og gir produsenter og kvalitetskontrollteam viktige data for \u00e5 sikre holdbarheten og ytelsen til materialer som brukes i ulike bruksomr\u00e5der, inkludert sikkerhetsprodukter, m\u00f8beltrekk med mer.<\/p>\n<hr class=\"\" data-start=\"1603\" data-end=\"1606\" \/>\n<h2 data-start=\"1608\" data-end=\"1666\">Stoffets rivestyrke: Tungeavrivningsmetoden<\/h2>\n<p class=\"\" data-start=\"1668\" data-end=\"1815\">Den <strong data-start=\"921\" data-end=\"948\">stoffets rivestyrke<\/strong> refererer til et materiales evne til \u00e5 motst\u00e5 riving n\u00e5r det utsettes for p\u00e5kjenninger. <strong data-start=\"1024\" data-end=\"1038\">ASTM D2261<\/strong> definerer en standardisert metode for \u00e5 m\u00e5le denne styrken ved hjelp av <strong data-start=\"1109\" data-end=\"1132\">tunge (enkelt rip)<\/strong> fremgangsm\u00e5te. I denne testen skj\u00e6res en stoffpr\u00f8ve til i en tobeinsform og monteres i en <strong data-start=\"1221\" data-end=\"1257\">Strekkpr\u00f8vemaskin av CRE-typen<\/strong>, hvor kraft p\u00e5f\u00f8res for \u00e5 forplante en rift. Kraften som kreves for \u00e5 fortsette rivingen, registreres kontinuerlig, noe som gir verdifull innsikt i stoffets motstand mot skader under spenning.<\/p>\n<h3 data-start=\"2150\" data-end=\"2194\">Hva er tungens rivestyrke?<\/h3>\n<p class=\"\" data-start=\"2196\" data-end=\"2468\"><strong data-start=\"1486\" data-end=\"1510\">Tungenes rivestyrke<\/strong> m\u00e5ler spesifikt den kraften som trengs for \u00e5 forplante en rift p\u00e5 tvers av en stoffpr\u00f8ve. Tungemetoden inneb\u00e6rer at man lager et f\u00f8rste kutt i stoffet, og deretter p\u00e5f\u00f8rer spenning for \u00e5 fortsette rivingen p\u00e5 en kontrollert m\u00e5te. Resultatet av denne testen bidrar til \u00e5 vurdere stoffets holdbarhet, og er spesielt viktig for produkter der rivestyrke er avgj\u00f8rende.<\/p>\n<hr class=\"\" data-start=\"3987\" data-end=\"3990\" \/>\n<h2 data-start=\"1875\" data-end=\"1910\">ASTM D2261-testprosedyren<\/h2>\n<p data-start=\"1912\" data-end=\"2061\">Den <strong data-start=\"1916\" data-end=\"1930\">ASTM D2261<\/strong> test f\u00f8lger en spesifikk prosedyre for \u00e5 m\u00e5le <strong data-start=\"1980\" data-end=\"2007\">tungens rivestyrke<\/strong> av stoffpr\u00f8ver. Her er de viktigste trinnene:<\/p>\n<ol data-start=\"2063\" data-end=\"3049\">\n<li data-start=\"2063\" data-end=\"2287\">\n<p data-start=\"2066\" data-end=\"2287\"><strong data-start=\"2066\" data-end=\"2090\">Klargj\u00f8ring av pr\u00f8ven<\/strong>: En rektangul\u00e6r stoffpr\u00f8ve kuttes i midten av den ene korte kanten for \u00e5 danne en pr\u00f8ve med to ben. Det ene benet holdes av den \u00f8vre kjeven, og det andre benet av den nedre kjeven p\u00e5 strekkpr\u00f8vemaskinen.<\/p>\n<\/li>\n<li data-start=\"2289\" data-end=\"2485\">\n<p data-start=\"2292\" data-end=\"2485\"><strong data-start=\"2292\" data-end=\"2313\">Kraftanvendelse<\/strong>: N\u00e5r maskinen trekker kjevene fra hverandre, p\u00e5f\u00f8res en kraft som forplanter riften p\u00e5 tvers av stoffet. Kraften registreres kontinuerlig av maskinens datainnsamlingssystem.<\/p>\n<\/li>\n<li data-start=\"2487\" data-end=\"2754\">\n<p data-start=\"2490\" data-end=\"2754\"><strong data-start=\"2490\" data-end=\"2508\">Registrering av data<\/strong>: Maskinen registrerer kraften som stoffet rives opp med, enten som en <strong data-start=\"2579\" data-end=\"2600\">enkelt-topp kraft<\/strong> eller <strong data-start=\"2608\" data-end=\"2647\">gjennomsnittet av de fem h\u00f8yeste toppkreftene<\/strong> under riveprosessen. Disse m\u00e5lingene gir en n\u00f8yaktig forst\u00e5else av stoffets styrke.<\/p>\n<\/li>\n<li data-start=\"2756\" data-end=\"3049\">\n<p data-start=\"2759\" data-end=\"3049\"><strong data-start=\"2759\" data-end=\"2778\">Testbetingelser<\/strong>: Testen utf\u00f8res i et kontrollert milj\u00f8 (vanligvis ved 21 \u00b0C og 65% luftfuktighet), og pr\u00f8ven kan testes enten v\u00e5t eller t\u00f8rr. Ved v\u00e5ttesting b\u00f8r pr\u00f8ven testes innen 2 minutter etter at den er tatt opp av vannet for \u00e5 sikre n\u00f8yaktige resultater.<\/p>\n<\/li>\n<\/ol>\n<hr class=\"\" data-start=\"4624\" data-end=\"4627\" \/>\n<h2 data-start=\"3051\" data-end=\"3082\">Hvorfor er ASTM D2261 viktig?<\/h2>\n<p data-start=\"3084\" data-end=\"3159\"><strong data-start=\"3084\" data-end=\"3098\">ASTM D2261<\/strong> spiller en avgj\u00f8rende rolle i stofftesting av flere grunner:<\/p>\n<ol data-start=\"3161\" data-end=\"3893\">\n<li data-start=\"3161\" data-end=\"3370\">\n<p data-start=\"3164\" data-end=\"3370\"><strong data-start=\"3164\" data-end=\"3186\">Testing av holdbarhet<\/strong>: Det hjelper produsenter med \u00e5 sikre at tekstiler som brukes i produkter som <strong data-start=\"3256\" data-end=\"3308\">sikkerhetsutstyr, m\u00f8beltrekk og industrielle tekstiler<\/strong> t\u00e5ler de kreftene de kan bli utsatt for under bruk.<\/p>\n<\/li>\n<li data-start=\"3372\" data-end=\"3547\">\n<p data-start=\"3375\" data-end=\"3547\"><strong data-start=\"3375\" data-end=\"3394\">Kvalitetskontroll<\/strong>: Ved \u00e5 f\u00f8lge ASTM D2261 kan produsentene opprettholde en jevn produktkvalitet og sikre at tekstilene oppfyller de n\u00f8dvendige spesifikasjonene for rivestyrke.<\/p>\n<\/li>\n<li data-start=\"3549\" data-end=\"3715\">\n<p data-start=\"3552\" data-end=\"3715\"><strong data-start=\"3552\" data-end=\"3576\">Materialytelse<\/strong>: Den gir sammenlignende data om rivestyrken til ulike tekstiler, noe som bidrar til \u00e5 finne det beste materialet for spesifikke bruksomr\u00e5der.<\/p>\n<\/li>\n<li data-start=\"3717\" data-end=\"3893\">\n<p data-start=\"3720\" data-end=\"3893\"><strong data-start=\"3720\" data-end=\"3745\">Sikkerhet og samsvar<\/strong>: For bransjer der stoffets holdbarhet er avgj\u00f8rende (f.eks. i kollisjonsputer, verneutstyr osv.), sikrer denne testen at sikkerhetsstandardene overholdes.<\/p>\n<\/li>\n<\/ol>\n<hr class=\"\" data-start=\"5073\" data-end=\"5076\" \/>\n<h2 data-start=\"3895\" data-end=\"3946\">Hvordan Cell Instruments st\u00f8tter ASTM D2261-testing<\/h2>\n<p data-start=\"3948\" data-end=\"4451\">P\u00e5 <strong data-start=\"3951\" data-end=\"3971\">Cell Instruments<\/strong>, tilbyr vi et utvalg av <strong data-start=\"3993\" data-end=\"4021\">strekkpr\u00f8vemaskiner<\/strong> som oppfyller kravene i <strong data-start=\"4052\" data-end=\"4066\">ASTM D2261<\/strong>. V\u00e5r <strong data-start=\"4072\" data-end=\"4100\">Strekkpr\u00f8vere av CRE-typen<\/strong> er designet for presis <strong data-start=\"4126\" data-end=\"4150\">t\u00e5refasthet i tungen<\/strong> testing, noe som gir n\u00f8yaktige og p\u00e5litelige data for kvalitetskontroll av tekstiler. Maskinene v\u00e5re er utstyrt med avanserte datainnsamlingssystemer som gj\u00f8r det enkelt \u00e5 spore og analysere kraften som kreves for \u00e5 rive opp tekstiler, noe som sikrer at testprosedyrene dine er b\u00e5de effektive og i samsvar med bransjestandardene.<\/p>\n<figure id=\"attachment_7633\" aria-describedby=\"caption-attachment-7633\" style=\"width: 300px\" class=\"wp-caption aligncenter\"><a href=\"https:\/\/www.qualitester.com\/nb\/produkt-2\/sale-paper-vertical-tensile-tester\/\" target=\"_blank\" rel=\"noopener\"><img fetchpriority=\"high\" decoding=\"async\" class=\"wp-image-7633 size-medium\" src=\"https:\/\/www.qualitester.com\/wp-content\/uploads\/2025\/12\/ASTM-D2261-Fabric-Tearing-Strength-Test-for-Textile-Durability-300x300.webp\" alt=\"ASTM D2261 Test av stoffets rivestyrke for tekstilers holdbarhet\" width=\"300\" height=\"300\" srcset=\"https:\/\/www.qualitester.com\/wp-content\/uploads\/2025\/12\/ASTM-D2261-Fabric-Tearing-Strength-Test-for-Textile-Durability-300x300.webp 300w, https:\/\/www.qualitester.com\/wp-content\/uploads\/2025\/12\/ASTM-D2261-Fabric-Tearing-Strength-Test-for-Textile-Durability-150x150.webp 150w, https:\/\/www.qualitester.com\/wp-content\/uploads\/2025\/12\/ASTM-D2261-Fabric-Tearing-Strength-Test-for-Textile-Durability-12x12.webp 12w, https:\/\/www.qualitester.com\/wp-content\/uploads\/2025\/12\/ASTM-D2261-Fabric-Tearing-Strength-Test-for-Textile-Durability-100x100.webp 100w, https:\/\/www.qualitester.com\/wp-content\/uploads\/2025\/12\/ASTM-D2261-Fabric-Tearing-Strength-Test-for-Textile-Durability.webp 600w\" sizes=\"(max-width: 300px) 100vw, 300px\" \/><\/a><figcaption id=\"caption-attachment-7633\" class=\"wp-caption-text\">ASTM D2261 Test av stoffets rivestyrke for tekstilers holdbarhet<\/figcaption><\/figure>\n<h2 data-start=\"4453\" data-end=\"4466\">Konklusjon<\/h2>\n<p data-start=\"4468\" data-end=\"4907\">Den <strong data-start=\"4472\" data-end=\"4486\">ASTM D2261<\/strong> standard er avgj\u00f8rende for \u00e5 m\u00e5le <strong data-start=\"4527\" data-end=\"4554\">tungens rivestyrke<\/strong> av tekstilstoffer. Ved \u00e5 gjennomf\u00f8re denne testen kan produsentene sikre at tekstilene deres oppfyller de n\u00f8dvendige holdbarhetsstandardene og er egnet for de tiltenkte bruksomr\u00e5dene. Enten du tester vevde, strikkede eller behandlede tekstiler, <strong data-start=\"4793\" data-end=\"4813\">Cell Instruments<\/strong> tilbyr det avanserte utstyret du trenger for \u00e5 utf\u00f8re n\u00f8yaktige og p\u00e5litelige tester av stoffets styrke.<\/p>\n<hr class=\"\" data-start=\"6448\" data-end=\"6451\" \/>\n<h2 data-start=\"6453\" data-end=\"6492\">VANLIGE SP\u00d8RSM\u00c5L<\/h2>\n<p data-start=\"95\" data-end=\"141\"><strong data-start=\"99\" data-end=\"141\">Spm. 1: Hva er form\u00e5let med ASTM D2261?<\/strong><\/p>\n<p><strong data-start=\"143\" data-end=\"149\">A1<\/strong>: ASTM D226<strong data-start=\"151\" data-end=\"165\">1<\/strong> brukes til \u00e5 m\u00e5le tekstilstoffers rivestyrke. Denne testen evaluerer stoffets evne til \u00e5 motst\u00e5 riving n\u00e5r det utsettes for en kontrollert kraft, og gir viktige data om stoffets holdbarhet og ytelse. Den er viktig for bransjer der stoffets styrke er avgj\u00f8rende, for eksempel sikkerhetsprodukter, m\u00f8beltrekk og verneutstyr.<\/p>\n<hr data-start=\"516\" data-end=\"519\" \/>\n<p data-start=\"521\" data-end=\"584\"><strong data-start=\"525\" data-end=\"584\">Spm. 2: Hvordan m\u00e5les tungens rivestyrke i ASTM D2261?<\/strong><\/p>\n<p><strong data-start=\"586\" data-end=\"592\">A2<\/strong>: Tungeavrivningsstyrken i ASTM D2261 m\u00e5les ved hjelp av enkeltavrivningsmetoden, der en stoffpr\u00f8ve skj\u00e6res i en tobeinsform og monteres i en strekkpr\u00f8vemaskin av CRE-typen. Maskinen p\u00e5f\u00f8rer kraft for \u00e5 forplante en rift p\u00e5 tvers av stoffet, og kraften som kreves for \u00e5 fortsette riften, registreres. Denne verdien er med p\u00e5 \u00e5 bestemme stoffets motstand mot riving under belastning.<\/p>\n<hr data-start=\"988\" data-end=\"991\" \/>\n<p data-start=\"993\" data-end=\"1058\"><strong data-start=\"997\" data-end=\"1058\">Spm. 3: Hvilke typer tekstiler kan testes ved hjelp av ASTM D2261?<\/strong><\/p>\n<p><strong data-start=\"1060\" data-end=\"1066\">A3<\/strong>: ASTM D2261 kan brukes p\u00e5 et bredt spekter av tekstiler, inkludert vevde stoffer, strikkede stoffer, airbag-stoffer, tepper, nappede stoffer, harpiksbehandlede stoffer og stoffer med kraftig st\u00f8rrelse eller belegg. Testen er allsidig og kan utf\u00f8res p\u00e5 b\u00e5de v\u00e5te og t\u00f8rre pr\u00f8ver, avhengig av stoffets tiltenkte bruk.<strong>.<\/strong><\/p>\n<hr data-start=\"1413\" data-end=\"1416\" \/>\n<p data-start=\"1418\" data-end=\"1478\"><strong data-start=\"1422\" data-end=\"1478\">Spm. 4: Hvilket utstyr er n\u00f8dvendig for ASTM D2261-testing?<\/strong><\/p>\n<p><strong data-start=\"1480\" data-end=\"1486\">A4<\/strong>: ASTM D2261 krever en strekkpr\u00f8vemaskin av CRE-typen, som er det foretrukne utstyret for testing av rivestyrke i tungen. Denne maskinen p\u00e5f\u00f8rer en kontrollert kraft p\u00e5 stoffpr\u00f8ven, noe som gir mulighet for n\u00f8yaktig m\u00e5ling av kraften som kreves for \u00e5 forplante riften. Datainnsamlingssystemer som autografiske diagramopptakere eller mikroprosessorbaserte systemer brukes til \u00e5 registrere og analysere kraften under testen.<\/p>\n<hr data-start=\"1927\" data-end=\"1930\" \/>\n<p data-start=\"1932\" data-end=\"2019\"><strong data-start=\"1936\" data-end=\"2019\">Spm. 5: Hvordan sikrer ASTM D2261 p\u00e5liteligheten til testing av stoffets rivestyrke?<\/strong><\/p>\n<p><strong data-start=\"2021\" data-end=\"2027\">A5<\/strong>: ASTM D2261 sikrer p\u00e5litelighet ved \u00e5 tilby en standardisert prosedyre for testing av stoffets rivestyrke, med kontrollerte testforhold (som temperatur og luftfuktighet) og klare instruksjoner for klargj\u00f8ring av pr\u00f8vene. Testresultatene, enten det er snakk om en enkelt krafttopp eller gjennomsnittet av de fem h\u00f8yeste toppene, gjenspeiler stoffets ytelse under virkelige p\u00e5kjenninger, slik at produsentene kan sammenligne ulike stoffer og opprettholde en konsekvent produktkvalitet.<\/p>\n<hr data-start=\"2497\" data-end=\"2500\" \/>\n<p data-start=\"2502\" data-end=\"2577\"><strong data-start=\"2506\" data-end=\"2577\">Spm. 6: Kan resultatene fra ASTM D2261 brukes til akseptansetesting?<\/strong><\/p>\n<p><strong data-start=\"2579\" data-end=\"2585\">A6<\/strong>: Ja, ASTM D2261 er mye brukt for godkjenningstesting av kommersielle stoffforsendelser. Ved \u00e5 f\u00f8lge standard testprosedyre kan produsentene sikre at tekstilene deres oppfyller de n\u00f8dvendige ytelsesspesifikasjonene. I tilfelle tvister kan sammenlignende tester utf\u00f8res for \u00e5 l\u00f8se forskjeller i rapporterte resultater, noe som sikrer n\u00f8yaktige og rettferdige vurderinger.<\/p>","protected":false},"excerpt":{"rendered":"<p>ASTM D2261 Tongue Tearing Strength Test for Textile Fabrics ASTM D2261 is a standard test method used to measure the fabric tearing strength of textiles by the tongue procedure (also known as the single-rip method). This test is essential for evaluating the tear resistance of fabrics, providing manufacturers and quality control teams with crucial data &hellip;<\/p>\n<p class=\"read-more\"> <a class=\"\" href=\"https:\/\/www.qualitester.com\/nb\/standards\/astm-d2261\/\"> <span class=\"screen-reader-text\">ASTM D2261<\/span> Les mer \"<\/a><\/p>","protected":false},"author":7,"featured_media":0,"parent":4948,"menu_order":0,"comment_status":"closed","ping_status":"closed","template":"","meta":{"site-sidebar-layout":"default","site-content-layout":"default","ast-global-header-display":"","ast-main-header-display":"","ast-hfb-above-header-display":"","ast-hfb-below-header-display":"","ast-hfb-mobile-header-display":"","site-post-title":"disabled","ast-breadcrumbs-content":"","ast-featured-img":"","footer-sml-layout":"","theme-transparent-header-meta":"default","adv-header-id-meta":"","stick-header-meta":"","header-above-stick-meta":"","header-main-stick-meta":"","header-below-stick-meta":"","footnotes":""},"class_list":["post-7625","page","type-page","status-publish","hentry"],"_links":{"self":[{"href":"https:\/\/www.qualitester.com\/nb\/wp-json\/wp\/v2\/pages\/7625","targetHints":{"allow":["GET"]}}],"collection":[{"href":"https:\/\/www.qualitester.com\/nb\/wp-json\/wp\/v2\/pages"}],"about":[{"href":"https:\/\/www.qualitester.com\/nb\/wp-json\/wp\/v2\/types\/page"}],"author":[{"embeddable":true,"href":"https:\/\/www.qualitester.com\/nb\/wp-json\/wp\/v2\/users\/7"}],"replies":[{"embeddable":true,"href":"https:\/\/www.qualitester.com\/nb\/wp-json\/wp\/v2\/comments?post=7625"}],"version-history":[{"count":0,"href":"https:\/\/www.qualitester.com\/nb\/wp-json\/wp\/v2\/pages\/7625\/revisions"}],"up":[{"embeddable":true,"href":"https:\/\/www.qualitester.com\/nb\/wp-json\/wp\/v2\/pages\/4948"}],"wp:attachment":[{"href":"https:\/\/www.qualitester.com\/nb\/wp-json\/wp\/v2\/media?parent=7625"}],"curies":[{"name":"wp","href":"https:\/\/api.w.org\/{rel}","templated":true}]}}