{"id":7449,"date":"2025-09-12T16:26:16","date_gmt":"2025-09-12T08:26:16","guid":{"rendered":"https:\/\/www.qualitester.com\/?page_id=7449"},"modified":"2025-09-12T16:28:00","modified_gmt":"2025-09-12T08:28:00","slug":"loop-tack-tester","status":"publish","type":"page","link":"https:\/\/www.qualitester.com\/nb\/applications\/loop-tack-tester\/","title":{"rendered":"Loop Tack Tester for ASTM D6195 testing av klebemiddelytelse"},"content":{"rendered":"<p><a href=\"https:\/\/www.qualitester.com\/nb\/?s=LTT\"><img fetchpriority=\"high\" decoding=\"async\" class=\"wp-image-7452 alignleft\" src=\"https:\/\/www.qualitester.com\/wp-content\/uploads\/2025\/09\/LTT-01-Loop-Tack-Tester--277x300.webp\" alt=\"Loop Tack Tester\" width=\"245\" height=\"265\" srcset=\"https:\/\/www.qualitester.com\/wp-content\/uploads\/2025\/09\/LTT-01-Loop-Tack-Tester--277x300.webp 277w, https:\/\/www.qualitester.com\/wp-content\/uploads\/2025\/09\/LTT-01-Loop-Tack-Tester--11x12.webp 11w, https:\/\/www.qualitester.com\/wp-content\/uploads\/2025\/09\/LTT-01-Loop-Tack-Tester-.webp 600w\" sizes=\"(max-width: 245px) 100vw, 245px\" \/><\/a>Trykkf\u00f8lsomme lim (PSA) er mye brukt i emballasje, medisinsk utstyr, elektronikk og forbruksvarer. Deres evne til \u00e5 <strong data-start=\"481\" data-end=\"512\">bindes umiddelbart og p\u00e5litelig<\/strong> er avgj\u00f8rende for produktets ytelse og kundetilfredshet. For \u00e5 evaluere denne egenskapen <strong data-start=\"604\" data-end=\"624\">Loop Tack Tester<\/strong> gir standardiserte, repeterbare m\u00e5linger av den opprinnelige bindingskraften, eller <em data-start=\"705\" data-end=\"711\">tack<\/em>. F\u00f8lgende <strong data-start=\"723\" data-end=\"737\">ASTM D6195<\/strong>sikrer disse testene n\u00f8yaktige og sammenlignbare resultater, noe som er retningsgivende for b\u00e5de produktutvikling og kvalitetskontroll.<\/p>\n<hr \/>\n<h2>Testutstyr for selvklebende sl\u00f8yfe og dets betydning<\/h2>\n<p data-start=\"914\" data-end=\"1160\"><strong data-start=\"914\" data-end=\"951\">Testutstyr for selvklebende l\u00f8kker<\/strong> er utviklet for \u00e5 m\u00e5le \"f\u00f8rste kontakt\"-bindingsevnen til PSA-produkter, for eksempel tape, etiketter og klistremerker. Denne testen er spesielt viktig for bransjer der <strong data-start=\"1122\" data-end=\"1144\">umiddelbar vedheft<\/strong> er avgj\u00f8rende:<\/p>\n<ul data-start=\"1162\" data-end=\"1409\">\n<li data-start=\"1162\" data-end=\"1236\">\n<p data-start=\"1164\" data-end=\"1236\"><strong data-start=\"1164\" data-end=\"1194\">H\u00f8yhastighets pakkelinjer<\/strong>, der etikettene m\u00e5 feste uten forsinkelse.<\/p>\n<\/li>\n<li data-start=\"1237\" data-end=\"1315\">\n<p data-start=\"1239\" data-end=\"1315\"><strong data-start=\"1239\" data-end=\"1269\">Medisinsk tape og bandasjer<\/strong>som krever rask og sikker vedheft til huden.<\/p>\n<\/li>\n<li data-start=\"1316\" data-end=\"1409\">\n<p data-start=\"1318\" data-end=\"1409\"><strong data-start=\"1318\" data-end=\"1341\">Elektronisk montering<\/strong>, der beskyttelsesfilmer eller klebende lag m\u00e5 feste umiddelbart.<\/p>\n<\/li>\n<\/ul>\n<p data-start=\"1411\" data-end=\"1445\">ASTM D6195 beskriver to metoder:<\/p>\n<ul data-start=\"1446\" data-end=\"1698\">\n<li data-start=\"1446\" data-end=\"1533\">\n<p data-start=\"1448\" data-end=\"1533\"><strong data-start=\"1448\" data-end=\"1460\">Metode A<\/strong>: Bruk en strekkpr\u00f8vetester med en 175 mm (7 tommer) teipstrimmel.<\/p>\n<\/li>\n<li data-start=\"1534\" data-end=\"1698\">\n<p data-start=\"1536\" data-end=\"1698\"><strong data-start=\"1536\" data-end=\"1548\">Metode B<\/strong>: Ved hjelp av en dedikert <strong data-start=\"1568\" data-end=\"1588\">Loop Tack Tester<\/strong>, utviklet for \u00e5 m\u00e5le den maksimale kraften som kreves for \u00e5 l\u00f8sne en b\u00e5ndl\u00f8kke fra en 25\u00d725 mm stor overflate av rustfritt st\u00e5l.<\/p>\n<\/li>\n<\/ul>\n<p data-start=\"1700\" data-end=\"1841\">Begge metodene sikrer standardisert evaluering, noe som gir <strong data-start=\"1755\" data-end=\"1776\">kvantitative data<\/strong> som er sammenlignbare p\u00e5 tvers av laboratorier, produkter og partier.<\/p>\n<hr \/>\n<h2 data-start=\"1700\" data-end=\"1841\">Hvordan en <a href=\"https:\/\/www.qualitester.com\/nb\/?s=LTT\">Loop Tack Tester<\/a> Fungerer<\/h2>\n<p data-start=\"1883\" data-end=\"1953\">Testprosessen av en <strong data-start=\"1908\" data-end=\"1928\">Loop Tack Tester<\/strong> er enkel, men presis:<\/p>\n<ol data-start=\"1955\" data-end=\"2221\">\n<li data-start=\"1955\" data-end=\"2028\">\n<p data-start=\"1958\" data-end=\"2028\">En teipstrimmel formes til en l\u00f8kke med den klebrige siden utover.<\/p>\n<\/li>\n<li data-start=\"2029\" data-end=\"2118\">\n<p data-start=\"2032\" data-end=\"2118\">Sl\u00f8yfen legges forsiktig p\u00e5 en plate av rustfritt st\u00e5l under <strong data-start=\"2092\" data-end=\"2115\">bare sin egen vekt<\/strong>.<\/p>\n<\/li>\n<li data-start=\"2119\" data-end=\"2221\">\n<p data-start=\"2122\" data-end=\"2221\">Testeren trekker l\u00f8kken bort mens den registrerer <strong data-start=\"2173\" data-end=\"2199\">maksimal kraft som kreves<\/strong> for \u00e5 l\u00f8sne b\u00e5ndet.<\/p>\n<\/li>\n<\/ol>\n<p data-start=\"2223\" data-end=\"2461\">Den m\u00e5lte <strong data-start=\"2236\" data-end=\"2250\">maksimal kraft<\/strong> indikerer limets opprinnelige klebrighet. Denne metoden simulerer virkelige forhold der limet m\u00e5 klebe raskt med minimalt trykk, som for eksempel i <strong data-start=\"2404\" data-end=\"2458\">merking, forsegling eller bruk av beskyttelsesfilm<\/strong>.<\/p>\n<hr \/>\n<h2 data-start=\"2223\" data-end=\"2461\">Utvidede bruksomr\u00e5der p\u00e5 tvers av bransjer<\/h2>\n<p data-start=\"2514\" data-end=\"2596\">Den <strong data-start=\"2518\" data-end=\"2538\">Loop Tack Tester<\/strong> har et bredt spekter av bruksomr\u00e5der utover grunnleggende PSA-testing:<\/p>\n<ul data-start=\"2598\" data-end=\"3261\">\n<li data-start=\"2598\" data-end=\"2732\">\n<p data-start=\"2600\" data-end=\"2732\"><strong data-start=\"2600\" data-end=\"2622\">Emballasjeindustrien<\/strong>: Sikrer at etiketter, forseglingsteip og beskyttelsesfilmer fester seg p\u00e5litelig p\u00e5 kartonger, flasker eller fleksible filmer.<\/p>\n<\/li>\n<li data-start=\"2733\" data-end=\"2864\">\n<p data-start=\"2735\" data-end=\"2864\"><strong data-start=\"2735\" data-end=\"2754\">Medisinsk utstyr<\/strong>: Evaluerer ytelsen til bandasjer, medisinske teip og plastre for umiddelbar heft og pasientsikkerhet.<\/p>\n<\/li>\n<li data-start=\"2865\" data-end=\"2996\">\n<p data-start=\"2867\" data-end=\"2996\"><strong data-start=\"2867\" data-end=\"2897\">Elektronikk og bilindustri<\/strong>: Bekrefter at lim for beskyttelsesfilmer, monteringsdeler eller isolasjonslag fester umiddelbart.<\/p>\n<\/li>\n<li data-start=\"2997\" data-end=\"3120\">\n<p data-start=\"2999\" data-end=\"3120\"><strong data-start=\"2999\" data-end=\"3030\">Forbruksvarer og tekstiler<\/strong>: Tester etiketter, klistremerker og selvklebende tilbeh\u00f8r for holdbarhet og ytelse.<\/p>\n<\/li>\n<li data-start=\"3121\" data-end=\"3261\">\n<p data-start=\"3123\" data-end=\"3261\"><strong data-start=\"3123\" data-end=\"3160\">Daglig kjemikalier og legemidler<\/strong>: Vurderer emballasjeetiketter for \u00e5 sikre at de holder seg under lagrings- og h\u00e5ndteringsforhold.<\/p>\n<\/li>\n<\/ul>\n<p data-start=\"3263\" data-end=\"3429\">Ved \u00e5 utf\u00f8re <strong data-start=\"3277\" data-end=\"3298\">testing av l\u00f8kkeklammer<\/strong>reduserer produsentene risikoen for limfeil, forbedrer kvalitetssikringen og forbedrer <strong data-start=\"3391\" data-end=\"3426\">kundetilfredshet og tillit<\/strong>.<\/p>\n<hr \/>\n<h2 data-start=\"3263\" data-end=\"3429\">Fordeler med Cell Instruments Loop Tack Tester<\/h2>\n<p data-start=\"3490\" data-end=\"3592\">Cell Instruments tilbyr <strong data-start=\"3514\" data-end=\"3545\">presisjon Loop Tack Testers<\/strong> konstruert for p\u00e5litelig evaluering av klebemiddel:<\/p>\n<ul data-start=\"3594\" data-end=\"4110\">\n<li data-start=\"3594\" data-end=\"3675\">\n<p data-start=\"3596\" data-end=\"3675\"><strong data-start=\"3596\" data-end=\"3621\">Overholdelse av ASTM D6195<\/strong>: Sikrer at testresultatene oppfyller internasjonale standarder.<\/p>\n<\/li>\n<li data-start=\"3676\" data-end=\"3788\">\n<p data-start=\"3678\" data-end=\"3788\"><strong data-start=\"3678\" data-end=\"3713\">H\u00f8y n\u00f8yaktighet og repeterbarhet<\/strong>: Digitale sensorer og kontrollerte testforhold minimerer menneskelige feil.<\/p>\n<\/li>\n<li data-start=\"3789\" data-end=\"3894\">\n<p data-start=\"3791\" data-end=\"3894\"><strong data-start=\"3791\" data-end=\"3818\">Brukervennlig grensesnitt<\/strong>: Forenkler driften og gj\u00f8r rutinemessige tester raskere og mer konsekvente.<\/p>\n<\/li>\n<li data-start=\"3895\" data-end=\"4003\">\n<p data-start=\"3897\" data-end=\"4003\"><strong data-start=\"3897\" data-end=\"3921\">Tilpassbare alternativer<\/strong>: Kan tilpasses ulike tapetyper, underlagsmaterialer og testforhold.<\/p>\n<\/li>\n<li data-start=\"4004\" data-end=\"4110\">\n<p data-start=\"4006\" data-end=\"4110\"><strong data-start=\"4006\" data-end=\"4037\">Dataregistrering og analyse<\/strong>: Registrerer toppkraftavlesninger for omfattende kvalitetsdokumentasjon.<\/p>\n<\/li>\n<\/ul>\n<p data-start=\"4112\" data-end=\"4293\">Disse fordelene gj\u00f8r <strong data-start=\"4138\" data-end=\"4175\">Cell Instruments Loop Tack Tester<\/strong> ideell for <strong data-start=\"4186\" data-end=\"4245\">laboratorier, FoU-team og kvalitetskontroll i produksjonen<\/strong>og gir trygghet i limvurderingen.<\/p>\n<hr \/>\n<h2 data-start=\"4112\" data-end=\"4293\">Beste praksis for Loop Tack Testing<\/h2>\n<p data-start=\"4343\" data-end=\"4387\">For \u00e5 sikre n\u00f8yaktige og meningsfulle resultater:<\/p>\n<ol data-start=\"4389\" data-end=\"4844\">\n<li data-start=\"4389\" data-end=\"4473\">\n<p data-start=\"4392\" data-end=\"4473\"><strong data-start=\"4392\" data-end=\"4418\">Behandle limet<\/strong> ved standard temperatur og luftfuktighet f\u00f8r testing.<\/p>\n<\/li>\n<li data-start=\"4474\" data-end=\"4571\">\n<p data-start=\"4477\" data-end=\"4571\"><strong data-start=\"4477\" data-end=\"4516\">Rengj\u00f8r underlaget av rustfritt st\u00e5l<\/strong> for \u00e5 fjerne st\u00f8v eller fett som kan p\u00e5virke vedheftingen.<\/p>\n<\/li>\n<li data-start=\"4572\" data-end=\"4675\">\n<p data-start=\"4575\" data-end=\"4675\"><strong data-start=\"4575\" data-end=\"4609\">Bruk konsistente sl\u00f8yfedimensjoner<\/strong> (f.eks. 25\u00d725 mm kontaktflate) og oppretthold en jevn tapevekt.<\/p>\n<\/li>\n<li data-start=\"4676\" data-end=\"4755\">\n<p style=\"text-align: left;\" data-start=\"4679\" data-end=\"4755\"><strong data-start=\"4679\" data-end=\"4710\">F\u00f8lg <a href=\"https:\/\/store.astm.org\/d6195-03r19.html\" target=\"_blank\" rel=\"noopener nofollow\">ASTM D6195<\/a> protokoller<\/strong> for \u00e5 oppn\u00e5 repeterbare, sammenlignbare resultater.<\/p>\n<\/li>\n<li data-start=\"4756\" data-end=\"4844\">\n<p data-start=\"4759\" data-end=\"4844\"><strong data-start=\"4759\" data-end=\"4788\">Dokumenter alle m\u00e5linger<\/strong> for \u00e5 spore ytelsestrender og produktforbedringer.<\/p>\n<\/li>\n<\/ol>\n<p data-start=\"4846\" data-end=\"5009\">Ved \u00e5 f\u00f8lge disse fremgangsm\u00e5tene kan produsentene <strong data-start=\"4894\" data-end=\"4928\">optimalisere limformuleringer<\/strong>, feils\u00f8ke problemer med liming og validere nye produkter f\u00f8r lansering p\u00e5 markedet.<\/p>\n<hr \/>\n<h2 data-start=\"5016\" data-end=\"5031\">Konklusjon<\/h2>\n<p data-start=\"5033\" data-end=\"5393\">Den <strong data-start=\"5037\" data-end=\"5057\">Loop Tack Tester<\/strong> er et viktig verkt\u00f8y for \u00e5 evaluere <strong data-start=\"5093\" data-end=\"5122\">innledende vedheftsstyrke<\/strong> av trykkf\u00f8lsomme lim i samsvar med <strong data-start=\"5174\" data-end=\"5188\">ASTM D6195<\/strong>. De standardiserte testmetodene, spesielt ved bruk av <strong data-start=\"5246\" data-end=\"5283\">testutstyr for selvklebende sl\u00f8yfe<\/strong>hjelper produsentene med \u00e5 opprettholde jevn kvalitet, redusere produktfeil og sikre kundetilfredshet.<\/p>\n<p data-start=\"5395\" data-end=\"5752\">For selskaper som s\u00f8ker <strong data-start=\"5417\" data-end=\"5481\">p\u00e5litelige, n\u00f8yaktige og kompatible l\u00f8sninger for limtesting<\/strong>, den <strong data-start=\"5487\" data-end=\"5524\"><a href=\"https:\/\/www.qualitester.com\/nb\/\">Cell Instruments<\/a> Loop Tack Tester<\/strong> tilbyr presisjon, holdbarhet og fleksibilitet i en lang rekke bransjer. Ved \u00e5 investere i testutstyr av h\u00f8y kvalitet sikrer du <strong data-start=\"5668\" data-end=\"5749\">bedre produktytelse, tryggere bruk og langsiktig konkurransekraft p\u00e5 markedet<\/strong>.<\/p>","protected":false},"excerpt":{"rendered":"<p>Pressure-sensitive adhesives (PSAs) are widely used in packaging, medical devices, electronics, and consumer goods. Their ability to bond instantly and reliably is critical to product performance and customer satisfaction. To evaluate this property, a Loop Tack Tester provides standardized, repeatable measurements of the initial bonding force, or tack. Following ASTM D6195, this testing ensures accurate &hellip;<\/p>\n<p class=\"read-more\"> <a class=\"\" href=\"https:\/\/www.qualitester.com\/nb\/applications\/loop-tack-tester\/\"> <span class=\"screen-reader-text\">Loop Tack Tester for ASTM D6195 testing av klebemiddelytelse<\/span> Les mer \"<\/a><\/p>","protected":false},"author":3,"featured_media":0,"parent":6794,"menu_order":0,"comment_status":"closed","ping_status":"closed","template":"","meta":{"site-sidebar-layout":"default","site-content-layout":"default","ast-global-header-display":"","ast-main-header-display":"","ast-hfb-above-header-display":"","ast-hfb-below-header-display":"","ast-hfb-mobile-header-display":"","site-post-title":"","ast-breadcrumbs-content":"","ast-featured-img":"","footer-sml-layout":"","theme-transparent-header-meta":"default","adv-header-id-meta":"","stick-header-meta":"","header-above-stick-meta":"","header-main-stick-meta":"","header-below-stick-meta":"","footnotes":""},"class_list":["post-7449","page","type-page","status-publish","hentry"],"_links":{"self":[{"href":"https:\/\/www.qualitester.com\/nb\/wp-json\/wp\/v2\/pages\/7449","targetHints":{"allow":["GET"]}}],"collection":[{"href":"https:\/\/www.qualitester.com\/nb\/wp-json\/wp\/v2\/pages"}],"about":[{"href":"https:\/\/www.qualitester.com\/nb\/wp-json\/wp\/v2\/types\/page"}],"author":[{"embeddable":true,"href":"https:\/\/www.qualitester.com\/nb\/wp-json\/wp\/v2\/users\/3"}],"replies":[{"embeddable":true,"href":"https:\/\/www.qualitester.com\/nb\/wp-json\/wp\/v2\/comments?post=7449"}],"version-history":[{"count":0,"href":"https:\/\/www.qualitester.com\/nb\/wp-json\/wp\/v2\/pages\/7449\/revisions"}],"up":[{"embeddable":true,"href":"https:\/\/www.qualitester.com\/nb\/wp-json\/wp\/v2\/pages\/6794"}],"wp:attachment":[{"href":"https:\/\/www.qualitester.com\/nb\/wp-json\/wp\/v2\/media?parent=7449"}],"curies":[{"name":"wp","href":"https:\/\/api.w.org\/{rel}","templated":true}]}}