{"id":6928,"date":"2025-07-15T16:28:36","date_gmt":"2025-07-15T08:28:36","guid":{"rendered":"https:\/\/www.qualitester.com\/?page_id=6928"},"modified":"2025-07-23T13:53:20","modified_gmt":"2025-07-23T05:53:20","slug":"astm-d6195-2","status":"publish","type":"page","link":"https:\/\/www.qualitester.com\/nb\/standards\/astm-d6195-2\/","title":{"rendered":"ASTM D6195"},"content":{"rendered":"<h1 style=\"text-align: center;\" data-start=\"381\" data-end=\"855\">ASTM D6195<br \/>\nMetode for testing av l\u00f8kkeklammer<\/h1>\n<p data-start=\"542\" data-end=\"1040\">For produsenter av trykkf\u00f8lsomme lim (PSA) er det avgj\u00f8rende \u00e5 oppn\u00e5 sterk initial klebrighet - spesielt n\u00e5r det gjelder h\u00f8yhastighetsemballasje, medisinske teip, etiketter og industrifilmer. Den <a href=\"https:\/\/www.qualitester.com\/nb\/standards\/astm-d6195\/\" target=\"_blank\" rel=\"noopener\"><strong data-start=\"727\" data-end=\"741\">ASTM D6195<\/strong> <\/a>testmetode tilbyr en standardisert tiln\u00e6rming til \u00e5 evaluere denne \"quick-stick\"-atferden. Testmetoden er spesielt utviklet for \u00e5 kvantifisere hvor godt et lim fester seg under minimalt trykk og kort kontakttid, og loop tack-testen som er beskrevet i ASTM D6195, er avgj\u00f8rende for b\u00e5de produktutvikling og kvalitetskontroll.<\/p>\n<p data-start=\"1042\" data-end=\"1352\">Ved hjelp av en dedikert <strong data-start=\"1060\" data-end=\"1080\">loop tack tester<\/strong>-som for eksempel LTT-01 fra<a href=\"https:\/\/www.celtec.cn\" target=\"_blank\" rel=\"noopener nofollow\"> Cell Instruments<\/a>-sikrer n\u00f8yaktighet, repeterbarhet og samsvar med internasjonale standarder. I denne artikkelen forklarer vi ASTM D6195-standarden, beskriver testprosedyren i detalj og forklarer hvorfor loop tack er viktig i evalueringen av limets ytelse.<\/p>\n<h2 data-start=\"1095\" data-end=\"1451\">Testmetode for sl\u00f8yfeklebrighet og sl\u00f8yfeklebrighetstester i ASTM D6195<\/h2>\n<p data-start=\"1421\" data-end=\"1651\">Den <strong data-start=\"1425\" data-end=\"1450\">metode for testing av l\u00f8kkeheft<\/strong>som definert i ASTM D6195, m\u00e5ler den maksimale kraften som kreves for \u00e5 skille en l\u00f8kke av teip fra en standardisert overflate etter et \u00f8yeblikks kontakt. Det finnes to offisielle metoder i henhold til denne standarden:<\/p>\n<ul data-start=\"1653\" data-end=\"1846\">\n<li data-start=\"1653\" data-end=\"1740\">\n<p data-start=\"1655\" data-end=\"1740\"><strong data-start=\"1655\" data-end=\"1667\">Metode A<\/strong>: Utf\u00f8rt p\u00e5 en universell strekktester ved hjelp av en 7-tommers klebestrimmel<\/p>\n<\/li>\n<li data-start=\"1741\" data-end=\"1846\">\n<p data-start=\"1743\" data-end=\"1846\"><strong data-start=\"1743\" data-end=\"1755\">Metode B<\/strong>: Bruker en dedikert <strong data-start=\"1774\" data-end=\"1794\">loop tack tester<\/strong> med en 5-tommers stripe for str\u00f8mlinjeformede QC-applikasjoner<\/p>\n<\/li>\n<\/ul>\n<p data-start=\"1848\" data-end=\"2142\">I begge tilfeller formes limpr\u00f8ven til en l\u00f8kke og bringes i kontakt med en <strong data-start=\"1937\" data-end=\"1967\">testpanel i rustfritt st\u00e5l<\/strong>. De <strong data-start=\"1973\" data-end=\"2007\">maksimal kraft som kreves for \u00e5 skrelle<\/strong> limsl\u00f8yfen fra overflaten registreres som <em data-start=\"2062\" data-end=\"2079\">loop tack-verdi<\/em>-en direkte indikator p\u00e5 limets opprinnelige limstyrke.<\/p>\n<h2 data-start=\"2075\" data-end=\"2354\">Steg-for-steg-veiledning til ASTM D6195 Loop Tack Testing<\/h2>\n<p data-start=\"2205\" data-end=\"2327\">For \u00e5 sikre konsistente og p\u00e5litelige resultater for sl\u00f8yfeklebning er det avgj\u00f8rende \u00e5 f\u00f8lge standardprosedyren som er beskrevet i ASTM D6195:<\/p>\n<p><strong data-start=\"2329\" data-end=\"2354\">1. Forberedelse av pr\u00f8ven<\/strong><\/p>\n<ul>\n<li data-start=\"2357\" data-end=\"2431\">\n<p data-start=\"2359\" data-end=\"2431\">Klipp til tre selvklebende strimler, hver p\u00e5 <strong data-start=\"2401\" data-end=\"2419\">25 mm \u00d7 125 mm<\/strong> (1\u2033 \u00d7 5\u2033)<\/p>\n<\/li>\n<li data-start=\"2432\" data-end=\"2537\">\n<p data-start=\"2434\" data-end=\"2537\">Hvis limet ikke har st\u00f8tte (f.eks. overf\u00f8ringstape), m\u00e5 det lamineres p\u00e5 2 mil PET-film f\u00f8r skj\u00e6ring.<\/p>\n<\/li>\n<li data-start=\"2538\" data-end=\"2619\">\n<p data-start=\"2540\" data-end=\"2619\">Konditioner alle pr\u00f8ver ved <strong data-start=\"2565\" data-end=\"2578\">23 \u00b1 2 \u00b0C<\/strong> og <strong data-start=\"2583\" data-end=\"2597\">50 \u00b1 5% RH<\/strong> i minst 24 timer<\/p>\n<\/li>\n<\/ul>\n<figure id=\"attachment_6978\" aria-describedby=\"caption-attachment-6978\" style=\"width: 298px\" class=\"wp-caption alignright\"><a href=\"http:\/\/https:\/\/www.celtec.cn\" rel=\"nofollow\"><img fetchpriority=\"high\" decoding=\"async\" class=\"wp-image-6978\" src=\"https:\/\/www.qualitester.com\/wp-content\/uploads\/2025\/07\/3.Loop-Tack-Tester-01-q_11zon-300x300.webp\" alt=\"Loop Tack Tester st\u00e5r for ASTM D6195\" width=\"298\" height=\"298\" srcset=\"https:\/\/www.qualitester.com\/wp-content\/uploads\/2025\/07\/3.Loop-Tack-Tester-01-q_11zon-300x300.webp 300w, https:\/\/www.qualitester.com\/wp-content\/uploads\/2025\/07\/3.Loop-Tack-Tester-01-q_11zon-1024x1024.webp 1024w, https:\/\/www.qualitester.com\/wp-content\/uploads\/2025\/07\/3.Loop-Tack-Tester-01-q_11zon-150x150.webp 150w, https:\/\/www.qualitester.com\/wp-content\/uploads\/2025\/07\/3.Loop-Tack-Tester-01-q_11zon-768x768.webp 768w, https:\/\/www.qualitester.com\/wp-content\/uploads\/2025\/07\/3.Loop-Tack-Tester-01-q_11zon-12x12.webp 12w, https:\/\/www.qualitester.com\/wp-content\/uploads\/2025\/07\/3.Loop-Tack-Tester-01-q_11zon-600x600.webp 600w, https:\/\/www.qualitester.com\/wp-content\/uploads\/2025\/07\/3.Loop-Tack-Tester-01-q_11zon-100x100.webp 100w, https:\/\/www.qualitester.com\/wp-content\/uploads\/2025\/07\/3.Loop-Tack-Tester-01-q_11zon.webp 1080w\" sizes=\"(max-width: 298px) 100vw, 298px\" \/><\/a><figcaption id=\"caption-attachment-6978\" class=\"wp-caption-text\">Loop Tack Tester st\u00e5r for ASTM D6195<\/figcaption><\/figure>\n<p data-start=\"2540\" data-end=\"2619\"><strong data-start=\"2621\" data-end=\"2644\">2. Rengj\u00f8ring av overflater<\/strong><\/p>\n<ul>\n<li data-start=\"2647\" data-end=\"2722\">\n<p data-start=\"2649\" data-end=\"2722\">Rengj\u00f8r testpanelet i rustfritt st\u00e5l med <strong data-start=\"2692\" data-end=\"2703\">aceton<\/strong> eller <strong data-start=\"2707\" data-end=\"2720\">n-heptan<\/strong><\/p>\n<\/li>\n<li data-start=\"2723\" data-end=\"2800\">\n<p data-start=\"2725\" data-end=\"2800\">Bruk <strong data-start=\"2729\" data-end=\"2748\">lofri v\u00e5tservietter<\/strong> og verifiser renheten ved hjelp av en <strong data-start=\"2780\" data-end=\"2800\">vannbruddstest<\/strong><\/p>\n<\/li>\n<\/ul>\n<p><strong data-start=\"2802\" data-end=\"2823\">3. Sl\u00f8yfedannelse<\/strong><\/p>\n<ul>\n<li data-start=\"2826\" data-end=\"2902\">\n<p data-start=\"2828\" data-end=\"2902\">Brett hver stripe forsiktig tilbake p\u00e5 seg selv for \u00e5 danne en <strong data-start=\"2876\" data-end=\"2900\">dr\u00e5peformet sl\u00f8yfe<\/strong><\/p>\n<\/li>\n<li data-start=\"2903\" data-end=\"2991\">\n<p data-start=\"2905\" data-end=\"2991\">Bruk <strong data-start=\"2909\" data-end=\"2932\">1-tommers maskeringstape<\/strong> for \u00e5 feste endene uten \u00e5 forurense klebeomr\u00e5det<\/p>\n<\/li>\n<\/ul>\n<p><strong data-start=\"2993\" data-end=\"3014\">4. Testgjennomf\u00f8ring<\/strong><\/p>\n<ul>\n<li data-start=\"3017\" data-end=\"3095\">\n<p data-start=\"3019\" data-end=\"3095\">Sett de teipede endene inn i <strong data-start=\"3050\" data-end=\"3065\">\u00f8vre klemme<\/strong> av <strong data-start=\"3073\" data-end=\"3093\">loop tack tester<\/strong><\/p>\n<\/li>\n<li data-start=\"3096\" data-end=\"3168\">\n<p data-start=\"3098\" data-end=\"3168\">Senk l\u00f8kken ned p\u00e5 en 1 in\u00b2 stor testflate av st\u00e5l med kontrollert hastighet<\/p>\n<\/li>\n<li data-start=\"3169\" data-end=\"3244\">\n<p data-start=\"3171\" data-end=\"3244\">Reverser retning og <strong data-start=\"3193\" data-end=\"3218\">registrere toppkraften<\/strong> n\u00f8dvendig for \u00e5 l\u00f8sne l\u00f8kken<\/p>\n<\/li>\n<\/ul>\n<p><strong data-start=\"3246\" data-end=\"3281\">5. Datainnsamling og analyse<\/strong><\/p>\n<ul data-start=\"3284\" data-end=\"3482\">\n<li data-start=\"3284\" data-end=\"3349\">\n<p data-start=\"3286\" data-end=\"3349\">Fang opp <strong data-start=\"3298\" data-end=\"3326\">maksimal separasjonskraft<\/strong> i Newton eller pund<\/p>\n<\/li>\n<li data-start=\"3350\" data-end=\"3424\">\n<p data-start=\"3352\" data-end=\"3424\">Ta opp <strong data-start=\"3363\" data-end=\"3379\">feilmodus<\/strong> (adhesjon, kohesjon eller limoverf\u00f8ring)<\/p>\n<\/li>\n<li data-start=\"3425\" data-end=\"3482\">\n<p data-start=\"3427\" data-end=\"3482\">Gjenta for alle pr\u00f8ver for \u00e5 sikre statistisk sikkerhet<\/p>\n<\/li>\n<\/ul>\n<div class=\"ast-oembed-container\" style=\"height: 100%;\"><iframe title=\"Sl\u00f8yfetest i henhold til ASTM D6195, PSTC-16, FINAT nr. 9.\" width=\"500\" height=\"281\" src=\"https:\/\/www.youtube.com\/embed\/L1HbDnq-LxQ?feature=oembed\" frameborder=\"0\" allow=\"accelerometer; autoplay; clipboard-write; encrypted-media; gyroscope; picture-in-picture; web-share\" referrerpolicy=\"strict-origin-when-cross-origin\" allowfullscreen><\/iframe><\/div>\n<h2 data-start=\"3720\" data-end=\"3976\">Bruksomr\u00e5der og viktigheten av ASTM D6195 p\u00e5 tvers av bransjer<\/h2>\n<p data-start=\"3554\" data-end=\"3646\">Den <strong data-start=\"3558\" data-end=\"3572\">ASTM D6195<\/strong> loop tack-test er mye brukt i sektorer som er avhengige av PSA-ytelse:<\/p>\n<ul data-start=\"3648\" data-end=\"3987\">\n<li data-start=\"3648\" data-end=\"3715\">\n<p data-start=\"3650\" data-end=\"3715\"><strong data-start=\"3650\" data-end=\"3663\">Emballasje<\/strong>: Verifiserer rask klebrighet i forseglings- og bunteb\u00e5nd<\/p>\n<\/li>\n<li data-start=\"3716\" data-end=\"3811\">\n<p data-start=\"3718\" data-end=\"3811\"><strong data-start=\"3718\" data-end=\"3729\">Medisinsk<\/strong>: Bekrefter sk\u00e5nsom, men umiddelbar binding i s\u00e5rbandasjer og elektrodeplaster<\/p>\n<\/li>\n<li data-start=\"3812\" data-end=\"3897\">\n<p data-start=\"3814\" data-end=\"3897\"><strong data-start=\"3814\" data-end=\"3829\">Elektronikk<\/strong>: Sikrer sikker vedheft i etiketter, membraner eller midlertidige bindinger<\/p>\n<\/li>\n<li data-start=\"3898\" data-end=\"3987\">\n<p data-start=\"3900\" data-end=\"3987\"><strong data-start=\"3900\" data-end=\"3923\">Tekstil og kl\u00e6r<\/strong>: Evaluerer avtakbare tagger eller trykkf\u00f8lsomme designfunksjoner<\/p>\n<\/li>\n<\/ul>\n<p data-start=\"3989\" data-end=\"4180\">Ved \u00e5 m\u00e5le <em data-start=\"4006\" data-end=\"4017\">l\u00f8kkeheft<\/em>kan produsentene sammenligne formuleringer, justere beleggvekter og optimalisere overflatebehandlinger - noe som resulterer i mer p\u00e5litelige og h\u00f8ytytende limprodukter.<\/p>\n<h2 data-start=\"4238\" data-end=\"4279\">Forbedrer testn\u00f8yaktigheten med Cell Instruments' Loop Tack Tester<\/h2>\n<p data-start=\"4259\" data-end=\"4452\">For laboratorier og produksjonsmilj\u00f8er er det en fordel \u00e5 bruke en <strong data-start=\"4305\" data-end=\"4335\">dedikert loop tack-tester<\/strong>-som f.eks. <strong data-start=\"4348\" data-end=\"4380\">LTT-01 fra<a href=\"https:\/\/www.celtec.cn\" rel=\"nofollow noopener\" target=\"_blank\"> Cell Instruments<\/a><\/strong>-sikrer full overensstemmelse med <strong data-start=\"4410\" data-end=\"4433\">ASTM D6195 Metode B<\/strong>. Funksjoner inkluderer:<\/p>\n<ul data-start=\"4454\" data-end=\"4772\">\n<li data-start=\"4454\" data-end=\"4511\">\n<p data-start=\"4456\" data-end=\"4511\"><strong data-start=\"4456\" data-end=\"4485\">Digital kraftm\u00e5ling<\/strong> med 0,001 N oppl\u00f8sning<\/p>\n<\/li>\n<li data-start=\"4512\" data-end=\"4564\">\n<p data-start=\"4514\" data-end=\"4564\"><strong data-start=\"4514\" data-end=\"4544\">Programmerbar hastighetskontroll<\/strong> fra 1-500 mm\/min<\/p>\n<\/li>\n<li data-start=\"4565\" data-end=\"4630\">\n<p data-start=\"4567\" data-end=\"4630\"><strong data-start=\"4567\" data-end=\"4605\">Standardisert plate i rustfritt st\u00e5l<\/strong> for jevn kontakt<\/p>\n<\/li>\n<li data-start=\"4631\" data-end=\"4704\">\n<p data-start=\"4633\" data-end=\"4704\"><strong data-start=\"4633\" data-end=\"4675\">Grensesnitt med ber\u00f8ringsskjerm og mikroskriver<\/strong> for datafangst i sanntid<\/p>\n<\/li>\n<li data-start=\"4705\" data-end=\"4772\">\n<p data-start=\"4707\" data-end=\"4772\"><strong data-start=\"4707\" data-end=\"4740\">Valgfri programvareintegrasjon<\/strong> for testanalyse og arkivering<\/p>\n<\/li>\n<\/ul>\n<p data-start=\"4774\" data-end=\"4983\">LTT-01 er spesielt egnet for produsenter som arbeider med <strong data-start=\"4839\" data-end=\"4868\">trykkf\u00f8lsomme etiketter<\/strong>, <strong data-start=\"4870\" data-end=\"4887\">medisinske b\u00e5nd<\/strong>, og <strong data-start=\"4893\" data-end=\"4924\">industrielle beskyttelsesfilmer<\/strong>, der sl\u00f8yfens klebrighet er avgj\u00f8rende for produktets brukervennlighet.<\/p>\n<h3 data-start=\"4617\" data-end=\"4644\">Konklusjon<\/h3>\n<p data-start=\"5006\" data-end=\"5291\">Den <a href=\"https:\/\/www.qualitester.com\/nb\/standards\/astm-d6195\/\" target=\"_blank\" rel=\"noopener\"><strong data-start=\"5010\" data-end=\"5024\">ASTM D6195<\/strong><\/a> standard tilbyr en presis, repeterbar metode for \u00e5 evaluere <strong data-start=\"5086\" data-end=\"5114\">ytelse ved f\u00f8rste takling<\/strong> av trykkf\u00f8lsomme lim. Enten det brukes i h\u00f8yhastighetsemballasje, kliniske milj\u00f8er eller elektronikk, <strong data-start=\"5225\" data-end=\"5246\">testing av l\u00f8kkeklammer<\/strong> sikrer at limene oppfyller kravene til bruksomr\u00e5det.<\/p>\n<p data-start=\"5293\" data-end=\"5594\">Ved \u00e5 bruke en profesjonell<a href=\"https:\/\/www.qualitester.com\/nb\/produkt-2\/sale-tape-loop-tack-testing-machine\/\" target=\"_blank\" rel=\"noopener\"> <strong data-start=\"5318\" data-end=\"5338\">loop tack tester<\/strong><\/a> Som Cell Instruments' LTT-01 sikrer samsvar, konsistens og handlingsrettede data for produktoptimalisering og kvalitetskontroll. For bedrifter som er opptatt av limets p\u00e5litelighet, er det en smart og skalerbar investering \u00e5 integrere ASTM D6195 i QA-prosessen.<\/p>","protected":false},"excerpt":{"rendered":"<p>ASTM D6195 Loop Tack Testing Method For manufacturers of pressure-sensitive adhesives (PSAs), achieving strong initial tack is critical\u2014especially in high-speed packaging, medical tapes, labels, and industrial films. The ASTM D6195 test method offers a standardized approach to evaluating this &#8220;quick-stick&#8221; behavior. Specifically designed to quantify how well an adhesive bonds under minimal pressure and short &hellip;<\/p>\n<p class=\"read-more\"> <a class=\"\" href=\"https:\/\/www.qualitester.com\/nb\/standards\/astm-d6195-2\/\"> <span class=\"screen-reader-text\">ASTM D6195<\/span> Les mer \"<\/a><\/p>","protected":false},"author":3,"featured_media":0,"parent":4948,"menu_order":0,"comment_status":"closed","ping_status":"closed","template":"","meta":{"site-sidebar-layout":"default","site-content-layout":"default","ast-global-header-display":"","ast-main-header-display":"","ast-hfb-above-header-display":"","ast-hfb-below-header-display":"","ast-hfb-mobile-header-display":"","site-post-title":"","ast-breadcrumbs-content":"","ast-featured-img":"","footer-sml-layout":"","theme-transparent-header-meta":"default","adv-header-id-meta":"","stick-header-meta":"","header-above-stick-meta":"","header-main-stick-meta":"","header-below-stick-meta":"","footnotes":""},"class_list":["post-6928","page","type-page","status-publish","hentry"],"_links":{"self":[{"href":"https:\/\/www.qualitester.com\/nb\/wp-json\/wp\/v2\/pages\/6928","targetHints":{"allow":["GET"]}}],"collection":[{"href":"https:\/\/www.qualitester.com\/nb\/wp-json\/wp\/v2\/pages"}],"about":[{"href":"https:\/\/www.qualitester.com\/nb\/wp-json\/wp\/v2\/types\/page"}],"author":[{"embeddable":true,"href":"https:\/\/www.qualitester.com\/nb\/wp-json\/wp\/v2\/users\/3"}],"replies":[{"embeddable":true,"href":"https:\/\/www.qualitester.com\/nb\/wp-json\/wp\/v2\/comments?post=6928"}],"version-history":[{"count":0,"href":"https:\/\/www.qualitester.com\/nb\/wp-json\/wp\/v2\/pages\/6928\/revisions"}],"up":[{"embeddable":true,"href":"https:\/\/www.qualitester.com\/nb\/wp-json\/wp\/v2\/pages\/4948"}],"wp:attachment":[{"href":"https:\/\/www.qualitester.com\/nb\/wp-json\/wp\/v2\/media?parent=6928"}],"curies":[{"name":"wp","href":"https:\/\/api.w.org\/{rel}","templated":true}]}}