{"id":6867,"date":"2025-07-16T17:04:37","date_gmt":"2025-07-16T09:04:37","guid":{"rendered":"https:\/\/www.qualitester.com\/?page_id=6867"},"modified":"2025-07-16T17:04:37","modified_gmt":"2025-07-16T09:04:37","slug":"astm-d1922","status":"publish","type":"page","link":"https:\/\/www.qualitester.com\/nb\/standards\/astm-d1922\/","title":{"rendered":"ASTM D1922"},"content":{"rendered":"<h1 style=\"text-align: center;\">ASTM D1922<br \/>\n<small>T\u00e5repr\u00f8ving<\/small><\/h1>\n<hr \/>\n<h2>Introduksjon til ASTM D1922-testing<\/h2>\n<p data-start=\"484\" data-end=\"1038\">ASTM D1922 er en allment anerkjent <strong data-start=\"559\" data-end=\"588\"><a href=\"https:\/\/www.qualitester.com\/nb\/produkt-2\/sld-01-elimendorf-tear-resistance-testing-machine\/\">test av rivestyrke<\/a> metode<\/strong> brukes til \u00e5 bestemme kraften som kreves for \u00e5 forplante en rift i plastfilmer og ikke-stive folier. Denne metoden er viktig for \u00e5 evaluere den mekaniske integriteten til emballasjematerialer, spesielt i bruksomr\u00e5der der rivestyrken har direkte innvirkning p\u00e5 produktbeskyttelse og holdbarhet. Metoden <strong data-start=\"886\" data-end=\"909\">ASTM D1922-standarden<\/strong> benytter seg av <strong data-start=\"923\" data-end=\"950\">Elmendorfs rivestyrke<\/strong> testmetode for \u00e5 m\u00e5le hvor mye kraft som trengs for \u00e5 fortsette en p\u00e5begynt rift.<\/p>\n<p data-start=\"1040\" data-end=\"1335\">Plastfolier som brukes i fleksibel emballasje, matbeholdere eller medisinsk utstyr, utsettes for ulike h\u00e5ndteringsbelastninger. Derfor er det viktig \u00e5 vurdere deres <strong data-start=\"1191\" data-end=\"1210\">rivemotstand<\/strong> hjelper produsenter og kvalitetskontroll\u00f8rer med \u00e5 sikre samsvar med holdbarhetsspesifikasjoner og sikkerhetsstandarder.<\/p>\n<hr \/>\n<h2 data-start=\"1040\" data-end=\"1335\">Testmetode for rivestyrke ved bruk av Elmendorf rivetester<\/h2>\n<p data-start=\"1342\" data-end=\"1687\">ASTM D1922-testen utf\u00f8res ved hjelp av en <strong data-start=\"1444\" data-end=\"1486\">Rivestyrketester av Elmendorf-typen<\/strong>, som for eksempel <strong data-start=\"1500\" data-end=\"1534\">SLD-01 rivestyrketester<\/strong> fra Cell Instruments. Denne pendelbaserte enheten simulerer avrivningshendelser i den virkelige verden med kontrollert presisjon. Slik fungerer prosedyren vanligvis:<\/p>\n<ul>\n<li data-start=\"1691\" data-end=\"1788\">En ferdig utsk\u00e5ret pr\u00f8ve klemmes fast mellom to kjever - en stasjon\u00e6r og en p\u00e5 den svingende pendelen.<\/li>\n<li data-start=\"1791\" data-end=\"1859\">N\u00e5r pendelen slippes, river den pr\u00f8ven langs en 43 mm lang bane.<\/li>\n<li data-start=\"1862\" data-end=\"2004\">Testeren m\u00e5ler <strong data-start=\"1886\" data-end=\"1901\">energitap<\/strong> fra pendelens bevegelse, som korrelerer med <strong data-start=\"1956\" data-end=\"1970\">rivekraft<\/strong> som kreves for \u00e5 forplante riften.<\/li>\n<\/ul>\n<p data-start=\"2006\" data-end=\"2218\"><strong data-start=\"2006\" data-end=\"2034\">Testere for rivestyrke<\/strong> m\u00e5 kalibreres n\u00f8ye ved hjelp av kontrollvekter eller standardiserte prosedyrer for \u00e5 sikre m\u00e5len\u00f8yaktighet, spesielt for materialer med h\u00f8y anisotropi eller forlengelse under riving.<\/p>\n<div class=\"ast-oembed-container\" style=\"height: 100%;\"><iframe title=\"Slik utf\u00f8rer du Elmendorts rivetest p\u00e5 en plastfilmpr\u00f8ve\" width=\"500\" height=\"281\" src=\"https:\/\/www.youtube.com\/embed\/oo5j21g_thM?feature=oembed\" frameborder=\"0\" allow=\"accelerometer; autoplay; clipboard-write; encrypted-media; gyroscope; picture-in-picture; web-share\" referrerpolicy=\"strict-origin-when-cross-origin\" allowfullscreen><\/iframe><\/div>\n<hr \/>\n<h2 data-start=\"2006\" data-end=\"2218\">N\u00f8kkelfaktorer som p\u00e5virker testresultatene i ASTM D1922<\/h2>\n<p data-start=\"2225\" data-end=\"2363\">Flere faktorer p\u00e5virker reproduserbarheten og n\u00f8yaktigheten til testresultatene fra ASTM D1922:<\/p>\n<ul>\n<li data-start=\"2367\" data-end=\"2517\"><strong data-start=\"2367\" data-end=\"2405\">Geometri og orientering av pr\u00f8ven:<\/strong> Filmer kan ha ulik rivemotstand i maskinretningen (MD) og i tverrretningen (TD).<\/li>\n<li data-start=\"2520\" data-end=\"2684\"><strong data-start=\"2520\" data-end=\"2554\">Filmtykkelse og ensartethet:<\/strong> Siden det ikke er noen direkte line\u00e6r sammenheng mellom tykkelse og rivestyrke, m\u00e5 tykkelsen oppgis sammen med testverdiene.<\/li>\n<li data-start=\"2687\" data-end=\"2809\"><strong data-start=\"2687\" data-end=\"2711\">Anisotropi i materialet:<\/strong> Filmer som er produsert med retningsorientering, kan rives skr\u00e5tt, noe som p\u00e5virker testkonsistensen.<\/li>\n<li data-start=\"2812\" data-end=\"2950\"><strong data-start=\"2812\" data-end=\"2863\">Pre-cut kvalitet og milj\u00f8behandling:<\/strong> For \u00e5 minimere variabiliteten er det n\u00f8dvendig \u00e5 kondisjonere pr\u00f8ven ved 23 \u00b1 2 \u00b0C og 50 \u00b1 10% RF.<\/li>\n<\/ul>\n<p data-start=\"2952\" data-end=\"3149\">For \u00e5 redusere disse variasjonene spesifiserer standarden ASTM D1922 b\u00e5de <strong data-start=\"3021\" data-end=\"3036\">rektangul\u00e6r<\/strong> og <strong data-start=\"3041\" data-end=\"3060\">konstant radius<\/strong> pr\u00f8ver, hvor sistnevnte foretrekkes p\u00e5 grunn av bedre kontroll over skr\u00e5 riveeffekter.<\/p>\n<hr \/>\n<h2 data-start=\"2952\" data-end=\"3149\">Bruksomr\u00e5der for ASTM D1922 i emballasje- og filmindustrien<\/h2>\n<p data-start=\"3156\" data-end=\"3303\">Den <strong data-start=\"3226\" data-end=\"3250\">ASTM D1922 rivetest<\/strong> brukes ofte til \u00e5 evaluere materialer som f.eks:<\/p>\n<ul>\n<li data-start=\"3307\" data-end=\"3366\"><strong data-start=\"3307\" data-end=\"3328\">Polyetylen (PE)<\/strong>: Brukes i emballasje til mat og detaljhandel.<\/li>\n<li data-start=\"3369\" data-end=\"3446\"><strong data-start=\"3369\" data-end=\"3391\">Polypropylen (PP)<\/strong>: Foretrukket for sin balanse mellom seighet og klarhet.<\/li>\n<li data-start=\"3449\" data-end=\"3518\"><strong data-start=\"3449\" data-end=\"3468\">Polyester (PET)<\/strong>: Kjent for h\u00f8y styrke og termisk stabilitet.<\/li>\n<li data-start=\"3521\" data-end=\"3638\"><strong data-start=\"3521\" data-end=\"3570\">Polyetylen med h\u00f8y og lav tetthet (HDPE\/LDPE)<\/strong>: Brukes ofte i forsendelsesposer, foringer og medisinsk emballasje.<\/li>\n<\/ul>\n<p data-start=\"3640\" data-end=\"3679\">I praksis er denne testen verdifull for:<\/p>\n<ul>\n<li data-start=\"3683\" data-end=\"3736\">Sammenligning <strong data-start=\"3693\" data-end=\"3734\">rivestyrke p\u00e5 tvers av materialtyper<\/strong><\/li>\n<li data-start=\"3739\" data-end=\"3815\">Sikre samsvar med <strong data-start=\"3764\" data-end=\"3813\">bransjespesifikasjoner og produktstandarder<\/strong><\/li>\n<li data-start=\"3818\" data-end=\"3890\">St\u00f8tte <strong data-start=\"3829\" data-end=\"3836\">FOU<\/strong> innen materialinnovasjon og ytelsesoptimalisering<\/li>\n<li data-start=\"3893\" data-end=\"3968\">Evaluering av holdbarheten til materialer i <strong data-start=\"3935\" data-end=\"3968\">Virkelige driftsforhold<\/strong><\/li>\n<\/ul>\n<hr \/>\n<h2><a href=\"https:\/\/www.qualitester.com\/nb\/\"><img decoding=\"async\" class=\"alignleft wp-image-6870\" src=\"https:\/\/www.qualitester.com\/wp-content\/uploads\/2025\/07\/Headquarters01-300x300.webp\" alt=\"ASTM D1922\" width=\"192\" height=\"192\" srcset=\"https:\/\/www.qualitester.com\/wp-content\/uploads\/2025\/07\/Headquarters01-300x300.webp 300w, https:\/\/www.qualitester.com\/wp-content\/uploads\/2025\/07\/Headquarters01-150x150.webp 150w, https:\/\/www.qualitester.com\/wp-content\/uploads\/2025\/07\/Headquarters01-12x12.webp 12w, https:\/\/www.qualitester.com\/wp-content\/uploads\/2025\/07\/Headquarters01-100x100.webp 100w, https:\/\/www.qualitester.com\/wp-content\/uploads\/2025\/07\/Headquarters01.webp 600w\" sizes=\"(max-width: 192px) 100vw, 192px\" \/><\/a>Hvorfor velge SLD-01 Rivestyrketester fra <a href=\"https:\/\/www.qualitester.com\/nb\/\">Cell Instruments<\/a><\/h2>\n<p data-start=\"3975\" data-end=\"4360\">Cell Instruments' <strong data-start=\"4065\" data-end=\"4097\">SLD-01 Elmendorf rivetester<\/strong> gir overlegen presisjon og p\u00e5litelighet for testing av rivestyrke i henhold til ASTM D1922- og ISO 6383-2-standardene. Med <strong data-start=\"4214\" data-end=\"4241\">alternativer for digital avlesning<\/strong>, utskiftbare pendler og automatiserte beregningsfunksjoner sikrer enkel betjening og konsekvent n\u00f8yaktighet.<\/p>\n<p data-start=\"4362\" data-end=\"4587\">Ideell for <strong data-start=\"4372\" data-end=\"4403\">kvalitetskontrollbyr\u00e5er<\/strong>, <strong data-start=\"4405\" data-end=\"4427\">filmprodusenter<\/strong>, <strong data-start=\"4429\" data-end=\"4452\">emballasjeselskaper<\/strong>, og <strong data-start=\"4458\" data-end=\"4487\">utviklere av medisinsk utstyr<\/strong>SLD-01 st\u00f8tter b\u00e5de rutinetesting og avansert analyse med sporbare kalibreringsalternativer.<\/p>\n<hr \/>\n<h2 data-start=\"4362\" data-end=\"4587\">Konklusjon<\/h2>\n<figure id=\"attachment_6876\" aria-describedby=\"caption-attachment-6876\" style=\"width: 300px\" class=\"wp-caption alignright\"><img fetchpriority=\"high\" decoding=\"async\" class=\"size-medium wp-image-6876\" src=\"https:\/\/www.qualitester.com\/wp-content\/uploads\/2025\/07\/tear-tester-SLT-01-300x300.webp\" alt=\"astm d1922 og elmendorf rivestyrke\" width=\"300\" height=\"300\" srcset=\"https:\/\/www.qualitester.com\/wp-content\/uploads\/2025\/07\/tear-tester-SLT-01-300x300.webp 300w, https:\/\/www.qualitester.com\/wp-content\/uploads\/2025\/07\/tear-tester-SLT-01-150x150.webp 150w, https:\/\/www.qualitester.com\/wp-content\/uploads\/2025\/07\/tear-tester-SLT-01-12x12.webp 12w, https:\/\/www.qualitester.com\/wp-content\/uploads\/2025\/07\/tear-tester-SLT-01-100x100.webp 100w, https:\/\/www.qualitester.com\/wp-content\/uploads\/2025\/07\/tear-tester-SLT-01.webp 600w\" sizes=\"(max-width: 300px) 100vw, 300px\" \/><figcaption id=\"caption-attachment-6876\" class=\"wp-caption-text\">SLD-01<\/figcaption><\/figure>\n<p data-start=\"4594\" data-end=\"4987\">Forst\u00e5else av <strong data-start=\"4629\" data-end=\"4669\">ASTM D1922 testmetode for rivestyrke<\/strong> er avgj\u00f8rende for \u00e5 evaluere den mekaniske holdbarheten til fleksible emballasjematerialer. Ved \u00e5 utnytte <strong data-start=\"4771\" data-end=\"4798\">Elmendorfs rivestyrke<\/strong><\/p>\n<p data-start=\"4594\" data-end=\"4987\">m\u00e5leprinsipper og n\u00f8yaktig instrumentering som <strong data-start=\"4860\" data-end=\"4894\">SLD-01 rivestyrketester<\/strong>kan bedrifter forbedre produktsikkerheten, redusere antall feil og \u00f8ke kundetilfredsheten.<\/p>\n<p data-start=\"4989\" data-end=\"5150\">Fagfolk i <strong data-start=\"5006\" data-end=\"5025\">kvalitetskontroll<\/strong>, <strong data-start=\"5027\" data-end=\"5043\">materiale FoU<\/strong>, og <strong data-start=\"5049\" data-end=\"5074\">overholdelse av regelverk<\/strong> vil finne ASTM D1922 som et viktig verkt\u00f8y for verifisering av materialets ytelse.<\/p>","protected":false},"excerpt":{"rendered":"<p>ASTM D1922 Tear Testing Introduction to ASTM D1922 Testing ASTM D1922 is a widely recognized tear strength test method used to determine the force required to propagate a tear in plastic films and nonrigid sheeting. This method is essential for evaluating the mechanical integrity of packaging materials, especially in applications where resistance to tearing directly &hellip;<\/p>\n<p class=\"read-more\"> <a class=\"\" href=\"https:\/\/www.qualitester.com\/nb\/standards\/astm-d1922\/\"> <span class=\"screen-reader-text\">ASTM D1922<\/span> Les mer \"<\/a><\/p>","protected":false},"author":3,"featured_media":0,"parent":4948,"menu_order":0,"comment_status":"closed","ping_status":"closed","template":"","meta":{"site-sidebar-layout":"default","site-content-layout":"default","ast-global-header-display":"","ast-main-header-display":"","ast-hfb-above-header-display":"","ast-hfb-below-header-display":"","ast-hfb-mobile-header-display":"","site-post-title":"","ast-breadcrumbs-content":"","ast-featured-img":"","footer-sml-layout":"","theme-transparent-header-meta":"default","adv-header-id-meta":"","stick-header-meta":"","header-above-stick-meta":"","header-main-stick-meta":"","header-below-stick-meta":"","footnotes":""},"class_list":["post-6867","page","type-page","status-publish","hentry"],"_links":{"self":[{"href":"https:\/\/www.qualitester.com\/nb\/wp-json\/wp\/v2\/pages\/6867","targetHints":{"allow":["GET"]}}],"collection":[{"href":"https:\/\/www.qualitester.com\/nb\/wp-json\/wp\/v2\/pages"}],"about":[{"href":"https:\/\/www.qualitester.com\/nb\/wp-json\/wp\/v2\/types\/page"}],"author":[{"embeddable":true,"href":"https:\/\/www.qualitester.com\/nb\/wp-json\/wp\/v2\/users\/3"}],"replies":[{"embeddable":true,"href":"https:\/\/www.qualitester.com\/nb\/wp-json\/wp\/v2\/comments?post=6867"}],"version-history":[{"count":0,"href":"https:\/\/www.qualitester.com\/nb\/wp-json\/wp\/v2\/pages\/6867\/revisions"}],"up":[{"embeddable":true,"href":"https:\/\/www.qualitester.com\/nb\/wp-json\/wp\/v2\/pages\/4948"}],"wp:attachment":[{"href":"https:\/\/www.qualitester.com\/nb\/wp-json\/wp\/v2\/media?parent=6867"}],"curies":[{"name":"wp","href":"https:\/\/api.w.org\/{rel}","templated":true}]}}