{"id":7769,"date":"2025-12-29T14:18:31","date_gmt":"2025-12-29T06:18:31","guid":{"rendered":"https:\/\/www.qualitester.com\/?post_type=product&#038;p=7769"},"modified":"2025-12-30T16:49:34","modified_gmt":"2025-12-30T08:49:34","slug":"spt-01-soap-texture-analyzer","status":"publish","type":"product","link":"https:\/\/www.qualitester.com\/lv\/products-2\/spt-01-soap-texture-analyzer\/","title":{"rendered":"SPT-01 Ziepju tekst\u016bras analizators"},"content":{"rendered":"<p data-start=\"690\" data-end=\"1009\">A <strong data-start=\"692\" data-end=\"717\">ziepju tekst\u016bras analizators<\/strong> ir profesion\u0101ls instruments, kas paredz\u0113ts ziepju produktu meh\u0101nisko un tekst\u016bras \u012bpa\u0161\u012bbu objekt\u012bvai nov\u0113rt\u0113\u0161anai. Tas nodro\u0161ina prec\u012bzus, atk\u0101rtojamus ciet\u012bbas, stingruma un iespie\u0161an\u0101s pretest\u012bbas m\u0113r\u012bjumus, pal\u012bdzot ra\u017eot\u0101jiem saglab\u0101t nemain\u012bgu kvalit\u0101ti vis\u0101s ra\u017eo\u0161anas partij\u0101s.<\/p>\n<p data-start=\"1011\" data-end=\"1343\">vietn\u0113 <strong data-start=\"1014\" data-end=\"1044\">Cell Instruments Co., Ltd.<\/strong>, m\u0113s specializ\u0113jamies materi\u0101lu test\u0113\u0161anas risin\u0101jumos iepakojuma, farm\u0101cijas, pap\u012bra un pat\u0113ri\u0146a pre\u010du jom\u0101. M\u016bsu pieredze tekst\u016bras anal\u012bz\u0113 \u013cauj mums nodro\u0161in\u0101t uzticamas ziepju test\u0113\u0161anas sist\u0113mas, kas atbalsta kvalit\u0101tes kontroli, formulu izstr\u0101di un atbilst\u012bbu atz\u012btai test\u0113\u0161anas praksei.<\/p>\n<h2 data-start=\"1501\" data-end=\"1555\">Izpratne par ASTM D1321 ziepju tekst\u016bras un penetr\u0101cijas testu<\/h2>\n<h3>Ziepju ciet\u012bba k\u0101 galvenais kvalit\u0101tes r\u0101d\u012bt\u0101js<\/h3>\n<p data-start=\"1557\" data-end=\"1870\">Port\u0101ls <strong data-start=\"1472\" data-end=\"1492\">ziepju ciet\u012bba<\/strong> tie\u0161i ietekm\u0113 produkta ilgm\u016b\u017e\u012bbu, lieto\u0161anas l\u012bmeni un pat\u0113r\u0113t\u0101ju uztveri. P\u0101r\u0101k m\u012bkstas ziepes var deform\u0113ties vai \u0101tri iz\u0161\u0137\u012bst, savuk\u0101rt p\u0101r\u0101k cieta ziep\u012bte var samazin\u0101t lieto\u0161anas \u0113rtumu un puto\u0161anas \u012bpa\u0161\u012bbas. Ziepju tekst\u016bras analizators nodro\u0161ina objekt\u012bvas ciet\u012bbas v\u0113rt\u012bbas, aizst\u0101jot subjekt\u012bvus roku saj\u016btu nov\u0113rt\u0113jumus ar izm\u0113r\u0101miem datiem.<\/p>\n<h3 data-start=\"1732\" data-end=\"1781\">Ziepju tekst\u016bras un iespie\u0161an\u0101s testa princips<\/h3>\n<p data-start=\"1782\" data-end=\"2134\">A <strong data-start=\"1871\" data-end=\"1908\">ziepju tekst\u016bras un iespie\u0161an\u0101s tests<\/strong> m\u0113ra ziepju pretest\u012bbu, kad zonde ar kontrol\u0113tu \u0101trumu un dzi\u013cumu iek\u013c\u016bst ziepju virsm\u0101. Re\u0123istr\u0113t\u0101 sp\u0113ka un p\u0101rvietojuma l\u012bkne atspogu\u013co iek\u0161\u0113jo strukt\u016bru, saciet\u0113\u0161anas st\u0101vokli un formulas l\u012bdzsvaru. \u0160\u012b metode \u013cauj ra\u017eot\u0101jiem sal\u012bdzin\u0101t produktus, uzraudz\u012bt noveco\u0161an\u0101s ietekmi un p\u0101rbaud\u012bt procesa stabilit\u0101ti.<\/p>\n<h3 data-start=\"2136\" data-end=\"2165\">Atsauce uz ASTM D1321<\/h3>\n<p data-start=\"2166\" data-end=\"2611\"><strong data-start=\"2258\" data-end=\"2272\">ASTM D1321<\/strong> ir pla\u0161i atz\u012bts etalons vaskam l\u012bdz\u012bgu materi\u0101lu iespie\u0161an\u0101s test\u0113\u0161anai, un to parasti izmanto ziepju tekst\u016bras anal\u012bzei. ASTM D1321 vadl\u012bniju iev\u0113ro\u0161ana attiec\u012bb\u0101 uz test\u0113\u0161anas nosac\u012bjumiem un datu interpret\u0101ciju uzlabo rezult\u0101tu konsekvenci un veicina komunik\u0101ciju starp laboratorij\u0101m, pieg\u0101d\u0101t\u0101jiem un klientiem.<\/p>\n<hr data-start=\"2613\" data-end=\"2616\" \/>\n<h2 data-start=\"2668\" data-end=\"2961\">K\u0101 darbojas ziepju tekst\u016bras analizators<\/h2>\n<p data-start=\"2628\" data-end=\"2870\">Ziepju tekst\u016bras analizators piem\u0113ro ziepju paraugam kontrol\u0113tu vertik\u0101lu sp\u0113ku, izmantojot noteiktu zondi. Kad zonde saskaras ar ziep\u0113m un iek\u013c\u016bst taj\u0101s, sist\u0113ma nep\u0101rtraukti re\u0123istr\u0113 sp\u0113ku un p\u0101rvietojumu, veidojot prec\u012bzus tekst\u016bras profilus.<\/p>\n<p data-start=\"2872\" data-end=\"2907\"><strong data-start=\"2872\" data-end=\"2907\">Tipisk\u0101 test\u0113\u0161anas darba pl\u016bsma ietver:<\/strong><\/p>\n<ul>\n<li data-start=\"2910\" data-end=\"2961\">Ziepju paraugu sagatavo\u0161ana ar vien\u0101diem izm\u0113riem<\/li>\n<li data-start=\"2964\" data-end=\"3024\">Atbilsto\u0161as iespie\u0161anas vai saspie\u0161anas zondes izv\u0113le<\/li>\n<li data-start=\"3027\" data-end=\"3109\">Testa \u0101truma un iespie\u0161an\u0101s dzi\u013cuma iestat\u012b\u0161ana, pamatojoties uz iek\u0161\u0113j\u0101m metod\u0113m vai ASTM D1321.<\/li>\n<li data-start=\"3112\" data-end=\"3165\">Testa veik\u0161ana un sp\u0113ka un att\u0101luma datu v\u0101k\u0161ana<\/li>\n<li data-start=\"3168\" data-end=\"3223\">Maksim\u0101l\u0101 sp\u0113ka, l\u012bknes formas un atk\u0101rtojam\u012bbas nov\u0113rt\u0113\u0161ana<\/li>\n<\/ul>\n<p data-start=\"3225\" data-end=\"3332\">\u0160is kontrol\u0113tais process nodro\u0161ina uzticamu da\u017e\u0101du ziepju formulu vai ra\u017eo\u0161anas partiju sal\u012bdzin\u0101jumu.<\/p>\n<hr data-start=\"3486\" data-end=\"3489\" \/>\n<h2 data-start=\"3491\" data-end=\"3550\">Piem\u0113roti lieto\u0161anas materi\u0101li<\/h2>\n<p data-start=\"3374\" data-end=\"3461\">Ar ziepju tekst\u016bras analizatoru var test\u0113t pla\u0161u ziepju produktu kl\u0101stu, tostarp:<\/p>\n<ul>\n<li data-start=\"3464\" data-end=\"3487\">Tradicion\u0101l\u0101s ziepes<\/li>\n<li data-start=\"3490\" data-end=\"3522\">Caursp\u012bd\u012bgas un glicer\u012bna ziepes<\/li>\n<li data-start=\"3525\" data-end=\"3556\">Medikamentoz\u0101s un speci\u0101l\u0101s ziepes<\/li>\n<li data-start=\"3559\" data-end=\"3599\">Saliktie un sint\u0113tiskie mazg\u0101\u0161anas l\u012bdzek\u013cu stie\u0146i<\/li>\n<\/ul>\n<p data-start=\"3601\" data-end=\"3716\">Ar to var nov\u0113rt\u0113t ar\u012b pusfabrik\u0101tu paraugus, lai uzraudz\u012btu saciet\u0113\u0161anas gaitu un formul\u0113juma stabilit\u0101ti izstr\u0101des laik\u0101.<\/p>\n<hr data-start=\"4411\" data-end=\"4414\" \/>\n<h2 data-start=\"5016\" data-end=\"5081\">Cell Instruments SPT-01 tekst\u016bras analizators<\/h2>\n<p><a href=\"https:\/\/www.qualitester.com\/lv\/products-2\/sale-cheap-texture-analyser\/\"><img fetchpriority=\"high\" decoding=\"async\" class=\"alignright wp-image-7786\" src=\"https:\/\/www.qualitester.com\/wp-content\/uploads\/2025\/12\/SPT-01-Soap-Texture-Analyzer3-300x300.png\" alt=\"SPT-01 Ziepju tekst\u016bras analizators\" width=\"227\" height=\"227\" srcset=\"https:\/\/www.qualitester.com\/wp-content\/uploads\/2025\/12\/SPT-01-Soap-Texture-Analyzer3-300x300.png 300w, https:\/\/www.qualitester.com\/wp-content\/uploads\/2025\/12\/SPT-01-Soap-Texture-Analyzer3-150x150.png 150w, https:\/\/www.qualitester.com\/wp-content\/uploads\/2025\/12\/SPT-01-Soap-Texture-Analyzer3-768x768.png 768w, https:\/\/www.qualitester.com\/wp-content\/uploads\/2025\/12\/SPT-01-Soap-Texture-Analyzer3-12x12.png 12w, https:\/\/www.qualitester.com\/wp-content\/uploads\/2025\/12\/SPT-01-Soap-Texture-Analyzer3-600x600.png 600w, https:\/\/www.qualitester.com\/wp-content\/uploads\/2025\/12\/SPT-01-Soap-Texture-Analyzer3-100x100.png 100w, https:\/\/www.qualitester.com\/wp-content\/uploads\/2025\/12\/SPT-01-Soap-Texture-Analyzer3.png 950w\" sizes=\"(max-width: 227px) 100vw, 227px\" \/><\/a><\/p>\n<p data-start=\"5083\" data-end=\"5472\"><strong data-start=\"5135\" data-end=\"5179\">\u0160\u016bnu instrumenti <a href=\"https:\/\/www.qualitester.com\/lv\/products-2\/sale-cheap-texture-analyser\/\">SPT-01 Ziepju tekst\u016bras analizators <\/a><\/strong>ir labi piem\u0113rots ziepju ciet\u012bbas nov\u0113rt\u0113\u0161anai un ziepju tekst\u016bras un iespie\u0161an\u0101s testiem, pamatojoties uz ASTM D1321. T\u0101 pied\u0101v\u0101 stabilu sp\u0113ka m\u0113r\u012b\u0161anu, elast\u012bgu \u0101truma regul\u0113\u0161anu un intuit\u012bvu lieto\u0161anu, t\u0101p\u0113c t\u0101 ir ide\u0101li piem\u0113rota kvalit\u0101tes kontroles un p\u0113tniec\u012bbas un izstr\u0101des laboratorij\u0101m.<\/p>\n<p><strong>SPT-01 Ziepju tekst\u016bras analizators<\/strong><\/p>\n<table style=\"height: 230px\" width=\"720\">\n<tbody>\n<tr>\n<td width=\"152\">Testa diapazons<\/td>\n<td width=\"260\">\u00a0500N (vai citi)<\/td>\n<\/tr>\n<tr>\n<td width=\"152\">\u0100trums<\/td>\n<td width=\"260\">\u00a01-500 mm\/m (vai p\u0113c vajadz\u012bbas)<\/td>\n<\/tr>\n<tr>\n<td width=\"152\">Rezol\u016bcija<\/td>\n<td width=\"260\">0,5% F.S.<\/td>\n<\/tr>\n<tr>\n<td width=\"152\">St\u0101vs (iz\u0146emot stendu)<\/td>\n<td width=\"260\">250 mm<\/td>\n<\/tr>\n<tr>\n<td width=\"152\">Izm\u0113rs (mm, LWH)<\/td>\n<td width=\"260\">410*360*820<\/td>\n<\/tr>\n<tr>\n<td width=\"152\">Power<\/td>\n<td width=\"260\">MAI\u0145STR\u0100VA 110~ 220 V<\/td>\n<\/tr>\n<\/tbody>\n<\/table>\n<p data-start=\"5474\" data-end=\"5639\">Apvienojot prec\u012bzus sp\u0113ka m\u0113r\u012bjumus ar intuit\u012bvu lieto\u0161anu, SPT-01 pal\u012bdz ziepju ra\u017eot\u0101jiem p\u0101rveidot tekst\u016bras test\u0113\u0161anu par standartiz\u0113tu, uz datiem balst\u012btu procesu.<\/p>\n<h2 class=\"elementor-heading-title elementor-size-default\">K\u0101p\u0113c izv\u0113l\u0113ties Cell Instruments SPT-01<\/h2>\n<p data-start=\"5058\" data-end=\"5199\">SPT-01 nodro\u0161ina konsekventu, atk\u0101rtojamu ziepju tekst\u016bras test\u0113\u0161anu, un to var piel\u0101got piel\u0101got piel\u0101got\u0101m test\u0113\u0161anas pras\u012bb\u0101m, mainoties ra\u017eo\u0161anas vajadz\u012bb\u0101m.<\/p>\n<p data-start=\"5058\" data-end=\"5199\">Profesion\u0101ls <strong data-start=\"5274\" data-end=\"5299\">ziepju tekst\u016bras analizators<\/strong> \u013cauj ra\u017eot\u0101jiem p\u0101rvar\u0113t subjekt\u012bvo v\u0113rt\u0113jumu un noteikt izm\u0113r\u0101mus kvalit\u0101tes standartus. Apvienojot uzticamus instrumentus ar atz\u012bt\u0101m testa standartviel\u0101m, Cell Instruments pal\u012bdz ziepju ra\u017eot\u0101jiem sasniegt konsekventu veiktsp\u0113ju, uzlabotu produktu kontroli un liel\u0101ku klientu uztic\u012bbu.<\/p>\n<hr data-start=\"6529\" data-end=\"6532\" \/>\n<h2 data-start=\"6534\" data-end=\"6542\">Bie\u017e\u0101k uzdotie jaut\u0101jumi<\/h2>\n<p data-start=\"133\" data-end=\"329\"><strong data-start=\"133\" data-end=\"181\">1. K\u0101dam nol\u016bkam izmanto ziepju tekst\u016bras analizatoru?<\/strong><br data-start=\"181\" data-end=\"184\" \/>A <strong data-start=\"186\" data-end=\"211\">ziepju tekst\u016bras analizators<\/strong> m\u0113ra <strong data-start=\"225\" data-end=\"245\">ziepju ciet\u012bba<\/strong>, ciet\u012bba un iztur\u012bba pret iek\u013c\u016b\u0161anu, lai nodro\u0161in\u0101tu nemain\u012bgu kvalit\u0101ti un veiktsp\u0113ju.<\/p>\n<p data-start=\"331\" data-end=\"543\"><strong data-start=\"331\" data-end=\"382\">2. Kas ir ziepju tekst\u016bras un iespie\u0161an\u0101s tests?<\/strong><br data-start=\"382\" data-end=\"385\" \/>A <strong data-start=\"387\" data-end=\"424\">ziepju tekst\u016bras un iespie\u0161an\u0101s tests<\/strong> ar kontrol\u0113tu sp\u0113ku iedarbojas uz ziepju paraugu un re\u0123istr\u0113 deform\u0101ciju, pal\u012bdzot noteikt konstrukcijas iztur\u012bbu un izmantojam\u012bbu.<\/p>\n<p data-start=\"545\" data-end=\"746\"><strong data-start=\"545\" data-end=\"594\">3. K\u0101 ASTM D1321 attiecas uz ziepju test\u0113\u0161anu?<\/strong><br data-start=\"594\" data-end=\"597\" \/><strong data-start=\"597\" data-end=\"611\">ASTM D1321<\/strong> nodro\u0161ina standartiz\u0113tu iespie\u0161an\u0101s testa metodi, kas uzlabo atk\u0101rtojam\u012bbu un uzticam\u012bbu, nov\u0113rt\u0113jot ziepju tekst\u016bru un ciet\u012bbu.<\/p>\n<p data-start=\"748\" data-end=\"929\"><strong data-start=\"748\" data-end=\"796\">4. K\u0101p\u0113c ir svar\u012bgi m\u0113r\u012bt ziepju ciet\u012bbu?<\/strong><br data-start=\"796\" data-end=\"799\" \/>Port\u0101ls <strong data-start=\"803\" data-end=\"823\">ziepju ciet\u012bba<\/strong> ietekm\u0113 ilgm\u016b\u017e\u012bbu, \u0161\u0137\u012b\u0161anas \u0101trumu un pat\u0113r\u0113t\u0101ju pieredzi, t\u0101p\u0113c tas ir viens no galvenajiem kvalit\u0101tes kontroles parametriem.<\/p>\n<p data-start=\"931\" data-end=\"1132\"><strong data-start=\"931\" data-end=\"995\">5. K\u0101dus ziepju veidus var p\u0101rbaud\u012bt ar tekst\u016bras analizatoru?<\/strong><br data-start=\"995\" data-end=\"998\" \/>Ar ziepju tekst\u016bras analizatoriem var test\u0113t ziepju stie\u0146u ziepes, glicer\u012bna ziepes, \u0101rstniecisk\u0101s ziepes un \u012bpa\u0161us izstr\u0101d\u0101jumus, ko izmanto person\u012bg\u0101s higi\u0113nas produktos.<\/p>","protected":false},"excerpt":{"rendered":"<ul>\n<li><strong>Standarta<\/strong>: ASTM D1321<\/li>\n<li><strong>Ra\u017eot\u0101js<\/strong>: \u0160\u016bnu instrumenti<\/li>\n<li><strong>Pieteikumi<\/strong>:Ikdienas \u0137\u012bmisk\u0101s vielas un daudz ko citu.<\/li>\n<li><strong>Piel\u0101go\u0161ana<\/strong>: Pieejams \u012bpa\u0161\u0101m test\u0113\u0161anas pras\u012bb\u0101m un automatiz\u0101cijas transform\u0101cij\u0101m.<\/li>\n<\/ul>","protected":false},"featured_media":7786,"comment_status":"closed","ping_status":"closed","template":"","meta":{"site-sidebar-layout":"default","site-content-layout":"default","ast-global-header-display":"","ast-main-header-display":"","ast-hfb-above-header-display":"","ast-hfb-below-header-display":"","ast-hfb-mobile-header-display":"","site-post-title":"","ast-breadcrumbs-content":"","ast-featured-img":"","footer-sml-layout":"","theme-transparent-header-meta":"default","adv-header-id-meta":"","stick-header-meta":"","header-above-stick-meta":"","header-main-stick-meta":"","header-below-stick-meta":""},"product_cat":[845,1187,937,1185,1179,962,928,674,672,99],"product_tag":[],"class_list":{"0":"post-7769","1":"product","2":"type-product","3":"status-publish","4":"has-post-thumbnail","6":"product_cat-customization","7":"product_cat-astm-d1321","8":"product_cat-electronic-product-tester","9":"product_cat-iec-60404-13","10":"product_cat-needle-toughness-tester","11":"product_cat-thickness-gauges","12":"product_cat-tpa-texture-analyzer","13":"product_cat-test-items","14":"product_cat-applied-materials","15":"product_cat-astm","16":"desktop-align-left","17":"tablet-align-left","18":"mobile-align-left","20":"first","21":"instock","22":"shipping-taxable","23":"product-type-simple"},"_links":{"self":[{"href":"https:\/\/www.qualitester.com\/lv\/wp-json\/wp\/v2\/product\/7769","targetHints":{"allow":["GET"]}}],"collection":[{"href":"https:\/\/www.qualitester.com\/lv\/wp-json\/wp\/v2\/product"}],"about":[{"href":"https:\/\/www.qualitester.com\/lv\/wp-json\/wp\/v2\/types\/product"}],"replies":[{"embeddable":true,"href":"https:\/\/www.qualitester.com\/lv\/wp-json\/wp\/v2\/comments?post=7769"}],"version-history":[{"count":0,"href":"https:\/\/www.qualitester.com\/lv\/wp-json\/wp\/v2\/product\/7769\/revisions"}],"wp:featuredmedia":[{"embeddable":true,"href":"https:\/\/www.qualitester.com\/lv\/wp-json\/wp\/v2\/media\/7786"}],"wp:attachment":[{"href":"https:\/\/www.qualitester.com\/lv\/wp-json\/wp\/v2\/media?parent=7769"}],"wp:term":[{"taxonomy":"product_cat","embeddable":true,"href":"https:\/\/www.qualitester.com\/lv\/wp-json\/wp\/v2\/product_cat?post=7769"},{"taxonomy":"product_tag","embeddable":true,"href":"https:\/\/www.qualitester.com\/lv\/wp-json\/wp\/v2\/product_tag?post=7769"}],"curies":[{"name":"wp","href":"https:\/\/api.w.org\/{rel}","templated":true}]}}