{"id":7508,"date":"2025-10-10T16:06:20","date_gmt":"2025-10-10T08:06:20","guid":{"rendered":"https:\/\/www.qualitester.com\/?post_type=product&#038;p=7508"},"modified":"2025-10-10T16:06:21","modified_gmt":"2025-10-10T08:06:21","slug":"tennis-ball-compression-tester","status":"publish","type":"product","link":"https:\/\/www.qualitester.com\/lv\/products-2\/tennis-ball-compression-tester\/","title":{"rendered":"TBCT-01 Tenisa bumbi\u0146u kompresijas testeris"},"content":{"rendered":"<p data-start=\"459\" data-end=\"877\">Profesion\u0101l\u0101 un atp\u016btas tenisa pasaul\u0113, <strong data-start=\"513\" data-end=\"533\">bumbi\u0146as konsistence<\/strong> ir iz\u0161\u0137iro\u0161a noz\u012bme god\u012bgas sp\u0113les un sportistu snieguma nodro\u0161in\u0101\u0161an\u0101. Lai to pan\u0101ktu, ra\u017eot\u0101ji un kvalit\u0101tes inspektori pa\u013caujas uz t\u0101d\u0101m prec\u012bz\u0101m test\u0113\u0161anas iek\u0101rt\u0101m k\u0101, piem. <strong data-start=\"699\" data-end=\"733\">Tenisa bumbi\u0146as kompresijas testeris<\/strong>. Ar \u0161o instrumentu nov\u0113rt\u0113, cik \u013coti tenisa bumbi\u0146a deform\u0113jas, iedarbojoties noteiktam sp\u0113kam, atspogu\u013cojot t\u0101s. <strong data-start=\"831\" data-end=\"874\">elast\u012bba, elast\u012bba un sp\u0113le.<\/strong>.<\/p>\n<p data-start=\"879\" data-end=\"1156\">Saska\u0146\u0101 ar <strong data-start=\"896\" data-end=\"937\">Starptautisk\u0101 Tenisa feder\u0101cija (ITF)<\/strong> un <strong data-start=\"942\" data-end=\"955\">GBT 20045<\/strong>, saspie\u0161anas p\u0101rbaude ir viens no b\u016btisk\u0101kajiem tenisa bumbi\u0146u kvalit\u0101tes r\u0101d\u012bt\u0101jiem. P\u0101r\u0101k m\u012bksta vai p\u0101r\u0101k cieta bumbi\u0146a var b\u016btiski ietekm\u0113t sp\u0113les gaitu un neatbilst sertifik\u0101cijas standartiem.<\/p>\n<hr data-start=\"1158\" data-end=\"1161\" \/>\n<h2 data-start=\"3930\" data-end=\"4003\">Cell Instruments TBCT-01 Tenisa bumbi\u0146as kompresijas testeris<\/h2>\n<p data-start=\"4005\" data-end=\"4202\">Laboratorij\u0101m un ra\u017eot\u0101jiem, kas mekl\u0113 profesion\u0101lu un pras\u012bb\u0101m atbilsto\u0161u risin\u0101jumu. <strong data-start=\"4091\" data-end=\"4150\">Cell Instruments TBCT-01 Tenisa bumbi\u0146as kompresijas testeris<\/strong> pied\u0101v\u0101 uzticamu un automatiz\u0113tu test\u0113\u0161anas platformu.<img fetchpriority=\"high\" decoding=\"async\" class=\"size-medium wp-image-7510 alignright\" src=\"https:\/\/www.qualitester.com\/wp-content\/uploads\/2025\/10\/TBCT-01-Tennis-Ball-Compression-Tester-300x300.jpg\" alt=\"TBCT-01 Tenisa bumbi\u0146u kompresijas testeris\" width=\"300\" height=\"300\" srcset=\"https:\/\/www.qualitester.com\/wp-content\/uploads\/2025\/10\/TBCT-01-Tennis-Ball-Compression-Tester-300x300.jpg 300w, https:\/\/www.qualitester.com\/wp-content\/uploads\/2025\/10\/TBCT-01-Tennis-Ball-Compression-Tester-150x150.jpg 150w, https:\/\/www.qualitester.com\/wp-content\/uploads\/2025\/10\/TBCT-01-Tennis-Ball-Compression-Tester-12x12.jpg 12w, https:\/\/www.qualitester.com\/wp-content\/uploads\/2025\/10\/TBCT-01-Tennis-Ball-Compression-Tester-100x100.jpg 100w, https:\/\/www.qualitester.com\/wp-content\/uploads\/2025\/10\/TBCT-01-Tennis-Ball-Compression-Tester.jpg 600w\" sizes=\"(max-width: 300px) 100vw, 300px\" \/><\/p>\n<p data-start=\"4204\" data-end=\"4233\"><strong data-start=\"4204\" data-end=\"4231\">Galven\u0101s priek\u0161roc\u012bbas:<\/strong><\/p>\n<ul>\n<li data-start=\"4236\" data-end=\"4298\"><strong data-start=\"4236\" data-end=\"4255\">Piln\u012bga atbilst\u012bba<\/strong> ar <strong data-start=\"4261\" data-end=\"4274\">GBT 20045<\/strong> un <strong data-start=\"4279\" data-end=\"4295\">ITF TB 03\/01<\/strong>.<\/li>\n<li data-start=\"4301\" data-end=\"4364\"><strong data-start=\"4301\" data-end=\"4333\">Augstas precizit\u0101tes sp\u0113ka sensori<\/strong> deform\u0101cijas m\u0113r\u012bjumiem.<\/li>\n<li data-start=\"4367\" data-end=\"4459\"><strong data-start=\"4367\" data-end=\"4403\">Lietot\u0101jam draudz\u012bga programmat\u016bras saskarne<\/strong> autom\u0101tiskai datu ieg\u016b\u0161anai un p\u0101rskatu \u0123ener\u0113\u0161anai.<\/li>\n<li data-start=\"4462\" data-end=\"4537\"><strong data-start=\"4462\" data-end=\"4500\">Konsekventa pirmskompresijas kontrole<\/strong>, nov\u0113r\u0161ot operatora main\u012bgumu.<\/li>\n<li data-start=\"4540\" data-end=\"4611\"><strong data-start=\"4540\" data-end=\"4558\">Iztur\u012bgs dizains<\/strong> piem\u0113rots nep\u0101rtrauktai lieto\u0161anai laboratorij\u0101 vai r\u016bpn\u012bc\u0101.<\/li>\n<\/ul>\n<p><strong>Galvenais parametrs:<\/strong><\/p>\n<table style=\"height: 396px;\" width=\"361\">\n<tbody>\n<tr>\n<td width=\"167\">Testa diapazons<\/td>\n<td width=\"337\">20 kg<\/td>\n<\/tr>\n<tr>\n<td width=\"167\">Insults<\/td>\n<td width=\"337\">250 mm (bez pl\u0101ksn\u0113m)<\/td>\n<\/tr>\n<tr>\n<td width=\"167\">\u0100trums<\/td>\n<td width=\"337\">1-500 mm\/min (regul\u0113jams)<\/td>\n<\/tr>\n<tr>\n<td width=\"167\">Izspie\u0161anas precizit\u0101te<\/td>\n<td width=\"337\">+\/-0,01 mm<\/td>\n<\/tr>\n<tr>\n<td width=\"167\">Sp\u0113ka precizit\u0101te<\/td>\n<td width=\"337\">\u00b10,5 % F.S.<\/td>\n<\/tr>\n<tr>\n<td width=\"167\">Pl\u0101ksnes diametrs<\/td>\n<td width=\"337\">70 mm (l\u012bdz 100 mm)<\/td>\n<\/tr>\n<tr>\n<td width=\"167\">Vad\u012bba un lietot\u0101ja saskarne<\/td>\n<td width=\"337\">PLC + 7\u2033 HMI sk\u0101rienekr\u0101ns<\/td>\n<\/tr>\n<tr>\n<td width=\"167\">Datu izvade<\/td>\n<td width=\"337\">Ekr\u0101ns, mikroprinteris (p\u0113c izv\u0113les), RS-232 (p\u0113c izv\u0113les, PDF eksports)<\/td>\n<\/tr>\n<tr>\n<td width=\"167\">Power<\/td>\n<td width=\"337\">mai\u0146str\u0101va 110 ~ 220 V 50\/60 Hz<\/td>\n<\/tr>\n<\/tbody>\n<\/table>\n<p data-start=\"4613\" data-end=\"4810\">Integr\u0113jot TBCT-01 ra\u017eo\u0161anas vai p\u0101rbaudes procesos, lietot\u0101ji var nodro\u0161in\u0101t, ka katra bumbi\u0146a atbilst <strong data-start=\"4715\" data-end=\"4754\">starptautiskie sp\u0113l\u0113\u0161anas iesp\u0113ju standarti<\/strong>, uzlabojot produkta uzticam\u012bbu un z\u012bmola uzticam\u012bbu.<\/p>\n<hr data-start=\"4812\" data-end=\"4815\" \/>\n<h2 data-start=\"1163\" data-end=\"1217\">Tenisa bumbi\u0146as kompresijas testera noz\u012bme<\/h2>\n<p data-start=\"1219\" data-end=\"1516\">A <strong data-start=\"1221\" data-end=\"1255\">Tenisa bumbi\u0146as kompresijas testeris<\/strong> nodro\u0161ina, ka katra bumbi\u0146a atbilst standarta specifik\u0101cij\u0101m attiec\u012bb\u0101 uz deform\u0101ciju kontrol\u0113tos apst\u0101k\u013cos. Deform\u0101cija atspogu\u013co l\u012bdzsvaru starp iek\u0161\u0113jo spiedienu un gumijas elast\u012bbu, kas tie\u0161i ietekm\u0113 <strong data-start=\"1464\" data-end=\"1501\">\u0101trums, atl\u0113ciena augstums un vad\u012bba<\/strong> sp\u0113les laik\u0101.<\/p>\n<p data-start=\"1518\" data-end=\"1914\">Piem\u0113ram, profesion\u0101lajos tenisa turn\u012bros tiek pie\u0146emtas tikai t\u0101das bumbi\u0146as, kas iztur\u0113ju\u0161as <strong data-start=\"1596\" data-end=\"1619\">ITF tenisa noteikumi<\/strong> kompresijas un atsitiena. Neatbilsto\u0161as bumbas var main\u012bt ralliju \u0101trumu vai rad\u012bt negod\u012bgas priek\u0161roc\u012bbas kort\u0101. T\u0101p\u0113c prec\u012bza test\u0113\u0161ana ir b\u016btiska ne tikai ra\u017eot\u0101jiem, bet ar\u012b ra\u017eot\u0101jiem. <strong data-start=\"1818\" data-end=\"1872\">turn\u012bru organizatori, kvalit\u0101tes p\u0101rbaudes a\u0123ent\u016bras<\/strong>, un <strong data-start=\"1878\" data-end=\"1911\">sporta apr\u012bkojuma laboratorijas<\/strong>.<\/p>\n<hr data-start=\"1916\" data-end=\"1919\" \/>\n<h2 data-start=\"1921\" data-end=\"1958\">Test\u0113\u0161anas princips un proced\u016bra<\/h2>\n<p data-start=\"1960\" data-end=\"2144\">Test\u0113\u0161anas princips ir atvasin\u0101ts no <strong data-start=\"2002\" data-end=\"2042\">Deform\u0101cijas testa metode ITF TB 03\/01<\/strong>, kas ar\u012b nor\u0101d\u012bts <strong data-start=\"2062\" data-end=\"2075\">GBT 20045<\/strong>, kas nosaka tenisa bumbi\u0146u meh\u0101nisk\u0101s saspie\u0161anas procesu.<\/p>\n<p data-start=\"2146\" data-end=\"2392\">Pirms m\u0113r\u012b\u0161anas bumbi\u0146a ir <strong data-start=\"2178\" data-end=\"2196\">iepriek\u0161 saspiests<\/strong> att\u0101lum\u0101 <strong data-start=\"2219\" data-end=\"2239\">2,54 cm (1 colla)<\/strong> tr\u012bs reizes gar katru no trim perpendikul\u0101raj\u0101m as\u012bm. \u0160is iepriek\u0161\u0113jas sagatavo\u0161anas process nov\u0113r\u0161 lod\u012btes \u201ciestat\u012bjumu\u201d un nodro\u0161ina vien\u0101dus testa rezult\u0101tus.<\/p>\n<p data-start=\"2394\" data-end=\"2430\">P\u0113c tam, kad sagatavo\u0161ana ir pabeigta:<\/p>\n<ol>\n<li data-start=\"2435\" data-end=\"2515\">Bumba ir novietota starp <strong data-start=\"2462\" data-end=\"2486\">divas paral\u0113las pl\u0101ksnes<\/strong> kompresijas testeris.<\/li>\n<li data-start=\"2519\" data-end=\"2589\">A <strong data-start=\"2521\" data-end=\"2544\">iepriek\u0161 noteikts sp\u0113ks<\/strong> tiek pielikts gar lodes diametru.<\/li>\n<li data-start=\"2593\" data-end=\"2668\">Rezult\u0101t\u0101 <strong data-start=\"2607\" data-end=\"2641\">deform\u0101cija uz priek\u0161u un atpaka\u013c<\/strong> ir prec\u012bzi izm\u0113r\u012bti.<\/li>\n<li data-start=\"2672\" data-end=\"2746\">V\u0113rt\u012bbas tiek sal\u012bdzin\u0101tas ar ITF un GBT 20045 noteiktajiem standarta diapazoniem.<\/li>\n<\/ol>\n<p data-start=\"2748\" data-end=\"2908\">Lai bumbu var\u0113tu izmantot turn\u012br\u0101, tai ir ar\u012b j\u0101\u0161\u0137\u0113rso vai j\u0101ierobe\u017eo. <strong data-start=\"2829\" data-end=\"2853\">specifiski gredzenu m\u0113r\u012bt\u0101ji<\/strong> zem sava svara, nodro\u0161inot izm\u0113ru precizit\u0101ti:<\/p>\n<ul>\n<li data-start=\"2912\" data-end=\"2985\"><strong data-start=\"2912\" data-end=\"2932\">1. un 2. tipa lod\u012btes:<\/strong> J\u0101\u0161\u0137\u0113rso caur 6,86 cm, bet ne caur 6,54 cm.<\/li>\n<li data-start=\"2988\" data-end=\"3057\"><strong data-start=\"2988\" data-end=\"3004\">3. bumbas tips:<\/strong> J\u0101\u0161\u0137\u0113rso caur 7,30 cm, bet ne caur 7,00 cm.<\/li>\n<li data-start=\"3060\" data-end=\"3138\"><strong data-start=\"3060\" data-end=\"3085\">1. posms (Za\u013c\u0101 bumba):<\/strong> J\u0101\u0161\u0137\u0113rso caur 6,86 cm, bet ne caur 6,30 cm.<\/li>\n<\/ul>\n<p data-start=\"3140\" data-end=\"3247\">\u0160\u012bs prec\u012bz\u0101s pielaides nodro\u0161ina nemain\u012bgu diametru un deform\u0101cijas \u012bpa\u0161\u012bbas vis\u0101s ra\u017eo\u0161anas partij\u0101s.<\/p>\n<hr data-start=\"3249\" data-end=\"3252\" \/>\n<h2 data-start=\"3254\" data-end=\"3295\">Saist\u012bba ar ITF noteikumiem un GBT 20045<\/h2>\n<p data-start=\"3297\" data-end=\"3524\">Gan <strong data-start=\"3306\" data-end=\"3329\">ITF tenisa noteikumi<\/strong> un <strong data-start=\"3334\" data-end=\"3347\">GBT 20045<\/strong> uzsver, ka lodes deform\u0101cija j\u0101p\u0101rbauda, izmantojot apstiprin\u0101tu saspie\u0161anas ier\u012bci, piem\u0113ram, saspie\u0161anas ier\u012bci <strong data-start=\"3442\" data-end=\"3470\">modific\u0113ta St\u012bvensa ma\u0161\u012bna<\/strong> vai l\u012bdzv\u0113rt\u012bgu. Kompresijas testerim j\u0101b\u016bt:<\/p>\n<ul>\n<li data-start=\"3528\" data-end=\"3585\">Divi <strong data-start=\"3532\" data-end=\"3553\">identiskas pl\u0101tnes<\/strong> izl\u012bdzin\u0101ti aksi\u0101li un paral\u0113li.<\/li>\n<li data-start=\"3588\" data-end=\"3671\">A <strong data-start=\"3590\" data-end=\"3616\">sp\u0113ka m\u0113r\u012b\u0161anas ier\u012bce<\/strong> sp\u0113j re\u0123istr\u0113t deform\u0101cijas, kas pak\u013cautas pieliktai slodzei.<\/li>\n<li data-start=\"3674\" data-end=\"3744\">Stingra un kalibr\u0113ta konstrukcija, kas nodro\u0161ina m\u0113r\u012bjumu atk\u0101rtojam\u012bbu.<\/li>\n<\/ul>\n<p data-start=\"3746\" data-end=\"3923\">Port\u0101ls <strong data-start=\"3750\" data-end=\"3784\">Tenisa bumbi\u0146as deform\u0101cijas testeris<\/strong> pamatojoties uz \u0161iem principiem, nodro\u0161ina prec\u012bzus, reproduc\u0113jamus datus, kas ir b\u016btiski, lai p\u0101rbaud\u012btu bumbi\u0146as atbilst\u012bbu <strong data-start=\"3891\" data-end=\"3920\">ITF apstiprin\u0101juma pras\u012bbas<\/strong>.<\/p>\n<hr data-start=\"3925\" data-end=\"3928\" \/>\n<h2 data-start=\"4817\" data-end=\"4854\">K\u0101p\u0113c kompresijas test\u0113\u0161ana ir svar\u012bga<\/h2>\n<p data-start=\"4856\" data-end=\"5149\">Kompresijas test\u0113\u0161ana sniedz objekt\u012bvus datus par <strong data-start=\"4907\" data-end=\"4928\">saj\u016bta un reakcija<\/strong> tenisa bumbi\u0146as. P\u0101r\u0101k liela deform\u0101cija noz\u012bm\u0113, ka bumbi\u0146a ir <strong data-start=\"4986\" data-end=\"4998\">p\u0101r\u0101k m\u012bksts<\/strong>, t\u0101p\u0113c \u0101trums ir l\u0113n\u0101ks un atdeve maz\u0101ka. P\u0101r\u0101k maza deform\u0101cija nor\u0101da uz <strong data-start=\"5075\" data-end=\"5092\">p\u0101rm\u0113r\u012bga ciet\u012bba<\/strong>, kas var palielin\u0101t sp\u0113l\u0113t\u0101ju nogurumu un samazin\u0101t kontroli.<\/p>\n<p data-start=\"5151\" data-end=\"5446\">Ar <strong data-start=\"5163\" data-end=\"5197\">Tenisa bumbi\u0146as kompresijas testeris<\/strong>, \u0161\u012bs neliel\u0101s novirzes var kvantitat\u012bvi noteikt un kori\u0123\u0113t jau ra\u017eo\u0161anas s\u0101kum\u0101. \u0160\u0101da test\u0113\u0161anas pieeja pal\u012bdz ra\u017eot\u0101jiem saglab\u0101t stabilu veiktsp\u0113jas profilu vis\u0101s partij\u0101s, kas ir b\u016btiska pras\u012bba ITF sertifik\u0101cijai un klientu apmierin\u0101t\u012bbai.<\/p>\n<hr data-start=\"5448\" data-end=\"5451\" \/>\n<p data-start=\"5471\" data-end=\"5769\">Port\u0101ls <strong data-start=\"5475\" data-end=\"5509\">Tenisa bumbi\u0146as kompresijas testeris<\/strong> ir neaizst\u0101jams, lai nodro\u0161in\u0101tu tenisa bumbi\u0146u struktur\u0101lo integrit\u0101ti un viendab\u012bgumu. Iev\u0113rojot <strong data-start=\"5624\" data-end=\"5647\">ITF tenisa noteikumi<\/strong> un <strong data-start=\"5652\" data-end=\"5665\">GBT 20045<\/strong>, ra\u017eot\u0101ji var dro\u0161i ra\u017eot bumbas, kas atbilst starptautiskajiem profesion\u0101l\u0101s sp\u0113les standartiem.<\/p>\n<p data-start=\"5771\" data-end=\"5961\">Organiz\u0101cij\u0101m, kas mekl\u0113 uzticamus, prec\u012bzus un pras\u012bb\u0101m atbilsto\u0161us test\u0113\u0161anas risin\u0101jumus. <strong data-start=\"5856\" data-end=\"5884\">Cell instrumenti TBCT-01<\/strong> nodro\u0161ina ide\u0101lu izv\u0113li, l\u012bdzsvarojot precizit\u0101ti, efektivit\u0101ti un uzticam\u012bbu.<\/p>","protected":false},"excerpt":{"rendered":"<p>In the world of professional and recreational tennis, ball consistency plays a crucial role in ensuring fair play and athlete performance. To achieve this, manufacturers and quality inspectors rely on precise testing equipment like the Tennis Ball Compression Tester. This instrument evaluates how much a tennis ball deforms under a specific force, reflecting its elasticity, &hellip;<\/p>\n<p class=\"read-more\"> <a class=\"\" href=\"https:\/\/www.qualitester.com\/lv\/products-2\/tennis-ball-compression-tester\/\"> <span class=\"screen-reader-text\">TBCT-01 Tenisa bumbi\u0146u kompresijas testeris<\/span> Las\u012bt vair\u0101k \"<\/a><\/p>","protected":false},"featured_media":7510,"comment_status":"closed","ping_status":"closed","template":"","meta":{"site-sidebar-layout":"default","site-content-layout":"default","ast-global-header-display":"","ast-main-header-display":"","ast-hfb-above-header-display":"","ast-hfb-below-header-display":"","ast-hfb-mobile-header-display":"","site-post-title":"","ast-breadcrumbs-content":"","ast-featured-img":"","footer-sml-layout":"","theme-transparent-header-meta":"default","adv-header-id-meta":"","stick-header-meta":"","header-above-stick-meta":"","header-main-stick-meta":"","header-below-stick-meta":""},"product_cat":[1186],"product_tag":[],"class_list":{"0":"post-7508","1":"product","2":"type-product","3":"status-publish","4":"has-post-thumbnail","6":"product_cat-compression-tester","7":"desktop-align-left","8":"tablet-align-left","9":"mobile-align-left","11":"first","12":"instock","13":"shipping-taxable","14":"product-type-simple"},"_links":{"self":[{"href":"https:\/\/www.qualitester.com\/lv\/wp-json\/wp\/v2\/product\/7508","targetHints":{"allow":["GET"]}}],"collection":[{"href":"https:\/\/www.qualitester.com\/lv\/wp-json\/wp\/v2\/product"}],"about":[{"href":"https:\/\/www.qualitester.com\/lv\/wp-json\/wp\/v2\/types\/product"}],"replies":[{"embeddable":true,"href":"https:\/\/www.qualitester.com\/lv\/wp-json\/wp\/v2\/comments?post=7508"}],"version-history":[{"count":0,"href":"https:\/\/www.qualitester.com\/lv\/wp-json\/wp\/v2\/product\/7508\/revisions"}],"wp:featuredmedia":[{"embeddable":true,"href":"https:\/\/www.qualitester.com\/lv\/wp-json\/wp\/v2\/media\/7510"}],"wp:attachment":[{"href":"https:\/\/www.qualitester.com\/lv\/wp-json\/wp\/v2\/media?parent=7508"}],"wp:term":[{"taxonomy":"product_cat","embeddable":true,"href":"https:\/\/www.qualitester.com\/lv\/wp-json\/wp\/v2\/product_cat?post=7508"},{"taxonomy":"product_tag","embeddable":true,"href":"https:\/\/www.qualitester.com\/lv\/wp-json\/wp\/v2\/product_tag?post=7508"}],"curies":[{"name":"wp","href":"https:\/\/api.w.org\/{rel}","templated":true}]}}