{"id":6887,"date":"2025-07-14T16:04:43","date_gmt":"2025-07-14T08:04:43","guid":{"rendered":"https:\/\/www.qualitester.com\/?post_type=product&#038;p=6887"},"modified":"2025-07-14T16:04:44","modified_gmt":"2025-07-14T08:04:44","slug":"lamination-factor-tester","status":"publish","type":"product","link":"https:\/\/www.qualitester.com\/lv\/products-2\/lamination-factor-tester\/","title":{"rendered":"FTT-02 Lamin\u0113\u0161anas koeficienta testeris"},"content":{"rendered":"<p data-start=\"898\" data-end=\"1494\">Magn\u0113tisko materi\u0101lu, piem\u0113ram, elektrisko t\u0113raudu un amorfas sloksnes, ra\u017eo\u0161an\u0101, <strong data-start=\"985\" data-end=\"1006\">lamin\u0113\u0161anas faktors<\/strong> ir b\u016btiska noz\u012bme materi\u0101lu kvalit\u0101tes noteik\u0161an\u0101. Tas ietekm\u0113 motoru, transformatoru un citu elektromagn\u0113tisko komponentu efektivit\u0101ti. Lai nov\u0113rt\u0113tu \u0161o kritiski svar\u012bgo parametru, tiek veikts <strong data-start=\"1185\" data-end=\"1213\">lamin\u0113\u0161anas faktora testeris<\/strong> pied\u0101v\u0101 prec\u012bzu, standartiz\u0113tu m\u0113r\u012b\u0161anas metodi.<\/p>\n<h2 data-start=\"1501\" data-end=\"1555\">Kas ir lamin\u0113\u0161anas faktors un k\u0101p\u0113c tas ir svar\u012bgs?<\/h2>\n<p data-start=\"1557\" data-end=\"1870\"><strong data-start=\"1557\" data-end=\"1578\">Lamin\u0113\u0161anas faktors<\/strong>-ar\u012b paz\u012bstams k\u0101 <strong data-start=\"1593\" data-end=\"1623\">lamin\u0113\u0161anas krau\u0161anas koeficients<\/strong> vai <strong data-start=\"1627\" data-end=\"1643\">telpas faktors<\/strong>-ir attiec\u012bba starp patieso met\u0101la tilpumu un met\u0101la sloksn\u012b\u0161u kopuma \u0161\u0137ietamo tilpumu. Tas nosaka, cik efekt\u012bvi materi\u0101ls ir iepakots, \u0146emot v\u0113r\u0101 virsmas raupjuma, p\u0101rkl\u0101jumu un tuk\u0161umu starp sl\u0101\u0146iem ietekmi.<\/p>\n<p data-start=\"1872\" data-end=\"2095\">Magn\u0113tisk\u0101s serdes lietojumos augsts lamin\u0113\u0161anas koeficients samazina ener\u0123ijas zudumus un uzlabo veiktsp\u0113ju. T\u0101p\u0113c tas ir b\u016btisks kvalit\u0101tes nodro\u0161in\u0101\u0161anas parametrs. <strong data-start=\"2045\" data-end=\"2094\">elektrotehnikas, elektronikas un motoru r\u016bpniec\u012bba<\/strong>.<\/p>\n<h2 data-start=\"2102\" data-end=\"2153\">Lamin\u0113\u0161anas koeficienta testera darb\u012bbas princips<\/h2>\n<p data-start=\"2155\" data-end=\"2349\">A <strong data-start=\"2157\" data-end=\"2185\">lamin\u0113\u0161anas faktora testeris<\/strong> nosaka krau\u0161anas efektivit\u0101ti, sal\u012bdzinot izm\u0113r\u012bto krau\u0161anas tilpumu zem spiediena ar apr\u0113\u0137in\u0101to ciet\u0101s masas tilpumu, pamatojoties uz materi\u0101la masu un bl\u012bvumu.<\/p>\n<p data-start=\"2351\" data-end=\"2378\"><strong data-start=\"2351\" data-end=\"2378\">Galvenie test\u0113\u0161anas posmi ietver:<\/strong><\/p>\n<ul>\n<li data-start=\"2382\" data-end=\"2433\">Magn\u0113tisk\u0101 materi\u0101la sagrie\u0161ana vien\u0101d\u0101s sloksn\u0113s<\/li>\n<li data-start=\"2436\" data-end=\"2470\">Lentes sak\u0101rto\u0161ana vien\u0101d\u0101s k\u0101rt\u0101s<\/li>\n<li data-start=\"2473\" data-end=\"2520\">Standarta spiediena piem\u0113ro\u0161ana, izmantojot testeri<\/li>\n<li data-start=\"2523\" data-end=\"2562\">Saspiest\u0101 kaudzes augstuma m\u0113r\u012b\u0161ana<\/li>\n<li data-start=\"2565\" data-end=\"2619\">Lamin\u0113\u0161anas koeficienta apr\u0113\u0137in\u0101\u0161ana, izmantojot formulu:<\/li>\n<\/ul>\n<blockquote data-start=\"2622\" data-end=\"2862\">\n<p data-start=\"2624\" data-end=\"2862\"><strong data-start=\"2624\" data-end=\"2655\">S = m \/ (l - w - \u03b4 - h - k)<\/strong><br data-start=\"2655\" data-end=\"2658\" \/><em data-start=\"2662\" data-end=\"2670\">Kur:<\/em><br data-start=\"2670\" data-end=\"2673\" \/><em data-start=\"2677\" data-end=\"2680\">S<\/em> = lamin\u0113\u0161anas koeficients (%)<br data-start=\"2704\" data-end=\"2707\" \/><em data-start=\"2711\" data-end=\"2714\">m<\/em> = kaudzes masa<br data-start=\"2734\" data-end=\"2737\" \/><em data-start=\"2741\" data-end=\"2747\">l, w<\/em> = garums un platums<br data-start=\"2766\" data-end=\"2769\" \/><em data-start=\"2773\" data-end=\"2776\">\u03b4<\/em> = materi\u0101la bl\u012bvums<br data-start=\"2795\" data-end=\"2798\" \/><em data-start=\"2802\" data-end=\"2805\">h<\/em> = saspiests augstums<br data-start=\"2825\" data-end=\"2828\" \/><em data-start=\"2832\" data-end=\"2835\">k<\/em> = vien\u012bbas konstantes konversijas konstante<\/p>\n<\/blockquote>\n<p data-start=\"2864\" data-end=\"2978\">Lai atspogu\u013cotu nelielas vari\u0101cijas, kas var\u0113tu ietekm\u0113t krau\u0161anas koeficientu, \u0161im procesam ir nepiecie\u0161ama augsta m\u0113r\u012bjumu precizit\u0101te.<\/p>\n<h2 data-start=\"2985\" data-end=\"3038\">Standarti, uz kuriem atsaucas lamin\u0113\u0161anas faktora test\u0113\u0161an\u0101<\/h2>\n<p data-start=\"3040\" data-end=\"3181\">Nodro\u0161in\u0101t atbilst\u012bbu un konsekvenci vis\u0101 pasaul\u0113, <strong data-start=\"3085\" data-end=\"3114\">lamin\u0113\u0161anas faktoru testeri<\/strong> j\u0101atbilst atz\u012btiem standartiem. Visbie\u017e\u0101k min\u0113tie standarti ir \u0161\u0101di:<\/p>\n<h3 data-start=\"3183\" data-end=\"3217\"><a href=\"https:\/\/www.qualitester.com\/lv\/standards\/astm-a719\/\" target=\"_blank\" rel=\"noopener\">ASTM A719<\/a> - Magn\u0113tiskie materi\u0101li<\/h3>\n<p data-start=\"3219\" data-end=\"3436\">Defin\u0113 <strong data-start=\"3231\" data-end=\"3250\">standarta metode<\/strong> lamin\u0113\u0161anas koeficienta m\u0113r\u012b\u0161anai feromagn\u0113tiskos materi\u0101los. Taj\u0101 uzsvars likts uz vienm\u0113r\u012bgu spiedienu (parasti 50 psi), prec\u012bzu kaudzes augstuma m\u0113r\u012b\u0161anu un pareiziem masas un tilpuma apr\u0113\u0137iniem.<\/p>\n<h3 data-start=\"3438\" data-end=\"3479\">ASTM A900 - Amorf\u0101s magn\u0113tisk\u0101s lentes<\/h3>\n<p data-start=\"3481\" data-end=\"3668\">\u012apa\u0161i izstr\u0101d\u0101ts <strong data-start=\"3505\" data-end=\"3540\">pl\u0101nas, amorfas magn\u0113tisk\u0101s sloksnes.<\/strong>, \u0161ai metodei ir nepiecie\u0161ami izl\u012bdzin\u0101\u0161anas stiprin\u0101jumi, mikrometriskie m\u0113r\u012bjumi un r\u016bp\u012bga krau\u0161ana materi\u0101la jut\u012bguma d\u0113\u013c.<\/p>\n<h3 data-start=\"3670\" data-end=\"3716\">ASTM A683 - da\u013c\u0113ji apstr\u0101d\u0101ts elektrotehniskais t\u0113rauds<\/h3>\n<p data-start=\"3718\" data-end=\"3903\">Attiecas uz <strong data-start=\"3732\" data-end=\"3752\">ASTM A719 izmanto\u0161ana<\/strong> k\u0101 izraudz\u012bto test\u0113\u0161anas metodi. Taj\u0101 uzsv\u0113rts, ka augst\u0101ks lamin\u0113\u0161anas koeficients nor\u0101da uz lab\u0101ku kvalit\u0101ti, jo \u012bpa\u0161i glud\u0101kiem un biez\u0101kiem materi\u0101liem.<\/p>\n<h3 data-start=\"3905\" data-end=\"3956\">IEC 60404-13 - Glob\u0101lais elektrotehnisk\u0101 t\u0113rauda standarts<\/h3>\n<p data-start=\"3958\" data-end=\"4167\">Nodro\u0161ina <strong data-start=\"3967\" data-end=\"3995\">starptautisk\u0101s vadl\u012bnijas<\/strong> krau\u0161anas koeficienta m\u0113r\u012b\u0161anai visos elektrisko t\u0113raudu tipos. Tas prasa prec\u012bzu sv\u0113r\u0161anu, izm\u0113ru precizit\u0101ti un spiediena piem\u0113ro\u0161anu. <strong data-start=\"4145\" data-end=\"4166\">1,00 \u00b1 0,05 N\/mm\u00b2<\/strong>.<\/p>\n<h2 data-start=\"4174\" data-end=\"4245\">Iepaz\u012bstin\u0101m ar Cell Instruments FTT-02 lamin\u0113\u0161anas koeficienta testeri<\/h2>\n<p data-start=\"4247\" data-end=\"4437\">Laboratorij\u0101m un ra\u017eo\u0161anas vid\u0113m, kur\u0101s nepiecie\u0161ama uzticama lamin\u0113\u0161anas faktoru p\u0101rbaude, ir paredz\u0113ts <strong data-start=\"4342\" data-end=\"4377\">FTT-02 Lamin\u0113\u0161anas koeficienta testeris<\/strong> no <strong data-start=\"4383\" data-end=\"4403\">\u0160\u016bnu instrumenti<\/strong> ir profesion\u0101ls risin\u0101jums.<\/p>\n<h3>Galven\u0101s funkcijas:<\/h3>\n<ul>\n<li data-start=\"4459\" data-end=\"4498\"><strong data-start=\"4459\" data-end=\"4474\">Testa diapazons:<\/strong> 0-2 mm (piel\u0101gojama)<\/li>\n<li data-start=\"4501\" data-end=\"4563\"><strong data-start=\"4501\" data-end=\"4516\">Rezol\u016bcija:<\/strong> 0,1 \u03bcm prec\u012bziem kaudzes augstuma m\u0113r\u012bjumiem<\/li>\n<li data-start=\"4566\" data-end=\"4625\"><strong data-start=\"4566\" data-end=\"4584\">Testa spiediens:<\/strong> 50 \u00b1 0,5 kPa (standarta, saska\u0146\u0101 ar ASTM A719)<\/li>\n<li data-start=\"4628\" data-end=\"4692\"><strong data-start=\"4628\" data-end=\"4646\">Indentera izm\u0113rs:<\/strong> \u00d814-17 mm (regul\u0113jams atbilsto\u0161i paraugu tipam)<\/li>\n<li data-start=\"4695\" data-end=\"4766\"><strong data-start=\"4695\" data-end=\"4714\">Kompakts dizains:<\/strong> 461 \u00d7 334 \u00d7 357 mm, piem\u0113rots da\u017e\u0101d\u0101m laboratorijas iek\u0101rt\u0101m<\/li>\n<\/ul>\n<p data-start=\"4768\" data-end=\"4944\">FTT-02 ir paredz\u0113ts <strong data-start=\"4797\" data-end=\"4824\">viegla paraugu piel\u012bdzin\u0101\u0161ana<\/strong>, <strong data-start=\"4826\" data-end=\"4858\">automatiz\u0113ti augstuma m\u0113r\u012bjumi<\/strong>, un <strong data-start=\"4864\" data-end=\"4891\">stabila spiediena kontrole<\/strong>, kas nodro\u0161ina \u013coti prec\u012bzus lamin\u0113\u0161anas koeficienta rezult\u0101tus.<\/p>\n<h3 data-start=\"4946\" data-end=\"4971\">Piem\u0113rojamie materi\u0101li:<\/h3>\n<ul>\n<li data-start=\"4974\" data-end=\"5028\"><strong data-start=\"4974\" data-end=\"5026\">Neorient\u0113ti un orient\u0113ti p\u0113c grauda strukt\u016bras elektrotehniskie t\u0113raudi<\/strong><\/li>\n<li data-start=\"5031\" data-end=\"5082\"><strong data-start=\"5031\" data-end=\"5080\">Amorfas un nanokrist\u0101liskas magn\u0113tisk\u0101s sloksnes<\/strong><\/li>\n<li data-start=\"5085\" data-end=\"5141\"><strong data-start=\"5085\" data-end=\"5141\">Elektromateri\u0101li ar pl\u0101nu p\u0101rkl\u0101jumu, ko izmanto motoru serde\u0146os<\/strong><\/li>\n<\/ul>\n<p data-start=\"5143\" data-end=\"5256\">Iev\u0113rojot ASTM un IEC test\u0113\u0161anas proced\u016bras, FTT-02 samazina cilv\u0113ka k\u013c\u016bdas un uzlabo rezult\u0101tu atk\u0101rtojam\u012bbu.<\/p>\n<h2 data-start=\"5263\" data-end=\"5321\">Lamin\u0113\u0161anas faktoru test\u0113\u0161anas pielietojums un priek\u0161roc\u012bbas<\/h2>\n<p data-start=\"5323\" data-end=\"5366\">Lamin\u0113\u0161anas faktora tests ir b\u016btisks:<\/p>\n<ul>\n<li data-start=\"5370\" data-end=\"5413\"><strong data-start=\"5370\" data-end=\"5411\">Transformatoru un motoru serdes ra\u017eo\u0161ana<\/strong><\/li>\n<li data-start=\"5416\" data-end=\"5455\"><strong data-start=\"5416\" data-end=\"5453\">Magn\u0113tisko materi\u0101lu kvalit\u0101tes kontrole<\/strong><\/li>\n<li data-start=\"5458\" data-end=\"5507\"><strong data-start=\"5458\" data-end=\"5505\">P\u0113tniec\u012bbas un izstr\u0101des laboratorijas, kas nov\u0113rt\u0113 jaunus sakaus\u0113jumus un p\u0101rkl\u0101jumus.<\/strong><\/li>\n<li data-start=\"5510\" data-end=\"5579\"><strong data-start=\"5510\" data-end=\"5579\">Atbilst\u012bbas nov\u0113rt\u0113\u0161ana starptautiskai nos\u016bt\u012b\u0161anai vai sertific\u0113\u0161anai<\/strong><\/li>\n<\/ul>\n<h3 data-start=\"5581\" data-end=\"5598\">Galvenie ieguvumi:<\/h3>\n<ul>\n<li>tuk\u0161umu, nel\u012bdzenumu un p\u0101rkl\u0101juma ietekmes noteik\u0161ana<\/li>\n<li>Nodro\u0161ina materi\u0101lu kvalit\u0101ti un konsekvenci.<\/li>\n<li>Pal\u012bdz optimiz\u0113t lamin\u0113\u0161anas dizainu un procesa parametrus.<\/li>\n<li>Atbalsta atbilst\u012bbu <strong data-start=\"5781\" data-end=\"5794\">ASTM A719<\/strong>, <strong data-start=\"5796\" data-end=\"5804\">A900<\/strong>, un <strong data-start=\"5810\" data-end=\"5826\">IEC 60404-13<\/strong><\/li>\n<\/ul>\n<p data-start=\"5849\" data-end=\"6157\">Izpratne un kontrole <strong data-start=\"5883\" data-end=\"5904\">lamin\u0113\u0161anas faktors<\/strong> magn\u0113tiskie materi\u0101li ir \u013coti svar\u012bgi energoefekt\u012bvu produktu izstr\u0101d\u0113 un ra\u017eo\u0161an\u0101. Lai veiktu prec\u012bzus m\u0113r\u012bjumus, nepiecie\u0161amas prec\u012bzas iek\u0101rtas, kas atbilst starptautiskajiem standartiem, piem\u0113ram. <strong data-start=\"6091\" data-end=\"6104\">ASTM A719<\/strong>, <strong data-start=\"6106\" data-end=\"6119\">ASTM A900<\/strong>, <strong data-start=\"6121\" data-end=\"6134\">ASTM A683<\/strong>, un <strong data-start=\"6140\" data-end=\"6156\">IEC 60404-13<\/strong>.<\/p>\n<p data-start=\"6159\" data-end=\"6527\">Port\u0101ls <strong data-start=\"6163\" data-end=\"6198\">FTT-02 Lamin\u0113\u0161anas koeficienta testeris<\/strong> l\u012bdz <strong data-start=\"6202\" data-end=\"6222\">\u0160\u016bnu instrumenti<\/strong> pied\u0101v\u0101 nozar\u0113 lab\u0101ko precizit\u0101ti, lietot\u0101jam draudz\u012bgu lieto\u0161anu un piln\u012bgu atbilst\u012bbu glob\u0101lajiem test\u0113\u0161anas protokoliem. Neatkar\u012bgi no t\u0101, vai esat materi\u0101lu in\u017eenieris, kvalit\u0101tes nodro\u0161in\u0101\u0161anas vad\u012bt\u0101js vai magn\u0113tisko komponentu ra\u017eot\u0101js, \u0161is instruments nodro\u0161ina, ka j\u016bsu lamin\u0113\u0161anas faktora rezult\u0101ti ir atbilsto\u0161i. <strong data-start=\"6485\" data-end=\"6526\">uzticami, izsekojami un profesion\u0101li<\/strong>.<\/p>\n<hr data-start=\"6529\" data-end=\"6532\" \/>\n<h2 data-start=\"6534\" data-end=\"6542\">Bie\u017e\u0101k uzdotie jaut\u0101jumi<\/h2>\n<p data-start=\"6544\" data-end=\"6758\"><strong data-start=\"6544\" data-end=\"6601\">1. K\u0101ds ir lamin\u0113\u0161anas faktora testera m\u0113r\u0137is?<\/strong><br data-start=\"6601\" data-end=\"6604\" \/>Tas nosaka, cik efekt\u012bvi magn\u0113tisk\u0101s lentes ir sakrautas, apr\u0113\u0137inot ciet\u0101 met\u0101la tilpuma attiec\u012bbu pret kop\u0113jo tilpumu, kas nor\u0101da materi\u0101la kvalit\u0101ti.<\/p>\n<p data-start=\"6760\" data-end=\"6960\"><strong data-start=\"6760\" data-end=\"6832\">2. K\u0101di standarti j\u0101iev\u0113ro lamin\u0113\u0161anas faktora test\u0113\u0161an\u0101?<\/strong><br data-start=\"6832\" data-end=\"6835\" \/>Attiec\u012bgie standarti ir \u0161\u0101di. <a href=\"https:\/\/www.astm.org\/a0719_a0719m-14r19.html\" target=\"_blank\" rel=\"noopener nofollow\"><strong data-start=\"6862\" data-end=\"6875\">ASTM A719<\/strong><\/a>, <a href=\"https:\/\/www.astm.org\/a0900_a0900m-01r18.html\" target=\"_blank\" rel=\"noopener nofollow\"><strong data-start=\"6877\" data-end=\"6890\">ASTM A900<\/strong><\/a>, <a href=\"https:\/\/www.astm.org\/a0683-16.html\" target=\"_blank\" rel=\"noopener nofollow\"><strong data-start=\"6892\" data-end=\"6905\">ASTM A683<\/strong><\/a>, un <strong data-start=\"6911\" data-end=\"6927\">IEC 60404-13<\/strong>atkar\u012bb\u0101 no materi\u0101la veida.<\/p>\n<p data-start=\"6962\" data-end=\"7176\"><strong data-start=\"6962\" data-end=\"7018\">3. Vai FTT-02 var izmantot pl\u0101n\u0101m amorf\u0101m sloksn\u0113m?<\/strong><br data-start=\"7018\" data-end=\"7021\" \/>J\u0101, FTT-02 atbalsta da\u017e\u0101dus materi\u0101lus, tostarp <strong data-start=\"7074\" data-end=\"7108\">pl\u0101nas amorfas magn\u0113tisk\u0101s sloksnes<\/strong>, pateicoties regul\u0113jamam spiedienam un augstas iz\u0161\u0137irtsp\u0113jas m\u0113r\u012bjumiem.<\/p>\n<p data-start=\"7178\" data-end=\"7342\"><strong data-start=\"7178\" data-end=\"7227\">4. K\u0101di faktori ietekm\u0113 lamin\u0113\u0161anas koeficientu?<\/strong><br data-start=\"7227\" data-end=\"7230\" \/>Virsmas p\u0101rkl\u0101jumi, materi\u0101la raupjums, oks\u012bdu sl\u0101\u0146i un gaisa spraugas starp sloksn\u0113m var pazemin\u0101t lamin\u0113\u0161anas koeficientu.<\/p>\n<p data-start=\"7344\" data-end=\"7555\"><strong data-start=\"7344\" data-end=\"7408\">5. K\u0101 lamin\u0113\u0161anas faktors ietekm\u0113 elektrisko veiktsp\u0113ju?<\/strong><br data-start=\"7408\" data-end=\"7411\" \/>Augst\u0101ks lamin\u0113\u0161anas koeficients noz\u012bm\u0113 lab\u0101ku magn\u0113tisko savienojumu un maz\u0101kus ener\u0123ijas zudumus, uzlabojot motoru, transformatoru un induktoru efektivit\u0101ti.<\/p>","protected":false},"excerpt":{"rendered":"<p>In the manufacturing of magnetic materials like electrical steel and amorphous strips, lamination factor plays a vital role in determining material quality. It affects the efficiency of motors, transformers, and other electromagnetic components. To assess this critical parameter, a lamination factor tester offers a precise, standardized method for measurement. What Is Lamination Factor and Why &hellip;<\/p>\n<p class=\"read-more\"> <a class=\"\" href=\"https:\/\/www.qualitester.com\/lv\/products-2\/lamination-factor-tester\/\"> <span class=\"screen-reader-text\">FTT-02 Lamin\u0113\u0161anas koeficienta testeris<\/span> Las\u012bt vair\u0101k \"<\/a><\/p>","protected":false},"featured_media":6912,"comment_status":"closed","ping_status":"closed","template":"","meta":{"site-sidebar-layout":"default","site-content-layout":"default","ast-global-header-display":"","ast-main-header-display":"","ast-hfb-above-header-display":"","ast-hfb-below-header-display":"","ast-hfb-mobile-header-display":"","site-post-title":"","ast-breadcrumbs-content":"","ast-featured-img":"","footer-sml-layout":"","theme-transparent-header-meta":"default","adv-header-id-meta":"","stick-header-meta":"","header-above-stick-meta":"","header-main-stick-meta":"","header-below-stick-meta":""},"product_cat":[845,1184,1182,1183,937,1185,962,674,672],"product_tag":[],"class_list":{"0":"post-6887","1":"product","2":"type-product","3":"status-publish","4":"has-post-thumbnail","6":"product_cat-customization","7":"product_cat-astm-a683","8":"product_cat-astm-a719","9":"product_cat-astm-a900","10":"product_cat-electronic-product-tester","11":"product_cat-iec-60404-13","12":"product_cat-thickness-gauges","13":"product_cat-test-items","14":"product_cat-applied-materials","15":"desktop-align-left","16":"tablet-align-left","17":"mobile-align-left","19":"first","20":"instock","21":"shipping-taxable","22":"product-type-simple"},"_links":{"self":[{"href":"https:\/\/www.qualitester.com\/lv\/wp-json\/wp\/v2\/product\/6887","targetHints":{"allow":["GET"]}}],"collection":[{"href":"https:\/\/www.qualitester.com\/lv\/wp-json\/wp\/v2\/product"}],"about":[{"href":"https:\/\/www.qualitester.com\/lv\/wp-json\/wp\/v2\/types\/product"}],"replies":[{"embeddable":true,"href":"https:\/\/www.qualitester.com\/lv\/wp-json\/wp\/v2\/comments?post=6887"}],"version-history":[{"count":0,"href":"https:\/\/www.qualitester.com\/lv\/wp-json\/wp\/v2\/product\/6887\/revisions"}],"wp:featuredmedia":[{"embeddable":true,"href":"https:\/\/www.qualitester.com\/lv\/wp-json\/wp\/v2\/media\/6912"}],"wp:attachment":[{"href":"https:\/\/www.qualitester.com\/lv\/wp-json\/wp\/v2\/media?parent=6887"}],"wp:term":[{"taxonomy":"product_cat","embeddable":true,"href":"https:\/\/www.qualitester.com\/lv\/wp-json\/wp\/v2\/product_cat?post=6887"},{"taxonomy":"product_tag","embeddable":true,"href":"https:\/\/www.qualitester.com\/lv\/wp-json\/wp\/v2\/product_tag?post=6887"}],"curies":[{"name":"wp","href":"https:\/\/api.w.org\/{rel}","templated":true}]}}