{"id":6425,"date":"2025-01-10T11:09:00","date_gmt":"2025-01-10T03:09:00","guid":{"rendered":"https:\/\/www.qualitester.com\/?post_type=product&#038;p=6425"},"modified":"2025-01-10T11:23:17","modified_gmt":"2025-01-10T03:23:17","slug":"iso-7864-needle-penetration-force-measurement-instrument","status":"publish","type":"product","link":"https:\/\/www.qualitester.com\/lv\/products-2\/iso-7864-needle-penetration-force-measurement-instrument\/","title":{"rendered":"NPD-01 Adatu iespie\u0161an\u0101s un vilk\u0161anas sp\u0113ka testeris"},"content":{"rendered":"<p>Port\u0101ls <strong>NPD-01 Adatu iespie\u0161an\u0101s un vilk\u0161anas sp\u0113ka testeris<\/strong> ir moderns instruments, kas paredz\u0113ts prec\u012bzai zem\u0101das adatu iespie\u0161an\u0101s sp\u0113ka m\u0113r\u012b\u0161anai. Tas nodro\u0161ina atbilst\u012bbu starptautiskajiem test\u0113\u0161anas standartiem, piem\u0113ram. <a href=\"https:\/\/www.qualitester.com\/lv\/produkta-kategorija\/iso\/iso-7864\/\" target=\"_blank\" rel=\"noopener\"><strong>ISO 7864<\/strong><\/a> un <strong>GB 15811<\/strong>, kas pied\u0101v\u0101 stabilu risin\u0101jumu adatu veiktsp\u0113jas test\u0113\u0161anai da\u017e\u0101dos medic\u012bniskos lietojumos, tostarp injekciju ier\u012bc\u0113s, test\u0113\u0161anas adat\u0101s un citos biomedic\u012bnas produktos.<\/p>\n<h2>Iespie\u0161an\u0101s un vilk\u0161anas sp\u0113ka testa pielietojums<\/h2>\n<p>Port\u0101ls <strong>Adatas iespie\u0161an\u0101s sp\u0113ka m\u0113r\u012b\u0161anas instruments<\/strong> ir b\u016btiska adatu test\u0113\u0161anai, ko izmanto da\u017e\u0101d\u0101s medic\u012bnas, farm\u0101cijas un p\u0113tniec\u012bbas jom\u0101s. Galven\u0101s pielietojuma jomas ir \u0161\u0101das:<\/p>\n<ul>\n<li><strong>Medic\u012bnisk\u0101s ier\u012bces un farm\u0101cijas produkti<\/strong>: Nodro\u0161in\u0101t, lai zem\u0101das adatas, lancetes un citas asas medic\u012bnisk\u0101s ier\u012bces tiktu ievietoti vienm\u0113r\u012bgi, mazinot s\u0101pes un vienlaikus saglab\u0101jot uzticam\u012bbu kl\u012bniskaj\u0101 vid\u0113.<\/li>\n<li><strong>Adatu ra\u017eot\u0101ji<\/strong>: Kvalit\u0101tes nodro\u0161in\u0101\u0161ana zem\u0101das adatu, \u0161\u013cir\u010du un citu uz adat\u0101m balst\u012btu instrumentu ra\u017eo\u0161anas l\u012bnij\u0101s.<\/li>\n<li><strong>Medic\u012bniskie p\u0113t\u012bjumi<\/strong>: Jaunu adatu konstrukciju un formul\u0113jumu test\u0113\u0161ana, lai uzlabotu kl\u012bniskos rezult\u0101tus.<\/li>\n<li><strong>Iepakojums<\/strong>: Nodro\u0161in\u0101t, lai adatu un \u0161\u013cir\u010du medic\u012bniskais iepakojums b\u016btu pien\u0101c\u012bgi konstru\u0113ts t\u0101, lai iztur\u0113tu sp\u0113ku, kas saist\u012bts ar adatu ievieto\u0161anu un z\u0101\u013cu pieg\u0101des sist\u0113m\u0101m.<\/li>\n<\/ul>\n<h2>Nepiecie\u0161am\u012bba veikt adatas iek\u013c\u016b\u0161anas test\u0113\u0161anu<\/h2>\n<p>Izpratne par <strong>adatu iespie\u0161an\u0101s testa metode<\/strong> ir b\u016btiska, lai nodro\u0161in\u0101tu medic\u012bnisko adatu ier\u012b\u010du dro\u0161\u012bbu un efektivit\u0101ti. Test\u0113\u0161ana <strong>iespie\u0161an\u0101s sp\u0113ks<\/strong> un <strong>pretest\u012bbas sp\u0113ks<\/strong> kalpo diviem m\u0113r\u0137iem:<\/p>\n<ol>\n<li><strong>Pacienta komforts<\/strong>: P\u0101rm\u0113r\u012bgs sp\u0113ks vai berze var izrais\u012bt s\u0101pes, trauksmi un komplik\u0101cijas injekcijas laik\u0101. Izv\u0113rt\u0113jot ievieto\u0161anai un kust\u012bbai nepiecie\u0161amo sp\u0113ku, ra\u017eot\u0101ji var izstr\u0101d\u0101t adatas, kas samazina diskomfortu.<\/li>\n<li><strong>Kl\u012bnisk\u0101 efektivit\u0101te<\/strong>: Efekt\u012bvai adatu ievieto\u0161anai ir iz\u0161\u0137iro\u0161a noz\u012bme kl\u012bniskajos apst\u0101k\u013cos. Adat\u0101m ir viegli j\u0101iek\u013c\u016bst \u0101d\u0101 vai audos, ta\u010du t\u0101s nedr\u012bkst izrais\u012bt audu boj\u0101jumus vai ietekm\u0113t z\u0101\u013cu pieg\u0101des kvalit\u0101ti.<\/li>\n<li><strong>Ties\u012bbu aktu atbilst\u012bba<\/strong>: Starptautiskie standarti, piem\u0113ram. <strong>ISO 7864<\/strong> un <strong>GB 15811<\/strong> piepras\u012bt, lai adatas atbilstu konkr\u0113tiem veiktsp\u0113jas krit\u0113rijiem. . <strong>NPD-01 testeris<\/strong> garant\u0113 \u0161o noteikumu iev\u0113ro\u0161anu, samazinot neatbilst\u012bbas risku.<\/li>\n<\/ol>\n<p>Bez prec\u012bzas test\u0113\u0161anas uz adat\u0101m balst\u012bti produkti var b\u016bt k\u013c\u016bdaini \u0161\u0101d\u0101s svar\u012bg\u0101s jom\u0101s. <strong>sterilit\u0101te<\/strong>, <strong>iesmidzin\u0101\u0161anas gludums<\/strong>, un <strong>lietot\u0101ja pieredze<\/strong>, kas var izrais\u012bt kl\u012bniskas komplik\u0101cijas un diskomfortu pacientam. T\u0101p\u0113c <strong>adatu iespie\u0161an\u0101s tests<\/strong> nav tikai tehnisks jaut\u0101jums, bet gan nepiecie\u0161am\u012bba vesel\u012bbas apr\u016bpes sist\u0113mas integrit\u0101tes nodro\u0161in\u0101\u0161anai.<\/p>\n<h2>Adatas iespie\u0161anas testa metode<\/h2>\n<p>Port\u0101ls <strong>NPD-01 Adatas iespie\u0161an\u0101s sp\u0113ka m\u0113r\u012b\u0161anas instruments<\/strong> darbojas p\u0113c sare\u017e\u0123\u012bta, bet lietot\u0101jam draudz\u012bga principa:<\/p>\n<ol>\n<li><strong>Iestat\u012b\u0161ana<\/strong>: Test\u0113jamo adatu nostiprina viet\u0101, izmantojot \u0101r\u0113jo luer konusveida savienot\u0101ju, kas savienojas ar adatu. <strong>slodzes kamera<\/strong>.<\/li>\n<li><strong>Substr\u0101ta ievieto\u0161ana<\/strong>: Adatu kontrol\u0113t\u0101 \u0101trum\u0101 p\u0101rvieto pret konkr\u0113tu substr\u0101tu (piem\u0113ram, \u0101dai l\u012bdz\u012bgiem materi\u0101liem vai sint\u0113tiskiem audiem).<\/li>\n<li><strong>Sp\u0113ka m\u0113r\u012b\u0161ana<\/strong>: Ievieto\u0161anas laik\u0101 <strong>slodzes kamera<\/strong> nep\u0101rtraukti m\u0113ra sp\u0113ku, kas tiek pielikts, adatai iek\u013c\u016bstot materi\u0101l\u0101. \u0160is sp\u0113ks tiek re\u0123istr\u0113ts da\u017e\u0101dos ievad\u012b\u0161anas procesa posmos.<\/li>\n<li><strong>Vilces sp\u0113ka nov\u0113rt\u0113jums<\/strong>: P\u0113c s\u0101kotn\u0113j\u0101s iek\u013c\u016b\u0161anas <strong>pretest\u012bbas sp\u0113ks<\/strong> vai tiek m\u0113r\u012bts berzes sp\u0113ks, kas nepiecie\u0161ams, lai adatu virz\u012btu caur materi\u0101lu. Tas ir b\u016btisks r\u0101d\u012bt\u0101js adatas darb\u012bbai faktisk\u0101s lieto\u0161anas laik\u0101.<\/li>\n<li><strong>Datu izvade<\/strong>: Sist\u0113ma izvada datus, izmantojot intuit\u012bvu <strong>HMI sk\u0101rienekr\u0101ns<\/strong> un izdruk\u0101 rezult\u0101tus, izmantojot integr\u0113to <b>mikroprinteris<\/b>.<\/li>\n<\/ol>\n<p>Test\u0101 ieg\u016btie sp\u0113ka r\u0101d\u012bjumi sniedz detaliz\u0113tu priek\u0161statu gan par <strong>s\u0101kotn\u0113jais maksim\u0101lais iespie\u0161an\u0101s sp\u0113ks<\/strong> un <strong>berzes sp\u0113ki<\/strong>, padarot to par v\u0113rt\u012bgu r\u012bku kvalit\u0101tes kontrolei, p\u0113tniec\u012bbai un izstr\u0101dei un normat\u012bvo aktu iev\u0113ro\u0161anai.<\/p>\n<h2>Adatu vilk\u0161anas sp\u0113ka testera tehnisk\u0101 specifik\u0101cija<\/h2>\n<p>\u0160eit ir <strong>galven\u0101s tehnisk\u0101s \u012bpa\u0161\u012bbas<\/strong> no <strong>NPD-01 Adatu iespie\u0161an\u0101s un vilk\u0161anas sp\u0113ka testeris<\/strong>:<\/p>\n<table>\n<tbody>\n<tr>\n<td width=\"144\">Slodzes kamera<\/td>\n<td width=\"276\">50N (vai p\u0113c vajadz\u012bbas)<\/td>\n<\/tr>\n<tr>\n<td width=\"144\">Testa \u0101trums<\/td>\n<td width=\"276\">1 ~ 500 mm\/min<\/td>\n<\/tr>\n<tr>\n<td width=\"144\">Sp\u0113ka precizit\u0101te<\/td>\n<td width=\"276\">0,5% F.S.<\/td>\n<\/tr>\n<tr>\n<td width=\"144\">Precizit\u0101te<\/td>\n<td width=\"276\">0,01 mm<\/td>\n<\/tr>\n<tr>\n<td width=\"144\">Power<\/td>\n<td width=\"276\">110~220V<\/td>\n<\/tr>\n<\/tbody>\n<\/table>\n<h2>Adatas iespie\u0161an\u0101s sp\u0113ka testera tehnisk\u0101 iez\u012bme<\/h2>\n<ol>\n<li><strong>Precizit\u0101te un uzticam\u012bba<\/strong>: Ar precizit\u0101ti 0,01 mm un sp\u0113ka m\u0113r\u012b\u0161anas precizit\u0101ti 0,5%.<\/li>\n<li><strong>Daudzpus\u012bba<\/strong>: Instruments ir piem\u0113rots da\u017e\u0101du izm\u0113ru un veidu adat\u0101m, kas \u013cauj veikt vispus\u012bgu test\u0113\u0161anu visda\u017e\u0101d\u0101kaj\u0101m medic\u012bnas ier\u012bc\u0113m.<\/li>\n<li><strong>Lieto\u0161anas \u0113rtums<\/strong>: PLC kontrol\u0113ta sist\u0113ma un intuit\u012bva <strong>HMI sk\u0101rienekr\u0101ns<\/strong> \u013cauj operatoriem viegli iestat\u012bt, uzraudz\u012bt un interpret\u0113t testus.<\/li>\n<li><strong>Piel\u0101go\u0161ana<\/strong>: Main\u012bgie \u0101truma iestat\u012bjumi un regul\u0113jamais iespie\u0161an\u0101s dzi\u013cums nodro\u0161ina, ka ier\u012bci var piel\u0101got \u012bpa\u0161\u0101m test\u0113\u0161anas pras\u012bb\u0101m.<\/li>\n<li><strong>Atbilst\u012bba standartiem<\/strong>: Piln\u012bb\u0101 atbilst starptautiskajiem standartiem, piem\u0113ram. <strong>ISO 7864<\/strong> un <strong>GB 15811<\/strong>, t\u0101p\u0113c tas ir piem\u0113rots regulat\u012bvai test\u0113\u0161anai da\u017e\u0101dos re\u0123ionos.<\/li>\n<\/ol>\n<h2>Adatas iespie\u0161anas testa standarts<\/h2>\n<p>Port\u0101ls <strong>NPD-01 Adatas iespie\u0161an\u0101s sp\u0113ka m\u0113r\u012b\u0161anas instruments<\/strong> atbilst da\u017e\u0101diem starptautiskiem standartiem, t\u0101p\u0113c ir piem\u0113rots medic\u012bniskajiem un farmaceitiskajiem testiem vis\u0101 pasaul\u0113:<\/p>\n<h3><strong><a href=\"https:\/\/www.iso.org\/standard\/60481.html\" target=\"_blank\" rel=\"nofollow noopener\">ISO 7864<\/a> D pielikums<\/strong><\/h3>\n<ul>\n<li>Nor\u0101da testa metodi, ar kuru m\u0113ra <strong>iespie\u0161an\u0101s sp\u0113ks<\/strong> un <strong>pretest\u012bbas sp\u0113ks<\/strong> adatas, kas ir \u013coti svar\u012bgi, lai nodro\u0161in\u0101tu to veiktsp\u0113ju lieto\u0161anas laik\u0101.<\/li>\n<\/ul>\n<h3><strong>GB 15811<\/strong><\/h3>\n<ul>\n<li>\u0160aj\u0101 \u0136\u012bnas standart\u0101 izkl\u0101st\u012btas \u012bpa\u0161as metodes <strong>adatu iespie\u0161an\u0101s tests<\/strong>, kas NPD-01 ir iev\u0113rots.<\/li>\n<\/ul>\n<p>\u0160\u012b instrumenta izmanto\u0161ana nodro\u0161ina, ka j\u016bsu produkti atbilst augst\u0101kajiem nozares standartiem un ir piem\u0113roti regulat\u012bvajam apstiprin\u0101jumam da\u017e\u0101dos tirgos.<\/p>\n<h2>Atbalsts un apm\u0101c\u012bba<\/h2>\n<p>Cell Instruments nodro\u0161ina <strong>visaptvero\u0161s atbalsts un apm\u0101c\u012bba<\/strong> lai pal\u012bdz\u0113tu lietot\u0101jiem maksim\u0101li izmantot <strong>NPD-01 Adatas iespie\u0161an\u0101s sp\u0113ka m\u0113r\u012b\u0161anas instruments<\/strong>:<\/p>\n<ul>\n<li><strong>Lietot\u0101ju apm\u0101c\u012bba<\/strong>: M\u016bsu m\u0101c\u012bbu programmas ir piel\u0101gotas t\u0101, lai pal\u012bdz\u0113tu jums izprast instrumenta darb\u012bbu un principus. <strong>adatu test\u0113\u0161ana<\/strong>.<\/li>\n<li><strong>Tehniskais atbalsts<\/strong>: M\u0113s pied\u0101v\u0101jam past\u0101v\u012bgu tehnisko atbalstu probl\u0113mu nov\u0113r\u0161anai, apkopei un kalibr\u0113\u0161anai.<\/li>\n<li><strong>Kalibr\u0113\u0161anas pakalpojumi<\/strong>: Lai nodro\u0161in\u0101tu nep\u0101rtrauktu precizit\u0101ti, m\u0113s katru gadu sniedzam profesion\u0101lus kalibr\u0113\u0161anas pakalpojumus.<\/li>\n<\/ul>\n<h2>Bie\u017e\u0101k uzdotie jaut\u0101jumi (FAQ)<\/h2>\n<p><strong>1. jaut\u0101jums: K\u0101das ir adatas vilkmes sp\u0113ka test\u0113\u0161anas priek\u0161roc\u012bbas?<br \/>\n<\/strong>A1: pretest\u012bbas sp\u0113ka p\u0101rbaude nodro\u0161ina, ka adata vienm\u0113r\u012bgi p\u0101rvietojas cauri audiem, samazinot diskomfortu un uzlabojot kl\u012bnisko efektivit\u0101ti. Tas ar\u012b pal\u012bdz prognoz\u0113t adatu darb\u012bbu da\u017e\u0101dos apst\u0101k\u013cos.<\/p>\n<p><strong>2. jaut\u0101jums: Vai \u0161o testeri var izmantot da\u017e\u0101du veidu adatu test\u0113\u0161anai?<\/strong><br \/>\nA2: J\u0101. <strong>NPD-01<\/strong> ir daudzpus\u012bga, un ar to var test\u0113t da\u017e\u0101das adatas, tostarp \u0161\u013circes, lancetes un zem\u0101das adatas. Tam ir vair\u0101ki stiprin\u0101jumi da\u017e\u0101du izm\u0113ru adat\u0101m.<\/p>\n<p><strong>3. jaut\u0101jums: Vai NPD-01 atbilst starptautiskajiem test\u0113\u0161anas standartiem?<\/strong><br \/>\nA3: J\u0101. <strong>NPD-01<\/strong> iev\u0113ro <strong>ISO 7864<\/strong> un <strong>GB 15811<\/strong>, nodro\u0161inot, ka tas atbilst pasaules medic\u012bnas ier\u012b\u010du test\u0113\u0161anas standartiem.<\/p>\n<p><strong>4. jaut\u0101jums: K\u0101dus datus sniedz NPD-01?<\/strong><br \/>\nA4: NPD-01 nodro\u0161ina gan re\u0101llaika sp\u0113ka m\u0113r\u012bjumus, gan datus par iespie\u0161an\u0101s dzi\u013cumu, un rezult\u0101ti ir pieejami, izmantojot <strong>HMI sk\u0101rienekr\u0101ns<\/strong> un integr\u0113tu <strong>mikroprinteris<\/strong>.<\/p>","protected":false},"excerpt":{"rendered":"<p>NPD-01 adatas iespie\u0161anas sp\u0113ka m\u0113rinstruments pied\u0101v\u0101 prec\u012bzu un uzticamu adatas iespie\u0161anas sp\u0113ka un pretest\u012bbas p\u0101rbaudi, kas ir \u013coti svar\u012bga medic\u012bnas un farm\u0101cijas nozar\u0113. Uzziniet vair\u0101k par t\u0101 lietojumiem, darb\u012bbas principiem un tehniskaj\u0101m \u012bpa\u0161\u012bb\u0101m.<\/p>","protected":false},"featured_media":0,"comment_status":"closed","ping_status":"closed","template":"","meta":{"site-sidebar-layout":"default","site-content-layout":"default","ast-global-header-display":"","ast-main-header-display":"","ast-hfb-above-header-display":"","ast-hfb-below-header-display":"","ast-hfb-mobile-header-display":"","site-post-title":"","ast-breadcrumbs-content":"","ast-featured-img":"","footer-sml-layout":"","theme-transparent-header-meta":"default","adv-header-id-meta":"","stick-header-meta":"","header-above-stick-meta":"","header-main-stick-meta":"","header-below-stick-meta":""},"product_cat":[953,956,955,845,1178,1177,934,954,957,958,952,959,149,95],"product_tag":[],"class_list":{"0":"post-6425","1":"product","2":"type-product","3":"status-publish","5":"product_cat-bursting-tester","6":"product_cat-cobb-tester","7":"product_cat-crush-tester","8":"product_cat-customization","9":"product_cat-gb-15811","10":"product_cat-iso-7864","11":"product_cat-medical-packaging-tester","12":"product_cat-paper-tear-tester","13":"product_cat-plybond-tester","14":"product_cat-puncture-tester","15":"product_cat-rub-tester","16":"product_cat-stiffness-tester","17":"product_cat-pharma-and-medical-testers","18":"product_cat-products","19":"desktop-align-left","20":"tablet-align-left","21":"mobile-align-left","23":"first","24":"instock","25":"shipping-taxable","26":"product-type-simple"},"_links":{"self":[{"href":"https:\/\/www.qualitester.com\/lv\/wp-json\/wp\/v2\/product\/6425","targetHints":{"allow":["GET"]}}],"collection":[{"href":"https:\/\/www.qualitester.com\/lv\/wp-json\/wp\/v2\/product"}],"about":[{"href":"https:\/\/www.qualitester.com\/lv\/wp-json\/wp\/v2\/types\/product"}],"replies":[{"embeddable":true,"href":"https:\/\/www.qualitester.com\/lv\/wp-json\/wp\/v2\/comments?post=6425"}],"version-history":[{"count":0,"href":"https:\/\/www.qualitester.com\/lv\/wp-json\/wp\/v2\/product\/6425\/revisions"}],"wp:attachment":[{"href":"https:\/\/www.qualitester.com\/lv\/wp-json\/wp\/v2\/media?parent=6425"}],"wp:term":[{"taxonomy":"product_cat","embeddable":true,"href":"https:\/\/www.qualitester.com\/lv\/wp-json\/wp\/v2\/product_cat?post=6425"},{"taxonomy":"product_tag","embeddable":true,"href":"https:\/\/www.qualitester.com\/lv\/wp-json\/wp\/v2\/product_tag?post=6425"}],"curies":[{"name":"wp","href":"https:\/\/api.w.org\/{rel}","templated":true}]}}