{"id":5382,"date":"2024-11-15T11:14:56","date_gmt":"2024-11-15T03:14:56","guid":{"rendered":"https:\/\/www.qualitester.com\/?post_type=product&#038;p=5382"},"modified":"2024-12-05T14:22:11","modified_gmt":"2024-12-05T06:22:11","slug":"sale-packaging-vibration-testing-machine","status":"publish","type":"product","link":"https:\/\/www.qualitester.com\/lv\/products-2\/sale-packaging-vibration-testing-machine\/","title":{"rendered":"VTM-01 iepakojuma vibr\u0101cijas test\u0113\u0161anas iek\u0101rta"},"content":{"rendered":"<h3>Ievads iepakojuma vibr\u0101cijas test\u0113\u0161anas iek\u0101rt\u0101<\/h3>\n<p>Port\u0101ls <strong>Iepakojuma vibr\u0101cijas test\u0113\u0161anas iek\u0101rta<\/strong> ir iztur\u012bgs un b\u016btisks r\u012bks nozar\u0113m, kas v\u0113las nodro\u0161in\u0101t iepakojuma iztur\u012bbu un uzticam\u012bbu re\u0101los apst\u0101k\u013cos. \u0160\u012b iek\u0101rta, kas ir paredz\u0113ta pilnu transporta iepakojumu vai piepild\u012btu vien\u012bbu kravu test\u0113\u0161anai, pal\u012bdz imit\u0113t iepakojumu sasprindzin\u0101jumu, kas rodas apstr\u0101des, p\u0101rvad\u0101\u0161anas un uzglab\u0101\u0161anas laik\u0101. \u0160\u012b iek\u0101rta ir pla\u0161i pielietojama t\u0101d\u0101s nozar\u0113s k\u0101 iepako\u0161ana, p\u0101rtika, farm\u0101cija, elektronika un kvalit\u0101tes p\u0101rbaude, un t\u0101 ir nenov\u0113rt\u0113jama, lai p\u0101rbaud\u012btu, vai iepakojumi nodro\u0161ina pien\u0101c\u012bgu aizsardz\u012bbu to saturam.<\/p>\n<h2>Iepakojuma vibr\u0101cijas test\u0113\u0161anas ma\u0161\u012bnas galvenie lietojumi<\/h2>\n<p>M\u016bsu iepakojuma vibr\u0101cijas test\u0113\u0161anas iek\u0101rta nodro\u0161ina kontrol\u0113tu vidi, lai nov\u0113rt\u0113tu, cik labi iepakojums iztur zemas frekvences vibr\u0101ciju. T\u0101 ir ide\u0101li piem\u0113rota:<\/p>\n<ul>\n<li>Transport\u0113\u0161anas iepakojuma struktur\u0101l\u0101s integrit\u0101tes nov\u0113rt\u0113\u0161ana un aizsardz\u012bbas nodro\u0161in\u0101\u0161ana.<\/li>\n<li>Piepild\u012bto vien\u012bbu kravu test\u0113\u0161ana, lai nov\u0113rstu iesp\u0113jamus produkta boj\u0101jumus izplat\u012b\u0161anas laik\u0101.<\/li>\n<li>Veicot da\u017e\u0101d\u0101s nozar\u0113s izmantoto iepakojumu iztur\u012bbas nov\u0113rt\u0113\u0161anu, nodro\u0161inot, ka saturs ir pasarg\u0101ts no triecieniem, vibr\u0101cij\u0101m un rupjas apstr\u0101des.<\/li>\n<\/ul>\n<h2>Iepakojuma vibr\u0101cijas test\u0113\u0161anas ma\u0161\u012bnas darb\u012bbas princips<\/h2>\n<p>\u0160\u012b ma\u0161\u012bna darbojas, izmantojot sinusoid\u0101lu ierosmi ar fiks\u0113tu zemu frekvenci. Testa paraugi tiek novietoti uz vibr\u0101cijas galda, kur kontrol\u0113tos apst\u0101k\u013cos tie tiek pak\u013cauti vibr\u0101cijas sp\u0113kam, kas imit\u0113 transporta vidi. Lai nodro\u0161in\u0101tu precizit\u0101ti, iepriek\u0161 tiek iestat\u012bti t\u0101di nosac\u012bjumi k\u0101 atmosf\u0113ras parametri, vibr\u0101cijas frekvence, ilgums un ierobe\u017eo\u0161anas metode. Pateicoties automatiz\u0113t\u0101m elektronisk\u0101m m\u0113r\u012bjumu metod\u0113m, \u0161\u012b vibr\u0101cijas test\u0113\u0161anas iek\u0101rta racionaliz\u0113 test\u0113\u0161anu, nodro\u0161inot \u0101trumu un precizit\u0101ti, pal\u012bdzot samazin\u0101t cilv\u0113ka k\u013c\u016bdas un nodro\u0161in\u0101t atk\u0101rtojamus rezult\u0101tus.<\/p>\n<h2>Iepakojuma vibr\u0101cijas test\u0113\u0161anas iek\u0101rtas izmanto\u0161anas priek\u0161roc\u012bbas<\/h2>\n<ul>\n<li><strong>Augsta precizit\u0101te<\/strong>: Automatiz\u0113ti un elektroniski m\u0113r\u012bjumi palielina precizit\u0101ti un konsekvenci visos testos, nov\u0113r\u0161ot subjektivit\u0101ti.<\/li>\n<li><strong>Lieto\u0161anas \u0113rtums<\/strong>: Vienk\u0101r\u0161i novietojiet iepakojumu uz platformas, lai s\u0101ktu test\u0113\u0161anu, padarot to pieejamu ar\u012b operatoriem ar minim\u0101lu apm\u0101c\u012bbu.<\/li>\n<li><strong>Efekt\u012bva test\u0113\u0161ana<\/strong>: Iek\u0101rtas autom\u0101tisk\u0101s atgrie\u0161an\u0101s funkcija \u013cauj veikt nep\u0101rtrauktu, racion\u0101lu test\u0113\u0161anu bez manu\u0101las atiestat\u012b\u0161anas, ietaupot laiku un darbu.<\/li>\n<\/ul>\n<p>\u0160\u012b iek\u0101rta ir \u013coti svar\u012bgs instruments uz\u0146\u0113mumiem, kas cen\u0161as nodro\u0161in\u0101t uzticamu kvalit\u0101tes kontroli iepako\u0161anas un izplat\u012b\u0161anas jom\u0101.<\/p>\n<h2>Atbilst\u012bba galvenajiem standartiem<\/h2>\n<h3>ASTM D999: Vibr\u0101cijas test\u0113\u0161anas standarts<\/h3>\n<p><a href=\"https:\/\/www.astm.org\/d0999-08r15.html\" target=\"_blank\" rel=\"noopener nofollow\">ASTM D999<\/a> ir autoritat\u012bvs zemas frekvences vibr\u0101cijas test\u0113\u0161anas standarts, kas \u012bpa\u0161i izstr\u0101d\u0101ts, lai nov\u0113rt\u0113tu iepakojuma iztur\u012bbu pret vibr\u0101cij\u0101m, kas imit\u0113 p\u0101rvad\u0101\u0161anas apst\u0101k\u013cus. \u0160aj\u0101 standart\u0101 aprakst\u012btas test\u0113\u0161anas metodes, lai prec\u012bzi nov\u0113rt\u0113tu iepakojuma veiktsp\u0113ju, pal\u012bdzot nodro\u0161in\u0101t produktu dro\u0161\u012bbu un l\u012bdz minimumam samazin\u0101t boj\u0101jumus transport\u0113\u0161anas laik\u0101. Saska\u0146ojot ar <a href=\"https:\/\/www.qualitester.com\/lv\/produkta-kategorija\/astm\/astm-d999\/\" target=\"_blank\" rel=\"noopener\">ASTM D999<\/a>m\u016bsu iek\u0101rta pied\u0101v\u0101 uzticamu un standartiz\u0113tu vibr\u0101cijas test\u0113\u0161anu saska\u0146\u0101 ar nozares lab\u0101ko praksi.<\/p>\n<h3>ISO 2247: Iepakojuma un izplat\u012b\u0161anas pras\u012bbas<\/h3>\n<p><a href=\"https:\/\/www.iso.org\/standard\/32412.html\" target=\"_blank\" rel=\"noopener nofollow\">ISO 2247<\/a> s\u012bki izkl\u0101st\u012btas vibr\u0101cijas test\u0113\u0161anas pras\u012bbas, kas nepiecie\u0161amas iepakojumiem, kuri paredz\u0113ti izplat\u012b\u0161anai vis\u0101 pasaul\u0113. Iev\u0113rojot ISO 2247 standartu, iepakojuma vibr\u0101cijas test\u0113\u0161anas iek\u0101rta nodro\u0161ina, ka iepakojums atbilst starptautisko standartu pras\u012bb\u0101m attiec\u012bb\u0101 uz iztur\u012bbu un dro\u0161\u012bbu. \u0160\u012b atbilst\u012bba ISO 2247 standartam sniedz uz\u0146\u0113mumiem papildu p\u0101rliec\u012bbu, ka to iepakojuma risin\u0101jumi atbilst glob\u0101laj\u0101m transporta pras\u012bb\u0101m.<\/p>\n<h3>Iepakojuma vibr\u0101cijas test\u0113\u0161anas ma\u0161\u012bnas tehnisk\u0101s specifik\u0101cijas<\/h3>\n<ul>\n<li><strong>Frekven\u010du diapazons<\/strong>: Uzst\u0101d\u012bts t\u0101, lai atbilstu tipisk\u0101m zemas frekvences pras\u012bb\u0101m transporta simul\u0101cij\u0101s.<\/li>\n<li><strong>Kravnes\u012bba<\/strong>: Paredz\u0113ts da\u017e\u0101du izm\u0113ru un svara iepakojumu apstr\u0101dei.<\/li>\n<li><strong>Galda izm\u0113ri<\/strong>: Pietiekami liels, lai ietilpin\u0101tu da\u017e\u0101dus testa paraugus, nodro\u0161inot elast\u012bbu da\u017e\u0101diem produktu veidiem.<\/li>\n<li><strong>Test\u0113\u0161anas re\u017e\u012bmi<\/strong>: Atbalsta fiks\u0113tas frekvences vibr\u0101ciju un atk\u0101rtotu triecienu simul\u0101cijas, lai apmierin\u0101tu da\u017e\u0101das test\u0113\u0161anas vajadz\u012bbas.<\/li>\n<\/ul>\n<h2>K\u0101 iepakojuma vibr\u0101cijas test\u0113\u0161anas iek\u0101rta nodro\u0161ina produktu dro\u0161\u012bbu<\/h2>\n<p>Izmantojot iepakojuma vibr\u0101ciju test\u0113\u0161anas iek\u0101rtu, ra\u017eot\u0101ji un kravu nos\u016bt\u012bt\u0101ji var paredz\u0113t un mazin\u0101t riskus, ar kuriem produkti var saskarties p\u0101rvad\u0101\u0161anas laik\u0101. Simul\u0113jot re\u0101los apst\u0101k\u013cus, \u0161\u012b iek\u0101rta \u013cauj savlaic\u012bgi identific\u0113t iepakojuma tr\u016bkumus, samazinot produktu atgrie\u0161anu un uzlabojot klientu apmierin\u0101t\u012bbu. \u0160\u012b iek\u0101rta ir b\u016btiska kvalit\u0101tes kontroles noda\u013c\u0101m, kas piev\u0113r\u0161 uzman\u012bbu p\u0101rvad\u0101\u0161anas stabilit\u0101tei un galaproduktu aizsardz\u012bbai.<\/p>\n<h2>Papildu standartu atbilst\u012bba (ISTA s\u0113rija, GB 4857.7)<\/h2>\n<p>Papildus ASTM D999 un ISO 2247 standartiem m\u016bsu iepakojuma vibr\u0101cijas test\u0113\u0161anas iek\u0101rta atbilst ar\u012b ISTA s\u0113rijas un GB 4857.7 standartiem. \u0160ie papildu standarti padara iek\u0101rtu sader\u012bgu ar vair\u0101kiem starptautiskiem test\u0113\u0161anas protokoliem, v\u0113l vair\u0101k pastiprinot t\u0101s daudzpus\u012bbu un uzticam\u012bbu iepakojuma kvalit\u0101tes nodro\u0161in\u0101\u0161an\u0101 vis\u0101 pasaul\u0113.<\/p>\n<p>Iepakojuma vibr\u0101cijas test\u0113\u0161anas iek\u0101rta ir ide\u0101ls risin\u0101jums uz\u0146\u0113mumiem, kas par priorit\u0101ti uzskata iepakojuma kvalit\u0101ti, uzticam\u012bbu un atbilst\u012bbu starptautiskajiem standartiem. Izmantojot \u0161o iek\u0101rtu, uz\u0146\u0113mumi var uzlabot savus kvalit\u0101tes kontroles procesus ar augstas precizit\u0101tes, standartiz\u0113tu vibr\u0101cijas test\u0113\u0161anu, kas atbilst ASTM D999 un ISO 2247 standartiem. M\u016bsu vibr\u0101cijas test\u0113\u0161anas iek\u0101rta ar lietot\u0101jam draudz\u012bgu dizainu, automatiz\u0113tu funkcionalit\u0101ti un stabilu veiktsp\u0113ju ir v\u0113rt\u012bgs ieguld\u012bjums produktu kvalit\u0101t\u0113 un klientu apmierin\u0101t\u012bb\u0101.<\/p>","protected":false},"excerpt":{"rendered":"<p>Port\u0101ls <strong>Iepakojuma vibr\u0101cijas test\u0113\u0161anas iek\u0101rta<\/strong> ir iztur\u012bgs un b\u016btisks r\u012bks nozar\u0113m, kas v\u0113las nodro\u0161in\u0101t iepakojuma iztur\u012bbu un uzticam\u012bbu re\u0101los apst\u0101k\u013cos. \u0160\u012b iek\u0101rta, kas ir paredz\u0113ta pilnu transporta iepakojumu vai piepild\u012btu vien\u012bbu kravu test\u0113\u0161anai, pal\u012bdz imit\u0113t iepakojumu sasprindzin\u0101jumu, kas rodas apstr\u0101des, p\u0101rvad\u0101\u0161anas un uzglab\u0101\u0161anas laik\u0101. \u0160\u012b iek\u0101rta ir pla\u0161i pielietojama t\u0101d\u0101s nozar\u0113s k\u0101 iepako\u0161ana, p\u0101rtika, farm\u0101cija, elektronika un kvalit\u0101tes p\u0101rbaude, un t\u0101 ir nenov\u0113rt\u0113jama, lai p\u0101rbaud\u012btu, vai iepakojumi nodro\u0161ina pien\u0101c\u012bgu aizsardz\u012bbu to saturam.<\/p>","protected":false},"featured_media":6256,"comment_status":"closed","ping_status":"closed","template":"","meta":{"site-sidebar-layout":"default","site-content-layout":"default","ast-global-header-display":"","ast-main-header-display":"","ast-hfb-above-header-display":"","ast-hfb-below-header-display":"","ast-hfb-mobile-header-display":"","site-post-title":"","ast-breadcrumbs-content":"","ast-featured-img":"","footer-sml-layout":"","theme-transparent-header-meta":"default","adv-header-id-meta":"","stick-header-meta":"","header-above-stick-meta":"","header-main-stick-meta":"","header-below-stick-meta":""},"product_cat":[845,1112,1161,17,95],"product_tag":[],"class_list":{"0":"post-5382","1":"product","2":"type-product","3":"status-publish","4":"has-post-thumbnail","6":"product_cat-customization","7":"product_cat-astm-d999","8":"product_cat-iso-2247","9":"product_cat-package-container-testers","10":"product_cat-products","11":"desktop-align-left","12":"tablet-align-left","13":"mobile-align-left","15":"first","16":"instock","17":"shipping-taxable","18":"product-type-simple"},"_links":{"self":[{"href":"https:\/\/www.qualitester.com\/lv\/wp-json\/wp\/v2\/product\/5382","targetHints":{"allow":["GET"]}}],"collection":[{"href":"https:\/\/www.qualitester.com\/lv\/wp-json\/wp\/v2\/product"}],"about":[{"href":"https:\/\/www.qualitester.com\/lv\/wp-json\/wp\/v2\/types\/product"}],"replies":[{"embeddable":true,"href":"https:\/\/www.qualitester.com\/lv\/wp-json\/wp\/v2\/comments?post=5382"}],"version-history":[{"count":0,"href":"https:\/\/www.qualitester.com\/lv\/wp-json\/wp\/v2\/product\/5382\/revisions"}],"wp:featuredmedia":[{"embeddable":true,"href":"https:\/\/www.qualitester.com\/lv\/wp-json\/wp\/v2\/media\/6256"}],"wp:attachment":[{"href":"https:\/\/www.qualitester.com\/lv\/wp-json\/wp\/v2\/media?parent=5382"}],"wp:term":[{"taxonomy":"product_cat","embeddable":true,"href":"https:\/\/www.qualitester.com\/lv\/wp-json\/wp\/v2\/product_cat?post=5382"},{"taxonomy":"product_tag","embeddable":true,"href":"https:\/\/www.qualitester.com\/lv\/wp-json\/wp\/v2\/product_tag?post=5382"}],"curies":[{"name":"wp","href":"https:\/\/api.w.org\/{rel}","templated":true}]}}