{"id":5377,"date":"2024-11-15T11:08:36","date_gmt":"2024-11-15T03:08:36","guid":{"rendered":"https:\/\/www.qualitester.com\/?post_type=product&#038;p=5377"},"modified":"2024-12-05T14:18:23","modified_gmt":"2024-12-05T06:18:23","slug":"sale-bottle-crush-testing-machine","status":"publish","type":"product","link":"https:\/\/www.qualitester.com\/lv\/products-2\/sale-bottle-crush-testing-machine\/","title":{"rendered":"TLT-02 pude\u013cu drupin\u0101\u0161anas test\u0113\u0161anas iek\u0101rta"},"content":{"rendered":"<h2>Iepaz\u012bstin\u0101\u0161ana ar pude\u013cu drupin\u0101\u0161anas test\u0113\u0161anas iek\u0101rtu<\/h2>\n<p>Port\u0101ls <strong>Pude\u013cu drupin\u0101\u0161anas test\u0113\u0161anas ma\u0161\u012bna<\/strong> ir specializ\u0113ts instruments, kas paredz\u0113ts pude\u013cu un konteineru, tostarp plastmasas, stikla un kompoz\u012btmateri\u0101lu, struktur\u0101l\u0101s integrit\u0101tes un spiedes stipr\u012bbas nov\u0113rt\u0113\u0161anai. Simul\u0113jot aug\u0161\u0113j\u0101s slodzes spiedienu, kas ir l\u012bdz\u012bgs tam, k\u0101ds rodas krau\u0161anas, p\u0101rvad\u0101\u0161anas un uzglab\u0101\u0161anas laik\u0101, \u0161\u012b iek\u0101rta pal\u012bdz nodro\u0161in\u0101t, ka tvertnes var iztur\u0113t izplat\u012b\u0161anas slodzi, nesabr\u016bkot un nedeform\u0113joties. T\u0101d\u0101s nozar\u0113s k\u0101 iepako\u0161ana, p\u0101rtika, dz\u0113rieni un farm\u0101cija pude\u013cu saspie\u0161anas test\u0113\u0161ana ir b\u016btiska, lai saglab\u0101tu produktu dro\u0161\u012bbu un samazin\u0101tu iesp\u0113jamos zaud\u0113jumus konteineru boj\u0101jumu d\u0113\u013c.<\/p>\n<h2>Galvenie pude\u013cu saspie\u0161anas test\u0113\u0161anas lietojumi<\/h2>\n<p>\u0160\u012b ma\u0161\u012bna ir \u013coti svar\u012bga da\u017e\u0101d\u0101s nozar\u0113s, tostarp:<\/p>\n<ul>\n<li><strong>Iepakojums<\/strong>: Nodro\u0161ina iepakojuma iztur\u012bbu uzglab\u0101\u0161anas un transport\u0113\u0161anas laik\u0101.<\/li>\n<li><strong>P\u0101rtika un dz\u0113rieni<\/strong>: Nov\u0113r\u0161 nopl\u016bdi un pies\u0101r\u0146ojumu, p\u0101rbaudot tvertnes iztur\u012bbu.<\/li>\n<li><strong>Farmaceitiskie produkti<\/strong>: Aizsarg\u0101 trauslus un jut\u012bgus produktus p\u0101rvieto\u0161anas laik\u0101.<\/li>\n<li><strong>Ikdienas \u0137\u012bmisk\u0101s vielas un kosm\u0113tika<\/strong>: Uztur z\u012bmola reput\u0101ciju, apstiprinot iepakojuma kvalit\u0101ti.<\/li>\n<\/ul>\n<p>Pude\u013cu drupin\u0101\u0161anas test\u0113\u0161anas iek\u0101rta ir piem\u0113rota da\u017e\u0101du konteineru tipu test\u0113\u0161anai, t\u0101 ir \u013coti univers\u0101la un sp\u0113j apstr\u0101d\u0101t pudeles, burkas, kartona k\u0101rbas, mucas un citas.<\/p>\n<h2>Pude\u013cu drupin\u0101\u0161anas test\u0113\u0161anas ma\u0161\u012bnas tehnisk\u0101s \u012bpa\u0161\u012bbas<\/h2>\n<p>M\u016bsu pude\u013cu drupin\u0101\u0161anas test\u0113\u0161anas ma\u0161\u012bna ir apr\u012bkota ar modern\u0101m funkcij\u0101m, lai nodro\u0161in\u0101tu uzticamus un prec\u012bzus rezult\u0101tus:<\/p>\n<ul>\n<li><strong>PLC vad\u012bba ar HMI sk\u0101rienekr\u0101nu<\/strong>: PLC vad\u012bbas sist\u0113ma nodro\u0161ina stabilu darb\u012bbu, savuk\u0101rt 7 collu HMI sk\u0101rienekr\u0101ns \u013cauj veikt intuit\u012bvu un lietot\u0101jam draudz\u012bgu test\u0113\u0161anu.<\/li>\n<li><strong>Prec\u012bzs lod\u012b\u0161u svina skr\u016bves meh\u0101nisms<\/strong>: \u0160is meh\u0101nisms garant\u0113 vienm\u0113r\u012bgu testa \u0101trumu un prec\u012bzu p\u0101rvietojuma kontroli, uzlabojot katra testa uzticam\u012bbu.<\/li>\n<li><strong>Vair\u0101ki piel\u0101gojami testa re\u017e\u012bmi<\/strong>:\n<ul>\n<li><em>Maksimuma re\u017e\u012bms<\/em>: M\u0113ra maksim\u0101lo spiedes slodzi.<\/li>\n<li><em>Fiks\u0113t\u0101s deform\u0101cijas re\u017e\u012bms<\/em>: M\u0113ra slodzi pie noteiktas deform\u0101cijas.<\/li>\n<li><em>Fiks\u0113t\u0101s slodzes re\u017e\u012bms<\/em>: Uzrauga deform\u0101ciju pie nemain\u012bgas slodzes.<\/li>\n<li><em>Viena kompresija<\/em>: Vienreiz piem\u0113ro saspie\u0161anu anal\u012bzei.<\/li>\n<li><em>Cikla kompresija<\/em>: Atk\u0101rto saspie\u0161anu ciklos, lai nov\u0113rt\u0113tu elast\u012bbu.<\/li>\n<\/ul>\n<\/li>\n<li><strong>Dro\u0161\u012bbas l\u012bdzek\u013ci<\/strong>: Apr\u012bkots ar aizsardz\u012bbu pret p\u0101rslodzi, autom\u0101tisk\u0101s atgrie\u0161an\u0101s funkcij\u0101m un sader\u012bbu ar vair\u0101kiem pl\u0101k\u0161\u0146u izm\u0113riem, lai piel\u0101gotos da\u017e\u0101d\u0101m konteineru form\u0101m un izm\u0113riem.<\/li>\n<li><strong>Datu p\u0101rvald\u012bbas iesp\u0113jas<\/strong>: Ietver mikroprinteri datu izvad\u012b\u0161anai un RS232 portu datu netrauc\u0113tai p\u0101rs\u016bt\u012b\u0161anai, kas atbalsta \u0101r\u0113jo anal\u012bzi ar papildu programmat\u016bras integr\u0101ciju.<\/li>\n<\/ul>\n<h2>Plastmasas pudeles aug\u0161\u0113j\u0101s slodzes testa izpratne<\/h2>\n<p>Port\u0101ls <strong>Plastmasas pudeles aug\u0161\u0113j\u0101s slodzes tests<\/strong> ir \u013coti svar\u012bgi, lai nov\u0113rt\u0113tu pudeles iztur\u012bbu pret vertik\u0101lu spiedienu, kas tiek pielikts no aug\u0161as. \u0160is tests, kas \u012bpa\u0161i attiecas uz plastmasas pudel\u0113m, \u013cauj nov\u0113rt\u0113t, cik lielu slodzi pudele var iztur\u0113t, nedeform\u0113joties vai nesabrucoties. Kvantitat\u012bvi nosakot iztur\u012bbu pret aug\u0161\u0113jo slodzi, ra\u017eot\u0101ji var optimiz\u0113t materi\u0101lu izmanto\u0161anu, vienlaikus nodro\u0161inot, ka tvertnes ir pietiekami iztur\u012bgas augstas slodzes vid\u0113s, piem\u0113ram, noliktavas krau\u0161anas un transporta lo\u0123istikas apst\u0101k\u013cos.<\/p>\n<h2>Standarti un atbilst\u012bba: ASTM D2659 skaidrojums<\/h2>\n<p><a href=\"https:\/\/www.astm.org\/standards\/d2659.htm\" target=\"_blank\" rel=\"noopener nofollow\"><strong>ASTM D2659<\/strong><\/a> ir standarta testa metode plastmasas tvert\u0146u spiedes pretest\u012bbas noteik\u0161anai, jo \u012bpa\u0161i, lai noteiktu to sp\u0113ju iztur\u0113t aug\u0161\u0113j\u0101s slodzes spiedienu bez boj\u0101jumiem. Saska\u0146\u0101 ar ASTM D2659 standartu m\u016bsu pude\u013cu saspie\u0161anas test\u0113\u0161anas iek\u0101rta nov\u0113rt\u0113 trauku iztur\u012bbu, pieliekot spiedes sp\u0113ku no aug\u0161as, l\u012bdz tiek nov\u0113rota struktur\u0101la deform\u0101cija vai sabruk\u0161ana.<\/p>\n<p>\u0160\u012b iek\u0101rta ir sader\u012bga ar\u012b ar citiem nozares standartiem, t\u0101d\u0113j\u0101di palielinot t\u0101s daudzpus\u012bbu:<\/p>\n<ul>\n<li><a href=\"https:\/\/www.astm.org\/d4577-19.html\" target=\"_blank\" rel=\"noopener nofollow\"><strong>ASTM D4577<\/strong><\/a>: Nov\u0113rt\u0113 konteinera veiktsp\u0113ju statisk\u0101s slodzes apst\u0101k\u013cos.<\/li>\n<li><a href=\"https:\/\/www.astm.org\/d0642-20.html\" target=\"_blank\" rel=\"noopener nofollow\"><strong>ASTM D642<\/strong><\/a>: M\u0113ra p\u0101rvad\u0101\u0161anas konteineru un kastu spiedes pretest\u012bbu.<\/li>\n<li><a href=\"https:\/\/www.iso.org\/standard\/35617.html\" target=\"_blank\" rel=\"noopener nofollow\"><strong>ISO 8113<\/strong><\/a>: Iepakojuma meh\u0101nisk\u0101s stabilit\u0101tes testi.<\/li>\n<li><a href=\"https:\/\/www.astm.org\/d4169-22.html\" target=\"_blank\" rel=\"noopener nofollow\"><strong>ASTM D4169<\/strong><\/a>: Imit\u0113 izplat\u012b\u0161anas vides apst\u0101k\u013cus, lai p\u0101rbaud\u012btu iepakojuma veiktsp\u0113ju.<\/li>\n<\/ul>\n<h2>Pude\u013cu drupin\u0101\u0161anas test\u0113\u0161anas ma\u0161\u012bnas darb\u012bbas princips<\/h2>\n<p>Pude\u013cu drupin\u0101\u0161anas test\u0113\u0161anas iek\u0101rta darbojas, novietojot tvertni uz test\u0113\u0161anas platformas un pak\u0101peniski piem\u0113rojot aug\u0161\u0113j\u0101s slodzes spiedienu, l\u012bdz tvertne deform\u0113jas vai sabr\u016bk. Iek\u0101rta re\u0123istr\u0113 maksim\u0101l\u0101 sp\u0113ka datus, kurus analiz\u0113, lai nov\u0113rt\u0113tu konstrukcijas iztur\u012bbu atbilsto\u0161i noteiktajiem standartiem, piem\u0113ram, ASTM D2659. Sniedzot prec\u012bzus un atk\u0101rtojamus rezult\u0101tus, \u0161\u012b iek\u0101rta nodro\u0161ina, ka ra\u017eot\u0101ji var apstiprin\u0101t iepakojuma integrit\u0101ti re\u0101lai lieto\u0161anai.<\/p>\n<h2>Pude\u013cu drupin\u0101\u0161anas test\u0113\u0161anas ma\u0161\u012bnas galvenie parametri<\/h2>\n<p>\u0160\u012b iek\u0101rta ir viegli konfigur\u0113jama, lai piel\u0101gotos da\u017e\u0101d\u0101m test\u0113\u0161anas pras\u012bb\u0101m:<\/p>\n<ul>\n<li><strong>Slodzes diapazons<\/strong>: Liels slodzes diapazons un precizit\u0101te, piem\u0113rots da\u017e\u0101diem konteineru veidiem.<\/li>\n<li><strong>Regul\u0113jams \u0101trums<\/strong>: \u013bauj piel\u0101got \u0101trumu, lai tas atbilstu konkr\u0113tiem testa protokoliem.<\/li>\n<li><strong>Savietojam\u012bba ar kompresijas pl\u0101ksni<\/strong>: Main\u0101mas pl\u0101ksnes da\u017e\u0101du izm\u0113ru un formu tvertn\u0113m.<\/li>\n<li><strong>Datu eksport\u0113\u0161anas opcijas<\/strong>: Mikroprintera un RS232 savienojums efekt\u012bvai datu apstr\u0101dei.<\/li>\n<\/ul>\n<h2>Pude\u013cu drupin\u0101\u0161anas test\u0113\u0161anas ma\u0161\u012bnas priek\u0161roc\u012bbas<\/h2>\n<ul>\n<li><strong>Izmaksu ietaup\u012bjums un efektivit\u0101te<\/strong>: Samazina iepakojuma materi\u0101la atkritumu daudzumu, apstiprinot nepiecie\u0161amo stipr\u012bbu, samazinot izmaksas, kas saist\u012btas ar produktu atgrie\u0161anu un nomai\u0146u.<\/li>\n<li><strong>Uzticam\u012bba un z\u012bmola aizsardz\u012bba<\/strong>: Uzlabo produktu uzticam\u012bbu, veicot prec\u012bzu test\u0113\u0161anu, pal\u012bdzot aizsarg\u0101t z\u012bmola reput\u0101ciju un nodro\u0161in\u0101t pat\u0113r\u0113t\u0101ju apmierin\u0101t\u012bbu.<\/li>\n<\/ul>\n<h2>Bie\u017e\u0101k uzdotie jaut\u0101jumi par pude\u013cu drupin\u0101\u0161anas test\u0113\u0161anas iek\u0101rt\u0101m<\/h2>\n<ol>\n<li><strong>Kas ir pudeles saspie\u0161anas tests un k\u0101p\u0113c tas ir svar\u012bgs?<\/strong>\n<ul>\n<li>Pudeles saspie\u0161anas test\u0101 tiek piem\u0113rots aug\u0161\u0113j\u0101s slodzes spiediens, lai nov\u0113rt\u0113tu konteinera iztur\u012bbu, nodro\u0161inot, ka pudele var iztur\u0113t apstr\u0101des slodzi, nesadaloties vai nedeform\u0113joties.<\/li>\n<\/ul>\n<\/li>\n<li><strong>K\u0101 ASTM D2659 attiecas uz pude\u013cu saspie\u0161anas test\u0113\u0161anu?<\/strong>\n<ul>\n<li>ASTM D2659 apraksta proced\u016bras plastmasas tvert\u0146u spiedes stipr\u012bbas nov\u0113rt\u0113\u0161anai, nodro\u0161inot atbilst\u012bbu nozares iztur\u012bbas standartiem.<\/li>\n<\/ul>\n<\/li>\n<li><strong>K\u0101da veida pudeles var p\u0101rbaud\u012bt ar \u0161o ier\u012bci?<\/strong>\n<ul>\n<li>\u0160\u012b ma\u0161\u012bna ir daudzpus\u012bga, un t\u0101 atbalsta da\u017e\u0101dus pude\u013cu un konteineru veidus, tostarp plastmasas, stikla un kompoz\u012btmateri\u0101lu pudeles.<\/li>\n<\/ul>\n<\/li>\n<li><strong>K\u0101 iek\u0101rta nodro\u0161ina testa rezult\u0101tu precizit\u0101ti?<\/strong>\n<ul>\n<li>Pateicoties PLC vad\u012bbai, prec\u012bz\u0101m svina skr\u016bv\u0113m un vair\u0101kiem testa re\u017e\u012bmiem, iek\u0101rta nodro\u0161ina konsekventus, atk\u0101rtojamus rezult\u0101tus, lai veiktu uzticamu veiktsp\u0113jas nov\u0113rt\u0113jumu.<\/li>\n<\/ul>\n<\/li>\n<li><strong>K\u0101das ir galven\u0101s funkcijas, kas padara \u0161o ma\u0161\u012bnu uzticamu?<\/strong>\n<ul>\n<li>Uzlabota PLC vad\u012bba, piel\u0101gojamas test\u0113\u0161anas iesp\u0113jas, dro\u0161\u012bbas meh\u0101nismi un pla\u0161as datu p\u0101rvald\u012bbas iesp\u0113jas nodro\u0161ina precizit\u0101ti, efektivit\u0101ti un lieto\u0161anas \u0113rtumu.<\/li>\n<\/ul>\n<\/li>\n<\/ol>","protected":false},"excerpt":{"rendered":"<p>Port\u0101ls <strong>Pude\u013cu drupin\u0101\u0161anas test\u0113\u0161anas ma\u0161\u012bna<\/strong> ir specializ\u0113ts instruments, kas paredz\u0113ts pude\u013cu un konteineru, tostarp plastmasas, stikla un kompoz\u012btmateri\u0101lu, struktur\u0101l\u0101s integrit\u0101tes un spiedes stipr\u012bbas nov\u0113rt\u0113\u0161anai. Simul\u0113jot aug\u0161\u0113j\u0101s slodzes spiedienu, kas ir l\u012bdz\u012bgs tam, k\u0101ds rodas krau\u0161anas, p\u0101rvad\u0101\u0161anas un uzglab\u0101\u0161anas laik\u0101, \u0161\u012b iek\u0101rta pal\u012bdz nodro\u0161in\u0101t, ka tvertnes var iztur\u0113t izplat\u012b\u0161anas slodzi, nesabr\u016bkot un nedeform\u0113joties. T\u0101d\u0101s nozar\u0113s k\u0101 iepako\u0161ana, p\u0101rtika, dz\u0113rieni un farm\u0101cija pude\u013cu saspie\u0161anas test\u0113\u0161ana ir b\u016btiska, lai saglab\u0101tu produktu dro\u0161\u012bbu un samazin\u0101tu iesp\u0113jamos zaud\u0113jumus konteineru boj\u0101jumu d\u0113\u013c.<\/p>","protected":false},"featured_media":6253,"comment_status":"closed","ping_status":"closed","template":"","meta":{"site-sidebar-layout":"default","site-content-layout":"default","ast-global-header-display":"","ast-main-header-display":"","ast-hfb-above-header-display":"","ast-hfb-below-header-display":"","ast-hfb-mobile-header-display":"","site-post-title":"","ast-breadcrumbs-content":"","ast-featured-img":"","footer-sml-layout":"","theme-transparent-header-meta":"default","adv-header-id-meta":"","stick-header-meta":"","header-above-stick-meta":"","header-main-stick-meta":"","header-below-stick-meta":""},"product_cat":[845,1071,1069,1072,1068,1073,1113,17,16,95],"product_tag":[],"class_list":{"0":"post-5377","1":"product","2":"type-product","3":"status-publish","4":"has-post-thumbnail","6":"product_cat-customization","7":"product_cat-astm-d2659","8":"product_cat-astm-d4169","9":"product_cat-astm-d4577","10":"product_cat-astm-d642","11":"product_cat-iso-8113","12":"product_cat-top-load-tester","13":"product_cat-package-container-testers","14":"product_cat-plastic-packaging-testers","15":"product_cat-products","16":"desktop-align-left","17":"tablet-align-left","18":"mobile-align-left","20":"first","21":"instock","22":"shipping-taxable","23":"product-type-simple"},"_links":{"self":[{"href":"https:\/\/www.qualitester.com\/lv\/wp-json\/wp\/v2\/product\/5377","targetHints":{"allow":["GET"]}}],"collection":[{"href":"https:\/\/www.qualitester.com\/lv\/wp-json\/wp\/v2\/product"}],"about":[{"href":"https:\/\/www.qualitester.com\/lv\/wp-json\/wp\/v2\/types\/product"}],"replies":[{"embeddable":true,"href":"https:\/\/www.qualitester.com\/lv\/wp-json\/wp\/v2\/comments?post=5377"}],"version-history":[{"count":0,"href":"https:\/\/www.qualitester.com\/lv\/wp-json\/wp\/v2\/product\/5377\/revisions"}],"wp:featuredmedia":[{"embeddable":true,"href":"https:\/\/www.qualitester.com\/lv\/wp-json\/wp\/v2\/media\/6253"}],"wp:attachment":[{"href":"https:\/\/www.qualitester.com\/lv\/wp-json\/wp\/v2\/media?parent=5377"}],"wp:term":[{"taxonomy":"product_cat","embeddable":true,"href":"https:\/\/www.qualitester.com\/lv\/wp-json\/wp\/v2\/product_cat?post=5377"},{"taxonomy":"product_tag","embeddable":true,"href":"https:\/\/www.qualitester.com\/lv\/wp-json\/wp\/v2\/product_tag?post=5377"}],"curies":[{"name":"wp","href":"https:\/\/api.w.org\/{rel}","templated":true}]}}