{"id":5366,"date":"2024-11-15T10:48:12","date_gmt":"2024-11-15T02:48:12","guid":{"rendered":"https:\/\/www.qualitester.com\/?post_type=product&#038;p=5366"},"modified":"2024-12-05T15:26:08","modified_gmt":"2024-12-05T07:26:08","slug":"sale-iso-534-paperboard-thickness-gauge","status":"publish","type":"product","link":"https:\/\/www.qualitester.com\/lv\/products-2\/sale-iso-534-paperboard-thickness-gauge\/","title":{"rendered":"ZBH-01 kartona biezuma m\u0113r\u012bt\u0101js"},"content":{"rendered":"<h2>Ievads par kartona biezuma m\u0113r\u012bt\u0101ju<\/h2>\n<p>Port\u0101ls <strong>Kartona biezuma m\u0113r\u012bt\u0101js<\/strong> ir svar\u012bgs instruments, kas paredz\u0113ts prec\u012bzai pap\u012bra un kartona biezuma m\u0113r\u012b\u0161anai, nodro\u0161inot materi\u0101lu viendab\u012bgumu un kvalit\u0101ti. \u0160o m\u0113rier\u012bci pla\u0161i izmanto t\u0101d\u0101s nozar\u0113s k\u0101 iepako\u0161ana, p\u0101rtikas un dz\u0113rienu ra\u017eo\u0161ana, medic\u012bna un elektronika, kur prec\u012bzi biezuma m\u0113r\u012bjumi ir b\u016btiski svar\u012bgi produktu kvalit\u0101tes un normat\u012bvo aktu iev\u0113ro\u0161anas nodro\u0161in\u0101\u0161anai. Pateicoties augstajai precizit\u0101tei un lietot\u0101jam draudz\u012bgaj\u0101m funkcij\u0101m, \u0161is m\u0113rinstruments atbilst kvalit\u0101tes kontroles un produktu izstr\u0101des speci\u0101listu pras\u012bb\u0101m.<\/p>\n<h2>Galven\u0101s funkcijas un lietojumprogrammas<\/h2>\n<p>Port\u0101ls <strong>ZBH-01 Pap\u012bra un kartona biezuma testeris<\/strong> izce\u013cas ar uzlabot\u0101m funkcij\u0101m, kas nodro\u0161ina prec\u012bzus un uzticamus rezult\u0101tus gan vienas lapas biezuma, gan \u0161\u0137iro\u0161anas biezuma m\u0113r\u012bjumiem. Galven\u0101s funkcijas:<\/p>\n<ul>\n<li><strong>Nulles atiestat\u012b\u0161ana jebkur\u0101 punkt\u0101<\/strong>: Atvieglo kalibr\u0113\u0161anu un nodro\u0161ina katra m\u0113r\u012bjuma precizit\u0101ti.<\/li>\n<li><strong>Iesl\u0113g\u0161anas\/izsl\u0113g\u0161anas str\u0101vas sl\u0113dzis<\/strong>: Pagarina akumulatora darb\u012bbas laiku un optimiz\u0113 lietojam\u012bbu.<\/li>\n<li><strong>M\u0113rvien\u012bbu konvert\u0113\u0161ana<\/strong>: \u013bauj lietot\u0101jiem p\u0113c vajadz\u012bbas p\u0101rsl\u0113gt ier\u012bces da\u017e\u0101d\u0101m test\u0113\u0161anas pras\u012bb\u0101m.<\/li>\n<\/ul>\n<p><strong>Pieteikumi<\/strong>: \u0160is biezuma m\u0113r\u012bt\u0101js ir ide\u0101li piem\u0113rots pap\u012bra un kartona materi\u0101lu vienas lapas un apjoma biezuma m\u0113r\u012b\u0161anai. Ar to var izm\u0113r\u012bt gan atsevi\u0161\u0137u lapu biezumu, gan vair\u0101ku lapu biezumu kaudz\u0113, lai veiktu masveida anal\u012bzi. Piez\u012bme: \u0160\u012b ier\u012bce nav paredz\u0113ta gofr\u0113tajam fiberboardam.<\/p>\n<h2>Izpratne par biezuma m\u0113r\u012bjumiem<\/h2>\n<ul>\n<li><strong>Vienas loksnes biezums<\/strong>: M\u0113ra att\u0101lumu starp div\u0101m vienas pap\u012bra vai kartona loksnes virsm\u0101m ar noteiktu statisko slodzi.<\/li>\n<li><strong>Palieko\u0161ais biezums<\/strong>: Apr\u0113\u0137ina biezumu, m\u0113rot vair\u0101kas loksnes sakraut\u0101 iepakojum\u0101, kas ir \u012bpa\u0161i noder\u012bgi lietojumiem, kuros nepiecie\u0161ama beram\u0101 materi\u0101la anal\u012bze.<\/li>\n<\/ul>\n<h2>ISO 534 noz\u012bme kartona biezuma m\u0113r\u012bjumos<\/h2>\n<p><a href=\"https:\/\/www.iso.org\/standard\/53060.html\" target=\"_blank\" rel=\"noopener nofollow\">ISO 534<\/a> ir starptautisks standarts, kas nosaka metodes pap\u012bra un kartona materi\u0101lu biezuma noteik\u0161anai. Tas nosaka pras\u012bbas attiec\u012bb\u0101 uz test\u0113\u0161anas precizit\u0101ti, kalibr\u0113\u0161anu un apr\u012bkojuma specifik\u0101cij\u0101m, t\u0101p\u0113c tas ir b\u016btisks, lai nodro\u0161in\u0101tu uzticamus un atk\u0101rtojamus biezuma m\u0113r\u012bjumus. . <strong>ZBH-01 Pap\u012bra un kartona biezuma testeris<\/strong> ir kalibr\u0113ts atbilsto\u0161i ISO 534 standartam, nodro\u0161inot, ka tas sniedz konsekventus un atbilsto\u0161us rezult\u0101tus. \u0160os kvalit\u0101tes pas\u0101kumus atbalsta ar\u012b saist\u012btie standarti, piem\u0113ram, GB\/T 451.3.<\/p>\n<h2>Kartona biezuma m\u0113r\u012bt\u0101ja tehnisk\u0101s specifik\u0101cijas<\/h2>\n<ul>\n<li><strong>Testa diapazons<\/strong>: 0-4 mm, kas \u013cauj veikt m\u0113r\u012bjumus da\u017e\u0101diem kartona veidiem.<\/li>\n<li><strong>Rezol\u016bcija<\/strong>: Augsta precizit\u0101te ar 0,001 mm iz\u0161\u0137irtsp\u0113ju prec\u012bziem m\u0113r\u012bjumiem.<\/li>\n<li><strong>Kontaktinform\u0101cijas zona<\/strong>: 200\u00b15 mm\u00b2, kas atbilst ISO 534 pras\u012bb\u0101m par vienm\u0113r\u012bgu m\u0113r\u012bjumu.<\/li>\n<li><strong>Kontaktinform\u0101cija Spiediens<\/strong>: 100 \u00b1 10 kPa, k\u0101 noteikts ISO 534, lai saglab\u0101tu m\u0113r\u012bjumu integrit\u0101ti.<\/li>\n<li><strong>Virsmas paral\u0113lisma m\u0113r\u012b\u0161ana<\/strong>: \u22640,005 mm, kas nodro\u0161ina katra r\u0101d\u012bjuma precizit\u0101ti.<\/li>\n<li><strong>Displeja k\u013c\u016bda<\/strong>: \u00b10,05%, nodro\u0161inot \u013coti prec\u012bzus r\u0101d\u012bjumus konsekventai kvalit\u0101tes kontrolei.<\/li>\n<\/ul>\n<h2>K\u0101 darbojas kartona biezuma m\u0113r\u012bt\u0101js<\/h2>\n<p>Port\u0101ls <strong>ZBH-01 Pap\u012bra un kartona biezuma testeris<\/strong> ir divas apa\u013cas spiediena virsmas stabiliem m\u0113r\u012bjumiem. Fiks\u0113t\u0101 apak\u0161\u0113j\u0101 virsma (uzgalis) un kust\u012bg\u0101 aug\u0161\u0113j\u0101 virsma veido optim\u0101lu test\u0113\u0161anas virsmu, kas atbilst ISO 534 vadl\u012bnij\u0101m. Aug\u0161\u0113j\u0101 virsma p\u0101rvietojas perpendikul\u0101ri uzgalim un nodro\u0161ina prec\u012bzu kontaktu. . <strong>Nulles atiestat\u012b\u0161ana<\/strong> funkcija \u013cauj kalibr\u0113t m\u0113rier\u012bci pirms katras lieto\u0161anas reizes, nodro\u0161inot uzticamus un atk\u0101rtojamus katra m\u0113r\u012bjuma rezult\u0101tus.<\/p>\n<h2>Kartona biezuma m\u0113r\u012bt\u0101js<\/h2>\n<ul>\n<li><strong>K\u0101ds ir vienas loksnes biezums?<\/strong><br \/>\nVienas loksnes biezums ir att\u0101luma m\u0113r\u012bjums starp vienas loksnes div\u0101m virsm\u0101m statiskas slodzes apst\u0101k\u013cos, kas \u013cauj ticami nov\u0113rt\u0113t atsevi\u0161\u0137a pap\u012bra biezumu.<\/li>\n<li><strong>Kas ir \u0161\u0137iro\u0161anas biezums?<\/strong><br \/>\nAr masas biezumu m\u0113ra vair\u0101ku kaudz\u0113 eso\u0161o lapu kop\u0113jo biezumu, kas ir noder\u012bgs, lai nov\u0113rt\u0113tu materi\u0101lus bez taras.<\/li>\n<li><strong>K\u0101 ISO 534 ietekm\u0113 m\u0113r\u012bjumu precizit\u0101ti?<\/strong><br \/>\nISO 534 defin\u0113 testa parametrus un kalibr\u0113\u0161anas standartus, nodro\u0161inot biezuma m\u0113r\u012bjumu konsekvenci un uzticam\u012bbu da\u017e\u0101d\u0101s lietojumprogramm\u0101s.<\/li>\n<li><strong>Vai m\u0113rinstrumentu var izmantot gofr\u0113tajai kok\u0161\u0137iedru pl\u0101tnei?<\/strong><br \/>\nN\u0113, t\u0101 nav piem\u0113rota gofr\u0113tajam fiberboardam t\u0101 unik\u0101lo struktur\u0101lo \u012bpa\u0161\u012bbu d\u0113\u013c.<\/li>\n<li><strong>Vai ir iesp\u0113jams konvert\u0113t m\u0113rvien\u012bbas?<\/strong><br \/>\nJ\u0101, m\u0113rier\u012bce atbalsta vien\u012bbu konvert\u0113\u0161anu, nodro\u0161inot elast\u012bbu da\u017e\u0101d\u0101m test\u0113\u0161anas pras\u012bb\u0101m.<\/li>\n<\/ul>\n<h2>Kartona biezuma m\u0113r\u012bt\u0101ja izmanto\u0161anas priek\u0161roc\u012bbas kvalit\u0101tes kontrolei<\/h2>\n<p>Izmantojot <strong>Kartona biezuma m\u0113r\u012bt\u0101js<\/strong> sniedz vair\u0101kas b\u016btiskas priek\u0161roc\u012bbas:<\/p>\n<ul>\n<li><strong>Produkta uzticam\u012bba<\/strong>: Nodro\u0161ina, lai katra partija atbilstu noteiktajiem biezuma krit\u0113rijiem, saglab\u0101jot produkta kvalit\u0101ti un viendab\u012bgumu.<\/li>\n<li><strong>Ties\u012bbu aktu atbilst\u012bba<\/strong>: Atbilst ISO 534 standartam, kas ir b\u016btisks, lai nodro\u0161in\u0101tu atbilst\u012bbu regul\u0113t\u0101s nozar\u0113s.<\/li>\n<li><strong>Uzlabota kvalit\u0101tes nodro\u0161in\u0101\u0161ana<\/strong>: Pal\u012bdz nov\u0113rst materi\u0101lu zudumus, optimiz\u0113t ra\u017eo\u0161anu un iev\u0113rot nozares standartus.<\/li>\n<\/ul>\n<p>Port\u0101ls <strong>Kartona biezuma m\u0113r\u012bt\u0101js<\/strong> ir neaizst\u0101jams instruments, lai veiktu prec\u012bzus un atk\u0101rtojamus biezuma m\u0113r\u012bjumus saska\u0146\u0101 ar <strong>ISO 534<\/strong>. Pateicoties augstajai precizit\u0101tei, \u0113rtai lieto\u0161anai un nozares standartu iev\u0113ro\u0161anai, ZBH-01 ir ide\u0101li piem\u0113rots ra\u017eot\u0101jiem un kvalit\u0101tes inspektoriem, kas mekl\u0113 uzticamus biezuma datus. Izv\u0113lieties ZBH-01, lai uzlabotu kvalit\u0101tes kontroli sav\u0101 darb\u012bb\u0101, jo tam ir uzlabotas funkcijas un prec\u012bzs, lietot\u0101jam draudz\u012bgs dizains.<\/p>\n<div id=\"gtx-anchor\" style=\"position: absolute; visibility: hidden; left: 353.094px; top: 1635.44px; width: 58.3125px; height: 19px;\"><\/div>\n<div class=\"jfk-bubble gtx-bubble\" style=\"visibility: visible; left: -285px; top: 1467px; opacity: 1;\" role=\"alertdialog\" aria-describedby=\"bubble-2\">\n<div id=\"bubble-2\" class=\"jfk-bubble-content-id\">\n<div id=\"gtx-host\" style=\"min-width: 200px; max-width: 400px;\"><\/div>\n<\/div>\n<div class=\"jfk-bubble-closebtn-id jfk-bubble-closebtn\" tabindex=\"0\" role=\"button\" aria-label=\"Aizv\u0113rt\"><\/div>\n<div class=\"jfk-bubble-arrow-id jfk-bubble-arrow jfk-bubble-arrowdown\" style=\"left: 382.094px;\">\n<div class=\"jfk-bubble-arrowimplbefore\"><\/div>\n<div class=\"jfk-bubble-arrowimplafter\"><\/div>\n<\/div>\n<\/div>","protected":false},"excerpt":{"rendered":"<p>Port\u0101ls <strong>Kartona biezuma m\u0113r\u012bt\u0101js<\/strong> ir svar\u012bgs instruments, kas paredz\u0113ts prec\u012bzai pap\u012bra un kartona biezuma m\u0113r\u012b\u0161anai, nodro\u0161inot materi\u0101lu viendab\u012bgumu un kvalit\u0101ti. \u0160o m\u0113rier\u012bci pla\u0161i izmanto t\u0101d\u0101s nozar\u0113s k\u0101 iepako\u0161ana, p\u0101rtikas un dz\u0113rienu ra\u017eo\u0161ana, medic\u012bna un elektronika, kur prec\u012bzi biezuma m\u0113r\u012bjumi ir b\u016btiski svar\u012bgi produktu kvalit\u0101tes un normat\u012bvo aktu iev\u0113ro\u0161anas nodro\u0161in\u0101\u0161anai. Pateicoties augstajai precizit\u0101tei un lietot\u0101jam draudz\u012bgaj\u0101m funkcij\u0101m, \u0161is m\u0113rinstruments atbilst kvalit\u0101tes kontroles un produktu izstr\u0101des speci\u0101listu pras\u012bb\u0101m.<\/p>","protected":false},"featured_media":6295,"comment_status":"closed","ping_status":"closed","template":"","meta":{"site-sidebar-layout":"default","site-content-layout":"default","ast-global-header-display":"","ast-main-header-display":"","ast-hfb-above-header-display":"","ast-hfb-below-header-display":"","ast-hfb-mobile-header-display":"","site-post-title":"","ast-breadcrumbs-content":"","ast-featured-img":"","footer-sml-layout":"","theme-transparent-header-meta":"default","adv-header-id-meta":"","stick-header-meta":"","header-above-stick-meta":"","header-main-stick-meta":"","header-below-stick-meta":""},"product_cat":[845,953,956,955,954,957,958,952,959,962,685,44,16,164,95],"product_tag":[],"class_list":{"0":"post-5366","1":"product","2":"type-product","3":"status-publish","4":"has-post-thumbnail","6":"product_cat-customization","7":"product_cat-bursting-tester","8":"product_cat-cobb-tester","9":"product_cat-crush-tester","10":"product_cat-paper-tear-tester","11":"product_cat-plybond-tester","12":"product_cat-puncture-tester","13":"product_cat-rub-tester","14":"product_cat-stiffness-tester","15":"product_cat-thickness-gauges","16":"product_cat-thickness-tester","17":"product_cat-paper-and-board-testers","18":"product_cat-plastic-packaging-testers","19":"product_cat-iso-534","20":"product_cat-products","21":"desktop-align-left","22":"tablet-align-left","23":"mobile-align-left","25":"first","26":"instock","27":"shipping-taxable","28":"product-type-simple"},"_links":{"self":[{"href":"https:\/\/www.qualitester.com\/lv\/wp-json\/wp\/v2\/product\/5366","targetHints":{"allow":["GET"]}}],"collection":[{"href":"https:\/\/www.qualitester.com\/lv\/wp-json\/wp\/v2\/product"}],"about":[{"href":"https:\/\/www.qualitester.com\/lv\/wp-json\/wp\/v2\/types\/product"}],"replies":[{"embeddable":true,"href":"https:\/\/www.qualitester.com\/lv\/wp-json\/wp\/v2\/comments?post=5366"}],"version-history":[{"count":0,"href":"https:\/\/www.qualitester.com\/lv\/wp-json\/wp\/v2\/product\/5366\/revisions"}],"wp:featuredmedia":[{"embeddable":true,"href":"https:\/\/www.qualitester.com\/lv\/wp-json\/wp\/v2\/media\/6295"}],"wp:attachment":[{"href":"https:\/\/www.qualitester.com\/lv\/wp-json\/wp\/v2\/media?parent=5366"}],"wp:term":[{"taxonomy":"product_cat","embeddable":true,"href":"https:\/\/www.qualitester.com\/lv\/wp-json\/wp\/v2\/product_cat?post=5366"},{"taxonomy":"product_tag","embeddable":true,"href":"https:\/\/www.qualitester.com\/lv\/wp-json\/wp\/v2\/product_tag?post=5366"}],"curies":[{"name":"wp","href":"https:\/\/api.w.org\/{rel}","templated":true}]}}