{"id":5332,"date":"2024-11-13T11:52:19","date_gmt":"2024-11-13T03:52:19","guid":{"rendered":"https:\/\/www.qualitester.com\/?post_type=product&#038;p=5332"},"modified":"2024-12-05T15:09:02","modified_gmt":"2024-12-05T07:09:02","slug":"sale-paper-horizontal-tensile-tester","status":"publish","type":"product","link":"https:\/\/www.qualitester.com\/lv\/products-2\/sale-paper-horizontal-tensile-tester\/","title":{"rendered":"TST-H horizont\u0101lais stiepes testeris"},"content":{"rendered":"<h2><strong>Ievads: Pap\u012bra horizont\u0101lais stiepes testeris<\/strong><\/h2>\n<p>Port\u0101ls <strong>TST-H horizont\u0101lais stiepes testeris<\/strong> ir m\u016bsdien\u012bgs, nemain\u012bga pagarin\u0101juma \u0101truma test\u0113\u0161anas instruments, kas paredz\u0113ts pap\u012bra, kartona, salve\u0161pap\u012bra un citu pap\u012bra materi\u0101lu stiepes \u012bpa\u0161\u012bbu m\u0113r\u012b\u0161anai. Ar prec\u012bz\u0101m test\u0113\u0161anas iesp\u0113j\u0101m tas nosaka t\u0101das svar\u012bgas \u012bpa\u0161\u012bbas k\u0101 stiepes iztur\u012bba, izstiep\u0161an\u0101s pie maksim\u0101l\u0101 sp\u0113ka, stiepes ener\u0123ijas absorbcija un stiepes stingr\u012bba. Testeris ir ide\u0101li piem\u0113rots iepakojuma materi\u0101lu, pap\u012bra izstr\u0101d\u0101jumu un salve\u0161u izstr\u0101d\u0101jumu nov\u0113rt\u0113\u0161anai, nodro\u0161inot svar\u012bgus datus t\u0101d\u0101m nozar\u0113m k\u0101 iepakojuma, p\u0101rtikas, farm\u0101cijas, adhez\u012bvu un kvalit\u0101tes kontroles a\u0123ent\u016br\u0101m.<\/p>\n<p>Port\u0101ls <strong>TST-H horizont\u0101lais stiepes testeris<\/strong> nodro\u0161ina prec\u012bzus un reproduc\u0113jamus rezult\u0101tus, \u013caujot ra\u017eot\u0101jiem uztur\u0113t nemain\u012bgu kvalit\u0101ti un nodro\u0161in\u0101t savu produktu atbilst\u012bbu starptautiskajiem standartiem. Neatkar\u012bgi no t\u0101, vai tas paredz\u0113ts kvalit\u0101tes kontrolei vai p\u0113tniec\u012bbai, TST-H nodro\u0161ina uzticamus un prec\u012bzus stiepes m\u0113r\u012bjumus, kas ir \u013coti svar\u012bgi, lai optimiz\u0113tu izstr\u0101d\u0101jumu veiktsp\u0113ju.<\/p>\n<hr \/>\n<h2><strong>Test\u0113\u0161anas metodes un standarti pap\u012bra horizont\u0101l\u0101s stiepes test\u0113\u0161anai<\/strong><\/h2>\n<h3><strong>ISO 1924: Galvenie test\u0113\u0161anas standarti pap\u012bra stiepes test\u0113\u0161anai<\/strong><\/h3>\n<p>Port\u0101ls <strong>ISO 1924<\/strong> s\u0113rija ir vispla\u0161\u0101k pie\u0146emtais starptautiskais standarts pap\u012bra un kartona stiepes \u012bpa\u0161\u012bbu test\u0113\u0161anai. S\u0113rija sast\u0101v no trim da\u013c\u0101m, kur\u0101s s\u012bki aprakst\u012btas stiepes test\u0113\u0161anas metodes da\u017e\u0101dos apst\u0101k\u013cos:<\/p>\n<ul>\n<li><a href=\"https:\/\/www.iso.org\/standard\/6616.html\" target=\"_blank\" rel=\"noopener nofollow\"><strong>ISO 1924-1<\/strong><\/a>: Koncentr\u0113jas uz pap\u012bra un kartona stiepes iztur\u012bbas, pagarin\u0101juma un izstiepuma noteik\u0161anu pie maksim\u0101l\u0101 sp\u0113ka.<\/li>\n<li><a href=\"https:\/\/www.iso.org\/standard\/41397.html\" target=\"_blank\" rel=\"noopener nofollow\"><strong>ISO 1924-2<\/strong><\/a>: \u012apa\u0161i attiecas uz pap\u012bra un kartona stiepes iztur\u012bbas p\u0101rbaudi mitros apst\u0101k\u013cos.<\/li>\n<li><a href=\"https:\/\/www.iso.org\/standard\/32206.html\" target=\"_blank\" rel=\"noopener nofollow\"><strong>ISO 1924-3<\/strong><\/a>: Attiecas uz nep\u0101rtraukto metodi pap\u012bra stiepes \u012bpa\u0161\u012bbu noteik\u0161anai ilgtermi\u0146a ilgiztur\u012bbas p\u0113t\u012bjumiem.<\/li>\n<\/ul>\n<p>\u0160ie standarti sniedz skaidras vadl\u012bnijas stiepes testu veik\u0161anai un nodro\u0161ina pap\u012bra izstr\u0101d\u0101jumu atbilst\u012bbu nepiecie\u0161amajiem kvalit\u0101tes standartiem. TST-H horizont\u0101lais stiepes testeris atbilst \u0161iem ISO standartiem, nodro\u0161inot atbilst\u012bbu un test\u0113\u0161anas rezult\u0101tu konsekvenci.<\/p>\n<h4><strong>ISO 1924-1: Stiepes \u012bpa\u0161\u012bbu noteik\u0161ana<\/strong><\/h4>\n<p><strong>ISO 1924-1<\/strong> apraksta testa metodi pap\u012bra stiepes iztur\u012bbas, stiepes pie maksim\u0101l\u0101 sp\u0113ka un pagarin\u0101juma noteik\u0161anai. . <strong>TST-H horizont\u0101lais stiepes testeris<\/strong> izmanto \u0161o metodi, piem\u0113rojot pap\u012bra paraugam nemain\u012bgu stiep\u0161anas \u0101trumu, l\u012bdz tas p\u0101rtr\u016bkst. Testa laik\u0101 ieg\u016btie dati par sp\u0113ku un pagarin\u0101jumu tiek izmantoti, lai apr\u0113\u0137in\u0101tu galvenos parametrus, tostarp:<\/p>\n<ul>\n<li><strong>Stiepes iztur\u012bba<\/strong>: Maksim\u0101lais sp\u0113ks, ko pap\u012brs var iztur\u0113t, pirms tas tiek p\u0101rrauts.<\/li>\n<li><strong>Izstiep\u0161an\u0101s pie maksim\u0101l\u0101 sp\u0113ka<\/strong>: Pap\u012bra stiepes stiepes maksim\u0101l\u0101s iztur\u012bbas punkt\u0101 ieg\u016btais pagarin\u0101jums.<\/li>\n<li><strong>Stiepes ener\u0123ijas absorbcija<\/strong>: Testa laik\u0101 pap\u012bra absorb\u0113t\u0101 ener\u0123ija.<\/li>\n<\/ul>\n<p>TST-H sniegtie dati \u013cauj ra\u017eot\u0101jiem nov\u0113rt\u0113t pap\u012bra izstr\u0101d\u0101jumu iztur\u012bbu un veiktsp\u0113ju da\u017e\u0101diem lietojumiem.<\/p>\n<h4><strong>ISO 1924-2: slapj\u0101s stiepes iztur\u012bbas tests<\/strong><\/h4>\n<p><strong>ISO 1924-2<\/strong> koncentr\u0113jas uz to, lai nov\u0113rt\u0113tu <strong>mitr\u0101 stiepes iztur\u012bba<\/strong> pap\u012bra un kartona, kas ir \u012bpa\u0161i svar\u012bgi pap\u012bra izstr\u0101d\u0101jumiem, kurus izmanto mitros apst\u0101k\u013cos (piem\u0113ram, salve\u0161pap\u012bram, iepakojuma materi\u0101liem). . <strong>TST-H horizont\u0101lais stiepes testeris<\/strong> ir apr\u012bkots ar papildu <strong>mitra stiepes iztur\u012bba \u016bdens tvertne<\/strong> lai piel\u0101gotu testus saska\u0146\u0101 ar <strong>ISO 1924-2<\/strong>. \u0160\u012b funkcija nodro\u0161ina, ka testeris var str\u0101d\u0101t ar materi\u0101liem, kas pak\u013cauti mitruma iedarb\u012bbai, un prec\u012bzi izm\u0113r\u012bt stiepes iztur\u012bbas samazin\u0101\u0161anos, kas rodas, kad pap\u012brs ir mitrs.<\/p>\n<h4><strong>ISO 1924-3: Nep\u0101rtraukta pap\u012bra test\u0113\u0161anas metode<\/strong><\/h4>\n<p><strong>ISO 1924-3<\/strong> ievie\u0161 nep\u0101rtrauktu metodi pap\u012bra un kartona stiepes \u012bpa\u0161\u012bbu noteik\u0161anai. \u0160o metodi izmanto ilgtermi\u0146a iztur\u012bbas test\u0113\u0161anai, jo \u012bpa\u0161i t\u0101diem materi\u0101liem k\u0101 gofr\u0113tais kartons. . <strong>TST-H horizont\u0101lais stiepes testeris<\/strong> var konfigur\u0113t, lai veiktu nep\u0101rtrauktus testus, sniedzot v\u0113rt\u012bgu ieskatu pap\u012bra izstr\u0101d\u0101jumu uzved\u012bb\u0101 ilgsto\u0161as slodzes apst\u0101k\u013cos.<\/p>\n<h3><strong>Citi attiec\u012bgie standarti<\/strong><\/h3>\n<p>Papildus <strong>ISO 1924<\/strong>, un <strong>TST-H horizont\u0101lais stiepes testeris<\/strong> atbilst vair\u0101kiem citiem standartiem, tostarp:<\/p>\n<ul>\n<li><strong>ISO 12625-4<\/strong>: Salve\u0161pap\u012bra stiepes p\u0101rbaude.<\/li>\n<li><strong>ISO 12625-5<\/strong>: Visp\u0101r\u012bgas testa metodes pap\u012bra un kartona stiepes iztur\u012bbas noteik\u0161anai.<\/li>\n<li><strong>TAPPI T494<\/strong>: Standarta testa metode pap\u012bra un kartona stiepes \u012bpa\u0161\u012bbu noteik\u0161anai.<\/li>\n<\/ul>\n<p>\u0160ie standarti nodro\u0161ina, ka <strong>TST-H<\/strong> nodro\u0161ina konsekventus, prec\u012bzus un uzticamus rezult\u0101tus visda\u017e\u0101d\u0101kajiem pap\u012bra izstr\u0101d\u0101jumiem.<\/p>\n<hr \/>\n<h2><strong>Pap\u012bra horizont\u0101l\u0101 stiepes testera izmanto\u0161anas priek\u0161roc\u012bbas<\/strong><\/h2>\n<ul>\n<li><strong>Precizit\u0101te un stabilit\u0101te<\/strong> Port\u0101ls <strong>TST-H<\/strong> ir b\u016bv\u0113ts ar <strong>viena kolonnas strukt\u016bra<\/strong> un <strong>prec\u012bzijas lodveida skr\u016bve<\/strong> stabilai p\u0101rraidei un uzlabotai test\u0113\u0161anas precizit\u0101tei. Tas nodro\u0161ina prec\u012bzus stiepes \u012bpa\u0161\u012bbu m\u0113r\u012bjumus, padarot to par uzticamu kvalit\u0101tes kontroles r\u012bku.<\/li>\n<li><strong>Lietot\u0101jam draudz\u012bga saskarne<\/strong> Apr\u012bkots ar <strong>7 collu sk\u0101rienekr\u0101ns<\/strong>, testeris pied\u0101v\u0101 intuit\u012bvu, viegli lietojamu saskarni. Lietot\u0101ji var \u0101tri iestat\u012bt testus, p\u0101rraudz\u012bt rezult\u0101tus un piel\u0101got parametrus, t\u0101p\u0113c tas ir piem\u0113rots gan ies\u0101c\u0113jiem, gan pieredz\u0113ju\u0161iem operatoriem.<\/li>\n<li><strong>Papildapr\u012bkojuma mitr\u0101 test\u0113\u0161anas funkcija<\/strong> Port\u0101ls <strong>mitra stiepes iztur\u012bba \u016bdens tvertne<\/strong> \u013cauj test\u0113t pap\u012bru mitros apst\u0101k\u013cos, kas ir b\u016btiska \u012bpa\u0161\u012bba, lai nov\u0113rt\u0113tu materi\u0101lus, kurus izmanto mitr\u0101 vai mitr\u0101 vid\u0113, piem\u0113ram, salve\u0161pap\u012bru un iepakojumu.<\/li>\n<li><strong>Uzlabota datu p\u0101rvald\u012bba<\/strong> Port\u0101ls <strong>TST-H<\/strong> ir sader\u012bgs ar <strong>datoru savienojam\u012bba<\/strong> (p\u0113c izv\u0113les), kas \u013cauj uzlabot datu glab\u0101\u0161anu, anal\u012bzi un p\u0101rskatu veido\u0161anu. Port\u0101ls <strong>modul\u0101rais termiskais printeris<\/strong> sniedz t\u016bl\u012bt\u0113jus testu rezult\u0101tus, nodro\u0161inot \u0101tru piek\u013cuvi svar\u012bgiem datiem.<\/li>\n<li><strong>Univers\u0101ls un piel\u0101gojams<\/strong> Port\u0101ls <strong>TST-H<\/strong> var piel\u0101got da\u017e\u0101d\u0101m test\u0113\u0161anas vajadz\u012bb\u0101m, tostarp da\u017e\u0101diem pap\u012bra izstr\u0101d\u0101jumiem un piel\u0101gotiem paraugu izm\u0113riem. T\u0101 elast\u012bgie test\u0113\u0161anas parametri un papildu funkcijas padara to par daudzpus\u012bgu izv\u0113li da\u017e\u0101diem lietojumiem.<\/li>\n<\/ul>\n<hr \/>\n<h2><strong>Testa parametri un specifik\u0101cijas<\/strong><\/h2>\n<table>\n<tbody>\n<tr>\n<td style=\"text-align: center;\" width=\"237\">M\u0113r\u012bjumu diapazons<\/td>\n<td style=\"text-align: center;\" width=\"224\">30N, 500N vai p\u0113c vajadz\u012bbas<\/td>\n<\/tr>\n<tr>\n<td style=\"text-align: center;\" width=\"237\">Pagarin\u0101juma m\u0113r\u012bjumu diapazons<\/td>\n<td style=\"text-align: center;\" width=\"224\">45-260 mm<\/td>\n<\/tr>\n<tr>\n<td style=\"text-align: center;\" width=\"237\">Stiep\u0161an\u0101s \u0101trums:<\/td>\n<td style=\"text-align: center;\" width=\"224\">(1~500) mm\/min<\/td>\n<\/tr>\n<tr>\n<td style=\"text-align: center;\" width=\"237\">Atgrie\u0161an\u0101s \u0101trums<\/td>\n<td style=\"text-align: center;\" width=\"224\">100 mm\/min<\/td>\n<\/tr>\n<tr>\n<td style=\"text-align: center;\" width=\"237\">Spriegot\u0101ju att\u0101lums starp skav\u0101m<\/td>\n<td style=\"text-align: center;\" width=\"224\">1 ~ 250 mm<\/td>\n<\/tr>\n<tr>\n<td style=\"text-align: center;\" width=\"237\">Testa \u0101truma precizit\u0101te<\/td>\n<td style=\"text-align: center;\" width=\"224\">(1~10) mm\/min: \u00b10,1 mm\/min<\/td>\n<\/tr>\n<tr>\n<td style=\"text-align: center;\" width=\"237\">paraugu \u0146em\u0161anas bie\u017eums<\/td>\n<td style=\"text-align: center;\" width=\"224\">400 reizes\/S<\/td>\n<\/tr>\n<tr>\n<td style=\"text-align: center;\" width=\"237\">Precizit\u0101te<\/td>\n<td style=\"text-align: center;\" width=\"224\">\u2264\u00b10,5%<\/td>\n<\/tr>\n<tr>\n<td style=\"text-align: center;\" width=\"237\">Sp\u0113ka precizit\u0101te<\/td>\n<td style=\"text-align: center;\" width=\"224\">\u00b10,1% (20~100%FS)<\/td>\n<\/tr>\n<tr>\n<td style=\"text-align: center;\" width=\"237\">Deform\u0101cijas iz\u0161\u0137irtsp\u0113ja<\/td>\n<td style=\"text-align: center;\" width=\"224\">\u22640,1 mm<\/td>\n<\/tr>\n<tr>\n<td style=\"text-align: center;\" width=\"237\">Parauga iesp\u012bl\u0113\u0161ana<\/td>\n<td style=\"text-align: center;\" width=\"224\">pneimatiskais<\/td>\n<\/tr>\n<tr>\n<td style=\"text-align: center;\" width=\"237\">Saspie\u0161anas spiediens<\/td>\n<td style=\"text-align: center;\" width=\"224\">0,2-0,7 MPa (regul\u0113jams)<\/td>\n<\/tr>\n<tr>\n<td style=\"text-align: center;\" width=\"237\">Parauga lielums<\/td>\n<td style=\"text-align: center;\" width=\"224\">1-25 mm<\/td>\n<\/tr>\n<tr>\n<td style=\"text-align: center;\" width=\"237\">Cilv\u0113ka un ma\u0161\u012bnas saskarne<\/td>\n<td style=\"text-align: center;\" width=\"224\">7 sk\u0101rienekr\u0101ns<\/td>\n<\/tr>\n<tr>\n<td style=\"text-align: center;\" width=\"237\">Izdruka<\/td>\n<td style=\"text-align: center;\" width=\"224\">ieb\u016bv\u0113tais termiskais printeris.<\/td>\n<\/tr>\n<tr>\n<td style=\"text-align: center;\" width=\"237\">Power<\/td>\n<td style=\"text-align: center;\" width=\"224\">mai\u0146str\u0101va 220 V 50 Hz<\/td>\n<\/tr>\n<tr>\n<td style=\"text-align: center;\" width=\"237\">Dimensija<\/td>\n<td style=\"text-align: center;\" width=\"224\">650*500*400 mm<\/td>\n<\/tr>\n<\/tbody>\n<\/table>\n<hr \/>\n<h2><strong>K\u0101p\u0113c izv\u0113l\u0113ties pap\u012bra horizont\u0101lo stiepes testeri?<\/strong><\/h2>\n<p>Port\u0101ls <strong>TST-H horizont\u0101lais stiepes testeris<\/strong> pied\u0101v\u0101 nep\u0101rsp\u0113jamu precizit\u0101tes, elast\u012bbas un lieto\u0161anas \u0113rtuma kombin\u0101ciju, padarot to par ide\u0101lu izv\u0113li pap\u012bra, kartona, salve\u0161pap\u012bra un citu l\u012bdz\u012bgu materi\u0101lu stiepes \u012bpa\u0161\u012bbu p\u0101rbaudei. \u0160is testeris sp\u0113j m\u0113r\u012bt galven\u0101s \u012bpa\u0161\u012bbas, piem\u0113ram, stiepes iztur\u012bbu, pagarin\u0101jumu un ener\u0123ijas absorbciju, un tas pal\u012bdz ra\u017eot\u0101jiem optimiz\u0113t produktu kvalit\u0101ti un nodro\u0161in\u0101t atbilst\u012bbu starptautiskajiem standartiem, piem\u0113ram, \u0161\u0101diem. <strong>ISO 1924<\/strong>, <strong>ISO 12625<\/strong>, un <strong>TAPPI T494<\/strong>.<\/p>\n<p>Neatkar\u012bgi no t\u0101, vai veicat test\u0113\u0161anu kvalit\u0101tes kontroles, p\u0113tniec\u012bbas vai produktu izstr\u0101des vajadz\u012bb\u0101m. <strong>TST-H horizont\u0101lais stiepes testeris<\/strong> ir uzticams un efekt\u012bvs risin\u0101jums vis\u0101m j\u016bsu pap\u012bra test\u0113\u0161anas vajadz\u012bb\u0101m.<\/p>\n<hr \/>\n<h2><strong>Bie\u017e\u0101k uzdotie jaut\u0101jumi (FAQ)<\/strong><\/h2>\n<ol>\n<li><strong>K\u0101da veida materi\u0101lus var test\u0113t ar pap\u012bra horizont\u0101lo stiepes testeri?<\/strong>\n<ul>\n<li>TST-H ir paredz\u0113ts pap\u012bra, kartona, salve\u0161pap\u012bra un l\u012bdz\u012bgu pap\u012bra izstr\u0101d\u0101jumu test\u0113\u0161anai.<\/li>\n<\/ul>\n<\/li>\n<li><strong>K\u0101 veikt slapj\u0101s stiepes iztur\u012bbas testu, izmantojot TST-H?<\/strong>\n<ul>\n<li>TST-H ir papildapr\u012bkojums <strong>mitra stiepes iztur\u012bba \u016bdens tvertne<\/strong> veikt testus mitros apst\u0101k\u013cos, iev\u0113rojot <strong>ISO 1924-2<\/strong> standarti.<\/li>\n<\/ul>\n<\/li>\n<li><strong>K\u0101das ir pap\u012bra horizont\u0101l\u0101 stiepes testera 7 collu sk\u0101rienekr\u0101na galven\u0101s priek\u0161roc\u012bbas?<\/strong>\n<ul>\n<li>Sk\u0101rienekr\u0101ns pied\u0101v\u0101 lietot\u0101jam draudz\u012bgu saskarni, kas \u013cauj viegli iestat\u012bt, darbin\u0101t un uzraudz\u012bt testa rezult\u0101tus.<\/li>\n<\/ul>\n<\/li>\n<li><strong>Vai TST-H horizont\u0101lo stiepes testeri var piesl\u0113gt datoram datu glab\u0101\u0161anai?<\/strong>\n<ul>\n<li>J\u0101, t\u0101 pied\u0101v\u0101 <strong>datoru savienojam\u012bba<\/strong> uzlabotai datu glab\u0101\u0161anai, anal\u012bzei un p\u0101rskatu \u0123ener\u0113\u0161anai.<\/li>\n<\/ul>\n<\/li>\n<li><strong>K\u0101diem standartiem atbilst pap\u012bra horizont\u0101lais stiepes testeris?<\/strong>\n<ul>\n<li>Testeris atbilst <strong>ISO 1924<\/strong> (1., 2. un 3. da\u013ca), <strong>ISO 12625<\/strong>, <strong>TAPPI T494<\/strong>, un citiem attiec\u012bgajiem pap\u012bra test\u0113\u0161anas standartiem.<\/li>\n<\/ul>\n<\/li>\n<\/ol>","protected":false},"excerpt":{"rendered":"<p>Port\u0101ls <strong>TST-H horizont\u0101lais stiepes testeris<\/strong> nodro\u0161ina prec\u012bzus un reproduc\u0113jamus rezult\u0101tus, \u013caujot ra\u017eot\u0101jiem uztur\u0113t nemain\u012bgu kvalit\u0101ti un nodro\u0161in\u0101t savu produktu atbilst\u012bbu starptautiskajiem standartiem. Neatkar\u012bgi no t\u0101, vai tas paredz\u0113ts kvalit\u0101tes kontrolei vai p\u0113tniec\u012bbai, TST-H nodro\u0161ina uzticamus un prec\u012bzus stiepes m\u0113r\u012bjumus, kas ir \u013coti svar\u012bgi, lai optimiz\u0113tu izstr\u0101d\u0101jumu veiktsp\u0113ju.<\/p>","protected":false},"featured_media":6280,"comment_status":"closed","ping_status":"closed","template":"","meta":{"site-sidebar-layout":"default","site-content-layout":"default","ast-global-header-display":"","ast-main-header-display":"","ast-hfb-above-header-display":"","ast-hfb-below-header-display":"","ast-hfb-mobile-header-display":"","site-post-title":"","ast-breadcrumbs-content":"","ast-featured-img":"","footer-sml-layout":"","theme-transparent-header-meta":"default","adv-header-id-meta":"","stick-header-meta":"","header-above-stick-meta":"","header-main-stick-meta":"","header-below-stick-meta":""},"product_cat":[845,953,956,955,1166,1167,1163,1164,1165,954,957,958,952,959,1168,679,95],"product_tag":[],"class_list":{"0":"post-5332","1":"product","2":"type-product","3":"status-publish","4":"has-post-thumbnail","6":"product_cat-customization","7":"product_cat-bursting-tester","8":"product_cat-cobb-tester","9":"product_cat-crush-tester","10":"product_cat-iso-12625-4","11":"product_cat-iso-12625-5","12":"product_cat-iso-1924-1","13":"product_cat-iso-1924-2","14":"product_cat-iso-1924-3","15":"product_cat-paper-tear-tester","16":"product_cat-plybond-tester","17":"product_cat-puncture-tester","18":"product_cat-rub-tester","19":"product_cat-stiffness-tester","20":"product_cat-tappi-t494","21":"product_cat-tensile-tester","22":"product_cat-products","23":"desktop-align-left","24":"tablet-align-left","25":"mobile-align-left","27":"first","28":"instock","29":"shipping-taxable","30":"product-type-simple"},"_links":{"self":[{"href":"https:\/\/www.qualitester.com\/lv\/wp-json\/wp\/v2\/product\/5332","targetHints":{"allow":["GET"]}}],"collection":[{"href":"https:\/\/www.qualitester.com\/lv\/wp-json\/wp\/v2\/product"}],"about":[{"href":"https:\/\/www.qualitester.com\/lv\/wp-json\/wp\/v2\/types\/product"}],"replies":[{"embeddable":true,"href":"https:\/\/www.qualitester.com\/lv\/wp-json\/wp\/v2\/comments?post=5332"}],"version-history":[{"count":0,"href":"https:\/\/www.qualitester.com\/lv\/wp-json\/wp\/v2\/product\/5332\/revisions"}],"wp:featuredmedia":[{"embeddable":true,"href":"https:\/\/www.qualitester.com\/lv\/wp-json\/wp\/v2\/media\/6280"}],"wp:attachment":[{"href":"https:\/\/www.qualitester.com\/lv\/wp-json\/wp\/v2\/media?parent=5332"}],"wp:term":[{"taxonomy":"product_cat","embeddable":true,"href":"https:\/\/www.qualitester.com\/lv\/wp-json\/wp\/v2\/product_cat?post=5332"},{"taxonomy":"product_tag","embeddable":true,"href":"https:\/\/www.qualitester.com\/lv\/wp-json\/wp\/v2\/product_tag?post=5332"}],"curies":[{"name":"wp","href":"https:\/\/api.w.org\/{rel}","templated":true}]}}