{"id":5329,"date":"2024-11-13T11:44:25","date_gmt":"2024-11-13T03:44:25","guid":{"rendered":"https:\/\/www.qualitester.com\/?post_type=product&#038;p=5329"},"modified":"2024-12-05T11:27:13","modified_gmt":"2024-12-05T03:27:13","slug":"sale-paper-air-permeance-tester","status":"publish","type":"product","link":"https:\/\/www.qualitester.com\/lv\/products-2\/sale-paper-air-permeance-tester\/","title":{"rendered":"TQD-01 gaisa caurlaid\u012bbas testeris"},"content":{"rendered":"<h2><strong>Ievads pap\u012bra gaisa caurlaid\u012bbas tester\u012b<\/strong><\/h2>\n<p>Port\u0101ls <strong>Pap\u012bra gaisa caurlaid\u012bbas testeris<\/strong> ir b\u016btisks instruments pap\u012bra un kartona materi\u0101lu gaisa caurlaid\u012bbas noteik\u0161anai, t\u0101p\u0113c tas ir \u013coti svar\u012bgs t\u0101d\u0101s nozar\u0113s k\u0101 iepakojuma, pap\u012bra ra\u017eo\u0161ana un tekstilr\u016bpniec\u012bba. \u0160is testeris izmanto \u0160oppera metodi, lai m\u0113r\u012btu gaisa pl\u016bsmu caur materi\u0101liem, nodro\u0161inot prec\u012bzus un uzticamus rezult\u0101tus pap\u012briem un kartoniem ar gaisa caurlaid\u012bbas v\u0113rt\u012bb\u0101m no 1 \u00d7 10^-2 l\u012bdz 1 \u00d7 10\u00b2 \u00b5m\/(Pa-s). . <strong>pap\u012bra gaisa caurlaid\u012bbas testeris<\/strong> ir izstr\u0101d\u0101ts atbilsto\u0161i starptautiskajiem test\u0113\u0161anas standartiem, nodro\u0161inot, ka materi\u0101li atbilst \u012bpa\u0161\u0101m gaisa caurlaid\u012bbas pras\u012bb\u0101m, kas ir \u013coti svar\u012bgi to veiktsp\u0113jai iepakojuma, filtr\u0113\u0161anas un citos lietojumos.<\/p>\n<p>Testeris ir ide\u0101li piem\u0113rots da\u017e\u0101diem pap\u012bra veidiem, tostarp kop\u0113\u0161anas pap\u012bram, cementa maisu pap\u012bram, r\u016bpnieciskajam filtrpap\u012bram un pap\u012bra maisiem. Tom\u0113r tas nav piem\u0113rots materi\u0101liem ar raupju virsmu, piem\u0113ram, krep\u0113tam vai gofr\u0113tam pap\u012bram, ko nevar dro\u0161i saspiest, lai nov\u0113rstu nopl\u016bdes.<\/p>\n<h2><strong>Galven\u0101s funkcijas<\/strong><\/h2>\n<ul>\n<li><strong>Prec\u012bzi m\u0113r\u012bjumi<\/strong>: Prec\u012bzi m\u0113ra pap\u012bra un kartona materi\u0101lu gaisa caurlaid\u012bbu.<\/li>\n<li><strong>\u0160oppera metode<\/strong>: Izmanto standartiz\u0113tu \u0160oppera metodi, kas nodro\u0161ina konsekventus un atk\u0101rtojamus rezult\u0101tus.<\/li>\n<li><strong>Pla\u0161a materi\u0101lu sader\u012bba<\/strong>: Piem\u0113rots da\u017e\u0101du veidu pap\u012bra, tostarp r\u016bpniecisk\u0101 filtrpap\u012bra, cementa maisu un koppap\u012bra, test\u0113\u0161anai.<\/li>\n<li><strong>Atbilst\u012bba standartiem<\/strong>: Atbilst vair\u0101kiem starptautiskajiem un nozares gaisa caurlaid\u012bbas test\u0113\u0161anas standartiem.<\/li>\n<li><strong>Lieto\u0161anas \u0113rtums<\/strong>: Vienk\u0101r\u0161a un intuit\u012bva darb\u012bba \u0101trai test\u0113\u0161anai un datu v\u0101k\u0161anai.<\/li>\n<\/ul>\n<h2><strong>K\u0101 darbojas pap\u012bra gaisa caurlaid\u012bbas testeris<\/strong><\/h2>\n<p>Port\u0101ls <strong>pap\u012bra gaisa caurlaid\u012bbas testeris<\/strong> darbojas, saspie\u017eot pap\u012bra vai kartona paraugu starp div\u0101m herm\u0113tisk\u0101m apa\u013c\u0101m starplik\u0101m. Viena parauga puse ir pak\u013cauta atmosf\u0113ras spiedienam, bet vis\u0101 testa zon\u0101 tiek uztur\u0113ta neliela, kontrol\u0113ta spiediena starp\u012bba. Tad testeris \u0161ajos apst\u0101k\u013cos m\u0113ra gaisa pl\u016bsmu caur paraugu, apr\u0113\u0137inot gaisa caurlaid\u012bbu, pamatojoties uz gaisa pl\u016bsmas \u0101trumu un spiediena starp\u012bbu.<\/p>\n<h3><strong>Testa metode<\/strong><\/h3>\n<ol>\n<li><strong>Parauga sagatavo\u0161ana<\/strong>: Pap\u012bra paraugs ir cie\u0161i iespiests starp ab\u0101m bl\u012bv\u0113m, lai izvair\u012btos no nopl\u016bdes.<\/li>\n<li><strong>Spiediena kontrole<\/strong>: Lai imit\u0113tu re\u0101los apst\u0101k\u013cus, paraugam tiek piem\u0113rota neliela, bet nemain\u012bga spiediena starp\u012bba.<\/li>\n<li><strong>M\u0113r\u012bjumi<\/strong>: Testeris m\u0113ra gaisa tilpumu, kas noteikt\u0101 laika period\u0101 pl\u016bst cauri pap\u012bra paraugam, apr\u0113\u0137inot gaisa caurlaid\u012bbu mikrometros uz paskalundu (\u00b5m\/(Pa-s)).<\/li>\n<\/ol>\n<p>\u0160\u012b metode nodro\u0161ina to, ka rezult\u0101ti ir ticami un reprezentat\u012bvi attiec\u012bb\u0101 uz pap\u012bra patieso gaisa caurlaid\u012bbu, t\u0101d\u0113j\u0101di padarot <strong>pap\u012bra gaisa caurlaid\u012bbas testeris<\/strong> b\u016btisks r\u012bks materi\u0101lu veiktsp\u0113jas nov\u0113rt\u0113\u0161anai.<\/p>\n<h2><strong>Pap\u012bra gaisa caurlaid\u012bbas testerim piem\u0113rojamie standarti<\/strong><\/h2>\n<p>Port\u0101ls <strong>pap\u012bra gaisa caurlaid\u012bbas testeris<\/strong> iev\u0113ro vair\u0101kus galvenos starptautiskos un nozares standartus, nodro\u0161inot, ka test\u0113\u0161anas process ir gan prec\u012bzs, gan atbilst lab\u0101kajai pasaules praksei:<\/p>\n<ul>\n<li><a href=\"https:\/\/www.iso.org\/standard\/11719.html\" target=\"_blank\" rel=\"noopener nofollow\"><strong>ISO 5636-2<\/strong><\/a>: Standarts gaisa caurlaid\u012bbas m\u0113r\u012b\u0161anai pap\u012br\u0101 un karton\u0101, izmantojot \u0160oppera metodi.<\/li>\n<li><a href=\"https:\/\/www.iso.org\/standard\/52431.html\" target=\"_blank\" rel=\"noopener nofollow\"><strong>ISO 5636-3<\/strong><\/a>: Nor\u0101da gaisa caurlaid\u012bbas m\u0113r\u012b\u0161anas metodes da\u017e\u0101diem pap\u012bra un kartona materi\u0101liem.<\/li>\n<li><a href=\"https:\/\/www.iso.org\/standard\/53062.html\" target=\"_blank\" rel=\"noopener nofollow\"><strong>ISO 5636-5<\/strong><\/a>: Papildu vadl\u012bnijas gaisa caurlaid\u012bbas test\u0113\u0161anai main\u012bgos vides apst\u0101k\u013cos.<\/li>\n<li><strong>GB\/T 458<\/strong>: \u0136\u012bnas valsts standarts gaisa caurlaid\u012bbas noteik\u0161anai pap\u012bram un kartonam.<\/li>\n<li><strong>QB\/1667<\/strong>: Nozares standarts gaisa caurlaid\u012bbas test\u0113\u0161anai iepakojuma materi\u0101liem.<\/li>\n<\/ul>\n<h3><strong>Standartu atbilst\u012bbas noz\u012bme<\/strong><\/h3>\n<p>Iev\u0113rojot \u0161os standartus. <strong>pap\u012bra gaisa caurlaid\u012bbas testeris<\/strong> nodro\u0161ina, ka j\u016bsu rezult\u0101ti ir konsekventi un atz\u012bti vis\u0101 pasaul\u0113. Tas ir \u013coti svar\u012bgi nozar\u0113s, kur\u0101s ir b\u016btiska atbilst\u012bba normat\u012bvajiem aktiem un kvalit\u0101tes kontrole, piem\u0113ram, p\u0101rtikas un farm\u0101cijas nozar\u0113 izmantoto iepakojuma materi\u0101lu gad\u012bjum\u0101.<\/p>\n<h2><strong>Galvenie parametri<\/strong><\/h2>\n<table>\n<tbody>\n<tr>\n<td style=\"text-align: center;\" width=\"224\">Testa diapazons<\/td>\n<td style=\"text-align: center;\" width=\"267\">1\uff5e1000\uff09ml\/min vai 0 ~ 17um\/(Pa.s)<\/td>\n<\/tr>\n<tr>\n<td style=\"text-align: center;\" width=\"224\">Testa zona<\/td>\n<td style=\"text-align: center;\" width=\"267\">10\u00b10,2 cm\u00b2<\/td>\n<\/tr>\n<tr>\n<td style=\"text-align: center;\" width=\"224\">Testa zonas spiediena starp\u012bba<\/td>\n<td style=\"text-align: center;\" width=\"267\">1\u00b10,01 kpa<\/td>\n<\/tr>\n<tr>\n<td style=\"text-align: center;\" colspan=\"1\" rowspan=\"2\" width=\"224\">Precizit\u0101te<\/td>\n<td style=\"text-align: center;\" width=\"267\">&lt;100ml tilpuma k\u013c\u016bda 1ml<\/td>\n<\/tr>\n<tr>\n<td style=\"text-align: center;\" width=\"267\">&gt;100ml tilpuma k\u013c\u016bda 5ml<\/td>\n<\/tr>\n<tr>\n<td style=\"text-align: center;\" width=\"224\">Skavas gredzena iek\u0161\u0113jais diametrs<\/td>\n<td style=\"text-align: center;\" width=\"267\">35,68\u00b10,05 mm<\/td>\n<\/tr>\n<tr>\n<td style=\"text-align: center;\" width=\"224\">Skavas gredzeni Centra koaksialit\u0101te<\/td>\n<td style=\"text-align: center;\" width=\"267\">&lt;0,05 mm<\/td>\n<\/tr>\n<tr>\n<td style=\"text-align: center;\" width=\"224\">Izm\u0113ri<\/td>\n<td style=\"text-align: center;\" width=\"267\">400*300*1200 mm<\/td>\n<\/tr>\n<\/tbody>\n<\/table>\n<h2><strong>Pap\u012bra gaisa caurlaid\u012bbas testera pielietojums<\/strong><\/h2>\n<p>Port\u0101ls <strong>pap\u012bra gaisa caurlaid\u012bbas testeris<\/strong> ir pla\u0161s pielietojums da\u017e\u0101d\u0101s r\u016bpniec\u012bbas nozar\u0113s, kur\u0101s nepiecie\u0161ams prec\u012bzi izm\u0113r\u012bt gaisa caurlaid\u012bbu pap\u012bra izstr\u0101d\u0101jumos:<\/p>\n<ul>\n<li><strong>Iepakojums<\/strong>: Materi\u0101lu, piem\u0113ram, pap\u012bra maisu, cementa maisu un r\u016bpniecisk\u0101 filtrpap\u012bra, test\u0113\u0161anai, nodro\u0161inot to piem\u0113rot\u012bbu iepako\u0161anai.<\/li>\n<li><strong>Tekstilizstr\u0101d\u0101jumi<\/strong>: Gaisa caurlaid\u012bbas m\u0113r\u012b\u0161ana pap\u012bra materi\u0101los, ko izmanto tekstilmateri\u0101los, piem\u0113ram, pap\u012bra filtros.<\/li>\n<li><strong>P\u0101rtika un farm\u0101cijas produkti<\/strong>: Pareizas gaisa caurlaid\u012bbas nodro\u0161in\u0101\u0161ana pap\u012bra iepakojuma materi\u0101liem, ko izmanto p\u0101rtikas un farm\u0101cijas r\u016bpniec\u012bb\u0101, lai garant\u0113tu produktu aizsardz\u012bbu un kvalit\u0101ti.<\/li>\n<li><strong>Kvalit\u0101tes kontrole<\/strong>: Nodro\u0161in\u0101t, lai visi pap\u012bra izstr\u0101d\u0101jumi atbilstu konkr\u0113tiem gaisa caurlaid\u012bbas standartiem paredz\u0113tajiem lietojumiem.<\/li>\n<\/ul>\n<h2><strong>Pap\u012bra gaisa caurlaid\u012bbas testera priek\u0161roc\u012bbas<\/strong><\/h2>\n<ul>\n<li><strong>Precizit\u0101te un precizit\u0101te<\/strong>: Port\u0101ls <strong>pap\u012bra gaisa caurlaid\u012bbas testeris<\/strong> nodro\u0161ina uzticamus, atk\u0101rtojamus rezult\u0101tus, pal\u012bdzot ra\u017eot\u0101jiem nodro\u0161in\u0101t produktu kvalit\u0101ti un atbilst\u012bbu.<\/li>\n<li><strong>Pla\u0161s lietojumprogrammu kl\u0101sts<\/strong>: To var izmantot, lai p\u0101rbaud\u012btu da\u017e\u0101dus pap\u012bra veidus, s\u0101kot ar r\u016bpniecisko filtrpap\u012bru un beidzot ar iepakojuma materi\u0101liem.<\/li>\n<li><strong>Atbilst\u012bba standartiem<\/strong>: Atbilst starptautiskajiem gaisa caurlaid\u012bbas test\u0113\u0161anas standartiem, nodro\u0161inot konsekvenci un uzticam\u012bbu.<\/li>\n<li><strong>Viegla lieto\u0161ana<\/strong>: Vienk\u0101r\u0161a un lietot\u0101jam draudz\u012bga saskarne \u0101trai un efekt\u012bvai test\u0113\u0161anai jebkur\u0101 laboratorij\u0101 vai ra\u017eo\u0161anas vid\u0113.<\/li>\n<\/ul>\n<p>Port\u0101ls <strong>Pap\u012bra gaisa caurlaid\u012bbas testeris<\/strong> ir neaizst\u0101jams r\u012bks ra\u017eot\u0101jiem, kvalit\u0101tes kontroles laboratorij\u0101m un p\u0113tniec\u012bbas iest\u0101d\u0113m, kur\u0101m nepiecie\u0161ams izm\u0113r\u012bt pap\u012bra un kartona materi\u0101lu gaisa caurlaid\u012bbu. Izmantojot \u0160oppera metodi, tas nodro\u0161ina prec\u012bzus un konsekventus rezult\u0101tus, kas atbilst starptautiskajiem test\u0113\u0161anas standartiem. Neatkar\u012bgi no t\u0101, vai str\u0101d\u0101jat iepakojuma, tekstilizstr\u0101d\u0101jumu, p\u0101rtikas vai farmaceitisko produktu ra\u017eo\u0161anas jom\u0101, \u0161is <strong>pap\u012bra gaisa caurlaid\u012bbas testeris<\/strong> pied\u0101v\u0101 b\u016btiskus veiktsp\u0113jas datus, lai garant\u0113tu j\u016bsu pap\u012bra izstr\u0101d\u0101jumu kvalit\u0101ti un uzticam\u012bbu.<\/p>\n<p>\u0160is testeris ir \u0113rts lieto\u0161an\u0101, daudzpus\u012bgs un prec\u012bzs, t\u0101p\u0113c tas ir v\u0113rt\u012bgs papildin\u0101jums jebkurai laboratorijai vai kvalit\u0101tes kontroles procesam, nodro\u0161inot, ka j\u016bsu materi\u0101li re\u0101los apst\u0101k\u013cos darbojas, k\u0101 paredz\u0113ts.<\/p>","protected":false},"excerpt":{"rendered":"<p>Port\u0101ls <strong>Pap\u012bra gaisa caurlaid\u012bbas testeris<\/strong> ir b\u016btisks instruments pap\u012bra un kartona materi\u0101lu gaisa caurlaid\u012bbas noteik\u0161anai, t\u0101p\u0113c tas ir \u013coti svar\u012bgs t\u0101d\u0101s nozar\u0113s k\u0101 iepakojuma, pap\u012bra ra\u017eo\u0161ana un tekstilr\u016bpniec\u012bba. \u0160is testeris izmanto \u0160oppera metodi, lai m\u0113r\u012btu gaisa pl\u016bsmu caur materi\u0101liem, nodro\u0161inot prec\u012bzus un uzticamus rezult\u0101tus pap\u012briem un kartoniem ar gaisa caurlaid\u012bbas v\u0113rt\u012bb\u0101m no 1 \u00d7 10^-2 l\u012bdz 1 \u00d7 10\u00b2 \u00b5m\/(Pa-s). . <strong>pap\u012bra gaisa caurlaid\u012bbas testeris<\/strong> ir izstr\u0101d\u0101ts atbilsto\u0161i starptautiskajiem test\u0113\u0161anas standartiem, nodro\u0161inot, ka materi\u0101li atbilst \u012bpa\u0161\u0101m gaisa caurlaid\u012bbas pras\u012bb\u0101m, kas ir \u013coti svar\u012bgi to veiktsp\u0113jai iepakojuma, filtr\u0113\u0161anas un citos lietojumos.<\/p>","protected":false},"featured_media":6203,"comment_status":"closed","ping_status":"closed","template":"","meta":{"site-sidebar-layout":"default","site-content-layout":"default","ast-global-header-display":"","ast-main-header-display":"","ast-hfb-above-header-display":"","ast-hfb-below-header-display":"","ast-hfb-mobile-header-display":"","site-post-title":"","ast-breadcrumbs-content":"","ast-featured-img":"","footer-sml-layout":"","theme-transparent-header-meta":"default","adv-header-id-meta":"","stick-header-meta":"","header-above-stick-meta":"","header-main-stick-meta":"","header-below-stick-meta":""},"product_cat":[845,953,956,955,1155,1156,1157,954,957,958,952,959,962,685,44,95],"product_tag":[],"class_list":{"0":"post-5329","1":"product","2":"type-product","3":"status-publish","4":"has-post-thumbnail","6":"product_cat-customization","7":"product_cat-bursting-tester","8":"product_cat-cobb-tester","9":"product_cat-crush-tester","10":"product_cat-iso-5636-2","11":"product_cat-iso-5636-3","12":"product_cat-iso-5636-5","13":"product_cat-paper-tear-tester","14":"product_cat-plybond-tester","15":"product_cat-puncture-tester","16":"product_cat-rub-tester","17":"product_cat-stiffness-tester","18":"product_cat-thickness-gauges","19":"product_cat-thickness-tester","20":"product_cat-paper-and-board-testers","21":"product_cat-products","22":"desktop-align-left","23":"tablet-align-left","24":"mobile-align-left","26":"first","27":"instock","28":"shipping-taxable","29":"product-type-simple"},"_links":{"self":[{"href":"https:\/\/www.qualitester.com\/lv\/wp-json\/wp\/v2\/product\/5329","targetHints":{"allow":["GET"]}}],"collection":[{"href":"https:\/\/www.qualitester.com\/lv\/wp-json\/wp\/v2\/product"}],"about":[{"href":"https:\/\/www.qualitester.com\/lv\/wp-json\/wp\/v2\/types\/product"}],"replies":[{"embeddable":true,"href":"https:\/\/www.qualitester.com\/lv\/wp-json\/wp\/v2\/comments?post=5329"}],"version-history":[{"count":0,"href":"https:\/\/www.qualitester.com\/lv\/wp-json\/wp\/v2\/product\/5329\/revisions"}],"wp:featuredmedia":[{"embeddable":true,"href":"https:\/\/www.qualitester.com\/lv\/wp-json\/wp\/v2\/media\/6203"}],"wp:attachment":[{"href":"https:\/\/www.qualitester.com\/lv\/wp-json\/wp\/v2\/media?parent=5329"}],"wp:term":[{"taxonomy":"product_cat","embeddable":true,"href":"https:\/\/www.qualitester.com\/lv\/wp-json\/wp\/v2\/product_cat?post=5329"},{"taxonomy":"product_tag","embeddable":true,"href":"https:\/\/www.qualitester.com\/lv\/wp-json\/wp\/v2\/product_tag?post=5329"}],"curies":[{"name":"wp","href":"https:\/\/api.w.org\/{rel}","templated":true}]}}