{"id":5309,"date":"2024-11-13T09:24:25","date_gmt":"2024-11-13T01:24:25","guid":{"rendered":"https:\/\/www.qualitester.com\/?post_type=product&#038;p=5309"},"modified":"2024-12-04T16:31:54","modified_gmt":"2024-12-04T08:31:54","slug":"sale-drop-weight-impact-tester","status":"publish","type":"product","link":"https:\/\/www.qualitester.com\/lv\/products-2\/sale-drop-weight-impact-tester\/","title":{"rendered":"FBT-01S Kritiena svara trieciena testeris"},"content":{"rendered":"<p>Triecieniztur\u012bba ir b\u016btiska \u012bpa\u0161\u012bba materi\u0101liem, kas pak\u013cauti p\u0113k\u0161\u0146\u0101m vai ilgsto\u0161\u0101m triecienu iedarb\u012bb\u0101m. . <strong>Kritiena svara trieciena testeris<\/strong> nodro\u0161ina prec\u012bzu un uzticamu metodi da\u017e\u0101du materi\u0101lu, tostarp pl\u0113vju, foliju, pap\u012bra, plastmasas lok\u0161\u0146u un kompoz\u012btmateri\u0101lu, kuru biezums nep\u0101rsniedz 2 mm, iztur\u012bbas nov\u0113rt\u0113\u0161anai. \u0160im testerim ir iz\u0161\u0137iro\u0161a noz\u012bme kvalit\u0101tes kontrol\u0113 un produktu izstr\u0101d\u0113 da\u017e\u0101d\u0101s nozar\u0113s, nodro\u0161inot materi\u0101lu atbilst\u012bbu stingriem veiktsp\u0113jas un iztur\u012bbas standartiem.<\/p>\n<h2>Atbilst ASTM D1709 un ISO 7765-1 standartiem.<\/h2>\n<p>Trieciena testeris ir izstr\u0101d\u0101ts, lai atbilstu \u0161\u0101d\u0101m pras\u012bb\u0101m. <strong>ASTM D1709<\/strong> un <strong>ISO 7765-1<\/strong>-divi no vispla\u0161\u0101k atz\u012btiem triecieniztur\u012bbas test\u0113\u0161anas standartiem. <strong>ASTM D1709<\/strong> koncentr\u0113jas uz plastmasas pl\u0113vju triecieniztur\u012bbu, izmantojot br\u012bvi kr\u012bto\u0161u \u0161autri\u0146u metodi, nodro\u0161inot, ka materi\u0101li efekt\u012bvi iztur caurdur\u0161anas sp\u0113ku. <strong>ISO 7765-1<\/strong> nodro\u0161ina standarta testa metodi termoplastisko pl\u0113vju triecieniztur\u012bbas noteik\u0161anai, t\u0101p\u0113c \u0161is testeris ir ide\u0101li piem\u0113rots gan re\u0123ion\u0101lai, gan starptautiskai test\u0113\u0161anas atbilst\u012bbai. Atbilst\u012bba \u0161iem standartiem garant\u0113, ka \u0161is testeris sniedz \u013coti uzticamus, standartiz\u0113tus rezult\u0101tus, kas piem\u0113roti pla\u0161am lietojumu kl\u0101stam.<\/p>\n<h2>Trieciena testera ar kritiena svaru pielietojums<\/h2>\n<p>Testeris kalpo daudz\u0101m nozar\u0113m, tostarp iepakojuma, farm\u0101cijas, p\u0101rtikas un dz\u0113rienu, elektronikas un ikdienas \u0137\u012bmijas nozarei. Ar to nov\u0113rt\u0113 t\u0101du materi\u0101lu k\u0101 iepakojuma pl\u0113ves, plastmasas pl\u0113ves un aizsargpl\u0113ves iztur\u012bbu, kas bie\u017ei vien iztur trieciena sp\u0113kus p\u0101rkrau\u0161anas, transport\u0113\u0161anas un lieto\u0161anas laik\u0101. Nov\u0113rt\u0113jot materi\u0101lu triecieniztur\u012bbu, \u0161is testeris pal\u012bdz ra\u017eot\u0101jiem nodro\u0161in\u0101t, ka to produkti saglab\u0101 struktur\u0101lo integrit\u0101ti, aizsarg\u0101jot saturu un iev\u0113rojot nozares standartus.<\/p>\n<h2>Test\u0113\u0161anas metode trieciena test\u0113\u0161anai ar kritiena svaru<\/h2>\n<p>Port\u0101ls <strong>Kritiena svara trieciena testeris<\/strong> izmanto noteiktas masas un diametra t\u0113rauda lod\u012bti vai \u0161autri\u0146u, ko no iepriek\u0161 noteikta augstuma nomet, lai imit\u0113tu kontrol\u0113tu trieciena sp\u0113ku uz materi\u0101lu. Testeris m\u0113ra radu\u0161os boj\u0101jumus, deform\u0101ciju un materi\u0101la absorb\u0113to ener\u0123iju, sniedzot kvantitat\u012bvu anal\u012bzi par t\u0101 triecieniztur\u012bbu. Galvenie faktori, kas ietekm\u0113 testa rezult\u0101tus, ir \u0161\u0101di:<\/p>\n<ul>\n<li><strong>Kritiena augstums<\/strong>: Regul\u0113jams no 300 mm l\u012bdz 600 mm (un p\u0113c vajadz\u012bbas pagarin\u0101ms), imit\u0113jot da\u017e\u0101dus trieciena apst\u0101k\u013cus piel\u0101gotiem test\u0113\u0161anas scen\u0101rijiem.<\/li>\n<li><strong>Bumbi\u0146as izm\u0113rs un masa<\/strong>: Konfigur\u0113jams, pamatojoties uz test\u0113\u0161anas standartu un lietojuma pras\u012bb\u0101m, kas \u013cauj prec\u012bzi simul\u0113t re\u0101l\u0101s pasaules triecienus.<\/li>\n<\/ul>\n<h2>Trieciena testera ar kritiena svaru galven\u0101s funkcijas<\/h2>\n<ul>\n<li><strong>Regul\u0113jams trieciena augstums<\/strong>: Piel\u0101gojiet trieciena augstumu da\u017e\u0101diem test\u0113\u0161anas scen\u0101rijiem, nodro\u0161inot prec\u012bzu un elast\u012bgu trieciena test\u0113\u0161anu.<\/li>\n<li><strong>Elektromagn\u0113tisk\u0101 balstiek\u0101rta<\/strong>: \u0160\u012b funkcija nodro\u0161ina konsekventu atbr\u012bvo\u0161anas meh\u0101nismu, samazinot main\u012bgumu un uzlabojot precizit\u0101ti.<\/li>\n<li><strong>Pneimatisk\u0101 paraugu iesp\u012bl\u0113\u0161ana<\/strong>: Pneimatiskais fiks\u0101cijas meh\u0101nisms dro\u0161i notur testa paraugu, nov\u0113r\u0161ot kust\u012bbas, kas var\u0113tu apdraud\u0113t rezult\u0101tus.<\/li>\n<li><strong>Lietot\u0101jam draudz\u012bga darb\u012bba<\/strong>: Testeris ir apr\u012bkots ar k\u0101jas sl\u0113d\u017eiem, kas \u013cauj to viegli vad\u012bt un atvieglo dro\u0161u un efekt\u012bvu test\u0113\u0161anu bez rok\u0101m.<\/li>\n<\/ul>\n<h2>Tehnisk\u0101s specifik\u0101cijas<\/h2>\n<table>\n<tbody>\n<tr>\n<td style=\"text-align: center;\" width=\"161\">Trieciena augstums<\/td>\n<td style=\"text-align: center;\" width=\"290\">300-600 mm (var pagarin\u0101t)<\/td>\n<\/tr>\n<tr>\n<td style=\"text-align: center;\" width=\"161\">Lod\u012b\u0161u diametrs (mm)<\/td>\n<td style=\"text-align: center;\" width=\"290\">23, 25, 28.6, 38.1, 50.8(viens apr\u012bkots)<\/td>\n<\/tr>\n<tr>\n<td style=\"text-align: center;\" width=\"161\">Precizit\u0101te<\/td>\n<td style=\"text-align: center;\" width=\"290\">0,1g (0,1J)<\/td>\n<\/tr>\n<tr>\n<td style=\"text-align: center;\" width=\"161\">Paraugu skava<\/td>\n<td style=\"text-align: center;\" width=\"290\">Pneimatisk\u0101 skava<\/td>\n<\/tr>\n<tr>\n<td style=\"text-align: center;\" width=\"161\">G\u0101zes pieg\u0101de<\/td>\n<td style=\"text-align: center;\" width=\"290\">0,6 MPa \u03a68 mm PU caurules<\/td>\n<\/tr>\n<tr>\n<td style=\"text-align: center;\" width=\"161\">Parauga lielums<\/td>\n<td style=\"text-align: center;\" width=\"290\">&gt; 150 mm x 150 mm<\/td>\n<\/tr>\n<tr>\n<td style=\"text-align: center;\" width=\"161\">Baro\u0161anas avots<\/td>\n<td style=\"text-align: center;\" width=\"290\">mai\u0146str\u0101va 110 ~ 220 V 50 Hz<\/td>\n<\/tr>\n<\/tbody>\n<\/table>\n<h2>Kritiena svara trieciena testera priek\u0161roc\u012bbas<\/h2>\n<p>Izmantojot \u0161o testeri, var ieg\u016bt konsekventus un prec\u012bzus rezult\u0101tus, kas sniedz inform\u0101ciju par kvalit\u0101tes kontroles pas\u0101kumiem un materi\u0101lu izv\u0113li ra\u017eo\u0161an\u0101. Nodro\u0161inot atbilst\u012bbu ASTM D1709 un ISO 7765-1 standartiem, \u0161is trieciena testeris pal\u012bdz nozar\u0113m izpild\u012bt normat\u012bvos standartus un klientu pras\u012bbas attiec\u012bb\u0101 uz iztur\u012bbu un dro\u0161\u012bbu, jo \u012bpa\u0161i iepakojuma un materi\u0101lu ra\u017eo\u0161an\u0101. \u0160is testeris ir ar\u012b ide\u0101la izv\u0113le p\u0113tniec\u012bbas un izstr\u0101des vid\u0113m, kur uzticami triecieniztur\u012bbas dati pal\u012bdz izstr\u0101d\u0101t jaunus produktus.<\/p>\n<h2>Atbilst\u012bba ASTM D1709 un ISO 7765-1 standartiem<\/h2>\n<p>Kritiena svara trieciena testeris piln\u012bb\u0101 atbilst <a href=\"https:\/\/www.astm.org\/standards\/d1709\" target=\"_blank\" rel=\"noopener nofollow\"><strong>ASTM D1709<\/strong><\/a> un <a href=\"https:\/\/www.iso.org\/standard\/14629.html\" target=\"_blank\" rel=\"noopener nofollow\"><strong>ISO 7765-1<\/strong><\/a>, kas noz\u012bm\u0113, ka tas ir sertific\u0113ts standartiz\u0113tai test\u0113\u0161anai un ir piem\u0113rojams gan viet\u0113jiem, gan starptautiskajiem tirgiem. Tas nodro\u0161ina, ka lietot\u0101ji var pa\u013cauties uz prec\u012bziem un sal\u012bdzin\u0101miem rezult\u0101tiem da\u017e\u0101d\u0101s test\u0113\u0161anas iek\u0101rt\u0101s un ra\u017eo\u0161anas l\u012bnij\u0101s, t\u0101d\u0113j\u0101di vienk\u0101r\u0161ojot kvalit\u0101tes kontroli un atbilst\u012bbu normat\u012bvajiem aktiem.<\/p>\n<h2>Bie\u017e\u0101k uzdotie jaut\u0101jumi (FAQ)<\/h2>\n<ol>\n<li><strong>K\u0101da veida materi\u0101lus var test\u0113t ar trieciena testeri?<\/strong>\n<ul>\n<li>\u0160is testeris ir piem\u0113rots pl\u0113v\u0113m, folij\u0101m, pap\u012bram, plastmasas loksn\u0113m un citiem pl\u0101niem materi\u0101liem ar biezumu l\u012bdz 2 mm.<\/li>\n<\/ul>\n<\/li>\n<li><strong>K\u0101p\u0113c ASTM D1709 un ISO 7765-1 ir svar\u012bgi triecientestos?<\/strong>\n<ul>\n<li>\u0160ie standarti nosaka konsekventas triecieniztur\u012bbas test\u0113\u0161anas metodes, nodro\u0161inot uzticamus un sal\u012bdzin\u0101mus rezult\u0101tus da\u017e\u0101d\u0101s nozar\u0113s.<\/li>\n<\/ul>\n<\/li>\n<li><strong>K\u0101di faktori var ietekm\u0113t triecientesta precizit\u0101ti?<\/strong>\n<ul>\n<li>Galvenie faktori ir kritiena augstums, lod\u012btes izm\u0113rs un parauga stiprin\u0101jums, kurus visus var kontrol\u0113t, lai apmierin\u0101tu konkr\u0113tas test\u0113\u0161anas vajadz\u012bbas.<\/li>\n<\/ul>\n<\/li>\n<li><strong>K\u0101 elektromagn\u0113tisk\u0101s balstiek\u0101rtas sist\u0113ma uzlabo test\u0113\u0161anas precizit\u0101ti?<\/strong>\n<ul>\n<li>Elektromagn\u0113tisk\u0101 balstiek\u0101rta nodro\u0161ina prec\u012bzu un vienm\u0113r\u012bgu kritumu, samazinot sv\u0101rst\u012bbas un uzlabojot rezult\u0101tu precizit\u0101ti.<\/li>\n<\/ul>\n<\/li>\n<li><strong>K\u0101d\u0101s nozar\u0113s visliel\u0101ko labumu sniedz trieciena testera izmanto\u0161ana?<\/strong>\n<ul>\n<li>T\u0101d\u0101s nozar\u0113s k\u0101 iepako\u0161ana, farm\u0101cija, elektronika, p\u0101rtikas un dz\u0113rienu ra\u017eo\u0161ana ir izdev\u012bgi p\u0101rbaud\u012bt materi\u0101lu iztur\u012bbu pret trieciena sp\u0113kiem.<\/li>\n<\/ul>\n<\/li>\n<\/ol>","protected":false},"excerpt":{"rendered":"<p>Triecieniztur\u012bba ir b\u016btiska \u012bpa\u0161\u012bba materi\u0101liem, kas pak\u013cauti p\u0113k\u0161\u0146\u0101m vai ilgsto\u0161\u0101m triecienu iedarb\u012bb\u0101m. . <strong>Kritiena svara trieciena testeris<\/strong> nodro\u0161ina prec\u012bzu un uzticamu metodi da\u017e\u0101du materi\u0101lu, tostarp pl\u0113vju, foliju, pap\u012bra, plastmasas lok\u0161\u0146u un kompoz\u012btmateri\u0101lu, kuru biezums nep\u0101rsniedz 2 mm, iztur\u012bbas nov\u0113rt\u0113\u0161anai. \u0160im testerim ir iz\u0161\u0137iro\u0161a noz\u012bme kvalit\u0101tes kontrol\u0113 un produktu izstr\u0101d\u0113 da\u017e\u0101d\u0101s nozar\u0113s, nodro\u0161inot materi\u0101lu atbilst\u012bbu stingriem veiktsp\u0113jas un iztur\u012bbas standartiem.<\/p>","protected":false},"featured_media":6147,"comment_status":"closed","ping_status":"closed","template":"","meta":{"site-sidebar-layout":"default","site-content-layout":"default","ast-global-header-display":"","ast-main-header-display":"","ast-hfb-above-header-display":"","ast-hfb-below-header-display":"","ast-hfb-mobile-header-display":"","site-post-title":"","ast-breadcrumbs-content":"","ast-featured-img":"","footer-sml-layout":"","theme-transparent-header-meta":"default","adv-header-id-meta":"","stick-header-meta":"","header-above-stick-meta":"","header-main-stick-meta":"","header-below-stick-meta":""},"product_cat":[845,938,684,17,44,149,16,95],"product_tag":[],"class_list":{"0":"post-5309","1":"product","2":"type-product","3":"status-publish","4":"has-post-thumbnail","6":"product_cat-customization","7":"product_cat-textile-tester","8":"product_cat-impact-tester","9":"product_cat-package-container-testers","10":"product_cat-paper-and-board-testers","11":"product_cat-pharma-and-medical-testers","12":"product_cat-plastic-packaging-testers","13":"product_cat-products","14":"desktop-align-left","15":"tablet-align-left","16":"mobile-align-left","18":"first","19":"instock","20":"shipping-taxable","21":"product-type-simple"},"_links":{"self":[{"href":"https:\/\/www.qualitester.com\/lv\/wp-json\/wp\/v2\/product\/5309","targetHints":{"allow":["GET"]}}],"collection":[{"href":"https:\/\/www.qualitester.com\/lv\/wp-json\/wp\/v2\/product"}],"about":[{"href":"https:\/\/www.qualitester.com\/lv\/wp-json\/wp\/v2\/types\/product"}],"replies":[{"embeddable":true,"href":"https:\/\/www.qualitester.com\/lv\/wp-json\/wp\/v2\/comments?post=5309"}],"version-history":[{"count":0,"href":"https:\/\/www.qualitester.com\/lv\/wp-json\/wp\/v2\/product\/5309\/revisions"}],"wp:featuredmedia":[{"embeddable":true,"href":"https:\/\/www.qualitester.com\/lv\/wp-json\/wp\/v2\/media\/6147"}],"wp:attachment":[{"href":"https:\/\/www.qualitester.com\/lv\/wp-json\/wp\/v2\/media?parent=5309"}],"wp:term":[{"taxonomy":"product_cat","embeddable":true,"href":"https:\/\/www.qualitester.com\/lv\/wp-json\/wp\/v2\/product_cat?post=5309"},{"taxonomy":"product_tag","embeddable":true,"href":"https:\/\/www.qualitester.com\/lv\/wp-json\/wp\/v2\/product_tag?post=5309"}],"curies":[{"name":"wp","href":"https:\/\/api.w.org\/{rel}","templated":true}]}}