{"id":5275,"date":"2024-11-08T09:59:06","date_gmt":"2024-11-08T01:59:06","guid":{"rendered":"https:\/\/www.qualitester.com\/?post_type=product&#038;p=5275"},"modified":"2024-12-05T10:22:46","modified_gmt":"2024-12-05T02:22:46","slug":"sale-mit-folding-endurance-tester","status":"publish","type":"product","link":"https:\/\/www.qualitester.com\/lv\/products-2\/sale-mit-folding-endurance-tester\/","title":{"rendered":"NZD-01 MIT saliekamais iztur\u012bbas testeris"},"content":{"rendered":"<h2>Iepaz\u012bstin\u0101\u0161ana ar MIT salok\u0101mo iztur\u012bbas testeri<\/h2>\n<p>MIT loc\u012b\u0161anas iztur\u012bbas testeris, konkr\u0113ti NZD-01 modelis, ir uzticams un prec\u012bzs instruments, kas paredz\u0113ts lok\u0161\u0146u materi\u0101lu, tostarp pap\u012bra, kartona un tabakas lapu ar biezumu l\u012bdz 1,25 mm, loc\u012b\u0161anas iztur\u012bbas nov\u0113rt\u0113\u0161anai. Lieces iztur\u012bbas test\u0113\u0161ana ir b\u016btiska nozar\u0113s, kur\u0101s materi\u0101li tiek bie\u017ei loc\u012bti un loc\u012bti, t\u0101p\u0113c tas ir svar\u012bgs kvalit\u0101tes kontroles instruments iepakojuma, pap\u012bra ra\u017eo\u0161an\u0101 un pat tekstilizstr\u0101d\u0101jumu un tabakas ra\u017eo\u0161an\u0101. NZD-01 MIT loc\u012b\u0161anas iztur\u012bbas testera NZD-01 modern\u0101s funkcijas un atbilst\u012bba starptautiskajiem standartiem padara to par ide\u0101lu izv\u0113li ra\u017eot\u0101jiem un p\u0113tniekiem, kas piev\u0113r\u0161as materi\u0101lu iztur\u012bbai.<\/p>\n<h2>K\u0101p\u0113c MIT salok\u0101m\u0101s iztur\u012bbas test\u0113\u0161anai ir noz\u012bme kvalit\u0101tes nodro\u0161in\u0101\u0161an\u0101?<\/h2>\n<p>Lieces iztur\u012bba ir b\u016btisks r\u0101d\u012bt\u0101js, kas raksturo materi\u0101la sp\u0113ju iztur\u0113t atk\u0101rtotu loc\u012b\u0161anu bez pl\u012bsumiem vai v\u0101jin\u0101\u0161an\u0101s. MIT salok\u0101m\u012bbas iztur\u012bbas testeris nodro\u0161ina prec\u012bzas salok\u0101m\u012bbas iztur\u012bbas v\u0113rt\u012bbas, kas atspogu\u013co materi\u0101la iztur\u012bbu. Materi\u0101li ar liel\u0101k\u0101m loc\u012b\u0161anas iztur\u012bbas v\u0113rt\u012bb\u0101m ir iztur\u012bg\u0101ki pret loc\u012b\u0161anas slodzi, kas var b\u016btiski ietekm\u0113t galaproduktu veiktsp\u0113ju un ilgm\u016b\u017e\u012bbu. Izmantojot MIT Folding Endurance Tester, ra\u017eot\u0101ji var pie\u0146emt uz datiem balst\u012btus l\u0113mumus, izv\u0113loties materi\u0101lus, kas labi darbosies re\u0101los apst\u0101k\u013cos.<\/p>\n<h2>ISO 5626 standarta p\u0101rskats: Atbilst\u012bbas nodro\u0161in\u0101\u0161ana loc\u012b\u0161anas testos<\/h2>\n<p>MIT saliekamais iztur\u012bbas testeris atbilst <a href=\"https:\/\/www.iso.org\/standard\/11700.html\" target=\"_blank\" rel=\"noopener nofollow\"><strong>ISO 5626<\/strong><\/a>, standarts, kur\u0101 izkl\u0101st\u012bta metode pap\u012bra un saist\u012bto materi\u0101lu loc\u012b\u0161anas iztur\u012bbas noteik\u0161anai. \u0160is starptautiskais standarts nodro\u0161ina test\u0113\u0161anas proced\u016bru konsekvenci da\u017e\u0101d\u0101s nozar\u0113s, nosakot vadl\u012bnijas, k\u0101 sagatavot paraugus, piem\u0113rot loc\u012b\u0161anas spriegojumu un m\u0113r\u012bt loc\u012b\u0161anas iztur\u012bbu. Saska\u0146\u0101 ar <a href=\"https:\/\/www.qualitester.com\/lv\/produkta-kategorija\/iso\/iso-5626\/\" target=\"_blank\" rel=\"noopener\">ISO 5626<\/a>, paraugi tiek saloc\u012bti divreiz, l\u012bdz tie sasniedz l\u016bzuma punktu, un ieg\u016btie rezult\u0101ti nor\u0101da materi\u0101la iztur\u012bbu pret saloc\u012b\u0161anu. Atbilstot ISO 5626 standartiem, MIT salok\u0101m\u012bbas iztur\u012bbas testeris pal\u012bdz uz\u0146\u0113mumiem iev\u0113rot glob\u0101los test\u0113\u0161anas protokolus un uztur\u0113t augstas kvalit\u0101tes materi\u0101lu standartus.<\/p>\n<h2>MIT salok\u0101m\u0101 iztur\u012bbas testera test\u0113\u0161anas principi un darb\u012bba<\/h2>\n<p>Test\u0113\u0161anas proced\u016bra s\u0101kas ar r\u016bp\u012bgu parauga iespie\u0161anu instrumenta loc\u012b\u0161anas spail\u0113s. Paraugs tiek stingri tur\u0113ts vien\u0101 plakn\u0113, un tiek pielikts spriegojums, parasti aptuveni 9,81 N, kas imit\u0113 re\u0101los sp\u0113kus uz materi\u0101lu. Salok\u0101m\u0101 galvi\u0146a p\u0101rvietojas uz priek\u0161u un atpaka\u013c, piem\u0113rojot dubult\u0101s saloknes, l\u012bdz paraugs l\u016bzt. Kad tests ir pabeigts, skait\u012bt\u0101js autom\u0101tiski apst\u0101jas, re\u0123istr\u0113jot dubulto loc\u012bjumu skaitu, kas nepiecie\u0161ams, lai materi\u0101ls sal\u016bztu. \u0160is skaitlis par\u0101da parauga loc\u012bjuma iztur\u012bbu, sniedzot b\u016btisku ieskatu par t\u0101 iztur\u012bbu lieces sprieguma apst\u0101k\u013cos.<\/p>\n<h2>MIT salok\u0101m\u0101 iztur\u012bbas testera galven\u0101s tehnisk\u0101s \u012bpa\u0161\u012bbas<\/h2>\n<ul>\n<li><strong>Regul\u0113jams loc\u012b\u0161anas \u0101trums:<\/strong> \u013bauj lietot\u0101jiem iestat\u012bt loc\u012b\u0161anas \u0101trumu no 20 l\u012bdz 200 dubultiem loc\u012bjumiem min\u016bt\u0113, piel\u0101gojoties da\u017e\u0101diem materi\u0101liem un test\u0113\u0161anas apst\u0101k\u013ciem.<\/li>\n<li><strong>Kr\u0101su sk\u0101rienekr\u0101ns un mikrodrukas printeris:<\/strong> Sk\u0101rienekr\u0101ns nodro\u0161ina intuit\u012bvu lietot\u0101ja saskarni, bet integr\u0113tais termiskais printeris nodro\u0161ina t\u016bl\u012bt\u0113ju testu rezult\u0101tu izdruku, lai atvieglotu uzskaiti.<\/li>\n<li><strong>Da\u017e\u0101das salok\u0101m\u0101s galvi\u0146as:<\/strong> Apr\u012bkots ar main\u0101m\u0101m loc\u012b\u0161anas galvi\u0146\u0101m, padarot testeri pietiekami univers\u0101lu, lai apstr\u0101d\u0101tu pla\u0161u materi\u0101lu kl\u0101stu ar da\u017e\u0101diem biezumiem un \u012bpa\u0161\u012bb\u0101m.<\/li>\n<li><strong>Papildu specifik\u0101cijas:<\/strong> Citi svar\u012bgi parametri ir loc\u012b\u0161anas le\u0146\u0137is 135\u00b0, loc\u012b\u0161anas iztur\u012bbas diapazons l\u012bdz 99 999 loc\u012bjumiem un regul\u0113jams parauga spriegojuma sp\u0113ks no 4,91 N l\u012bdz 14,72 N, kas nodro\u0161ina prec\u012bzus un atk\u0101rtojamus rezult\u0101tus.<\/li>\n<\/ul>\n<h2>Atbilst\u012bba papildu standartiem<\/h2>\n<p>Papildus ISO 5626 standartam MIT loc\u012b\u0161anas iztur\u012bbas testeris atbilst \u0161\u0101diem standartiem:<\/p>\n<ul>\n<li><strong>TAPPI T511:<\/strong> ASV standarts pap\u012bra un kartona materi\u0101lu loc\u012b\u0161anas iztur\u012bbas nov\u0113rt\u0113\u0161anai.<\/li>\n<li><strong>GB\/T 457:<\/strong> \u0136\u012bnas valsts standarts pap\u012bra loc\u012b\u0161anas iztur\u012bbas noteik\u0161anai.<\/li>\n<li><strong>QB\/T 1049:<\/strong> Papildu re\u0123ion\u0101lais standarts, ko izmanto materi\u0101lu test\u0113\u0161an\u0101 \u012bpa\u0161iem kvalit\u0101tes nodro\u0161in\u0101\u0161anas protokoliem.<\/li>\n<\/ul>\n<h2>MIT salok\u0101m\u0101 iztur\u012bbas testera lietojumi<\/h2>\n<ul>\n<li><strong>Iepakojuma un pap\u012bra r\u016bpniec\u012bba:<\/strong> Testeris tiek pla\u0161i izmantots, lai nov\u0113rt\u0113tu iepakojuma un pap\u012bra izstr\u0101d\u0101jumu materi\u0101lu iztur\u012bbu, nodro\u0161inot to atbilst\u012bbu nozares standartiem attiec\u012bb\u0101 uz loc\u012b\u0161anas iztur\u012bbu.<\/li>\n<li><strong>Tabaka un tekstilizstr\u0101d\u0101jumi:<\/strong> \u0160is testeris ir noder\u012bgs, lai nov\u0113rt\u0113tu pl\u0101nu, specializ\u0113tu materi\u0101lu, piem\u0113ram, tabakas lok\u0161\u0146u un tekstilizstr\u0101d\u0101jumu, iztur\u012bbu, nodro\u0161inot, ka materi\u0101li saglab\u0101 integrit\u0101ti bie\u017eas apstr\u0101des laik\u0101.<\/li>\n<li><strong>P\u0113tniec\u012bbas un izstr\u0101des laboratorijas:<\/strong> P\u0113tniec\u012bb\u0101 un izstr\u0101d\u0113 testeris pal\u012bdz nov\u0113rt\u0113t materi\u0101lus simul\u0113tos lieto\u0161anas apst\u0101k\u013cos, pal\u012bdzot ra\u017eot\u0101jiem uzlabot izstr\u0101d\u0101jumu veiktsp\u0113ju un izv\u0113l\u0113ties piem\u0113rot\u0101kos materi\u0101lus.<\/li>\n<\/ul>\n<h2>Papildu konfigur\u0101cijas un piederumi<\/h2>\n<p>MIT salok\u0101mo iztur\u012bbas testeri var piel\u0101got ar papildu piederumiem, lai atbilstu \u012bpa\u0161\u0101m test\u0113\u0161anas pras\u012bb\u0101m:<\/p>\n<ul>\n<li><strong>Nestandarta \u017eok\u013ci:<\/strong> \u0160\u012bs piel\u0101gojam\u0101s spailes var piel\u0101got unik\u0101lu materi\u0101lu izm\u0113riem un form\u0101m.<\/li>\n<li><strong>Kalibr\u0113\u0161anas un apkopes r\u012bki:<\/strong> B\u016btiski piederumi, lai uztur\u0113tu instrumentu lab\u0101 darba k\u0101rt\u012bb\u0101 un nodro\u0161in\u0101tu nemain\u012bgu test\u0113\u0161anas precizit\u0101ti.<\/li>\n<\/ul>\n<h2>MIT salok\u0101m\u0101 iztur\u012bbas testera tehnisk\u0101 specifik\u0101cija (NZD-01 modelis)<\/h2>\n<table>\n<tbody>\n<tr>\n<td width=\"349\">M\u0113r\u012b\u0161anas diapazons<\/td>\n<td width=\"456\">\u00a01\uff5e99999 reizes<\/td>\n<\/tr>\n<tr>\n<td width=\"349\">Iztur\u012bba loc\u012b\u0161anas laik\u0101 (logaritms)<\/td>\n<td width=\"456\">\u00a00\uff5e4.99<\/td>\n<\/tr>\n<tr>\n<td width=\"349\">Loc\u012b\u0161anas le\u0146\u0137is<\/td>\n<td width=\"456\">\uff08135 \u00b1 2\uff09\u00b0<\/td>\n<\/tr>\n<tr>\n<td width=\"349\">Salok\u012b\u0161anas \u0101trums<\/td>\n<td width=\"456\">\uff08175\u00b110\uff09\u6b21\/\u5206\u949f<\/td>\n<\/tr>\n<tr>\n<td width=\"349\">Parauga platums<\/td>\n<td width=\"456\">\uff0815 \u00b1 0,1\uff09Mm<\/td>\n<\/tr>\n<tr>\n<td width=\"349\">Sprieguma sp\u0113ks<\/td>\n<td width=\"456\">\uff084.91\uff5e14.72\uff09N<\/td>\n<\/tr>\n<tr>\n<td width=\"349\">Salok\u0101ms atv\u0113r\u0161anas plaisu att\u0101lums<\/td>\n<td width=\"456\">0.25mm\/0.50mm\/0.75mm\/1.00mm\/1.25mm\uff08Choose One\uff09<\/td>\n<\/tr>\n<tr>\n<td width=\"349\">Loka loc\u012bjuma r\u0101diuss<\/td>\n<td width=\"456\">\uff080,38\u00b10,02\uff09Mm<\/td>\n<\/tr>\n<tr>\n<td width=\"349\">Displejs<\/td>\n<td width=\"456\">5\u201d sk\u0101rienekr\u0101ns<\/td>\n<\/tr>\n<tr>\n<td width=\"349\">Printeris<\/td>\n<td width=\"456\">Modul\u0101rais integr\u0113tais termiskais printeris<\/td>\n<\/tr>\n<tr>\n<td width=\"349\">Vide<\/td>\n<td width=\"456\">Apk\u0101rt\u0113j\u0101 vide\uff0820 \u00b1 10\uff09\u00b0C\uff1bRh \uff1c 85\uff05.<\/td>\n<\/tr>\n<tr>\n<td width=\"349\">Power<\/td>\n<td width=\"456\">Ac220v, 50 Hz<\/td>\n<\/tr>\n<\/tbody>\n<\/table>\n<h2>Bie\u017e\u0101k uzdoto jaut\u0101jumu sada\u013ca<\/h2>\n<ol>\n<li><strong>Ar k\u0101diem materi\u0101liem var darboties MIT saliekamais iztur\u012bbas testeris?<\/strong><br \/>\nTesteris ir piem\u0113rots pl\u0101niem lok\u0161\u0146u materi\u0101liem, piem\u0113ram, pap\u012bram, kartonam un tabakas loksn\u0113m ar biezumu l\u012bdz 1,25 mm.<\/li>\n<li><strong>K\u0101 instruments m\u0113ra loc\u012b\u0161anas iztur\u012bbu?<\/strong><br \/>\nTesteris veic dubultu loc\u012b\u0161anu, l\u012bdz paraugs l\u016bzt, re\u0123istr\u0113jot loc\u012bjumu skaitu k\u0101 loc\u012bjumu iztur\u012bbas r\u0101d\u012bt\u0101ju.<\/li>\n<li><strong>K\u0101 ISO 5626 attiecas uz testu?<\/strong><br \/>\nStandarts ISO 5626 nosaka standartiz\u0113tu metodi iztur\u012bbas test\u0113\u0161anai, nodro\u0161inot konsekventus un sal\u012bdzin\u0101mus rezult\u0101tus da\u017e\u0101d\u0101s nozar\u0113s.<\/li>\n<li><strong>K\u0101d\u0101m nozar\u0113m ir izdev\u012bgi izmantot \u0161o testeri?<\/strong><br \/>\nT\u0101d\u0101s nozar\u0113s k\u0101 iepakojuma, pap\u012bra ra\u017eo\u0161ana, tekstilr\u016bpniec\u012bba un tabakas r\u016bpniec\u012bba \u0161is instruments ir v\u0113rt\u012bgs kvalit\u0101tes kontroles un materi\u0101lu test\u0113\u0161anas vajadz\u012bb\u0101m.<\/li>\n<li><strong>Vai salok\u0101mo galvi\u0146u var piel\u0101got unik\u0101liem materi\u0101liem?<\/strong><br \/>\nJ\u0101, ir pieejamas nestandarta spailes un citas piel\u0101gotas konfigur\u0101cijas, lai piel\u0101gotos \u012bpa\u0161\u0101m materi\u0101lu test\u0113\u0161anas vajadz\u012bb\u0101m.<\/li>\n<\/ol>","protected":false},"excerpt":{"rendered":"<p>MIT loc\u012b\u0161anas iztur\u012bbas testeris, konkr\u0113ti NZD-01 modelis, ir uzticams un prec\u012bzs instruments, kas paredz\u0113ts lok\u0161\u0146u materi\u0101lu, tostarp pap\u012bra, kartona un tabakas lapu ar biezumu l\u012bdz 1,25 mm, loc\u012b\u0161anas iztur\u012bbas nov\u0113rt\u0113\u0161anai. Lieces iztur\u012bbas test\u0113\u0161ana ir b\u016btiska nozar\u0113s, kur\u0101s materi\u0101li tiek bie\u017ei loc\u012bti un loc\u012bti, t\u0101p\u0113c tas ir svar\u012bgs kvalit\u0101tes kontroles instruments iepakojuma, pap\u012bra ra\u017eo\u0161an\u0101 un pat tekstilizstr\u0101d\u0101jumu un tabakas ra\u017eo\u0161an\u0101. NZD-01 MIT loc\u012b\u0161anas iztur\u012bbas testera NZD-01 modern\u0101s funkcijas un atbilst\u012bba starptautiskajiem standartiem padara to par ide\u0101lu izv\u0113li ra\u017eot\u0101jiem un p\u0113tniekiem, kas piev\u0113r\u0161as materi\u0101lu iztur\u012bbai.<\/p>","protected":false},"featured_media":6182,"comment_status":"closed","ping_status":"closed","template":"","meta":{"site-sidebar-layout":"default","site-content-layout":"default","ast-global-header-display":"","ast-main-header-display":"","ast-hfb-above-header-display":"","ast-hfb-below-header-display":"","ast-hfb-mobile-header-display":"","site-post-title":"","ast-breadcrumbs-content":"","ast-featured-img":"","footer-sml-layout":"","theme-transparent-header-meta":"default","adv-header-id-meta":"","stick-header-meta":"","header-above-stick-meta":"","header-main-stick-meta":"","header-below-stick-meta":""},"product_cat":[953,956,955,845,1083,1084,1085,44,95],"product_tag":[],"class_list":{"0":"post-5275","1":"product","2":"type-product","3":"status-publish","4":"has-post-thumbnail","6":"product_cat-bursting-tester","7":"product_cat-cobb-tester","8":"product_cat-crush-tester","9":"product_cat-customization","10":"product_cat-iso-5626","11":"product_cat-mit-folding-endurance-tester","12":"product_cat-tappi-t511","13":"product_cat-paper-and-board-testers","14":"product_cat-products","15":"desktop-align-left","16":"tablet-align-left","17":"mobile-align-left","19":"first","20":"instock","21":"shipping-taxable","22":"product-type-simple"},"_links":{"self":[{"href":"https:\/\/www.qualitester.com\/lv\/wp-json\/wp\/v2\/product\/5275","targetHints":{"allow":["GET"]}}],"collection":[{"href":"https:\/\/www.qualitester.com\/lv\/wp-json\/wp\/v2\/product"}],"about":[{"href":"https:\/\/www.qualitester.com\/lv\/wp-json\/wp\/v2\/types\/product"}],"replies":[{"embeddable":true,"href":"https:\/\/www.qualitester.com\/lv\/wp-json\/wp\/v2\/comments?post=5275"}],"version-history":[{"count":0,"href":"https:\/\/www.qualitester.com\/lv\/wp-json\/wp\/v2\/product\/5275\/revisions"}],"wp:featuredmedia":[{"embeddable":true,"href":"https:\/\/www.qualitester.com\/lv\/wp-json\/wp\/v2\/media\/6182"}],"wp:attachment":[{"href":"https:\/\/www.qualitester.com\/lv\/wp-json\/wp\/v2\/media?parent=5275"}],"wp:term":[{"taxonomy":"product_cat","embeddable":true,"href":"https:\/\/www.qualitester.com\/lv\/wp-json\/wp\/v2\/product_cat?post=5275"},{"taxonomy":"product_tag","embeddable":true,"href":"https:\/\/www.qualitester.com\/lv\/wp-json\/wp\/v2\/product_tag?post=5275"}],"curies":[{"name":"wp","href":"https:\/\/api.w.org\/{rel}","templated":true}]}}