{"id":5264,"date":"2024-11-07T10:34:56","date_gmt":"2024-11-07T02:34:56","guid":{"rendered":"https:\/\/www.qualitester.com\/?post_type=product&#038;p=5264"},"modified":"2024-12-05T10:12:50","modified_gmt":"2024-12-05T02:12:50","slug":"sale-paper-core-compression-tester","status":"publish","type":"product","link":"https:\/\/www.qualitester.com\/lv\/products-2\/sale-paper-core-compression-tester\/","title":{"rendered":"CST-PC pap\u012bra serdes kompresijas testeris"},"content":{"rendered":"<h2>Iepaz\u012bstin\u0101\u0161ana ar pap\u012bra serdes kompresijas testeri<\/h2>\n<p>Port\u0101ls <strong>Pap\u012bra serdes kompresijas testeris<\/strong> (CST-PC) ir specializ\u0113ts instruments, kas paredz\u0113ts da\u017e\u0101du pap\u012bra izstr\u0101d\u0101jumu, piem\u0113ram, pap\u012bra cauru\u013cu, serde\u0146u, kartona k\u0101rbu, kr\u0101su kastu un pale\u0161u, spiedes un krau\u0161anas stipr\u012bbas m\u0113r\u012b\u0161anai. \u0160\u012b test\u0113\u0161anas ier\u012bce ir b\u016btiska nozar\u0113s, kur\u0101s nepiecie\u0161ami iztur\u012bgi un uzticami iepakojuma risin\u0101jumi, jo t\u0101 pal\u012bdz nodro\u0161in\u0101t, ka pap\u012bra izstr\u0101d\u0101jumi atbilst augstiem kvalit\u0101tes un veiktsp\u0113jas standartiem spiediena apst\u0101k\u013cos.<\/p>\n<p>Neatkar\u012bgi no t\u0101, vai str\u0101d\u0101jat iepakojuma, p\u0101rtikas, medic\u012bnas vai farm\u0101cijas nozar\u0113, pap\u012bra serde\u0146u saspie\u0161anas testera izmanto\u0161ana var pal\u012bdz\u0113t jums p\u0101rbaud\u012bt, vai pap\u012bra caurules vai serde\u0146i nesaspriegs stresa apst\u0101k\u013cos, t\u0101d\u0113j\u0101di aizsarg\u0101jot tajos eso\u0161os produktus. Turkl\u0101t test\u0113\u0161anas rezult\u0101ti sniedz ra\u017eot\u0101jiem svar\u012bgus datus, lai optimiz\u0113tu izstr\u0101d\u0101jumu dizainu un uzlabotu ra\u017eo\u0161anas procesus, t\u0101d\u0113j\u0101di nodro\u0161inot kvalitat\u012bv\u0101kus un rentabl\u0101kus risin\u0101jumus.<\/p>\n<h2>Pap\u012bra serdes saspie\u0161anas testera pielietojums<\/h2>\n<p>\u0160is univers\u0101lais testeris ir ide\u0101li piem\u0113rots da\u017e\u0101du pap\u012bra izstr\u0101d\u0101jumu, tostarp:<\/p>\n<ul>\n<li><strong>Spiedes stipr\u012bbas test\u0113\u0161ana<\/strong>: Nodro\u0161ina, ka pap\u012bra caurules, serde\u0146i un l\u012bdz\u012bgi iepakojuma komponenti var iztur\u0113t nepiecie\u0161amo spiediena slodzi, nedeform\u0113joties.<\/li>\n<li><strong>Krau\u0161anas iztur\u012bbas p\u0101rbaude<\/strong>: P\u0101rbauda, vai pap\u012bra izstr\u0101d\u0101jumi, piem\u0113ram, nelielas kartona kastes un palikt\u0146i, sakrauti kaudz\u0113 saglab\u0101 integrit\u0101ti, aizsarg\u0101jot pret sabruk\u0161anu vai boj\u0101jumiem uzglab\u0101\u0161anas un p\u0101rvad\u0101\u0161anas laik\u0101.<\/li>\n<\/ul>\n<p>Veicot \u0161os testus, pap\u012bra serdes saspie\u0161anas testeris pal\u012bdz ra\u017eot\u0101jiem uzlabot iepakojuma produktus un izpild\u012bt stingros nozares standartus, jo \u012bpa\u0161i p\u0101rtikas, medic\u012bnas un pat\u0113ri\u0146a pre\u010du nozar\u0113s, kur iepakojuma integrit\u0101te ir \u013coti svar\u012bga.<\/p>\n<h2>Pap\u012bra serdes kompresijas testera galven\u0101s priek\u0161roc\u012bbas un funkcijas<\/h2>\n<p>CST-PC pap\u012bra serdes kompresijas testeris pied\u0101v\u0101 virkni funkciju, kas paredz\u0113tas, lai vienk\u0101r\u0161otu test\u0113\u0161anas procesus, vienlaikus nodro\u0161inot precizit\u0101ti un uzticam\u012bbu:<\/p>\n<ul>\n<li><strong>Lietot\u0101jam draudz\u012bga sk\u0101rienekr\u0101na darb\u012bba<\/strong>: Racionaliz\u0113 test\u0113\u0161anu ar p\u0101rskat\u0101mu saskarni.<\/li>\n<li><strong>Uzlabota mikrodatoru apstr\u0101de<\/strong>: Nodro\u0161ina automatiz\u0113tus m\u0113r\u012bjumus, rezult\u0101tu interpret\u0101ciju un pa\u0161atgrie\u0161an\u0101s funkciju, padarot datu v\u0101k\u0161anu un anal\u012bzi nevainojamu.<\/li>\n<li><strong>Augstas precizit\u0101tes sensori<\/strong>: Re\u0123istr\u0113 re\u0101llaika saspie\u0161anas sp\u0113ku un deform\u0101ciju ar izcilu precizit\u0101ti.<\/li>\n<li><strong>Datu p\u0101rvald\u012bba<\/strong>: Ier\u012bc\u0113 ir ieb\u016bv\u0113ts termiskais mikrodrukas printeris t\u016bl\u012bt\u0113ju rezult\u0101tu ieg\u016b\u0161anai un re\u0101llaika datu att\u0113lo\u0161anas, izseko\u0161anas un eksport\u0113\u0161anas iesp\u0113jas.<\/li>\n<li><strong>Iztur\u012bga konstrukcija ar sinhrono motoru<\/strong>: Ietver iztur\u012bgu piedzi\u0146as sist\u0113mu ar sinhrono motoru un augstas kvalit\u0101tes v\u012bt\u0146griezi, kas palielina iztur\u012bbu un nodro\u0161ina vienm\u0113r\u012bgu test\u0113\u0161anas \u0101trumu.<\/li>\n<\/ul>\n<p>Pateicoties \u0161\u012bm \u012bpa\u0161\u012bb\u0101m, pap\u012bra serdes kompresijas testeris ir uzticams un daudzpus\u012bgs kvalit\u0101tes kontroles r\u012bks, kas piem\u0113rots bie\u017eai un prec\u012bzai test\u0113\u0161anai r\u016bpniecisk\u0101 vid\u0113.<\/p>\n<h2>Testa princips un metodolo\u0123ija<\/h2>\n<p>Lai nodro\u0161in\u0101tu prec\u012bzus un atk\u0101rtojamus rezult\u0101tus, test\u0113\u0161anas proces\u0101 tiek iev\u0113rota konsekventa metodolo\u0123ija:<\/p>\n<ul>\n<li><strong>Parauga sagatavo\u0161ana<\/strong>: Katra pap\u012bra caurule vai serde\u0146a tiek r\u016bp\u012bgi sagatavota un novietota uz testera, lai nodro\u0161in\u0101tu stabilit\u0101ti un vienm\u0113r\u012bgu spiediena sadal\u012bjumu, kas atbilst nozares standartiem.<\/li>\n<li><strong>Test\u0113\u0161anas proced\u016bra<\/strong>: Testera aug\u0161\u0113j\u0101 pl\u0101ksne ar nemain\u012bgu \u0101trumu pieliek kontrol\u0113tu vertik\u0101lu sp\u0113ku pap\u012bra caurul\u012btei. Testeris ir apr\u012bkots ar augstas precizit\u0101tes sensoru, kas fiks\u0113 un re\u0123istr\u0113 saspie\u0161anas datus, atkl\u0101jot parauga meh\u0101nisko reakciju spiediena ietekm\u0113. \u0160ie dati nodro\u0161ina uzticamu pamatu, lai nov\u0113rt\u0113tu spiedes iztur\u012bbu un ra\u017eojuma ilgm\u016b\u017e\u012bbu.<\/li>\n<\/ul>\n<h2>Atbilst\u012bba ISO standartiem: ISO 12048, ISO 2872, ISO 2874<\/h2>\n<p>Atbilst\u012bba ISO standartiem ir \u013coti svar\u012bga, lai nodro\u0161in\u0101tu, ka iepakojuma materi\u0101li atbilst pasaules kvalit\u0101tes standartiem. Pap\u012bra serdes kompresijas testeris atbilst vair\u0101kiem galvenajiem ISO standartiem, nodro\u0161inot lietot\u0101jiem p\u0101rliec\u012bbu par t\u0101 test\u0113\u0161anas uzticam\u012bbu:<\/p>\n<ul>\n<li><a href=\"https:\/\/www.iso.org\/standard\/20810.html\" target=\"_blank\" rel=\"noopener nofollow\"><strong>ISO 12048<\/strong><\/a>: \u0160is standarts nosaka metodes transporta iepakojumu saspie\u0161anas un krau\u0161anas test\u0113\u0161anai, nov\u0113rt\u0113jot to struktur\u0101l\u0101s \u012bpa\u0161\u012bbas, lai nodro\u0161in\u0101tu produktu dro\u0161\u012bbu.<\/li>\n<li><a href=\"https:\/\/www.iso.org\/standard\/7890.html\" target=\"_blank\" rel=\"noopener nofollow\"><strong>ISO 2872<\/strong><\/a>: \u0160aj\u0101 standart\u0101, kas attiecas uz kartona un pap\u012bra iepakojumu, ir defin\u0113tas proced\u016bras, k\u0101 veikt spiedes testus, lai noteiktu iepakojuma iztur\u012bbu uzglab\u0101\u0161anas laik\u0101.<\/li>\n<li><a href=\"https:\/\/www.iso.org\/standard\/7894.html\" target=\"_blank\" rel=\"noopener nofollow\"><strong>ISO 2874<\/strong><\/a>: \u0160aj\u0101 standart\u0101 izkl\u0101st\u012btas pras\u012bbas piln\u012bb\u0101 iepakotu transporta iepakojumu krau\u0161anas testiem, kas ir b\u016btiski, lai apliecin\u0101tu, ka produkti var iztur\u0113t krau\u0161anas slodzi izplat\u012b\u0161anas laik\u0101.<\/li>\n<\/ul>\n<p>\u0160ie standarti nosaka vienotus test\u0113\u0161anas krit\u0113rijus, nodro\u0161inot, ka pap\u012bra serdes kompresijas testera dati ir prec\u012bzi, atk\u0101rtojami un atbilst starptautiskajai paraugpraksei iepakojuma kvalit\u0101tes jom\u0101.<\/p>\n<h2>K\u0101p\u0113c ISO standarti ir svar\u012bgi kompresijas test\u0113\u0161an\u0101<\/h2>\n<p>ISO standartu iev\u0113ro\u0161ana, piem\u0113ram. <a href=\"https:\/\/www.qualitester.com\/lv\/produkta-kategorija\/iso\/iso-12048\/\" target=\"_blank\" rel=\"noopener\">ISO 12048<\/a>, <a href=\"https:\/\/www.qualitester.com\/lv\/produkta-kategorija\/iso\/iso-2872\/\" target=\"_blank\" rel=\"noopener\">ISO 2872<\/a>, un <a href=\"https:\/\/www.qualitester.com\/lv\/produkta-kategorija\/iso\/iso-2874\/\" target=\"_blank\" rel=\"noopener\">ISO 2874<\/a> ir b\u016btiska, lai nodro\u0161in\u0101tu iepakojuma kvalit\u0101ti un dro\u0161\u012bbu. Iev\u0113rojot \u0161os standartus, ra\u017eot\u0101ji un kvalit\u0101tes kontroles speci\u0101listi nodro\u0161ina, ka iepakojuma produkti sp\u0113j iztur\u0113t uzglab\u0101\u0161anas un transport\u0113\u0161anas gr\u016bt\u012bbas, neapdraudot satura dro\u0161\u012bbu. Pap\u012bra serde\u0146a saspie\u0161anas testera atbilst\u012bba \u0161iem standartiem \u013cauj ra\u017eot\u0101jiem izpild\u012bt gan normat\u012bvo aktu pras\u012bbas, gan klientu pras\u012bbas attiec\u012bb\u0101 uz iepakojuma uzticamu veiktsp\u0113ju.<\/p>\n<h2>Pap\u012bra serdes kompresijas testera tehnisk\u0101 specifik\u0101cija<\/h2>\n<p>CST-PC pied\u0101v\u0101 prec\u012bzu un uzticamu test\u0113\u0161anu, izmantojot uzlabotas tehnisk\u0101s specifik\u0101cijas:<\/p>\n<ul>\n<li><strong>Saspie\u0161anas sp\u0113ka diapazons<\/strong>: Sp\u0113j str\u0101d\u0101t ar pla\u0161u sp\u0113ka l\u012bme\u0146u diapazonu, lai piel\u0101gotos da\u017e\u0101d\u0101m materi\u0101lu stipr\u012bb\u0101m.<\/li>\n<li><strong>Maksim\u0101l\u0101 kravnes\u012bba<\/strong>: Nodro\u0161ina pietiekamu jaudu da\u017e\u0101du pap\u012bra izstr\u0101d\u0101jumu test\u0113\u0161anai.<\/li>\n<li><strong>Augsti precizit\u0101tes l\u012bme\u0146i<\/strong>: Nodro\u0161ina prec\u012bzus sp\u0113ka m\u0113r\u012bjumus, l\u012bdz minimumam samazinot k\u013c\u016bdas un palielinot testa uzticam\u012bbu.<\/li>\n<li><strong>M\u0113rvien\u012bbas un \u0101truma vad\u012bba<\/strong>: Nodro\u0161ina elast\u012bgas iesp\u0113jas kontrol\u0113t test\u0113\u0161anas \u0101trumu un m\u0113rvien\u012bbas, lai t\u0101s atbilstu konkr\u0113tiem standartiem un materi\u0101liem.<\/li>\n<\/ul>\n<p>\u0160\u012bs specifik\u0101cijas veicina instrumenta visp\u0101r\u0113jo precizit\u0101ti, iztur\u012bbu un lieto\u0161anas \u0113rtumu, padarot to par b\u016btisku kvalit\u0101tes nodro\u0161in\u0101\u0161anas instrumentu iepakojuma materi\u0101lu test\u0113\u0161an\u0101.<\/p>\n<h2>Bie\u017e\u0101k uzdotie jaut\u0101jumi (FAQ)<\/h2>\n<ol>\n<li><strong>K\u0101dus izstr\u0101d\u0101jumu veidus var test\u0113t ar pap\u012bra serdes kompresijas testeri?<\/strong>\n<ul>\n<li>\u0160is testeris ir piem\u0113rots da\u017e\u0101diem pap\u012bra izstr\u0101d\u0101jumiem, tostarp pap\u012bra caurul\u0113m, palet\u0113m, kartona k\u0101rb\u0101m un citiem iepakojuma materi\u0101liem, kam nepiecie\u0161ama kompresijas un krau\u0161anas iztur\u012bbas p\u0101rbaude.<\/li>\n<\/ul>\n<\/li>\n<li><strong>K\u0101 pap\u012bra serdes kompresijas testeris nodro\u0161ina precizit\u0101ti?<\/strong>\n<ul>\n<li>Ier\u012bce ir apr\u012bkota ar augstas precizit\u0101tes sensoriem un sinhrono motoru, kas nodro\u0161ina konsekventu spiediena piem\u0113ro\u0161anu, nodro\u0161inot uzticamus datus prec\u012bzai veiktsp\u0113jas nov\u0113rt\u0113\u0161anai.<\/li>\n<\/ul>\n<\/li>\n<li><strong>K\u0101p\u0113c ir svar\u012bgi ISO 12048, ISO 2872 un ISO 2874 standarti?<\/strong>\n<ul>\n<li>\u0160ie standarti nosaka saspie\u0161anas un krau\u0161anas test\u0113\u0161anas metodes, pal\u012bdzot ra\u017eot\u0101jiem apstiprin\u0101t, ka vi\u0146u iepakojuma produkti atbilst nozares atz\u012btiem kvalit\u0101tes un dro\u0161\u012bbas standartiem.<\/li>\n<\/ul>\n<\/li>\n<li><strong>Vai pap\u012bra serdes kompresijas testeri var piel\u0101got unik\u0101l\u0101m test\u0113\u0161anas vajadz\u012bb\u0101m?<\/strong>\n<ul>\n<li>J\u0101, m\u0113s pied\u0101v\u0101jam piel\u0101go\u0161anas iesp\u0113jas, lai atbilstu \u012bpa\u0161\u0101m test\u0113\u0161anas pras\u012bb\u0101m un unik\u0101liem lietojumiem da\u017e\u0101d\u0101s nozar\u0113s.<\/li>\n<\/ul>\n<\/li>\n<li><strong>K\u0101 test\u0113\u0161anas laik\u0101 tiek v\u0101kti un glab\u0101ti dati?<\/strong>\n<ul>\n<li>Tester\u012b ieb\u016bv\u0113t\u0101 mikroprocesora sist\u0113ma uztver datus re\u0101llaik\u0101 ar t\u016bl\u012bt\u0113jas izdrukas iesp\u0113j\u0101m, izmantojot ieb\u016bv\u0113to termisko printeri, k\u0101 ar\u012b ar iesp\u0113ju eksport\u0113t un izsekot rezult\u0101tus, lai tos var\u0113tu viegli analiz\u0113t un dokument\u0113t.<\/li>\n<\/ul>\n<\/li>\n<\/ol>","protected":false},"excerpt":{"rendered":"<p>Port\u0101ls <strong>Pap\u012bra serdes kompresijas testeris<\/strong> (CST-PC) ir specializ\u0113ts instruments, kas paredz\u0113ts da\u017e\u0101du pap\u012bra izstr\u0101d\u0101jumu, piem\u0113ram, pap\u012bra cauru\u013cu, serde\u0146u, kartona k\u0101rbu, kr\u0101su kastu un pale\u0161u, spiedes un krau\u0161anas stipr\u012bbas m\u0113r\u012b\u0161anai. \u0160\u012b test\u0113\u0161anas ier\u012bce ir b\u016btiska nozar\u0113s, kur\u0101s nepiecie\u0161ami iztur\u012bgi un uzticami iepakojuma risin\u0101jumi, jo t\u0101 pal\u012bdz nodro\u0161in\u0101t, ka pap\u012bra izstr\u0101d\u0101jumi atbilst augstiem kvalit\u0101tes un veiktsp\u0113jas standartiem spiediena apst\u0101k\u013cos.<\/p>","protected":false},"featured_media":6178,"comment_status":"closed","ping_status":"closed","template":"","meta":{"site-sidebar-layout":"default","site-content-layout":"default","ast-global-header-display":"","ast-main-header-display":"","ast-hfb-above-header-display":"","ast-hfb-below-header-display":"","ast-hfb-mobile-header-display":"","site-post-title":"","ast-breadcrumbs-content":"","ast-featured-img":"","footer-sml-layout":"","theme-transparent-header-meta":"default","adv-header-id-meta":"","stick-header-meta":"","header-above-stick-meta":"","header-main-stick-meta":"","header-below-stick-meta":""},"product_cat":[845,953,956,955,1065,1067,1066,965,954,957,958,952,959,44,95],"product_tag":[],"class_list":{"0":"post-5264","1":"product","2":"type-product","3":"status-publish","4":"has-post-thumbnail","6":"product_cat-customization","7":"product_cat-bursting-tester","8":"product_cat-cobb-tester","9":"product_cat-crush-tester","10":"product_cat-iso-12048","11":"product_cat-iso-2872","12":"product_cat-iso-2874","13":"product_cat-package-compression-tester","14":"product_cat-paper-tear-tester","15":"product_cat-plybond-tester","16":"product_cat-puncture-tester","17":"product_cat-rub-tester","18":"product_cat-stiffness-tester","19":"product_cat-paper-and-board-testers","20":"product_cat-products","21":"desktop-align-left","22":"tablet-align-left","23":"mobile-align-left","25":"first","26":"instock","27":"shipping-taxable","28":"product-type-simple"},"_links":{"self":[{"href":"https:\/\/www.qualitester.com\/lv\/wp-json\/wp\/v2\/product\/5264","targetHints":{"allow":["GET"]}}],"collection":[{"href":"https:\/\/www.qualitester.com\/lv\/wp-json\/wp\/v2\/product"}],"about":[{"href":"https:\/\/www.qualitester.com\/lv\/wp-json\/wp\/v2\/types\/product"}],"replies":[{"embeddable":true,"href":"https:\/\/www.qualitester.com\/lv\/wp-json\/wp\/v2\/comments?post=5264"}],"version-history":[{"count":0,"href":"https:\/\/www.qualitester.com\/lv\/wp-json\/wp\/v2\/product\/5264\/revisions"}],"wp:featuredmedia":[{"embeddable":true,"href":"https:\/\/www.qualitester.com\/lv\/wp-json\/wp\/v2\/media\/6178"}],"wp:attachment":[{"href":"https:\/\/www.qualitester.com\/lv\/wp-json\/wp\/v2\/media?parent=5264"}],"wp:term":[{"taxonomy":"product_cat","embeddable":true,"href":"https:\/\/www.qualitester.com\/lv\/wp-json\/wp\/v2\/product_cat?post=5264"},{"taxonomy":"product_tag","embeddable":true,"href":"https:\/\/www.qualitester.com\/lv\/wp-json\/wp\/v2\/product_tag?post=5264"}],"curies":[{"name":"wp","href":"https:\/\/api.w.org\/{rel}","templated":true}]}}