{"id":5254,"date":"2024-11-07T09:31:49","date_gmt":"2024-11-07T01:31:49","guid":{"rendered":"https:\/\/www.qualitester.com\/?post_type=product&#038;p=5254"},"modified":"2024-12-05T10:01:46","modified_gmt":"2024-12-05T02:01:46","slug":"sale-bursting-strength-tester","status":"publish","type":"product","link":"https:\/\/www.qualitester.com\/lv\/products-2\/sale-bursting-strength-tester\/","title":{"rendered":"P\u0101rrau\u0161anas iztur\u012bbas testeris"},"content":{"rendered":"<p>Port\u0101ls <strong>P\u0101rrau\u0161anas iztur\u012bbas testeris<\/strong> ir b\u016btisks instruments pap\u012bra un kartona materi\u0101lu struktur\u0101l\u0101s integrit\u0101tes un iztur\u012bbas nov\u0113rt\u0113\u0161anai. \u0160is testeris ir paredz\u0113ts, lai nov\u0113rt\u0113tu maksim\u0101lo sp\u0113ku, ko \u0161ie materi\u0101li var iztur\u0113t pirms pl\u012b\u0161anas, un to pla\u0161i izmanto iepako\u0161anas, ra\u017eo\u0161anas un kvalit\u0101tes kontroles procesos. \u0160o ier\u012bci var izmantot, s\u0101kot no viegla pap\u012bra l\u012bdz pat lieljaudas kartonam. <strong>P\u0101rrau\u0161anas iztur\u012bbas testeris<\/strong> nodro\u0161ina, ka materi\u0101li atbilst stingriem standartiem attiec\u012bb\u0101 uz veiktsp\u0113ju stresa apst\u0101k\u013cos, padarot to neaizst\u0101jamu nozar\u0113s, kur\u0101s iztur\u012bba un ilgm\u016b\u017e\u012bba ir \u013coti svar\u012bga.<\/p>\n<h3>P\u0101rrau\u0161anas stipr\u012bbas testera pielietojums<\/h3>\n<p>P\u0101rrau\u0161anas iztur\u012bbas test\u0113\u0161ana \u013cauj noteikt materi\u0101la sp\u0113ju iztur\u0113t p\u0101rr\u0101vumu vai p\u0101rrau\u0161anu, kad tas tiek pak\u013cauts \u0101r\u0113jiem sp\u0113kiem. \u0160\u012b \u012bpa\u0161\u012bba ir \u013coti svar\u012bga, lai <strong>pap\u012brs, kartons un iepakojuma materi\u0101li<\/strong>, jo \u012bpa\u0161i saist\u012bb\u0101 ar <strong>nos\u016bt\u012b\u0161ana un uzglab\u0101\u0161ana<\/strong>. Identific\u0113jot v\u0101j\u0101s vietas pirms materi\u0101lu izvieto\u0161anas, uz\u0146\u0113mumi var izvair\u012bties no d\u0101rgiem boj\u0101jumiem un nodro\u0161in\u0101t dro\u0161u produktu transport\u0113\u0161anu. Ra\u017eot\u0101jiem \u0161is tests sniedz ieskatu materi\u0101lu kvalit\u0101t\u0113 un sniedz inform\u0101ciju par iepakojuma dizainu, \u013caujot uzlabot iztur\u012bbu un samazin\u0101t boj\u0101jumu risku transport\u0113\u0161anas laik\u0101.<\/p>\n<h3>P\u0101rrau\u0161anas stipr\u012bbas testera galven\u0101s funkcijas<\/h3>\n<ul>\n<li><strong>Hidraulisk\u0101 spiediena p\u0101rbaude:<\/strong> Testeris izmanto hidraulisko spiedienu, lai testa paraugam piem\u0113rotu sp\u0113ku, kas \u013cauj \u013coti prec\u012bzi izm\u0113r\u012bt p\u0101rrau\u0161anas pretest\u012bbu.<\/li>\n<li><strong>Pla\u0161s test\u0113\u0161anas diapazons:<\/strong> Ar to var test\u0113t pla\u0161u materi\u0101lu spektru, s\u0101kot no viegliem pap\u012briem un beidzot ar ciet\u0101m kok\u0161\u0137iedru pl\u0101tn\u0113m, kuru pl\u012b\u0161anas iztur\u012bba ir no <strong>70 kPa l\u012bdz 5500 kPa<\/strong>.<\/li>\n<li><strong>Precizit\u0101te un uzticam\u012bba:<\/strong> Ar moderniem spiediena sensoriem apr\u012bkotais p\u0101rrau\u0161anas iztur\u012bbas testeris nodro\u0161ina uzticamus un atk\u0101rtojamus rezult\u0101tus, nodro\u0161inot augstu precizit\u0101ti kvalit\u0101tes kontrol\u0113.<\/li>\n<\/ul>\n<h3>Pl\u0101tnes p\u0101rrau\u0161anas testeris: Pl\u0101k\u0161\u0146u struktur\u0101l\u0101s iztur\u012bbas nodro\u0161in\u0101\u0161ana<\/h3>\n<p>Port\u0101ls <strong>BNP-01 Board Bursting Tester<\/strong> ir \u012bpa\u0161i izstr\u0101d\u0101ts, lai test\u0113tu t\u0101dus pl\u0101t\u0146u materi\u0101lus k\u0101 <strong>gofr\u0113ts un ciets fiberboard<\/strong>. Sp\u0113j m\u0113r\u012bt materi\u0101lus ar pl\u012b\u0161anas stipr\u012bbu diapazon\u0101 no <strong>350 kPa l\u012bdz 5500 kPa<\/strong>, \u0161is testeris atbilst augstaj\u0101m iepakojuma un transporta nozares vajadz\u012bb\u0101m. Nov\u0113rt\u0113jot materi\u0101la elast\u012bbu, tas \u013cauj ra\u017eot\u0101jiem garant\u0113t, ka to iepakojuma materi\u0101li sp\u0113j iztur\u0113t spiedienu, kas rodas p\u0101rkrau\u0161anas un transport\u0113\u0161anas laik\u0101. \u0160is testeris atbilst vado\u0161ajiem nozares standartiem, tostarp:<\/p>\n<ul>\n<li><strong><a href=\"https:\/\/www.iso.org\/standard\/61488.html\" target=\"_blank\" rel=\"noopener nofollow\">ISO 2759<\/a>:<\/strong> Starptautiski atz\u012bt\u0101 standart\u0101 ISO 2759 ir noteiktas vadl\u012bnijas pl\u0101k\u0161\u0146u materi\u0101lu iztur\u012bbas pret pl\u012b\u0161anu nov\u0113rt\u0113\u0161anai, nodro\u0161inot atbilst\u012bbu pasaules kvalit\u0101tes standartiem.<\/li>\n<li><strong>TAPPI T810 un TAPPI T807:<\/strong> \u0160ie standarti attiecas uz \u0161\u0137iedru kartona un gofr\u0113t\u0101 kartona pl\u012bsumu test\u0113\u0161anu, kas \u013cauj nodro\u0161in\u0101t nemain\u012bgu kvalit\u0101ti vis\u0101m partij\u0101m un garant\u0113, ka iepakojuma materi\u0101li ir dro\u0161i p\u0101rvad\u0101\u0161anai.<\/li>\n<\/ul>\n<h3>Pap\u012bra pl\u012b\u0161anas testeris: Optimiz\u0113ts vieglajiem materi\u0101liem<\/h3>\n<p>Pap\u012bra lietojumprogramm\u0101m <strong>ZNP-01 Pap\u012bra p\u0101rrau\u0161anas testeris<\/strong> ir ide\u0101la izv\u0113le, test\u0113jot materi\u0101lus ar p\u0101rrau\u0161anas stipr\u012bbu no <strong>70 kPa l\u012bdz 1400 kPa<\/strong>. \u0160is testeris ir piem\u0113rots viegl\u0101kiem materi\u0101liem, piem\u0113ram, pap\u012bram un pl\u0101nam kartonam, un ir noder\u012bgs lietojumiem, kur materi\u0101la elast\u012bba ir \u013coti svar\u012bga. ZNP-01 ir sader\u012bgs ar t\u0101diem standartiem k\u0101:<\/p>\n<ul>\n<li><strong><a href=\"https:\/\/www.qualitester.com\/lv\/produkta-kategorija\/iso\/iso-5627\/\" target=\"_blank\" rel=\"noopener\">ISO 2758<\/a>:<\/strong> \u0160is standarts reglament\u0113 pap\u012bra materi\u0101lu p\u0101rrau\u0161anas stipr\u012bbas test\u0113\u0161anu, nodro\u0161inot, ka rezult\u0101ti atbilst starptautiskajiem standartiem.<\/li>\n<li><strong>TAPPI T403 un ASTM D774:<\/strong> Abos standartos ir izkl\u0101st\u012btas pap\u012bra stipr\u012bbas nov\u0113rt\u0113\u0161anas metodes, un ASTM D774 ir v\u0113rsts uz viegliem, augstas elast\u012bbas pap\u012briem.<\/li>\n<\/ul>\n<p>\u0160ie standarti nodro\u0161ina, ka iepakojuma un drukas lietojumprogramm\u0101s izmantotie materi\u0101li atbilst produktu dro\u0161\u012bbai un kvalit\u0101tes nodro\u0161in\u0101\u0161anai nepiecie\u0161amajam ilgm\u016b\u017e\u012bgumam.<\/p>\n<h3>Testa princips<\/h3>\n<p>P\u0101rrau\u0161anas iztur\u012bbas test\u0101 paraugs tiek novietots virs apa\u013cas, elast\u012bgas diafragmas, kas ir stingri savilkta mal\u0101s, bet centr\u0101 var br\u012bvi izspiesties. T\u0101 k\u0101 <strong>hidrauliskais \u0161\u0137idrums tiek s\u016bkn\u0113ts ar nemain\u012bgu \u0101trumu.<\/strong>diafragma piep\u016b\u0161as, l\u012bdz testa paraugs pl\u012bst. Testeris re\u0123istr\u0113 maksim\u0101lo spiedienu, kas sasniegts pl\u012bsuma br\u012bd\u012b, kas nor\u0101da materi\u0101la <strong>p\u0101rrau\u0161anas sp\u0113ks<\/strong>. \u0160\u012b testa metode ir \u013coti prec\u012bza, \u013caujot ra\u017eot\u0101jiem konsekventi nov\u0113rt\u0113t da\u017e\u0101du materi\u0101lu iztur\u012bbu un kvalit\u0101ti.<\/p>\n<h3>P\u0101rrau\u0161anas iztur\u012bbas testera izmanto\u0161anas priek\u0161roc\u012bbas<\/h3>\n<ul>\n<li><strong>Iepakojuma kvalit\u0101tes nodro\u0161in\u0101\u0161ana:<\/strong> Testeris nodro\u0161ina, ka iepakojuma materi\u0101li sp\u0113j iztur\u0113t p\u0101rvad\u0101\u0161anas un p\u0101rkrau\u0161anas slodzi, t\u0101d\u0113j\u0101di samazinot boj\u0101jumu risku.<\/li>\n<li><strong>Konsekventi ra\u017eo\u0161anas standarti:<\/strong> Regul\u0101ri veicot test\u0113\u0161anu, ra\u017eot\u0101ji var uztur\u0113t vienotu kvalit\u0101ti un nekav\u0113joties risin\u0101t jebk\u0101das probl\u0113mas, kas saist\u012btas ar materi\u0101lu veiktsp\u0113ju.<\/li>\n<li><strong>Piel\u0101gojam\u012bba da\u017e\u0101d\u0101s nozar\u0113s:<\/strong> \u0160is testeris ir piem\u0113rots visda\u017e\u0101d\u0101kaj\u0101m nozar\u0113m, tostarp. <strong>medic\u012bnas ier\u012bces, elektronika, tekstilizstr\u0101d\u0101jumi, iepakojums un p\u0101rtika.<\/strong>, kur iztur\u012bgi materi\u0101li ir \u013coti svar\u012bga pras\u012bba.<\/li>\n<\/ul>\n<h3>Bie\u017e\u0101k uzdotie jaut\u0101jumi (FAQ)<\/h3>\n<ul>\n<li><strong>K\u0101ds ir p\u0101rrau\u0161anas iztur\u012bbas testa m\u0113r\u0137is?<\/strong><br \/>\nAr \u0161o testu nov\u0113rt\u0113 pap\u012bra un kartona materi\u0101lu iztur\u012bbu, nosakot maksim\u0101lo sp\u0113ku, ko tie sp\u0113j iztur\u0113t, pirms tie p\u0101rtr\u016bkst. Tas ir b\u016btisks iepakojuma un materi\u0101lu ra\u017eo\u0161anas kvalit\u0101tes kontrolei.<\/li>\n<li><strong>K\u0101 ar pl\u012b\u0161anas iztur\u012bbas testeri m\u0113ra materi\u0101la iztur\u012bbu?<\/strong><br \/>\nTesteris paraugam piem\u0113ro hidraulisko spiedienu, l\u012bdz tas pl\u012bst, un maksim\u0101lais spiediens tiek re\u0123istr\u0113ts k\u0101 materi\u0101la p\u0101rrau\u0161anas iztur\u012bba.<\/li>\n<li><strong>K\u0101da veida materi\u0101lus var test\u0113t?<\/strong><br \/>\nAr \u0161o testeri var nov\u0113rt\u0113t pla\u0161u materi\u0101lu kl\u0101stu, tostarp vieglu pap\u012bru, biezu kartonu, gofr\u0113to kartonu un skaidu pl\u0101tni.<\/li>\n<li><strong>K\u0101p\u0113c ISO 2759 ir svar\u012bgs p\u0101rrau\u0161anas iztur\u012bbas test\u0113\u0161an\u0101?<\/strong><br \/>\nISO 2759 ir glob\u0101ls standarts, kas nodro\u0161ina materi\u0101lu atbilst\u012bbu konsekventiem kvalit\u0101tes standartiem, kas ir \u013coti svar\u012bgi starptautiskajiem ra\u017eot\u0101jiem un pieg\u0101d\u0101t\u0101jiem.<\/li>\n<li><strong>Cik bie\u017ei j\u0101veic iepakojuma materi\u0101lu p\u0101rrau\u0161anas iztur\u012bbas p\u0101rbaude?<\/strong><br \/>\nLai saglab\u0101tu uzticamus kvalit\u0101tes standartus, ieteicams veikt regul\u0101ras p\u0101rbaudes, jo \u012bpa\u0161i, ja main\u0101s materi\u0101lu ieguves vai ra\u017eo\u0161anas procesi.<\/li>\n<\/ul>","protected":false},"excerpt":{"rendered":"<p>Port\u0101ls <strong>P\u0101rrau\u0161anas iztur\u012bbas testeris<\/strong> ir b\u016btisks instruments pap\u012bra un kartona materi\u0101lu struktur\u0101l\u0101s integrit\u0101tes un iztur\u012bbas nov\u0113rt\u0113\u0161anai. \u0160is testeris ir paredz\u0113ts, lai nov\u0113rt\u0113tu maksim\u0101lo sp\u0113ku, ko \u0161ie materi\u0101li var iztur\u0113t pirms pl\u012b\u0161anas, un to pla\u0161i izmanto iepako\u0161anas, ra\u017eo\u0161anas un kvalit\u0101tes kontroles procesos. \u0160o ier\u012bci var izmantot, s\u0101kot no viegla pap\u012bra l\u012bdz pat lieljaudas kartonam. <strong>P\u0101rrau\u0161anas iztur\u012bbas testeris<\/strong> nodro\u0161ina, ka materi\u0101li atbilst stingriem standartiem attiec\u012bb\u0101 uz veiktsp\u0113ju stresa apst\u0101k\u013cos, padarot to neaizst\u0101jamu nozar\u0113s, kur\u0101s iztur\u012bba un ilgm\u016b\u017e\u012bba ir \u013coti svar\u012bga.<\/p>","protected":false},"featured_media":6172,"comment_status":"closed","ping_status":"closed","template":"","meta":{"site-sidebar-layout":"default","site-content-layout":"default","ast-global-header-display":"","ast-main-header-display":"","ast-hfb-above-header-display":"","ast-hfb-below-header-display":"","ast-hfb-mobile-header-display":"","site-post-title":"","ast-breadcrumbs-content":"","ast-featured-img":"","footer-sml-layout":"","theme-transparent-header-meta":"default","adv-header-id-meta":"","stick-header-meta":"","header-above-stick-meta":"","header-main-stick-meta":"","header-below-stick-meta":""},"product_cat":[44,1146,953,956,955,1142,1141,954,957,958,952,959,1145,1144,1143,95],"product_tag":[],"class_list":{"0":"post-5254","1":"product","2":"type-product","3":"status-publish","4":"has-post-thumbnail","6":"product_cat-paper-and-board-testers","7":"product_cat-astm-d774","8":"product_cat-bursting-tester","9":"product_cat-cobb-tester","10":"product_cat-crush-tester","11":"product_cat-iso-2758","12":"product_cat-iso-2759","13":"product_cat-paper-tear-tester","14":"product_cat-plybond-tester","15":"product_cat-puncture-tester","16":"product_cat-rub-tester","17":"product_cat-stiffness-tester","18":"product_cat-tappi-t403","19":"product_cat-tappi-t807","20":"product_cat-tappi-t810","21":"product_cat-products","22":"desktop-align-left","23":"tablet-align-left","24":"mobile-align-left","26":"first","27":"instock","28":"shipping-taxable","29":"product-type-simple"},"_links":{"self":[{"href":"https:\/\/www.qualitester.com\/lv\/wp-json\/wp\/v2\/product\/5254","targetHints":{"allow":["GET"]}}],"collection":[{"href":"https:\/\/www.qualitester.com\/lv\/wp-json\/wp\/v2\/product"}],"about":[{"href":"https:\/\/www.qualitester.com\/lv\/wp-json\/wp\/v2\/types\/product"}],"replies":[{"embeddable":true,"href":"https:\/\/www.qualitester.com\/lv\/wp-json\/wp\/v2\/comments?post=5254"}],"version-history":[{"count":0,"href":"https:\/\/www.qualitester.com\/lv\/wp-json\/wp\/v2\/product\/5254\/revisions"}],"wp:featuredmedia":[{"embeddable":true,"href":"https:\/\/www.qualitester.com\/lv\/wp-json\/wp\/v2\/media\/6172"}],"wp:attachment":[{"href":"https:\/\/www.qualitester.com\/lv\/wp-json\/wp\/v2\/media?parent=5254"}],"wp:term":[{"taxonomy":"product_cat","embeddable":true,"href":"https:\/\/www.qualitester.com\/lv\/wp-json\/wp\/v2\/product_cat?post=5254"},{"taxonomy":"product_tag","embeddable":true,"href":"https:\/\/www.qualitester.com\/lv\/wp-json\/wp\/v2\/product_tag?post=5254"}],"curies":[{"name":"wp","href":"https:\/\/api.w.org\/{rel}","templated":true}]}}