{"id":5247,"date":"2024-11-06T13:22:00","date_gmt":"2024-11-06T05:22:00","guid":{"rendered":"https:\/\/www.qualitester.com\/?post_type=product&#038;p=5247"},"modified":"2024-12-05T15:33:06","modified_gmt":"2024-12-05T07:33:06","slug":"sale-tape-holding-power-tester","status":"publish","type":"product","link":"https:\/\/www.qualitester.com\/lv\/products-2\/sale-tape-holding-power-tester\/","title":{"rendered":"LAT-01 Ilgsto\u0161as lip\u012bbas testeris"},"content":{"rendered":"<h2><strong>Lentes tur\u0113\u0161anas jaudas testera ievie\u0161ana<\/strong><\/h2>\n<p>Port\u0101ls <strong>Lentes tur\u0113\u0161anas jaudas testeris<\/strong> ir svar\u012bgs test\u0113\u0161anas instruments, kas paredz\u0113ts, lai m\u0113r\u012btu spiedienjut\u012bgu lentu un eti\u0137e\u0161u adh\u0113zijas iztur\u012bbu past\u0101v\u012bgas slodzes apst\u0101k\u013cos. Ar to nov\u0113rt\u0113 l\u012bmlentu sp\u0113ju iztur\u0113t sl\u012bd\u0113\u0161anu un saglab\u0101t saiti, kad t\u0101s tiek pak\u013cautas slodzei, t\u0101p\u0113c tas ir \u013coti svar\u012bgs instruments nozar\u0113s, kur\u0101s ir atkar\u012bga l\u012bmlentu veiktsp\u0113ja, piem\u0113ram, iepakojuma, medic\u012bnas, farm\u0101cijas un cit\u0101s nozar\u0113s.<\/p>\n<p>\u0160is testeris nodro\u0161ina uzticamu l\u012bdzekli, lai nov\u0113rt\u0113tu lentu ilgtermi\u0146a stabilit\u0101ti un iztur\u012bbu, nodro\u0161inot, ka t\u0101s atbilst da\u017e\u0101diem lietojumiem nepiecie\u0161amajiem standartiem. To izmanto, lai noteiktu, cik labi lentes saglab\u0101jas piestiprin\u0101tas pie virsm\u0101m pat sare\u017e\u0123\u012btos apst\u0101k\u013cos, sniedzot b\u016btisku inform\u0101ciju par to veiktsp\u0113ju laika gait\u0101.<\/p>\n<h2><strong>Lentes tur\u0113\u0161anas jaudas testera pielietojums<\/strong><\/h2>\n<p>Port\u0101ls <strong>Lentes tur\u0113\u0161anas jaudas testeris<\/strong> parasti izmanto \u0161\u0101d\u0101s nozar\u0113s:<\/p>\n<ul>\n<li><strong>Iepakojums:<\/strong> Nodro\u0161ina, ka iepakojuma materi\u0101los izmantot\u0101s lentes saglab\u0101 savas adhez\u012bv\u0101s \u012bpa\u0161\u012bbas transport\u0113\u0161anas un uzglab\u0101\u0161anas laik\u0101.<\/li>\n<li><strong>Medic\u012bna un farm\u0101cija:<\/strong> p\u0101rbauda medic\u012bnisko lentu, p\u0101rs\u0113ju un farmaceitisk\u0101 iepakojuma materi\u0101lu adhez\u012bvo iztur\u012bbu.<\/li>\n<li><strong>L\u012bmes:<\/strong> \u013boti svar\u012bgi, lai p\u0101rbaud\u012btu spiedienjut\u012bgu l\u012bmju, ko izmanto eti\u0137et\u0113s, lent\u0113s un citos uz l\u012bmes b\u0101zes izgatavotos produktos, veiktsp\u0113ju.<\/li>\n<li><strong>Tekstilizstr\u0101d\u0101jumi:<\/strong> Pal\u012bdz nov\u0113rt\u0113t tekstilmateri\u0101lu lentu un eti\u0137e\u0161u adh\u0113ziju stresa apst\u0101k\u013cos.<\/li>\n<li><strong>Kvalit\u0101tes p\u0101rbaudes a\u0123ent\u016bras:<\/strong> Sniedz objekt\u012bvus datus par lentes veiktsp\u0113ju, pal\u012bdzot ra\u017eot\u0101jiem un pieg\u0101d\u0101t\u0101jiem veikt kvalit\u0101tes kontroli.<\/li>\n<\/ul>\n<p>To galvenok\u0101rt izmanto, lai p\u0101rbaud\u012btu <strong>tur\u0113\u0161anas sp\u0113ja<\/strong> spiedienjut\u012bgas lentes un eti\u0137etes, lai nodro\u0161in\u0101tu, ka t\u0101s atbilst nepiecie\u0161amaj\u0101m specifik\u0101cij\u0101m re\u0101lai lieto\u0161anai.<\/p>\n<h2><strong>Testa princips<\/strong><\/h2>\n<p>Port\u0101ls <strong>Lentes tur\u0113\u0161anas jaudas testeris<\/strong> darbojas p\u0113c principa <strong>b\u012bdes sa\u0137ere pie nemain\u012bgas slodzes<\/strong>. Tests ietver \u0161\u0101du procesu:<\/p>\n<ul>\n<li>Lentes sloksne tiek uzkl\u0101ta uz standarta t\u0113rauda pane\u013ca kontrol\u0113tos apst\u0101k\u013cos.<\/li>\n<li>Lentes br\u012bvajam galam ir piestiprin\u0101ta standarta masa, lai piem\u0113rotu past\u0101v\u012bgu slodzi.<\/li>\n<li>P\u0113c tam panelis tiek novietots vertik\u0101li, un tiek re\u0123istr\u0113ts laiks, kas nepiecie\u0161ams, lai lente saboj\u0101tos (t. i., nosl\u012bd\u0113tu vai piln\u012bb\u0101 atdal\u012btos no virsmas).<\/li>\n<\/ul>\n<p>\u0160is tests pal\u012bdz imit\u0113t re\u0101los apst\u0101k\u013cus, kuros lentes var tikt pak\u013cautas sp\u0113kam, kas var izrais\u012bt l\u012bmes boj\u0101jumus. . <strong>Lentes tur\u0113\u0161anas jaudas testeris<\/strong> var test\u0113t da\u017e\u0101da veida spiedienjut\u012bgas lentes, tostarp lentes, ko izmanto r\u016bpniec\u012bb\u0101, medic\u012bn\u0101 un sadz\u012bv\u0113.<\/p>\n<h2><strong>Test\u0113\u0161anas metodes<\/strong><\/h2>\n<h3><strong>ASTM D3654<\/strong><\/h3>\n<p>Port\u0101ls <strong>ASTM D3654<\/strong> standarts ir viena no vispla\u0161\u0101k atz\u012btaj\u0101m metod\u0113m, ar ko test\u0113 spiedienjut\u012bgu l\u012bmlentu adh\u0113ziju. Saska\u0146\u0101 ar ASTM D3654:<\/p>\n<ul>\n<li>Lentu uzliek uz standarta t\u0113rauda pane\u013ca un pak\u013cauj nemain\u012bgai masai noteikt\u0101 le\u0146\u0137\u012b.<\/li>\n<li>Testeris m\u0113ra <strong>laiks l\u012bdz neveiksmei<\/strong> vai <strong>sl\u012bd\u0113\u0161anas apjoms<\/strong> kas rodas, kad lente tiek pak\u013cauta past\u0101v\u012bgam b\u012bdes spriegumam.<\/li>\n<li>Ar \u0161o metodi nov\u0113rt\u0113 l\u012bmes sp\u0113ju pretoties sl\u012bd\u0113\u0161anai slodzes apst\u0101k\u013cos, nodro\u0161inot kvantitat\u012bvu m\u0113r\u012bjumu par to, cik liel\u0101 m\u0113r\u0101 <strong>tur\u0113\u0161anas sp\u0113ja<\/strong>.<\/li>\n<\/ul>\n<h3><strong>PSTC-107<\/strong><\/h3>\n<p>Port\u0101ls <strong>PSTC-107<\/strong> ir v\u0113l viens svar\u012bgs nozares standarts, ar ko test\u0113 spiedienjut\u012bgu lentu notur\u012bbu. \u0160is standarts nosaka, k\u0101 izm\u0113r\u012bt lentu sp\u0113ju iztur\u0113t sp\u0113kus, kas pielietoti paral\u0113li l\u012bm\u0113jamai virsmai, kas imit\u0113 faktisk\u0101s lieto\u0161anas apst\u0101k\u013cus.<\/p>\n<ul>\n<li>Piem\u0113ram, ASTM D3654, <strong>PSTC-107<\/strong> nov\u0113rt\u0113 <strong>laiks l\u012bdz neveiksmei<\/strong> vai <strong>sl\u012bd\u0113\u0161anas apjoms<\/strong> kas rodas, kad tiek piem\u0113rota noteikta masa.<\/li>\n<li>Tas nodro\u0161ina, ka da\u017e\u0101dos izstr\u0101d\u0101jumos izmantot\u0101s lentes saglab\u0101 savas adhez\u012bv\u0101s \u012bpa\u0161\u012bbas past\u0101v\u012bgos slodzes apst\u0101k\u013cos ilg\u0101ku laiku.<\/li>\n<\/ul>\n<p>Abi <strong>ASTM D3654<\/strong> un <strong>PSTC-107<\/strong> ir b\u016btiski standarti, lai nodro\u0161in\u0101tu spiedienjut\u012bgo adhez\u012bvu veiktsp\u0113ju un uzticam\u012bbu.<\/p>\n<h2><strong>Ieguvumi<\/strong><\/h2>\n<ul>\n<li><strong>Prec\u012bzi m\u0113r\u012bjumi<\/strong>: Pateicoties uz mikrokontrolieri balst\u012btai laika noteik\u0161anas sist\u0113mai, lentes tur\u0113\u0161anas jaudas testeris nodro\u0161ina prec\u012bzus un atk\u0101rtojamus rezult\u0101tus.<\/li>\n<li><strong>Piel\u0101gojamas opcijas<\/strong>: Testeri var konfigur\u0113t ar vair\u0101k\u0101m test\u0113\u0161anas stacij\u0101m, t\u0101p\u0113c tas ir ide\u0101li piem\u0113rots augstas veiktsp\u0113jas test\u0113\u0161anai liela m\u0113roga ra\u017eo\u0161anas vid\u0113.<\/li>\n<li><strong>Daudzpus\u012bga temperat\u016bras kontrole<\/strong>: Testeri var piel\u0101got lieto\u0161anai da\u017e\u0101dos temperat\u016bras apst\u0101k\u013cos, lai simul\u0113tu re\u0101los vides faktorus.<\/li>\n<li><strong>Viegli lietojama saskarne<\/strong>: Lietot\u0101jam draudz\u012bgs LCD displejs ar laika blo\u0137\u0113\u0161anas funkciju nodro\u0161ina skaidru un vienk\u0101r\u0161u testa rezult\u0101tu uzraudz\u012bbu.<\/li>\n<li><strong>Uzticami rezult\u0101ti<\/strong>: Testeris nodro\u0161ina konsekventus datus par l\u012bmlentes adh\u0113zijas iztur\u012bbu, pal\u012bdzot ra\u017eot\u0101jiem izpild\u012bt kvalit\u0101tes nodro\u0161in\u0101\u0161anas pras\u012bbas.<\/li>\n<\/ul>\n<h2><strong>Standarti<\/strong><\/h2>\n<p>Port\u0101ls <strong>Lentes tur\u0113\u0161anas jaudas testeris<\/strong> ir izstr\u0101d\u0101ts atbilsto\u0161i \u0161\u0101diem galvenajiem nozares standartiem:<\/p>\n<ul>\n<li><a href=\"https:\/\/www.astm.org\/d3654_d3654m-06r19.html\" target=\"_blank\" rel=\"noopener nofollow\"><strong>ASTM D3654<\/strong><\/a>: Standarta testa metode spiedienjut\u012bgu lentu adh\u0113zijai b\u012bdes kust\u012bb\u0101.<\/li>\n<li><a href=\"https:\/\/pstc.org\/resources\/test-methods\/\" target=\"_blank\" rel=\"noopener nofollow\"><strong>PSTC-107<\/strong><\/a>: Standarta testa metode spiedienjut\u012bgu lentu notur\u012bbas sp\u0113jai past\u0101v\u012bg\u0101 spriegum\u0101.<\/li>\n<li><strong>JIS Z0237<\/strong>: Jap\u0101nas r\u016bpniec\u012bbas standarts l\u012bmlentu test\u0113\u0161anai.<\/li>\n<li><strong>GT\/T 4851<\/strong>: \u0136\u012bnas standarts spiedienjut\u012bgas lentes test\u0113\u0161anai.<\/li>\n<\/ul>\n<p>\u0160ie standarti nodro\u0161ina, ka <strong>Lentes tur\u0113\u0161anas jaudas testeris<\/strong> nodro\u0161ina prec\u012bzus un uzticamus rezult\u0101tus, kas atbilst pasaules nozares pras\u012bb\u0101m.<\/p>\n<h2><strong>Galvenie parametri<\/strong><\/h2>\n<table>\n<tbody>\n<tr>\n<td style=\"text-align: center;\" width=\"105\">Mode\u013ci<\/td>\n<td style=\"text-align: center;\" width=\"50\"><strong>LAT-5<\/strong><\/td>\n<td style=\"text-align: center;\" width=\"58\"><strong>LAT-10<\/strong><\/td>\n<td style=\"text-align: center;\" width=\"58\"><strong>LAT-20<\/strong><\/td>\n<td style=\"text-align: center;\" width=\"58\"><strong>LAT-30<\/strong><\/td>\n<td style=\"text-align: center;\" width=\"65\"><strong>LAT-5TC<\/strong><\/td>\n<td style=\"text-align: center;\" width=\"73\"><strong>LAT-10TC<\/strong><\/td>\n<\/tr>\n<tr>\n<td style=\"text-align: center;\" width=\"105\">Test\u0113\u0161anas stacijas<\/td>\n<td style=\"text-align: center;\" width=\"50\">5<\/td>\n<td style=\"text-align: center;\" width=\"58\">10<\/td>\n<td style=\"text-align: center;\" width=\"58\">20<\/td>\n<td style=\"text-align: center;\" width=\"58\">30<\/td>\n<td style=\"text-align: center;\" width=\"65\">5<\/td>\n<td style=\"text-align: center;\" width=\"73\">10<\/td>\n<\/tr>\n<tr>\n<td style=\"text-align: center;\" width=\"105\">Temperat\u016bra. Diapazons<\/td>\n<td style=\"text-align: center;\" colspan=\"4\" rowspan=\"1\" width=\"224\">NAV PIEM\u0112ROJAMS<\/td>\n<td style=\"text-align: center;\" colspan=\"2\" rowspan=\"1\" width=\"138\">Apk\u0101rt\u0113j\u0101 vide ~ 80 \u2103<\/td>\n<\/tr>\n<tr>\n<td style=\"text-align: center;\" width=\"105\">Testa laiks<\/td>\n<td style=\"text-align: center;\" colspan=\"6\" rowspan=\"1\" width=\"362\">0~99H99M99S<\/td>\n<\/tr>\n<tr>\n<td style=\"text-align: center;\" width=\"105\">Testa masa<\/td>\n<td style=\"text-align: center;\" colspan=\"6\" rowspan=\"1\" width=\"362\">1000\u00b15g<\/td>\n<\/tr>\n<tr>\n<td style=\"text-align: center;\" width=\"105\">Panelis<\/td>\n<td style=\"text-align: center;\" colspan=\"6\" rowspan=\"1\" width=\"362\">60*40*1,5 LWD<\/td>\n<\/tr>\n<tr>\n<td style=\"text-align: center;\" width=\"105\">Power<\/td>\n<td style=\"text-align: center;\" colspan=\"6\" rowspan=\"1\" width=\"362\">mai\u0146str\u0101va 220 V 50 Hz<\/td>\n<\/tr>\n<tr>\n<td style=\"text-align: center;\" colspan=\"7\" rowspan=\"1\" width=\"467\">Rull\u012b\u0161a specifik\u0101cija<\/td>\n<\/tr>\n<tr>\n<td style=\"text-align: center;\" width=\"105\">Rull\u012btis<\/td>\n<td style=\"text-align: center;\" colspan=\"6\" rowspan=\"1\" width=\"362\">2000g\u00b150g<\/td>\n<\/tr>\n<tr>\n<td style=\"text-align: center;\" width=\"105\">Diametrs<\/td>\n<td style=\"text-align: center;\" colspan=\"6\" rowspan=\"1\" width=\"362\">85\u00b12,5 mm<\/td>\n<\/tr>\n<tr>\n<td style=\"text-align: center;\" width=\"105\">Platums<\/td>\n<td style=\"text-align: center;\" colspan=\"6\" rowspan=\"1\" width=\"362\">45\u00b11,5 mm<\/td>\n<\/tr>\n<tr>\n<td style=\"text-align: center;\" width=\"105\">Gumija<\/td>\n<td style=\"text-align: center;\" colspan=\"6\" rowspan=\"1\" width=\"362\">6 mm biezums, ciet\u012bba p\u0113c \u0160ora 80\u00b15\u00b0<\/td>\n<\/tr>\n<\/tbody>\n<\/table>\n<p style=\"text-align: left;\">Port\u0101ls <strong>Lentes tur\u0113\u0161anas jaudas testeris<\/strong> ir b\u016btisks r\u012bks ikvien\u0101 nozar\u0113, kur\u0101 ir atkar\u012bga no spiedienjut\u012bgo adhez\u012bvu veiktsp\u0113jas. Pied\u0101v\u0101jot prec\u012bzu test\u0113\u0161anu saska\u0146\u0101 ar glob\u0101liem standartiem, piem\u0113ram. <strong>ASTM D3654<\/strong> un <strong>PSTC-107<\/strong>, t\u0101 nodro\u0161ina, ka lentes un eti\u0137etes atbilst nepiecie\u0161amajiem veiktsp\u0113jas krit\u0113rijiem. Neatkar\u012bgi no t\u0101, vai tas paredz\u0113ts iepakojuma, medic\u012bnas, farm\u0101cijas vai l\u012bm\u0113\u0161anas lietojumiem, \u0161is testeris pal\u012bdz ra\u017eot\u0101jiem nodro\u0161in\u0101t l\u012bm\u0113\u0161anas produktu iztur\u012bbu, uzticam\u012bbu un kvalit\u0101ti.<\/p>\n<div id=\"gtx-anchor\" style=\"position: absolute; visibility: hidden; left: 294.078px; top: 69.5156px; width: 22.3906px; height: 19px;\"><\/div>\n<div class=\"jfk-bubble gtx-bubble\" style=\"visibility: visible; left: -362px; top: 99px; opacity: 1;\" role=\"alertdialog\" aria-describedby=\"bubble-2\">\n<div id=\"bubble-2\" class=\"jfk-bubble-content-id\">\n<div id=\"gtx-host\" style=\"min-width: 200px; max-width: 400px;\"><\/div>\n<\/div>\n<div class=\"jfk-bubble-closebtn-id jfk-bubble-closebtn\" tabindex=\"0\" role=\"button\" aria-label=\"Aizv\u0113rt\"><\/div>\n<div class=\"jfk-bubble-arrow-id jfk-bubble-arrow jfk-bubble-arrowup\" style=\"left: 305.078px;\">\n<div class=\"jfk-bubble-arrowimplbefore\"><\/div>\n<div class=\"jfk-bubble-arrowimplafter\"><\/div>\n<\/div>\n<\/div>","protected":false},"excerpt":{"rendered":"<p>Port\u0101ls <strong>Lentes tur\u0113\u0161anas jaudas testeris<\/strong> ir svar\u012bgs test\u0113\u0161anas instruments, kas paredz\u0113ts, lai m\u0113r\u012btu spiedienjut\u012bgu lentu un eti\u0137e\u0161u adh\u0113zijas iztur\u012bbu past\u0101v\u012bgas slodzes apst\u0101k\u013cos. Ar to nov\u0113rt\u0113 l\u012bmlentu sp\u0113ju iztur\u0113t sl\u012bd\u0113\u0161anu un saglab\u0101t saiti, kad t\u0101s tiek pak\u013cautas slodzei, t\u0101p\u0113c tas ir \u013coti svar\u012bgs instruments nozar\u0113s, kur\u0101s ir atkar\u012bga l\u012bmlentu veiktsp\u0113ja, piem\u0113ram, iepakojuma, medic\u012bnas, farm\u0101cijas un cit\u0101s nozar\u0113s.<\/p>","protected":false},"featured_media":6298,"comment_status":"closed","ping_status":"closed","template":"","meta":{"site-sidebar-layout":"default","site-content-layout":"default","ast-global-header-display":"","ast-main-header-display":"","ast-hfb-above-header-display":"","ast-hfb-below-header-display":"","ast-hfb-mobile-header-display":"","site-post-title":"","ast-breadcrumbs-content":"","ast-featured-img":"","footer-sml-layout":"","theme-transparent-header-meta":"default","adv-header-id-meta":"","stick-header-meta":"","header-above-stick-meta":"","header-main-stick-meta":"","header-below-stick-meta":""},"product_cat":[845,1172,949,673,130,95],"product_tag":[],"class_list":{"0":"post-5247","1":"product","2":"type-product","3":"status-publish","4":"has-post-thumbnail","6":"product_cat-customization","7":"product_cat-jis-z0237","8":"product_cat-pstc-107","9":"product_cat-adhesive-tester","10":"product_cat-astm-d3654","11":"product_cat-products","12":"desktop-align-left","13":"tablet-align-left","14":"mobile-align-left","16":"first","17":"instock","18":"shipping-taxable","19":"product-type-simple"},"_links":{"self":[{"href":"https:\/\/www.qualitester.com\/lv\/wp-json\/wp\/v2\/product\/5247","targetHints":{"allow":["GET"]}}],"collection":[{"href":"https:\/\/www.qualitester.com\/lv\/wp-json\/wp\/v2\/product"}],"about":[{"href":"https:\/\/www.qualitester.com\/lv\/wp-json\/wp\/v2\/types\/product"}],"replies":[{"embeddable":true,"href":"https:\/\/www.qualitester.com\/lv\/wp-json\/wp\/v2\/comments?post=5247"}],"version-history":[{"count":0,"href":"https:\/\/www.qualitester.com\/lv\/wp-json\/wp\/v2\/product\/5247\/revisions"}],"wp:featuredmedia":[{"embeddable":true,"href":"https:\/\/www.qualitester.com\/lv\/wp-json\/wp\/v2\/media\/6298"}],"wp:attachment":[{"href":"https:\/\/www.qualitester.com\/lv\/wp-json\/wp\/v2\/media?parent=5247"}],"wp:term":[{"taxonomy":"product_cat","embeddable":true,"href":"https:\/\/www.qualitester.com\/lv\/wp-json\/wp\/v2\/product_cat?post=5247"},{"taxonomy":"product_tag","embeddable":true,"href":"https:\/\/www.qualitester.com\/lv\/wp-json\/wp\/v2\/product_tag?post=5247"}],"curies":[{"name":"wp","href":"https:\/\/api.w.org\/{rel}","templated":true}]}}