{"id":5242,"date":"2024-11-06T12:02:30","date_gmt":"2024-11-06T04:02:30","guid":{"rendered":"https:\/\/www.qualitester.com\/?post_type=product&#038;p=5242"},"modified":"2024-12-05T09:52:23","modified_gmt":"2024-12-05T01:52:23","slug":"sale-internal-bond-tester-iso-16260","status":"publish","type":"product","link":"https:\/\/www.qualitester.com\/lv\/products-2\/sale-internal-bond-tester-iso-16260\/","title":{"rendered":"BGT-01 iek\u0161\u0113j\u0101s saites testeris"},"content":{"rendered":"<h2><strong>Ievads Iek\u0161\u0113j\u0101s saites testeris<\/strong><\/h2>\n<p>Port\u0101ls <strong>BGT-01 iek\u0161\u0113j\u0101s saites testeris<\/strong> ir moderns instruments, kas paredz\u0113ts, lai m\u0113r\u012btu ener\u0123iju, kas nepiecie\u0161ama pap\u012bra vai kartona parauga straujai atsl\u0101\u0146o\u0161anai. <strong>Z virziens<\/strong>. \u0160is tests imit\u0113 strauju triecienu un trieciena slodzi, ko pap\u012bra un kartona izstr\u0101d\u0101jumi var izjust t\u0101dos procesos k\u0101 druk\u0101\u0161ana vai konversija. . <strong>Iek\u0161\u0113jo sai\u0161u testeris<\/strong> lai ierosin\u0101tu pl\u012bsumu, tiek izmantots sv\u0101rsts ar noteiktu masu un \u0101trumu, t\u0101p\u0113c tas ir ide\u0101ls instruments, lai nov\u0113rt\u0113tu materi\u0101la iztur\u012bbu pret iek\u0161\u0113jiem spriegumiem.<\/p>\n<p>BGT-01 ir ide\u0101li piem\u0113rots da\u017e\u0101du pap\u012bra un kartona materi\u0101lu, tostarp viensl\u0101\u0146u un daudzsl\u0101\u0146u pap\u012bra, p\u0101rkl\u0101tu lok\u0161\u0146u un ar sint\u0113tisk\u0101m polim\u0113ru pl\u0113v\u0113m lamin\u0113tu pl\u0101t\u0146u, test\u0113\u0161anai. Tas ir \u012bpa\u0161i piem\u0113rots materi\u0101liem, kas pak\u013cauti <strong>Z virziena straujie triecieni<\/strong>, piem\u0113ram, iepako\u0161anas, druk\u0101\u0161anas un citos r\u016bpnieciskos lietojumos, kur iztur\u012bba ir \u013coti svar\u012bga.<\/p>\n<h2><strong>Test\u0113\u0161anas metodes: ISO 16260 un standarti<\/strong><\/h2>\n<h3><strong><a href=\"https:\/\/www.iso.org\/standard\/56038.html\" target=\"_blank\" rel=\"noopener nofollow\">ISO 16260<\/a>: Starptautiskais standarts iek\u0161\u0113jo sai\u0161u test\u0113\u0161anai<\/strong><\/h3>\n<p><a href=\"https:\/\/www.qualitester.com\/lv\/produkta-kategorija\/iso\/iso-16260\/\" target=\"_blank\" rel=\"noopener\"><strong>ISO 16260<\/strong><\/a> nosaka testa metodi pap\u012bra un kartona materi\u0101lu iek\u0161\u0113j\u0101s stipr\u012bbas m\u0113r\u012b\u0161anai. \u0160is standarts nosaka proced\u016bru testu veik\u0161anai, kuros ar sv\u0101rsta trieciena pal\u012bdz\u012bbu paraugs tiek sadal\u012bts, nov\u0113rt\u0113jot materi\u0101la stipr\u012bbu \u0101tras, lokaliz\u0113tas spriedzes apst\u0101k\u013cos. Simul\u0113jot re\u0101los apst\u0101k\u013cus, kuros pap\u012brs un kartons tiek pak\u013cauts trieciena slodzei, <strong>ISO 16260<\/strong> pal\u012bdz nodro\u0161in\u0101t materi\u0101lu iztur\u012bbu un uzticam\u012bbu.<\/p>\n<ul>\n<li><strong>Test\u0113\u0161anas process<\/strong>: Iek\u0161\u0113j\u0101s saites stipr\u012bbu m\u0113ra, palai\u017eot sv\u0101rstu ar fiks\u0113tu masu, kas ar noteiktu \u0101trumu iedarbojas uz paraugu, izraisot plais\u0101\u0161anu paraug\u0101. <strong>Z virziens<\/strong>.<\/li>\n<li><strong>Atbilst\u012bba<\/strong>: \u0160is standarts ir \u013coti svar\u012bgs, lai nodro\u0161in\u0101tu, ka pap\u012bra un kartona materi\u0101li sp\u0113j iztur\u0113t triecienus, kas rodas ra\u017eo\u0161anas, iepako\u0161anas un transport\u0113\u0161anas laik\u0101. Atbilst\u012bba <strong>ISO 16260<\/strong> pap\u012bra, iepakojuma un saist\u012bto nozaru ra\u017eot\u0101jiem ir b\u016btiski, lai nodro\u0161in\u0101tu produktu veiktsp\u0113ju un kvalit\u0101ti.<\/li>\n<\/ul>\n<h3><strong>Papildu attiec\u012bgie standarti<\/strong><\/h3>\n<ul>\n<li><strong>TAPPI T569<\/strong>: Celulozes un pap\u012bra r\u016bpniec\u012bbas Tehnisk\u0101s asoci\u0101cijas izstr\u0101d\u0101tais standarts, kur\u0101 galven\u0101 uzman\u012bba piev\u0113rsta kartona materi\u0101lu atsl\u0101\u0146o\u0161anai, kad tie tiek pak\u013cauti kontrol\u0113tam sv\u0101rsta trieciena sp\u0113kam.<\/li>\n<li><strong>GB\/T 26203<\/strong>: \u0136\u012bnas standarts, kas nosaka pap\u012bra un kartona materi\u0101lu iek\u0161\u0113j\u0101s saites testu, saska\u0146ojot to ar starptautiskajiem test\u0113\u0161anas protokoliem.<\/li>\n<li><strong>QB\/T 5558<\/strong>: \u0136\u012bnas standarts, kas reglament\u0113 pap\u012bra un kartona materi\u0101lu iek\u0161\u0113j\u0101s sa\u0137eres iztur\u012bbas test\u0113\u0161anu, nodro\u0161inot, ka tie atbilst nepiecie\u0161amaj\u0101m iepakojuma veiktsp\u0113jas \u012bpa\u0161\u012bb\u0101m.<\/li>\n<\/ul>\n<h2><strong>BGT-01 iek\u0161\u0113j\u0101s saites testera funkcijas un priek\u0161roc\u012bbas<\/strong><\/h2>\n<ul>\n<li><strong>Autom\u0101tisk\u0101 sv\u0101rsta atbr\u012bvo\u0161ana<\/strong>: BGT-01 <strong>Iek\u0161\u0113jo sai\u0161u testeris<\/strong> ir apr\u012bkots ar autom\u0101tisku sv\u0101rsta atbr\u012bvo\u0161anas meh\u0101nismu, kas nodro\u0161ina vienm\u0113r\u012bgus un atk\u0101rtojamus testa rezult\u0101tus. \u0160\u012b funkcija uzlabo precizit\u0101ti un uzticam\u012bbu.<\/li>\n<li><strong>Augsta iz\u0161\u0137irtsp\u0113ja un precizit\u0101te<\/strong>: Instrumentam ir 0,001 lbf\/in\u00b2 datu ieguves iz\u0161\u0137irtsp\u0113ja, ko nodro\u0161ina augstas precizit\u0101tes 5000 impulsu kod\u0113t\u0101js. Tas \u013cauj veikt detaliz\u0113tus iek\u0161\u0113j\u0101s sa\u0137eres stipr\u012bbas m\u0113r\u012bjumus, nodro\u0161inot, ka var noteikt pat nelielas materi\u0101la veiktsp\u0113jas at\u0161\u0137ir\u012bbas.<\/li>\n<li><strong>Pa\u0161kalibr\u0113\u0161anas r\u012bks<\/strong>: BGT-01 <strong>Iek\u0161\u0113jo sai\u0161u testeris <\/strong>ir apr\u012bkots ar \u012bpa\u0161u 5 l\u012bme\u0146u kalibr\u0113\u0161anas instrumentu komplektu (papildu piederums), kas \u013cauj viegli veikt kalibr\u0113\u0161anu, lai laika gait\u0101 saglab\u0101tu optim\u0101lu veiktsp\u0113ju un precizit\u0101ti.<\/li>\n<li><strong>Elast\u012bga vien\u012bbu p\u0101rsl\u0113g\u0161ana<\/strong>: Port\u0101ls <strong>Iek\u0161\u0113jo sai\u0161u testeris <\/strong>nodro\u0161ina daudzpus\u012bbu, jo ir iesp\u0113jams p\u0101rsl\u0113gties starp m\u0113rvien\u012bb\u0101m, tostarp J\/M\u00b2 un lbf\/in\u00b2, t\u0101d\u0113j\u0101di piel\u0101gojoties da\u017e\u0101d\u0101m nozares pras\u012bb\u0101m.<\/li>\n<li><strong>Lietot\u0101jam draudz\u012bga saskarne<\/strong>: 5,0 collu kr\u0101su sk\u0101rienekr\u0101na interfeiss ir intuit\u012bvs, re\u0101llaika testa dati tiek r\u0101d\u012bti re\u0101l\u0101 laik\u0101 un \u013cauj viegli p\u0101rvietoties pa testa iestat\u012bjumiem, rezult\u0101tiem un darb\u012bbas re\u017e\u012bmiem.<\/li>\n<li><strong>Uzlabota datu apstr\u0101des programmat\u016bra<\/strong>: Ir pieejama papildu datora piesl\u0113guma programmat\u016bra, kas \u013cauj veikt padzi\u013cin\u0101tu datu apstr\u0101di, anal\u012bzi un p\u0101rskatu veido\u0161anu. T\u0101 nodro\u0161ina vienk\u0101r\u0161u veidu, k\u0101 p\u0101rvald\u012bt testu datus, dokument\u0113t rezult\u0101tus un veikt turpm\u0101ku anal\u012bzi kvalit\u0101tes nodro\u0161in\u0101\u0161anai vai p\u0113tniec\u012bbas un izstr\u0101des vajadz\u012bb\u0101m.<\/li>\n<li><strong>Modul\u0101rais termiskais printeris<\/strong>: BGT-01 ir integr\u0113ts termiskais printeris, kas \u013cauj lietot\u0101jiem nekav\u0113joties izdruk\u0101t testu rezult\u0101tus. \u0160\u012b modul\u0101r\u0101 funkcija atvieglo test\u0113\u0161anas rezult\u0101tu re\u0123istr\u0113\u0161anu un kop\u012bgo\u0161anu bez \u0101r\u0113jas ier\u012bces.<\/li>\n<\/ul>\n<h2><strong>Pieteikumi<\/strong><\/h2>\n<ul>\n<li><strong>Iepakojuma r\u016bpniec\u012bba<\/strong>: BGT-01 tiek pla\u0161i izmantots, lai test\u0113tu t\u0101dus materi\u0101lus k\u0101 k\u0101rbu pl\u0101tnes, pel\u0113k\u0101s pl\u0101tnes, zilo\u0146kaula pl\u0101tnes un ar sint\u0113tisko polim\u0113ru p\u0101rkl\u0101tu pap\u012bru. \u0160iem materi\u0101liem j\u0101b\u016bt ar augstu iek\u0161\u0113j\u0101s saites iztur\u012bbu, lai iztur\u0113tu meh\u0101nisk\u0101s slodzes, kas rodas iepako\u0161anas, uzglab\u0101\u0161anas un transport\u0113\u0161anas laik\u0101.<\/li>\n<li><strong>Pap\u012bra ra\u017eo\u0161ana<\/strong>: BGT-01 ir ide\u0101li piem\u0113rots pap\u012bra materi\u0101lu kvalit\u0101tes un iztur\u012bbas nov\u0113rt\u0113\u0161anai, un tas ir piem\u0113rots gan viensl\u0101\u0146u, gan daudzsl\u0101\u0146u pap\u012bram, k\u0101 ar\u012b loksn\u0113m ar p\u0101rkl\u0101jumu, ko parasti izmanto da\u017e\u0101dos pap\u012bra izstr\u0101d\u0101jumos un iepakojum\u0101.<\/li>\n<li><strong>Tekstilizstr\u0101d\u0101jumi un medic\u012bnas ier\u012b\u010du iepakojums<\/strong>: Iek\u0161\u0113j\u0101s l\u012bm\u0113\u0161anas testeris tiek izmantots nozar\u0113s, kur\u0101s pap\u012bra un kartona materi\u0101liem j\u0101pier\u0101da iztur\u012bba pret straujiem triecieniem, piem\u0113ram, medic\u012bnas ier\u012b\u010du iepakojuma materi\u0101liem vai tekstilizstr\u0101d\u0101jumiem.<\/li>\n<li><strong>Kvalit\u0101tes kontrole un nodro\u0161in\u0101\u0161ana<\/strong>: Kvalit\u0101tes nodro\u0161in\u0101\u0161anas laboratorijas pa\u013caujas uz BGT-01, lai konsekventi test\u0113tu un nov\u0113rt\u0113tu iek\u0161\u0113j\u0101s saites stipr\u012bbu, nodro\u0161inot, ka produkti atbilst nozares standartiem un klientu pras\u012bb\u0101m.<\/li>\n<\/ul>\n<h2><strong>Galvenie parametri<\/strong><\/h2>\n<table>\n<tbody>\n<tr>\n<td width=\"224\">Parauga lielums<\/td>\n<td width=\"227\">25,4 * 25,4 mm (piecas grupas)<\/td>\n<\/tr>\n<tr>\n<td width=\"224\">Parauga tur\u0113\u0161anas sp\u0113ks<\/td>\n<td width=\"227\">0 ~ 400 N (regul\u0113jams)<\/td>\n<\/tr>\n<tr>\n<td width=\"224\">Parauga spiediena diapazons<\/td>\n<td width=\"227\">0 ~ 65 kg\/cm\u00b2<\/td>\n<\/tr>\n<tr>\n<td width=\"224\">Trieciena le\u0146\u0137is<\/td>\n<td width=\"227\">90\u00b0<\/td>\n<\/tr>\n<tr>\n<td width=\"224\">Rezol\u016bcija<\/td>\n<td width=\"227\">0,001lbf\/in\u00b2<\/td>\n<\/tr>\n<tr>\n<td colspan=\"1\" rowspan=\"3\" width=\"224\">M\u0113r\u012b\u0161anas diapazons<\/td>\n<td width=\"227\">A: 0-500J\/M\u00b2<\/td>\n<\/tr>\n<tr>\n<td width=\"227\">B: 500 ~ 1000 J\/M\u00b2<\/td>\n<\/tr>\n<tr>\n<td width=\"227\">C: 1000 ~ 1500 J\/M2<\/td>\n<\/tr>\n<tr>\n<td width=\"224\">Nor\u0101des k\u013c\u016bda<\/td>\n<td width=\"227\">A: \u00b11J\/M\u00b2 B: \u00b12J\/M\u00b2 C: \u00b15J\/M\u00b2<\/td>\n<\/tr>\n<tr>\n<td width=\"224\">Vien\u012bba<\/td>\n<td width=\"227\">lb-ft\/in\u00b2, J\/M\u00b2<\/td>\n<\/tr>\n<tr>\n<td width=\"224\">Izm\u0113ri<\/td>\n<td width=\"227\">450m\u00d7380cm\u00d7600mm<\/td>\n<\/tr>\n<tr>\n<td width=\"224\">Power<\/td>\n<td width=\"227\">mai\u0146str\u0101va 220 V 50 Hz<\/td>\n<\/tr>\n<tr>\n<td width=\"224\"><\/td>\n<td width=\"227\"><\/td>\n<\/tr>\n<tr>\n<td colspan=\"2\" rowspan=\"1\" width=\"451\"><strong>Fr\u0113zes parauga specifik\u0101cija<\/strong><\/td>\n<\/tr>\n<tr>\n<td width=\"224\">Paraugu \u0146em\u0161anas lielums<\/td>\n<td width=\"227\">25,4 mm * 140 mm<\/td>\n<\/tr>\n<tr>\n<td width=\"224\">Divu garu malu paral\u0113lisms<\/td>\n<td width=\"227\">\u22640,015 mm<\/td>\n<\/tr>\n<tr>\n<td width=\"224\">Paraugu \u0146em\u0161anas biezums<\/td>\n<td width=\"227\">(0,05 ~ 1,2) mm<\/td>\n<\/tr>\n<tr>\n<td width=\"224\">Izm\u0113ri<\/td>\n<td width=\"227\">Aptuveni 580*150*620 mm<\/td>\n<\/tr>\n<tr>\n<td width=\"224\">Svars<\/td>\n<td width=\"227\">Aptuveni 15 kg<\/td>\n<\/tr>\n<\/tbody>\n<\/table>\n<h2><strong>BGT-01 iek\u0161\u0113j\u0101s saites testera BGT-01 lieto\u0161anas priek\u0161roc\u012bbas<\/strong><\/h2>\n<ul>\n<li><strong>Precizit\u0101te un uzticam\u012bba<\/strong>: BGT-01 ar savu augsto precizit\u0101ti un uzlabotaj\u0101m funkcij\u0101m nodro\u0161ina prec\u012bzus un reproduc\u0113jamus rezult\u0101tus, \u013caujot ra\u017eot\u0101jiem izpild\u012bt stingros nozares standartus.<\/li>\n<li><strong>Atbilst\u012bba ISO 16260<\/strong>: BGT-01 piln\u012bb\u0101 atbilst <strong>ISO 16260<\/strong>, padarot to par b\u016btisku r\u012bku tiem, kam j\u0101atbilst starptautiskajiem test\u0113\u0161anas standartiem.<\/li>\n<li><strong>Univers\u0101ls un viegli lietojams<\/strong>: Neatkar\u012bgi no t\u0101, vai tas paredz\u0113ts p\u0113tniec\u012bbai un izstr\u0101dei, kvalit\u0101tes kontrolei vai ra\u017eo\u0161anas test\u0113\u0161anai, BGT-01 pied\u0101v\u0101 daudzpus\u012bgu un lietot\u0101jam draudz\u012bgu lieto\u0161anu, jo ar to var apstr\u0101d\u0101t da\u017e\u0101dus pap\u012bra un kartona materi\u0101lus.<\/li>\n<li><strong>Uzlabota produktu kvalit\u0101te<\/strong>: BGT-01 pal\u012bdz uzlabot pap\u012bra, kartona un iepakojuma izstr\u0101d\u0101jumu kvalit\u0101ti un iztur\u012bbu, nodro\u0161inot materi\u0101lu atbilst\u012bbu iek\u0161\u0113j\u0101s sa\u0137eres stipr\u012bbas pras\u012bb\u0101m.<\/li>\n<\/ul>\n<h2><strong>K\u0101p\u0113c izv\u0113l\u0113ties BGT-01 iek\u0161\u0113j\u0101s saites testeri?<\/strong><\/h2>\n<ul>\n<li><strong>Pap\u012bra un iepakojuma ra\u017eot\u0101jiem<\/strong>: BGT-01 nodro\u0161ina materi\u0101lu iek\u0161\u0113jo iztur\u012bbu, kas nepiecie\u0161ama, lai iztur\u0113tu strauju triecienu p\u0101rvieto\u0161anas, apstr\u0101des un transport\u0113\u0161anas laik\u0101. Tas ir \u013coti svar\u012bgi, iepakojot produktus, kuriem ir j\u0101darbojas stresa apst\u0101k\u013cos.<\/li>\n<li><strong>P\u0113tniec\u012bbai un att\u012bst\u012bbai<\/strong>: P\u0113tniec\u012bbas un izstr\u0101des komand\u0101m, kas nodarbojas ar pap\u012bra ra\u017eo\u0161anu vai materi\u0101lu zin\u0101tni, BGT-01 ir \u013coti svar\u012bgs, lai prec\u012bzi izm\u0113r\u012btu jaunu pap\u012bra un kartona formul\u0113jumu iek\u0161\u0113j\u0101s saites stipr\u012bbu.<\/li>\n<li><strong>Kvalit\u0101tes kontrolei un nodro\u0161in\u0101\u0161anai<\/strong>: BGT-01 ir vienk\u0101r\u0161a lieto\u0161ana, automatiz\u0113tas funkcijas un augsta precizit\u0101te, t\u0101p\u0113c BGT-01 ir ide\u0101la izv\u0113le kvalit\u0101tes kontroles laboratorij\u0101m, lai nodro\u0161in\u0101tu produktu kvalit\u0101tes konsekvenci un atbilst\u012bbu normat\u012bvajiem aktiem.<\/li>\n<\/ul>\n<h2><strong>Bie\u017e\u0101k uzdoto jaut\u0101jumu sada\u013ca<\/strong><\/h2>\n<ol>\n<li><strong>K\u0101ds ir iek\u0161\u0113j\u0101s saites testera m\u0113r\u0137is?<\/strong>\n<ul>\n<li>Iek\u0161\u0113j\u0101s saites testeris m\u0113ra ener\u0123iju, kas nepiecie\u0161ama pap\u012bra vai kartona paraugu atsl\u0101\u0146o\u0161anai Z virzien\u0101. Tas imit\u0113 trieciena slodzes un triecienus, lai nov\u0113rt\u0113tu materi\u0101la iztur\u012bbu.<\/li>\n<\/ul>\n<\/li>\n<li><strong>Ar ko BGT-01 at\u0161\u0137iras no citiem iek\u0161\u0113j\u0101s saites test\u0113t\u0101jiem?<\/strong>\n<ul>\n<li>BGT-01 pied\u0101v\u0101 autom\u0101tisku sv\u0101rsta atbr\u012bvo\u0161anu, augstu iz\u0161\u0137irtsp\u0113ju (0,001 lbf\/in\u00b2), pa\u0161kalibr\u0113\u0161anu un kr\u0101su sk\u0101rienekr\u0101na saskarni. \u0160\u012bs funkcijas nodro\u0161ina precizit\u0101ti, uzticam\u012bbu un \u0113rtu lieto\u0161anu.<\/li>\n<\/ul>\n<\/li>\n<li><strong>Vai BGT-01 atbilst starptautiskajiem standartiem?<\/strong>\n<ul>\n<li>J\u0101, BGT-01 atbilst <strong>ISO 16260<\/strong>, TAPPI T569 un citiem nozares standartiem, nodro\u0161inot, ka tas atbilst kvalit\u0101tes un veiktsp\u0113jas krit\u0113rijiem, kas nepiecie\u0161ami da\u017e\u0101d\u0101s nozar\u0113s.<\/li>\n<\/ul>\n<\/li>\n<li><strong>Vai BGT-01 var izmantot p\u0101rkl\u0101tu vai lamin\u0113tu materi\u0101lu test\u0113\u0161anai?<\/strong>\n<ul>\n<li>J\u0101, BGT-01 ir piem\u0113rots visda\u017e\u0101d\u0101ko pap\u012bra un kartona materi\u0101lu, tostarp p\u0101rkl\u0101tu un lamin\u0113tu izstr\u0101d\u0101jumu, piem\u0113ram, sint\u0113tisko polim\u0113ru pl\u0113vju, test\u0113\u0161anai.<\/li>\n<\/ul>\n<\/li>\n<li><strong>Vai BGT-01 ir datu anal\u012bzes programmat\u016bra?<\/strong>\n<ul>\n<li>J\u0101, BGT-01 var piesl\u0113gt papildu datora programmat\u016brai, kas \u013cauj veikt detaliz\u0113tu datu apstr\u0101di, anal\u012bzi un p\u0101rskatu veido\u0161anu, kas ir ide\u0101li piem\u0113rots kvalit\u0101tes kontrolei vai p\u0113tniec\u012bbai.<\/li>\n<\/ul>\n<\/li>\n<\/ol>","protected":false},"excerpt":{"rendered":"<p>Port\u0101ls <strong>BGT-01 iek\u0161\u0113j\u0101s saites testeris<\/strong> ir moderns instruments, kas paredz\u0113ts, lai m\u0113r\u012btu ener\u0123iju, kas nepiecie\u0161ama pap\u012bra vai kartona parauga straujai atsl\u0101\u0146o\u0161anai. <strong>Z virziens<\/strong>. \u0160is tests imit\u0113 strauju triecienu un trieciena slodzi, ko pap\u012bra un kartona izstr\u0101d\u0101jumi var izjust t\u0101dos procesos k\u0101 druk\u0101\u0161ana vai konversija. . <strong>Iek\u0161\u0113jo sai\u0161u testeris<\/strong> lai ierosin\u0101tu pl\u012bsumu, tiek izmantots sv\u0101rsts ar noteiktu masu un \u0101trumu, t\u0101p\u0113c tas ir ide\u0101ls instruments, lai nov\u0113rt\u0113tu materi\u0101la iztur\u012bbu pret iek\u0161\u0113jiem spriegumiem.<\/p>","protected":false},"featured_media":6170,"comment_status":"closed","ping_status":"closed","template":"","meta":{"site-sidebar-layout":"default","site-content-layout":"default","ast-global-header-display":"","ast-main-header-display":"","ast-hfb-above-header-display":"","ast-hfb-below-header-display":"","ast-hfb-mobile-header-display":"","site-post-title":"","ast-breadcrumbs-content":"","ast-featured-img":"","footer-sml-layout":"","theme-transparent-header-meta":"default","adv-header-id-meta":"","stick-header-meta":"","header-above-stick-meta":"","header-main-stick-meta":"","header-below-stick-meta":""},"product_cat":[845,1076,1140,44,95],"product_tag":[],"class_list":{"0":"post-5242","1":"product","2":"type-product","3":"status-publish","4":"has-post-thumbnail","6":"product_cat-customization","7":"product_cat-iso-16260","8":"product_cat-tappi-t569","9":"product_cat-paper-and-board-testers","10":"product_cat-products","11":"desktop-align-left","12":"tablet-align-left","13":"mobile-align-left","15":"first","16":"instock","17":"shipping-taxable","18":"product-type-simple"},"_links":{"self":[{"href":"https:\/\/www.qualitester.com\/lv\/wp-json\/wp\/v2\/product\/5242","targetHints":{"allow":["GET"]}}],"collection":[{"href":"https:\/\/www.qualitester.com\/lv\/wp-json\/wp\/v2\/product"}],"about":[{"href":"https:\/\/www.qualitester.com\/lv\/wp-json\/wp\/v2\/types\/product"}],"replies":[{"embeddable":true,"href":"https:\/\/www.qualitester.com\/lv\/wp-json\/wp\/v2\/comments?post=5242"}],"version-history":[{"count":0,"href":"https:\/\/www.qualitester.com\/lv\/wp-json\/wp\/v2\/product\/5242\/revisions"}],"wp:featuredmedia":[{"embeddable":true,"href":"https:\/\/www.qualitester.com\/lv\/wp-json\/wp\/v2\/media\/6170"}],"wp:attachment":[{"href":"https:\/\/www.qualitester.com\/lv\/wp-json\/wp\/v2\/media?parent=5242"}],"wp:term":[{"taxonomy":"product_cat","embeddable":true,"href":"https:\/\/www.qualitester.com\/lv\/wp-json\/wp\/v2\/product_cat?post=5242"},{"taxonomy":"product_tag","embeddable":true,"href":"https:\/\/www.qualitester.com\/lv\/wp-json\/wp\/v2\/product_tag?post=5242"}],"curies":[{"name":"wp","href":"https:\/\/api.w.org\/{rel}","templated":true}]}}