{"id":5213,"date":"2024-11-05T11:49:02","date_gmt":"2024-11-05T03:49:02","guid":{"rendered":"https:\/\/www.qualitester.com\/?post_type=product&#038;p=5213"},"modified":"2024-12-05T14:44:15","modified_gmt":"2024-12-05T06:44:15","slug":"sale-floor-wiper-friction-testing-instrument","status":"publish","type":"product","link":"https:\/\/www.qualitester.com\/lv\/products-2\/sale-floor-wiper-friction-testing-instrument\/","title":{"rendered":"MopFric-01 gr\u012bdas t\u012br\u012bt\u0101ju berzes test\u0113\u0161anas instruments"},"content":{"rendered":"<h2>Ievads gr\u012bdas t\u012br\u012bt\u0101ju berzes test\u0113\u0161anas instrument\u0101<\/h2>\n<p>Port\u0101ls <strong>Gr\u012bdas t\u012br\u012bt\u0101ju berzes test\u0113\u0161anas instruments<\/strong> ir uzlabots r\u012bks, kas paredz\u0113ts prec\u012bzai gr\u012bdas t\u012br\u012bt\u0101ju berzes \u012bpa\u0161\u012bbu m\u0113r\u012b\u0161anai re\u0101los apst\u0101k\u013cos. Berze ir kritiski svar\u012bgs faktors t\u012br\u012bt\u0101ju veiktsp\u0113jai, kas ietekm\u0113 t\u012br\u012b\u0161anas efektivit\u0101ti, lieto\u0161anas \u0113rtumu un visp\u0101r\u0113jo lietot\u0101ja pieredzi. L\u012bdzsvarots berzes l\u012bmenis nodro\u0161ina, ka t\u012br\u012bt\u0101ji sl\u012bd gludi, vienlaikus saglab\u0101jot optim\u0101lu kontaktu ar virsmu, uzlabojot t\u012br\u012b\u0161anas efektivit\u0101ti un samazinot lietot\u0101ja nogurumu.<\/p>\n<p>\u0160is test\u0113\u0161anas instruments sniedz ra\u017eot\u0101jiem b\u016btiskus datus par t\u012br\u012bt\u0101ju berzes veiktsp\u0113ju, \u013caujot tiem uzlabot materi\u0101lus, uzlabot dizainu un pieg\u0101d\u0101t produktus, kas atbilst visaugst\u0101kajiem kvalit\u0101tes standartiem.<\/p>\n<h2>COF test\u0113\u0161anas noz\u012bme gr\u012bdas t\u012br\u012bt\u0101ju veiktsp\u0113jas noteik\u0161an\u0101<\/h2>\n<p><strong>Berzes koeficienta (COF) test\u0113\u0161ana<\/strong> ir b\u016btisks parametrs, lai nov\u0113rt\u0113tu gr\u012bdas t\u012br\u012bt\u0101ju veiktsp\u0113ju. M\u0113rot COF, ra\u017eot\u0101ji g\u016bst ieskatu par da\u017e\u0101du t\u012br\u012bt\u0101ju ra\u017eo\u0161an\u0101 izmantoto materi\u0101lu statiskaj\u0101m un kin\u0113tiskaj\u0101m berzes \u012bpa\u0161\u012bb\u0101m. \u0160ie dati pal\u012bdz optimiz\u0113t berzes l\u012bmeni, lai nodro\u0161in\u0101tu, ka t\u012br\u012bt\u0101ji sasniedz v\u0113lamo t\u012br\u012b\u0161anas efektivit\u0101ti, iztur\u012bbu un komfortu da\u017e\u0101dos lietojumos.<\/p>\n<h2>ISO 8295 un ASTM D1894 standarti<\/h2>\n<p>M\u016bsu gr\u012bdas t\u012br\u012bt\u0101ju berzes test\u0113\u0161anas instruments atbilst galvenajiem COF test\u0113\u0161anas nozares standartiem, tostarp. <strong>ISO 8295<\/strong> un <strong>ASTM D1894<\/strong>, nodro\u0161inot uzticamus un atk\u0101rtojamus testu rezult\u0101tus.<\/p>\n<ul>\n<li><strong>ISO 8295<\/strong>: \u0160is starptautiskais standarts nosaka metodi, ar ko nosaka statisko un kin\u0113tisko COF plastmasas pl\u0113v\u0113m un pl\u0113v\u0113m, kas ir b\u016btiska, lai nov\u0113rt\u0113tu berzes \u012bpa\u0161\u012bbas no sint\u0113tiskiem materi\u0101liem izgatavotos t\u012br\u012bt\u0101jos. Test\u0113\u0161ana saska\u0146\u0101 ar ISO 8295 standartu pied\u0101v\u0101 konsekventu, standartiz\u0113tu pieeju, lai izm\u0113r\u012btu berzi, kas rodas t\u012br\u012bt\u0101ju lieto\u0161anas laik\u0101.<\/li>\n<li><strong>ASTM D1894<\/strong>: \u0160aj\u0101 pla\u0161i atz\u012btaj\u0101 standart\u0101 s\u012bki izkl\u0101st\u012bta plastmasas pl\u0113vju un lok\u0161\u0146u statisk\u0101s un kin\u0113tisk\u0101s COF test\u0113\u0161anas metode, kas piem\u0113rojama t\u012br\u012bt\u0101jiem ar plastmasas vai p\u0101rkl\u0101tu virsmu. Iev\u0113rojot ASTM D1894 standartu, m\u016bsu test\u0113\u0161anas instruments nodro\u0161ina da\u017e\u0101du materi\u0101lu sal\u012bdzin\u0101m\u012bbu un konsekvenci, \u013caujot ra\u017eot\u0101jiem nov\u0113rt\u0113t un sal\u012bdzin\u0101t savus produktus ar nozares standartiem.<\/li>\n<\/ul>\n<h2>Gr\u012bdas t\u012br\u012bt\u0101ja berzes test\u0113\u0161anas instrumenta test\u0113\u0161anas princips un darb\u012bba<\/h2>\n<p>Port\u0101ls <strong>Gr\u012bdas t\u012br\u012bt\u0101ju berzes test\u0113\u0161anas instruments<\/strong> izmanto kontrol\u0113tu meh\u0101nismu, lai simul\u0113tu re\u0101lu t\u012br\u012bt\u0101ju lieto\u0161anu, izmantojot atgriezenisko (turp un atpaka\u013c) kust\u012bbu da\u017e\u0101dos slodzes apst\u0101k\u013cos. Tas m\u0113ra t\u012br\u012bt\u0101ju divvirzienu berzes sp\u0113ku vien\u0101 testa cikl\u0101, sniedzot visaptvero\u0161us datus par berzi gan kust\u012bb\u0101 uz priek\u0161u, gan atpaka\u013c. \u0160is instruments, kas apr\u012bkots ar augstas precizit\u0101tes slodzes elementu, re\u0101llaik\u0101 fiks\u0113 un att\u0113lo berzes sp\u0113ka v\u0113rt\u012bbas, nodro\u0161inot prec\u012bzus un uzticamus datus, kas ir b\u016btiski kvalit\u0101tes kontrolei un produktu izstr\u0101dei.<\/p>\n<ul>\n<li><strong>Parauga iestat\u012b\u0161ana<\/strong>: Instruments ir konstru\u0113ts t\u0101, lai taj\u0101 var\u0113tu ievietot da\u017e\u0101da lieluma paraugus, un tas \u013cauj regul\u0113t fiks\u0101cijas le\u0146\u0137i (no 45\u00b0 l\u012bdz 60\u00b0), lai atdarin\u0101tu re\u0101los lieto\u0161anas apst\u0101k\u013cus.<\/li>\n<li><strong>Daudzpus\u012bgi test\u0113\u0161anas apst\u0101k\u013ci<\/strong>: Ar regul\u0113jamu \u0101truma diapazonu no 1 l\u012bdz 60 000 mm\/min instruments var simul\u0113t da\u017e\u0101dus t\u012br\u012b\u0161anas apst\u0101k\u013cus un materi\u0101lu veidus, nodro\u0161inot elast\u012bbu, lai test\u0113tu pla\u0161u gr\u012bdas t\u012br\u012bt\u0101ju dizainu kl\u0101stu.<\/li>\n<\/ul>\n<h2>Galven\u0101s tehnisk\u0101s \u012bpa\u0161\u012bbas un priek\u0161roc\u012bbas<\/h2>\n<ol>\n<li><strong>Lietot\u0101jam draudz\u012bga vad\u012bbas saskarne<\/strong>: 7 collu sk\u0101rienekr\u0101na saskarne nodro\u0161ina intuit\u012bvu vad\u012bbu un vieglu uzraudz\u012bbu, racionaliz\u0113jot test\u0113\u0161anas procesu visu l\u012bme\u0146u lietot\u0101jiem.<\/li>\n<li><strong>Uzlabota PLC r\u016bpniecisk\u0101s vad\u012bbas sist\u0113ma<\/strong>: Nodro\u0161ina stabilit\u0101ti un konsekvenci vis\u0101 test\u0113\u0161anas proces\u0101, uzlabojot rezult\u0101tu precizit\u0101ti un uzticam\u012bbu.<\/li>\n<li><strong>Augstas precizit\u0101tes slodzes \u0161\u016bna<\/strong>: M\u0113ra berzes sp\u0113ku ar 0,5% FS precizit\u0101ti, nodro\u0161inot, ka testa rezult\u0101ti prec\u012bzi atspogu\u013co ra\u017eojuma veiktsp\u0113ju.<\/li>\n<li><strong>Piel\u0101gojami test\u0113\u0161anas parametri<\/strong>: Regul\u0113jami iestat\u012bjumi \u013cauj ra\u017eot\u0101jiem test\u0113t da\u017e\u0101dus parametrus, piem\u0113ram, \u0101trumu, slodzi un iesp\u012bl\u0113\u0161anas le\u0146\u0137i, lai apmierin\u0101tu konkr\u0113tas test\u0113\u0161anas vajadz\u012bbas.<\/li>\n<li><strong>Re\u0101llaika datu att\u0113lo\u0161ana<\/strong>: Par\u0101da berzes sp\u0113ka m\u0113r\u012bjumus, kad tie notiek, sniedzot lietot\u0101jiem t\u016bl\u012bt\u0113ju ieskatu par izstr\u0101d\u0101jumu berzes veiktsp\u0113ju.<\/li>\n<li><strong>P\u0101rnesam\u012bba elast\u012bg\u0101m test\u0113\u0161anas viet\u0101m<\/strong>: Instruments ir apr\u012bkots ar riten\u012b\u0161iem, kas atvieglo t\u0101 p\u0101rvieto\u0161anu un testu veik\u0161anu da\u017e\u0101dos apst\u0101k\u013cos.<\/li>\n<\/ol>\n<h2>Tehnisk\u0101s specifik\u0101cijas<\/h2>\n<table>\n<tbody>\n<tr>\n<td width=\"194\">M\u0113r\u012b\u0161anas diapazons<\/td>\n<td width=\"286\">200N (pieejami ar\u012b citi)<\/td>\n<\/tr>\n<tr>\n<td width=\"194\">Test\u0113\u0161anas precizit\u0101te<\/td>\n<td width=\"286\">0.5%FS<\/td>\n<\/tr>\n<tr>\n<td width=\"194\">Regul\u0113jams \u0101trums<\/td>\n<td width=\"286\">1 ~ 6000 mm\/min<\/td>\n<\/tr>\n<tr>\n<td width=\"194\">Precision<\/td>\n<td width=\"286\">1 mm\/min<\/td>\n<\/tr>\n<tr>\n<td width=\"194\">Iel\u0101d\u0113t<\/td>\n<td width=\"286\">Maksim\u0101l\u0101 slodze 10 kg<\/td>\n<\/tr>\n<tr>\n<td width=\"194\">Augstums<\/td>\n<td width=\"286\">Piem\u0113rots 1000 ~ 1500 mm paraugiem<\/td>\n<\/tr>\n<tr>\n<td width=\"194\">Parauga iesp\u012bl\u0113\u0161anas le\u0146\u0137is<\/td>\n<td width=\"286\">\u00a045\u00b0~60\u00b0<\/td>\n<\/tr>\n<tr>\n<td width=\"194\">B\u0101zes kust\u012bbas g\u0101jiens<\/td>\n<td width=\"286\">1000 mm<\/td>\n<\/tr>\n<tr>\n<td width=\"194\">Testa re\u017e\u012bms<\/td>\n<td width=\"286\">Reciproc\u0113jo\u0161\u0101s berzes test\u0113\u0161ana<\/td>\n<\/tr>\n<tr>\n<td width=\"194\">Testa rezult\u0101ts<\/td>\n<td width=\"286\">Divvirzienu berzes sp\u0113ks<\/td>\n<\/tr>\n<tr>\n<td width=\"194\">Power<\/td>\n<td width=\"286\">110~220V<\/td>\n<\/tr>\n<\/tbody>\n<\/table>\n<h2>Gr\u012bdas t\u012br\u012bt\u0101ja berzes test\u0113\u0161anas instrumenta pielietojums<\/h2>\n<p>Port\u0101ls <strong>Gr\u012bdas t\u012br\u012bt\u0101ju berzes test\u0113\u0161anas instruments<\/strong> ir ide\u0101li piem\u0113rots t\u012br\u012b\u0161anas l\u012bdzek\u013cu, iepakojuma, sadz\u012bves pre\u010du un ikdienas \u0137\u012bmijas produktu ra\u017eot\u0101jiem, k\u0101 ar\u012b kvalit\u0101tes kontroles a\u0123ent\u016br\u0101m. T\u0101 daudzpus\u012bba \u013cauj nov\u0113rt\u0113t t\u012br\u012b\u0161anas l\u012bdzek\u013cu veiktsp\u0113ju da\u017e\u0101dos lietojumos, nodro\u0161inot, ka katrs produkts sniedz uzticamus un efekt\u012bvus rezult\u0101tus da\u017e\u0101d\u0101s t\u012br\u012b\u0161anas vid\u0113s.<\/p>\n<p>Gr\u012bdas t\u012br\u012bt\u0101ju berzes test\u0113\u0161anas instruments ir nenov\u0113rt\u0113jams r\u012bks ra\u017eot\u0101jiem, kas cen\u0161as optimiz\u0113t izstr\u0101d\u0101jumu kvalit\u0101ti un veiktsp\u0113ju, jo nodro\u0161ina prec\u012bzus un konsekventus berzes datus. Standartiz\u0113ta COF test\u0113\u0161ana saska\u0146\u0101 ar ISO 8295 un ASTM D1894 standartiem pal\u012bdz nodro\u0161in\u0101t, ka gr\u012bdas t\u012br\u012bt\u0101ji atbilst nozares standartiem un p\u0101rsniedz klientu v\u0113lmes, t\u0101d\u0113j\u0101di uzlabojot gan funkcionalit\u0101ti, gan lietot\u0101ju apmierin\u0101t\u012bbu.<\/p>","protected":false},"excerpt":{"rendered":"<p>Port\u0101ls <strong>Gr\u012bdas t\u012br\u012bt\u0101ju berzes test\u0113\u0161anas instruments<\/strong> ir uzlabots r\u012bks, kas paredz\u0113ts prec\u012bzai gr\u012bdas t\u012br\u012bt\u0101ju berzes \u012bpa\u0161\u012bbu m\u0113r\u012b\u0161anai re\u0101los apst\u0101k\u013cos. Berze ir kritiski svar\u012bgs faktors t\u012br\u012bt\u0101ju veiktsp\u0113jai, kas ietekm\u0113 t\u012br\u012b\u0161anas efektivit\u0101ti, lieto\u0161anas \u0113rtumu un visp\u0101r\u0113jo lietot\u0101ja pieredzi. L\u012bdzsvarots berzes l\u012bmenis nodro\u0161ina, ka t\u012br\u012bt\u0101ji sl\u012bd gludi, vienlaikus saglab\u0101jot optim\u0101lu kontaktu ar virsmu, uzlabojot t\u012br\u012b\u0161anas efektivit\u0101ti un samazinot lietot\u0101ja nogurumu.<\/p>","protected":false},"featured_media":6271,"comment_status":"closed","ping_status":"closed","template":"","meta":{"site-sidebar-layout":"default","site-content-layout":"default","ast-global-header-display":"","ast-main-header-display":"","ast-hfb-above-header-display":"","ast-hfb-below-header-display":"","ast-hfb-mobile-header-display":"","site-post-title":"","ast-breadcrumbs-content":"","ast-featured-img":"","footer-sml-layout":"","theme-transparent-header-meta":"default","adv-header-id-meta":"","stick-header-meta":"","header-above-stick-meta":"","header-main-stick-meta":"","header-below-stick-meta":""},"product_cat":[845,938,683,95],"product_tag":[],"class_list":{"0":"post-5213","1":"product","2":"type-product","3":"status-publish","4":"has-post-thumbnail","6":"product_cat-customization","7":"product_cat-textile-tester","8":"product_cat-coefficient-of-friction-tester","9":"product_cat-products","10":"desktop-align-left","11":"tablet-align-left","12":"mobile-align-left","14":"first","15":"instock","16":"shipping-taxable","17":"product-type-simple"},"_links":{"self":[{"href":"https:\/\/www.qualitester.com\/lv\/wp-json\/wp\/v2\/product\/5213","targetHints":{"allow":["GET"]}}],"collection":[{"href":"https:\/\/www.qualitester.com\/lv\/wp-json\/wp\/v2\/product"}],"about":[{"href":"https:\/\/www.qualitester.com\/lv\/wp-json\/wp\/v2\/types\/product"}],"replies":[{"embeddable":true,"href":"https:\/\/www.qualitester.com\/lv\/wp-json\/wp\/v2\/comments?post=5213"}],"version-history":[{"count":0,"href":"https:\/\/www.qualitester.com\/lv\/wp-json\/wp\/v2\/product\/5213\/revisions"}],"wp:featuredmedia":[{"embeddable":true,"href":"https:\/\/www.qualitester.com\/lv\/wp-json\/wp\/v2\/media\/6271"}],"wp:attachment":[{"href":"https:\/\/www.qualitester.com\/lv\/wp-json\/wp\/v2\/media?parent=5213"}],"wp:term":[{"taxonomy":"product_cat","embeddable":true,"href":"https:\/\/www.qualitester.com\/lv\/wp-json\/wp\/v2\/product_cat?post=5213"},{"taxonomy":"product_tag","embeddable":true,"href":"https:\/\/www.qualitester.com\/lv\/wp-json\/wp\/v2\/product_tag?post=5213"}],"curies":[{"name":"wp","href":"https:\/\/api.w.org\/{rel}","templated":true}]}}