{"id":5175,"date":"2024-11-01T14:02:28","date_gmt":"2024-11-01T06:02:28","guid":{"rendered":"https:\/\/www.qualitester.com\/?post_type=product&#038;p=5175"},"modified":"2024-12-05T14:48:45","modified_gmt":"2024-12-05T06:48:45","slug":"sale-smart-pen-coefficient-of-friction-tester","status":"publish","type":"product","link":"https:\/\/www.qualitester.com\/lv\/products-2\/sale-smart-pen-coefficient-of-friction-tester\/","title":{"rendered":"TSTP-01 pildspalvas sl\u012bd\u0113\u0161anas un COF testeris"},"content":{"rendered":"<h2><strong>Ievads par Smart Pen berzes koeficienta testeri<\/strong><\/h2>\n<p>Smart Pen berzes koeficienta testeris ir specializ\u0113ts instruments, kas izstr\u0101d\u0101ts, lai nov\u0113rt\u0113tu un optimiz\u0113tu pildspalvu veiktsp\u0113ju, veicot prec\u012bzu berzes un iztur\u012bbas test\u0113\u0161anu. \u0160is m\u016bsdien\u012bgais testeris ir \u013coti svar\u012bgs ra\u017eot\u0101jiem un p\u0113tniec\u012bbas un izstr\u0101des laboratorij\u0101m, kuru m\u0113r\u0137is ir uzlabot lietot\u0101ja pieredzi, precizit\u0101ti un ilgm\u016b\u017e\u012bbu pildspalvu izstr\u0101d\u0101jumos. Sniedzot detaliz\u0113tu ieskatu berzes \u012bpa\u0161\u012bb\u0101s un nodilumiztur\u012bb\u0101, Smart Pen Coefficient of Friction Tester \u013cauj pilnveidot produktus, nodro\u0161inot, ka spalvas pildspalvas atbilst visaugst\u0101kajiem kvalit\u0101tes un iztur\u012bbas standartiem.<\/p>\n<h2><strong>Vied\u0101 pildspalvas berzes koeficienta testera galven\u0101s funkcijas<\/strong><\/h2>\n<ul>\n<li>\n<h3><strong>Divi test\u0113\u0161anas re\u017e\u012bmi visaptvero\u0161ai anal\u012bzei<\/strong><\/h3>\n<ul>\n<li><strong>B\u012bd\u0101m\u0101s p\u0101rbaudes re\u017e\u012bms<\/strong>: Simul\u0113 atk\u0101rtotas line\u0101ras kust\u012bbas turp un atpaka\u013c, lai izm\u0113r\u012btu pildspalvu nodilumiztur\u012bbu, \u013caujot padzi\u013cin\u0101ti analiz\u0113t to iztur\u012bbu ilgsto\u0161as lieto\u0161anas laik\u0101. \u0160is re\u017e\u012bms ir \u013coti svar\u012bgs, lai nov\u0113rt\u0113tu pildspalvas kalpo\u0161anas ilgumu un iztur\u012bbu parastos apst\u0101k\u013cos.<\/li>\n<li><strong>Berzes koeficienta (COF) re\u017e\u012bms<\/strong>: Prec\u012bzi m\u0113ra pildspalvas uzga\u013ca berzes raksturlielumus, kad tas mijiedarbojas ar da\u017e\u0101d\u0101m ekr\u0101na virsm\u0101m. \u0160is nov\u0113rt\u0113jums ir b\u016btisks, lai nodro\u0161in\u0101tu, ka rakst\u0101mr\u012bks nodro\u0161ina pareizo berzes un precizit\u0101tes l\u012bdzsvaru, \u013caujot veikt vienm\u0113r\u012bgus, kontrol\u0113tus triecienus bez p\u0101rm\u0113r\u012bgas sl\u012bd\u0113\u0161anas vai pretest\u012bbas.<\/li>\n<\/ul>\n<\/li>\n<li>\n<h3><strong>Lietot\u0101jam draudz\u012bga un prec\u012bza darb\u012bba<\/strong><\/h3>\n<ul>\n<li>Testeris ir apr\u012bkots ar PLC (Programmable Logic Controller - programm\u0113jams lo\u0123iskais kontrolieris) vad\u012bbu un intuit\u012bvu HMI (Human Machine Interface - cilv\u0113ka un ma\u0161\u012bnas saskarne) ekr\u0101nu, kas nodro\u0161ina racion\u0101lu, r\u016bpnieciskas klases darb\u012bbu. \u0160\u012bs funkcijas nodro\u0161ina, ka ier\u012bci ir viegli lietot pat augstas veiktsp\u0113jas laboratorij\u0101s.<\/li>\n<li>\u0100trgaitas line\u0101r\u0101s kust\u012bbas virzo\u0161\u0101 l\u012bnija un \u012bpa\u0161i izstr\u0101d\u0101ta st\u016bres tur\u0113\u0161anas ier\u012bce nodro\u0161ina stabilit\u0101ti un precizit\u0101ti, sniedzot konsekventus un uzticamus rezult\u0101tus kvalit\u0101tes kontrolei un produktu izstr\u0101dei.<\/li>\n<\/ul>\n<\/li>\n<\/ul>\n<h2><strong>Izpratne par spalvas pildspalvas berzes testu<\/strong><\/h2>\n<p>Pildspalvu pildspalvu ra\u017eo\u0161an\u0101 optim\u0101la berzes l\u012bme\u0146a sasnieg\u0161ana ir galvenais priek\u0161noteikums, lai nodro\u0161in\u0101tu apmierino\u0161u lietot\u0101ja pieredzi, precizit\u0101ti un ilgsto\u0161u veiktsp\u0113ju. . <strong>Rakstspalvas pildspalvas berzes tests<\/strong> (sekund\u0101rais atsl\u0113gv\u0101rds), ko veic Smart Pen berzes koeficienta testeris, sniedz v\u0113rt\u012bgu ieskatu par \u0161\u012bm \u012bpa\u0161\u012bb\u0101m. Ar \u0161o testu m\u0113ra, k\u0101 pildspalvas gals mijiedarbojas ar sk\u0101rienj\u016bt\u012bgajiem ekr\u0101niem, \u013caujot ra\u017eot\u0101jiem preciz\u0113t materi\u0101lus un dizainu, lai nodro\u0161in\u0101tu lab\u0101ku kontroli un lietot\u0101ja komfortu. Tas nodro\u0161ina, ka berze tiek uztur\u0113ta ide\u0101l\u0101 l\u012bmen\u012b, \u013caujot pildspalvai vienm\u0113r\u012bgi sl\u012bd\u0113t pa ekr\u0101nu, vienlaikus nodro\u0161inot prec\u012bzu spiediena jut\u012bbu prec\u012bzai kontrolei.<\/p>\n<h3><strong>Test\u0113\u0161anas metodes spalvas pildspalvas berzes test\u0113\u0161anai<\/strong><\/h3>\n<ul>\n<li><strong>Berzes testa iestat\u012bjumi<\/strong>: Rakstspalva tiek piestiprin\u0101ta pie testera kop\u0101 ar noteiktu svaru un novietota vertik\u0101li virs ekr\u0101na vai sk\u0101rienpane\u013ca. \u0160\u0101d\u0101 uzst\u0101d\u012bjum\u0101 tiek piem\u0113rots gravit\u0101cijas sp\u0113ks, apvienojot pildspalvas svaru un pievienoto svaru, lai nodro\u0161in\u0101tu re\u0101lus test\u0113\u0161anas apst\u0101k\u013cus.<\/li>\n<li><strong>Proced\u016bras p\u0101rskats<\/strong>:\n<ul>\n<li>Lietot\u0101ji var iestat\u012bt konkr\u0113tus \u0101trumus un izv\u0113l\u0113ties test\u0113\u0161anas re\u017e\u012bmus, pamatojoties uz pras\u012bb\u0101m, piel\u0101gojot testu da\u017e\u0101diem spalvas materi\u0101liem un konstrukcijas apsv\u0113rumiem.<\/li>\n<li><strong>Berzes koeficienta m\u0113r\u012b\u0161ana<\/strong>: \u0160\u012b v\u0113rt\u012bba ir kvantitat\u012bvi nosak\u0101ms r\u0101d\u012bt\u0101js, kas \u013cauj nov\u0113rt\u0113t un pilnveidot spalvas uzga\u013ca materi\u0101lus, nodro\u0161inot to atbilst\u012bbu v\u0113lamajam berzes l\u012bmenim.<\/li>\n<li><strong>Iztur\u012bbas sl\u012bd\u0113\u0161anas tests<\/strong>: P\u0113c atk\u0101rtotiem cikliem sl\u012bd\u0113\u0161anas test\u0101 m\u0113ra nolietojumu, nor\u0101dot, cik labi spalvas uzgalis iztur ilgsto\u0161u lieto\u0161anu. \u0160ie rezult\u0101ti \u013cauj ra\u017eot\u0101jiem nov\u0113rt\u0113t materi\u0101la ilgm\u016b\u017e\u012bbu un vajadz\u012bbas gad\u012bjum\u0101 veikt uzlabojumus.<\/li>\n<\/ul>\n<\/li>\n<\/ul>\n<h2><strong>Nozares standarti un atbilst\u012bba<\/strong><\/h2>\n<p>Smart Pen berzes koeficienta testeris atbilst nozares standartiem, tostarp. <strong>ASTM D1894<\/strong> un <strong>ISO 8295<\/strong>, nodro\u0161inot atbilst\u012bbu pasaul\u0113 atz\u012bt\u0101m berzes test\u0113\u0161anas vadl\u012bnij\u0101m. Atbilst\u012bba \u0161iem standartiem uzlabo testu rezult\u0101tu ticam\u012bbu, padarot tos piem\u0113rotus starptautiskai kvalit\u0101tes kontrolei un produktu sertifik\u0101cijai.<\/p>\n<h2><strong>Vied\u0101 pildspalvas berzes koeficienta testera tehnisk\u0101 specifik\u0101cija<\/strong><\/h2>\n<ul>\n<li><strong>Sp\u0113ka diapazons<\/strong>: 5N ar 0,5%FS precizit\u0101ti, kas ir ide\u0101li piem\u0113rota re\u0101l\u0101s pasaules apst\u0101k\u013cos.<\/li>\n<li><strong>\u0100truma kontrole<\/strong>: Regul\u0113jams no 1 l\u012bdz 12 000 mm\/min ar precizit\u0101ti 0,1 mm\/min, piel\u0101gojoties da\u017e\u0101d\u0101m testa pras\u012bb\u0101m.<\/li>\n<li><strong>Spie\u0161anas svars<\/strong>: 150 g, kas imit\u0113 svaru, k\u0101ds parasti tiek izmantots standarta spalvas darb\u012bb\u0101.<\/li>\n<li><strong>Takts garums<\/strong>: 350 mm, kas \u013cauj pagarin\u0101t test\u0113\u0161anas ciklus iztur\u012bbas nov\u0113rt\u0113\u0161anai.<\/li>\n<li><strong>Baro\u0161anas avots<\/strong>: 110-220 V, savietojams ar liel\u0101ko da\u013cu laboratoriju un r\u016bpniecisko baro\u0161anas standartu, kas nodro\u0161ina daudzpus\u012bgu izvieto\u0161anu.<\/li>\n<\/ul>\n<h2><strong>Vied\u0101 pildspalvas berzes koeficienta testera pielietojums<\/strong><\/h2>\n<p>\u0160is testeris ir b\u016btisks, lai <strong>P\u0113tniec\u012bbas un izstr\u0101des laboratorijas<\/strong>, <strong>ra\u017eot\u0101ji<\/strong>, un <strong>kvalit\u0101tes kontroles noda\u013cas<\/strong> nozar\u0113s, kas koncentr\u0113jas uz elektroniskiem piederumiem, izgl\u012bt\u012bbas r\u012bkiem un rado\u0161\u0101m ier\u012bc\u0113m, kur\u0101s ir \u013coti svar\u012bga spalvas veiktsp\u0113ja. Sniedzot uzticamus datus par berzi un iztur\u012bbu, tas \u013cauj uz\u0146\u0113mumiem izstr\u0101d\u0101t augstas kvalit\u0101tes, lietot\u0101jam draudz\u012bgus spalvas pildspalvas, kas piel\u0101gotas klientu vajadz\u012bb\u0101m \u0161\u0101d\u0101s nozar\u0113s. <strong>elektronika<\/strong>, <strong>pat\u0113r\u0113t\u0101ju tehnolo\u0123ijas<\/strong>, <strong>izgl\u012bt\u012bba<\/strong>, un <strong>izklaide<\/strong>.<\/p>\n<h2><strong>Bie\u017ei uzdotie jaut\u0101jumi par Smart Pen berzes koeficienta test\u0113\u0161anu<\/strong><\/h2>\n<ul>\n<li><strong>K\u0101ds ir spalvas pildspalvas berzes testa m\u0113r\u0137is?<\/strong><br \/>\nBerzes test\u0101 tiek nov\u0113rt\u0113ta mijiedarb\u012bba starp spalvas pildspalvas galu un ekr\u0101na virsmu, sniedzot datus par to, cik liela ir spalvas pretest\u012bba vai gludums, kas ir b\u016btisks kontroles un precizit\u0101tes nodro\u0161in\u0101\u0161anai.<\/li>\n<li><strong>K\u0101 sl\u012bdo\u0161\u0101 re\u017e\u012bma tests pal\u012bdz nov\u0113rt\u0113t spalvas iztur\u012bbu?<\/strong><br \/>\nSl\u012bdo\u0161ais re\u017e\u012bms m\u0113ra spalvas uzga\u013ca nodilumu atk\u0101rtotu ciklu laik\u0101, sniedzot ieskatu par spalvas veiktsp\u0113ju p\u0113c ilgsto\u0161as lieto\u0161anas, kas ir b\u016btisks ilgm\u016b\u017e\u012bbas faktors.<\/li>\n<li><strong>K\u0101di ir nozares standarti berzes test\u0113\u0161anai?<\/strong><br \/>\nASTM D1894 un ISO 8295 ir galvenie standarti berzes test\u0113\u0161anai, kas attiecas uz stilu un citu materi\u0101lu nov\u0113rt\u0113\u0161anu, sniedzot nor\u0101d\u012bjumus par test\u0113\u0161anas nosac\u012bjumiem un precizit\u0101ti.<\/li>\n<li><strong>K\u0101 berze ietekm\u0113 spalvas precizit\u0101ti?<\/strong><br \/>\nAtbilsto\u0161s berzes l\u012bmenis nodro\u0161ina, ka rakst\u0101mspalva prec\u012bzi rea\u0123\u0113 uz lietot\u0101ja ievad\u012btajiem datiem, nodro\u0161inot vienm\u0113r\u012bgus un prec\u012bzus triepienus, kas uzlabo lietot\u0101ja kontroli un apmierin\u0101t\u012bbu.<\/li>\n<li><strong>K\u0101dus ekr\u0101nu veidus var p\u0101rbaud\u012bt ar \u0161o apr\u012bkojumu?<\/strong><br \/>\nAr \u0161o testeri var nov\u0113rt\u0113t berzes mijiedarb\u012bbu starp spalvas uzga\u013ciem un da\u017e\u0101diem ekr\u0101na tipiem, t\u0101p\u0113c to var izmantot da\u017e\u0101du ier\u012b\u010du un materi\u0101lu test\u0113\u0161anai.<\/li>\n<\/ul>\n<p>Smart Pen berzes koeficienta testeris ir jaud\u012bgs r\u012bks spalvas ra\u017eot\u0101jiem, kas v\u0113las uzlabot produktu kvalit\u0101ti un lietot\u0101ju apmierin\u0101t\u012bbu. Nodro\u0161inot prec\u012bzus berzes un nodiluma m\u0113r\u012bjumus, \u0161is instruments \u013cauj izstr\u0101d\u0101t pildspalvas ar ide\u0101lu berzes l\u012bmeni, iztur\u012bbu un precizit\u0101ti. T\u0101 k\u0101 tam ir divi test\u0113\u0161anas re\u017e\u012bmi un augstas precizit\u0101tes darb\u012bba, tas ir ide\u0101la izv\u0113le kvalit\u0101tes kontroles laboratorij\u0101m un produktu izstr\u0101d\u0101t\u0101jiem, kuru m\u0113r\u0137is ir nodro\u0161in\u0101t izcilu spalvas pildspalvu veiktsp\u0113ju.<\/p>","protected":false},"excerpt":{"rendered":"<p>Smart Pen berzes koeficienta testeris ir specializ\u0113ts instruments, kas izstr\u0101d\u0101ts, lai nov\u0113rt\u0113tu un optimiz\u0113tu pildspalvu veiktsp\u0113ju, veicot prec\u012bzu berzes un iztur\u012bbas test\u0113\u0161anu. \u0160is m\u016bsdien\u012bgais testeris ir \u013coti svar\u012bgs ra\u017eot\u0101jiem un p\u0113tniec\u012bbas un izstr\u0101des laboratorij\u0101m, kuru m\u0113r\u0137is ir uzlabot lietot\u0101ja pieredzi, precizit\u0101ti un ilgm\u016b\u017e\u012bbu pildspalvu izstr\u0101d\u0101jumos. Sniedzot detaliz\u0113tu ieskatu berzes \u012bpa\u0161\u012bb\u0101s un nodilumiztur\u012bb\u0101, Smart Pen Coefficient of Friction Tester \u013cauj pilnveidot produktus, nodro\u0161inot, ka spalvas pildspalvas atbilst visaugst\u0101kajiem kvalit\u0101tes un iztur\u012bbas standartiem.<\/p>","protected":false},"featured_media":6272,"comment_status":"closed","ping_status":"closed","template":"","meta":{"site-sidebar-layout":"default","site-content-layout":"default","ast-global-header-display":"","ast-main-header-display":"","ast-hfb-above-header-display":"","ast-hfb-below-header-display":"","ast-hfb-mobile-header-display":"","site-post-title":"","ast-breadcrumbs-content":"","ast-featured-img":"","footer-sml-layout":"","theme-transparent-header-meta":"default","adv-header-id-meta":"","stick-header-meta":"","header-above-stick-meta":"","header-main-stick-meta":"","header-below-stick-meta":""},"product_cat":[937,953,956,955,954,957,958,952,959,683,95],"product_tag":[],"class_list":{"0":"post-5175","1":"product","2":"type-product","3":"status-publish","4":"has-post-thumbnail","6":"product_cat-electronic-product-tester","7":"product_cat-bursting-tester","8":"product_cat-cobb-tester","9":"product_cat-crush-tester","10":"product_cat-paper-tear-tester","11":"product_cat-plybond-tester","12":"product_cat-puncture-tester","13":"product_cat-rub-tester","14":"product_cat-stiffness-tester","15":"product_cat-coefficient-of-friction-tester","16":"product_cat-products","17":"desktop-align-left","18":"tablet-align-left","19":"mobile-align-left","21":"first","22":"instock","23":"shipping-taxable","24":"product-type-simple"},"_links":{"self":[{"href":"https:\/\/www.qualitester.com\/lv\/wp-json\/wp\/v2\/product\/5175","targetHints":{"allow":["GET"]}}],"collection":[{"href":"https:\/\/www.qualitester.com\/lv\/wp-json\/wp\/v2\/product"}],"about":[{"href":"https:\/\/www.qualitester.com\/lv\/wp-json\/wp\/v2\/types\/product"}],"replies":[{"embeddable":true,"href":"https:\/\/www.qualitester.com\/lv\/wp-json\/wp\/v2\/comments?post=5175"}],"version-history":[{"count":0,"href":"https:\/\/www.qualitester.com\/lv\/wp-json\/wp\/v2\/product\/5175\/revisions"}],"wp:featuredmedia":[{"embeddable":true,"href":"https:\/\/www.qualitester.com\/lv\/wp-json\/wp\/v2\/media\/6272"}],"wp:attachment":[{"href":"https:\/\/www.qualitester.com\/lv\/wp-json\/wp\/v2\/media?parent=5175"}],"wp:term":[{"taxonomy":"product_cat","embeddable":true,"href":"https:\/\/www.qualitester.com\/lv\/wp-json\/wp\/v2\/product_cat?post=5175"},{"taxonomy":"product_tag","embeddable":true,"href":"https:\/\/www.qualitester.com\/lv\/wp-json\/wp\/v2\/product_tag?post=5175"}],"curies":[{"name":"wp","href":"https:\/\/api.w.org\/{rel}","templated":true}]}}