{"id":5119,"date":"2024-10-29T16:40:38","date_gmt":"2024-10-29T08:40:38","guid":{"rendered":"https:\/\/www.qualitester.com\/?post_type=product&#038;p=5119"},"modified":"2024-12-05T11:48:42","modified_gmt":"2024-12-05T03:48:42","slug":"sale-injection-vial-cap-open-force-tester","status":"publish","type":"product","link":"https:\/\/www.qualitester.com\/lv\/products-2\/sale-injection-vial-cap-open-force-tester\/","title":{"rendered":"LSG-01 Alum\u012bnija-plastmasas kombin\u0113tais v\u0101ci\u0146u atv\u0113r\u0161anas sp\u0113ka testeris"},"content":{"rendered":"<h2>Ievads<\/h2>\n<p>Port\u0101ls <strong>Injekcijas flakona v\u0101ci\u0146a atv\u0113r\u0161anas sp\u0113ka testeris<\/strong> ir specializ\u0113ts instruments, kas paredz\u0113ts, lai nov\u0113rt\u0113tu atv\u0113r\u0161anas sp\u0113ku, kas nepiecie\u0161ams alum\u012bnija un plastmasas kombin\u0113tajiem v\u0101ci\u0146iem, kurus izmanto farmaceitiskaj\u0101 iepakojum\u0101. \u0160o v\u0101ci\u0146u integrit\u0101tes un uzticam\u012bbas nodro\u0161in\u0101\u0161ana ir \u013coti svar\u012bga, lai saglab\u0101tu produktu dro\u0161\u012bbu un efektivit\u0101ti. \u0160im testerim ir b\u016btiska noz\u012bme kvalit\u0101tes kontrol\u0113, pal\u012bdzot ra\u017eot\u0101jiem izpild\u012bt normat\u012bv\u0101s pras\u012bbas un vairot pat\u0113r\u0113t\u0101ju uztic\u012bbu.<\/p>\n<h2>Pieteikums<\/h2>\n<p>Alum\u012bnija un plastmasas kombin\u0113tos v\u0101ci\u0146us pla\u0161i izmanto iepako\u0161anas r\u016bpniec\u012bb\u0101, lai aiztais\u012btu pudeles ar farmaceitiskiem l\u012bdzek\u013ciem, dz\u0113rieniem un kosm\u0113tiku. \u0160ajos v\u0101ci\u0146os efekt\u012bvi apvienota alum\u012bnija iztur\u012bba un barjeras \u012bpa\u0161\u012bbas ar plastmasas elast\u012bbu un rentabilit\u0101ti. Iztur\u012bg\u0101 konstrukcija nodro\u0161ina pret viltojumiem un pal\u012bdz saglab\u0101t produkta integrit\u0101ti, t\u0101p\u0113c tie ir ide\u0101li piem\u0113roti farm\u0101cijas nozarei, kur dro\u0161\u012bba un uzticam\u012bba ir vissvar\u012bg\u0101k\u0101.<\/p>\n<h2>Alum\u012bnija un plastmasas kombin\u0113to v\u0101ci\u0146u sast\u0101vs<\/h2>\n<ul>\n<li><strong>Alum\u012bnija komponents<\/strong>: \u0160o v\u0101ci\u0146u \u0101r\u0113jais apvalks bie\u017ei vien ir izgatavots no alum\u012bnija, kas nodro\u0161ina iztur\u012bgu un pret viltojumiem dro\u0161u nosl\u0113g\u0161anu ar pievilc\u012bgu apdari. T\u0101 iztur\u012bba nodro\u0161ina izcilu aizsardz\u012bbu pret vides faktoriem.<\/li>\n<li><strong>Plastmasas komponents<\/strong>: Plastmasa, ko parasti izmanto iek\u0161\u0113jai ieliktnei vai aizv\u0113r\u0161anas meh\u0101nismam, nodro\u0161ina herm\u0113tisku bl\u012bv\u0113jumu, vienlaikus \u013caujot viegli atv\u0113rt. \u0160\u012b materi\u0101lu kombin\u0101cija maksim\u0101li palielina funkcionalit\u0101ti un lietot\u0101ja \u0113rt\u012bbas.<\/li>\n<\/ul>\n<h2>Test\u0113\u0161anas metodes un standarti<\/h2>\n<ul>\n<li><a href=\"https:\/\/www.iso.org\/standard\/82226.html\" target=\"_blank\" rel=\"noopener nofollow\"><strong>ISO 8872<\/strong><\/a>: \u0160aj\u0101 standart\u0101 aprakst\u012btas test\u0113\u0161anas metodes, lai noteiktu cilnes atdal\u012b\u0161anas sp\u0113ku, kas ir \u013coti svar\u012bgs, lai nodro\u0161in\u0101tu \u0113rtu lieto\u0161anu un funkcionalit\u0101ti.<\/li>\n<li><a href=\"https:\/\/www.qualitester.com\/lv\/produkta-kategorija\/iso\/iso-10985\/\" target=\"_blank\" rel=\"noopener\"><strong>ISO 10985<\/strong><\/a>: Nor\u0101da, cik liels sp\u0113ks nepiecie\u0161ams plastmasas deta\u013cu no\u0146em\u0161anai, nodro\u0161inot, ka v\u0101ci\u0146i ir gan dro\u0161i, gan \u0113rti lietojami.<\/li>\n<li><strong>ISO 8536 s\u0113rija<\/strong>: Ietver stiepes un stiepes sp\u0113ka testus alum\u012bnija deta\u013c\u0101m, kas ir b\u016btiski, lai nov\u0113rt\u0113tu nosl\u0113guma materi\u0101lu meh\u0101nisk\u0101s \u012bpa\u0161\u012bbas.<\/li>\n<li><strong>Citi attiec\u012bgie standarti<\/strong>:\n<ul>\n<li><strong>ISO 7500-1<\/strong>: Visp\u0101r\u012bg\u0101s pras\u012bbas test\u0113\u0161anas ma\u0161\u012bn\u0101m.<\/li>\n<li><strong>ISO 8362-6 un ISO 8362-7<\/strong>: Koncentr\u0113jieties uz injekciju flakonu un v\u0101ci\u0146u specifik\u0101cij\u0101m, nodro\u0161inot sader\u012bbu un veiktsp\u0113ju.<\/li>\n<\/ul>\n<\/li>\n<\/ul>\n<h2>Alum\u012bnija-plastmasas kombin\u0113to v\u0101ci\u0146u sp\u0113ka testi<\/h2>\n<p>Port\u0101ls <strong>Injekcijas flakona v\u0101ci\u0146a atv\u0113r\u0161anas sp\u0113ka testeris<\/strong> var veikt vair\u0101kus svar\u012bgus testus, tostarp:<\/p>\n<ol>\n<li><strong>Cilnes nopl\u0113\u0161anas sp\u0113ks<\/strong>: Izv\u0113rt\u0113 sp\u0113ku, kas nepiecie\u0161ams, lai no\u0146emtu cilni, nodro\u0161inot lietot\u0101jam pieejam\u012bbu.<\/li>\n<li><strong>Sp\u0113ks, kas nepiecie\u0161ams plastmasas komponentu no\u0146em\u0161anai<\/strong>: M\u0113ra v\u0101ci\u0146a plastmasas da\u013cu integrit\u0101ti.<\/li>\n<li><strong>Alum\u012bnija deta\u013cu stiepes un pagarin\u0101juma sp\u0113ks<\/strong>: Nov\u0113rt\u0113 alum\u012bnija komponenta iztur\u012bbu un elast\u012bbu, kas ir \u013coti svar\u012bga bl\u012bv\u0113juma integrit\u0101tes saglab\u0101\u0161anai apstr\u0101des laik\u0101.<\/li>\n<\/ol>\n<h2>Injekcijas flakona v\u0101ci\u0146a v\u0101ci\u0146a atv\u0113rt\u0101 sp\u0113ka testera tehnisk\u0101s \u012bpa\u0161\u012bbas<\/h2>\n<ul>\n<li><strong>R\u016bpniecisk\u0101s klases PLC vad\u012bbas sist\u0113ma<\/strong>: Pied\u0101v\u0101 stabilu, prec\u012bzu un vienk\u0101r\u0161u darb\u012bbu, izmantojot lietot\u0101jam draudz\u012bgu HMI saskarni.<\/li>\n<li><strong>Daudzpus\u012bgas test\u0113\u0161anas iesp\u0113jas<\/strong>: Sader\u012bgs ar da\u017e\u0101diem piederumiem stiepes, saspie\u0161anas, p\u0101rr\u0101vuma sp\u0113ka, ciet\u012bbas, mizo\u0161anas, atv\u0113r\u0161anas, caurdur\u0161anas un push-pull testiem.<\/li>\n<li><strong>Datu apstr\u0101de re\u0101llaik\u0101<\/strong>: Par\u0101da testu rezult\u0101tus re\u0101llaik\u0101, atvieglojot t\u016bl\u012bt\u0113ju anal\u012bzi.<\/li>\n<li><strong>Mikroprinteris rezult\u0101tu saglab\u0101\u0161anai<\/strong>: Apr\u012bkots ar punktu matricas printeri, kas nodro\u0161ina ilgsto\u0161u testa rezult\u0101tu saglab\u0101\u0161anu.<\/li>\n<li><strong>Dro\u0161\u012bbas l\u012bdzek\u013ci<\/strong>: Ietver izsl\u0113g\u0161anas parametru atmi\u0146u, aizsardz\u012bbu pret p\u0101rslodzi, limitu aizsardz\u012bbu un autom\u0101tisku atgrie\u0161anos testu beig\u0101s.<\/li>\n<li><strong>Komunik\u0101cijas saskarne<\/strong>: Ir RS232 interfeiss un papildu profesion\u0101la programmat\u016bra uzlabotai datu p\u0101rvald\u012bbai.<\/li>\n<\/ul>\n<h2>Pla\u0161i lietojumi<\/h2>\n<p>Port\u0101ls <strong>Injekcijas flakona v\u0101ci\u0146a atv\u0113r\u0161anas sp\u0113ka testeris<\/strong> ir piem\u0113rots da\u017e\u0101diem testiem, ko veic medic\u012bnas iepakojuma nozar\u0113, nodro\u0161inot iepakojuma materi\u0101lu un sast\u0101vda\u013cu kvalit\u0101ti un dro\u0161\u012bbu. Pielietojums ietver:<\/p>\n<ul>\n<li>Ampu\u013cu pude\u013cu lau\u0161anas sp\u0113ka testi.<\/li>\n<li>Inf\u016bzijas flakona v\u0101ci\u0146a atv\u0113r\u0161anas sp\u0113ka un pl\u012bsuma pl\u0101ksn\u012btes pl\u012bsuma sp\u0113ka testi.<\/li>\n<li>Alum\u012bnija folijas, PVC lok\u0161\u0146u un kompoz\u012btmateri\u0101lu pl\u0113vju karstumiztur\u012bbas, stiepes iztur\u012bbas, atdal\u012b\u0161anas iztur\u012bbas un pagarin\u0101juma testi.<\/li>\n<\/ul>\n<p>Port\u0101ls <strong>Injekcijas flakona v\u0101ci\u0146a atv\u0113r\u0161anas sp\u0113ka testeris<\/strong> ir b\u016btiska ra\u017eot\u0101jiem, kas v\u0113las garant\u0113t alum\u012bnija un plastmasas kombin\u0113to v\u0101ci\u0146u dro\u0161\u012bbu un uzticam\u012bbu. Iev\u0113rojot nozares standartus un veicot stingru test\u0113\u0161anu, ra\u017eot\u0101ji var nodro\u0161in\u0101t produkta integrit\u0101ti un palielin\u0101t pat\u0113r\u0113t\u0101ju uztic\u012bbu. Ieguldiet l\u012bdzek\u013cus injic\u0113jamo flakonu v\u0101ci\u0146u atv\u0113r\u0161anas sp\u0113ka tester\u012b, lai uzlabotu savus kvalit\u0101tes nodro\u0161in\u0101\u0161anas procesus.<\/p>\n<h2>Bie\u017e\u0101k uzdotie jaut\u0101jumi<\/h2>\n<ol>\n<li><strong>K\u0101ds ir Injekcijas flakona v\u0101ci\u0146a atv\u0113r\u0161anas sp\u0113ka testera m\u0113r\u0137is?<\/strong>\n<ul>\n<li>T\u0101 m\u0113ra sp\u0113ku, kas nepiecie\u0161ams alum\u012bnija un plastmasas kombin\u0113to v\u0101ci\u0146u atv\u0113r\u0161anai, nodro\u0161inot \u0113rtu lieto\u0161anu un produkta integrit\u0101ti.<\/li>\n<\/ul>\n<\/li>\n<li><strong>K\u0101diem standartiem atbilst \u0161is testeris?<\/strong>\n<ul>\n<li>Testeris atbilst ISO 8872, ISO 10985 un ISO 8536 standartiem, nodro\u0161inot stingras test\u0113\u0161anas metodes.<\/li>\n<\/ul>\n<\/li>\n<li><strong>Vai testeri var izmantot da\u017e\u0101diem v\u0101ci\u0146u veidiem?<\/strong>\n<ul>\n<li>J\u0101, tas ir sader\u012bgs ar da\u017e\u0101diem v\u0101ci\u0146u veidiem, tostarp tiem, ko izmanto farm\u0101cij\u0101, dz\u0113rienos un kosm\u0113tik\u0101.<\/li>\n<\/ul>\n<\/li>\n<li><strong>K\u0101das tehnisk\u0101s funkcijas uzlabo t\u0101 lietojam\u012bbu?<\/strong>\n<ul>\n<li>Tam ir PLC vad\u012bbas sist\u0113ma, re\u0101llaika datu displejs un mikroprinteris testu rezult\u0101tu saglab\u0101\u0161anai.<\/li>\n<\/ul>\n<\/li>\n<li><strong>Vai testeris ir piem\u0113rots gan p\u0113tniec\u012bbas, gan ra\u017eo\u0161anas videi?<\/strong>\n<ul>\n<li>Tas ir univers\u0101ls, t\u0101p\u0113c ir piem\u0113rots gan laboratorijas, gan ra\u017eo\u0161anas l\u012bnijas test\u0113\u0161anai.<\/li>\n<\/ul>\n<\/li>\n<\/ol>","protected":false},"excerpt":{"rendered":"<p>Introduction The Injection Vial Cap Open Force Tester is a specialized instrument designed to evaluate the opening force required for aluminum-plastic combination caps used in pharmaceutical packaging. Ensuring the integrity and reliability of these closures is critical for maintaining product safety and efficacy. This tester plays a vital role in quality control, helping manufacturers meet &hellip;<\/p>\n<p class=\"read-more\"> <a class=\"\" href=\"https:\/\/www.qualitester.com\/lv\/products-2\/sale-injection-vial-cap-open-force-tester\/\"> <span class=\"screen-reader-text\">LSG-01 Alum\u012bnija-plastmasas kombin\u0113tais v\u0101ci\u0146u atv\u0113r\u0161anas sp\u0113ka testeris<\/span> Las\u012bt vair\u0101k \"<\/a><\/p>","protected":false},"featured_media":6213,"comment_status":"closed","ping_status":"closed","template":"","meta":{"site-sidebar-layout":"default","site-content-layout":"default","ast-global-header-display":"","ast-main-header-display":"","ast-hfb-above-header-display":"","ast-hfb-below-header-display":"","ast-hfb-mobile-header-display":"","site-post-title":"","ast-breadcrumbs-content":"","ast-featured-img":"","footer-sml-layout":"","theme-transparent-header-meta":"default","adv-header-id-meta":"","stick-header-meta":"","header-above-stick-meta":"","header-main-stick-meta":"","header-below-stick-meta":""},"product_cat":[934,845,1050,1049,1051,1052,1048,17,149,16,95],"product_tag":[],"class_list":{"0":"post-5119","1":"product","2":"type-product","3":"status-publish","4":"has-post-thumbnail","6":"product_cat-medical-packaging-tester","7":"product_cat-customization","8":"product_cat-iso-10985","9":"product_cat-iso-7500-1","10":"product_cat-iso-8362-6","11":"product_cat-iso-8362-7","12":"product_cat-iso-8872","13":"product_cat-package-container-testers","14":"product_cat-pharma-and-medical-testers","15":"product_cat-plastic-packaging-testers","16":"product_cat-products","17":"desktop-align-left","18":"tablet-align-left","19":"mobile-align-left","21":"first","22":"instock","23":"shipping-taxable","24":"product-type-simple"},"_links":{"self":[{"href":"https:\/\/www.qualitester.com\/lv\/wp-json\/wp\/v2\/product\/5119","targetHints":{"allow":["GET"]}}],"collection":[{"href":"https:\/\/www.qualitester.com\/lv\/wp-json\/wp\/v2\/product"}],"about":[{"href":"https:\/\/www.qualitester.com\/lv\/wp-json\/wp\/v2\/types\/product"}],"replies":[{"embeddable":true,"href":"https:\/\/www.qualitester.com\/lv\/wp-json\/wp\/v2\/comments?post=5119"}],"version-history":[{"count":0,"href":"https:\/\/www.qualitester.com\/lv\/wp-json\/wp\/v2\/product\/5119\/revisions"}],"wp:featuredmedia":[{"embeddable":true,"href":"https:\/\/www.qualitester.com\/lv\/wp-json\/wp\/v2\/media\/6213"}],"wp:attachment":[{"href":"https:\/\/www.qualitester.com\/lv\/wp-json\/wp\/v2\/media?parent=5119"}],"wp:term":[{"taxonomy":"product_cat","embeddable":true,"href":"https:\/\/www.qualitester.com\/lv\/wp-json\/wp\/v2\/product_cat?post=5119"},{"taxonomy":"product_tag","embeddable":true,"href":"https:\/\/www.qualitester.com\/lv\/wp-json\/wp\/v2\/product_tag?post=5119"}],"curies":[{"name":"wp","href":"https:\/\/api.w.org\/{rel}","templated":true}]}}