{"id":5110,"date":"2024-10-29T16:23:12","date_gmt":"2024-10-29T08:23:12","guid":{"rendered":"https:\/\/www.qualitester.com\/?post_type=product&#038;p=5110"},"modified":"2024-12-05T11:31:23","modified_gmt":"2024-12-05T03:31:23","slug":"sale-soft-gel-capsule-hardness-tester","status":"publish","type":"product","link":"https:\/\/www.qualitester.com\/lv\/products-2\/sale-soft-gel-capsule-hardness-tester\/","title":{"rendered":"CHT-01 m\u012bksto gela kapsulu ciet\u012bbas testeris"},"content":{"rendered":"<h2><strong>Ievads m\u012bksto \u017eelejas kapsulu ciet\u012bbas testera lieto\u0161an\u0101<\/strong><\/h2>\n<p>Farmaceitiskaj\u0101 un uztura bag\u0101tin\u0101t\u0101ju r\u016bpniec\u012bb\u0101 kvalit\u0101tes kontrole ir \u013coti svar\u012bga. \u013boti svar\u012bgi ir nodro\u0161in\u0101t, lai m\u012bkst\u0101s \u017eelejas kapsulas saglab\u0101tu savu struktur\u0101lo integrit\u0101ti iepako\u0161anas, uzglab\u0101\u0161anas un izplat\u012b\u0161anas procesos. . <strong>M\u012bksto \u017eelejas kapsulu ciet\u012bbas testeris<\/strong>, jo \u012bpa\u0161i <strong>CHT-01 kapsulu un m\u012bkst\u0101s kapsulas ciet\u012bbas testeris<\/strong>, ir augstas precizit\u0101tes instruments, kas paredz\u0113ts kapsulas stingruma, elast\u012bbas un visp\u0101r\u0113j\u0101s iztur\u012bbas m\u0113r\u012b\u0161anai. Nov\u0113rt\u0113jot galvenos faktorus, piem\u0113ram, ciet\u012bbu, deform\u0101ciju un bl\u012bv\u0113juma iztur\u012bbu, \u0161is testeris pal\u012bdz ra\u017eot\u0101jiem garant\u0113t, ka vi\u0146u produkti ir dro\u0161i, efekt\u012bvi un kvalitat\u012bvi.<\/p>\n<h2><strong>K\u0101p\u0113c nepiecie\u0161ams p\u0101rbaud\u012bt m\u012bksto \u017eelejas kapsulu ciet\u012bbu un ciet\u012bbu?<\/strong><\/h2>\n<p>M\u012bkst\u0101s \u017eelejas kapsulas tiek pla\u0161i izmantotas, lai pieg\u0101d\u0101tu vitam\u012bnus, miner\u0101lvielas un medikamentus stabil\u0101 un aizsarg\u0101jo\u0161\u0101 \u017eelat\u012bna apvalk\u0101. \u0160\u012bm kapsul\u0101m ir svar\u012bgi uztur\u0113t ide\u0101lu ciet\u012bbas l\u012bmeni - ne tikai, lai aizsarg\u0101tu akt\u012bv\u0101s sast\u0101vda\u013cas, bet ar\u012b lai nodro\u0161in\u0101tu kontrol\u0113tu satura izdal\u012b\u0161anos p\u0113c nor\u012b\u0161anas. Ciet\u012bbas test\u0113\u0161ana atkl\u0101j, k\u0101 kapsula darbosies da\u017e\u0101dos apst\u0101k\u013cos, s\u0101kot ar iepako\u0161anu un transport\u0113\u0161anu un beidzot ar pat\u0113r\u0113t\u0101ja pieredzi. . <strong>M\u012bksto \u017eelejas kapsulu ciet\u012bbas testeris<\/strong> ir \u013coti svar\u012bgi, lai identific\u0113tu kapsulu sieni\u0146u vai bl\u012bv\u0113jumu nepiln\u012bbas, t\u0101d\u0113j\u0101di nov\u0113r\u0161ot probl\u0113mas, pirms t\u0101s non\u0101k tirg\u016b.<\/p>\n<h2><strong>M\u012bksto \u017eelejas kapsulu ciet\u012bbas testera galven\u0101s funkcijas<\/strong><\/h2>\n<ul>\n<li><strong>Augstas precizit\u0101tes test\u0113\u0161anas iesp\u0113jas<\/strong><br \/>\n\u0160is testeris, kas apr\u012bkots ar modern\u0101m tehnolo\u0123ij\u0101m, piem\u0113ram, PLC vad\u012bbas bloku, prec\u012bzu lod\u012b\u0161u skr\u016bvi un so\u013cu motoru, nodro\u0161ina uzticamus un prec\u012bzus rezult\u0101tus, kas atbilst stingriem kvalit\u0101tes standartiem.<\/li>\n<li><strong>Daudzpus\u012bgas test\u0113\u0161anas programmas<\/strong><br \/>\nPied\u0101v\u0101jot vair\u0101kas standarta programmas -<strong>Sp\u0113ks<\/strong> (piem\u0113rojot noteiktu sp\u0113ku un m\u0113rot att\u0101lumu), <strong>Peak<\/strong> (m\u0113ra maksim\u0101lo sp\u0113ku kapsulas pl\u012bsuma gad\u012bjum\u0101) un <strong>Att\u0101lums<\/strong> (sp\u0113ka m\u0113r\u012b\u0161ana noteikt\u0101 att\u0101lum\u0101) - m\u012bksto \u017eelejas kapsulu ciet\u012bbas testeris \u013cauj veikt visaptvero\u0161u test\u0113\u0161anu, lai izprastu katru kapsulas integrit\u0101tes aspektu.<\/li>\n<li><strong>Lietot\u0101jam draudz\u012bga saskarne un vad\u012bba<\/strong><br \/>\n7 collu HMI sk\u0101rienekr\u0101ns \u013cauj lietot\u0101jiem bez piep\u016bles konfigur\u0113t iestat\u012bjumus, p\u0101rvald\u012bt testa programmas un vizualiz\u0113t rezult\u0101tus. \u0160is intuit\u012bvais dizains uzlabo darba pl\u016bsmu un atvieglo \u0101trus piel\u0101gojumus, pamatojoties uz testa pras\u012bb\u0101m.<\/li>\n<li><strong>Uzlabotas efektivit\u0101tes un dro\u0161\u012bbas funkcijas<\/strong><br \/>\nRot\u0113jo\u0161ais galds, autom\u0101tisk\u0101 statika datu v\u0101k\u0161anai un aizsardz\u012bba pret p\u0101rslodzi palielina efektivit\u0101ti un dro\u0161\u012bbu. \u0160\u012bs funkcijas racionaliz\u0113 test\u0113\u0161anu un aizsarg\u0101 instrumentu no p\u0101rm\u0113r\u012bgas lieto\u0161anas, palielinot t\u0101 kalpo\u0161anas ilgumu un uzticam\u012bbu.<\/li>\n<\/ul>\n<h2><strong>Detaliz\u0113tas m\u012bksto \u017eelejas kapsulu ciet\u012bbas un ciet\u012bbas test\u0113\u0161anas metodes<\/strong><\/h2>\n<ul>\n<li><strong>Saspie\u0161anas tests<\/strong><br \/>\nSaspie\u0161anas test\u0101 ar 10 mm diametra vai 10 mm\u00b2 virsmas laukuma cilindra zondi tiek izdar\u012bts spiediens uz kapsulu, l\u012bdz notiek deform\u0101cija vai pl\u012bsums. Tas imit\u0113 fizisko slodzi, ar k\u0101du kapsula var saskarties re\u0101los apst\u0101k\u013cos, piem\u0113ram, iepako\u0161anas un transport\u0113\u0161anas laik\u0101. Veicot saspie\u0161anas testu, ra\u017eot\u0101ji ieg\u016bst inform\u0101ciju par kapsulas iztur\u012bbu un iztur\u012bbu pret boj\u0101jumiem.<\/li>\n<li><strong>Ciet\u012bbas un bl\u012bv\u0113juma iztur\u012bbas test\u0113\u0161ana<\/strong><br \/>\nCiet\u012bbas testos tiek nov\u0113rt\u0113ts, cik \u013coti kapsula deform\u0113jas pie noteiktas spiedes slodzes, t\u0101d\u0113j\u0101di sniedzot ieskatu par t\u0101s elast\u012bbu un elast\u012bbu. Turkl\u0101t bl\u012bv\u0113juma iztur\u012bbas test\u0101 tiek m\u0113r\u012bts sp\u0113ks, kas nepiecie\u0161ams kapsulas bl\u012bv\u0113juma p\u0101rrau\u0161anai, nodro\u0161inot, ka kapsula nesapl\u012bst priek\u0161laic\u012bgi un t\u0101s saturs izdal\u0101s tikai paredz\u0113tajos apst\u0101k\u013cos.<\/li>\n<\/ul>\n<h2><strong>Tehnisk\u0101s specifik\u0101cijas un parametri<\/strong><\/h2>\n<table>\n<tbody>\n<tr>\n<td width=\"184\">Testa diapazons<\/td>\n<td width=\"289\">0 ~ 200 N (vai p\u0113c vajadz\u012bbas)<\/td>\n<\/tr>\n<tr>\n<td width=\"184\">Insults<\/td>\n<td width=\"289\">200 mm (bez skavas)<\/td>\n<\/tr>\n<tr>\n<td width=\"184\">\u0100trums<\/td>\n<td width=\"289\">1 ~ 300 mm\/min (vai p\u0113c vajadz\u012bbas)<\/td>\n<\/tr>\n<tr>\n<td width=\"184\">Izspie\u0161anas precizit\u0101te<\/td>\n<td width=\"289\">0,01 mm<\/td>\n<\/tr>\n<tr>\n<td width=\"184\">Precizit\u0101te<\/td>\n<td width=\"289\">0,5% F.S.<\/td>\n<\/tr>\n<tr>\n<td width=\"184\">Izvades<\/td>\n<td width=\"289\">Ekr\u0101ns, mikroprinteris, RS232 (p\u0113c izv\u0113les)<\/td>\n<\/tr>\n<tr>\n<td width=\"184\">Power<\/td>\n<td width=\"289\">110~ 220V 50\/60Hz<\/td>\n<\/tr>\n<\/tbody>\n<\/table>\n<h2><strong>Soft Gel kapsulu ciet\u012bbas testera priek\u0161roc\u012bbas<\/strong><\/h2>\n<ul>\n<li><strong>Visaptvero\u0161a kvalit\u0101tes nodro\u0161in\u0101\u0161anas test\u0113\u0161ana<\/strong><br \/>\n\u0160is testeris ar vair\u0101ku testu iesp\u0113j\u0101m \u013cauj ra\u017eot\u0101jiem nov\u0113rt\u0113t kapsulu iztur\u012bbu, viendab\u012bgumu un struktur\u0101lo iztur\u012bbu. T\u0101d\u0113j\u0101di tiek uzlabota produktu kvalit\u0101te un klientu apmierin\u0101t\u012bba.<\/li>\n<li><strong>Piel\u0101gojamas stiprin\u0101juma iesp\u0113jas daudzpus\u012bgai test\u0113\u0161anai<\/strong><br \/>\nTesteris ir apr\u012bkots ar da\u017e\u0101diem stiprin\u0101jumiem un stendiem, un tas ir piem\u0113rots da\u017e\u0101diem kapsulu izm\u0113riem un form\u0101m, padarot to daudzpus\u012bgi izmantojamu visda\u017e\u0101d\u0101kajiem m\u012bksto gelu lietojumiem.<\/li>\n<li><strong>Izgatavots ilgsto\u0161ai iztur\u012bbai<\/strong><br \/>\nIzgatavots no iztur\u012bg\u0101m sast\u0101vda\u013c\u0101m un moderniem meh\u0101nismiem, testeris ir konstru\u0113ts t\u0101, lai nodro\u0161in\u0101tu ilgu kalpo\u0161anas laiku, maksim\u0101li palielinot ieguld\u012bjumu atdevi, vienlaikus samazinot d\u012bkst\u0101ves un apkopes laiku.<\/li>\n<\/ul>\n<h2><strong>M\u012bksto \u017eelejas kapsulu ciet\u012bbas testera pielietojums<\/strong><\/h2>\n<p>\u0160is instruments ir \u013coti svar\u012bgs farm\u0101cijas un uztura bag\u0101tin\u0101t\u0101ju ra\u017eo\u0161anas vid\u0113, kur m\u012bksto gelu kapsul\u0101m, kas satur vitam\u012bnus, miner\u0101lvielas un citus \u0161\u0137idros medikamentus, nepiecie\u0161ama stingra kvalit\u0101tes kontrole. M\u012bksto \u017eelejas kapsulu ciet\u012bbas testerim ir iz\u0161\u0137iro\u0161a noz\u012bme ra\u017eo\u0161anas, iepako\u0161anas un apstr\u0101des kvalit\u0101tes nodro\u0161in\u0101\u0161an\u0101, nodro\u0161inot, ka kapsulas saglab\u0101 savu integrit\u0101ti un efektivit\u0101ti, l\u012bdz t\u0101s non\u0101k pie pat\u0113r\u0113t\u0101ja.<\/p>\n<hr \/>\n<h2><strong>Bie\u017e\u0101k uzdoto jaut\u0101jumu sada\u013ca<\/strong><\/h2>\n<ul>\n<li><strong>Q1<\/strong>: <em>K\u0101da veida kapsulas var test\u0113t ar \u0161o instrumentu?<\/em><br \/>\n<strong>A<\/strong>: M\u012bksto g\u0113la kapsulu ciet\u012bbas testeris ir ide\u0101li piem\u0113rots m\u012bksto g\u0113la kapsulu test\u0113\u0161anai, ko izmanto farm\u0101cij\u0101 un uztura bag\u0101tin\u0101t\u0101jos, ieskaitot kapsulas, kas satur vitam\u012bnus un \u0161\u0137idrus medikamentus.<\/li>\n<li><strong>Q2<\/strong>: <em>K\u0101da ir ciet\u012bbas testa noz\u012bme?<\/em><br \/>\n<strong>A<\/strong>: Ciet\u012bbas test\u0101 tiek nov\u0113rt\u0113ta kapsulas sieni\u0146u iztur\u012bba un elast\u012bba, pal\u012bdzot nodro\u0161in\u0101t, ka kapsulas nesaplais\u0101 parastas apstr\u0101des, uzglab\u0101\u0161anas vai iepako\u0161anas laik\u0101.<\/li>\n<li><strong>Q3<\/strong>: <em>Vai ar \u0161o testeri var izm\u0113r\u012bt elast\u012bbu?<\/em><br \/>\n<strong>A<\/strong>: J\u0101, t\u0101 nosaka kapsulas elast\u012bbu, m\u0113rot sieni\u0146u deform\u0101ciju, kas pak\u013cauta noteiktai spiedes slodzei, t\u0101d\u0113j\u0101di nodro\u0161inot, ka kapsulas ir elast\u012bgas, bet iztur\u012bgas.<\/li>\n<li><strong>Q4<\/strong>: <em>Vai CHT-01 var piel\u0101got konkr\u0113tiem kapsulu tipiem?<\/em><br \/>\n<strong>A<\/strong>: J\u0101, testeri var piel\u0101got ar da\u017e\u0101diem stiprin\u0101jumiem un stendiem, lai piel\u0101gotu da\u017e\u0101du formu un izm\u0113ru kapsul\u0101m, t\u0101d\u0113j\u0101di tas ir piem\u0113rots da\u017e\u0101d\u0101m test\u0113\u0161anas vajadz\u012bb\u0101m.<\/li>\n<li><strong>Q5<\/strong>: <em>K\u0101das izejas opcijas ir pieejamas datu ierakst\u012b\u0161anai?<\/em><br \/>\n<strong>A<\/strong>: Testeris att\u0113lo datus ekr\u0101n\u0101, \u013cauj izdruk\u0101t datus, izmantojot mikrodrukas printeri, un p\u0113c izv\u0113les pied\u0101v\u0101 RS232 savienojumu digit\u0101lo datu eksportam.<\/li>\n<\/ul>","protected":false},"excerpt":{"rendered":"<p>Farmaceitiskaj\u0101 un uztura bag\u0101tin\u0101t\u0101ju r\u016bpniec\u012bb\u0101 kvalit\u0101tes kontrole ir \u013coti svar\u012bga. \u013boti svar\u012bgi ir nodro\u0161in\u0101t, lai m\u012bkst\u0101s \u017eelejas kapsulas saglab\u0101tu savu struktur\u0101lo integrit\u0101ti iepako\u0161anas, uzglab\u0101\u0161anas un izplat\u012b\u0161anas procesos. . <strong>M\u012bksto \u017eelejas kapsulu ciet\u012bbas testeris<\/strong>, jo \u012bpa\u0161i <strong>CHT-01 kapsulu un m\u012bkst\u0101s kapsulas ciet\u012bbas testeris<\/strong>, ir augstas precizit\u0101tes instruments, kas paredz\u0113ts kapsulas stingruma, elast\u012bbas un visp\u0101r\u0113j\u0101s iztur\u012bbas m\u0113r\u012b\u0161anai. Nov\u0113rt\u0113jot galvenos faktorus, piem\u0113ram, ciet\u012bbu, deform\u0101ciju un bl\u012bv\u0113juma iztur\u012bbu, \u0161is testeris pal\u012bdz ra\u017eot\u0101jiem garant\u0113t, ka vi\u0146u produkti ir dro\u0161i, efekt\u012bvi un kvalitat\u012bvi.<\/p>","protected":false},"featured_media":6205,"comment_status":"closed","ping_status":"closed","template":"","meta":{"site-sidebar-layout":"default","site-content-layout":"default","ast-global-header-display":"","ast-main-header-display":"","ast-hfb-above-header-display":"","ast-hfb-below-header-display":"","ast-hfb-mobile-header-display":"","site-post-title":"","ast-breadcrumbs-content":"","ast-featured-img":"","footer-sml-layout":"","theme-transparent-header-meta":"default","adv-header-id-meta":"","stick-header-meta":"","header-above-stick-meta":"","header-main-stick-meta":"","header-below-stick-meta":""},"product_cat":[845,953,956,955,1054,954,957,958,952,959,149,95],"product_tag":[],"class_list":{"0":"post-5110","1":"product","2":"type-product","3":"status-publish","4":"has-post-thumbnail","6":"product_cat-customization","7":"product_cat-bursting-tester","8":"product_cat-cobb-tester","9":"product_cat-crush-tester","10":"product_cat-hardness-tester","11":"product_cat-paper-tear-tester","12":"product_cat-plybond-tester","13":"product_cat-puncture-tester","14":"product_cat-rub-tester","15":"product_cat-stiffness-tester","16":"product_cat-pharma-and-medical-testers","17":"product_cat-products","18":"desktop-align-left","19":"tablet-align-left","20":"mobile-align-left","22":"first","23":"instock","24":"shipping-taxable","25":"product-type-simple"},"_links":{"self":[{"href":"https:\/\/www.qualitester.com\/lv\/wp-json\/wp\/v2\/product\/5110","targetHints":{"allow":["GET"]}}],"collection":[{"href":"https:\/\/www.qualitester.com\/lv\/wp-json\/wp\/v2\/product"}],"about":[{"href":"https:\/\/www.qualitester.com\/lv\/wp-json\/wp\/v2\/types\/product"}],"replies":[{"embeddable":true,"href":"https:\/\/www.qualitester.com\/lv\/wp-json\/wp\/v2\/comments?post=5110"}],"version-history":[{"count":0,"href":"https:\/\/www.qualitester.com\/lv\/wp-json\/wp\/v2\/product\/5110\/revisions"}],"wp:featuredmedia":[{"embeddable":true,"href":"https:\/\/www.qualitester.com\/lv\/wp-json\/wp\/v2\/media\/6205"}],"wp:attachment":[{"href":"https:\/\/www.qualitester.com\/lv\/wp-json\/wp\/v2\/media?parent=5110"}],"wp:term":[{"taxonomy":"product_cat","embeddable":true,"href":"https:\/\/www.qualitester.com\/lv\/wp-json\/wp\/v2\/product_cat?post=5110"},{"taxonomy":"product_tag","embeddable":true,"href":"https:\/\/www.qualitester.com\/lv\/wp-json\/wp\/v2\/product_tag?post=5110"}],"curies":[{"name":"wp","href":"https:\/\/api.w.org\/{rel}","templated":true}]}}