{"id":3282,"date":"2023-08-14T08:33:30","date_gmt":"2023-08-14T00:33:30","guid":{"rendered":"https:\/\/www.qualitester.com\/?post_type=product&#038;p=3282"},"modified":"2024-11-27T16:59:18","modified_gmt":"2024-11-27T08:59:18","slug":"heat-seal-data-testing-3-5-point","status":"publish","type":"product","link":"https:\/\/www.qualitester.com\/lv\/products-2\/heat-seal-data-testing-3-5-point\/","title":{"rendered":"GHS-02 Gradienta siltuma bl\u012bv\u0113juma testeris"},"content":{"rendered":"<h2><strong>Ievads termisk\u0101s bl\u012bv\u0113\u0161anas test\u0113\u0161anas iek\u0101rt\u0101s<\/strong><\/h2>\n<p>A <strong>Siltuma bl\u012bv\u0113juma test\u0113\u0161anas ma\u0161\u012bna<\/strong> ir svar\u012bga ier\u012bce, ko izmanto iepakojuma r\u016bpniec\u012bb\u0101, lai nov\u0113rt\u0113tu da\u017e\u0101du materi\u0101lu karstuma bl\u012bv\u0113\u0161anas \u012bpa\u0161\u012bbas. \u0160ie materi\u0101li var b\u016bt pl\u0113ves, lamin\u0101ti un citas elast\u012bgas barjeras sast\u0101vda\u013cas. Siltumbl\u012bv\u0113juma iztur\u012bba un integrit\u0101te ir \u013coti svar\u012bga, lai nodro\u0161in\u0101tu iepakojuma uzticamu aizsardz\u012bbu t\u0101diem produktiem k\u0101 p\u0101rtika, farm\u0101cijas produkti, elektronika un citi. Neprec\u012bzi vai v\u0101ji bl\u012bv\u0113jumi var apdraud\u0113t produkta kvalit\u0101ti, dro\u0161umu un glab\u0101\u0161anas termi\u0146u, t\u0101p\u0113c karstuma bl\u012bv\u0113jumu testerim ir b\u016btiska noz\u012bme kvalit\u0101tes nodro\u0161in\u0101\u0161an\u0101.<\/p>\n<p>Iek\u0101rta darbojas, imit\u0113jot apst\u0101k\u013cus, k\u0101dos iesai\u0146o\u0161anas proces\u0101 veidojas termisk\u0101s plombas. Pielietojot kontrol\u0113tu siltuma, spiediena un laika kombin\u0101ciju, ra\u017eot\u0101ji var noteikt optim\u0101los apst\u0101k\u013cus, lai ieg\u016btu iztur\u012bgus un notur\u012bgus z\u012bmogus. \u0160is process pal\u012bdz preciz\u0113t bl\u012bv\u0113\u0161anas parametrus, nodro\u0161inot, ka iepakojums ir konsekvents un uzticams.<\/p>\n<h2><strong>Izpratne par ASTM F2029-16 (2021): Laboratorijas karstuma bl\u012bv\u0113jumu izgatavo\u0161anas standartprakse<\/strong><\/h2>\n<p><strong><a href=\"https:\/\/www.astm.org\/f2029-16r21.html\" target=\"_blank\" rel=\"noopener nofollow\">ASTM F2029<\/a>-16 (2021)<\/strong>, ar nosaukumu <em>Standarta prakse laboratorijas karstuma plombu izgatavo\u0161anai, lai noteiktu elast\u012bgu barjermateri\u0101lu karstuma herm\u0113tiskumu, ko m\u0113ra p\u0113c herm\u0113tiskuma stipr\u012bbas.<\/em>, ir pamatstandarts karstuma bl\u012bv\u0113juma test\u0113\u0161anai. \u0160is standarts nosaka laboratorijas proced\u016bras, k\u0101 izveidot karstuma plombas un nov\u0113rt\u0113t to iztur\u012bbu. Tas nodro\u0161ina, ka karstuma plombu test\u0113\u0161ana tiek veikta prec\u012bzos, kontrol\u0113tos apst\u0101k\u013cos, lai ieg\u016btu prec\u012bzus un atk\u0101rtojamus rezult\u0101tus.<\/p>\n<p>Port\u0101ls <strong>test\u0113\u0161anas metodes<\/strong> izkl\u0101st\u012bts <a href=\"https:\/\/www.qualitester.com\/lv\/produkta-kategorija\/astm\/astm-f2029\/\" target=\"_blank\" rel=\"noopener\">ASTM F2029<\/a> koncentr\u0113jas uz materi\u0101lu herm\u0113tiskuma noteik\u0161anu, piem\u0113rojot noteiktu temperat\u016bru, spiedienu un nogaid\u012b\u0161anas laiku. Standarts pal\u012bdz ra\u017eot\u0101jiem izprast elast\u012bgo barjermateri\u0101lu bl\u012bv\u0113\u0161anas \u012bpa\u0161\u012bbas, tostarp to darb\u012bbu da\u017e\u0101dos bl\u012bv\u0113\u0161anas apst\u0101k\u013cos. Tas ir b\u016btiski, lai nodro\u0161in\u0101tu materi\u0101la integrit\u0101ti un t\u0101 sp\u0113ju aizsarg\u0101t saturu no \u0101r\u0113jiem faktoriem, piem\u0113ram, mitruma, gaisa un pies\u0101r\u0146ot\u0101jiem.<\/p>\n<h2><strong>Gradienta siltuma bl\u012bv\u0113t\u0101js: Uzlabota tehnolo\u0123ija prec\u012bzai test\u0113\u0161anai<\/strong><\/h2>\n<p>A <strong>Gradienta siltuma bl\u012bv\u0113t\u0101js<\/strong> ir moderna karstuma bl\u012bv\u0113juma test\u0113\u0161anas iek\u0101rta, kas nodro\u0161ina iesp\u0113ju izveidot kontrol\u0113tu temperat\u016bras gradientu vis\u0101 bl\u012bv\u0113juma zon\u0101. \u0160\u012b \u012bpa\u0161\u012bba to at\u0161\u0137ir no tradicion\u0101laj\u0101m karstuma bl\u012bv\u0113\u0161anas iek\u0101rt\u0101m, kas parasti darbojas vien\u0101 temperat\u016br\u0101. Termins \u201cgradients\u201d attiecas uz iek\u0101rtas sp\u0113ju imit\u0113t re\u0101lus bl\u012bv\u0113\u0161anas apst\u0101k\u013cus, kad temperat\u016bras sv\u0101rst\u012bbas var rasties vis\u0101 bl\u012bv\u0113\u0161anas virsmas laukum\u0101.<\/p>\n<p>Port\u0101ls <strong>Gradienta siltuma bl\u012bv\u0113t\u0101js<\/strong> \u013cauj ra\u017eot\u0101jiem vienlaic\u012bgi veikt vair\u0101kus testus da\u017e\u0101d\u0101s temperat\u016br\u0101s, iev\u0113rojami samazinot gaid\u012b\u0161anas laiku starp testiem. \u0160is <strong>vair\u0101ku staciju iesp\u0113ja<\/strong> padara iek\u0101rtu \u013coti efekt\u012bvu, jo \u012bpa\u0161i, test\u0113jot materi\u0101lus ar at\u0161\u0137ir\u012bg\u0101m pras\u012bb\u0101m attiec\u012bb\u0101 uz termisko bl\u012bv\u0113jumu. Test\u0113jot da\u017e\u0101d\u0101s temperat\u016br\u0101s vienlaic\u012bgi, ra\u017eot\u0101ji var \u0101tri noteikt lab\u0101kos bl\u012bv\u0113\u0161anas nosac\u012bjumus da\u017e\u0101diem materi\u0101liem, t\u0101d\u0113j\u0101di uzlabojot kop\u0113jo produktivit\u0101ti.<\/p>\n<h4><strong>Galvenie ieguvumi<\/strong>:<\/h4>\n<ul>\n<li><strong>Liel\u0101ka efektivit\u0101te<\/strong>: Vienlaic\u012bga test\u0113\u0161ana da\u017e\u0101d\u0101s temperat\u016br\u0101s samazina kop\u0113jo test\u0113\u0161anas laiku.<\/li>\n<li><strong>Uzlabota precizit\u0101te<\/strong>: Gradienta funkcija nodro\u0161ina prec\u012bz\u0101ku re\u0101lo bl\u012bv\u0113\u0161anas apst\u0101k\u013cu att\u0113lojumu, sniedzot lab\u0101ku ieskatu materi\u0101la uzved\u012bb\u0101 da\u017e\u0101dos bl\u012bv\u0113\u0161anas apst\u0101k\u013cos.<\/li>\n<li><strong>Piel\u0101gojami iestat\u012bjumi<\/strong>: Iek\u0101rtu var piel\u0101got da\u017e\u0101diem materi\u0101lu veidiem, temperat\u016br\u0101m un spiedienam, padarot to univers\u0101lu da\u017e\u0101d\u0101m nozar\u0113m un test\u0113\u0161anas vajadz\u012bb\u0101m.<\/li>\n<\/ul>\n<h2><strong>Siltuma bl\u012bv\u0113juma test\u0113\u0161anas iek\u0101rtas (GHS-02 Gradient Heat Seal Tester) tehnisk\u0101s \u012bpa\u0161\u012bbas<\/strong><\/h2>\n<p>Port\u0101ls <strong>GHS-02 Gradienta siltuma bl\u012bv\u0113juma testeris<\/strong> ir apr\u012bkots ar vair\u0101k\u0101m modern\u0101m funkcij\u0101m, kas nodro\u0161ina prec\u012bzu, uzticamu un efekt\u012bvu test\u0113\u0161anu:<\/p>\n<ul>\n<li><strong>PLC vad\u012bba un HMI sk\u0101rienekr\u0101ns<\/strong>: Ma\u0161\u012bnas uzlabot\u0101 <strong>PLC vad\u012bbas bloks<\/strong> un <strong>HMI sk\u0101rienekr\u0101ns<\/strong> interfeiss \u013cauj viegli piel\u0101got iestat\u012bjumus un uzraudz\u012bt re\u0101llaika darb\u012bbu, nodro\u0161inot prec\u012bzu temperat\u016bras, spiediena un bl\u012bv\u0113\u0161anas laika kontroli.<\/li>\n<li><strong>Dubultas sild\u012b\u0161anas spailes<\/strong>: Gan aug\u0161\u0113j\u0101s, gan apak\u0161\u0113j\u0101s bl\u012bv\u0113\u0161anas spailes tiek apsild\u012btas neatkar\u012bgi, kas nov\u0113r\u0161 siltuma zudumus un nodro\u0161ina nemain\u012bgu temperat\u016bru vis\u0101 bl\u012bv\u0113\u0161anas proces\u0101.<\/li>\n<li><strong>PID temperat\u016bras kontrolieris<\/strong>: Port\u0101ls <strong>PID temperat\u016bras regulators<\/strong> nodro\u0161ina optim\u0101lu sild\u012b\u0161anas vad\u012bbu, garant\u0113jot stabilu un prec\u012bzu temperat\u016bru test\u0113\u0161anas laik\u0101.<\/li>\n<li><strong>Tuvuma un spiediena sensori<\/strong>: \u0160ie sensori nodro\u0161ina prec\u012bzu bl\u012bv\u0113\u0161anas spiediena un gaid\u012b\u0161anas laika kontroli, pal\u012bdzot pan\u0101kt vienm\u0113r\u012bgu bl\u012bv\u0113jumu.<\/li>\n<li><strong>Vad\u0101m\u0101 bl\u012bv\u0113juma josla<\/strong>: A <strong>tr\u012bs virzienu vad\u0101ma bl\u012bv\u0113juma josla<\/strong> nodro\u0161ina vienm\u0113r\u012bgu bl\u012bv\u0113\u0161anas spiedienu, kas ir \u013coti svar\u012bgs viendab\u012bgiem un iztur\u012bgiem bl\u012bv\u0113jumiem.<\/li>\n<li><strong>Lietot\u0101ja dro\u0161\u012bbas funkcijas<\/strong>: GHS-02 ir izstr\u0101d\u0101ts, dom\u0101jot par lietot\u0101ja aizsardz\u012bbu, ieskaitot <strong>priek\u0161\u0113jais v\u0101ks pret applauc\u0113\u0161anos<\/strong>, a <strong>manu\u0101lais k\u0101jas sl\u0113dzis<\/strong>, k\u0101 ar\u012b citas dro\u0161\u012bbas funkcijas, lai nodro\u0161in\u0101tu operatoru dro\u0161\u012bbu test\u0113\u0161anas laik\u0101.<\/li>\n<li><strong>Piel\u0101go\u0161anas opcijas<\/strong>: Ma\u0161\u012bna pied\u0101v\u0101 piel\u0101gojamu <strong>bl\u012bv\u0113juma \u017eok\u013cu izm\u0113ri<\/strong>, <strong>bl\u012bv\u0113juma virsmu raksti<\/strong>, k\u0101 ar\u012b citas iesp\u0113jas, lai piel\u0101gotos da\u017e\u0101d\u0101m test\u0113\u0161anas vajadz\u012bb\u0101m.<\/li>\n<li><strong>Gradienta temperat\u016bras piel\u0101go\u0161ana<\/strong>: Iek\u0101rtu var konfigur\u0113t, lai sasniegtu da\u017e\u0101dus <strong>gradienta temperat\u016bras<\/strong>, kas nodro\u0161ina liel\u0101ku test\u0113\u0161anas elast\u012bbu.<\/li>\n<li><strong>RS232 ports datu savienojam\u012bbai<\/strong>: Port\u0101ls <strong>RS232 ports<\/strong> un papildu profesion\u0101l\u0101 programmat\u016bra \u013cauj bez probl\u0113m\u0101m p\u0101rs\u016bt\u012bt datus, t\u0101d\u0113j\u0101di atvieglojot testu rezult\u0101tu anal\u012bzi un uzglab\u0101\u0161anu.<\/li>\n<\/ul>\n<h2><strong>Test\u0113\u0161anas process un darba pl\u016bsma<\/strong><\/h2>\n<p>Test\u0113\u0161anas process, izmantojot <strong>Siltuma bl\u012bv\u0113juma test\u0113\u0161anas ma\u0161\u012bna<\/strong> ir vienk\u0101r\u0161a, bet prec\u012bza:<\/p>\n<ol>\n<li><strong>Parauga ievieto\u0161ana<\/strong>: Test\u0113jam\u0101 materi\u0101la paraugu ievieto starp div\u0101m paral\u0113l\u0101m, uzkars\u0113t\u0101m bl\u012bv\u0113\u0161anas spail\u0113m ar l\u012bdzenu virsmu.<\/li>\n<li><strong>Iestat\u012bjumu piel\u0101go\u0161ana<\/strong>: Lietot\u0101js nosaka v\u0113lamo temperat\u016bru, spiedienu un bl\u012bv\u0113\u0161anas laiku, pamatojoties uz materi\u0101lu un paredz\u0113tajiem bl\u012bv\u0113\u0161anas apst\u0101k\u013ciem.<\/li>\n<li><strong>Parauga aizz\u012bmogo\u0161ana<\/strong>: Kad ir sasniegta vajadz\u012bg\u0101 temperat\u016bra, aug\u0161\u0113jo bl\u012bv\u0113\u0161anas spaili, ko darbina g\u0101zes balons, nolai\u017e, lai noteiktu laiku uz paraugu iedarbotos ar noteiktu spiedienu.<\/li>\n<li><strong>Atgrie\u0161an\u0101s un nov\u0113rt\u0113\u0161ana<\/strong>: Kad iepriek\u0161 iestat\u012btais bl\u012bv\u0113\u0161anas laiks ir beidzies, aug\u0161\u0113jais \u017eoklis atgrie\u017eas s\u0101kotn\u0113j\u0101 poz\u012bcij\u0101, un paraugs tiek iz\u0146emts nov\u0113rt\u0113\u0161anai.<\/li>\n<\/ol>\n<h2><strong>Siltuma bl\u012bv\u0113juma test\u0113\u0161anas iek\u0101rtas galvenie parametri<\/strong><\/h2>\n<p>Port\u0101ls <strong>GHS-02 Gradienta siltuma bl\u012bv\u0113juma testeris<\/strong> ir prec\u012bzu parametru kopums, kas nodro\u0161ina prec\u012bzus rezult\u0101tus:<\/p>\n<table>\n<tbody>\n<tr>\n<td style=\"text-align: center;\" width=\"123\">Bl\u012bv\u0113\u0161anas temperat\u016bra.<\/td>\n<td style=\"text-align: center;\" width=\"196\">Apk\u0101rt\u0113j\u0101 vide ~ 250 \u2103<\/td>\n<\/tr>\n<tr>\n<td style=\"text-align: center;\" width=\"123\">Temperat\u016bra. Gradients<\/td>\n<td style=\"text-align: center;\" width=\"196\">\u226420\u2103<\/td>\n<\/tr>\n<tr>\n<td style=\"text-align: center;\" width=\"123\">Novirze<\/td>\n<td style=\"text-align: center;\" width=\"196\">\u00b10.2\u2103<\/td>\n<\/tr>\n<tr>\n<td style=\"text-align: center;\" width=\"123\">Bl\u012bv\u0113\u0161anas laiks<\/td>\n<td style=\"text-align: center;\" width=\"196\">0.1S~9999H<\/td>\n<\/tr>\n<tr>\n<td style=\"text-align: center;\" width=\"123\">Bl\u012bv\u0113\u0161anas spiediens<\/td>\n<td style=\"text-align: center;\" width=\"196\">0,15 ~ 0,7 MPa<\/td>\n<\/tr>\n<tr>\n<td style=\"text-align: center;\" width=\"123\">Bl\u012bv\u0113juma spailes (mm)<\/td>\n<td style=\"text-align: center;\" width=\"196\">U: 40*10 5GAB\/L: 330 1GAB<\/td>\n<\/tr>\n<tr>\n<td style=\"text-align: center;\" width=\"123\">G\u0101zes padeve<\/td>\n<td style=\"text-align: center;\" width=\"196\">0,7 MPa ar \u04246 mm cauruli<\/td>\n<\/tr>\n<tr>\n<td style=\"text-align: center;\" width=\"123\">Power<\/td>\n<td style=\"text-align: center;\" width=\"196\">mai\u0146str\u0101va 220 V 50 Hz<\/td>\n<\/tr>\n<\/tbody>\n<\/table>\n<h2><strong>Standartu atbilst\u012bba un sertifik\u0101cija<\/strong><\/h2>\n<p>Port\u0101ls <strong>Siltuma bl\u012bv\u0113juma test\u0113\u0161anas ma\u0161\u012bna<\/strong> piln\u012bb\u0101 atbilst <strong>ASTM F2029-16 (2021)<\/strong>, nodro\u0161inot, ka iek\u0101rta atbilst nepiecie\u0161amajiem nozares standartiem karstuma bl\u012bv\u0113juma test\u0113\u0161anai. \u0160is sertifik\u0101ts garant\u0113, ka iek\u0101rta sniedz uzticamus un prec\u012bzus rezult\u0101tus, kas atbilst vispla\u0161\u0101k atz\u012btiem karstuma bl\u012bv\u0113\u0161anas standartiem. Ra\u017eot\u0101ji var uztic\u0113ties, ka GHS-02 Gradient Heat Seal Tester nodro\u0161ina prec\u012bzus m\u0113r\u012bjumus, kas pal\u012bdz nodro\u0161in\u0101t iepakojuma kvalit\u0101ti un uzticam\u012bbu.<\/p>\n<h2><strong>K\u0101p\u0113c izv\u0113l\u0113ties GHS-02 Gradient Heat Seal Tester<\/strong><\/h2>\n<ul>\n<li><strong>Efektivit\u0101te<\/strong>: Vienlaikus test\u0113jiet vair\u0101kus paraugus da\u017e\u0101d\u0101s temperat\u016br\u0101s, samazinot kop\u0113jo test\u0113\u0161anas laiku un palielinot produktivit\u0101ti.<\/li>\n<li><strong>Precision<\/strong>: \u013boti prec\u012bzi testa rezult\u0101ti ar piel\u0101gojamiem parametriem un uzlabotu temperat\u016bras kontroli.<\/li>\n<li><strong>Uzticam\u012bba<\/strong>: Atbilst\u012bba <strong>ASTM F2029<\/strong> nodro\u0161ina, ka j\u016bsu test\u0113\u0161ana atbilst nozares standartiem attiec\u012bb\u0101 uz karstuma bl\u012bv\u0113juma iztur\u012bbu un integrit\u0101ti.<\/li>\n<li><strong>Piel\u0101go\u0161ana<\/strong>: Piel\u0101gojiet iek\u0101rtas iestat\u012bjumus un funkcijas, lai t\u0101s atbilstu j\u016bsu unik\u0101laj\u0101m test\u0113\u0161anas vajadz\u012bb\u0101m, s\u0101kot no bl\u012bv\u0113juma spai\u013cu izm\u0113riem l\u012bdz bl\u012bv\u0113\u0161anas spiedienam.<\/li>\n<\/ul>\n<p>Port\u0101ls <strong>Siltuma bl\u012bv\u0113juma test\u0113\u0161anas ma\u0161\u012bna<\/strong> ir b\u016btisks r\u012bks iepakojuma nozares ra\u017eot\u0101jiem, kas nodro\u0161ina, ka vi\u0146u produkti tiek aizz\u012bmogoti ar optim\u0101lu iztur\u012bbu un integrit\u0101ti. Neatkar\u012bgi no t\u0101, vai iepakojat p\u0101rtiku, farmaceitiskos produktus vai elektroniku, GHS-02 Gradient Heat Seal Tester nodro\u0161ina precizit\u0101ti un efektivit\u0101ti, kas nepiecie\u0161ama, lai nodro\u0161in\u0101tu visaugst\u0101k\u0101s kvalit\u0101tes bl\u012bv\u0113jumus. Pateicoties t\u0101 modernajai tehnolo\u0123ijai, nodro\u0161ina atbilst\u012bbu <strong>ASTM F2029<\/strong>, un piel\u0101gojamiem iestat\u012bjumiem, \u0161\u012b iek\u0101rta ir ide\u0101la izv\u0113le uz\u0146\u0113mumiem, kas v\u0113las uzlabot iepakojuma kvalit\u0101tes kontroles procesus.<\/p>","protected":false},"excerpt":{"rendered":"<p>A <strong>Siltuma bl\u012bv\u0113juma test\u0113\u0161anas ma\u0161\u012bna<\/strong> ir svar\u012bga ier\u012bce, ko izmanto iepakojuma r\u016bpniec\u012bb\u0101, lai nov\u0113rt\u0113tu da\u017e\u0101du materi\u0101lu karstuma bl\u012bv\u0113\u0161anas \u012bpa\u0161\u012bbas. \u0160ie materi\u0101li var b\u016bt pl\u0113ves, lamin\u0101ti un citas elast\u012bgas barjeras sast\u0101vda\u013cas. Siltuma bl\u012bv\u0113juma iztur\u012bba un integrit\u0101te ir \u013coti svar\u012bga, lai nodro\u0161in\u0101tu iepakojuma uzticamu aizsardz\u012bbu t\u0101diem produktiem k\u0101 p\u0101rtika, farm\u0101cijas produkti, elektronika un citi.<\/p>","protected":false},"featured_media":5917,"comment_status":"closed","ping_status":"closed","template":"","meta":{"site-sidebar-layout":"default","site-content-layout":"default","ast-global-header-display":"","ast-main-header-display":"","ast-hfb-above-header-display":"","ast-hfb-below-header-display":"","ast-hfb-mobile-header-display":"","site-post-title":"","ast-breadcrumbs-content":"","ast-featured-img":"","footer-sml-layout":"","theme-transparent-header-meta":"default","adv-header-id-meta":"","stick-header-meta":"","header-above-stick-meta":"","header-main-stick-meta":"","header-below-stick-meta":""},"product_cat":[845,677,149,16,142,95],"product_tag":[64,922,504,506,505,909],"class_list":{"0":"post-3282","1":"product","2":"type-product","3":"status-publish","4":"has-post-thumbnail","6":"product_cat-customization","7":"product_cat-heat-seal-tester","8":"product_cat-pharma-and-medical-testers","9":"product_cat-plastic-packaging-testers","10":"product_cat-astm-f2029","11":"product_cat-products","12":"product_tag-astm-f2029","13":"product_tag-gradient-heat-seal-tester","14":"product_tag-heat-sealing-pressure","15":"product_tag-heat-sealing-temperature","16":"product_tag-heat-sealing-time","17":"product_tag-packaging-heat-seal-data","18":"desktop-align-left","19":"tablet-align-left","20":"mobile-align-left","22":"first","23":"instock","24":"shipping-taxable","25":"product-type-simple"},"_links":{"self":[{"href":"https:\/\/www.qualitester.com\/lv\/wp-json\/wp\/v2\/product\/3282","targetHints":{"allow":["GET"]}}],"collection":[{"href":"https:\/\/www.qualitester.com\/lv\/wp-json\/wp\/v2\/product"}],"about":[{"href":"https:\/\/www.qualitester.com\/lv\/wp-json\/wp\/v2\/types\/product"}],"replies":[{"embeddable":true,"href":"https:\/\/www.qualitester.com\/lv\/wp-json\/wp\/v2\/comments?post=3282"}],"version-history":[{"count":0,"href":"https:\/\/www.qualitester.com\/lv\/wp-json\/wp\/v2\/product\/3282\/revisions"}],"wp:featuredmedia":[{"embeddable":true,"href":"https:\/\/www.qualitester.com\/lv\/wp-json\/wp\/v2\/media\/5917"}],"wp:attachment":[{"href":"https:\/\/www.qualitester.com\/lv\/wp-json\/wp\/v2\/media?parent=3282"}],"wp:term":[{"taxonomy":"product_cat","embeddable":true,"href":"https:\/\/www.qualitester.com\/lv\/wp-json\/wp\/v2\/product_cat?post=3282"},{"taxonomy":"product_tag","embeddable":true,"href":"https:\/\/www.qualitester.com\/lv\/wp-json\/wp\/v2\/product_tag?post=3282"}],"curies":[{"name":"wp","href":"https:\/\/api.w.org\/{rel}","templated":true}]}}