{"id":3261,"date":"2023-08-10T08:46:24","date_gmt":"2023-08-10T00:46:24","guid":{"rendered":"https:\/\/www.qualitester.com\/?post_type=product&#038;p=3261"},"modified":"2024-12-04T14:17:15","modified_gmt":"2024-12-04T06:17:15","slug":"easy-to-operate-paper-and-film-tear-testing-instruments-elmendorf-method","status":"publish","type":"product","link":"https:\/\/www.qualitester.com\/lv\/products-2\/easy-to-operate-paper-and-film-tear-testing-instruments-elmendorf-method\/","title":{"rendered":"Viegli lietojami pap\u012bra un pl\u0113ves pl\u0113ves pl\u012b\u0161anas test\u0113\u0161anas instrumenti Elmendorfa metode"},"content":{"rendered":"<div data-elementor-type=\"wp-post\" data-elementor-id=\"3261\" class=\"elementor elementor-3261\" data-elementor-post-type=\"product\">\n\t\t\t\t<div class=\"elementor-element elementor-element-58e3667 e-flex e-con-boxed e-con e-parent\" data-id=\"58e3667\" data-element_type=\"container\">\n\t\t\t\t\t<div class=\"e-con-inner\">\n\t\t<div class=\"elementor-element elementor-element-7a22116 e-con-full e-flex e-con e-parent\" data-id=\"7a22116\" data-element_type=\"container\">\n\t\t\t\t<div class=\"elementor-element elementor-element-d26c024 elementor-widget elementor-widget-image\" data-id=\"d26c024\" data-element_type=\"widget\" data-widget_type=\"image.default\">\n\t\t\t\t<div class=\"elementor-widget-container\">\n\t\t\t\t\t\t\t\t\t\t\t\t\t<img fetchpriority=\"high\" decoding=\"async\" width=\"640\" height=\"640\" src=\"https:\/\/www.qualitester.com\/wp-content\/uploads\/2023\/04\/Tearing-Tester-SLD-01-1.jpg\" class=\"attachment-large size-large wp-image-1808\" alt=\"\" srcset=\"https:\/\/www.qualitester.com\/wp-content\/uploads\/2023\/04\/Tearing-Tester-SLD-01-1.jpg 640w, https:\/\/www.qualitester.com\/wp-content\/uploads\/2023\/04\/Tearing-Tester-SLD-01-1-300x300.jpg 300w, https:\/\/www.qualitester.com\/wp-content\/uploads\/2023\/04\/Tearing-Tester-SLD-01-1-150x150.jpg 150w, https:\/\/www.qualitester.com\/wp-content\/uploads\/2023\/04\/Tearing-Tester-SLD-01-1-600x600.jpg 600w, https:\/\/www.qualitester.com\/wp-content\/uploads\/2023\/04\/Tearing-Tester-SLD-01-1-100x100.jpg 100w\" sizes=\"(max-width: 640px) 100vw, 640px\" \/>\t\t\t\t\t\t\t\t\t\t\t\t\t<\/div>\n\t\t\t\t<\/div>\n\t\t\t\t<\/div>\n\t\t<div class=\"elementor-element elementor-element-ee24d79 e-con-full e-flex e-con e-parent\" data-id=\"ee24d79\" data-element_type=\"container\">\n\t\t\t\t<div class=\"elementor-element elementor-element-1cfae69 elementor-widget elementor-widget-text-editor\" data-id=\"1cfae69\" data-element_type=\"widget\" data-widget_type=\"text-editor.default\">\n\t\t\t\t<div class=\"elementor-widget-container\">\n\t\t\t\t\t\t\t<h6><strong>Pieteikums<\/strong><\/h6><p><em>Iztur\u012bba pret pl\u012bsumiem ir viens no svar\u012bg\u0101kajiem materi\u0101la meh\u0101niskajiem parametriem. Iztur\u012bba pret pl\u012bsumiem (vai pl\u012bsumu iztur\u012bba) ir r\u0101d\u012bt\u0101js, kas par\u0101da, cik labi materi\u0101ls sp\u0113j iztur\u0113t pl\u012bsumu iedarb\u012bbu. Tas ir noder\u012bgs in\u017eeniertehnisks m\u0113r\u012bjums da\u017e\u0101diem materi\u0101liem, ko veic ar daudz\u0101m da\u017e\u0101d\u0101m test\u0113\u0161anas metod\u0113m.<\/em><\/p><p><em>SLD-01 asaru testeris ir standarta tests, ar kuru nosaka pretest\u012bbu pret asar\u0101m un kur\u0161 nosaukts t\u0101 izgudrot\u0101ja Arm\u012bna Elmendorfa v\u0101rd\u0101. Ar Elmendorfa testu nosaka vid\u0113jo sp\u0113ku gramos vai mN, kas nepiecie\u0161ams parauga sapl\u0113\u0161anai p\u0113c tam, kad paraugs ir s\u0101cis pl\u012bst. Veicot testu, vienu vai vair\u0101kas loksnes ar sv\u0101rsta pal\u012bdz\u012bbu p\u0101rrauj noteikt\u0101 att\u0101lum\u0101. P\u0101rraugot izt\u0113r\u0113to sp\u0113ku m\u0113ra p\u0113c sv\u0101rsta potenci\u0101l\u0101s ener\u0123ijas zuduma.<\/em><\/p><h6><strong>Test\u0113\u0161anas process<\/strong><\/h6><p><em>Ar testera griez\u0113jnazi paraug\u0101 izveido spraugu, kas beidzas 43 mm att\u0101lum\u0101 no parauga malas. Darbojoties gravit\u0101cijas sp\u0113kam, sv\u0101rsts tiek atlaists, lai izplat\u012btu spraugu cauri atliku\u0161ajiem 43 mm. Ener\u0123ijas zudumus, ko rada sv\u0101rsts, izmanto, lai apr\u0113\u0137in\u0101tu vid\u0113jo pl\u012b\u0161anas sp\u0113ku.<\/em><\/p>\t\t\t\t\t\t<\/div>\n\t\t\t\t<\/div>\n\t\t\t\t<\/div>\n\t\t\t\t\t<\/div>\n\t\t\t\t<\/div>\n\t\t<div class=\"elementor-element elementor-element-38eadb7 e-flex e-con-boxed e-con e-parent\" data-id=\"38eadb7\" data-element_type=\"container\">\n\t\t\t\t\t<div class=\"e-con-inner\">\n\t\t<div class=\"elementor-element elementor-element-5d823eb e-con-full e-flex e-con e-parent\" data-id=\"5d823eb\" data-element_type=\"container\">\n\t\t\t\t<div class=\"elementor-element elementor-element-c4c6a3a elementor-widget elementor-widget-image\" data-id=\"c4c6a3a\" data-element_type=\"widget\" data-widget_type=\"image.default\">\n\t\t\t\t<div class=\"elementor-widget-container\">\n\t\t\t\t\t\t\t\t\t\t\t\t\t<img fetchpriority=\"high\" decoding=\"async\" width=\"640\" height=\"640\" src=\"https:\/\/www.qualitester.com\/wp-content\/uploads\/2023\/04\/Tearing-Tester-SLD-01-1.jpg\" class=\"attachment-large size-large wp-image-1808\" alt=\"\" srcset=\"https:\/\/www.qualitester.com\/wp-content\/uploads\/2023\/04\/Tearing-Tester-SLD-01-1.jpg 640w, https:\/\/www.qualitester.com\/wp-content\/uploads\/2023\/04\/Tearing-Tester-SLD-01-1-300x300.jpg 300w, https:\/\/www.qualitester.com\/wp-content\/uploads\/2023\/04\/Tearing-Tester-SLD-01-1-150x150.jpg 150w, https:\/\/www.qualitester.com\/wp-content\/uploads\/2023\/04\/Tearing-Tester-SLD-01-1-600x600.jpg 600w, https:\/\/www.qualitester.com\/wp-content\/uploads\/2023\/04\/Tearing-Tester-SLD-01-1-100x100.jpg 100w\" sizes=\"(max-width: 640px) 100vw, 640px\" \/>\t\t\t\t\t\t\t\t\t\t\t\t\t<\/div>\n\t\t\t\t<\/div>\n\t\t\t\t<\/div>\n\t\t<div class=\"elementor-element elementor-element-c342d74 e-con-full e-flex e-con e-parent\" data-id=\"c342d74\" data-element_type=\"container\">\n\t\t\t\t<div class=\"elementor-element elementor-element-eb7fdce elementor-widget elementor-widget-text-editor\" data-id=\"eb7fdce\" data-element_type=\"widget\" data-widget_type=\"text-editor.default\">\n\t\t\t\t<div class=\"elementor-widget-container\">\n\t\t\t\t\t\t\t<h6><strong>Tehnisk\u0101s funkcijas<\/strong><\/h6><p><em>Tas ir PLC kontrol\u0113ts bloks (r\u016bpnieciskais l\u012bmenis ir stabils) un HMI sk\u0101rienekr\u0101na operators. Visas deta\u013cas ir stingri atbilst\u012bgas standartam. Ar m\u016bsu prec\u012bzu konstrukciju m\u0113s apr\u012bkojam p\u0101rbaudes svaru, ko var izmantot da\u017e\u0101du testu diapazonu kalibr\u0113\u0161anai.<\/em><\/p><p><em>Pap\u012bra lietot\u0101jiem varam pievienot mN vien\u012bbas un asaru indeksa parametrus.<\/em><\/p><ul><li><em>PLC tehnolo\u0123ija un cilv\u0113ka un ma\u0161\u012bnas saskarne.<\/em><\/li><li><em>Pla\u0161s test\u0113\u0161anas diapazons da\u017e\u0101diem materi\u0101liem<\/em><\/li><li><em>Pneimatisk\u0101 paraugu iesp\u012bl\u0113\u0161ana<\/em><\/li><li><em>Sv\u0101rsta autom\u0101tisk\u0101 atbr\u012bvo\u0161ana<\/em><\/li><li><em>Datu autom\u0101tisk\u0101 statistika, glab\u0101\u0161ana<\/em><\/li><li><em>RS 232 ports un profesion\u0101la programmat\u016bra (p\u0113c izv\u0113les) <\/em><\/li><li><em>Mikroprinteris\u00a0<\/em><\/li><\/ul>\t\t\t\t\t\t<\/div>\n\t\t\t\t<\/div>\n\t\t\t\t<\/div>\n\t\t\t\t\t<\/div>\n\t\t\t\t<\/div>\n\t\t<div class=\"elementor-element elementor-element-3f82be9 e-flex e-con-boxed e-con e-parent\" data-id=\"3f82be9\" data-element_type=\"container\">\n\t\t\t\t\t<div class=\"e-con-inner\">\n\t\t<div class=\"elementor-element elementor-element-5cefc31 e-con-full e-flex e-con e-parent\" data-id=\"5cefc31\" data-element_type=\"container\">\n\t\t\t\t<div class=\"elementor-element elementor-element-ba50fe3 elementor-widget elementor-widget-image\" data-id=\"ba50fe3\" data-element_type=\"widget\" data-widget_type=\"image.default\">\n\t\t\t\t<div class=\"elementor-widget-container\">\n\t\t\t\t\t\t\t\t\t\t\t\t\t<img fetchpriority=\"high\" decoding=\"async\" width=\"640\" height=\"640\" src=\"https:\/\/www.qualitester.com\/wp-content\/uploads\/2023\/04\/Tearing-Tester-SLD-01-1.jpg\" class=\"attachment-large size-large wp-image-1808\" alt=\"\" srcset=\"https:\/\/www.qualitester.com\/wp-content\/uploads\/2023\/04\/Tearing-Tester-SLD-01-1.jpg 640w, https:\/\/www.qualitester.com\/wp-content\/uploads\/2023\/04\/Tearing-Tester-SLD-01-1-300x300.jpg 300w, https:\/\/www.qualitester.com\/wp-content\/uploads\/2023\/04\/Tearing-Tester-SLD-01-1-150x150.jpg 150w, https:\/\/www.qualitester.com\/wp-content\/uploads\/2023\/04\/Tearing-Tester-SLD-01-1-600x600.jpg 600w, https:\/\/www.qualitester.com\/wp-content\/uploads\/2023\/04\/Tearing-Tester-SLD-01-1-100x100.jpg 100w\" sizes=\"(max-width: 640px) 100vw, 640px\" \/>\t\t\t\t\t\t\t\t\t\t\t\t\t<\/div>\n\t\t\t\t<\/div>\n\t\t\t\t<\/div>\n\t\t<div class=\"elementor-element elementor-element-a1fe0d8 e-con-full e-flex e-con e-parent\" data-id=\"a1fe0d8\" data-element_type=\"container\">\n\t\t\t\t<div class=\"elementor-element elementor-element-b212c1f elementor-widget elementor-widget-text-editor\" data-id=\"b212c1f\" data-element_type=\"widget\" data-widget_type=\"text-editor.default\">\n\t\t\t\t<div class=\"elementor-widget-container\">\n\t\t\t\t\t\t\t<h6><strong>Galvenie dati<\/strong><\/h6><p>Sv\u0101rsta jauda (gf) 200,400,800,1600,3200,6400<\/p><p>G\u0101zes avots 0,6 MPa<\/p><p>Plauksto\u0161\u0101 roka 104\u00b11mm<\/p><p>S\u0101kotn\u0113jais pl\u012b\u0161anas le\u0146\u0137is 27,5 \u00b10,5\u00b0<\/p><p>Ener\u0123ijas padeve AC110 ~ 220V 50\/60Hz<\/p>\t\t\t\t\t\t<\/div>\n\t\t\t\t<\/div>\n\t\t\t\t<\/div>\n\t\t\t\t\t<\/div>\n\t\t\t\t<\/div>\n\t\t<div class=\"elementor-element elementor-element-20cebe4 e-flex e-con-boxed e-con e-parent\" data-id=\"20cebe4\" data-element_type=\"container\">\n\t\t\t\t\t<div class=\"e-con-inner\">\n\t\t\t\t<div class=\"elementor-element elementor-element-ca72f40 elementor-widget elementor-widget-wpforms\" data-id=\"ca72f40\" data-element_type=\"widget\" data-widget_type=\"wpforms.default\">\n\t\t\t\t<div class=\"elementor-widget-container\">\n\t\t\t<div class=\"wpforms-container\" id=\"wpforms-11\"><form id=\"wpforms-form-11\" class=\"wpforms-validate wpforms-form wpforms-ajax-form\" data-formid=\"11\" method=\"post\" enctype=\"multipart\/form-data\" action=\"\/lv\/wp-json\/wp\/v2\/product\/3261\" data-token=\"9d24770f1d10a347f14497a8d468f002\" data-trp-original-action=\"\/lv\/wp-json\/wp\/v2\/product\/3261\"><noscript class=\"wpforms-error-noscript\">Lai aizpild\u012btu \u0161o veidlapu, l\u016bdzu, iesp\u0113jojiet JavaScript sav\u0101 p\u0101rl\u016bkprogramm\u0101.<\/noscript><div class=\"wpforms-field-container\"><div id=\"wpforms-11-field_1-container\" class=\"wpforms-field wpforms-field-text\" data-field-id=\"1\"><label class=\"wpforms-field-label\" for=\"wpforms-11-field_1\">Nosaukums <span class=\"wpforms-required-label\">*<\/span><\/label><input type=\"text\" id=\"wpforms-11-field_1\" class=\"wpforms-field-medium wpforms-field-required\" name=\"wpforms[fields][1]\" placeholder=\"Nosaukums\" required><\/div><div id=\"wpforms-11-field_5-container\" class=\"wpforms-field wpforms-field-text\" data-field-id=\"5\"><label class=\"wpforms-field-label\" for=\"wpforms-11-field_5\">Uz\u0146\u0113mums<\/label><input type=\"text\" id=\"wpforms-11-field_5\" class=\"wpforms-field-medium\" name=\"wpforms[fields][5]\" ><\/div><div id=\"wpforms-11-field_4-container\" class=\"wpforms-field wpforms-field-number\" data-field-id=\"4\"><label class=\"wpforms-field-label\" for=\"wpforms-11-field_4\">T\u0101lrunis<\/label><input type=\"number\" pattern=\"\\d*\" id=\"wpforms-11-field_4\" class=\"wpforms-field-medium\" name=\"wpforms[fields][4]\" placeholder=\"T\u0101lrunis\" ><\/div><div id=\"wpforms-11-field_3-container\" class=\"wpforms-field wpforms-field-email\" data-field-id=\"3\"><label class=\"wpforms-field-label\" for=\"wpforms-11-field_3\">E-pasts <span class=\"wpforms-required-label\">*<\/span><\/label><input type=\"email\" id=\"wpforms-11-field_3\" class=\"wpforms-field-medium wpforms-field-required\" name=\"wpforms[fields][3]\" placeholder=\"E-pasts\" spellcheck=\"false\" required><\/div><div id=\"wpforms-11-field_2-container\" class=\"wpforms-field wpforms-field-textarea\" data-field-id=\"2\"><label class=\"wpforms-field-label\" for=\"wpforms-11-field_2\">Zi\u0146a<\/label><textarea id=\"wpforms-11-field_2\" class=\"wpforms-field-large\" name=\"wpforms[fields][2]\" ><\/textarea><\/div><\/div><!-- .wpforms-field-container --><input type=\"hidden\" name=\"wpforms[recaptcha]\" value=\"\"><div class=\"wpforms-submit-container\" ><input type=\"hidden\" name=\"wpforms[id]\" value=\"11\"><input type=\"hidden\" name=\"wpforms[author]\" value=\"4\"><button type=\"submit\" name=\"wpforms[submit]\" id=\"wpforms-submit-11\" class=\"wpforms-submit\" data-alt-text=\"Submitting\" data-submit-text=\"Submit\" aria-live=\"assertive\" value=\"wpforms-submit\">Iesniegt<\/button><img decoding=\"async\" src=\"https:\/\/www.qualitester.com\/wp-content\/plugins\/wpforms-lite\/assets\/images\/submit-spin.svg\" class=\"wpforms-submit-spinner\" style=\"display: none;\" width=\"26\" height=\"26\" alt=\"Iekrau\u0161ana\"><\/div><input type=\"hidden\" name=\"trp-form-language\" value=\"lv\"\/><\/form><\/div>  <!-- .wpforms-container -->\t\t<\/div>\n\t\t\t\t<\/div>\n\t\t\t\t\t<\/div>\n\t\t\t\t<\/div>\n\t\t\t\t<\/div>","protected":false},"excerpt":{"rendered":"<p>SLD-01 asaru testeris ir standarta tests, ar ko nosaka pretest\u012bbu pret asar\u0101m, un tas ir nosaukts t\u0101 izgudrot\u0101ja Arm\u012bna Elmendorfa v\u0101rd\u0101.<\/p>","protected":false},"featured_media":1808,"comment_status":"closed","ping_status":"closed","template":"","meta":{"site-sidebar-layout":"default","site-content-layout":"default","ast-global-header-display":"","ast-main-header-display":"","ast-hfb-above-header-display":"","ast-hfb-below-header-display":"","ast-hfb-mobile-header-display":"","site-post-title":"disabled","ast-breadcrumbs-content":"","ast-featured-img":"disabled","footer-sml-layout":"","theme-transparent-header-meta":"default","adv-header-id-meta":"","stick-header-meta":"","header-above-stick-meta":"","header-main-stick-meta":"","header-below-stick-meta":""},"product_cat":[44,149,16,99,119,121,137,100,159,165,95],"product_tag":[45,46,47,568,566,520,485,565],"class_list":{"0":"post-3261","1":"product","2":"type-product","3":"status-publish","4":"has-post-thumbnail","6":"product_cat-paper-and-board-testers","7":"product_cat-pharma-and-medical-testers","8":"product_cat-plastic-packaging-testers","9":"product_cat-astm","10":"product_cat-astm-d1424","11":"product_cat-astm-d1922","12":"product_cat-astm-d689","13":"product_cat-iso","14":"product_cat-iso-1974","15":"product_cat-iso-6383","16":"product_cat-products","17":"product_tag-astm-d1424","18":"product_tag-astm-d1922","19":"product_tag-astm-d689","20":"product_tag-elemendorf-method","21":"product_tag-elimendorf-tear","22":"product_tag-film-tear","23":"product_tag-paper-tear","24":"product_tag-tear-resistance","25":"desktop-align-left","26":"tablet-align-left","27":"mobile-align-left","29":"first","30":"instock","31":"shipping-taxable","32":"product-type-simple"},"_links":{"self":[{"href":"https:\/\/www.qualitester.com\/lv\/wp-json\/wp\/v2\/product\/3261","targetHints":{"allow":["GET"]}}],"collection":[{"href":"https:\/\/www.qualitester.com\/lv\/wp-json\/wp\/v2\/product"}],"about":[{"href":"https:\/\/www.qualitester.com\/lv\/wp-json\/wp\/v2\/types\/product"}],"replies":[{"embeddable":true,"href":"https:\/\/www.qualitester.com\/lv\/wp-json\/wp\/v2\/comments?post=3261"}],"version-history":[{"count":0,"href":"https:\/\/www.qualitester.com\/lv\/wp-json\/wp\/v2\/product\/3261\/revisions"}],"wp:featuredmedia":[{"embeddable":true,"href":"https:\/\/www.qualitester.com\/lv\/wp-json\/wp\/v2\/media\/1808"}],"wp:attachment":[{"href":"https:\/\/www.qualitester.com\/lv\/wp-json\/wp\/v2\/media?parent=3261"}],"wp:term":[{"taxonomy":"product_cat","embeddable":true,"href":"https:\/\/www.qualitester.com\/lv\/wp-json\/wp\/v2\/product_cat?post=3261"},{"taxonomy":"product_tag","embeddable":true,"href":"https:\/\/www.qualitester.com\/lv\/wp-json\/wp\/v2\/product_tag?post=3261"}],"curies":[{"name":"wp","href":"https:\/\/api.w.org\/{rel}","templated":true}]}}