{"id":2743,"date":"2023-07-17T15:11:03","date_gmt":"2023-07-17T07:11:03","guid":{"rendered":"https:\/\/www.qualitester.com\/?post_type=product&#038;p=2743"},"modified":"2025-06-12T13:59:32","modified_gmt":"2025-06-12T05:59:32","slug":"fdt-01-polypropylene-film-drop-dart-tester","status":"publish","type":"product","link":"https:\/\/www.qualitester.com\/lv\/products-2\/fdt-01-polypropylene-film-drop-dart-tester\/","title":{"rendered":"FDT-01 kr\u012bto\u0161o \u0161autri\u0146u trieciena testeris"},"content":{"rendered":"<p>Port\u0101ls\u00a0<strong>Kr\u012bto\u0161o \u0161autri\u0146u trieciena testeris <\/strong>ir kritisks instruments, kas paredz\u0113ts plastmasas pl\u0113vju, lok\u0161\u0146u, kompoz\u012btmateri\u0101lu pl\u0113vju, foliju un pap\u012bra ar biezumu, kas maz\u0101ks par 1 mm, triecieniztur\u012bbas nov\u0113rt\u0113\u0161anai. \u0160is tests ir b\u016btisks, lai nov\u0113rt\u0113tu materi\u0101la sp\u0113ju iztur\u0113t \u0101r\u0113jos sp\u0113kus, kas tie\u0161i ietekm\u0113 produkta veiktsp\u0113ju un iztur\u012bbu apstr\u0101des, transport\u0113\u0161anas un uzglab\u0101\u0161anas laik\u0101. Simul\u0113jot re\u0101los apst\u0101k\u013cus, testeris sniedz v\u0113rt\u012bgus datus, kas pal\u012bdz materi\u0101lu izv\u0113l\u0113, izstr\u0101d\u0101jumu izstr\u0101d\u0113 un kvalit\u0101tes kontrol\u0113.<\/p>\n<h2><strong>Kas ir trieciena tests ar \u0161autri\u0146u?<\/strong><\/h2>\n<p>Trieciena tests ar kr\u012bto\u0161u \u0161autri\u0146u ir pla\u0161i atz\u012bta metode materi\u0101lu triecieniztur\u012bbas noteik\u0161anai. T\u0101 ietver sv\u0113rtas \u0161autri\u0146as nome\u0161anu no noteikta augstuma uz testa materi\u0101lu, lai izm\u0113r\u012btu ener\u0123iju, kas nepiecie\u0161ama boj\u0101juma izrais\u012b\u0161anai. Rezult\u0101ti pal\u012bdz ra\u017eot\u0101jiem nov\u0113rt\u0113t materi\u0101la iztur\u012bbu, nodro\u0161inot, ka produkti var iztur\u0113t apstr\u0101des slodzi un saglab\u0101t integrit\u0101ti to lietojumos.<\/p>\n<div class=\"ast-oembed-container\" style=\"height: 100%;\"><iframe title=\"Trieciena testeris ar kr\u012bto\u0161u \u0161autri\u0146u uz pl\u0101k\u0161\u0146u pl\u0113ves un loksnes A metode un B metode ASTM D1709 ISO 7765-1\" width=\"500\" height=\"281\" src=\"https:\/\/www.youtube.com\/embed\/a3_9M0x3w7U?feature=oembed\" frameborder=\"0\" allow=\"accelerometer; autoplay; clipboard-write; encrypted-media; gyroscope; picture-in-picture; web-share\" referrerpolicy=\"strict-origin-when-cross-origin\" allowfullscreen><\/iframe><\/div>\n<h2><strong>Atbilst\u012bba standartiem<\/strong><\/h2>\n<p>Trieciena testeris atbilst vair\u0101kiem starptautiskiem standartiem, nodro\u0161inot uzticamus un prec\u012bzus rezult\u0101tus:<\/p>\n<ul>\n<li><span style=\"color: #00ccff;\"><a style=\"color: #00ccff;\" href=\"https:\/\/www.qualitester.com\/lv\/standards\/astm-d1709\/\" target=\"_blank\" rel=\"noopener\"><strong><span style=\"color: #75c22c;\">ASTM <\/span><span style=\"color: #75c22c;\">D1709<\/span><\/strong><\/a><\/span>: \u0160aj\u0101 standart\u0101 izkl\u0101st\u012bta proced\u016bra, k\u0101 noteikt <strong>plastmasas pl\u0113vju triecieniztur\u012bba<\/strong> izmantojot br\u012bvi kr\u012bto\u0161u \u0161autri\u0146u.<\/li>\n<li><a href=\"https:\/\/www.qualitester.com\/lv\/standards\/iso\/iso-7765-1\/\" target=\"_blank\" rel=\"noopener\"><strong><span style=\"color: #75c22c;\">ISO 7765-1<\/span><\/strong><\/a>: Starptautiskais standarts<strong> plastmasas pl\u0113vju triecientest\u0113\u0161ana<\/strong>.<\/li>\n<li><strong>JIS K7124-1<\/strong>: Jap\u0101nas r\u016bpnieciskais standarts, lai nov\u0113rt\u0113tu <strong>ietekme uz filmu veiktsp\u0113ju<\/strong>.<\/li>\n<li><strong>GB\/T 9639.1<\/strong>: \u0136\u012bnas valsts standarts, kas atbilst pasaules praksei attiec\u012bb\u0101 uz <strong>materi\u0101la triecieniztur\u012bba<\/strong>.<\/li>\n<\/ul>\n<h2><strong>Trieciena testera Drop Dart galven\u0101s funkcijas<\/strong><\/h2>\n<ol>\n<li><strong>PLC vad\u012bba un sk\u0101rienekr\u0101na darb\u012bba<\/strong><\/li>\n<li><strong>Dubult\u0101s test\u0113\u0161anas metodes<\/strong>\n<ul>\n<li><strong>A metode<\/strong>: Piem\u0113rots \u0161autri\u0146u diametram 38 \u00b1 1 mm un augstumam 660 mm.<\/li>\n<li><strong>B metode<\/strong>\u00a0(p\u0113c izv\u0113les): Paredz\u0113ts \u0161autri\u0146as diametram 50 \u00b1 1 mm un augstumam 1500 mm.<\/li>\n<\/ul>\n<\/li>\n<li><strong>Dro\u0161a un \u0113rta lieto\u0161ana: <\/strong>Apr\u012bkots gan ar testa pogu, gan ar k\u0101jas sl\u0113dzi.<\/li>\n<li><strong>Automatiz\u0113ti apr\u0113\u0137ini: <\/strong>Ieb\u016bv\u0113t\u0101 programma autom\u0101tiski apr\u0113\u0137ina rezult\u0101tus gramos un d\u017eoulos.<\/li>\n<li><strong>Nov\u0113ro\u0161anas gaisma un pneimatisk\u0101 skava: <\/strong>Nov\u0113ro\u0161anas gaisma pal\u012bdz kontrol\u0113t paraugus testu laik\u0101, savuk\u0101rt pneimatisk\u0101 skava nodro\u0161ina dro\u0161u parauga tur\u0113\u0161anu.<\/li>\n<li><strong>Datu izvade: <\/strong>Tester\u012b ir dot matricas mikroprinteris tie\u0161ai datu izvad\u012b\u0161anai.<\/li>\n<li><strong>Programmat\u016bras integr\u0101cija: <\/strong>Papildapr\u012bkojum\u0101 pieejama profesion\u0101la programmat\u016bra uzlabo datu p\u0101rvald\u012bbas un p\u0101rskatu snieg\u0161anas iesp\u0113jas.<\/li>\n<\/ol>\n<h2><strong>Tehnisk\u0101s specifik\u0101cijas<\/strong><\/h2>\n<table style=\"height: 433px;\" width=\"799\">\n<tbody>\n<tr>\n<td width=\"162\">\n<p style=\"text-align: center;\">Testa metode Metode<\/p>\n<\/td>\n<td width=\"274\">\n<p style=\"text-align: center;\">A vai B metode (p\u0113c izv\u0113les)<\/p>\n<\/td>\n<\/tr>\n<tr>\n<td width=\"162\">\n<p style=\"text-align: center;\">Testa diapazons<\/p>\n<\/td>\n<td style=\"text-align: center;\" width=\"274\">A metode: 50~2000g\/<br \/>\nB metode: 300 ~ 2000 g<\/td>\n<\/tr>\n<tr>\n<td width=\"162\">\n<p style=\"text-align: center;\">\u0160autri\u0146u diametrs<\/p>\n<\/td>\n<td style=\"text-align: center;\" width=\"274\">A metode: 38\u00b11mm<br \/>\nB metode: 50\u00b11mm<\/td>\n<\/tr>\n<tr>\n<td style=\"text-align: center;\" width=\"162\">Trieciena augstums<\/td>\n<td width=\"274\">\n<p style=\"text-align: center;\">660 mm\/1500 mm<\/p>\n<\/td>\n<\/tr>\n<tr>\n<td width=\"162\">\n<p style=\"text-align: center;\">Precizit\u0101te<\/p>\n<\/td>\n<td style=\"text-align: center;\" width=\"274\">0,1g (0,1J)<\/td>\n<\/tr>\n<tr>\n<td style=\"text-align: center;\" width=\"162\">Skava<\/td>\n<td width=\"274\">\n<p style=\"text-align: center;\">Pneimatisk\u0101 skava<\/p>\n<\/td>\n<\/tr>\n<tr>\n<td width=\"162\">\n<p style=\"text-align: center;\">G\u0101zes pieg\u0101de<\/p>\n<\/td>\n<td style=\"text-align: center;\" width=\"274\">0,6 MPa \u03a68 mm PU caurules<\/td>\n<\/tr>\n<tr>\n<td style=\"text-align: center;\" width=\"162\">Parauga lielums<\/td>\n<td width=\"274\">\n<p style=\"text-align: center;\">&gt; 150 mm x 150 mm<\/p>\n<\/td>\n<\/tr>\n<tr>\n<td width=\"162\">\n<p style=\"text-align: center;\">Baro\u0161anas avots<\/p>\n<\/td>\n<td style=\"text-align: center;\" width=\"274\">mai\u0146str\u0101va 110 ~ 220 V 50 Hz<\/td>\n<\/tr>\n<tr>\n<td style=\"text-align: center;\" width=\"162\">Dimensija<\/td>\n<td width=\"274\">\n<p style=\"text-align: center;\">A metode: 500*450*1200 mm (LWH)<br \/>\nB metode: 500*450*2200 mm (LWH)<\/p>\n<\/td>\n<\/tr>\n<\/tbody>\n<\/table>\n<h2><strong>Kr\u012bto\u0161o \u0161autri\u0146u trieciena test\u0113\u0161anas ma\u0161\u012bnas lietojumprogrammas<\/strong><\/h2>\n<p>Trieciena testeris Drop Dart ir ide\u0101li piem\u0113rots:<\/p>\n<ul>\n<li><strong>Plastmasas pl\u0113ves un loksnes<\/strong>\u00a0ko izmanto iesai\u0146o\u0161anai un produktu aizsardz\u012bbai.<\/li>\n<li><strong>Kompoz\u012btmateri\u0101lu pl\u0113ves un folijas<\/strong>\u00a0nepiecie\u0161ama triecieniztur\u012bbas nov\u0113rt\u0113\u0161ana.<\/li>\n<li><strong>Pap\u012bra materi\u0101li<\/strong>\u00a0pak\u013cauti apstr\u0101des slodzei.<\/li>\n<\/ul>\n<h2><strong>\u0160autri\u0146u kritiena trieciena testera priek\u0161roc\u012bbas<\/strong><\/h2>\n<ul>\n<li><strong>Uzlabota kvalit\u0101tes kontrole<\/strong>: Pirms lieto\u0161anas p\u0101rliecinieties, vai materi\u0101li atbilst iztur\u012bbas standartiem.<\/li>\n<li><strong>Uzlabots produktu dizains<\/strong>: Sniedz ieskatu par materi\u0101lu veiktsp\u0113ju, pal\u012bdzot izstr\u0101d\u0101t optim\u0101lu dizainu.<\/li>\n<li><strong>Izmaksu efektivit\u0101te<\/strong>: Samazina materi\u0101lu iz\u0161\u0137\u0113rd\u0113\u0161anu, savlaic\u012bgi identific\u0113jot v\u0101j\u0101s vietas.<\/li>\n<\/ul>\n<h2><strong>Bie\u017ei uzdotie jaut\u0101jumi par Drop Dart trieciena testeri<\/strong><\/h2>\n<ol>\n<li><strong>K\u0101d\u0113\u013c ir svar\u012bgs trieciena tests ar \u0161autri\u0146u?<\/strong><br \/>\nT\u0101 nosaka materi\u0101lu iztur\u012bbu, simul\u0113jot re\u0101lus trieciena apst\u0101k\u013cus, t\u0101d\u0113j\u0101di pal\u012bdzot nodro\u0161in\u0101t izstr\u0101d\u0101jumu uzticam\u012bbu.<\/li>\n<li><strong>K\u0101d\u0101m nozar\u0113m ir izdev\u012bgi izmantot \u0161o testeri?<\/strong><br \/>\nMateri\u0101lu triecieniztur\u012bbas nov\u0113rt\u0113\u0161ana ir izdev\u012bga t\u0101d\u0101s nozar\u0113s k\u0101 iepakojuma, p\u0101rtikas, medic\u012bnas un farm\u0101cijas r\u016bpniec\u012bba.<\/li>\n<li><strong>K\u0101da ir ASTM D1709 noz\u012bme?<\/strong><br \/>\n<a href=\"https:\/\/www.astm.org\/d1709-22.html\" target=\"_blank\" rel=\"nofollow noopener\">ASTM D1709<\/a> nodro\u0161ina standartiz\u0113tas proced\u016bras trieciena testu veik\u0161anai, nodro\u0161inot rezult\u0101tu konsekvenci un ticam\u012bbu.<\/li>\n<li><strong>K\u0101 darbojas pneimatisk\u0101 saspie\u0161anas sist\u0113ma?<\/strong><br \/>\nPneimatisk\u0101 sist\u0113ma dro\u0161i notur paraugu viet\u0101, nov\u0113r\u0161ot t\u0101 kust\u012bbu test\u0113\u0161anas laik\u0101 un nodro\u0161inot prec\u012bzus rezult\u0101tus.<\/li>\n<li><strong>Vai rezult\u0101tus var eksport\u0113t turpm\u0101kai anal\u012bzei?<\/strong><br \/>\nJ\u0101, tester\u012b ir ieb\u016bv\u0113ts printeris t\u016bl\u012bt\u0113ju rezult\u0101tu ieg\u016b\u0161anai un papildu programmat\u016bra detaliz\u0113tai datu p\u0101rvald\u012bbai.<\/li>\n<\/ol>","protected":false},"excerpt":{"rendered":"<p>Port\u0101ls <strong>Br\u012bvi kr\u012bto\u0161u \u0161autri\u0146u trieciena testeris<\/strong> izmanto plastmasas pl\u0113vju, iepakojuma materi\u0101lu un citu pl\u0101nu materi\u0101lu triecieniztur\u012bbas m\u0113r\u012b\u0161anai. Test\u0101 nosaka ener\u0123iju, kas nepiecie\u0161ama, lai izrais\u012btu boj\u0101jumu, uz materi\u0101la no noteikta augstuma nometot sv\u0113rtu \u0161autri\u0146u. To veic saska\u0146\u0101 ar t\u0101diem standartiem k\u0101 <strong>ASTM D1709<\/strong> un <strong>ISO 7765-1<\/strong>.<\/p>","protected":false},"featured_media":5961,"comment_status":"closed","ping_status":"closed","template":"","meta":{"site-sidebar-layout":"default","site-content-layout":"default","ast-global-header-display":"","ast-main-header-display":"","ast-hfb-above-header-display":"","ast-hfb-below-header-display":"","ast-hfb-mobile-header-display":"","site-post-title":"disabled","ast-breadcrumbs-content":"","ast-featured-img":"disabled","footer-sml-layout":"","theme-transparent-header-meta":"default","adv-header-id-meta":"","stick-header-meta":"","header-above-stick-meta":"","header-main-stick-meta":"","header-below-stick-meta":""},"product_cat":[845,684,44,149,16,111,169,95],"product_tag":[],"class_list":{"0":"post-2743","1":"product","2":"type-product","3":"status-publish","4":"has-post-thumbnail","6":"product_cat-customization","7":"product_cat-impact-tester","8":"product_cat-paper-and-board-testers","9":"product_cat-pharma-and-medical-testers","10":"product_cat-plastic-packaging-testers","11":"product_cat-astm-d1709","12":"product_cat-iso-7765-1","13":"product_cat-products","14":"desktop-align-left","15":"tablet-align-left","16":"mobile-align-left","18":"first","19":"instock","20":"shipping-taxable","21":"product-type-simple"},"_links":{"self":[{"href":"https:\/\/www.qualitester.com\/lv\/wp-json\/wp\/v2\/product\/2743","targetHints":{"allow":["GET"]}}],"collection":[{"href":"https:\/\/www.qualitester.com\/lv\/wp-json\/wp\/v2\/product"}],"about":[{"href":"https:\/\/www.qualitester.com\/lv\/wp-json\/wp\/v2\/types\/product"}],"replies":[{"embeddable":true,"href":"https:\/\/www.qualitester.com\/lv\/wp-json\/wp\/v2\/comments?post=2743"}],"version-history":[{"count":0,"href":"https:\/\/www.qualitester.com\/lv\/wp-json\/wp\/v2\/product\/2743\/revisions"}],"wp:featuredmedia":[{"embeddable":true,"href":"https:\/\/www.qualitester.com\/lv\/wp-json\/wp\/v2\/media\/5961"}],"wp:attachment":[{"href":"https:\/\/www.qualitester.com\/lv\/wp-json\/wp\/v2\/media?parent=2743"}],"wp:term":[{"taxonomy":"product_cat","embeddable":true,"href":"https:\/\/www.qualitester.com\/lv\/wp-json\/wp\/v2\/product_cat?post=2743"},{"taxonomy":"product_tag","embeddable":true,"href":"https:\/\/www.qualitester.com\/lv\/wp-json\/wp\/v2\/product_tag?post=2743"}],"curies":[{"name":"wp","href":"https:\/\/api.w.org\/{rel}","templated":true}]}}