{"id":2636,"date":"2023-06-29T09:53:14","date_gmt":"2023-06-29T01:53:14","guid":{"rendered":"https:\/\/www.qualitester.com\/?post_type=product&#038;p=2636"},"modified":"2024-12-05T09:38:10","modified_gmt":"2024-12-05T01:38:10","slug":"sld-01-elimendorf-tear-resistance-testing-machine","status":"publish","type":"product","link":"https:\/\/www.qualitester.com\/lv\/products-2\/sld-01-elimendorf-tear-resistance-testing-machine\/","title":{"rendered":"SLD-01 asaru testeris"},"content":{"rendered":"<h2>Ievads asaru test\u0113\u0161an\u0101<\/h2>\n<p>Iztur\u012bba pret pl\u012bsumiem, ko d\u0113v\u0113 ar\u012b par pl\u012b\u0161anas iztur\u012bbu, ir b\u016btiska meh\u0101nisk\u0101 \u012bpa\u0161\u012bba, ar ko nosaka, cik labi materi\u0101ls sp\u0113j pretoties pl\u012b\u0161anas sp\u0113kam. \u0160\u012b \u012bpa\u0161\u012bba ir b\u016btiska nozar\u0113s, kur\u0101s materi\u0101la iztur\u012bba ir \u013coti svar\u012bga, piem\u0113ram, iepakojuma, tekstilizstr\u0101d\u0101jumu, medic\u012bnas ier\u012b\u010du iepakojuma un cit\u0101s. . <strong>asaru test\u0113\u0161anas ma\u0161\u012bna<\/strong> ir svar\u012bgs r\u012bks, ar kura pal\u012bdz\u012bbu ra\u017eot\u0101ji var nov\u0113rt\u0113t da\u017e\u0101du materi\u0101lu iztur\u012bbu pret pl\u012bsumiem. \u0160is tests sniedz v\u0113rt\u012bgus datus, lai nodro\u0161in\u0101tu izstr\u0101d\u0101jumu atbilst\u012bbu veiktsp\u0113jas standartiem, garant\u0113jot, ka tie sp\u0113j iztur\u0113t sp\u0113kus, kas rodas p\u0101rvieto\u0161anas, transport\u0113\u0161anas un lieto\u0161anas laik\u0101.<\/p>\n<p>Port\u0101ls <strong>SLD-01 asaru testeris<\/strong> ir izstr\u0101d\u0101ts, lai nodro\u0161in\u0101tu prec\u012bzu un uzticamu pl\u012b\u0161anas iztur\u012bbas m\u0113r\u012b\u0161anu t\u0101diem materi\u0101liem k\u0101 pap\u012brs, plastmasas pl\u0113ves, tekstilmateri\u0101li un citi elast\u012bgi materi\u0101li. Tas ir svar\u012bgs instruments kvalit\u0101tes kontrolei un materi\u0101lu atlasei da\u017e\u0101d\u0101s nozar\u0113s.<\/p>\n<h2>Kas ir asaru iztur\u012bbas tests?<\/h2>\n<h3>Izpratne par asaru iztur\u012bbu<\/h3>\n<p>Port\u0101ls <strong>pl\u012b\u0161anas iztur\u012bbas tests<\/strong> m\u0113ra sp\u0113ku, kas vajadz\u012bgs, lai materi\u0101ls pl\u012bst cauri pl\u012bsumam. \u0160is tests pal\u012bdz noteikt materi\u0101la sp\u0113ju iztur\u0113t pl\u012b\u0161anas sp\u0113ku, sniedzot v\u0113rt\u012bgu ieskatu t\u0101 iztur\u012bb\u0101 un veiktsp\u0113j\u0101. Sapl\u0113\u0161anas iztur\u012bba ir \u012bpa\u0161i svar\u012bga iepakojuma materi\u0101liem, tekstilizstr\u0101d\u0101jumiem un medic\u012bniskajam iepakojumam, kur materi\u0101la boj\u0101jums var apdraud\u0113t produkta integrit\u0101ti vai dro\u0161\u012bbu.<\/p>\n<p>\u0160aj\u0101 test\u0101 parauga materi\u0101ls tiek pak\u013cauts kontrol\u0113tam sp\u0113kam, lai rad\u012btu pl\u012bsumu, un, lai noteiktu pl\u012bsuma iztur\u012bbu, tiek izmantota ener\u0123ija, kas nepiecie\u0161ama, lai rad\u012btu pl\u012bsumu. . <strong>asaru test\u0113\u0161anas ma\u0161\u012bna<\/strong> ir izstr\u0101d\u0101ts, lai ar augstu precizit\u0101ti m\u0113r\u012btu \u0161o sp\u0113ku, nodro\u0161inot, ka ra\u017eot\u0101ji var dro\u0161i nov\u0113rt\u0113t materi\u0101la iztur\u012bbu pret pl\u012bsumiem.<\/p>\n<h2>Pl\u012bsumu test\u0113\u0161anas iek\u0101rtu galvenie standarti<\/h2>\n<p>Port\u0101ls <strong>asaru test\u0113\u0161anas ma\u0161\u012bna<\/strong> ir izstr\u0101d\u0101ts atbilsto\u0161i vair\u0101kiem starptautiski atz\u012btiem standartiem, nodro\u0161inot testa rezult\u0101tu konsekvenci un uzticam\u012bbu. Zem\u0101k ir min\u0113ti da\u017ei no svar\u012bg\u0101kajiem test\u0113\u0161anas standartiem attiec\u012bb\u0101 uz iztur\u012bbu pret pl\u012bsumiem:<\/p>\n<h3>ASTM D1922 - Standarta test\u0113\u0161anas metode izplat\u012b\u0161an\u0101s na\u017ea testam<\/h3>\n<p><a href=\"https:\/\/www.qualitester.com\/lv\/produkta-kategorija\/astm\/astm-d1922\/\" target=\"_blank\" rel=\"noopener\"><strong>ASTM D1922<\/strong><\/a> ir viens no visbie\u017e\u0101k izmantotajiem standartiem pap\u012bra un plastmasas pl\u0113vju pl\u0113ves pl\u012b\u0161anas pretest\u012bbas m\u0113r\u012b\u0161anai. \u0160aj\u0101 standart\u0101 aprakst\u012bta testa metode, kur\u0101 izmanto sv\u0101rsta ier\u012bci, lai ierosin\u0101tu un izplat\u012btu pl\u012bsumu materi\u0101l\u0101.<\/p>\n<ul>\n<li><strong>Testa metode:<\/strong> Paraugs tiek sagriezts, un sv\u0101rsts tiek atlaists, lai izplat\u012btu pl\u012bsumu. Ener\u0123iju, kas nepiecie\u0161ama pl\u012bsuma izplat\u012b\u0161anai, m\u0113ra un izmanto, lai noteiktu pl\u012bsuma pretest\u012bbu.<\/li>\n<li><strong>Materi\u0101lu fokuss:<\/strong> Galvenok\u0101rt izmanto pap\u012bra un plastmasas pl\u0113v\u0113m.<\/li>\n<li><strong>Atbilst\u012bba:<\/strong> Pla\u0161i izmanto iepakojuma un cit\u0101s nozar\u0113s, lai nov\u0113rt\u0113tu materi\u0101lu iztur\u012bbu pret pl\u012bsumiem.<\/li>\n<\/ul>\n<h3>ASTM D1424 - Standarta testa metode pap\u012bra un kartona pl\u012bsumu iztur\u012bbas noteik\u0161anai<\/h3>\n<p><a href=\"https:\/\/www.qualitester.com\/lv\/produkta-kategorija\/astm\/astm-d1424\/\" target=\"_blank\" rel=\"noopener\"><strong>ASTM D1424<\/strong><\/a> ir standarts, ar kuru m\u0113ra kartona materi\u0101lu iztur\u012bbu pret pl\u012bsumiem. \u0160o testu bie\u017ei izmanto iepakojuma nozar\u0113, lai nov\u0113rt\u0113tu kartona kastu un citu pap\u012bra izstr\u0101d\u0101jumu iztur\u012bbu.<\/p>\n<ul>\n<li><strong>Testa metode:<\/strong> \u0160\u016bpoles pl\u012bsuma testu izmanto, lai izm\u0113r\u012btu sp\u0113ku, kas nepiecie\u0161ams pl\u012bsuma izplat\u012b\u0161anai caur materi\u0101lu.<\/li>\n<li><strong>Materi\u0101lu fokuss:<\/strong> Pap\u012bra un kartona materi\u0101li.<\/li>\n<li><strong>Atbilst\u012bba:<\/strong> \u013boti svar\u012bgi iepakojuma materi\u0101lu test\u0113\u0161anai, \u012bpa\u0161i kartona iepakojuma ra\u017eo\u0161an\u0101.<\/li>\n<\/ul>\n<h3>ASTM D689 - Standarta rokasgr\u0101mata pap\u012bra un kartona pl\u012bsumu test\u0113\u0161anas metod\u0113m<\/h3>\n<p><a href=\"https:\/\/www.qualitester.com\/lv\/produkta-kategorija\/astm\/astm-d689\/\" target=\"_blank\" rel=\"noopener\"><strong>ASTM D689<\/strong><\/a> sniedz vadl\u012bnijas pap\u012bra un kartona materi\u0101lu pl\u012b\u0161anas testa meto\u017eu izv\u0113lei. \u0160is standarts ir \u012bpa\u0161i noder\u012bgs, ja ir pieejamas da\u017e\u0101das pl\u012b\u0161anas test\u0113\u0161anas metodes, un pal\u012bdz lietot\u0101jiem izv\u0113l\u0113ties piem\u0113rot\u0101ko testu, pamatojoties uz materi\u0101la veidu un pielietojumu.<\/p>\n<ul>\n<li><strong>Testa metode:<\/strong> Sniedz nor\u0101d\u012bjumus par piem\u0113rot\u0101k\u0101s asaru test\u0113\u0161anas metodes izv\u0113li.<\/li>\n<li><strong>Materi\u0101lu fokuss:<\/strong> Pap\u012bra un kartona materi\u0101li.<\/li>\n<li><strong>Atbilst\u012bba:<\/strong> Pal\u012bdz nodro\u0161in\u0101t, ka ra\u017eot\u0101ji izv\u0113las pareizo test\u0113\u0161anas metodi saviem materi\u0101liem.<\/li>\n<\/ul>\n<h3>ISO 6383 - Plastmasas pl\u0113ves un loksnes: Iztur\u012bbas pret pl\u012bsumiem noteik\u0161ana<\/h3>\n<p><a href=\"https:\/\/www.qualitester.com\/lv\/produkta-kategorija\/iso\/iso-6383\/\" target=\"_blank\" rel=\"noopener\"><strong>ISO 6383<\/strong><\/a> nosaka metodi plastmasas pl\u0113vju un pl\u0113vju pl\u0113vju un pl\u0113vju pl\u0113vju pl\u0113vju un pl\u0113vju pl\u0113vju pl\u0113vju iztur\u012bbas pret pl\u012bsumiem m\u0113r\u012b\u0161anai. \u0160is standarts ir \u013coti svar\u012bgs, lai nov\u0113rt\u0113tu plastmasas iepakojuma materi\u0101lu iztur\u012bbu, jo tiem ir j\u0101iztur slodzes, kas rodas, tos p\u0101rkraujot un lietojot.<\/p>\n<ul>\n<li><strong>Testa metode:<\/strong> Test\u0101 izmanto sv\u0101rsta testeri, lai izm\u0113r\u012btu plastmasas pl\u0113ves pl\u0113ves pl\u012b\u0161anas iztur\u012bbu.<\/li>\n<li><strong>Materi\u0101lu fokuss:<\/strong> Plastmasas pl\u0113ves un loksnes.<\/li>\n<li><strong>Atbilst\u012bba:<\/strong> B\u016btiski plastmasas iepakojuma pl\u012b\u0161anas iztur\u012bbas test\u0113\u0161anai.<\/li>\n<\/ul>\n<h3>ISO 1974 - Plastmasas: Pl\u0113ves un loksnes - Iztur\u012bbas pret pl\u012bsumiem noteik\u0161ana ar sv\u0101rsta metodi<\/h3>\n<p><a href=\"https:\/\/www.qualitester.com\/lv\/produkta-kategorija\/iso\/iso-1974\/\" target=\"_blank\" rel=\"noopener\"><strong>ISO 1974<\/strong><\/a> nodro\u0161ina standartiz\u0113tu metodi plastmasas pl\u0113vju un lok\u0161\u0146u pl\u0113vju un pl\u0101k\u0161\u0146u iztur\u012bbas pret pl\u012bsumiem m\u0113r\u012b\u0161anai, kas ir l\u012bdz\u012bga ASTM standartiem, bet ir v\u0113rsta uz visu pasauli. \u0160o testu izmanto, lai nodro\u0161in\u0101tu, ka plastmasas pl\u0113ves atbilst starptautiskajiem kvalit\u0101tes standartiem attiec\u012bb\u0101 uz iztur\u012bbu pret pl\u012bsumiem.<\/p>\n<ul>\n<li><strong>Testa metode:<\/strong> Lai izm\u0113r\u012btu ener\u0123iju, kas nepiecie\u0161ama pl\u0113ves pl\u012bsuma izplat\u012b\u0161anai cauri plastmasas pl\u0113vei, tiek izmantots sv\u0101rsta pl\u012bsuma tests.<\/li>\n<li><strong>Materi\u0101lu fokuss:<\/strong> Galvenok\u0101rt izmanto plastmasas pl\u0113v\u0113m un loksn\u0113m.<\/li>\n<li><strong>Atbilst\u012bba:<\/strong> Svar\u012bgi plastmasas iepakojuma un pl\u0113ves izstr\u0101d\u0101jumu ra\u017eot\u0101jiem.<\/li>\n<\/ul>\n<h2>P\u0101rrau\u0161anas test\u0113\u0161anas ma\u0161\u012bnas (SLD-01 Tear Tester) test\u0113\u0161anas process<\/h2>\n<h3>SLD-01 asaru testera darb\u012bba<\/h3>\n<p>Port\u0101ls <strong>SLD-01 asaru testeris<\/strong> izmanto prec\u012bzu sv\u0101rsta meh\u0101nismu, lai noteiktu materi\u0101lu iztur\u012bbu pret pl\u012bsumiem. L\u016bk, k\u0101 \u0161is process darbojas:<\/p>\n<ol>\n<li><strong>Parauga sagatavo\u0161ana:<\/strong> Materi\u0101l\u0101 tiek izveidots iegriezums, parasti 43 mm no malas.<\/li>\n<li><strong>Sv\u0101rsta atbr\u012bvo\u0161ana:<\/strong> Sv\u0101rsts tiek palaists no fiks\u0113ta augstuma un izplata pl\u012bsumu caur materi\u0101lu.<\/li>\n<li><strong>M\u0113r\u012b\u0161ana:<\/strong> Tiek izm\u0113r\u012bta sv\u0101rsta zaud\u0113t\u0101 ener\u0123ija, un to izmanto, lai apr\u0113\u0137in\u0101tu vid\u0113jo sp\u0113ku, kas nepiecie\u0161ams pl\u012bsuma izplat\u012b\u0161anai, t\u0101d\u0113j\u0101di prec\u012bzi nosakot materi\u0101la pl\u012bsuma iztur\u012bbu.<\/li>\n<\/ol>\n<p>\u0160is process ir piln\u012bb\u0101 automatiz\u0113ts un tiek kontrol\u0113ts ar PLC sist\u0113mu, nodro\u0161inot katra testa konsekvenci un precizit\u0101ti.<\/p>\n<h2>SLD-01 asaru testera tehnisk\u0101s \u012bpa\u0161\u012bbas<\/h2>\n<ul>\n<li><strong>PLC vad\u012bba un HMI sk\u0101rienekr\u0101ns:<\/strong> Testeris ir apr\u012bkots ar r\u016bpnieciskas klases programm\u0113jamu lo\u0123isko kontrolieri (PLC) un cilv\u0113ka un ma\u0161\u012bnas saskarnes (HMI) sk\u0101rienekr\u0101nu, kas nodro\u0161ina prec\u012bzu vad\u012bbu un \u0113rtu lieto\u0161anu.<\/li>\n<li><strong>Pla\u0161s testa diapazons:<\/strong> Piel\u0101go da\u017e\u0101dus materi\u0101lus, s\u0101kot no pl\u0101nas pl\u0113ves l\u012bdz biezam kartonam, ar piel\u0101gojamiem iestat\u012bjumiem da\u017e\u0101diem materi\u0101liem.<\/li>\n<li><strong>Pneimatisk\u0101 paraugu stiprin\u0101\u0161ana:<\/strong> Nodro\u0161ina dro\u0161u un konsekventu parauga satver\u0161anu, lai ieg\u016btu ticamus testa rezult\u0101tus.<\/li>\n<li><strong>Autom\u0101tiska datu v\u0101k\u0161ana:<\/strong> Autom\u0101tiski apkopo testu datus un saglab\u0101 rezult\u0101tus anal\u012bzei.<\/li>\n<li><strong>Mikroprinteris:<\/strong> Ieb\u016bv\u0113ts ieb\u016bv\u0113ts mikroprinteris t\u016bl\u012bt\u0113jai testu rezult\u0101tu izdrukai.<\/li>\n<li><strong>RS-232 ports un papildu programmat\u016bra:<\/strong> \u013bauj eksport\u0113t datus un veikt padzi\u013cin\u0101tu anal\u012bzi, izmantojot papildu programmat\u016bru visaptvero\u0161u p\u0101rskatu sagatavo\u0161anai.<\/li>\n<\/ul>\n<h2>Pl\u012bsumu test\u0113\u0161anas iek\u0101rtas pielietojuma jomas<\/h2>\n<ul>\n<li><strong>Iepakojuma nozare:<\/strong> nodro\u0161ina, lai iepakojuma materi\u0101li, piem\u0113ram, pap\u012brs, plastmasas pl\u0113ves un kartons, atbilstu ilgiztur\u012bbas standartiem.<\/li>\n<li><strong>Medic\u012bnisko ier\u012b\u010du iepakojums:<\/strong> nov\u0113rt\u0113 medic\u012bn\u0101 izmantoto iepakojuma materi\u0101lu iztur\u012bbu pret pl\u012bsumiem, lai garant\u0113tu aizsardz\u012bbu un dro\u0161\u012bbu.<\/li>\n<li><strong>Tekstilizstr\u0101d\u0101jumi:<\/strong> P\u0101rbauda audumu pl\u012b\u0161anas iztur\u012bbu, lai p\u0101rliecin\u0101tos, ka tie ir piem\u0113roti ap\u0123\u0113rbiem, polster\u0113jumiem un citiem lietojumiem.<\/li>\n<li><strong>P\u0101rtika un dz\u0113rieni:<\/strong> Apstiprina iepakojuma materi\u0101lu, kas aizsarg\u0101 p\u0101rtikas un dz\u0113rienu produktus no pies\u0101r\u0146ojuma un boj\u0101jumiem, iztur\u012bbu pret pl\u012bsumiem.<\/li>\n<\/ul>\n<p>Port\u0101ls <strong>asaru test\u0113\u0161anas ma\u0161\u012bna<\/strong> ir svar\u012bgs instruments nozar\u0113s, kur\u0101s ir atkar\u012bga materi\u0101lu iztur\u012bba. Neatkar\u012bgi no t\u0101, vai test\u0113jat pap\u012bru, plastmasas pl\u0113ves vai tekstilmateri\u0101lus. <strong>SLD-01 asaru testeris<\/strong> pied\u0101v\u0101 prec\u012bzus un atk\u0101rtojamus rezult\u0101tus, kas nodro\u0161ina materi\u0101lu atbilst\u012bbu nepiecie\u0161amajiem kvalit\u0101tes standartiem. Atbilst\u012bba nozares standartiem, piem\u0113ram. <a href=\"https:\/\/www.astm.org\/d1922-15r20.html\" target=\"_blank\" rel=\"noopener nofollow\"><strong>ASTM D1922<\/strong><\/a>, <a href=\"https:\/\/www.astm.org\/d1424-21.html\" target=\"_blank\" rel=\"noopener nofollow\"><strong>ASTM D1424<\/strong><\/a>, <a href=\"https:\/\/www.astm.org\/d0689-17.html\" target=\"_blank\" rel=\"noopener nofollow\"><strong>ASTM D689<\/strong><\/a>, <strong>ISO 6383<\/strong>, un <strong>ISO 1974<\/strong>, \u0161is testeris ir ide\u0101li piem\u0113rots ra\u017eot\u0101jiem, kuriem ir nepiecie\u0161ami uzticami dati par izstr\u0101d\u0101jumu iztur\u012bbu pret pl\u012bsumiem. Nodro\u0161iniet, ka j\u016bsu materi\u0101li atbilst veiktsp\u0113jas standartiem un pieg\u0101d\u0101jiet augstas kvalit\u0101tes produktus, izmantojot SLD-01 pl\u012b\u0161anas testeri.<\/p>\n<h2>BIE\u017d\u0100K UZDOTIE JAUT\u0100JUMI<\/h2>\n<p><strong>1. K\u0101dus materi\u0101lus var test\u0113t ar asaru test\u0113\u0161anas iek\u0101rtu?<\/strong><br \/>\nPl\u012bsumu p\u0101rbaudes iek\u0101rtu var izmantot, lai p\u0101rbaud\u012btu t\u0101dus materi\u0101lus k\u0101 pap\u012bru, kartonu, plastmasas pl\u0113ves, tekstilmateri\u0101lus un citus elast\u012bgus materi\u0101lus.<\/p>\n<p><strong>2. K\u0101 darbojas pl\u012b\u0161anas iztur\u012bbas tests?<\/strong><br \/>\nP\u0101rrau\u0161anas iztur\u012bbas test\u0101 materi\u0101l\u0101 tiek izveidots neliels \u0161\u0137\u0113lums un, izmantojot sv\u0101rsta meh\u0101nismu, tiek izplat\u012bts pl\u012bsums. Tiek izm\u0113r\u012bta ener\u0123ija, ko zaud\u0113 sv\u0101rsts, un to izmanto, lai apr\u0113\u0137in\u0101tu iztur\u012bbu pret pl\u012bsumiem.<\/p>\n<p><strong>3. Kas ir ASTM D1922 un k\u0101p\u0113c tas ir svar\u012bgi?<\/strong><br \/>\nASTM D1922 ir standarta test\u0113\u0161anas metode pap\u012bra un plastmasas pl\u0113vju pl\u0113vju pl\u012b\u0161anas pretest\u012bbas m\u0113r\u012b\u0161anai. T\u0101 nodro\u0161ina, ka iepakojuma materi\u0101li atbilst nepiecie\u0161amajiem ilgiztur\u012bbas standartiem re\u0101lai lieto\u0161anai.<\/p>\n<p><strong>4. Ar ko SLD-01 asaru testeris at\u0161\u0137iras no citiem asaru testeriem?<\/strong><br \/>\nSLD-01 pl\u012bsumu testerim ir PLC vad\u012bbas sist\u0113ma, pla\u0161s testa diapazons, pneimatiska paraugu fiks\u0113\u0161ana un autom\u0101tiska datu v\u0101k\u0161ana, kas padara to efekt\u012bv\u0101ku un prec\u012bz\u0101ku sal\u012bdzin\u0101jum\u0101 ar citiem mode\u013ciem.<\/p>\n<p><strong>5. Vai pl\u012bsumu p\u0101rbaudes iek\u0101rtu var izmantot medic\u012bnisk\u0101 iepakojuma materi\u0101liem?<\/strong><br \/>\nJ\u0101, pl\u012bsumu p\u0101rbaudes iek\u0101rta ir ide\u0101li piem\u0113rota medic\u012bnisk\u0101 iepakojuma materi\u0101lu test\u0113\u0161anai, lai nodro\u0161in\u0101tu, ka tie atbilst nepiecie\u0161amajiem iztur\u012bbas un dro\u0161\u012bbas standartiem, kas noteikti medic\u012bnas produktiem.<\/p>","protected":false},"excerpt":{"rendered":"<p>Iztur\u012bba pret pl\u012bsumiem, ko d\u0113v\u0113 ar\u012b par pl\u012b\u0161anas iztur\u012bbu, ir b\u016btiska meh\u0101nisk\u0101 \u012bpa\u0161\u012bba, ar ko nosaka, cik labi materi\u0101ls sp\u0113j pretoties pl\u012b\u0161anas sp\u0113kam. \u0160\u012b \u012bpa\u0161\u012bba ir b\u016btiska nozar\u0113s, kur\u0101s materi\u0101la iztur\u012bba ir \u013coti svar\u012bga, piem\u0113ram, iepakojuma, tekstilizstr\u0101d\u0101jumu, medic\u012bnas ier\u012b\u010du iepakojuma un cit\u0101s. . <strong>asaru test\u0113\u0161anas ma\u0161\u012bna<\/strong> ir svar\u012bgs r\u012bks, ar kura pal\u012bdz\u012bbu ra\u017eot\u0101ji var nov\u0113rt\u0113t da\u017e\u0101du materi\u0101lu iztur\u012bbu pret pl\u012bsumiem. \u0160is tests sniedz v\u0113rt\u012bgus datus, lai nodro\u0161in\u0101tu izstr\u0101d\u0101jumu atbilst\u012bbu veiktsp\u0113jas standartiem, garant\u0113jot, ka tie sp\u0113j iztur\u0113t sp\u0113kus, kas rodas p\u0101rvieto\u0161anas, transport\u0113\u0161anas un lieto\u0161anas laik\u0101.<\/p>","protected":false},"featured_media":5998,"comment_status":"closed","ping_status":"closed","template":"","meta":{"site-sidebar-layout":"default","site-content-layout":"default","ast-global-header-display":"","ast-main-header-display":"","ast-hfb-above-header-display":"","ast-hfb-below-header-display":"","ast-hfb-mobile-header-display":"","site-post-title":"disabled","ast-breadcrumbs-content":"","ast-featured-img":"disabled","footer-sml-layout":"","theme-transparent-header-meta":"default","adv-header-id-meta":"","stick-header-meta":"","header-above-stick-meta":"","header-main-stick-meta":"","header-below-stick-meta":""},"product_cat":[845,680,44,149,16,119,121,137,159,165,95],"product_tag":[],"class_list":{"0":"post-2636","1":"product","2":"type-product","3":"status-publish","4":"has-post-thumbnail","6":"product_cat-customization","7":"product_cat-tear-tester","8":"product_cat-paper-and-board-testers","9":"product_cat-pharma-and-medical-testers","10":"product_cat-plastic-packaging-testers","11":"product_cat-astm-d1424","12":"product_cat-astm-d1922","13":"product_cat-astm-d689","14":"product_cat-iso-1974","15":"product_cat-iso-6383","16":"product_cat-products","17":"desktop-align-left","18":"tablet-align-left","19":"mobile-align-left","21":"first","22":"instock","23":"featured","24":"shipping-taxable","25":"product-type-simple"},"_links":{"self":[{"href":"https:\/\/www.qualitester.com\/lv\/wp-json\/wp\/v2\/product\/2636","targetHints":{"allow":["GET"]}}],"collection":[{"href":"https:\/\/www.qualitester.com\/lv\/wp-json\/wp\/v2\/product"}],"about":[{"href":"https:\/\/www.qualitester.com\/lv\/wp-json\/wp\/v2\/types\/product"}],"replies":[{"embeddable":true,"href":"https:\/\/www.qualitester.com\/lv\/wp-json\/wp\/v2\/comments?post=2636"}],"version-history":[{"count":0,"href":"https:\/\/www.qualitester.com\/lv\/wp-json\/wp\/v2\/product\/2636\/revisions"}],"wp:featuredmedia":[{"embeddable":true,"href":"https:\/\/www.qualitester.com\/lv\/wp-json\/wp\/v2\/media\/5998"}],"wp:attachment":[{"href":"https:\/\/www.qualitester.com\/lv\/wp-json\/wp\/v2\/media?parent=2636"}],"wp:term":[{"taxonomy":"product_cat","embeddable":true,"href":"https:\/\/www.qualitester.com\/lv\/wp-json\/wp\/v2\/product_cat?post=2636"},{"taxonomy":"product_tag","embeddable":true,"href":"https:\/\/www.qualitester.com\/lv\/wp-json\/wp\/v2\/product_tag?post=2636"}],"curies":[{"name":"wp","href":"https:\/\/api.w.org\/{rel}","templated":true}]}}