{"id":2565,"date":"2023-06-26T14:29:44","date_gmt":"2023-06-26T06:29:44","guid":{"rendered":"https:\/\/www.qualitester.com\/?post_type=product&#038;p=2565"},"modified":"2024-12-04T11:56:03","modified_gmt":"2024-12-04T03:56:03","slug":"phs-01-electrical-equipment-pendulum-impact-tester","status":"publish","type":"product","link":"https:\/\/www.qualitester.com\/lv\/products-2\/phs-01-electrical-equipment-pendulum-impact-tester\/","title":{"rendered":"PHS-01 Elektroiek\u0101rtu sv\u0101rsta trieciena testeris"},"content":{"rendered":"<h2><strong>Ievads sv\u0101rsta \u0101mura trieciena test\u0113\u0161an\u0101<\/strong><\/h2>\n<p>Port\u0101ls <strong>Sv\u0101rsta \u0101mura trieciena testeris (PHS-01)<\/strong> ir specializ\u0113ts meh\u0101nisk\u0101s test\u0113\u0161anas instruments, kas paredz\u0113ts materi\u0101lu un izstr\u0101d\u0101jumu iztur\u012bbas un triecieniztur\u012bbas nov\u0113rt\u0113\u0161anai. \u0160is testeris imit\u0113 re\u0101las meh\u0101nisk\u0101s iedarb\u012bbas, \u013caujot ra\u017eot\u0101jiem nov\u0113rt\u0113t, cik labi vi\u0146u izstr\u0101d\u0101jumi sp\u0113j iztur\u0113t fizisku slodzi. Trieciena test\u0113\u0161ana ir b\u016btiska, lai nodro\u0161in\u0101tu izstr\u0101d\u0101jumu dro\u0161\u012bbu un uzticam\u012bbu, jo \u012bpa\u0161i nozar\u0113s, kur\u0101s izstr\u0101d\u0101jumi ir pak\u013cauti bie\u017eiem meh\u0101niskiem triecieniem vai rupjai darb\u012bbai, piem\u0113ram, iepakojuma, automobi\u013cu, elektronikas un medic\u012bnas ier\u012b\u010du nozar\u0113.<\/p>\n<p>Sv\u0101rsta triecientestos izmanto sv\u0101rsta \u0101muru, kas tiek pacelts l\u012bdz iepriek\u0161 noteiktam augstumam un palaists, lai tr\u0101p\u012btu pa paraugu. Testeris m\u0113ra, k\u0101 paraugs rea\u0123\u0113 uz da\u017e\u0101diem ener\u0123ijas l\u012bme\u0146iem, pal\u012bdzot noteikt t\u0101 iztur\u012bbu un piem\u0113rot\u012bbu konkr\u0113tiem lietojumiem.<\/p>\n<h2><strong>Sv\u0101rsta \u0101mura trieciena testera testa metodes<\/strong><\/h2>\n<p>PHS-01 <strong>Sv\u0101rsta \u0101murs Trieciena testeris<\/strong> izmanto automatiz\u0113tu sv\u0101rsta \u0101mura sist\u0113mu, lai veiktu triecientestus da\u017e\u0101diem paraugiem. Tests ir vienk\u0101r\u0161s:<\/p>\n<ul>\n<li><strong>Parauga iesp\u012bl\u0113\u0161ana<\/strong>: Paraugs ir dro\u0161i piestiprin\u0101ts pie test\u0113\u0161anas stiprin\u0101juma, nodro\u0161inot, ka test\u0113\u0161anas laik\u0101 tas paliek sav\u0101 viet\u0101.<\/li>\n<li><strong>Ietekmes test\u0113\u0161ana<\/strong>: \u0101murs tiek autom\u0101tiski pacelts l\u012bdz v\u0113lamajam trieciena augstumam, un p\u0113c aktiviz\u0113\u0161anas tas tiek palaists, lai ar noteiktu ener\u0123ijas l\u012bmeni tr\u0101p\u012btu pa paraugu.<\/li>\n<li><strong>Ener\u0123ijas iestat\u012bjumi<\/strong>: Ener\u0123ijas l\u012bmeni var regul\u0113t no 0,14J l\u012bdz 5J atkar\u012bb\u0101 no test\u0113jam\u0101 materi\u0101la vai produkta veida.<\/li>\n<li><strong>Testa cikls<\/strong>: Tests tiek veikts ar vienu pogas nospie\u0161anu, izmantojot HMI (Human-Machine Interface) sk\u0101rienj\u016bt\u012bgo ekr\u0101nu, t\u0101d\u0113j\u0101di automatiz\u0113jot procesu un samazinot cilv\u0113ka k\u013c\u016bdu skaitu.<\/li>\n<\/ul>\n<p>\u0160\u012b test\u0113\u0161anas metode \u013cauj ra\u017eot\u0101jiem nov\u0113rt\u0113t materi\u0101la iztur\u012bbu pret trieciena sp\u0113kiem, nodro\u0161inot, ka tas atbilst dro\u0161\u012bbas standartiem attiec\u012bb\u0101 uz iztur\u012bbu praktiskos apst\u0101k\u013cos.<\/p>\n<h2><strong>Sv\u0101rsta \u0101mura trieciena testeris un IEC 60068-2-75<\/strong><\/h2>\n<h3><strong>IEC 60068-2-75 standarta p\u0101rskats<\/strong><\/h3>\n<p>Port\u0101ls <a href=\"https:\/\/webstore.iec.ch\/en\/publication\/558\" target=\"_blank\" rel=\"noopener nofollow\"><strong>IEC 60068-2-75<\/strong><\/a> ir starptautisks standarts, kur\u0101 aprakst\u012btas test\u0113\u0161anas metodes, lai nov\u0113rt\u0113tu iek\u0101rtu un izstr\u0101d\u0101jumu meh\u0101nisko iztur\u012bbu meh\u0101nisk\u0101s slodzes vai trieciena apst\u0101k\u013cos. Konkr\u0113ti, \u0161is standarts sniedz vadl\u012bnijas, k\u0101 noteikt parauga sp\u0113ju iztur\u0113t stingrus trieciena sp\u0113kus, kas ir \u013coti svar\u012bgi izstr\u0101d\u0101jumiem, kurus izmanto vid\u0113s, kur meh\u0101nisk\u0101 iedarb\u012bba ir bie\u017ei sastopama.<\/p>\n<p>Port\u0101ls <a href=\"https:\/\/www.qualitester.com\/lv\/produkta-kategorija\/iec\/iec-60068-2-75\/\" target=\"_blank\" rel=\"noopener\">IEC 60068-2-75<\/a> Standart\u0101 ir defin\u0113tas tr\u012bs \u012bpa\u0161as metodes triecientestu veik\u0161anai, nodro\u0161inot izstr\u0101d\u0101jumu elast\u012bbu un uzticam\u012bbu da\u017e\u0101dos ekspluat\u0101cijas un vides apst\u0101k\u013cos. \u0160\u012b standarta iev\u0113ro\u0161ana ir \u013coti svar\u012bga ra\u017eot\u0101jiem, kas v\u0113las sasniegt glob\u0101los dro\u0161\u012bbas un kvalit\u0101tes nodro\u0161in\u0101\u0161anas krit\u0113rijus.<\/p>\n<h3><strong>K\u0101 PHS-01 sv\u0101rsta \u0101mura trieciena testeris atbilst IEC 60068-2-75 pras\u012bb\u0101m<\/strong><\/h3>\n<p>Port\u0101ls <strong>PHS-01 sv\u0101rsta \u0101murs Trieciena testeris<\/strong> piln\u012bb\u0101 atbilst standartam IEC 60068-2-75, nodro\u0161inot prec\u012bzus un atk\u0101rtojamus trieciena testu rezult\u0101tus. Testera autom\u0101tisk\u0101s vad\u012bbas sist\u0113ma, regul\u0113jami ener\u0123ijas l\u012bme\u0146i un daudzveid\u012bgs test\u0113\u0161anas augstums padara to ide\u0101li piem\u0113rotu da\u017e\u0101du triecienu scen\u0101riju simul\u0113\u0161anai, k\u0101 noteikts standart\u0101 IEC 60068-2-75. Pateicoties iesp\u0113jai nov\u0113rt\u0113t meh\u0101nisko iztur\u012bbu, PHS-01 pal\u012bdz ra\u017eot\u0101jiem nodro\u0161in\u0101t, ka vi\u0146u produkti atbilst starptautiskaj\u0101m dro\u0161\u012bbas pras\u012bb\u0101m.<\/p>\n<h2><strong>PHS-01 sv\u0101rsta \u0101mura triecientestera galven\u0101s funkcijas<\/strong><\/h2>\n<ul>\n<li><strong>Augstas precizit\u0101tes kontrole<\/strong>: PHS-01 izmanto <strong>PLC vad\u012bbas sist\u0113ma<\/strong> un <strong>HMI sk\u0101rienekr\u0101na saskarne<\/strong>, kas nodro\u0161ina \u0113rtu ekspluat\u0101ciju un prec\u012bzu trieciena parametru kontroli.<\/li>\n<li><strong>Autom\u0101tiska sv\u0101rsta pacel\u0161ana un atbr\u012bvo\u0161ana<\/strong>: Sv\u0101rsta \u0101murs tiek autom\u0101tiski pacelts l\u012bdz v\u0113lamajam augstumam un atbr\u012bvots ar elektromagn\u0113tisku precizit\u0101ti, nodro\u0161inot vienm\u0113r\u012bgu trieciena ener\u0123iju.<\/li>\n<li><strong>Regul\u0113jama trieciena ener\u0123ija<\/strong>: Testeris atbalsta da\u017e\u0101das trieciena ener\u0123ijas, s\u0101kot no <strong>0,14J l\u012bdz 5J<\/strong>, t\u0101p\u0113c t\u0101 ir piem\u0113rota da\u017e\u0101du materi\u0101lu un izstr\u0101d\u0101jumu test\u0113\u0161anai.<\/li>\n<li><strong>Piel\u0101gojami test\u0113\u0161anas augstumi<\/strong>: Port\u0101ls <strong>kritiena augstums<\/strong> ir regul\u0113jams, s\u0101kot no <strong>56 mm l\u012bdz 400 mm<\/strong>, kas nodro\u0161ina elast\u012bbu da\u017e\u0101du ietekmes scen\u0101riju test\u0113\u0161an\u0101.<\/li>\n<li><strong>P\u0101rsteidzo\u0161i elementi<\/strong>: Testeris pied\u0101v\u0101 da\u017e\u0101dus p\u0101rsteidzo\u0161us elementus, kurus var nomain\u012bt atkar\u012bb\u0101 no test\u0113\u0161anas pras\u012bb\u0101m, t\u0101d\u0113j\u0101di v\u0113l vair\u0101k palielinot t\u0101 daudzpus\u012bbu.<\/li>\n<li><strong>Divu valodu displejs<\/strong>: Sist\u0113ma atbalsta dubultvalodu displeju, padarot to \u0113rtu starptautiskajiem klientiem.<\/li>\n<\/ul>\n<h2><strong>Sv\u0101rsta \u0101mura trieciena testera pielietojuma jomas<\/strong><\/h2>\n<p>Port\u0101ls <strong>Sv\u0101rsta \u0101murs Trieciena testeris<\/strong> tiek izmantots da\u017e\u0101d\u0101s nozar\u0113s, lai nov\u0113rt\u0113tu izstr\u0101d\u0101jumu un materi\u0101lu triecieniztur\u012bbu un meh\u0101nisko iztur\u012bbu:<\/p>\n<ul>\n<li><strong>Iepakojums<\/strong>: Nodro\u0161ina, lai iepakojuma materi\u0101li, tostarp gofr\u0113tas kastes un plastmasas trauki, iztur\u0113tu triecienus transport\u0113\u0161anas un p\u0101rkrau\u0161anas laik\u0101.<\/li>\n<li><strong>Elektronika<\/strong>: Nov\u0113rt\u0113 elektronisko komponentu, piem\u0113ram, sh\u0113mu pla\u0161u un korpusu, iztur\u012bbu, lai p\u0101rliecin\u0101tos, ka tie var iztur\u0113t nejau\u0161u kritienu un meh\u0101niskus triecienus.<\/li>\n<li><strong>Medic\u012bnisk\u0101s ier\u012bces<\/strong>: P\u0101rbauda medic\u012bnisk\u0101 apr\u012bkojuma un t\u0101 iepakojuma triecieniztur\u012bbu, nodro\u0161inot pacientu dro\u0161\u012bbu un izstr\u0101d\u0101jumu uzticam\u012bbu.<\/li>\n<li><strong>Automobi\u013cu da\u013cas<\/strong>: Test\u0113 t\u0101das sast\u0101vda\u013cas k\u0101 bamperi un salona apr\u012bkojums, lai p\u0101rliecin\u0101tos, ka t\u0101s sp\u0113j iztur\u0113t triecienus un skarbus vides apst\u0101k\u013cus.<\/li>\n<li><strong>Rota\u013clietas un pat\u0113ri\u0146a preces<\/strong>: Apstiprina, ka ikdienas pat\u0113ri\u0146a preces atbilst dro\u0161\u012bbas standartiem attiec\u012bb\u0101 uz iztur\u012bbu, jo \u012bpa\u0161i b\u0113rnu prec\u0113m.<\/li>\n<\/ul>\n<h2><strong>Atbilst\u012bba standartiem<\/strong><\/h2>\n<p>Port\u0101ls <strong>PHS-01 sv\u0101rsta \u0101murs Trieciena testeris<\/strong> atbilst \u0161\u0101diem nozares standartiem:<\/p>\n<ul>\n<li><strong>IEC 60068-2-75<\/strong>: Starptautiskais vides test\u0113\u0161anas standarts, kur\u0101 galven\u0101 uzman\u012bba piev\u0113rsta meh\u0101nisk\u0101s slodzes test\u0113\u0161anai.<\/li>\n<li><strong>GB\/T 2423.55<\/strong>: \u0136\u012bnas nacion\u0101lais standarts triecientestiem, kas nodro\u0161ina izstr\u0101d\u0101jumu atbilst\u012bbu viet\u0113j\u0101m normat\u012bvaj\u0101m pras\u012bb\u0101m.<\/li>\n<\/ul>\n<p>PHS-01, kas atbilst \u0161iem standartiem, garant\u0113, ka ra\u017eot\u0101ji var prec\u012bzi nov\u0113rt\u0113t savu izstr\u0101d\u0101jumu elast\u012bbu un nodro\u0161in\u0101t atbilst\u012bbu glob\u0101lajiem dro\u0161\u012bbas un uzticam\u012bbas krit\u0113rijiem.<\/p>\n<h2><strong>Galvenie parametri<\/strong><\/h2>\n<table>\n<tbody>\n<tr>\n<td width=\"122\">Ietekmes ener\u0123ija<\/td>\n<td width=\"277\">0,14J, 0,2J, 0,35J, 0,5J, 0,7J, 1J, 2J, 5J<\/td>\n<\/tr>\n<tr>\n<td width=\"122\">Ekvivalent\u0101 masa<\/td>\n<td width=\"277\">0.25,0.25,0.25,0.25,0.25, 0.25,0.5,1.7kg<\/td>\n<\/tr>\n<tr>\n<td width=\"122\">Kritiena augstums<\/td>\n<td width=\"277\">56,80,140,200,280,400,400,300mm<\/td>\n<\/tr>\n<tr>\n<td width=\"122\">Sapl\u0101ksnis<\/td>\n<td width=\"277\">175*175 mm, 8 mm biezums p\u0113c lietot\u0101ja izv\u0113les<\/td>\n<\/tr>\n<tr>\n<td width=\"122\">Power<\/td>\n<td width=\"277\">mai\u0146str\u0101va 110 ~ 220 V 50\/60 Hz<\/td>\n<\/tr>\n<tr>\n<td width=\"122\">Vad\u012bba<\/td>\n<td width=\"277\">PLC un cilv\u0113ka un ma\u0161\u012bnas saskarne<\/td>\n<\/tr>\n<\/tbody>\n<\/table>\n<p>Port\u0101ls <strong>Sv\u0101rsta \u0101mura trieciena testeris (PHS-01)<\/strong> ir b\u016btisks r\u012bks ra\u017eot\u0101jiem, kuriem j\u0101nodro\u0161ina savu izstr\u0101d\u0101jumu iztur\u012bba un meh\u0101nisk\u0101 iztur\u012bba. Simul\u0113jot re\u0101lus triecienu scen\u0101rijus un iev\u0113rojot starptautiskos standartus, piem\u0113ram. <strong>IEC 60068-2-75<\/strong>, PHS-01 nodro\u0161ina prec\u012bzus un uzticamus test\u0113\u0161anas rezult\u0101tus. Neatkar\u012bgi no t\u0101, vai tas paredz\u0113ts iepakojumam, elektronikai, medic\u012bnas ier\u012bc\u0113m vai automobi\u013cu deta\u013c\u0101m, PHS-01 pal\u012bdz garant\u0113t produktu dro\u0161\u012bbu un veiktsp\u0113ju, padarot to par nenov\u0113rt\u0113jamu papildin\u0101jumu jebkurai kvalit\u0101tes kontroles laboratorijai vai ra\u017eo\u0161anas uz\u0146\u0113mumam.<\/p>","protected":false},"excerpt":{"rendered":"<p>Port\u0101ls <strong>Sv\u0101rsta \u0101mura trieciena testeris (PHS-01)<\/strong> ir specializ\u0113ts meh\u0101nisk\u0101s test\u0113\u0161anas instruments, kas paredz\u0113ts materi\u0101lu un izstr\u0101d\u0101jumu iztur\u012bbas un triecieniztur\u012bbas nov\u0113rt\u0113\u0161anai. \u0160is testeris imit\u0113 re\u0101las meh\u0101nisk\u0101s iedarb\u012bbas, \u013caujot ra\u017eot\u0101jiem nov\u0113rt\u0113t, cik labi vi\u0146u izstr\u0101d\u0101jumi sp\u0113j iztur\u0113t fizisku slodzi. Trieciena test\u0113\u0161ana ir b\u016btiska, lai nodro\u0161in\u0101tu izstr\u0101d\u0101jumu dro\u0161\u012bbu un uzticam\u012bbu, jo \u012bpa\u0161i nozar\u0113s, kur\u0101s izstr\u0101d\u0101jumi ir pak\u013cauti bie\u017eiem meh\u0101niskiem triecieniem vai rupjai darb\u012bbai, piem\u0113ram, iepakojuma, automobi\u013cu, elektronikas un medic\u012bnas ier\u012b\u010du nozar\u0113.<\/p>","protected":false},"featured_media":6032,"comment_status":"closed","ping_status":"closed","template":"","meta":{"site-sidebar-layout":"default","site-content-layout":"default","ast-global-header-display":"","ast-main-header-display":"","ast-hfb-above-header-display":"","ast-hfb-below-header-display":"","ast-hfb-mobile-header-display":"","site-post-title":"disabled","ast-breadcrumbs-content":"","ast-featured-img":"disabled","footer-sml-layout":"","theme-transparent-header-meta":"default","adv-header-id-meta":"","stick-header-meta":"","header-above-stick-meta":"","header-main-stick-meta":"","header-below-stick-meta":""},"product_cat":[95,845,937,1137],"product_tag":[],"class_list":{"0":"post-2565","1":"product","2":"type-product","3":"status-publish","4":"has-post-thumbnail","6":"product_cat-products","7":"product_cat-customization","8":"product_cat-electronic-product-tester","9":"product_cat-iec-60068-2-75","10":"desktop-align-left","11":"tablet-align-left","12":"mobile-align-left","14":"first","15":"instock","16":"shipping-taxable","17":"product-type-simple"},"_links":{"self":[{"href":"https:\/\/www.qualitester.com\/lv\/wp-json\/wp\/v2\/product\/2565","targetHints":{"allow":["GET"]}}],"collection":[{"href":"https:\/\/www.qualitester.com\/lv\/wp-json\/wp\/v2\/product"}],"about":[{"href":"https:\/\/www.qualitester.com\/lv\/wp-json\/wp\/v2\/types\/product"}],"replies":[{"embeddable":true,"href":"https:\/\/www.qualitester.com\/lv\/wp-json\/wp\/v2\/comments?post=2565"}],"version-history":[{"count":0,"href":"https:\/\/www.qualitester.com\/lv\/wp-json\/wp\/v2\/product\/2565\/revisions"}],"wp:featuredmedia":[{"embeddable":true,"href":"https:\/\/www.qualitester.com\/lv\/wp-json\/wp\/v2\/media\/6032"}],"wp:attachment":[{"href":"https:\/\/www.qualitester.com\/lv\/wp-json\/wp\/v2\/media?parent=2565"}],"wp:term":[{"taxonomy":"product_cat","embeddable":true,"href":"https:\/\/www.qualitester.com\/lv\/wp-json\/wp\/v2\/product_cat?post=2565"},{"taxonomy":"product_tag","embeddable":true,"href":"https:\/\/www.qualitester.com\/lv\/wp-json\/wp\/v2\/product_tag?post=2565"}],"curies":[{"name":"wp","href":"https:\/\/api.w.org\/{rel}","templated":true}]}}