{"id":2475,"date":"2023-06-16T09:54:40","date_gmt":"2023-06-16T01:54:40","guid":{"rendered":"https:\/\/www.qualitester.com\/?post_type=product&#038;p=2475"},"modified":"2024-11-26T15:00:54","modified_gmt":"2024-11-26T07:00:54","slug":"ftt-01-the-paper-thickness-testing-machine","status":"publish","type":"product","link":"https:\/\/www.qualitester.com\/lv\/products-2\/ftt-01-the-paper-thickness-testing-machine\/","title":{"rendered":"FTT-01 biezuma testeris"},"content":{"rendered":"<p>Port\u0101ls <strong>Piesk\u0101riena biezuma testeris<\/strong> ir moderns m\u0113rinstruments, kas paredz\u0113ts prec\u012bziem un uzticamiem da\u017e\u0101du materi\u0101lu, tostarp plastmasas pl\u0113vju, tekstilizstr\u0101d\u0101jumu, pap\u012bra, kartona, foliju un citu elast\u012bgu materi\u0101lu biezuma r\u0101d\u012bjumiem. Biezumam ir iz\u0161\u0137iro\u0161a noz\u012bme, nosakot \u0161o materi\u0101lu veiktsp\u0113ju, kvalit\u0101ti un atbilst\u012bbu t\u0101d\u0101s nozar\u0113s k\u0101 iepako\u0161ana, farm\u0101cija, medic\u012bnas ier\u012bces, tekstilr\u016bpniec\u012bba un cit\u0101s. Viendab\u012bga materi\u0101la biezuma uztur\u0113\u0161ana nodro\u0161ina produktu kvalit\u0101ti, nov\u0113r\u0161 defektus un atbilst normat\u012bvaj\u0101m pras\u012bb\u0101m, padarot to par b\u016btisku kvalit\u0101tes kontroles instrumentu ra\u017eo\u0161anas procesos.<\/p>\n<p>Neatkar\u012bgi no t\u0101, vai str\u0101d\u0101jat ar plastmasas pl\u0113v\u0113m iepakojuma ra\u017eo\u0161an\u0101, tekstilizstr\u0101d\u0101jumiem modes industrij\u0101 vai pap\u012bra izstr\u0101d\u0101jumiem poligr\u0101fijas nozar\u0113. <strong>Piesk\u0101riena biezuma testeris<\/strong> pal\u012bdz uz\u0146\u0113mumiem saglab\u0101t viendab\u012bgumu, samazin\u0101t atkritumu daudzumu un nodro\u0161in\u0101t materi\u0101lu atbilst\u012bbu stingriem nozares standartiem.<\/p>\n<h2>Biezuma test\u0113\u0161anas standarti<\/h2>\n<p>Port\u0101ls <strong>Piesk\u0101riena biezuma testeris<\/strong> ir veidots atbilsto\u0161i da\u017e\u0101diem starptautiskiem standartiem, nodro\u0161inot prec\u012bzus un standartiz\u0113tus m\u0113r\u012bjumus da\u017e\u0101dos materi\u0101lu veidos un nozar\u0113s.<\/p>\n<h3><strong><a href=\"https:\/\/www.astm.org\/d0374-99.html\" target=\"_blank\" rel=\"noopener nofollow\">ASTM D374-99<\/a>: Ciet\u0101s elektrisk\u0101s izol\u0101cijas biezuma standarta test\u0113\u0161anas metodes<\/strong><\/h3>\n<p>\u0160o standartu izmanto, lai m\u0113r\u012btu elektrisk\u0101s izol\u0101cijas materi\u0101lu biezumu. Prec\u012bzi biezuma m\u0113r\u012bjumi ir \u013coti svar\u012bgi elektrotehnikas nozar\u0113, lai nodro\u0161in\u0101tu pareizu izol\u0101ciju, kas aizsarg\u0101 elektriskos komponentus un nov\u0113r\u0161 boj\u0101jumus. . <strong>Piesk\u0101riena biezuma testeris<\/strong> atbilst ASTM D374 pras\u012bb\u0101m, nodro\u0161inot uzticamus un konsekventus elektroizol\u0101cijas izstr\u0101d\u0101jumu m\u0113r\u012bjumus.<\/p>\n<h3><strong><a href=\"https:\/\/www.astm.org\/d1777-96r19.html\" target=\"_blank\" rel=\"noopener nofollow\">ASTM D1777<\/a>: Tekstilmateri\u0101lu biezuma standarta test\u0113\u0161anas metode<\/strong><\/h3>\n<p>ASTM D1777 standarts attiecas uz tekstilizstr\u0101d\u0101jumiem un auduma materi\u0101liem. Prec\u012bzs biezuma m\u0113r\u012bjums ir b\u016btisks tekstilr\u016bpniec\u012bb\u0101, lai nov\u0113rt\u0113tu auduma \u012bpa\u0161\u012bbas, kvalit\u0101ti un iztur\u012bbu. . <strong>Piesk\u0101riena biezuma testeris<\/strong> nodro\u0161ina prec\u012bzus r\u0101d\u012bjumus, kas pal\u012bdz ra\u017eot\u0101jiem iev\u0113rot nozares biezuma standartus, nodro\u0161inot izstr\u0101d\u0101jumu kvalit\u0101ti un funkcionalit\u0101ti.<\/p>\n<h3><strong><a href=\"https:\/\/www.iso.org\/standard\/51266.html\" target=\"_blank\" rel=\"noopener nofollow\">ISO 3034:2011<\/a>: Gofr\u0113t\u0101 kok\u0161\u0137iedru pl\u0101tne - vienas loksnes biezuma noteik\u0161ana<\/strong><\/h3>\n<p>\u0160o standartu izmanto, lai m\u0113r\u012btu gofr\u0113t\u0101 kartona - iepakojum\u0101 pla\u0161i izmantota materi\u0101la - biezumu. Atbilsto\u0161i ISO 3034:2011 standartiem. <strong>Piesk\u0101riena biezuma testeris<\/strong> pal\u012bdz iepakojuma ra\u017eot\u0101jiem nodro\u0161in\u0101t, ka to \u0161\u0137iedru pl\u0101t\u0146u materi\u0101li atbilst nepiecie\u0161amaj\u0101m biezuma specifik\u0101cij\u0101m, nodro\u0161inot iepakoto pre\u010du iztur\u012bbu un aizsardz\u012bbu.<\/p>\n<h3><strong><a href=\"https:\/\/www.iso.org\/standard\/53060.html\" target=\"_blank\" rel=\"noopener nofollow\">ISO 534-2011<\/a>: Pap\u012brs un kartons - biezuma, bl\u012bvuma un \u012bpatn\u0113j\u0101 tilpuma noteik\u0161ana<\/strong><\/h3>\n<p>ISO 534-2011 izmanto pap\u012bra un kartona materi\u0101lu biezuma m\u0113r\u012b\u0161anai. \u0160is standarts ir b\u016btisks pap\u012bra r\u016bpniec\u012bbai, lai saglab\u0101tu produktu viendab\u012bgumu, kontrol\u0113tu materi\u0101lu izmanto\u0161anu un apmierin\u0101tu klientu v\u0113lmes. . <strong>Piesk\u0101riena biezuma testeris<\/strong> atbalsta standartu ISO 534-2011, nodro\u0161inot prec\u012bzus pap\u012bra un kartona materi\u0101lu biezuma m\u0113r\u012bjumus, kas ir \u013coti svar\u012bgi gan kvalit\u0101tes kontrolei, gan ra\u017eo\u0161anas efektivit\u0101tei.<\/p>\n<h3><strong><a href=\"https:\/\/www.iso.org\/standard\/20759.html\" target=\"_blank\" rel=\"noopener nofollow\">ISO 4593<\/a>: Plastmasas; pl\u0113ves un loksnes; biezuma noteik\u0161ana ar meh\u0101nisko sken\u0113\u0161anu<\/strong><\/h3>\n<p>ISO 4593 nosaka standartu plastmasas pl\u0113vju un pl\u0113vju un lok\u0161\u0146u biezuma m\u0113r\u012b\u0161anai. Prec\u012bzi biezuma m\u0113r\u012bjumi ir \u013coti svar\u012bgi plastmasas ra\u017eot\u0101jiem, jo \u012bpa\u0161i iepakojuma lietojumos, lai nodro\u0161in\u0101tu ra\u017eojuma veiktsp\u0113ju un atbilst\u012bbu normat\u012bvajiem standartiem. . <strong>Piesk\u0101riena biezuma testeris<\/strong> atbilst ISO 4593 pras\u012bb\u0101m, nodro\u0161inot uzticamus biezuma r\u0101d\u012bjumus plastmasas pl\u0113v\u0113m, ko izmanto da\u017e\u0101d\u0101s nozar\u0113s.<\/p>\n<h2>Test\u0113\u0161anas metodes un pielietojums<\/h2>\n<div class=\"ast-oembed-container\" style=\"height: 100%;\"><iframe title=\"Biezuma testeris ar pres\u0113\u0161anas k\u0101ji\u0146u un paraugu padev\u0113ju\" width=\"500\" height=\"281\" src=\"https:\/\/www.youtube.com\/embed\/ay_9m_wynLU?feature=oembed\" frameborder=\"0\" allow=\"accelerometer; autoplay; clipboard-write; encrypted-media; gyroscope; picture-in-picture; web-share\" referrerpolicy=\"strict-origin-when-cross-origin\" allowfullscreen><\/iframe><\/div>\n<p>Port\u0101ls <strong>Piesk\u0101riena biezuma testeris<\/strong> izmanto meh\u0101nisk\u0101s sken\u0113\u0161anas metodi, lai m\u0113r\u012btu da\u017e\u0101du materi\u0101lu biezumu. L\u016bk, k\u0101 \u0161is process darbojas:<\/p>\n<ol>\n<li><strong>Parauga izvietojums:<\/strong> Materi\u0101la paraugs tiek novietots uz instrumenta pamatnes, nodro\u0161inot, ka tas ir pareizi novietots prec\u012bzam m\u0113r\u012bjumam.<\/li>\n<li><strong>Preses p\u0113das meh\u0101nisms:<\/strong> Uz materi\u0101la tiek viegli nolaista piespie\u0161anas k\u0101ji\u0146a ar atsvaru. Testeris m\u0113ra p\u0101rvietojumu vai atstarpi starp piespie\u0161anas k\u0101ji\u0146u un pamatni, prec\u012bzi izm\u0113rot parauga biezumu.<\/li>\n<li><strong>Materi\u0101lu veidi:<\/strong> Testeris ir univers\u0101ls, un ar to var m\u0113r\u012bt biezumu t\u0101diem materi\u0101liem k\u0101 plastmasas pl\u0113ves, tekstilizstr\u0101d\u0101jumi, pap\u012brs, folijas, audumi un membr\u0101nas. Neatkar\u012bgi no t\u0101, vai test\u0113jat iepakojuma materi\u0101lus, medic\u012bnisko ier\u012b\u010du iepakojumu vai tekstilizstr\u0101d\u0101jumus. <strong>Piesk\u0101riena biezuma testeris<\/strong> nodro\u0161ina prec\u012bzus rezult\u0101tus.<\/li>\n<\/ol>\n<p>\u0160\u012b metode ir \u012bpa\u0161i v\u0113rt\u012bga kvalit\u0101tes kontroles procesos nozar\u0113s, kur\u0101s b\u016btiska ir materi\u0101lu konsekvence, piem\u0113ram, iepakojuma, p\u0101rtikas un dz\u0113rienu, farm\u0101cijas un tekstilizstr\u0101d\u0101jumu ra\u017eo\u0161anas nozar\u0113s. Nodro\u0161inot prec\u012bzus un atk\u0101rtojamus m\u0113r\u012bjumus, \u0161\u012b metode <strong>Piesk\u0101riena biezuma testeris<\/strong> pal\u012bdz uz\u0146\u0113mumiem identific\u0113t biezuma at\u0161\u0137ir\u012bbas, kas var izrais\u012bt defektus, neatbilst\u012bbu normat\u012bvajiem aktiem vai liel\u0101kas ra\u017eo\u0161anas izmaksas.<\/p>\n<h2>Tehnisk\u0101s funkcijas un funkcionalit\u0101te<\/h2>\n<p>Port\u0101ls <strong>Piesk\u0101riena biezuma testeris<\/strong> ir izstr\u0101d\u0101ts t\u0101, lai to var\u0113tu \u0113rti un prec\u012bzi lietot, un tam ir vair\u0101kas uzlabotas funkcijas, kas nodro\u0161ina efekt\u012bvu darb\u012bbu un prec\u012bzus rezult\u0101tus:<\/p>\n<ul>\n<li><strong>PLC kontrol\u0113ta darb\u012bba<\/strong>: Ier\u012bci vada programm\u0113jams lo\u0123iskais kontrolieris (PLC), kas ir integr\u0113ts ar intuit\u012bvu HMI sk\u0101rienekr\u0101na saskarni, lai to var\u0113tu viegli lietot.<\/li>\n<li><strong>Autom\u0101tiska preses p\u0113das pacel\u0161ana<\/strong>: \u0160\u012b funkcija nodro\u0161ina, ka p\u0113c katra m\u0113r\u012bjuma preses k\u0101ji\u0146a tiek autom\u0101tiski pacelta, t\u0101d\u0113j\u0101di samazinot manu\u0101las iejauk\u0161an\u0101s nepiecie\u0161am\u012bbu un nodro\u0161inot test\u0113\u0161anas konsekvenci.<\/li>\n<li><strong>Re\u0101llaika datu att\u0113lo\u0161ana<\/strong>: Testeris re\u0101l\u0101 laik\u0101 par\u0101da m\u0113r\u012bjumus, tostarp maksim\u0101l\u0101s, minim\u0101l\u0101s, vid\u0113j\u0101s un standarta novirzes v\u0113rt\u012bbas, \u013caujot lietot\u0101jiem uzreiz nov\u0113rt\u0113t materi\u0101lu atbilst\u012bbu un veiktsp\u0113ju.<\/li>\n<li><strong>Datu glab\u0101\u0161ana un mikrodruk\u0101\u0161ana<\/strong>: Testeris var saglab\u0101t testu rezult\u0101tus un izdruk\u0101t p\u0101rskatus, t\u0101d\u0113j\u0101di atvieglojot izsekojam\u012bbu un kvalit\u0101tes kontroles dokument\u0101ciju auditiem vai ierakstiem.<\/li>\n<li><strong>RS232 ports (p\u0113c izv\u0113les)<\/strong>: Ier\u012bcei ir RS232 ports, kas \u013cauj to viegli integr\u0113t ar datu anal\u012bzes programmat\u016bru, uzlabojot test\u0113\u0161anas rezult\u0101tu p\u0101rvald\u012bbas un anal\u012bzes iesp\u0113jas.<\/li>\n<li><strong>Manu\u0101l\u0101s un autom\u0101tisk\u0101s paraugu padeves iesp\u0113jas (p\u0113c izv\u0113les)<\/strong>: Lai palielin\u0101tu efektivit\u0101ti liela apjoma test\u0113\u0161anas vid\u0113, ir pieejamas gan manu\u0101las, gan autom\u0101tiskas paraugu padeves iesp\u0113jas.<\/li>\n<\/ul>\n<h2>Galvenie parametri un specifik\u0101cijas<\/h2>\n<table>\n<tbody>\n<tr>\n<td width=\"251\">Testa diapazons<\/td>\n<td width=\"247\">0 ~ 2 mm (pieejama piel\u0101go\u0161ana)<\/td>\n<\/tr>\n<tr>\n<td width=\"251\">Rezol\u016bcija<\/td>\n<td width=\"247\">0,1 \u03bcm<\/td>\n<\/tr>\n<tr>\n<td width=\"251\">Standarta m\u0113r\u012bjumu galva<\/td>\n<td width=\"247\">Puslodes tips<\/td>\n<\/tr>\n<tr>\n<td width=\"251\">Papildapr\u012bkojums M\u0113r\u012b\u0161anas galva (plakana k\u0101ji\u0146a)<\/td>\n<td width=\"247\">50 mm\u00b2 , 17,5 \u00b1 1 KPa (pl\u0113vei)<br \/>\n200 mm\u00b2 , 50\u00b11 KPa (pap\u012bram)<\/td>\n<\/tr>\n<tr>\n<td width=\"251\">Power<\/td>\n<td width=\"247\">MAI\u0145STR\u0100VA 110 ~ 220 V<\/td>\n<\/tr>\n<\/tbody>\n<\/table>\n<h3>K\u0101p\u0113c izv\u0113l\u0113ties piesk\u0101rienu biezuma testeri?<\/h3>\n<p>Port\u0101ls <strong>Piesk\u0101riena biezuma testeris<\/strong> pied\u0101v\u0101 daudz priek\u0161roc\u012bbu uz\u0146\u0113mumiem da\u017e\u0101d\u0101s nozar\u0113s, piem\u0113ram, iepakojuma, tekstilizstr\u0101d\u0101jumu, medic\u012bnas ier\u012b\u010du un cit\u0101s. \u0160eit ir tikai da\u017ei iemesli, k\u0101p\u0113c izv\u0113l\u0113ties \u0161o instrumentu:<\/p>\n<ul>\n<li><strong>Daudzpus\u012bba:<\/strong> Ar to var m\u0113r\u012bt da\u017e\u0101du materi\u0101lu, tostarp plastmasas pl\u0113vju, tekstilizstr\u0101d\u0101jumu, pap\u012bra un gofr\u0113t\u0101 kartona biezumu.<\/li>\n<li><strong>Atbilst\u012bba standartiem:<\/strong> Tas atbilst galvenajiem nozares standartiem, piem\u0113ram, ASTM D374, ASTM D1777, ISO 3034:2011, ISO 534-2011 un ISO 4593, nodro\u0161inot m\u0113r\u012bjumu precizit\u0101ti un atbilst\u012bbu normat\u012bvajiem aktiem.<\/li>\n<li><strong>Efektivit\u0101te un precizit\u0101te:<\/strong> Ar t\u0101d\u0101m progres\u012bv\u0101m funkcij\u0101m k\u0101 autom\u0101tiska spiedp\u0113das pacel\u0161ana, re\u0101llaika datu displejs un augstas iz\u0161\u0137irtsp\u0113jas m\u0113r\u012bjumi. <strong>Piesk\u0101riena biezuma testeris<\/strong> nodro\u0161ina uzticamus un atk\u0101rtojamus rezult\u0101tus.<\/li>\n<li><strong>Datu p\u0101rvald\u012bba:<\/strong> Iesp\u0113ja saglab\u0101t un izdruk\u0101t testu rezult\u0101tus atvieglo kvalit\u0101tes kontroles, auditu un izsekojam\u012bbas uzskaiti.<\/li>\n<\/ul>\n<h3>Bie\u017e\u0101k uzdotie jaut\u0101jumi (Frequently Asked Questions)<\/h3>\n<ol>\n<li><strong>K\u0101dus materi\u0101lus var izm\u0113r\u012bt ar sk\u0101rienj\u016bt\u012bgo biezuma testeri?<\/strong>\n<ul>\n<li>Ar testeri var izm\u0113r\u012bt t\u0101du materi\u0101lu biezumu k\u0101 plastmasas pl\u0113ves, tekstilmateri\u0101li, pap\u012brs, gofr\u0113ts fiberboard, folijas un membr\u0101nas.<\/li>\n<\/ul>\n<\/li>\n<li><strong>K\u0101ds ir Touch Thickness Tester m\u0113r\u012bjumu diapazons?<\/strong>\n<ul>\n<li>Standarta test\u0113\u0161anas diapazons ir no 0 l\u012bdz 2 mm, un ir iesp\u0113jams piel\u0101got testus konkr\u0113tiem materi\u0101lu tipiem vai lietojumiem.<\/li>\n<\/ul>\n<\/li>\n<li><strong>K\u0101 ar sk\u0101rienj\u016bt\u012bgo biezuma testeri tiek nodro\u0161in\u0101ta precizit\u0101te?<\/strong>\n<ul>\n<li>Testeris izmanto meh\u0101nisku sken\u0113\u0161anas metodi ar 0,1 \u03bcm iz\u0161\u0137irtsp\u0113ju, lai nodro\u0161in\u0101tu prec\u012bzus un prec\u012bzus biezuma m\u0113r\u012bjumus da\u017e\u0101diem materi\u0101liem.<\/li>\n<\/ul>\n<\/li>\n<li><strong>Vai Touch Thickness Tester var integr\u0113t ar cit\u0101m programmat\u016bras sist\u0113m\u0101m?<\/strong>\n<ul>\n<li>J\u0101, testerim ir RS232 ports, lai p\u0113c izv\u0113les to var\u0113tu integr\u0113t ar programmat\u016bru uzlabotai datu p\u0101rvald\u012bbai un anal\u012bzei.<\/li>\n<\/ul>\n<\/li>\n<li><strong>K\u0101diem standartiem atbilst Touch Thickness Tester?<\/strong>\n<ul>\n<li>Testeris atbalsta ASTM D374, ASTM D1777, ISO 3034:2011, ISO 534-2011 un ISO 4593 standartus, nodro\u0161inot atbilst\u012bbu nozares standartiem da\u017e\u0101diem materi\u0101liem.<\/li>\n<\/ul>\n<\/li>\n<\/ol>","protected":false},"excerpt":{"rendered":"<p>Port\u0101ls <strong>Piesk\u0101riena biezuma testeris<\/strong> ir moderns m\u0113rinstruments, kas paredz\u0113ts prec\u012bziem un uzticamiem da\u017e\u0101du materi\u0101lu, tostarp plastmasas pl\u0113vju, tekstilizstr\u0101d\u0101jumu, pap\u012bra, kartona, foliju un citu elast\u012bgu materi\u0101lu biezuma r\u0101d\u012bjumiem. Biezumam ir iz\u0161\u0137iro\u0161a noz\u012bme, nosakot \u0161o materi\u0101lu veiktsp\u0113ju, kvalit\u0101ti un atbilst\u012bbu t\u0101d\u0101s nozar\u0113s k\u0101 iepako\u0161ana, farm\u0101cija, medic\u012bnas ier\u012bces, tekstilr\u016bpniec\u012bba un cit\u0101s.<\/p>","protected":false},"featured_media":5612,"comment_status":"closed","ping_status":"closed","template":"","meta":{"site-sidebar-layout":"default","site-content-layout":"default","ast-global-header-display":"","ast-main-header-display":"","ast-hfb-above-header-display":"","ast-hfb-below-header-display":"","ast-hfb-mobile-header-display":"","site-post-title":"","ast-breadcrumbs-content":"","ast-featured-img":"","footer-sml-layout":"","theme-transparent-header-meta":"default","adv-header-id-meta":"","stick-header-meta":"","header-above-stick-meta":"","header-main-stick-meta":"","header-below-stick-meta":""},"product_cat":[845,938,44,149,16,120,131,160,162,164,95],"product_tag":[],"class_list":{"0":"post-2475","1":"product","2":"type-product","3":"status-publish","4":"has-post-thumbnail","6":"product_cat-customization","7":"product_cat-textile-tester","8":"product_cat-paper-and-board-testers","9":"product_cat-pharma-and-medical-testers","10":"product_cat-plastic-packaging-testers","11":"product_cat-astm-d1777","12":"product_cat-astm-d374","13":"product_cat-iso-3034","14":"product_cat-iso-4593","15":"product_cat-iso-534","16":"product_cat-products","17":"desktop-align-left","18":"tablet-align-left","19":"mobile-align-left","21":"first","22":"instock","23":"shipping-taxable","24":"product-type-simple"},"_links":{"self":[{"href":"https:\/\/www.qualitester.com\/lv\/wp-json\/wp\/v2\/product\/2475","targetHints":{"allow":["GET"]}}],"collection":[{"href":"https:\/\/www.qualitester.com\/lv\/wp-json\/wp\/v2\/product"}],"about":[{"href":"https:\/\/www.qualitester.com\/lv\/wp-json\/wp\/v2\/types\/product"}],"replies":[{"embeddable":true,"href":"https:\/\/www.qualitester.com\/lv\/wp-json\/wp\/v2\/comments?post=2475"}],"version-history":[{"count":0,"href":"https:\/\/www.qualitester.com\/lv\/wp-json\/wp\/v2\/product\/2475\/revisions"}],"wp:featuredmedia":[{"embeddable":true,"href":"https:\/\/www.qualitester.com\/lv\/wp-json\/wp\/v2\/media\/5612"}],"wp:attachment":[{"href":"https:\/\/www.qualitester.com\/lv\/wp-json\/wp\/v2\/media?parent=2475"}],"wp:term":[{"taxonomy":"product_cat","embeddable":true,"href":"https:\/\/www.qualitester.com\/lv\/wp-json\/wp\/v2\/product_cat?post=2475"},{"taxonomy":"product_tag","embeddable":true,"href":"https:\/\/www.qualitester.com\/lv\/wp-json\/wp\/v2\/product_tag?post=2475"}],"curies":[{"name":"wp","href":"https:\/\/api.w.org\/{rel}","templated":true}]}}