{"id":2454,"date":"2023-06-14T08:35:29","date_gmt":"2023-06-14T00:35:29","guid":{"rendered":"https:\/\/www.qualitester.com\/?post_type=product&#038;p=2454"},"modified":"2024-11-28T10:12:04","modified_gmt":"2024-11-28T02:12:04","slug":"fbt-01-impact-testing-machine-falling-ball-impact-cardboard","status":"publish","type":"product","link":"https:\/\/www.qualitester.com\/lv\/products-2\/fbt-01-impact-testing-machine-falling-ball-impact-cardboard\/","title":{"rendered":"FBT-01 kr\u012bto\u0161o bumbi\u0146u trieciena testeris"},"content":{"rendered":"<h2>Ievads kritiena bumbas trieciena test\u0101<\/h2>\n<p>Port\u0101ls <strong>bumbi\u0146as trieciena tests<\/strong> ir b\u016btiska metode, lai nov\u0113rt\u0113tu materi\u0101la sp\u0113ju iztur\u0113t p\u0113k\u0161\u0146us triecienus vai trieciena slodzes. \u0160is tests imit\u0113 re\u0101los apst\u0101k\u013cus, kuros materi\u0101li tiek pak\u013cauti \u0101r\u0113jiem sp\u0113kiem, pal\u012bdzot ra\u017eot\u0101jiem nodro\u0161in\u0101t izstr\u0101d\u0101jumu iztur\u012bbu un kvalit\u0101ti. Triecieniztur\u012bba ir b\u016btiska, lai nov\u0113rstu materi\u0101lu pl\u012bsumu, plaisu vai deform\u0101ciju, ko izmanto da\u017e\u0101d\u0101s nozar\u0113s, tostarp iepakojuma, medic\u012bnas ier\u012b\u010du un elektronikas nozar\u0113.<\/p>\n<h2>FBT-01 kr\u012bto\u0161o bumbi\u0146u trieciena testera FBT-01 p\u0101rskats<\/h2>\n<p>Port\u0101ls <strong>FBT-01 kr\u012bto\u0161o bumbi\u0146u trieciena testeris<\/strong> ir \u013coti prec\u012bzs un univers\u0101ls instruments, kas paredz\u0113ts pl\u0101nu materi\u0101lu, piem\u0113ram, pl\u0113vju, lok\u0161\u0146u, kompoz\u012btu, foliju un pap\u012bra triecieniztur\u012bbas m\u0113r\u012b\u0161anai. Tas izmanto kontrol\u0113tu t\u0113rauda lod\u012btes nome\u0161anu no noteikta augstuma, lai simul\u0113tu trieciena sp\u0113ku, sniedzot b\u016btisku ieskatu materi\u0101la darb\u012bb\u0101 stresa apst\u0101k\u013cos.<\/p>\n<h3>Galvenie ieguvumi:<\/h3>\n<ul>\n<li>Prec\u012bzi, atk\u0101rtojami rezult\u0101ti kvalit\u0101tes kontrolei<\/li>\n<li>Lietot\u0101jam draudz\u012bga lieto\u0161ana, izmantojot HMI sk\u0101rienekr\u0101nu<\/li>\n<\/ul>\n<h2>Testa metodes kr\u012bto\u0161as lodes trieciena testam<\/h2>\n<p>\u0160aj\u0101 test\u0101 t\u0113rauda lod\u012bte ar zin\u0101mu masu un diametru tiek palaista no iepriek\u0161 noteikta augstuma, triecoties pret testa paraugu. Lai nov\u0113rt\u0113tu materi\u0101la triecieniztur\u012bbu, tiek nov\u0113roti un analiz\u0113ti radu\u0161ies boj\u0101jumi vai deform\u0101cijas.<\/p>\n<h3>Galvenie faktori, kas ietekm\u0113 testa rezult\u0101tus:<\/h3>\n<ul>\n<li><strong>Kritiena augstums:<\/strong> Regul\u0113jamais augstums \u013cauj simul\u0113t da\u017e\u0101dus triecienu scen\u0101rijus, nodro\u0161inot vispus\u012bg\u0101ku materi\u0101lu veiktsp\u0113jas anal\u012bzi.<\/li>\n<li><strong>Lod\u012btes izm\u0113rs un masa:<\/strong> T\u0113rauda lod\u012btes izm\u0113ru un svaru var izv\u0113l\u0113ties, pamatojoties uz \u012bpa\u0161\u0101m testa pras\u012bb\u0101m, t\u0101d\u0113j\u0101di nodro\u0161inot atbilst\u012bbu re\u0101l\u0101s pasaules lietojumiem.<\/li>\n<\/ul>\n<h2>Drop Ball trieciena testera funkcijas<\/h2>\n<p>Port\u0101ls <strong>bumbi\u0146as trieciena testeris<\/strong> ir apr\u012bkots ar modern\u0101m funkcij\u0101m, kas uzlabo precizit\u0101ti un atvieglo lieto\u0161anu:<\/p>\n<ul>\n<li><strong>Prec\u012bza kontrole:<\/strong> Uz PLC balst\u012bta sist\u0113ma ar augstas iz\u0161\u0137irtsp\u0113jas HMI sk\u0101rienekr\u0101nu intuit\u012bvai darb\u012bbai.<\/li>\n<li><strong>Regul\u0113jams trieciena augstums:<\/strong> Diapazons no 300 mm l\u012bdz 600 mm ar iesp\u0113ju pagarin\u0101t, pamatojoties uz individu\u0101l\u0101m pras\u012bb\u0101m.<\/li>\n<li><strong>Elektromagn\u0113tisk\u0101 balstiek\u0101rta:<\/strong> Nodro\u0161ina autom\u0101tisku un konsekventu t\u0113rauda lod\u012btes atbr\u012bvo\u0161anu, lai nodro\u0161in\u0101tu uzticamus testa apst\u0101k\u013cus.<\/li>\n<li><strong>Pneimatisk\u0101 iesp\u012bl\u0113\u0161ana:<\/strong> Dro\u0161i notur paraugus viet\u0101, samazinot rezult\u0101tu main\u012bgumu.<\/li>\n<li><strong>Vair\u0101ku vien\u012bbu displejs:<\/strong> Rezult\u0101tus var apskat\u012bt da\u017e\u0101d\u0101s vien\u012bb\u0101s, nodro\u0161inot elast\u012bgu datu interpret\u0101ciju.<\/li>\n<li><strong>Papildu profesion\u0101l\u0101 programmat\u016bra:<\/strong> Padzi\u013cin\u0101tai datu anal\u012bzei un zi\u0146o\u0161anai.<\/li>\n<\/ul>\n<h3>Tehnisk\u0101s specifik\u0101cijas:<\/h3>\n<table>\n<tbody>\n<tr>\n<td style=\"text-align: center;\" width=\"147\">Trieciena augstums<\/td>\n<td style=\"text-align: center;\" width=\"277\">300-600 mm (var pagarin\u0101t)<\/td>\n<\/tr>\n<tr>\n<td style=\"text-align: center;\" width=\"147\">Lod\u012b\u0161u diametrs (mm)<\/td>\n<td style=\"text-align: center;\" width=\"277\">23, 25, 28.6, 38.1, 50.8(viens apr\u012bkots)<\/td>\n<\/tr>\n<tr>\n<td style=\"text-align: center;\" width=\"147\">Precizit\u0101te<\/td>\n<td style=\"text-align: center;\" width=\"277\">0,1g (0,1J)<\/td>\n<\/tr>\n<tr>\n<td style=\"text-align: center;\" width=\"147\">Paraugu skava<\/td>\n<td style=\"text-align: center;\" width=\"277\">Pneimatisk\u0101 skava<\/td>\n<\/tr>\n<tr>\n<td style=\"text-align: center;\" width=\"147\">G\u0101zes pieg\u0101de<\/td>\n<td style=\"text-align: center;\" width=\"277\">0,6 MPa \u03a68 mm PU caurule<\/td>\n<\/tr>\n<tr>\n<td style=\"text-align: center;\" width=\"147\">Parauga lielums<\/td>\n<td style=\"text-align: center;\" width=\"277\">&gt; 150 mm x 150 mm<\/td>\n<\/tr>\n<tr>\n<td style=\"text-align: center;\" width=\"147\">Baro\u0161anas avots<\/td>\n<td style=\"text-align: center;\" width=\"277\">mai\u0146str\u0101va 110 ~ 220 V 50 Hz<\/td>\n<\/tr>\n<\/tbody>\n<\/table>\n<h2>Pielietojums un noz\u012bme nozar\u0113<\/h2>\n<p>FBT-01 ir svar\u012bgs instruments da\u017e\u0101d\u0101s nozar\u0113s, lai nodro\u0161in\u0101tu produktu dro\u0161\u012bbu un veiktsp\u0113ju:<\/p>\n<ul>\n<li><strong>Iepakojums:<\/strong> Iepakojum\u0101 izmantoto pl\u0113vju, foliju un lok\u0161\u0146u iztur\u012bbas nov\u0113rt\u0113\u0161ana.<\/li>\n<li><strong>Medic\u012bnisk\u0101s ier\u012bces:<\/strong> Medic\u012bniskaj\u0101 iepakojum\u0101 un sast\u0101vda\u013c\u0101s izmantoto materi\u0101lu triecieniztur\u012bbas nodro\u0161in\u0101\u0161ana.<\/li>\n<li><strong>Elektronika un automobi\u013cu r\u016bpniec\u012bba:<\/strong> komponentu iztur\u012bbas test\u0113\u0161ana pret triecieniem lieto\u0161anas vai transport\u0113\u0161anas laik\u0101.<\/li>\n<li><strong>Kvalit\u0101tes kontrole un p\u0101rbaude:<\/strong> Nodro\u0161in\u0101t standartiz\u0113tas test\u0113\u0161anas un atbilst\u012bbas nodro\u0161in\u0101\u0161anas metodes.<\/li>\n<\/ul>\n<h2>Atbilst\u012bba standartiem<\/h2>\n<p>FBT-01 pal\u012bdz izpild\u012bt da\u017e\u0101dus nozares standartus triecientestiem, nodro\u0161inot izstr\u0101d\u0101jumu atbilst\u012bbu stingr\u0101m kvalit\u0101tes pras\u012bb\u0101m. \u0160\u012b atbilst\u012bba ir \u013coti svar\u012bga ra\u017eot\u0101jiem, kas v\u0113las ieg\u016bt sertifik\u0101tus un apstiprin\u0101jumus konkur\u0113tsp\u0113j\u012bgos tirgos.<\/p>\n<h2>K\u0101p\u0113c izv\u0113l\u0113ties FBT-01 kr\u012bto\u0161o bumbi\u0146u trieciena testeri?<\/h2>\n<p>FBT-01 izce\u013cas ar precizit\u0101ti, daudzpus\u012bbu un lietot\u0101jam draudz\u012bgu dizainu. T\u0101 sp\u0113ja test\u0113t pla\u0161u materi\u0101lu kl\u0101stu un pied\u0101v\u0101t progres\u012bvu datu anal\u012bzi padara to par neaizst\u0101jamu kvalit\u0101tes kontroles r\u012bku nozar\u0113s, kur\u0101s materi\u0101lu iztur\u012bba ir \u013coti svar\u012bga.<\/p>\n<h3>Unik\u0101li p\u0101rdo\u0161anas punkti:<\/h3>\n<ul>\n<li>Augstas precizit\u0101tes trieciena m\u0113r\u012bjumi<\/li>\n<li>Piel\u0101gojami testa parametri, lai atbilstu \u012bpa\u0161\u0101m vajadz\u012bb\u0101m<\/li>\n<li>Uzlabotas programmat\u016bras opcijas detaliz\u0113tai zi\u0146o\u0161anai<\/li>\n<li>Iztur\u012bga konstrukcija un uzticama veiktsp\u0113ja<\/li>\n<\/ul>\n<h2>Bie\u017e\u0101k uzdotie jaut\u0101jumi<\/h2>\n<ol>\n<li><strong>K\u0101da veida materi\u0101lus var p\u0101rbaud\u012bt ar FBT-01?<\/strong><br \/>\nAr testeri var nov\u0113rt\u0113t pl\u0101nus materi\u0101lus, piem\u0113ram, pl\u0113ves, loksnes, kompoz\u012btmateri\u0101lus, folijas un pap\u012bru, kuru biezums ir maz\u0101ks par 2 mm.<\/li>\n<li><strong>K\u0101 tiek regul\u0113ts kritiena augstums?<\/strong><br \/>\nKritiena augstums ir regul\u0113jams, izmantojot HMI sk\u0101rienekr\u0101nu, t\u0101d\u0113j\u0101di \u013caujot to piel\u0101got atbilsto\u0161i testa pras\u012bb\u0101m.<\/li>\n<li><strong>K\u0101p\u0113c test\u0101 ir svar\u012bgs bumbi\u0146as izm\u0113rs?<\/strong><br \/>\nDa\u017e\u0101di lod\u012b\u0161u izm\u0113ri un svars simul\u0113 da\u017e\u0101dus trieciena sp\u0113kus, t\u0101d\u0113j\u0101di nodro\u0161inot piln\u012bg\u0101ku izpratni par materi\u0101la veiktsp\u0113ju.<\/li>\n<li><strong>Vai es varu izmantot FBT-01 padzi\u013cin\u0101tai datu anal\u012bzei?<\/strong><br \/>\nJ\u0101, FBT-01 var apr\u012bkot ar profesion\u0101lu programmat\u016bru padzi\u013cin\u0101tai anal\u012bzei un p\u0101rskatu sagatavo\u0161anai.<\/li>\n<li><strong>K\u0101 pneimatisk\u0101 iesp\u012bl\u0113\u0161anas sist\u0113ma uzlabo precizit\u0101ti?<\/strong><br \/>\nPneimatiskais skava dro\u0161i notur paraugu, samazinot t\u0101 kust\u012bbu trieciena laik\u0101 un nodro\u0161inot konsekventus un prec\u012bzus rezult\u0101tus.<\/li>\n<\/ol>\n<h2>Saist\u012btais produkts<\/h2>\n<p>FDT-01 <a href=\"https:\/\/www.qualitester.com\/lv\/products-2\/fdt-01-polypropylene-film-drop-dart-tester\/\" target=\"_blank\" rel=\"noopener\">Kr\u012bto\u0161o \u0161autri\u0146u trieciena testeris<\/a><\/p>","protected":false},"excerpt":{"rendered":"<p>Port\u0101ls <strong>bumbi\u0146as trieciena tests<\/strong> ir b\u016btiska metode, lai nov\u0113rt\u0113tu materi\u0101la sp\u0113ju iztur\u0113t p\u0113k\u0161\u0146us triecienus vai trieciena slodzes. \u0160is tests imit\u0113 re\u0101los apst\u0101k\u013cus, kuros materi\u0101li tiek pak\u013cauti \u0101r\u0113jiem sp\u0113kiem, pal\u012bdzot ra\u017eot\u0101jiem nodro\u0161in\u0101t izstr\u0101d\u0101jumu iztur\u012bbu un kvalit\u0101ti. Triecieniztur\u012bba ir b\u016btiska, lai nov\u0113rstu materi\u0101lu pl\u012bsumu, plaisu vai deform\u0101ciju, ko izmanto da\u017e\u0101d\u0101s nozar\u0113s, tostarp iepakojuma, medic\u012bnas ier\u012b\u010du un elektronikas nozar\u0113.<\/p>","protected":false},"featured_media":5940,"comment_status":"closed","ping_status":"closed","template":"","meta":{"site-sidebar-layout":"default","site-content-layout":"default","ast-global-header-display":"","ast-main-header-display":"","ast-hfb-above-header-display":"","ast-hfb-below-header-display":"","ast-hfb-mobile-header-display":"","site-post-title":"disabled","ast-breadcrumbs-content":"","ast-featured-img":"","footer-sml-layout":"","theme-transparent-header-meta":"default","adv-header-id-meta":"","stick-header-meta":"","header-above-stick-meta":"","header-main-stick-meta":"","header-below-stick-meta":""},"product_cat":[44,149,16,111,169,95],"product_tag":[],"class_list":{"0":"post-2454","1":"product","2":"type-product","3":"status-publish","4":"has-post-thumbnail","6":"product_cat-paper-and-board-testers","7":"product_cat-pharma-and-medical-testers","8":"product_cat-plastic-packaging-testers","9":"product_cat-astm-d1709","10":"product_cat-iso-7765-1","11":"product_cat-products","12":"desktop-align-left","13":"tablet-align-left","14":"mobile-align-left","16":"first","17":"instock","18":"shipping-taxable","19":"product-type-simple"},"_links":{"self":[{"href":"https:\/\/www.qualitester.com\/lv\/wp-json\/wp\/v2\/product\/2454","targetHints":{"allow":["GET"]}}],"collection":[{"href":"https:\/\/www.qualitester.com\/lv\/wp-json\/wp\/v2\/product"}],"about":[{"href":"https:\/\/www.qualitester.com\/lv\/wp-json\/wp\/v2\/types\/product"}],"replies":[{"embeddable":true,"href":"https:\/\/www.qualitester.com\/lv\/wp-json\/wp\/v2\/comments?post=2454"}],"version-history":[{"count":0,"href":"https:\/\/www.qualitester.com\/lv\/wp-json\/wp\/v2\/product\/2454\/revisions"}],"wp:featuredmedia":[{"embeddable":true,"href":"https:\/\/www.qualitester.com\/lv\/wp-json\/wp\/v2\/media\/5940"}],"wp:attachment":[{"href":"https:\/\/www.qualitester.com\/lv\/wp-json\/wp\/v2\/media?parent=2454"}],"wp:term":[{"taxonomy":"product_cat","embeddable":true,"href":"https:\/\/www.qualitester.com\/lv\/wp-json\/wp\/v2\/product_cat?post=2454"},{"taxonomy":"product_tag","embeddable":true,"href":"https:\/\/www.qualitester.com\/lv\/wp-json\/wp\/v2\/product_tag?post=2454"}],"curies":[{"name":"wp","href":"https:\/\/api.w.org\/{rel}","templated":true}]}}