{"id":2401,"date":"2023-06-12T10:45:15","date_gmt":"2023-06-12T02:45:15","guid":{"rendered":"https:\/\/www.qualitester.com\/?post_type=product&#038;p=2401"},"modified":"2024-12-02T16:37:19","modified_gmt":"2024-12-02T08:37:19","slug":"lt-03-seal-strength-testing-machine","status":"publish","type":"product","link":"https:\/\/www.qualitester.com\/lv\/products-2\/lt-03-seal-strength-testing-machine\/","title":{"rendered":"LT-03 nopl\u016bdes testeris"},"content":{"rendered":"<h2><strong>Ievads<\/strong><\/h2>\n<p>Iepakojuma nozar\u0113 plombu integrit\u0101tes saglab\u0101\u0161ana ir \u013coti svar\u012bga, lai nodro\u0161in\u0101tu produktu dro\u0161\u012bbu un kvalit\u0101ti. Plombu iztur\u012bbas test\u0113\u0161anas iek\u0101rtas ir paredz\u0113tas, lai nov\u0113rt\u0113tu plombas sp\u0113ju iztur\u0113t vides apst\u0101k\u013cus, nov\u0113r\u0161ot nopl\u016bdes un pies\u0101r\u0146ojumu. \u0160\u012b test\u0113\u0161ana ir b\u016btiska t\u0101d\u0101s nozar\u0113s k\u0101 p\u0101rtikas produktu iepako\u0161ana, farm\u0101cijas, medic\u012bnas ier\u012b\u010du, kosm\u0113tikas un daudz\u0101s cit\u0101s, kur iepakojuma veiktsp\u0113ja tie\u0161i ietekm\u0113 produktu kvalit\u0101ti un pat\u0113r\u0113t\u0101ju dro\u0161\u012bbu.<\/p>\n<p>Cell Instruments\u2019 <strong>Bl\u012bv\u0113juma iztur\u012bbas test\u0113\u0161anas iek\u0101rtas<\/strong> nodro\u0161ina prec\u012bzu un uzticamu metodi plombu integrit\u0101tes nov\u0113rt\u0113\u0161anai, nodro\u0161inot, ka iepakotie produkti ir dro\u0161i, aizsarg\u0101ti un atbilst nozares standartiem.<\/p>\n<h2><strong>Kas ir bl\u012bv\u0113juma iztur\u012bbas test\u0113\u0161anas apr\u012bkojums?<\/strong><\/h2>\n<p>Plombu iztur\u012bbas test\u0113\u0161anas iek\u0101rtas tiek izmantotas, lai nov\u0113rt\u0113tu iepakojuma materi\u0101lu plombu iztur\u012bbu un uzticam\u012bbu. Ar \u0161o apr\u012bkojumu nov\u0113rt\u0113, vai da\u017e\u0101du iepakojuma veidu (plastmasas, pap\u012bra, alum\u012bnija u. c.) plombas ir pietiekami iztur\u012bgas, lai nov\u0113rstu nopl\u016bdes, kas var\u0113tu apdraud\u0113t produktu. \u0160o testu parasti izmanto p\u0101rtikas, farm\u0101cijas, medic\u012bnas ier\u012b\u010du un pat\u0113ri\u0146a pre\u010du iepakojuma materi\u0101liem.<\/p>\n<p>Izmantojot modernu test\u0113\u0161anas tehnolo\u0123iju, bl\u012bv\u0113juma iztur\u012bbas testeris pal\u012bdz identific\u0113t v\u0101jus vai boj\u0101tus bl\u012bv\u0113jumus, pirms tie non\u0101k pie pat\u0113r\u0113t\u0101jiem, t\u0101d\u0113j\u0101di nodro\u0161inot augstu produktu kvalit\u0101ti un atbilst\u012bbu dro\u0161\u012bbas standartiem.<\/p>\n<h2><strong>P\u0101rskats par ASTM D3078: bl\u012bv\u0113juma integrit\u0101tes testa standarti<\/strong><\/h2>\n<h3><strong>Kas ir ASTM D3078?<\/strong><\/h3>\n<p><a href=\"https:\/\/www.qualitester.com\/lv\/produkta-kategorija\/astm\/astm-d3078\/\" target=\"_blank\" rel=\"noopener\"><strong>ASTM D3078<\/strong><\/a> ir standarta test\u0113\u0161anas metode, ko izstr\u0101d\u0101jusi ASTM International, lai noteiktu nopl\u016bdes nosl\u0113gtos iepakojumos. Ar \u0161o metodi iepakojumam piem\u0113ro vakuumu un uzrauga, vai taj\u0101 nav burbu\u013cu, kas nor\u0101da uz nopl\u016bdi, t\u0101d\u0113j\u0101di nodro\u0161inot bl\u012bv\u0113juma integrit\u0101ti. \u0160is tests ir \u012bpa\u0161i svar\u012bgs p\u0101rtikas un farm\u0101cijas nozar\u0113, kur iepakojumam ir j\u0101saglab\u0101 integrit\u0101te, lai nov\u0113rstu pies\u0101r\u0146ojumu vai boj\u0101\u0161anos.<\/p>\n<h3><strong>Test\u0113\u0161anas metode saska\u0146\u0101 ar ASTM D3078<\/strong><\/h3>\n<p>Port\u0101ls <a href=\"https:\/\/www.astm.org\/d3078-02r21e01.html\" target=\"_blank\" rel=\"noopener nofollow\">ASTM D3078<\/a> standart\u0101 aprakst\u012bts process, kur\u0101 iepakojums tiek ievietots ar \u016bdeni piepild\u012bt\u0101 kamer\u0101. Kamera tiek nosl\u0113gta, un gaiss tiek izs\u016bkn\u0113ts, l\u012bdz tiek sasniegts iepriek\u0161 iestat\u012btais vakuuma l\u012bmenis. Ja ir nopl\u016bde, gaisa spiediena starp\u012bba liek iesprostotajam gaisam izpl\u016bst, veidojot redzamus burbu\u013cus nopl\u016bdes viet\u0101. \u0160\u012b metode nodro\u0161ina efekt\u012bvu un uzticamu l\u012bdzekli pat vismaz\u0101ko nopl\u016b\u017eu atkl\u0101\u0161anai.<\/p>\n<h2><strong>Galven\u0101s test\u0113\u0161anas metodes un parametri<\/strong><\/h2>\n<h3><strong>Test\u0113\u0161anas process<\/strong><\/h3>\n<p>Bl\u012bv\u0113juma iztur\u012bbas test\u0113\u0161anas process notiek p\u0113c ASTM D3078 noteikt\u0101s sec\u012bbas:<\/p>\n<ol>\n<li><strong>Parauga sagatavo\u0161ana:<\/strong> Parauga iepakojums tiek ievietots caursp\u012bd\u012bg\u0101, ar \u016bdeni pild\u012bt\u0101 kamer\u0101.<\/li>\n<li><strong>Vakuuma pielietojums:<\/strong> Vad\u012bbas bloks izs\u016bkn\u0113 gaisu, l\u012bdz tiek sasniegts iestat\u012btais vakuuma l\u012bmenis.<\/li>\n<li><strong>Nopl\u016bdes noteik\u0161ana:<\/strong> Ja bl\u012bv\u0113jums ir boj\u0101ts, nopl\u016bdes viet\u0101 veidojas burbu\u013ci, kas nor\u0101da uz iepakojuma boj\u0101jumu.<\/li>\n<\/ol>\n<h3><strong>Galvenie test\u0113\u0161anas parametri<\/strong><\/h3>\n<table>\n<tbody>\n<tr>\n<td style=\"text-align: center;\" width=\"122\">Testa diapazons<\/td>\n<td style=\"text-align: center;\" width=\"229\">0 ~ 90 KPa<\/td>\n<\/tr>\n<tr>\n<td style=\"text-align: center;\" width=\"122\">Pal\u0101ta<\/td>\n<td style=\"text-align: center;\" width=\"229\">Akrila cilindra forma<\/td>\n<\/tr>\n<tr>\n<td style=\"text-align: center;\" width=\"122\">Testa telpa<\/td>\n<td style=\"text-align: center;\" width=\"229\">\u03a6270*H210mm (iek\u0161pus\u0113 izmantojams)<\/td>\n<\/tr>\n<tr>\n<td style=\"text-align: center;\" width=\"122\">Saspiestais gaiss<\/td>\n<td style=\"text-align: center;\" width=\"229\">0,7 MPa (sagatavo lietot\u0101js)<\/td>\n<\/tr>\n<tr>\n<td style=\"text-align: center;\" width=\"122\">Power<\/td>\n<td style=\"text-align: center;\" width=\"229\">110 ~ 220 V 50\/60 Hz<\/td>\n<\/tr>\n<\/tbody>\n<\/table>\n<p>\u0160ie parametri \u013cauj lietot\u0101jam test\u0113t da\u017e\u0101dus iepakojuma materi\u0101lus un izm\u0113rus, nodro\u0161inot elast\u012bgumu da\u017e\u0101d\u0101s ra\u017eo\u0161anas un test\u0113\u0161anas vid\u0113s.<\/p>\n<h2><strong>Bl\u012bv\u0113juma iztur\u012bbas test\u0113\u0161anas iek\u0101rtu tehnisk\u0101s \u012bpa\u0161\u012bbas<\/strong><\/h2>\n<h3><strong>PLC kontrol\u0113ta darb\u012bba<\/strong><\/h3>\n<p>Iek\u0101rtu vada PLC (programm\u0113jamais lo\u0123iskais kontrolieris), kas nodro\u0161ina stabilus, atk\u0101rtojamus un augstas kvalit\u0101tes test\u0113\u0161anas rezult\u0101tus. Lietot\u0101ja saskarne ir veidota ar HMI (Human-Machine Interface) sk\u0101rienekr\u0101nu, kas nodro\u0161ina intuit\u012bvu vad\u012bbu un \u0113rtu lieto\u0161anu.<\/p>\n<h3><strong>Efekt\u012bva vakuuma sist\u0113ma<\/strong><\/h3>\n<p>Test\u0113\u0161anas vien\u012bba izmanto <strong>Venturi caurule<\/strong> lai rad\u012btu vakuumu l\u012bdz pat -90 KPa, padarot to par energoefekt\u012bvu sist\u0113mu. \u0160is vakuuma l\u012bmenis ir pietiekams, lai noteiktu pat \u013coti mazas nopl\u016bdes, nodro\u0161inot augstas kvalit\u0101tes test\u0113\u0161anu bez papildu apr\u012bkojuma.<\/p>\n<h3><strong>Vizu\u0101la nopl\u016bdes noteik\u0161ana<\/strong><\/h3>\n<p>Test\u0101 nopl\u016bdes noteik\u0161anai izmanto vizu\u0101lo nov\u0113ro\u0161anas metodi. Nopl\u016bdes gad\u012bjum\u0101 no iepakojuma izpl\u016bsto\u0161ais gaiss veido redzamus burbu\u013cus ar \u016bdeni piepild\u012bt\u0101 kamer\u0101, kas \u013cauj to \u0101tri identific\u0113t. Iek\u0101rta nodro\u0161ina kumulat\u012bvus rezult\u0101tus, \u013caujot viegli nov\u0113rt\u0113t vair\u0101kus testus un to efektivit\u0101ti laika gait\u0101.<\/p>\n<h3><strong>Parametru saglab\u0101\u0161anas funkcija<\/strong><\/h3>\n<p>Lai optimiz\u0113tu test\u0113\u0161anas efektivit\u0101ti. <strong>Bl\u012bv\u0113juma iztur\u012bbas testeris<\/strong> ietver parametru saglab\u0101\u0161anas funkciju l\u012bdz pat 5 da\u017e\u0101diem testa iestat\u012bjumiem. Tas \u013cauj lietot\u0101jiem saglab\u0101t konkr\u0113tus parametrus, piem\u0113ram, vakuuma l\u012bmeni un testa laiku, t\u0101d\u0113j\u0101di atvieglojot p\u0101rsl\u0113g\u0161anos starp da\u017e\u0101diem paraugu veidiem un test\u0113\u0161anas apst\u0101k\u013ciem.<\/p>\n<h3><strong>Piel\u0101gojama kamera un papildu funkcijas<\/strong><\/h3>\n<p>Test\u0113\u0161anas kamera ir izgatavota no augstas kvalit\u0101tes caursp\u012bd\u012bga akrila, kas \u013cauj skaidri nov\u0113rot testa procesu. Ir pieejami piel\u0101gotu izm\u0113ru un formu kameras, lai test\u0113tu da\u017e\u0101dus iepakojuma form\u0101tus. Ier\u012bcei ir ar\u012b t\u0101das papildu funkcijas k\u0101:<\/p>\n<ul>\n<li><strong>Mikroprinteris<\/strong> paraugu identifik\u0101cijai un testa rezult\u0101tu dokument\u0113\u0161anai.<\/li>\n<li><strong>Valodas piel\u0101go\u0161ana<\/strong> starptautiskajiem tirgiem, nodro\u0161inot, ka testeris ir pieejams lietot\u0101jiem da\u017e\u0101dos re\u0123ionos.<\/li>\n<li><strong>Vakuuma s\u016bk\u0146a integr\u0101cija<\/strong> lai nodro\u0161in\u0101tu augst\u0101ku vakuuma l\u012bmeni sare\u017e\u0123\u012bt\u0101kiem test\u0113\u0161anas scen\u0101rijiem.<\/li>\n<\/ul>\n<h2><strong>Bl\u012bv\u0113juma iztur\u012bbas test\u0113\u0161anas apr\u012bkojuma priek\u0161roc\u012bbas<\/strong><\/h2>\n<h3><strong>Kvalit\u0101tes nodro\u0161in\u0101\u0161ana<\/strong><\/h3>\n<p>Bl\u012bv\u0113juma iztur\u012bbas p\u0101rbaude ir \u013coti svar\u012bga, lai nodro\u0161in\u0101tu, ka iepakojums sp\u0113j iztur\u0113t vides slodzi, pasarg\u0101jot saturu no boj\u0101jumiem, pies\u0101r\u0146ojuma vai boj\u0101\u0161an\u0101s. \u0160\u012b test\u0113\u0161ana ir \u013coti svar\u012bga p\u0101rtikas, medic\u012bnas un farm\u0101cijas nozar\u0113, kur produkta dro\u0161\u012bba un integrit\u0101te ir vissvar\u012bg\u0101k\u0101.<\/p>\n<h3><strong>Piel\u0101go\u0161ana<\/strong><\/h3>\n<p>Apr\u012bkojum\u0101 var ievietot da\u017e\u0101dus iepakojuma veidus, s\u0101kot no maziem maisi\u0146iem l\u012bdz lieliem konteineriem, t\u0101d\u0113j\u0101di nodro\u0161inot elast\u012bgumu visda\u017e\u0101d\u0101kaj\u0101m nozar\u0113m. Iesp\u0113ja saglab\u0101t test\u0113\u0161anas parametrus da\u017e\u0101diem materi\u0101liem padara iek\u0101rtu piel\u0101gojamu da\u017e\u0101diem test\u0113\u0161anas scen\u0101rijiem.<\/p>\n<h3><strong>Rentabls un efekt\u012bvs<\/strong><\/h3>\n<p>Ar viegli lietojamu saskarni, automatiz\u0113t\u0101m funkcij\u0101m un piel\u0101gojamiem iestat\u012bjumiem. <strong>Bl\u012bv\u0113juma iztur\u012bbas test\u0113\u0161anas iek\u0101rtas<\/strong> \u013cauj uz\u0146\u0113mumiem efekt\u012bvi veikt testus, neapdraudot precizit\u0101ti. T\u0101 sp\u0113ja saglab\u0101t testu iestat\u012bjumus un \u0123ener\u0113t kumulat\u012bvus rezult\u0101tus optimiz\u0113 darba pl\u016bsmu, samazinot test\u0113\u0161anas laiku un izmaksas.<\/p>\n<h2><strong>Attiec\u012bgie standarti: ASTM D3078 un turpm\u0101kie standarti<\/strong><\/h2>\n<h3><strong>ASTM D3078<\/strong><\/h3>\n<p>\u0160o standarta metodi pla\u0161i izmanto nozar\u0113s, kur\u0101s iepakojuma bl\u012bv\u0113jumu integrit\u0101tei ir b\u016btiska noz\u012bme. T\u0101 nodro\u0161ina, ka iepakojums atbilst nepiecie\u0161amajiem veiktsp\u0113jas standartiem, lai nov\u0113rstu nopl\u016bdes un pasarg\u0101tu saturu no \u0101r\u0113ja pies\u0101r\u0146ojuma.<\/p>\n<h3><strong>ASTM D4991<\/strong><\/h3>\n<p>ASTM D4991 ir v\u0113l viens saist\u012btais standarts, kas attiecas uz herm\u0113tiski nosl\u0113gtu iepakojumu nopl\u016bdes test\u0113\u0161anu, izmantojot citu metodi (kr\u0101su iespie\u0161an\u0101s vai spiediena sabruk\u0161anas metode). \u0160is standarts tiek izmantots ar\u012b kop\u0101 ar ASTM D3078 visaptvero\u0161ai iepakojuma nopl\u016bdes test\u0113\u0161anai.<\/p>\n<h2><strong>K\u0101p\u0113c izv\u0113l\u0113ties Cell Instruments bl\u012bv\u0113juma iztur\u012bbas test\u0113\u0161anas apr\u012bkojumu?<\/strong><\/h2>\n<p>Cell Instruments ir uzticams v\u0101rds materi\u0101lu test\u0113\u0161anas nozar\u0113. Ar ilggad\u0113ju pieredzi iepakojuma materi\u0101lu test\u0113\u0161an\u0101 un piel\u0101gotiem test\u0113\u0161anas risin\u0101jumiem m\u0113s pied\u0101v\u0101jam augstas precizit\u0101tes iek\u0101rtas, kas izstr\u0101d\u0101tas, lai apmierin\u0101tu da\u017e\u0101du nozaru pras\u012bbas. M\u016bsu <strong>Bl\u012bv\u0113juma iztur\u012bbas test\u0113\u0161anas iek\u0101rtas<\/strong> ir izstr\u0101d\u0101ts t\u0101, lai nodro\u0161in\u0101tu uzticamus, prec\u012bzus un efekt\u012bvus rezult\u0101tus, pal\u012bdzot uz\u0146\u0113mumiem nodro\u0161in\u0101t iepakojuma integrit\u0101ti.<\/p>\n<p>M\u016bsu iek\u0101rtas ir izstr\u0101d\u0101tas, lai racionaliz\u0113tu test\u0113\u0161anas procesu un uzlabotu kvalit\u0101tes kontroli, jo ar t\u0101m var elast\u012bgi test\u0113t da\u017e\u0101dus iepakojuma materi\u0101lus un saglab\u0101t vair\u0101kus test\u0113\u0161anas iestat\u012bjumus.<\/p>\n<p>Iepakojuma bl\u012bv\u0113juma integrit\u0101tes nodro\u0161in\u0101\u0161ana ir \u013coti svar\u012bga, lai saglab\u0101tu produktu dro\u0161\u012bbu, kvalit\u0101ti un atbilst\u012bbu nozares standartiem. Cell Instruments\u2019 <strong>Bl\u012bv\u0113juma iztur\u012bbas test\u0113\u0161anas iek\u0101rtas<\/strong> pied\u0101v\u0101 efekt\u012bvu, uzticamu un piel\u0101gojamu risin\u0101jumu uz\u0146\u0113mumiem, kuriem nepiecie\u0161ama \u013coti prec\u012bza nopl\u016bdes noteik\u0161ana. Neatkar\u012bgi no t\u0101, vai test\u0113jat p\u0101rtikas produktu iepakojumu, medic\u012bnas ier\u012b\u010du plombas vai farmaceitisko produktu tvertnes, m\u016bsu apr\u012bkojums nodro\u0161ina nepiecie\u0161amo precizit\u0101ti un konsekvenci, lai nodro\u0161in\u0101tu, ka j\u016bsu produkti sasniedz tirgu ar visaugst\u0101ko kvalit\u0101ti.<\/p>\n<h2>Bie\u017e\u0101k uzdoto jaut\u0101jumu sada\u013ca<\/h2>\n<ol>\n<li><strong>K\u0101ds ir ASTM D3078 standarts bl\u012bv\u0113juma integrit\u0101tes test\u0113\u0161anai?<\/strong>\n<ul>\n<li>ASTM D3078 ir standarta testa metode nopl\u016b\u017eu noteik\u0161anai aizz\u012bmogotos iepakojumos, izmantojot vakuumu. T\u0101 nodro\u0161ina iepakojuma integrit\u0101tes saglab\u0101\u0161anu, identific\u0113jot v\u0101jos bl\u012bv\u0113jumus, kas var\u0113tu izrais\u012bt pies\u0101r\u0146ojumu vai boj\u0101\u0161anos.<\/li>\n<\/ul>\n<\/li>\n<li><strong>K\u0101 darbojas bl\u012bv\u0113juma iztur\u012bbas test\u0113\u0161anas apr\u012bkojums?<\/strong>\n<ul>\n<li>Iek\u0101rta ievieto paraugu ar \u016bdeni piepild\u012bt\u0101 kamer\u0101, piem\u0113ro vakuumu un konstat\u0113 nopl\u016bdes, nov\u0113rojot burbu\u013cu veido\u0161anos kamer\u0101, ja ir boj\u0101ts bl\u012bv\u0113jums.<\/li>\n<\/ul>\n<\/li>\n<li><strong>Kur\u0101s nozar\u0113s izmanto bl\u012bv\u0113juma iztur\u012bbas test\u0113\u0161anu?<\/strong>\n<ul>\n<li>Bl\u012bv\u0113juma iztur\u012bbas p\u0101rbaude ir \u013coti svar\u012bga t\u0101d\u0101s nozar\u0113s k\u0101 p\u0101rtikas produktu iepako\u0161ana, farm\u0101cija, medic\u012bnas ier\u012bces, kosm\u0113tika un pat\u0113ri\u0146a preces, kur bl\u012bv\u0113juma integrit\u0101te ir b\u016btiska produktu dro\u0161\u012bbai.<\/li>\n<\/ul>\n<\/li>\n<li><strong>Vai ar \u0161o iek\u0101rtu var test\u0113t da\u017e\u0101dus iepakojuma materi\u0101lus?<\/strong>\n<ul>\n<li>J\u0101, iek\u0101rta ir daudzpus\u012bga, un ar to var test\u0113t da\u017e\u0101dus iepakojuma materi\u0101lus, tostarp plastmasu, pap\u012bru un alum\u012bniju, ar piel\u0101gojamiem kameru izm\u0113riem un vakuuma l\u012bme\u0146iem.<\/li>\n<\/ul>\n<\/li>\n<li><strong>K\u0101das ir galven\u0101s priek\u0161roc\u012bbas, izmantojot Cell Instruments bl\u012bv\u0113juma iztur\u012bbas test\u0113\u0161anas iek\u0101rtas?<\/strong>\n<ul>\n<li>Galven\u0101s priek\u0161roc\u012bbas ir augsta precizit\u0101te, piel\u0101gojamas funkcijas, vienk\u0101r\u0161a lieto\u0161ana ar intuit\u012bvu HMI saskarni un iesp\u0113ja saglab\u0101t testa parametrus da\u017e\u0101diem iepakojuma veidiem.<\/li>\n<\/ul>\n<\/li>\n<\/ol>","protected":false},"excerpt":{"rendered":"<p>Iepakojuma nozar\u0113 plombu integrit\u0101tes saglab\u0101\u0161ana ir \u013coti svar\u012bga, lai nodro\u0161in\u0101tu produktu dro\u0161\u012bbu un kvalit\u0101ti. Plombu iztur\u012bbas test\u0113\u0161anas iek\u0101rtas ir paredz\u0113tas, lai nov\u0113rt\u0113tu plombas sp\u0113ju iztur\u0113t vides apst\u0101k\u013cus, nov\u0113r\u0161ot nopl\u016bdes un pies\u0101r\u0146ojumu. \u0160\u012b test\u0113\u0161ana ir b\u016btiska t\u0101d\u0101s nozar\u0113s k\u0101 p\u0101rtikas produktu iepako\u0161ana, farm\u0101cijas, medic\u012bnas ier\u012b\u010du, kosm\u0113tikas un daudz\u0101s cit\u0101s, kur iepakojuma veiktsp\u0113ja tie\u0161i ietekm\u0113 produktu kvalit\u0101ti un pat\u0113r\u0113t\u0101ju dro\u0161\u012bbu.<\/p>","protected":false},"featured_media":5988,"comment_status":"closed","ping_status":"closed","template":"","meta":{"site-sidebar-layout":"default","site-content-layout":"default","ast-global-header-display":"","ast-main-header-display":"","ast-hfb-above-header-display":"","ast-hfb-below-header-display":"","ast-hfb-mobile-header-display":"","site-post-title":"disabled","ast-breadcrumbs-content":"","ast-featured-img":"disabled","footer-sml-layout":"","theme-transparent-header-meta":"default","adv-header-id-meta":"","stick-header-meta":"","header-above-stick-meta":"","header-main-stick-meta":"","header-below-stick-meta":""},"product_cat":[845,675,17,149,16,105,135,95],"product_tag":[],"class_list":{"0":"post-2401","1":"product","2":"type-product","3":"status-publish","4":"has-post-thumbnail","6":"product_cat-customization","7":"product_cat-leak-tester","8":"product_cat-package-container-testers","9":"product_cat-pharma-and-medical-testers","10":"product_cat-plastic-packaging-testers","11":"product_cat-astm-d3078","12":"product_cat-astm-d4991","13":"product_cat-products","14":"desktop-align-left","15":"tablet-align-left","16":"mobile-align-left","18":"first","19":"instock","20":"shipping-taxable","21":"product-type-simple"},"_links":{"self":[{"href":"https:\/\/www.qualitester.com\/lv\/wp-json\/wp\/v2\/product\/2401","targetHints":{"allow":["GET"]}}],"collection":[{"href":"https:\/\/www.qualitester.com\/lv\/wp-json\/wp\/v2\/product"}],"about":[{"href":"https:\/\/www.qualitester.com\/lv\/wp-json\/wp\/v2\/types\/product"}],"replies":[{"embeddable":true,"href":"https:\/\/www.qualitester.com\/lv\/wp-json\/wp\/v2\/comments?post=2401"}],"version-history":[{"count":0,"href":"https:\/\/www.qualitester.com\/lv\/wp-json\/wp\/v2\/product\/2401\/revisions"}],"wp:featuredmedia":[{"embeddable":true,"href":"https:\/\/www.qualitester.com\/lv\/wp-json\/wp\/v2\/media\/5988"}],"wp:attachment":[{"href":"https:\/\/www.qualitester.com\/lv\/wp-json\/wp\/v2\/media?parent=2401"}],"wp:term":[{"taxonomy":"product_cat","embeddable":true,"href":"https:\/\/www.qualitester.com\/lv\/wp-json\/wp\/v2\/product_cat?post=2401"},{"taxonomy":"product_tag","embeddable":true,"href":"https:\/\/www.qualitester.com\/lv\/wp-json\/wp\/v2\/product_tag?post=2401"}],"curies":[{"name":"wp","href":"https:\/\/api.w.org\/{rel}","templated":true}]}}