{"id":2371,"date":"2023-06-02T13:53:04","date_gmt":"2023-06-02T05:53:04","guid":{"rendered":"https:\/\/www.qualitester.com\/?post_type=product&#038;p=2371"},"modified":"2024-11-27T16:45:32","modified_gmt":"2024-11-27T08:45:32","slug":"hst-01-flexible-packaging-material-heat-sealing-data-testing-machine","status":"publish","type":"product","link":"https:\/\/www.qualitester.com\/lv\/products-2\/hst-01-flexible-packaging-material-heat-sealing-data-testing-machine\/","title":{"rendered":"HST-02 Siltuma bl\u012bv\u0113juma testeris"},"content":{"rendered":"<h2><strong>Iepakojuma termisk\u0101s bl\u012bv\u0113\u0161anas testera ievie\u0161ana<\/strong><\/h2>\n<p>Port\u0101ls <strong>Iepakojuma termisk\u0101s bl\u012bv\u0113\u0161anas testeris<\/strong> ir svar\u012bgs instruments da\u017e\u0101du iepakojuma materi\u0101lu, piem\u0113ram, elast\u012bgu pl\u0113vju, lamin\u0101tu, polim\u0113ru un kompoz\u012btu, herm\u0113tiskuma test\u0113\u0161anai. \u0160is laboratorijas klases instruments ir izstr\u0101d\u0101ts t\u0101, lai imit\u0113tu faktisko bl\u012bv\u0113\u0161anas procesu, \u013caujot ra\u017eot\u0101jiem nodro\u0161in\u0101t iepakojuma bl\u012bv\u0113jumu iztur\u012bbu, uzticam\u012bbu un funkcionalit\u0101ti. Efekt\u012bva termisk\u0101 bl\u012bv\u0113\u0161ana ir \u013coti svar\u012bga, lai nodro\u0161in\u0101tu p\u0101rtikas, medic\u012bnas, farm\u0101cijas un pat\u0113ri\u0146a pre\u010du iepakojuma integrit\u0101ti, jo iepakojuma boj\u0101jumi var apdraud\u0113t produkta dro\u0161\u012bbu, der\u012bguma termi\u0146u un lieto\u0161anas \u012bpa\u0161\u012bbas.<\/p>\n<p>Termisk\u0101s bl\u012bv\u0113\u0161anas testeris atveido galvenos parametrus, kas saist\u012bti ar termisko bl\u012bv\u0113\u0161anu, proti, laiku, temperat\u016bru un spiedienu, lai imit\u0113tu re\u0101los iepakojuma apst\u0101k\u013cus. Tas pal\u012bdz ra\u017eot\u0101jiem p\u0101rbaud\u012bt, vai to materi\u0101li sp\u0113j nodro\u0161in\u0101t nepiecie\u0161amo bl\u012bv\u0113juma iztur\u012bbu, lai nodro\u0161in\u0101tu herm\u0113tisku, pret viltojumiem dro\u0161u un iztur\u012bgu bl\u012bv\u0113jumu.<\/p>\n<h2><strong><a href=\"https:\/\/www.astm.org\/f2029-16r21.html\" target=\"_blank\" rel=\"noopener nofollow\">ASTM F2029<\/a>: Termisk\u0101s herm\u0113tiskuma test\u0113\u0161anas standarts<\/strong><\/h2>\n<p><strong><a href=\"https:\/\/www.qualitester.com\/lv\/produkta-kategorija\/astm\/astm-f2029\/\" target=\"_blank\" rel=\"noopener\">ASTM F2029<\/a>-16(2021)<\/strong> \u2013 <strong>Standarta prakse laboratorijas karstuma plombu izgatavo\u0161anai, lai noteiktu elast\u012bgu barjermateri\u0101lu karstuma herm\u0113tiskumu, ko m\u0113ra p\u0113c herm\u0113tiskuma stipr\u012bbas.<\/strong> - ir galvenais nozares standarts elast\u012bgo iepakojuma materi\u0101lu herm\u0113tiskuma test\u0113\u0161anai. \u0160aj\u0101 standart\u0101 ir izkl\u0101st\u012btas proced\u016bras un nosac\u012bjumi, k\u0101dos j\u0101veic laboratorijas karstuma plomb\u0113\u0161ana, lai nov\u0113rt\u0113tu plombu iztur\u012bbu un ilgm\u016b\u017e\u012bbu. Iev\u0113rojot \u0161o standartu, ra\u017eot\u0101ji var nodro\u0161in\u0101t, ka vi\u0146u produkti atbilst nepiecie\u0161amaj\u0101m iepakojuma specifik\u0101cij\u0101m.<\/p>\n<p><strong>ASTM F2029 galvenie aspekti<\/strong>:<\/p>\n<ul>\n<li><strong>Bl\u012bv\u0113juma iztur\u012bbas m\u0113r\u012b\u0161ana<\/strong>: ASTM F2029 ir v\u0113rsta uz to, lai noteiktu termisko plombu iztur\u012bbu, kas ir b\u016btiska produkta aizsardz\u012bbai un glab\u0101\u0161anas ilgumam. Tas pal\u012bdz nov\u0113rt\u0113t, vai iepakojums iztur\u0113s slodzi transport\u0113\u0161anas, uzglab\u0101\u0161anas un p\u0101rkrau\u0161anas laik\u0101.<\/li>\n<li><strong>Test\u0113\u0161anas metodolo\u0123ija<\/strong>: Standarts nosaka kontrol\u0113tu laika, temperat\u016bras un spiediena izmanto\u0161anu bl\u012bv\u0113\u0161anas procesa laik\u0101, lai prec\u012bzi simul\u0113tu iepako\u0161anas apst\u0101k\u013cus.<\/li>\n<li><strong>Darb\u012bbas joma<\/strong>: \u0160is standarts attiecas uz da\u017e\u0101d\u0101m nozar\u0113m, tostarp p\u0101rtikas, farm\u0101cijas, medic\u012bnas ier\u012b\u010du un cit\u0101m, kur\u0101s iepakojumam ir b\u016btiska noz\u012bme produktu dro\u0161\u012bb\u0101.<\/li>\n<\/ul>\n<h2><strong>HST-02 karstuma bl\u012bv\u0113juma testera tehnisk\u0101s \u012bpa\u0161\u012bbas<\/strong><\/h2>\n<p>Port\u0101ls <strong>HST-02 Siltuma bl\u012bv\u0113juma testeris<\/strong> ir prec\u012bzi izstr\u0101d\u0101ts, lai nodro\u0161in\u0101tu augstas veiktsp\u0113jas bl\u012bv\u0113\u0161anas iesp\u0113jas. \u0160is kompaktais un uzticamais instruments ir izstr\u0101d\u0101ts, lai prec\u012bzi simul\u0113tu karstuma bl\u012bv\u0113\u0161anas procesu, padarot to par v\u0113rt\u012bgu instrumentu kvalit\u0101tes nodro\u0161in\u0101\u0161anas komand\u0101m.<\/p>\n<ol>\n<li><strong>Alum\u012bnija bl\u012bv\u0113juma spailes<\/strong>:<br \/>\nAug\u0161\u0113j\u0101s un apak\u0161\u0113j\u0101s bl\u012bv\u0113\u0161anas spailes ir izgatavotas no alum\u012bnija, lai samazin\u0101tu siltuma zudumus un nodro\u0161in\u0101tu temperat\u016bras vienm\u0113r\u012bgumu bl\u012bv\u0113\u0161anas laik\u0101. Tas pal\u012bdz nodro\u0161in\u0101t vienm\u0113r\u012bgu un efekt\u012bvu bl\u012bv\u0113\u0161anas procesu.<\/li>\n<li><strong>PID temperat\u016bras kontrolieris<\/strong>:<br \/>\nHST-02 ir apr\u012bkots ar proporcion\u0101li integr\u0101li atvasin\u0101to (PID) temperat\u016bras regulatoru, kas nodro\u0161ina prec\u012bzu un stabilu temperat\u016bras regul\u0113\u0161anu, t\u0101d\u0113j\u0101di nodro\u0161inot prec\u012bzu bl\u012bv\u0113\u0161anas procesa kontroli.<\/li>\n<li><strong>Sinhroniz\u0113ts taimeris un \u017eok\u013cu kust\u012bbas<\/strong>:<br \/>\nTesterim ir prec\u012bza sinhroniz\u0101cija starp taimeri un \u017eok\u013ca kust\u012bbu. Tas nodro\u0161ina pareizu bl\u012bv\u0113\u0161anas spiediena un laika piem\u0113ro\u0161anu paraugam, t\u0101d\u0113j\u0101di nodro\u0161inot prec\u012bzus un atk\u0101rtojamus test\u0113\u0161anas apst\u0101k\u013cus.<\/li>\n<li><strong>Spiediena kontrole<\/strong>:<br \/>\nTr\u012bs virzienu vad\u0101m\u0101 bl\u012bv\u0113juma josla nodro\u0161ina vienm\u0113r\u012bgu bl\u012bv\u0113\u0161anas spiedienu, kas \u013cauj vien\u0101di uzkl\u0101t uz da\u017e\u0101diem materi\u0101liem. Tas nodro\u0161ina, ka bl\u012bv\u0113juma integrit\u0101te tiek p\u0101rbaud\u012bta re\u0101los apst\u0101k\u013cos.<\/li>\n<li><strong>Dro\u0161\u012bbas l\u012bdzek\u013ci<\/strong>:<br \/>\nHST-02 priorit\u0101te ir lietot\u0101ja dro\u0161\u012bba, jo priek\u0161\u0113jais p\u0101rsegs aizsarg\u0101 pret apdegumiem, k\u0101 ar\u012b manu\u0101l\u0101 un k\u0101jas sl\u0113d\u017ea inici\u0113\u0161anas iesp\u0113jas dro\u0161ai un \u0113rtai darb\u012bbai.<\/li>\n<\/ol>\n<h2><strong>Test\u0113\u0161anas process un metodolo\u0123ija<\/strong><\/h2>\n<p>Siltuma bl\u012bv\u0113\u0161anas process, izmantojot <strong>HST-02 Siltuma bl\u012bv\u0113juma testeris<\/strong> tiek iev\u0113rota vienk\u0101r\u0161a so\u013cu sec\u012bba, r\u016bp\u012bgi atdarinot apst\u0101k\u013cus, kas nepiecie\u0161ami efekt\u012bvai iepakojuma plomb\u0113\u0161anai:<\/p>\n<ol>\n<li><strong>Parauga izvieto\u0161ana<\/strong>:<br \/>\nNovietojiet testa paraugu (parasti pl\u0113vi vai kompoz\u012btmateri\u0101lu) starp div\u0101m paral\u0113l\u0101m bl\u012bv\u0113juma spail\u0113m.<\/li>\n<li><strong>Temperat\u016bras un spiediena iestat\u012bjumi<\/strong>:<br \/>\nIestatiet v\u0113lamo bl\u012bv\u0113\u0161anas temperat\u016bru, laiku un spiedienu, pamatojoties uz materi\u0101la specifik\u0101cij\u0101m un ASTM F2029 aprakst\u012btajiem nosac\u012bjumiem.<\/li>\n<li><strong>Bl\u012bv\u0113\u0161anas process<\/strong>:<br \/>\nKad sist\u0113ma ir sasniegusi l\u012bdzsvaru, ar g\u0101zes balona pal\u012bdz\u012bbu kontrol\u0113t\u0101 aug\u0161\u0113j\u0101 bl\u012bv\u0113\u0161anas spaile tiek nospiesta uz leju, lai uz iepriek\u0161 iestat\u012bto laiku rad\u012btu spiedienu uz materi\u0101lu.<\/li>\n<li><strong>Testa beigas<\/strong>:<br \/>\nP\u0113c tam, kad iepriek\u0161 iestat\u012btais bl\u012bv\u0113\u0161anas laiks ir beidzies, aug\u0161\u0113jais bl\u012bv\u0113juma spaile atgrie\u017eas sav\u0101 s\u0101kotn\u0113j\u0101 poz\u012bcij\u0101, un bl\u012bv\u0113juma iztur\u012bba tiek nov\u0113rt\u0113ta, izmantojot da\u017e\u0101das test\u0113\u0161anas metodes.<\/li>\n<\/ol>\n<h2><strong>Siltuma bl\u012bv\u0113juma iztur\u012bbas nov\u0113rt\u0113\u0161ana<\/strong><\/h2>\n<p>P\u0113c karstuma bl\u012bv\u0113\u0161anas procesa pabeig\u0161anas tiek nov\u0113rt\u0113ta bl\u012bv\u0113juma iztur\u012bba, lai p\u0101rliecin\u0101tos, ka bl\u012bv\u0113jums ir neskarts un iztur\u012bgs. Nov\u0113rt\u0113\u0161anas metodes var ietvert:<\/p>\n<ul>\n<li><strong>Bl\u012bv\u0113juma nep\u0101rtraukt\u012bbas testi<\/strong>:<br \/>\n\u0160ie testi, piem\u0113ram, gaisa nopl\u016bdes p\u0101rbaude, kr\u0101svielas iek\u013c\u016b\u0161ana un vizu\u0101l\u0101 p\u0101rbaude, nodro\u0161ina, ka bl\u012bv\u0113jums ir nep\u0101rtraukts un tam nav v\u0101ju vietu.<\/li>\n<li><strong>Mikrobu un barjeru test\u0113\u0161ana<\/strong>:<br \/>\nPapildu testos var nov\u0113rt\u0113t materi\u0101la iztur\u012bbu pret mikroorganismu iek\u013c\u016b\u0161anu, nodro\u0161inot, ka bl\u012bv\u0113jums nodro\u0161ina pietiekamu aizsardz\u012bbu iek\u0161pus\u0113 eso\u0161ajam produktam.<\/li>\n<\/ul>\n<p>Port\u0101ls <strong>HST-02 Siltuma bl\u012bv\u0113juma testeris<\/strong> pied\u0101v\u0101 detaliz\u0113tus datus, kas pal\u012bdz ra\u017eot\u0101jiem nov\u0113rt\u0113t, vai vi\u0146u iepakojuma materi\u0101li atbilst nozares standartiem attiec\u012bb\u0101 uz iepakojuma integrit\u0101ti un veiktsp\u0113ju.<\/p>\n<h2><strong>HST-02 karstuma bl\u012bv\u0113juma testera galvenie parametri<\/strong><\/h2>\n<table>\n<tbody>\n<tr>\n<td style=\"text-align: center;\" width=\"123\">Bl\u012bv\u0113\u0161anas temperat\u016bra.<\/td>\n<td style=\"text-align: center;\" width=\"126\">Apk\u0101rt\u0113j\u0101 vide ~ 300 \u2103<\/td>\n<\/tr>\n<tr>\n<td style=\"text-align: center;\" width=\"123\">Novirze<\/td>\n<td style=\"text-align: center;\" width=\"126\">\u00b10.2\u2103<\/td>\n<\/tr>\n<tr>\n<td style=\"text-align: center;\" width=\"123\">Bl\u012bv\u0113\u0161anas laiks<\/td>\n<td style=\"text-align: center;\" width=\"126\">0,1S~9999S<\/td>\n<\/tr>\n<tr>\n<td style=\"text-align: center;\" width=\"123\">Bl\u012bv\u0113\u0161anas spiediens<\/td>\n<td style=\"text-align: center;\" width=\"126\">0,15 ~ 0,7 MPa<\/td>\n<\/tr>\n<tr>\n<td style=\"text-align: center;\" width=\"123\">Ro\u0146u \u017eok\u013ci<\/td>\n<td style=\"text-align: center;\" width=\"126\">330*10 mm L*W<\/td>\n<\/tr>\n<tr>\n<td style=\"text-align: center;\" width=\"123\">G\u0101zes spiediens<\/td>\n<td style=\"text-align: center;\" width=\"126\">0,7 MPa<\/td>\n<\/tr>\n<tr>\n<td style=\"text-align: center;\" width=\"123\">Ostas lielums<\/td>\n<td style=\"text-align: center;\" width=\"126\">\u04246 mm PU \u0161\u013c\u016btene<\/td>\n<\/tr>\n<tr>\n<td style=\"text-align: center;\" width=\"123\">Power<\/td>\n<td style=\"text-align: center;\" width=\"126\">mai\u0146str\u0101va 220 V 50 Hz<\/td>\n<\/tr>\n<\/tbody>\n<\/table>\n<p>\u0160ie parametri \u013cauj kontrol\u0113tos apst\u0101k\u013cos test\u0113t pla\u0161u materi\u0101lu kl\u0101stu, nodro\u0161inot konsekventus rezult\u0101tus da\u017e\u0101dos iepakojuma veidos.<\/p>\n<h4><strong>HST-02 termisk\u0101s bl\u012bv\u0113\u0161anas testera HST-02 lieto\u0161anas priek\u0161roc\u012bbas<\/strong><\/h4>\n<ul>\n<li><strong>Precizit\u0101te un atk\u0101rtojam\u012bba<\/strong>: HST-02 ir izstr\u0101d\u0101ts, lai nodro\u0161in\u0101tu prec\u012bzus un reproduc\u0113jamus testa rezult\u0101tus, prec\u012bzi kontrol\u0113jot kritiskos bl\u012bv\u0113\u0161anas parametrus.<\/li>\n<li><strong>Daudzpus\u012bba<\/strong>: Testeris ir piem\u0113rots izmanto\u0161anai ar da\u017e\u0101diem materi\u0101liem un iepakojuma veidiem, s\u0101kot no vienk\u0101r\u0161\u0101m plastmasas pl\u0113v\u0113m l\u012bdz sare\u017e\u0123\u012btiem kompoz\u012btmateri\u0101liem.<\/li>\n<li><strong>Atbilst\u012bba nozares standartiem<\/strong>: Piln\u012bb\u0101 atbilst ASTM F2029 standartam, nodro\u0161inot, ka testa rezult\u0101ti atbilst nozar\u0113 atz\u012btiem bl\u012bv\u0113juma iztur\u012bbas standartiem.<\/li>\n<li><strong>Rentabla kvalit\u0101tes kontrole<\/strong>: Pal\u012bdz ra\u017eot\u0101jiem identific\u0113t iepakojuma plombu nepiln\u012bbas pirms masveida ra\u017eo\u0161anas, nov\u0113r\u0161ot d\u0101rgus iepakojuma boj\u0101jumus un produktu zudumus.<\/li>\n<\/ul>\n<p>Port\u0101ls <strong>HST-02 Iepakojumu karstuma bl\u012bv\u0113juma testeris<\/strong> ir b\u016btisks instruments, lai nodro\u0161in\u0101tu karstumizl\u012bm\u0113tu iepakojuma materi\u0101lu kvalit\u0101ti un uzticam\u012bbu. Atk\u0101rtojot re\u0101los bl\u012bv\u0113\u0161anas apst\u0101k\u013cus, HST-02 \u013cauj ra\u017eot\u0101jiem r\u016bp\u012bgi p\u0101rbaud\u012bt materi\u0101lu karstumiztur\u012bbu, nodro\u0161inot, ka vi\u0146u produkti atbilst nepiecie\u0161amajiem iztur\u012bbas un integrit\u0101tes standartiem. Neatkar\u012bgi no t\u0101, vai str\u0101d\u0101jat p\u0101rtikas, farm\u0101cijas vai medic\u012bnas ier\u012b\u010du nozar\u0113, HST-02 pal\u012bdz sasniegt visaugst\u0101ko iepakojuma kvalit\u0101tes un veiktsp\u0113jas l\u012bmeni.<\/p>\n<p>\u0160is instruments ir b\u016btisks ieguld\u012bjums uz\u0146\u0113mumiem, kuru m\u0113r\u0137is ir uztur\u0113t kvalit\u0101tes kontroli, samazin\u0101t iepakojuma k\u013c\u016bdu skaitu un uzlabot produktu visp\u0101r\u0113jo dro\u0161\u012bbu un iztur\u012bbu.<\/p>","protected":false},"excerpt":{"rendered":"<p>Port\u0101ls <strong>Iepakojuma termisk\u0101s bl\u012bv\u0113\u0161anas testeris<\/strong> ir svar\u012bgs instruments da\u017e\u0101du iepakojuma materi\u0101lu, piem\u0113ram, elast\u012bgu pl\u0113vju, lamin\u0101tu, polim\u0113ru un kompoz\u012btu, herm\u0113tiskuma test\u0113\u0161anai. \u0160is laboratorijas klases instruments ir izstr\u0101d\u0101ts t\u0101, lai imit\u0113tu faktisko bl\u012bv\u0113\u0161anas procesu, \u013caujot ra\u017eot\u0101jiem nodro\u0161in\u0101t iepakojuma bl\u012bv\u0113jumu iztur\u012bbu, uzticam\u012bbu un funkcionalit\u0101ti. Efekt\u012bva termisk\u0101 bl\u012bv\u0113\u0161ana ir \u013coti svar\u012bga, lai nodro\u0161in\u0101tu p\u0101rtikas, medic\u012bnas, farm\u0101cijas un pat\u0113ri\u0146a pre\u010du iepakojuma integrit\u0101ti, jo iepakojuma boj\u0101jumi var apdraud\u0113t produkta dro\u0161\u012bbu, der\u012bguma termi\u0146u un lieto\u0161anas \u012bpa\u0161\u012bbas.<\/p>","protected":false},"featured_media":5905,"comment_status":"closed","ping_status":"closed","template":"","meta":{"site-sidebar-layout":"default","site-content-layout":"default","ast-global-header-display":"","ast-main-header-display":"","ast-hfb-above-header-display":"","ast-hfb-below-header-display":"","ast-hfb-mobile-header-display":"","site-post-title":"disabled","ast-breadcrumbs-content":"","ast-featured-img":"","footer-sml-layout":"","theme-transparent-header-meta":"default","adv-header-id-meta":"","stick-header-meta":"","header-above-stick-meta":"","header-main-stick-meta":"","header-below-stick-meta":""},"product_cat":[845,677,149,16,142,95],"product_tag":[],"class_list":{"0":"post-2371","1":"product","2":"type-product","3":"status-publish","4":"has-post-thumbnail","6":"product_cat-customization","7":"product_cat-heat-seal-tester","8":"product_cat-pharma-and-medical-testers","9":"product_cat-plastic-packaging-testers","10":"product_cat-astm-f2029","11":"product_cat-products","12":"desktop-align-left","13":"tablet-align-left","14":"mobile-align-left","16":"first","17":"instock","18":"featured","19":"shipping-taxable","20":"product-type-simple"},"_links":{"self":[{"href":"https:\/\/www.qualitester.com\/lv\/wp-json\/wp\/v2\/product\/2371","targetHints":{"allow":["GET"]}}],"collection":[{"href":"https:\/\/www.qualitester.com\/lv\/wp-json\/wp\/v2\/product"}],"about":[{"href":"https:\/\/www.qualitester.com\/lv\/wp-json\/wp\/v2\/types\/product"}],"replies":[{"embeddable":true,"href":"https:\/\/www.qualitester.com\/lv\/wp-json\/wp\/v2\/comments?post=2371"}],"version-history":[{"count":0,"href":"https:\/\/www.qualitester.com\/lv\/wp-json\/wp\/v2\/product\/2371\/revisions"}],"wp:featuredmedia":[{"embeddable":true,"href":"https:\/\/www.qualitester.com\/lv\/wp-json\/wp\/v2\/media\/5905"}],"wp:attachment":[{"href":"https:\/\/www.qualitester.com\/lv\/wp-json\/wp\/v2\/media?parent=2371"}],"wp:term":[{"taxonomy":"product_cat","embeddable":true,"href":"https:\/\/www.qualitester.com\/lv\/wp-json\/wp\/v2\/product_cat?post=2371"},{"taxonomy":"product_tag","embeddable":true,"href":"https:\/\/www.qualitester.com\/lv\/wp-json\/wp\/v2\/product_tag?post=2371"}],"curies":[{"name":"wp","href":"https:\/\/api.w.org\/{rel}","templated":true}]}}