{"id":2268,"date":"2023-05-18T10:57:00","date_gmt":"2023-05-18T02:57:00","guid":{"rendered":"https:\/\/www.qualitester.com\/?post_type=product&#038;p=2268"},"modified":"2025-04-08T16:16:55","modified_gmt":"2025-04-08T08:16:55","slug":"lt-01-leak-tester","status":"publish","type":"product","link":"https:\/\/www.qualitester.com\/lv\/products-2\/lt-01-leak-tester\/","title":{"rendered":"LT-01 nopl\u016bdes testeris"},"content":{"rendered":"<h2 data-start=\"1173\" data-end=\"1228\"><strong data-start=\"1173\" data-end=\"1228\">Izpratne par iepakojuma vakuuma nopl\u016bdes testeri\u00a0<\/strong><\/h2>\n<p class=\"\" data-start=\"1230\" data-end=\"1607\">Port\u0101ls <strong data-start=\"1234\" data-end=\"1271\">vakuuma nopl\u016bdes testeris iepakojumam <\/strong>ir paredz\u0113ts nopl\u016b\u017eu atkl\u0101\u0161anai nosl\u0113gtos elast\u012bgos iepakojumos, nov\u0113rojot gaisa vai g\u0101zes izpl\u016bdi, kad tiek piem\u0113rots vakuums. \u0160\u012b metode balst\u0101s uz <strong data-start=\"1410\" data-end=\"1435\">diferenci\u0101lais spiediens<\/strong>, kur spiediens iepakojuma iek\u0161pus\u0113 kontrast\u0113 ar vakuuma vidi kamer\u0101. Ja ir nopl\u016bde, gaiss vai produkta tvaiki izpl\u016bst k\u0101 redzama burbu\u013cu pl\u016bsma.<\/p>\n<p class=\"\" data-start=\"1609\" data-end=\"1973\">Cell Instruments\u2019 <strong data-start=\"1627\" data-end=\"1648\">LT-01 nopl\u016bdes testeris<\/strong> pied\u0101v\u0101 uzticamu un ekonomisku metodi \u0161\u012bs proced\u016bras veik\u0161anai. T\u0101 izmanto <strong data-start=\"1728\" data-end=\"1744\">Venturi caurule<\/strong> lai rad\u012btu vakuumu l\u012bdz -90 kPa, kas \u013cauj nodro\u0161in\u0101t stabilus un regul\u0113jamus vakuuma apst\u0101k\u013cus bez elektrisk\u0101s str\u0101vas avota. Tas nodro\u0161ina ar\u012b <strong data-start=\"1897\" data-end=\"1929\">piel\u0101gojama akrila kamera<\/strong> lai piel\u0101gotu da\u017e\u0101da izm\u0113ra un formas iepakojumiem.<\/p>\n<div class=\"ast-oembed-container\" style=\"height: 100%;\"><iframe title=\"Cell INSTRUMENTS tr\u012bs mode\u013cu vakuuma nopl\u016bdes testeris\" width=\"500\" height=\"281\" src=\"https:\/\/www.youtube.com\/embed\/UcL0JjOEm04?feature=oembed\" frameborder=\"0\" allow=\"accelerometer; autoplay; clipboard-write; encrypted-media; gyroscope; picture-in-picture; web-share\" referrerpolicy=\"strict-origin-when-cross-origin\" allowfullscreen><\/iframe><\/div>\n<hr class=\"\" data-start=\"1975\" data-end=\"1978\" \/>\n<h2 data-start=\"1980\" data-end=\"2027\"><strong data-start=\"1980\" data-end=\"2027\">ASTM vakuuma nopl\u016bdes testa metode un atbilst\u012bba<\/strong><\/h2>\n<p class=\"\" data-start=\"2029\" data-end=\"2304\">Lai nodro\u0161in\u0101tu konsekventus un prec\u012bzus rezult\u0101tus, vakuuma nopl\u016bdes testerim j\u0101atbilst <strong data-start=\"2118\" data-end=\"2143\">ASTM vakuuma nopl\u016bdes tests<\/strong> metode, kas izkl\u0101st\u012bta <a href=\"https:\/\/www.qualitester.com\/lv\/standards\/astm-d3078\/\" target=\"_blank\" rel=\"noopener\"><strong data-start=\"2163\" data-end=\"2177\">ASTM D3078<\/strong><\/a>. \u0160is starptautiskais standarts nosaka, k\u0101 veikt nopl\u016bdes noteik\u0161anu, izmantojot <strong data-start=\"2253\" data-end=\"2280\">burbu\u013cu emisijas test\u0113\u0161ana<\/strong> elast\u012bgam iepakojumam.<\/p>\n<p class=\"\" data-start=\"2306\" data-end=\"2364\">Saska\u0146\u0101 ar <strong data-start=\"2319\" data-end=\"2333\">ASTM D3078<\/strong>, \u0161eit ir aprakst\u012bts, k\u0101 \u0161is process notiek:<\/p>\n<ul data-start=\"2366\" data-end=\"2855\">\n<li class=\"\" data-start=\"2366\" data-end=\"2442\">\n<p class=\"\" data-start=\"2368\" data-end=\"2442\">Iepakojums ir iegremd\u0113ts \u016bden\u012b, kas atrodas iek\u0161pus\u0113 <strong data-start=\"2411\" data-end=\"2441\">caursp\u012bd\u012bga vakuuma kamera<\/strong>.<\/p>\n<\/li>\n<li class=\"\" data-start=\"2443\" data-end=\"2547\">\n<p class=\"\" data-start=\"2445\" data-end=\"2547\">Tiek rad\u012bts vakuums, kas parasti palielin\u0101s par 1 collu Hg\/sek, l\u012bdz tiek sasniegts v\u0113lamais l\u012bmenis.<\/p>\n<\/li>\n<li class=\"\" data-start=\"2548\" data-end=\"2630\">\n<p class=\"\" data-start=\"2550\" data-end=\"2630\">Spiedienam samazinoties, <strong data-start=\"2573\" data-end=\"2629\">jebkura nopl\u016bde izpau\u017eas k\u0101 nep\u0101rtraukta burbu\u013cu pl\u016bsma.<\/strong>.<\/p>\n<\/li>\n<li class=\"\" data-start=\"2631\" data-end=\"2755\">\n<p class=\"\" data-start=\"2633\" data-end=\"2755\">Vakuumu notur noteiktu laiku (parasti 30 sekundes), p\u0113c tam p\u0101rbauda, vai iepakojum\u0101 nav iek\u013cuvis testa \u0161\u0137idrums.<\/p>\n<\/li>\n<li class=\"\" data-start=\"2756\" data-end=\"2855\">\n<p class=\"\" data-start=\"2758\" data-end=\"2855\">Iepakojumi, no kuriem izdal\u0101s burbu\u013ci vai kuriem ir iek\u0161\u0113j\u0101 \u0161\u0137idruma pies\u0101r\u0146ojuma paz\u012bmes, tiek uzskat\u012bti par boj\u0101tiem.<\/p>\n<\/li>\n<\/ul>\n<p class=\"\" data-start=\"2857\" data-end=\"3010\">\u0160\u012b metode ir efekt\u012bva, lai identific\u0113tu caurumus, v\u0101jus bl\u012bv\u0113jumus vai nepareizus nosl\u0113gumus, kas var\u0113tu \u013caut gaisam, mitrumam vai pies\u0101r\u0146ot\u0101jiem iek\u013c\u016bt iepakojum\u0101.<\/p>\n<hr class=\"\" data-start=\"3012\" data-end=\"3015\" \/>\n<h2 data-start=\"3017\" data-end=\"3061\"><strong data-start=\"3017\" data-end=\"3061\">LT-01 vakuuma nopl\u016bdes testera galven\u0101s funkcijas<\/strong><\/h2>\n<p class=\"\" data-start=\"3063\" data-end=\"3232\">Port\u0101ls <strong data-start=\"3067\" data-end=\"3088\">LT-01 nopl\u016bdes testeris<\/strong> Cell Instruments ir izstr\u0101d\u0101ts, lai vienk\u0101r\u0161otu nopl\u016bdes noteik\u0161anu, vienlaikus nodro\u0161inot <strong data-start=\"3166\" data-end=\"3194\">precizit\u0101te un iztur\u012bba<\/strong>. T\u0101l\u0101k ir aprakst\u012btas da\u017eas no galvenaj\u0101m funkcij\u0101m:<\/p>\n<ul data-start=\"3234\" data-end=\"3668\">\n<li class=\"\" data-start=\"3234\" data-end=\"3310\">\n<p class=\"\" data-start=\"3236\" data-end=\"3310\"><strong data-start=\"3236\" data-end=\"3252\">Manu\u0101lais modelis<\/strong>: Izstr\u0101d\u0101ts vienk\u0101r\u0161ai un l\u0113tai test\u0113\u0161anai.<\/p>\n<\/li>\n<li class=\"\" data-start=\"3311\" data-end=\"3374\">\n<p class=\"\" data-start=\"3313\" data-end=\"3374\"><strong data-start=\"3313\" data-end=\"3329\">Vakuuma diapazons<\/strong>: 0 l\u012bdz -90 kPa, regul\u0113jams ar gaisa regulatoru.<\/p>\n<\/li>\n<li class=\"\" data-start=\"3375\" data-end=\"3470\">\n<p class=\"\" data-start=\"3377\" data-end=\"3470\"><strong data-start=\"3377\" data-end=\"3410\">Vakuuma rad\u012b\u0161ana, izmantojot Venturi cauruli<\/strong>: Nepiecie\u0161am\u012bba p\u0113c elektr\u012bbas nov\u0113rsta, izmantojot saspiestu gaisu.<\/p>\n<\/li>\n<li class=\"\" data-start=\"3471\" data-end=\"3553\">\n<p class=\"\" data-start=\"3473\" data-end=\"3553\"><strong data-start=\"3473\" data-end=\"3503\">Sp\u0113c\u012bga caursp\u012bd\u012bga kamera<\/strong>: Viegla vizu\u0101l\u0101 uzraudz\u012bba un iztur\u012bga konstrukcija.<\/p>\n<\/li>\n<li class=\"\" data-start=\"3554\" data-end=\"3668\">\n<p class=\"\" data-start=\"3556\" data-end=\"3668\"><strong data-start=\"3556\" data-end=\"3580\">Piel\u0101gotu kameru izm\u0113ri<\/strong>: Pieejamas cilindriskas vai kubveida formas, lai piel\u0101gotos da\u017e\u0101diem iepakojumu veidiem.<\/p>\n<\/li>\n<\/ul>\n<p class=\"\" data-start=\"3670\" data-end=\"3829\">Turkl\u0101t LT-01 var uzlabot ar <strong data-start=\"3713\" data-end=\"3728\">vakuums\u016bknis<\/strong> lai atbilstu stingr\u0101k\u0101m test\u0113\u0161anas metod\u0113m, piem\u0113ram. <strong data-start=\"3770\" data-end=\"3784\">ASTM D4991<\/strong>, v\u0113l vair\u0101k papla\u0161inot test\u0113\u0161anas iesp\u0113jas.<\/p>\n<hr class=\"\" data-start=\"4580\" data-end=\"4583\" \/>\n<h2 data-start=\"4585\" data-end=\"4637\"><strong data-start=\"4585\" data-end=\"4637\">Vakuuma nopl\u016bdes testera pielietojums <\/strong><strong data-start=\"1173\" data-end=\"1228\">Konteineri<\/strong><\/h2>\n<p class=\"\" data-start=\"4639\" data-end=\"4730\">Port\u0101ls <strong data-start=\"4643\" data-end=\"4679\">c vakuuma nopl\u016bdes testeris<\/strong><strong data-start=\"1173\" data-end=\"1228\">nteineri <\/strong>tiek pla\u0161i izmantots da\u017e\u0101d\u0101s nozar\u0113s, piem\u0113ram:<\/p>\n<ul data-start=\"4732\" data-end=\"5065\">\n<li class=\"\" data-start=\"4732\" data-end=\"4823\">\n<p class=\"\" data-start=\"4734\" data-end=\"4823\"><strong data-start=\"4734\" data-end=\"4753\">P\u0101rtika un dz\u0113rieni<\/strong>: Lai p\u0101rbaud\u012btu maisi\u0146u, maisi\u0146u un elast\u012bgu pl\u0113vju bl\u012bv\u0113juma integrit\u0101ti.<\/p>\n<\/li>\n<li class=\"\" data-start=\"4824\" data-end=\"4902\">\n<p class=\"\" data-start=\"4826\" data-end=\"4902\"><strong data-start=\"4826\" data-end=\"4845\">Farmaceitiskie produkti<\/strong>: Lai nodro\u0161in\u0101tu, ka steril\u0101s barjeru sist\u0113mas paliek neskartas.<\/p>\n<\/li>\n<li class=\"\" data-start=\"4903\" data-end=\"4983\">\n<p class=\"\" data-start=\"4905\" data-end=\"4983\"><strong data-start=\"4905\" data-end=\"4924\">Medic\u012bnisk\u0101s ier\u012bces<\/strong>: Lai noteiktu nopl\u016bdes sterilos iesai\u0146ojumos un sast\u0101vda\u013cu iepakojumos.<\/p>\n<\/li>\n<li class=\"\" data-start=\"4984\" data-end=\"5065\">\n<p class=\"\" data-start=\"4986\" data-end=\"5065\"><strong data-start=\"4986\" data-end=\"5013\">Elektronika un \u0137imik\u0101lijas<\/strong>: Lai saglab\u0101tu mitruma un tvaika barjeras \u012bpa\u0161\u012bbas.<\/p>\n<\/li>\n<\/ul>\n<p class=\"\" data-start=\"5067\" data-end=\"5190\">Uzticama nopl\u016bdes noteik\u0161ana ir b\u016btiska, lai <strong data-start=\"5108\" data-end=\"5154\">produktu atsauk\u0161anas nov\u0113r\u0161ana, atkritumu samazin\u0101\u0161ana.<\/strong>, un uzlabot <strong data-start=\"5170\" data-end=\"5189\">pat\u0113r\u0113t\u0101ju dro\u0161\u012bba<\/strong>.<\/p>\n<hr class=\"\" data-start=\"3831\" data-end=\"3834\" \/>\n<h2 data-start=\"3836\" data-end=\"3896\"><strong data-start=\"3836\" data-end=\"3896\">K\u0101p\u0113c izv\u0113l\u0113ties Cell Instruments vakuuma nopl\u016bdes testeri?<\/strong><\/h2>\n<p class=\"\" data-start=\"3898\" data-end=\"4002\">Izv\u0113loties <strong data-start=\"3909\" data-end=\"3934\">vakuuma nopl\u016bdes testeris<\/strong> no Cell Instruments pied\u0101v\u0101 ne tikai standarta atbilst\u012bbas priek\u0161roc\u012bbas:<\/p>\n<ul data-start=\"4004\" data-end=\"4429\">\n<li class=\"\" data-start=\"4004\" data-end=\"4093\">\n<p class=\"\" data-start=\"4006\" data-end=\"4093\"><strong data-start=\"4006\" data-end=\"4032\">Piel\u0101gojami risin\u0101jumi<\/strong>: Piel\u0101gotas kameras un iek\u0101rtas da\u017e\u0101diem iepakojuma form\u0101tiem.<\/p>\n<\/li>\n<li class=\"\" data-start=\"4094\" data-end=\"4204\">\n<p class=\"\" data-start=\"4096\" data-end=\"4204\"><strong data-start=\"4096\" data-end=\"4130\">Vair\u0101ku standartu atbalsts<\/strong>: Papildus <a href=\"https:\/\/www.astm.org\/d3078-02r21e01.html\" target=\"_blank\" rel=\"noopener nofollow\">ASTM D3078<\/a>, vien\u012bbas var piel\u0101got <a href=\"https:\/\/www.astm.org\/d4991-07r15.html\" target=\"_blank\" rel=\"noopener nofollow\">ASTM D4991<\/a> un daudz ko citu.<\/p>\n<\/li>\n<li class=\"\" data-start=\"4205\" data-end=\"4330\">\n<p class=\"\" data-start=\"4207\" data-end=\"4330\"><strong data-start=\"4207\" data-end=\"4229\">Nozares pieredze<\/strong>: Pier\u0101d\u012bta pieredze <strong data-start=\"4252\" data-end=\"4329\">medic\u012bnisko, p\u0101rtikas, farmaceitisko, l\u012bmju un elektronisko iepakojumu test\u0113\u0161ana.<\/strong>.<\/p>\n<\/li>\n<li class=\"\" data-start=\"4331\" data-end=\"4429\">\n<p class=\"\" data-start=\"4333\" data-end=\"4429\"><strong data-start=\"4333\" data-end=\"4360\">Elektr\u012bba nav nepiecie\u0161ama<\/strong>: Videi draudz\u012bgs un dro\u0161\u0101ks da\u017e\u0101d\u0101s ra\u017eo\u0161anas viet\u0101s.<\/p>\n<\/li>\n<\/ul>\n<p class=\"\" data-start=\"4431\" data-end=\"4578\">\u0160\u012bs priek\u0161roc\u012bbas padara LT-01 par lielisku izv\u0113li uz\u0146\u0113mumiem, kas v\u0113las uzlabot <strong data-start=\"4514\" data-end=\"4543\">iepakojuma kvalit\u0101tes nodro\u0161in\u0101\u0161ana<\/strong> un satikt <strong data-start=\"4553\" data-end=\"4577\">regulat\u012bvie standarti<\/strong>.<\/p>","protected":false},"excerpt":{"rendered":"<p class=\"\" data-start=\"473\" data-end=\"983\">Iepakojuma integrit\u0101tes nodro\u0161in\u0101\u0161ana ir \u013coti svar\u012bga, lai saglab\u0101tu produktu dro\u0161umu, pagarin\u0101tu glab\u0101\u0161anas laiku un nodro\u0161in\u0101tu atbilst\u012bbu starptautiskajiem standartiem. Viens no visefekt\u012bv\u0101kajiem un vispla\u0161\u0101k izmantotajiem instrumentiem \u0161im nol\u016bkam ir <strong data-start=\"694\" data-end=\"730\">vakuuma nopl\u016bdes testeris iepakojumam<\/strong>. \u0160o test\u0113\u0161anas instrumentu izmanto t\u0101d\u0101s nozar\u0113s k\u0101 p\u0101rtikas, medic\u012bnas, farm\u0101cijas, elektronikas un kvalit\u0101tes p\u0101rbaudes, lai nov\u0113rt\u0113tu elast\u012bgo iepakojumu bl\u012bv\u0113juma iztur\u012bbu un herm\u0113tiskumu, lai atkl\u0101tu iesp\u0113jam\u0101s nopl\u016bdes, kas var\u0113tu apdraud\u0113t produkta kvalit\u0101ti.<\/p>\n<p class=\"\" data-start=\"985\" data-end=\"1166\">Izp\u0113t\u012bsim, k\u0101 \u0161is instruments darbojas, k\u0101da ir t\u0101 saist\u012bba ar glob\u0101lajiem standartiem, piem\u0113ram. <strong data-start=\"1068\" data-end=\"1082\">ASTM D3078<\/strong>, un k\u0101p\u0113c Cell Instruments LT-01 modelis ir ide\u0101ls risin\u0101jums j\u016bsu test\u0113\u0161anas vajadz\u012bb\u0101m.<\/p>","protected":false},"featured_media":5980,"comment_status":"closed","ping_status":"closed","template":"","meta":{"site-sidebar-layout":"default","site-content-layout":"default","ast-global-header-display":"","ast-main-header-display":"","ast-hfb-above-header-display":"","ast-hfb-below-header-display":"","ast-hfb-mobile-header-display":"","site-post-title":"disabled","ast-breadcrumbs-content":"","ast-featured-img":"disabled","footer-sml-layout":"","theme-transparent-header-meta":"default","adv-header-id-meta":"","stick-header-meta":"","header-above-stick-meta":"","header-main-stick-meta":"","header-below-stick-meta":""},"product_cat":[845,675,17,149,16,105,135,95],"product_tag":[],"class_list":{"0":"post-2268","1":"product","2":"type-product","3":"status-publish","4":"has-post-thumbnail","6":"product_cat-customization","7":"product_cat-leak-tester","8":"product_cat-package-container-testers","9":"product_cat-pharma-and-medical-testers","10":"product_cat-plastic-packaging-testers","11":"product_cat-astm-d3078","12":"product_cat-astm-d4991","13":"product_cat-products","14":"desktop-align-left","15":"tablet-align-left","16":"mobile-align-left","18":"first","19":"instock","20":"shipping-taxable","21":"product-type-simple"},"_links":{"self":[{"href":"https:\/\/www.qualitester.com\/lv\/wp-json\/wp\/v2\/product\/2268","targetHints":{"allow":["GET"]}}],"collection":[{"href":"https:\/\/www.qualitester.com\/lv\/wp-json\/wp\/v2\/product"}],"about":[{"href":"https:\/\/www.qualitester.com\/lv\/wp-json\/wp\/v2\/types\/product"}],"replies":[{"embeddable":true,"href":"https:\/\/www.qualitester.com\/lv\/wp-json\/wp\/v2\/comments?post=2268"}],"version-history":[{"count":0,"href":"https:\/\/www.qualitester.com\/lv\/wp-json\/wp\/v2\/product\/2268\/revisions"}],"wp:featuredmedia":[{"embeddable":true,"href":"https:\/\/www.qualitester.com\/lv\/wp-json\/wp\/v2\/media\/5980"}],"wp:attachment":[{"href":"https:\/\/www.qualitester.com\/lv\/wp-json\/wp\/v2\/media?parent=2268"}],"wp:term":[{"taxonomy":"product_cat","embeddable":true,"href":"https:\/\/www.qualitester.com\/lv\/wp-json\/wp\/v2\/product_cat?post=2268"},{"taxonomy":"product_tag","embeddable":true,"href":"https:\/\/www.qualitester.com\/lv\/wp-json\/wp\/v2\/product_tag?post=2268"}],"curies":[{"name":"wp","href":"https:\/\/api.w.org\/{rel}","templated":true}]}}