{"id":1792,"date":"2023-04-26T17:08:02","date_gmt":"2023-04-26T09:08:02","guid":{"rendered":"https:\/\/www.qualitester.com\/?post_type=product&#038;p=1792"},"modified":"2025-06-30T17:31:24","modified_gmt":"2025-06-30T09:31:24","slug":"pendulum-impact-tester-pit-01","status":"publish","type":"product","link":"https:\/\/www.qualitester.com\/lv\/products-2\/pendulum-impact-tester-pit-01\/","title":{"rendered":"PIT-01 sv\u0101rsta trieciena testeris"},"content":{"rendered":"<h2 data-start=\"474\" data-end=\"521\">Ievads pl\u0113ves sv\u0101rsta trieciena tester\u012b<\/h2>\n<p data-start=\"523\" data-end=\"894\">Port\u0101ls <strong data-start=\"527\" data-end=\"558\">pl\u0113ves sv\u0101rsta trieciena testeris<\/strong> ir prec\u012bzs instruments, ko izmanto, lai nov\u0113rt\u0113tu <strong data-start=\"606\" data-end=\"627\">triecieniztur\u012bba<\/strong> plastmasas pl\u0113ves, folijas un pl\u0101nas loksnes. Tas ir svar\u012bgs r\u012bks iepakojuma, p\u0101rtikas, medic\u012bnas un materi\u0101lu izp\u0113tes nozar\u0113s. Atk\u0101rtojot re\u0101lajiem triecieniem l\u012bdz\u012bgus dinamisk\u0101s slodzes apst\u0101k\u013cus, \u0161is testeris pal\u012bdz nov\u0113rt\u0113t materi\u0101la iztur\u012bbu un iztur\u012bbu.<\/p>\n<p data-start=\"896\" data-end=\"1227\">Ja pl\u0113ves tiek izmantotas iesai\u0146o\u0161anai vai produktu aizsardz\u012bbai, ir \u013coti svar\u012bgi izprast to iztur\u012bbu pret p\u0113k\u0161\u0146iem sp\u0113kiem. Tie\u0161i \u0161aj\u0101 jom\u0101 <strong data-start=\"1031\" data-end=\"1062\">pl\u0113ves sv\u0101rsta trieciena testeris<\/strong> ir b\u016btiska noz\u012bme - t\u0101 simul\u0113 liela \u0101truma caurdur\u0161anu un m\u0113ra <strong data-start=\"1132\" data-end=\"1175\">ener\u0123ija, kas nepiecie\u0161ama materi\u0101la pl\u012bsumam.<\/strong>, pied\u0101v\u0101jot uzticamus datus darb\u012bbas nov\u0113rt\u0113\u0161anai.<\/p>\n<h2 data-start=\"1234\" data-end=\"1293\">ASTM D3420 attiec\u012bb\u0101 uz pl\u0113ves sv\u0101rsta triecieniztur\u012bbu<\/h2>\n<p data-start=\"1295\" data-end=\"1561\">Port\u0101ls <a href=\"https:\/\/www.qualitester.com\/lv\/products-2\/pendulum-impact-tester-pit-01\/\" target=\"_blank\" rel=\"noopener\"><strong data-start=\"1299\" data-end=\"1313\">ASTM D3420<\/strong><\/a> testa metode ir starptautiski atz\u012bts standarts plastmasas pl\u0113vju triecieniztur\u012bbas noteik\u0161anai ar sv\u0101rstu. Taj\u0101 sniegtas detaliz\u0113tas instrukcijas, lai nodro\u0161in\u0101tu prec\u012bzus, atk\u0101rtojamus un sal\u012bdzin\u0101mus rezult\u0101tus da\u017e\u0101d\u0101s test\u0113\u0161anas vid\u0113s.<\/p>\n<p data-start=\"1563\" data-end=\"1829\">\u0160\u012b metode ietver <strong data-start=\"1584\" data-end=\"1641\">trieciens ar sv\u0101rsta galvi\u0146u pa iesp\u012bl\u0113tu pl\u0113ves paraugu.<\/strong> ar zin\u0101mu \u0101trumu un ener\u0123ijas l\u012bmeni. . <strong data-start=\"1684\" data-end=\"1703\">absorb\u0113t\u0101 ener\u0123ija<\/strong> ar paraugu, kas izraisa pl\u012bsumu vai punkciju, apr\u0113\u0137ina p\u0113c sv\u0101rsta kust\u012bbas. Test\u0101 izmanto divas galven\u0101s proced\u016bras:<\/p>\n<ul>\n<li data-start=\"1833\" data-end=\"1907\"><strong data-start=\"1833\" data-end=\"1848\">A proced\u016bra<\/strong>: Izmanto 25,4 mm diametra trieciena galvi\u0146u un 60 mm atv\u0113rumu.<\/li>\n<li data-start=\"1910\" data-end=\"2011\"><strong data-start=\"1910\" data-end=\"1925\">B proced\u016bra<\/strong>: Izmanto 19,0 mm diametra galvi\u0146u un 89 mm apert\u016bru (paz\u012bstams ar\u012b k\u0101 Spensera tests).<\/li>\n<\/ul>\n<p data-start=\"2013\" data-end=\"2218\">Katra metode ir piem\u0113rota da\u017e\u0101diem materi\u0101lu veidiem un test\u0113\u0161anas iestat\u012bjumiem. Tom\u0113r, <strong data-start=\"2085\" data-end=\"2143\">A un B proced\u016bras rezult\u0101ti nav savstarp\u0113ji aizst\u0101jami.<\/strong>, jo to paraugu izm\u0113ri un galvi\u0146u diametri nodro\u0161ina at\u0161\u0137ir\u012bgu trieciena dinamiku.<\/p>\n<h2 data-start=\"2225\" data-end=\"2281\">Pl\u0113ves sv\u0101rsta triecientestera darb\u012bbas princips<\/h2>\n<p data-start=\"2283\" data-end=\"2310\">ASTM D3420 testa laik\u0101:<\/p>\n<ol>\n<li data-start=\"2315\" data-end=\"2442\">Plakanu paraugu bez defektiem (parasti 100 mm \u00d7 100 mm vai \u00d8100 mm) saspie\u017e starp div\u0101m pl\u0101ksn\u0113m ar <strong data-start=\"2420\" data-end=\"2441\">ap\u013cveida apert\u016bra<\/strong>.<\/li>\n<li data-start=\"2446\" data-end=\"2587\">Sv\u0101rsts tiek atbr\u012bvots no <strong data-start=\"2478\" data-end=\"2498\">aizv\u0113rt\u0101 st\u0101vokl\u012b<\/strong>, \u0161\u016bpojoties ar <strong data-start=\"2516\" data-end=\"2549\">maksim\u0101lais \u0101trums ~ 74 m\/min<\/strong> un ener\u0123iju l\u012bdz <strong data-start=\"2567\" data-end=\"2586\">5 J (50 cm-kgf)<\/strong>.<\/li>\n<li data-start=\"2591\" data-end=\"2666\">Port\u0101ls <strong data-start=\"2595\" data-end=\"2617\">puslodes formas galva<\/strong> triecas pl\u0113ves centr\u0101, izraisot pl\u012bsumu.<\/li>\n<li data-start=\"2670\" data-end=\"2793\">Sv\u0101rsta kin\u0113tisk\u0101s ener\u0123ijas zudumu m\u0113ra un izsaka k\u0101 <strong data-start=\"2747\" data-end=\"2768\">trieciena ener\u0123ija (J)<\/strong> izmantojot standarta formulas:<\/li>\n<\/ol>\n<ul>\n<li style=\"list-style-type: none;\">\n<ul>\n<li>A proced\u016brai:<br data-start=\"2815\" data-end=\"2818\" \/><em data-start=\"2823\" data-end=\"2861\">E = (skalas r\u0101d\u012bjums cm-kgf) \/ 10,2<\/em><\/li>\n<li>B proced\u016brai:<br data-start=\"2883\" data-end=\"2886\" \/><em data-start=\"2891\" data-end=\"2910\">E = (R \/ 100) \u00d7 C<\/em>,<br data-start=\"2911\" data-end=\"2914\" \/>kur <em data-start=\"2925\" data-end=\"2928\">R<\/em> ir skalas r\u0101d\u012bjums un <em data-start=\"2954\" data-end=\"2957\">C<\/em> ir ier\u012bces jauda (piem\u0113ram, 0,17 J l\u012bdz 2,7 J).<\/li>\n<\/ul>\n<\/li>\n<\/ul>\n<p data-start=\"3009\" data-end=\"3117\">At\u0161\u0137ir\u012bb\u0101 no da\u017e\u0101m metod\u0113m netiek veikta korekcija, \u0146emot v\u0113r\u0101 s\u012bkos caurumotos fragmentus, jo to masa ir nenoz\u012bm\u012bga.<\/p>\n<h2 data-start=\"3124\" data-end=\"3187\">PIT-01 pl\u0113ves sv\u0101rsta triecientestera PIT-01 uzlabot\u0101s funkcijas<\/h2>\n<p data-start=\"3189\" data-end=\"3389\">Ra\u017eot\u0101js <strong data-start=\"3205\" data-end=\"3235\">Cell Instruments Co., Ltd.<\/strong>, un <strong data-start=\"3241\" data-end=\"3279\">PIT-01 pl\u0113ves sv\u0101rsta trieciena testeris<\/strong> ir veidots, lai piln\u012bb\u0101 <strong data-start=\"3298\" data-end=\"3323\">ASTM D3420 atbilst\u012bba<\/strong>, pied\u0101v\u0101jot <strong data-start=\"3334\" data-end=\"3346\">precizit\u0101te<\/strong>, <strong data-start=\"3348\" data-end=\"3362\">automatiz\u0101cija<\/strong>, un <strong data-start=\"3368\" data-end=\"3388\">lietot\u0101ja \u0113rt\u012bbas<\/strong>:<\/p>\n<ul>\n<li data-start=\"3393\" data-end=\"3478\"><strong data-start=\"3393\" data-end=\"3418\">PLC un sk\u0101rienekr\u0101na HMI<\/strong>: \u013bauj vienk\u0101r\u0161i konfigur\u0113t testus un uzraudz\u012bt re\u0101llaik\u0101.<\/li>\n<li data-start=\"3481\" data-end=\"3567\"><strong data-start=\"3481\" data-end=\"3510\">Pneimatisk\u0101 O-Ring iesp\u012bl\u0113\u0161ana<\/strong>: Nodro\u0161ina dro\u0161u, nesl\u012bdo\u0161u iesp\u012bl\u0113\u0161anu konsekventiem datiem.<\/li>\n<li data-start=\"3570\" data-end=\"3632\"><strong data-start=\"3570\" data-end=\"3600\">Autom\u0101tisk\u0101 sv\u0101rsta atbr\u012bvo\u0161ana<\/strong>: Uzlabo precizit\u0101ti un dro\u0161\u012bbu.<\/li>\n<li data-start=\"3635\" data-end=\"3747\"><strong data-start=\"3635\" data-end=\"3670\">Datu autom\u0101tisk\u0101 apstr\u0101de un druk\u0101\u0161ana<\/strong>: Uz\u0146em, apr\u0113\u0137ina un izdruk\u0101 rezult\u0101tus uzreiz, l\u012bdz minimumam samazinot cilv\u0113ka k\u013c\u016bdu skaitu.<\/li>\n<li data-start=\"3750\" data-end=\"3851\"><strong data-start=\"3750\" data-end=\"3780\">Vair\u0101ki trieciena galvas izm\u0113ri<\/strong>: Komplekt\u0101 ir \u03a625,4 mm, \u03a619 mm un \u03a612,7 mm galvi\u0146as, kas nodro\u0161ina elast\u012bgu test\u0113\u0161anu.<\/li>\n<\/ul>\n<h3><strong>Galvenais parametrs<\/strong><\/h3>\n<table>\n<tbody>\n<tr>\n<td style=\"text-align: center;\" width=\"135\">Ietekmes ener\u0123ija<\/td>\n<td style=\"text-align: center;\" width=\"204\">1 J, 2 J, 3 J<\/td>\n<\/tr>\n<tr>\n<td style=\"text-align: center;\" width=\"135\">Rezol\u016bcija<\/td>\n<td style=\"text-align: center;\" width=\"204\">\u00a00.001 J<\/td>\n<\/tr>\n<tr>\n<td style=\"text-align: center;\" width=\"135\">Trieciena galvas izm\u0113rs<\/td>\n<td style=\"text-align: center;\" width=\"204\">\u042425,4, \u042419, \u042412,7 mm<\/td>\n<\/tr>\n<tr>\n<td style=\"text-align: center;\" width=\"135\">Paraugu skava<\/td>\n<td style=\"text-align: center;\" width=\"204\">Pneimatisk\u0101 skava<\/td>\n<\/tr>\n<tr>\n<td style=\"text-align: center;\" width=\"135\">Skavas diametrs<\/td>\n<td style=\"text-align: center;\" width=\"204\">\u042489 mm, \u042460 mm<\/td>\n<\/tr>\n<tr>\n<td style=\"text-align: center;\" width=\"135\">G\u0101zes pieg\u0101de<\/td>\n<td style=\"text-align: center;\" width=\"204\">0,6 MPa \u03a66 mm PU caurules<\/td>\n<\/tr>\n<tr>\n<td style=\"text-align: center;\" width=\"135\">Parauga lielums<\/td>\n<td style=\"text-align: center;\" width=\"204\">100*100 mm vai F100 mm<\/td>\n<\/tr>\n<tr>\n<td style=\"text-align: center;\" width=\"135\">Baro\u0161anas avots<\/td>\n<td style=\"text-align: center;\" width=\"204\">mai\u0146str\u0101va 110 ~ 220 V 50 Hz<\/td>\n<\/tr>\n<\/tbody>\n<\/table>\n<p data-start=\"3853\" data-end=\"4018\">Ar t\u0101s <strong data-start=\"3862\" data-end=\"3903\">augsta jut\u012bba (0,001 J iz\u0161\u0137irtsp\u0113ja)<\/strong> un <strong data-start=\"3908\" data-end=\"3942\">pla\u0161s ener\u0123ijas diapazons (no 1 J l\u012bdz 3 J).<\/strong>, PIT-01 ir ide\u0101li piem\u0113rots gan <strong data-start=\"3973\" data-end=\"3992\">kvalit\u0101tes kontrole<\/strong> un <strong data-start=\"3997\" data-end=\"4017\">P\u0113tniec\u012bbas un izstr\u0101des lietojumprogrammas<\/strong>.<\/p>\n<h2 data-start=\"4025\" data-end=\"4078\">Testa proced\u016bras svar\u012bg\u0101kie punkti saska\u0146\u0101 ar ASTM D3420<\/h2>\n<ul>\n<li data-start=\"4082\" data-end=\"4186\"><strong data-start=\"4082\" data-end=\"4106\">Parauga sagatavo\u0161ana<\/strong>: Izmantojiet plakanas, viendab\u012bgas pl\u0113ves bez defektiem. Nepiecie\u0161ami vismaz pieci paraugi.<\/li>\n<li data-start=\"4189\" data-end=\"4260\"><strong data-start=\"4189\" data-end=\"4214\">Biezuma m\u0113r\u012b\u0161ana<\/strong>: Izm\u0113riet biezumu ar precizit\u0101ti l\u012bdz 0,00125 mm.<\/li>\n<li data-start=\"4263\" data-end=\"4384\"><strong data-start=\"4263\" data-end=\"4284\">Mont\u0101\u017ea un trieciens<\/strong>: Iestipriniet paraugu tur\u0113t\u0101j\u0101, paceliet un fiks\u0113jiet sv\u0101rstu un atlaidiet to, lai triektu uz paraugu.<\/li>\n<li data-start=\"4387\" data-end=\"4524\"><strong data-start=\"4387\" data-end=\"4405\">Datu ierakst\u012b\u0161ana<\/strong>: Uz\u0146emiet skalas r\u0101d\u012bjumu. Ja sv\u0101rsts pl\u0113vi piln\u012bb\u0101 nep\u0101rdur, palieliniet ener\u0123iju vai samaziniet pl\u0113ves biezumu.<\/li>\n<li data-start=\"4527\" data-end=\"4638\"><strong data-start=\"4527\" data-end=\"4544\">Atk\u0101rtojam\u012bba<\/strong>: Ja tiek nov\u0113rota sl\u012bd\u0113\u0161ana, atk\u0101rtojiet testu, izmantojot jaunu paraugu, un p\u0101rliecinieties, ka skavas ir pareizi pievilktas.<\/li>\n<\/ul>\n<h2 data-start=\"4645\" data-end=\"4679\">Pielietojumi da\u017e\u0101d\u0101s nozar\u0113s<\/h2>\n<p data-start=\"4681\" data-end=\"4748\">Port\u0101ls <strong data-start=\"4685\" data-end=\"4716\">pl\u0113ves sv\u0101rsta trieciena testeris<\/strong> pla\u0161i tiek izmantots:<\/p>\n<ul>\n<li data-start=\"4752\" data-end=\"4827\"><strong data-start=\"4752\" data-end=\"4774\">Elast\u012bgais iepakojums<\/strong>: Nodro\u0161ina, ka pl\u0113ves var iztur\u0113t transport\u0113\u0161anu un p\u0101rvieto\u0161anu.<\/li>\n<li data-start=\"4830\" data-end=\"4904\"><strong data-start=\"4830\" data-end=\"4851\">Medic\u012bnas iepakojums<\/strong>: Apstiprina iztur\u012bbu pret caurdur\u0161anu steril\u0101 iepakojum\u0101.<\/li>\n<li data-start=\"4907\" data-end=\"4978\"><strong data-start=\"4907\" data-end=\"4932\">P\u0101rtikas un dz\u0113rienu filmas<\/strong>: Apstiprina integrit\u0101ti pret kritieniem un triecieniem.<\/li>\n<li data-start=\"4981\" data-end=\"5068\"><strong data-start=\"4981\" data-end=\"5007\">B\u016bvmateri\u0101li<\/strong>: Test\u0113 barjerpl\u0113ves \u0113ku izol\u0101cijai un aizsardz\u012bbai.<\/li>\n<li data-start=\"5071\" data-end=\"5162\"><strong data-start=\"5071\" data-end=\"5097\">P\u0113tniec\u012bba un izstr\u0101de<\/strong>: Atbalsta jaunu materi\u0101lu formul\u0113\u0161anu un veiktsp\u0113jas sal\u012bdzino\u0161o nov\u0113rt\u0113\u0161anu.<\/li>\n<\/ul>\n<h2 data-start=\"5169\" data-end=\"5213\">K\u0101p\u0113c izv\u0113l\u0113ties PIT-01 no Cell Instruments?<\/h2>\n<p data-start=\"5215\" data-end=\"5440\">Cell Instruments\u2019 <strong data-start=\"5233\" data-end=\"5243\">PIT-01<\/strong> izce\u013cas ar savu <strong data-start=\"5266\" data-end=\"5301\">prec\u012bzi izstr\u0101d\u0101ti komponenti<\/strong>, <strong data-start=\"5303\" data-end=\"5333\">atbilst ASTM D3420 standartam<\/strong>, un <strong data-start=\"5339\" data-end=\"5362\">intuit\u012bva darb\u012bba<\/strong>. Neatkar\u012bgi no t\u0101, vai tas ir paredz\u0113ts regulat\u012bvai valid\u0101cijai vai ra\u017eo\u0161anas kvalit\u0101tes kontrolei, tas nodro\u0161ina:<\/p>\n<ul>\n<li data-start=\"5444\" data-end=\"5478\"><strong data-start=\"5444\" data-end=\"5478\">Uzticami, standartiz\u0113ti rezult\u0101ti<\/strong><\/li>\n<li data-start=\"5481\" data-end=\"5519\"><strong data-start=\"5481\" data-end=\"5519\">Samazin\u0101ts cilv\u0113ka k\u013c\u016bdu skaits, izmantojot automatiz\u0101ciju<\/strong><\/li>\n<li data-start=\"5522\" data-end=\"5559\"><strong data-start=\"5522\" data-end=\"5559\">Daudzpus\u012bba da\u017e\u0101dos pl\u0113ves materi\u0101los<\/strong><\/li>\n<li data-start=\"5562\" data-end=\"5609\"><strong data-start=\"5562\" data-end=\"5609\">Atbilst\u012bba glob\u0101laj\u0101m kvalit\u0101tes pras\u012bb\u0101m<\/strong><\/li>\n<\/ul>\n<p data-start=\"5632\" data-end=\"6042\">Port\u0101ls <strong data-start=\"5636\" data-end=\"5667\">pl\u0113ves sv\u0101rsta trieciena testeris<\/strong> ir \u013coti svar\u012bgs instruments, lai nov\u0113rt\u0113tu materi\u0101la iztur\u012bbu dinamisk\u0101s slodzes apst\u0101k\u013cos. Iev\u0113rojot <strong data-start=\"5759\" data-end=\"5773\">ASTM D3420<\/strong> standartu, t\u0101 prec\u012bzi simul\u0113 re\u0101los apst\u0101k\u013cus, lai nodro\u0161in\u0101tu, ka pl\u0113ves un elast\u012bgais iepakojums atbilst stingr\u0101m kvalit\u0101tes pras\u012bb\u0101m. Ar <strong data-start=\"5914\" data-end=\"5946\">PIT-01 no Cell Instruments<\/strong>, laboratorijas ieg\u016bst efekt\u012bvu, prec\u012bzu un atbilsto\u0161u risin\u0101jumu triecieniztur\u012bbas test\u0113\u0161anai.<\/p>\n<h2 data-start=\"6049\" data-end=\"6056\">BIE\u017d\u0100K UZDOTIE JAUT\u0100JUMI<\/h2>\n<p data-start=\"6058\" data-end=\"6226\"><strong data-start=\"6058\" data-end=\"6104\">1. K\u0101ds ir ASTM D3420 galvenais m\u0113r\u0137is?<\/strong><br data-start=\"6104\" data-end=\"6107\" \/>ASTM D3420 ir standartiz\u0113ta metode plastmasas pl\u0113vju triecieniztur\u012bbas m\u0113r\u012b\u0161anai, izmantojot sv\u0101rsta ier\u012bci.<\/p>\n<p data-start=\"6228\" data-end=\"6472\"><strong data-start=\"6228\" data-end=\"6286\">2. K\u0101das ir at\u0161\u0137ir\u012bbas starp A un B proced\u016bru?<\/strong><br data-start=\"6286\" data-end=\"6289\" \/>A proced\u016br\u0101 izmanto 60 mm diafragmu un 25,4 mm trieciena galvi\u0146u; B proced\u016br\u0101 (Spencera) izmanto 89 mm diafragmu un 19 mm galvi\u0146u. T\u0101s kalpo da\u017e\u0101diem paraugu tipiem un nav savstarp\u0113ji aizvietojamas.<\/p>\n<p data-start=\"6474\" data-end=\"6646\"><strong data-start=\"6474\" data-end=\"6530\">3. K\u0101 \u0161aj\u0101 test\u0101 apr\u0113\u0137ina trieciena ener\u0123iju?<\/strong><br data-start=\"6530\" data-end=\"6533\" \/>Trieciena ener\u0123iju apr\u0113\u0137ina, pamatojoties uz skalas r\u0101d\u012bjumiem un sv\u0101rsta jaudu, izmantojot ASTM D3420 nor\u0101d\u012bt\u0101s formulas.<\/p>\n<p data-start=\"6648\" data-end=\"6830\"><strong data-start=\"6648\" data-end=\"6701\">4. K\u0101dus materi\u0101lus var test\u0113t, izmantojot PIT-01?<\/strong><br data-start=\"6701\" data-end=\"6704\" \/>Plastmasas pl\u0113ves, lamin\u0113tas pl\u0113ves, p\u0101rkl\u0101ts pap\u012brs un citi pl\u0101ni elast\u012bgi materi\u0101li, ko izmanto iepako\u0161anai un aizsardz\u012bbai.<\/p>\n<p data-start=\"6832\" data-end=\"6975\" data-is-last-node=\"\" data-is-only-node=\"\"><strong data-start=\"6832\" data-end=\"6884\">5. K\u0101 pneimatisk\u0101 iesp\u012bl\u0113\u0161ana uzlabo precizit\u0101ti?<\/strong><br data-start=\"6884\" data-end=\"6887\" \/>Tas samazina parauga sl\u012bd\u0113\u0161anu, nodro\u0161inot konsekventu pozicion\u0113\u0161anu un uzticamus testa rezult\u0101tus.<\/p>\n<h2>L\u012bdz\u012bgi mode\u013ci un sal\u012bdzin\u0101jumi<\/h2>\n<ol>\n<li><strong>Trieciena testeris ar kr\u012bto\u0161u \u0161auteni (FDT-01)<\/strong><br \/>\nPort\u0101ls <strong><a href=\"https:\/\/www.qualitester.com\/lv\/products-2\/fdt-01-polypropylene-film-drop-dart-tester\/\" target=\"_blank\" rel=\"noopener\">Kr\u012bto\u0161o \u0161autri\u0146u trieciena testeris<\/a> (FDT-01)<\/strong> ir v\u0113l viena pla\u0161i izmantota triecientestu ier\u012bce, kur\u0101 materi\u0101la triecieniztur\u012bbas m\u0113r\u012b\u0161anai izmanto kr\u012bto\u0161u \u0161autri\u0146u. At\u0161\u0137ir\u012bb\u0101 no sv\u0101rsta metodes kr\u012bto\u0161\u0101 \u0161autri\u0146as testeris ir paredz\u0113ts t\u0101du materi\u0101lu nov\u0113rt\u0113\u0161anai, kas ir pak\u013cauti caurdur\u0161anai trieciena laik\u0101.<\/li>\n<li><strong>Kr\u012bto\u0161o bumbi\u0146u trieciena testeris (FBT-01)<\/strong><br \/>\nPort\u0101ls <strong><a href=\"https:\/\/www.qualitester.com\/lv\/products-2\/fbt-01-impact-testing-machine-falling-ball-impact-cardboard\/\" target=\"_blank\" rel=\"noopener\">Kr\u012bto\u0161o bumbi\u0146u trieciena testeris<\/a> (FBT-01)<\/strong> test\u0113 materi\u0101lus, no noteikta augstuma metot t\u0113rauda lod\u012bti uz parauga. \u0160o metodi bie\u017ei izmanto, test\u0113jot materi\u0101lus ar liel\u0101ku biezumu vai ciet\u012bbu.<\/li>\n<li><strong>\u0160arpija un Izoda trieciena testeri<\/strong><br \/>\nPort\u0101ls <strong><a href=\"https:\/\/www.qualitester.com\/lv\/products-2\/phs-01-electrical-equipment-pendulum-impact-tester\/\" target=\"_blank\" rel=\"noopener\">\u0160arpija un Izoda trieciena testeris<\/a><\/strong>\u00a0izmanto materi\u0101lu, \u012bpa\u0161i met\u0101lu un plastmasas, triecieniztur\u012bbas m\u0113r\u012b\u0161anai. \u0160\u012bm metod\u0113m izmanto at\u0161\u0137ir\u012bgu pieeju, kad paraugs ar iegriezumiem tiek pak\u013cauts \u0161\u016bpolam, bet t\u0101s bie\u017ei vien tiek sal\u012bdzin\u0101tas ar sv\u0101rsta trieciena testiem noteiktos lietojumos.<\/li>\n<\/ol>","protected":false},"excerpt":{"rendered":"<p>PIT-01 sv\u0101rsta trieciena testeris ir paredz\u0113ts, lai izm\u0113r\u012btu ener\u0123iju, kas vajadz\u012bga, lai p\u0101rspr\u0101gtu un iek\u013c\u016btu parauga centr\u0101.<\/p>","protected":false},"featured_media":5994,"comment_status":"closed","ping_status":"closed","template":"","meta":{"site-sidebar-layout":"default","site-content-layout":"default","ast-global-header-display":"","ast-main-header-display":"","ast-hfb-above-header-display":"","ast-hfb-below-header-display":"","ast-hfb-mobile-header-display":"","site-post-title":"disabled","ast-breadcrumbs-content":"","ast-featured-img":"disabled","footer-sml-layout":"","theme-transparent-header-meta":"default","adv-header-id-meta":"","stick-header-meta":"","header-above-stick-meta":"","header-main-stick-meta":"","header-below-stick-meta":""},"product_cat":[845,684,44,16,127,95],"product_tag":[],"class_list":{"0":"post-1792","1":"product","2":"type-product","3":"status-publish","4":"has-post-thumbnail","6":"product_cat-customization","7":"product_cat-impact-tester","8":"product_cat-paper-and-board-testers","9":"product_cat-plastic-packaging-testers","10":"product_cat-astm-d3420","11":"product_cat-products","12":"desktop-align-left","13":"tablet-align-left","14":"mobile-align-left","16":"first","17":"instock","18":"shipping-taxable","19":"product-type-simple"},"_links":{"self":[{"href":"https:\/\/www.qualitester.com\/lv\/wp-json\/wp\/v2\/product\/1792","targetHints":{"allow":["GET"]}}],"collection":[{"href":"https:\/\/www.qualitester.com\/lv\/wp-json\/wp\/v2\/product"}],"about":[{"href":"https:\/\/www.qualitester.com\/lv\/wp-json\/wp\/v2\/types\/product"}],"replies":[{"embeddable":true,"href":"https:\/\/www.qualitester.com\/lv\/wp-json\/wp\/v2\/comments?post=1792"}],"version-history":[{"count":0,"href":"https:\/\/www.qualitester.com\/lv\/wp-json\/wp\/v2\/product\/1792\/revisions"}],"wp:featuredmedia":[{"embeddable":true,"href":"https:\/\/www.qualitester.com\/lv\/wp-json\/wp\/v2\/media\/5994"}],"wp:attachment":[{"href":"https:\/\/www.qualitester.com\/lv\/wp-json\/wp\/v2\/media?parent=1792"}],"wp:term":[{"taxonomy":"product_cat","embeddable":true,"href":"https:\/\/www.qualitester.com\/lv\/wp-json\/wp\/v2\/product_cat?post=1792"},{"taxonomy":"product_tag","embeddable":true,"href":"https:\/\/www.qualitester.com\/lv\/wp-json\/wp\/v2\/product_tag?post=1792"}],"curies":[{"name":"wp","href":"https:\/\/api.w.org\/{rel}","templated":true}]}}