{"id":1596,"date":"2023-04-25T10:41:14","date_gmt":"2023-04-25T02:41:14","guid":{"rendered":"https:\/\/www.qualitester.com\/?post_type=product&#038;p=1596"},"modified":"2025-01-13T16:59:36","modified_gmt":"2025-01-13T08:59:36","slug":"gel-strength-tester-gst-01","status":"publish","type":"product","link":"https:\/\/www.qualitester.com\/lv\/products-2\/gel-strength-tester-gst-01\/","title":{"rendered":"GST-01 \u017eelejas stipr\u012bbas testeris"},"content":{"rendered":"<div class=\"flex flex-grow flex-col max-w-full\">\n<div class=\"min-h-[20px] text-message flex flex-col items-start whitespace-pre-wrap break-words [.text-message+&amp;]:mt-5 juice:w-full juice:items-end overflow-x-auto gap-2\" dir=\"auto\" data-message-author-role=\"assistant\" data-message-id=\"eb5e23d0-8601-4a2a-8e4f-fedfd0d9ac96\">\n<div class=\"flex w-full flex-col gap-1 juice:empty:hidden juice:first:pt-[3px]\">\n<div class=\"markdown prose w-full break-words dark:prose-invert light\">\n<h2>I. Ievads \u017eelejas stipr\u012bbas tester\u012b<\/h2>\n<p>Port\u0101ls <strong>\u017eelejas stipr\u012bbas testeris<\/strong> ir specializ\u0113ts instruments, kas paredz\u0113ts g\u0113lu ciet\u012bbas un konsistences m\u0113r\u012b\u0161anai da\u017e\u0101d\u0101s nozar\u0113s. Bloom testerim ir b\u016btiska noz\u012bme produktu kvalit\u0101tes un konsekvences nodro\u0161in\u0101\u0161an\u0101, un tam ir iz\u0161\u0137iro\u0161a noz\u012bme da\u017e\u0101d\u0101s nozar\u0113s. T\u0101 galvenais pielietojums ir p\u0101rtikas nozar\u0113, jo \u012bpa\u0161i, m\u0113rot \u017eelejas stipr\u012bbu surimi produktiem, piem\u0113ram, krabju ga\u013cas imit\u0101cijai, kas tie\u0161i ietekm\u0113 tekst\u016bru un pat\u0113r\u0113t\u0101ju apmierin\u0101t\u012bbu.<\/p>\n<h2>II. \u017delat\u012bna zied\u0113\u0161anas stiprums<\/h2>\n<p>\u017delejas iztur\u012bba ir b\u016btisks kvalit\u0101tes parametrs, kas tie\u0161i ietekm\u0113 produktu tekst\u016bru, veiktsp\u0113ju un pat\u0113r\u0113t\u0101ju pie\u0146em\u0161anu. Piem\u0113ram, p\u0101rtikas r\u016bpniec\u012bb\u0101 \u017eelat\u012bna vai surimi produktu ciet\u012bba ietekm\u0113 to gar\u0161as saj\u016btu, stingr\u012bbu un visp\u0101r\u0113jo organoleptisko pievilc\u012bbu. L\u012bdz\u012bgi ar\u012b farm\u0101cij\u0101 konsekventas \u017eelejas formulas ir \u013coti svar\u012bgas efekt\u012bvai medikamentu pieg\u0101dei.<\/p>\n<h3>G\u0113la stipruma defin\u012bcija<\/h3>\n<p>G\u0113la iztur\u012bba ir gela sp\u0113ja pretoties deform\u0101cijai pielikt\u0101 sp\u0113ka ietekm\u0113. To izsaka g-cm, kas ir sp\u0113ka un att\u0101luma reizin\u0101jums. Tas ir b\u016btisks kvalit\u0101tes parametrs, jo \u012bpa\u0161i p\u0101rtikas r\u016bpniec\u012bb\u0101, kur t\u0101du produktu k\u0101 surimi konsistence un stingr\u012bba ir \u013coti svar\u012bga pat\u0113r\u0113t\u0101jiem. . <strong>izm\u0113r\u012bt gela stipr\u012bbu<\/strong> attiecas ar\u012b uz cit\u0101m nozar\u0113m, piem\u0113ram, farm\u0101cijas nozari, kur t\u0101 nodro\u0161ina g\u0113la z\u0101\u013cu konsekvenci un efektivit\u0101ti.<\/p>\n<h3>Bloom stipruma defin\u012bcija<\/h3>\n<p>Bl\u016bma iztur\u012bba ir \u012bpa\u0161s gela stingr\u012bbas m\u0113rs, ko defin\u0113 k\u0101 svaru gramos, kas nepiecie\u0161ams, lai gela virsmu nospiestu par 4 mm. To pla\u0161i izmanto \u017eelat\u012bna r\u016bpniec\u012bb\u0101, lai nov\u0113rt\u0113tu produkta kvalit\u0101ti un konsistenci.<\/p>\n<h3>Lietojumprogrammu piem\u0113ri<\/h3>\n<ul>\n<li><strong>Surimi r\u016bpniec\u012bba<\/strong>: Krabju ga\u013cas imit\u0101cijas ra\u017eo\u0161an\u0101 \u017eelejas stiprums nosaka produkta tekst\u016bru un kvalit\u0101ti.<\/li>\n<li><strong>Farmaceitiskie produkti<\/strong>: Nodro\u0161ina \u017eelejveida z\u0101\u013cu konsekvenci.<\/li>\n<li><strong>L\u012bmes un citas nozares<\/strong>: Izstr\u0101d\u0101juma veiktsp\u0113jas un pielietojuma kritisk\u0101 noz\u012bme.<\/li>\n<\/ul>\n<div class=\"ast-oembed-container\" style=\"height: 100%;\"><iframe title=\"G\u0113la iztur\u012bbas testeris | Tekst\u016bras anal\u012bze\" width=\"500\" height=\"281\" src=\"https:\/\/www.youtube.com\/embed\/SdmIrfBA4P4?feature=oembed\" frameborder=\"0\" allow=\"accelerometer; autoplay; clipboard-write; encrypted-media; gyroscope; picture-in-picture; web-share\" referrerpolicy=\"strict-origin-when-cross-origin\" allowfullscreen><\/iframe><\/div>\n<h2>III. Blooma testera galven\u0101s funkcijas<\/h2>\n<h3>Testa priek\u0161meti<\/h3>\n<ul>\n<li><strong>SVARS<\/strong>: Lai izm\u0113r\u012btu att\u0101lumu pie noteiktas slodzes<\/li>\n<li><strong>PEAK<\/strong>: G\u0113la iztur\u012bbas m\u0113r\u012b\u0161anai<\/li>\n<li><strong>ATT\u0100LUMS<\/strong>: Lai m\u0113r\u012btu slodzi noteikt\u0101 att\u0101lum\u0101<\/li>\n<li><strong>BLOOM<\/strong> <strong>STRENGTH<\/strong>: Lai izm\u0113r\u012btu svaru gramos, kas nepiecie\u0161ams, lai gela virsmu nospiestu par 4 mm.<\/li>\n<\/ul>\n<h3>Tehnisk\u0101s specifik\u0101cijas<\/h3>\n<p>Bloom testeris ir prec\u012bzi un iztur\u012bgi konstru\u0113ts. T\u0101 tehniskaj\u0101s specifik\u0101cij\u0101s ietilpst:<\/p>\n<table width=\"465\">\n<tbody>\n<tr>\n<td width=\"181\">Testa diapazons<\/td>\n<td width=\"284\">0-50N (vai p\u0113c vajadz\u012bbas)<\/td>\n<\/tr>\n<tr>\n<td>Insults<\/td>\n<td>110 mm (bez zondes)<\/td>\n<\/tr>\n<tr>\n<td>Testa \u0101trums<\/td>\n<td>1 ~ 100 mm\/min<\/td>\n<\/tr>\n<tr>\n<td>Izspie\u0161anas precizit\u0101te<\/td>\n<td>0,01 mm<\/td>\n<\/tr>\n<tr>\n<td>Precizit\u0101te<\/td>\n<td>0,5% F.S.<\/td>\n<\/tr>\n<tr>\n<td>Vad\u012bba<\/td>\n<td>PLC un cilv\u0113ka un ma\u0161\u012bnas saskarne<\/td>\n<\/tr>\n<tr>\n<td>Izvades<\/td>\n<td>Ekr\u0101ns, mikroprinteris, RS232 (p\u0113c izv\u0113les)<\/td>\n<\/tr>\n<\/tbody>\n<\/table>\n<h3>Bloom testera tehnisk\u0101 funkcija<\/h3>\n<ul>\n<li><strong>PLC kontrol\u0113ta vien\u012bba<\/strong>: Pied\u0101v\u0101 r\u016bpnieciska l\u012bme\u0146a stabilit\u0101ti ar HMI sk\u0101rienekr\u0101na darb\u012bbu.<\/li>\n<li><strong>7 collu HMI sk\u0101rienekr\u0101ns<\/strong>: Nodro\u0161ina lietot\u0101jam draudz\u012bgu saskarni un vienk\u0101r\u0161u lieto\u0161anu.<\/li>\n<li><strong>Prec\u012bzs lod\u012b\u0161u svina skr\u016bves meh\u0101nisms<\/strong>: Nodro\u0161ina prec\u012bzu \u0101truma un p\u0101rvietojuma kontroli.<\/li>\n<li><strong>\u012apa\u0161i izstr\u0101d\u0101ta programma<\/strong>: Palielina elast\u012bbu da\u017e\u0101du gela iztur\u012bbas testu veik\u0161an\u0101.<\/li>\n<li><strong>Vair\u0101ki \u0137erme\u0146i<\/strong>: \u013bauj veikt da\u017e\u0101das tekst\u016bras anal\u012bzes.<\/li>\n<li><strong>Dro\u0161\u012bbas l\u012bdzek\u013ci<\/strong>: Ietver kust\u012bbas ierobe\u017eojuma aizsardz\u012bbu, autom\u0101tisko atgrie\u0161anos un slodzes elementu aizsardz\u012bbas v\u0101ku.<\/li>\n<li><strong>Vair\u0101ki testa elementi<\/strong>: Prec\u012bzi m\u0113ra svaru, maksimumu un att\u0101lumu.<\/li>\n<li><strong>Dot matricas tipa mikroprinteris<\/strong>: Atvieglo t\u016bl\u012bt\u0113ju testu rezult\u0101tu izdruku.<\/li>\n<li><strong>RS 232 ports un profesion\u0101l\u0101 programmat\u016bra<\/strong>: (P\u0113c izv\u0113les) Papla\u0161in\u0101tai datu p\u0101rvald\u012bbai.<\/li>\n<\/ul>\n<h4>Piel\u0101go\u0161ana<\/h4>\n<p>GST-01 pied\u0101v\u0101 piel\u0101gojamus iestat\u012bjumus, kas piel\u0101goti konkr\u0113t\u0101m test\u0113\u0161anas vajadz\u012bb\u0101m. Tas \u013cauj piel\u0101got test\u0113\u0161anas priek\u0161metus un zondes, lai piel\u0101gotos da\u017e\u0101d\u0101m gela stipr\u012bbas un tekst\u016bras anal\u012bz\u0113m.<\/p>\n<h3>IV. Bloom stipr\u012bbas test\u0113\u0161anas process<\/h3>\n<p>G\u0113la stipr\u012bbas test\u0101 ar noteikta diametra un garuma caurumo\u0161anas zondi saspie\u017e gela parauga virsmu. Standarta iestat\u012bjumi ir \u0161\u0101di:<\/p>\n<ul>\n<li><strong>Zondes diametrs<\/strong>: 5 mm<\/li>\n<li><strong>Kompresijas \u0101trums<\/strong>: 60 mm\/min<\/li>\n<li><strong>M\u0113rvien\u012bba<\/strong>: g-cm (sp\u0113ks \u00d7 att\u0101lums)<\/li>\n<\/ul>\n<p>Tiek re\u0123istr\u0113ts sp\u0113ks, kas tiek pielietots, l\u012bdz g\u0113ls tiek p\u0101rdurts, t\u0101d\u0113j\u0101di prec\u012bzi nosakot t\u0101 sp\u0113ku.<\/p>\n<h3>V. GST-01 \u017eelejas stipr\u012bbas testera lietojumi<\/h3>\n<h4>P\u0101rtikas r\u016bpniec\u012bba<\/h4>\n<ul>\n<li><strong>Kvalit\u0101tes kontrole surimi ra\u017eo\u0161an\u0101<\/strong>: Nodro\u0161ina nemain\u012bgu produktu, piem\u0113ram, krabju ga\u013cas imit\u0101cijas, tekst\u016bru un kvalit\u0101ti.<\/li>\n<li><strong>G\u0113la p\u0101rtikas produktu konsistences p\u0101rbaudes<\/strong>: B\u016btiski svar\u012bgi, lai uztur\u0113tu produktu standartus da\u017e\u0101dos \u017eelejveida p\u0101rtikas produktos.<\/li>\n<\/ul>\n<h4>Medic\u012bnas un farm\u0101cijas nozare<\/h4>\n<ul>\n<li><strong>G\u0113la b\u0101zes medic\u012bnisko izstr\u0101d\u0101jumu test\u0113\u0161ana<\/strong>: Nodro\u0161ina g\u0113la b\u0101zes medic\u012bnisko produktu efektivit\u0101ti un konsekvenci.<\/li>\n<li><strong>Farmaceitiskie lietojumi<\/strong>: Nodro\u0161ina kvalit\u0101tes kontroli \u017eelejveida farmaceitiskos produktos.<\/li>\n<\/ul>\n<h3>VI. BIE\u017dI UZDOTIE JAUT\u0100JUMI<\/h3>\n<h4>1. Kas ir gela iztur\u012bba un k\u0101p\u0113c t\u0101 ir svar\u012bga?<\/h4>\n<p><strong>G\u0113la iztur\u012bba<\/strong> m\u0113ra gela sp\u0113ju pretoties deform\u0101cijai sp\u0113ka iedarb\u012bb\u0101, kas ir \u013coti svar\u012bgi, lai noteiktu tekst\u016bru un kvalit\u0101ti p\u0101rtikas un farm\u0101cijas produktos.<\/p>\n<h4>2. K\u0101 darbojas GST-01 \u017eelejas stipr\u012bbas testeris?<\/h4>\n<p>GST-01 izmanto caurumo\u0161anas zondi, lai saspiestu gela virsmu ar nemain\u012bgu deform\u0101cijas \u0101trumu l\u012bdz caurdur\u0161anai, re\u0123istr\u0113jot sp\u0113ku un att\u0101lumu, lai apr\u0113\u0137in\u0101tu gela iztur\u012bbu.<\/p>\n<h4>3. K\u0101das ir GST-01 galven\u0101s funkcijas?<\/h4>\n<p>GST-01 ir apr\u012bkots ar 7 collu HMI sk\u0101rienekr\u0101nu, prec\u012bzu lod\u012b\u0161u skr\u016bves meh\u0101nismu, vair\u0101kiem stiprin\u0101jumiem un dro\u0161\u012bbas funkcij\u0101m, kas padara to \u013coti prec\u012bzu un lietot\u0101jam draudz\u012bgu.<\/p>\n<h4>4. Vai GST-01 var piel\u0101got konkr\u0113tiem testiem?<\/h4>\n<p>J\u0101, GST-01 pied\u0101v\u0101 piel\u0101gojamus iestat\u012bjumus un zondes, lai apmierin\u0101tu \u012bpa\u0161as test\u0113\u0161anas vajadz\u012bbas, t\u0101d\u0113j\u0101di padarot to univers\u0101lu da\u017e\u0101diem lietojumiem.<\/p>\n<h4>5. Kas ir ziedu iztur\u012bba gela iztur\u012bbas test\u0113\u0161an\u0101?<\/h4>\n<p>Bloom stipr\u012bba ir \u017eelejas, parasti \u017eelat\u012bna, stingr\u012bbas m\u0113rs, un to nosaka k\u0101 svaru gramos, kas nepiecie\u0161ams, lai standarta virzuli ieb\u012bd\u012btu \u017eelej\u0101 4 mm dzi\u013cum\u0101. Tas ir galvenais parametrs p\u0101rtikas r\u016bpniec\u012bb\u0101, lai noteiktu \u017eelat\u012bna produktu kvalit\u0101ti un ciet\u0113\u0161anas \u012bpa\u0161\u012bbas.<\/p>\n<h2>Saist\u012btie raksti un produkti<\/h2>\n<p>TEX-01 <a href=\"https:\/\/www.qualitester.com\/lv\/products-2\/sale-cheap-texture-analyser\/\" target=\"_blank\" rel=\"noopener\">Tekst\u016bras analizators<\/a><\/p>\n<\/div>\n<\/div>\n<\/div>\n<\/div>","protected":false},"excerpt":{"rendered":"<p>Port\u0101ls <strong>GST-01 \u017eelejas stipr\u012bbas testeris<\/strong> ir m\u016bsdien\u012bgs instruments, kas paredz\u0113ts prec\u012bzai gela stipr\u012bbas m\u0113r\u012b\u0161anai. GST-01 ir \u013coti svar\u012bgs, lai nodro\u0161in\u0101tu produktu kvalit\u0101ti un konsekvenci, un tam ir iz\u0161\u0137iro\u0161a noz\u012bme da\u017e\u0101d\u0101s r\u016bpniec\u012bbas nozar\u0113s. T\u0101 galvenais pielietojums ir p\u0101rtikas nozar\u0113, jo \u012bpa\u0161i, m\u0113rot \u017eelejas stipr\u012bbu surimi produktiem, piem\u0113ram, krabju ga\u013cas imit\u0101cijai, kas tie\u0161i ietekm\u0113 tekst\u016bru un pat\u0113r\u0113t\u0101ju apmierin\u0101t\u012bbu.<\/p>","protected":false},"featured_media":6013,"comment_status":"closed","ping_status":"closed","template":"","meta":{"site-sidebar-layout":"default","site-content-layout":"default","ast-global-header-display":"","ast-main-header-display":"","ast-hfb-above-header-display":"","ast-hfb-below-header-display":"","ast-hfb-mobile-header-display":"","site-post-title":"disabled","ast-breadcrumbs-content":"","ast-featured-img":"disabled","footer-sml-layout":"","theme-transparent-header-meta":"default","adv-header-id-meta":"","stick-header-meta":"","header-above-stick-meta":"","header-main-stick-meta":"","header-below-stick-meta":""},"product_cat":[845,929,928,95],"product_tag":[],"class_list":{"0":"post-1596","1":"product","2":"type-product","3":"status-publish","4":"has-post-thumbnail","6":"product_cat-customization","7":"product_cat-gel-strength-tester","8":"product_cat-tpa-texture-analyzer","9":"product_cat-products","10":"desktop-align-left","11":"tablet-align-left","12":"mobile-align-left","14":"first","15":"instock","16":"shipping-taxable","17":"product-type-simple"},"_links":{"self":[{"href":"https:\/\/www.qualitester.com\/lv\/wp-json\/wp\/v2\/product\/1596","targetHints":{"allow":["GET"]}}],"collection":[{"href":"https:\/\/www.qualitester.com\/lv\/wp-json\/wp\/v2\/product"}],"about":[{"href":"https:\/\/www.qualitester.com\/lv\/wp-json\/wp\/v2\/types\/product"}],"replies":[{"embeddable":true,"href":"https:\/\/www.qualitester.com\/lv\/wp-json\/wp\/v2\/comments?post=1596"}],"version-history":[{"count":0,"href":"https:\/\/www.qualitester.com\/lv\/wp-json\/wp\/v2\/product\/1596\/revisions"}],"wp:featuredmedia":[{"embeddable":true,"href":"https:\/\/www.qualitester.com\/lv\/wp-json\/wp\/v2\/media\/6013"}],"wp:attachment":[{"href":"https:\/\/www.qualitester.com\/lv\/wp-json\/wp\/v2\/media?parent=1596"}],"wp:term":[{"taxonomy":"product_cat","embeddable":true,"href":"https:\/\/www.qualitester.com\/lv\/wp-json\/wp\/v2\/product_cat?post=1596"},{"taxonomy":"product_tag","embeddable":true,"href":"https:\/\/www.qualitester.com\/lv\/wp-json\/wp\/v2\/product_tag?post=1596"}],"curies":[{"name":"wp","href":"https:\/\/api.w.org\/{rel}","templated":true}]}}