{"id":1516,"date":"2023-04-23T13:57:31","date_gmt":"2023-04-23T05:57:31","guid":{"rendered":"https:\/\/www.qualitester.com\/?post_type=product&#038;p=1516"},"modified":"2026-04-23T10:05:49","modified_gmt":"2026-04-23T02:05:49","slug":"film-free-shrink-tester-fst-01","status":"publish","type":"product","link":"https:\/\/www.qualitester.com\/lv\/products-2\/film-free-shrink-tester-fst-01\/","title":{"rendered":"FST-01 pl\u0113ves nesa\u0161aurin\u0101m\u0101s sarau\u0161an\u0101s testeris"},"content":{"rendered":"<h2>1. Ievads par pl\u0113ves nesa\u0161aurin\u0101mo sarau\u0161an\u0101s testeri<\/h2>\n<p>Port\u0101ls <strong>Bez pl\u0113ves sarau\u0161an\u0101s testeris<\/strong> ir moderns instruments, kas paredz\u0113ts plastmasas pl\u0113vju sarau\u0161an\u0101s \u012bpa\u0161\u012bbu m\u0113r\u012b\u0161anai karstuma ietekm\u0113. \u0160ai ier\u012bcei ir iz\u0161\u0137iro\u0161a noz\u012bme, lai nodro\u0161in\u0101tu materi\u0101lu kvalit\u0101ti un veiktsp\u0113ju da\u017e\u0101d\u0101s nozar\u0113s, tostarp iepakojuma, p\u0101rtikas, medic\u012bnas un farm\u0101cijas nozar\u0113. Nov\u0113rt\u0113jot pl\u0113vju sarau\u0161anos karstum\u0101, ra\u017eot\u0101ji var optimiz\u0113t savu produktu iztur\u012bbu un efektivit\u0101ti, iev\u0113rojot gan nozares standartus, gan pat\u0113r\u0113t\u0101ju v\u0113lmes.<\/p>\n<p><img fetchpriority=\"high\" decoding=\"async\" class=\"aligncenter wp-image-4262\" src=\"https:\/\/www.qualitester.com\/wp-content\/uploads\/2023\/04\/ASTM-D2732-film-free-shrink-tester.jpg\" alt=\"ASTM D2732 pl\u0113ves bez pl\u0113ves sarau\u0161an\u0101s testeris\" width=\"450\" height=\"450\" srcset=\"https:\/\/www.qualitester.com\/wp-content\/uploads\/2023\/04\/ASTM-D2732-film-free-shrink-tester.jpg 600w, https:\/\/www.qualitester.com\/wp-content\/uploads\/2023\/04\/ASTM-D2732-film-free-shrink-tester-300x300.jpg 300w, https:\/\/www.qualitester.com\/wp-content\/uploads\/2023\/04\/ASTM-D2732-film-free-shrink-tester-150x150.jpg 150w, https:\/\/www.qualitester.com\/wp-content\/uploads\/2023\/04\/ASTM-D2732-film-free-shrink-tester-100x100.jpg 100w\" sizes=\"(max-width: 450px) 100vw, 450px\" \/><\/p>\n<h2>2. Produkta \u012bpa\u0161\u012bbas<\/h2>\n<h3>(1) Tehnisk\u0101s specifik\u0101cijas<\/h3>\n<table width=\"308\">\n<tbody>\n<tr>\n<td width=\"150\">Parauga lielums<\/td>\n<td width=\"158\">\u2264160 mm x 160 mm<\/td>\n<\/tr>\n<tr>\n<td>Temperat\u016bras diapazons<\/td>\n<td>Apk\u0101rt\u0113j\u0101 vide ~ 200\u00b0C<\/td>\n<\/tr>\n<tr>\n<td>Precizit\u0101te<\/td>\n<td>\u00b10.3\u00b0C<\/td>\n<\/tr>\n<tr>\n<td>Dimensija<\/td>\n<td>37*44*28 LWH cm<\/td>\n<\/tr>\n<tr>\n<td>Baro\u0161anas avots<\/td>\n<td>220V 50Hz<\/td>\n<\/tr>\n<\/tbody>\n<\/table>\n<h3>(2) Uzticams instruments<\/h3>\n<h4><strong>Precizit\u0101te un uzticam\u012bba<\/strong><\/h4>\n<p>Bezpl\u0113ves sarau\u0161an\u0101s testeris nodro\u0161ina nep\u0101rsp\u0113jamu precizit\u0101ti un uzticam\u012bbu. Augstas precizit\u0101tes temperat\u016bras kontroles sist\u0113ma nodro\u0161ina nemain\u012bgus test\u0113\u0161anas apst\u0101k\u013cus, t\u0101d\u0113j\u0101di katru reizi nodro\u0161inot atk\u0101rtojamus rezult\u0101tus. \u0160\u012b precizit\u0101te ir \u013coti svar\u012bga, lai saglab\u0101tu testa integrit\u0101ti un nodro\u0161in\u0101tu, ka ieg\u016btie dati ir ticami un izmantojami.<\/p>\n<h4><strong>Lietot\u0101jam draudz\u012bga saskarne<\/strong><\/h4>\n<p>Pl\u0113ves nesa\u0161aurin\u0101m\u0101s sarau\u0161an\u0101s testerim, kas izstr\u0101d\u0101ts, \u0146emot v\u0113r\u0101 lieto\u0161anas \u0113rtumu, ir intuit\u012bvs vad\u012bbas panelis, kas vienk\u0101r\u0161o test\u0113\u0161anas procesu. Digit\u0101lais displejs nodro\u0161ina skaidru un kodol\u012bgu datu re\u0123istr\u0113\u0161anu, t\u0101d\u0113j\u0101di operatoriem ir viegli uzraudz\u012bt un re\u0123istr\u0113t testu rezult\u0101tus. \u0160\u012b lietot\u0101jam draudz\u012bg\u0101 saskarne samazina m\u0101c\u012b\u0161an\u0101s sl\u012bpumu un palielina test\u0113\u0161anas procesa efektivit\u0101ti.<\/p>\n<h3>(3) Visaptvero\u0161s pakalpojums - piel\u0101go\u0161anas iesp\u0113jas<\/h3>\n<h4><strong>Piel\u0101goti risin\u0101jumi \u012bpa\u0161\u0101m test\u0113\u0161anas vajadz\u012bb\u0101m<\/strong><\/h4>\n<p>Cell Instruments saprot, ka da\u017e\u0101d\u0101s nozar\u0113s ir unik\u0101las test\u0113\u0161anas pras\u012bbas. T\u0101p\u0113c m\u0113s pied\u0101v\u0101jam piel\u0101gotus risin\u0101jumus, lai apmierin\u0101tu \u012bpa\u0161as vajadz\u012bbas. Neatkar\u012bgi no t\u0101, vai tas ir testera piel\u0101go\u0161ana konkr\u0113tiem pl\u0113vju veidiem vai t\u0101 integr\u0113\u0161ana eso\u0161aj\u0101s automatiz\u0113taj\u0101s sist\u0113m\u0101s, m\u016bsu komanda var p\u0101rveidot instrumentu, lai tas prec\u012bzi atbilstu j\u016bsu specifik\u0101cij\u0101m.<\/p>\n<h4><strong>Integr\u0101cija ar automatiz\u0113t\u0101m sist\u0113m\u0101m<\/strong><\/h4>\n<p>M\u016bsu bezpl\u0113ves sarau\u0161an\u0101s testeri var viegli integr\u0113t automatiz\u0113t\u0101s test\u0113\u0161anas sist\u0113m\u0101s, palielinot produktivit\u0101ti un precizit\u0101ti. \u0160\u012b integr\u0101cija \u013cauj veikt nep\u0101rtrauktu test\u0113\u0161anu un uzraudz\u012bbu, kas ir b\u016btiski liela apjoma ra\u017eo\u0161anas vid\u0113s.<\/p>\n<h2>3. Test\u0113\u0161anas metodes<\/h2>\n<h3>(1) P\u0101rskats par pl\u0113ves sarau\u0161an\u0101s testu bez pl\u0113ves<\/h3>\n<h4><strong>Testa m\u0113r\u0137is<\/strong><\/h4>\n<p>Pl\u0113ves sarau\u0161an\u0101s testa galvenais m\u0113r\u0137is ir noteikt, k\u0101 plastmasas pl\u0113ves rea\u0123\u0113 uz karstumu. \u0160is tests ir \u013coti svar\u012bgs, lai izprastu materi\u0101lu termisk\u0101s \u012bpa\u0161\u012bbas, kas var ietekm\u0113t to veiktsp\u0113ju re\u0101los lietojumos.<\/p>\n<h4><strong>Test\u0113to pl\u0113vju veidi<\/strong><\/h4>\n<p>Bezpl\u0113ves sarau\u0161an\u0101s testeris ir piem\u0113rots pla\u0161am pl\u0113vju kl\u0101stam, tostarp iepakojuma materi\u0101liem, p\u0101rtikas iepakojuma pl\u0113v\u0113m, medic\u012bnas ier\u012b\u010du iepakojumam, farmaceitiskajam iepakojumam, l\u012bmpl\u0113v\u0113m un tekstilizstr\u0101d\u0101jumiem. Katram pl\u0113ves veidam ir specifiskas \u012bpa\u0161\u012bbas, kas j\u0101nov\u0113rt\u0113, lai nodro\u0161in\u0101tu optim\u0101lu veiktsp\u0113ju.<\/p>\n<h3>(2) ASTM D2732 standarts<\/h3>\n<h4><strong>Standarta apraksts<\/strong><\/h4>\n<p><a href=\"https:\/\/www.qualitester.com\/lv\/standards\/astm-d2732\/\" target=\"_blank\" rel=\"noopener\">ASTM D2732<\/a> ir standartiz\u0113ta testa metode, ko izmanto, lai noteiktu plastmasas pl\u0113vju br\u012bvo sarau\u0161anos noteikt\u0101 temperat\u016br\u0101. \u0160is standarts nodro\u0161ina konsekventu pamatu testa veik\u0161anai, nodro\u0161inot, ka rezult\u0101ti ir sal\u012bdzin\u0101mi da\u017e\u0101d\u0101s laboratorij\u0101s un lietojumos.<\/p>\n<h4><strong>Testa proced\u016bras izkl\u0101sts<\/strong><\/h4>\n<h5><strong>Parauga sagatavo\u0161ana<\/strong><\/h5>\n<p>Paraugi tiek sagriezti prec\u012bz\u0101 izm\u0113r\u0101 un form\u0101, parasti tie ir kvadr\u0101ti vai taisnst\u016bri. Lai rezult\u0101ti b\u016btu prec\u012bzi un atspogu\u013cotu materi\u0101la \u012bpa\u0161\u012bbas, ir svar\u012bgi tos pareizi sagatavot.<\/p>\n<h5><strong>Test\u0113\u0161anas nosac\u012bjumi<\/strong><\/h5>\n<p>Testa laik\u0101 paraugus uzkars\u0113 l\u012bdz iepriek\u0161 noteiktai temperat\u016brai. Pl\u0113ves nesa\u0161aurin\u0101m\u0101s sarau\u0161an\u0101s testera prec\u012bz\u0101 temperat\u016bras kontrole nodro\u0161ina, ka paraugi tiek pak\u013cauti prec\u012bziem apst\u0101k\u013ciem, kas noteikti ASTM D2732 standart\u0101.<\/p>\n<h5><strong>M\u0113r\u012bjumi un anal\u012bze<\/strong><\/h5>\n<p>P\u0113c kars\u0113\u0161anas paraugus m\u0113ra, lai noteiktu sarau\u0161an\u0101s pak\u0101pi. Lai apr\u0113\u0137in\u0101tu sarau\u0161an\u0101s procentu\u0101lo daudzumu, sal\u012bdzina izm\u0113rus pirms un p\u0113c testa. \u0160ie dati sniedz ieskatu par pl\u0113ves termisko uzved\u012bbu un piem\u0113rot\u012bbu konkr\u0113tiem lietojumiem.<\/p>\n<h2>4. R\u016bpniec\u012bbas lietojumprogrammas<\/h2>\n<p>Bezpl\u0113ves sarau\u0161an\u0101s testeris ir svar\u012bgs da\u017e\u0101d\u0101m nozar\u0113m, no kur\u0101m katrai ir unik\u0101las pras\u012bbas attiec\u012bb\u0101 uz materi\u0101lu veiktsp\u0113ju.<\/p>\n<h3>(1) Iepakojuma materi\u0101li<\/h3>\n<p>Iepakojuma nozar\u0113 pl\u0113ves sarau\u0161an\u0101s tests pal\u012bdz izstr\u0101d\u0101t materi\u0101lus, kas nodro\u0161ina optim\u0101lu aizsardz\u012bbu un stabilit\u0101ti. Izpratne par to, k\u0101 pl\u0113ves rea\u0123\u0113 uz karstumu, nodro\u0161ina iepakojuma integrit\u0101tes saglab\u0101\u0161anu apstr\u0101des un uzglab\u0101\u0161anas laik\u0101.<\/p>\n<h3>(2) P\u0101rtikas iepakojuma pl\u0113ves<\/h3>\n<p>P\u0101rtikas produktu iepako\u0161anai vissvar\u012bg\u0101kais ir saglab\u0101t produkta kvalit\u0101ti un nekait\u012bgumu. Termisk\u0101s sarau\u0161an\u0101s tests nodro\u0161ina, ka p\u0101rtikas iepakojum\u0101 izmantot\u0101s pl\u0113ves ir iztur\u012bgas un sp\u0113j iztur\u0113t apst\u0101k\u013cus, k\u0101dos t\u0101s tiks izmantotas.<\/p>\n<h3>(3) Medic\u012bnisko ier\u012b\u010du iepakojums<\/h3>\n<p>Medic\u012bnisko ier\u012b\u010du iesai\u0146o\u0161anai ir nepiecie\u0161ami gan aizsarg\u0101jo\u0161i, gan sterili materi\u0101li. Pl\u0113ves sarau\u0161an\u0101s tests pal\u012bdz izv\u0113l\u0113ties pl\u0113ves, kas atbilst \u0161\u012bm stingraj\u0101m pras\u012bb\u0101m, nodro\u0161inot medic\u012bnas produktu dro\u0161\u012bbu un efektivit\u0101ti.<\/p>\n<h3>(4) Farmaceitisk\u0101 iepako\u0161ana<\/h3>\n<p>Farmaceitiskajam iepakojumam ir j\u0101aizsarg\u0101 produkti no pies\u0101r\u0146ojuma un no\u0101rd\u012b\u0161an\u0101s. Sarau\u0161an\u0101s tests nodro\u0161ina, ka \u0161aj\u0101 nozar\u0113 izmantot\u0101s pl\u0113ves nodro\u0161ina nepiecie\u0161am\u0101s barjeras \u012bpa\u0161\u012bbas.<\/p>\n<h3>(5) l\u012bmpl\u0113ves<\/h3>\n<p>L\u012bmpl\u0113v\u0113m j\u0101saglab\u0101 savas \u012bpa\u0161\u012bbas da\u017e\u0101dos apst\u0101k\u013cos. Pl\u0113ves sarau\u0161an\u0101s tests pal\u012bdz nov\u0113rt\u0113t to veiktsp\u0113ju, nodro\u0161inot, ka t\u0101s pareizi piel\u012bp un saglab\u0101 savu efektivit\u0101ti.<\/p>\n<h3>(6) Tekstilizstr\u0101d\u0101jumi un citi<\/h3>\n<p>Tekstilr\u016bpniec\u012bb\u0101 un cit\u0101s nozar\u0113s izpratne par pl\u0113vju sarau\u0161an\u0101s \u012bpa\u0161\u012bb\u0101m var ietekm\u0113t galaprodukta iztur\u012bbu un veiktsp\u0113ju. \u0160is tests sniedz v\u0113rt\u012bgus datus, lai uzlabotu materi\u0101lu izv\u0113li un izstr\u0101d\u0101juma dizainu.<\/p>\n<h2>5. Piel\u0101gotas test\u0113\u0161anas iesp\u0113jas - \u012bpa\u0161as test\u0113\u0161anas pras\u012bbas<\/h2>\n<p>Cell Instruments pied\u0101v\u0101 piel\u0101gotus test\u0113\u0161anas risin\u0101jumus, kas atbilst \u012bpa\u0161\u0101m pras\u012bb\u0101m. Neatkar\u012bgi no t\u0101, vai jums ir nepiecie\u0161ams test\u0113t unik\u0101lus materi\u0101lus vai ir nepiecie\u0161ami \u012bpa\u0161i test\u0113\u0161anas apst\u0101k\u013ci, m\u0113s varam piel\u0101got m\u016bsu pl\u0113ves nesa\u0161aurin\u0101mo sarau\u0161an\u0101s testeri, lai apmierin\u0101tu j\u016bsu vajadz\u012bbas.<\/p>\n<h2>BIE\u017d\u0100K UZDOTIE JAUT\u0100JUMI<\/h2>\n<p><strong>1. jaut\u0101jums: K\u0101ds ir pl\u0113ves sarau\u0161an\u0101s testa m\u0113r\u0137is?<\/strong><\/p>\n<p>A : Ar pl\u0113ves sarau\u0161an\u0101s testu m\u0113ra plastmasas pl\u0113vju sarau\u0161an\u0101s \u012bpa\u0161\u012bbas, kad t\u0101s tiek pak\u013cautas karstuma iedarb\u012bbai, sniedzot ieskatu par to termisko uzved\u012bbu un piem\u0113rot\u012bbu da\u017e\u0101diem lietojumiem.<\/p>\n<p><strong>2. jaut\u0101jums: K\u0101da veida pl\u0113ves var test\u0113t ar pl\u0113ves nesa\u0161aurin\u0101mo sarau\u0161an\u0101s testeri?<\/strong><\/p>\n<p>A : Testeris ir piem\u0113rots pla\u0161am pl\u0113vju kl\u0101stam, tostarp iepakojuma materi\u0101liem, p\u0101rtikas iepakojuma pl\u0113v\u0113m, medic\u012bnas ier\u012b\u010du iepakojumam, farm\u0101cijas iepakojumam, l\u012bmpl\u0113v\u0113m un tekstilizstr\u0101d\u0101jumiem.<\/p>\n<p><strong>3. jaut\u0101jums: K\u0101 ASTM D2732 standartiz\u0113 pl\u0113ves sarau\u0161an\u0101s testu?<\/strong><\/p>\n<p>A : ASTM D2732 sniedz konsekventu sist\u0113mu testa veik\u0161anai, nor\u0101dot paraugu sagatavo\u0161anu, test\u0113\u0161anas nosac\u012bjumus un m\u0113r\u012b\u0161anas proced\u016bras, lai nodro\u0161in\u0101tu ticamus un sal\u012bdzin\u0101mus rezult\u0101tus.<\/p>\n<p><strong>4. jaut\u0101jums: Vai pl\u0113ves bezpl\u0113ves sarau\u0161an\u0101s testeri var piel\u0101got \u012bpa\u0161\u0101m vajadz\u012bb\u0101m?<\/strong><\/p>\n<p>A : J\u0101, Cell Instruments pied\u0101v\u0101 piel\u0101go\u0161anas iesp\u0113jas, lai izpild\u012btu \u012bpa\u0161as test\u0113\u0161anas pras\u012bbas, tostarp piel\u0101gotus risin\u0101jumus un integr\u0101ciju ar automatiz\u0113t\u0101m sist\u0113m\u0101m.<\/p>\n<h2>Saist\u012btais pants<\/h2>\n<p><a href=\"https:\/\/www.qualitester.com\/lv\/best-shrinkage-films-tester-astm-d2732\/\" target=\"_blank\" rel=\"noopener\">ASTM D2732 sarau\u0161an\u0101s pl\u0113ves test\u0113\u0161ana<\/a><\/p>\n<p><a href=\"https:\/\/www.qualitester.com\/lv\/film-shrinkage-tester-for-plastic-packaging\/\" target=\"_blank\" rel=\"noopener\">Pl\u0113ves sarau\u0161an\u0101s testeris plastmasas iepakojumam<\/a><br \/>\n<a href=\"https:\/\/www.qualitester.com\/lv\/thermal-shrinkage-tester-for-plastic-film\/\" target=\"_blank\" rel=\"noopener\">Termisk\u0101s sarau\u0161an\u0101s testeris plastmasas pl\u0113vei<\/a><br \/>\n<a href=\"https:\/\/www.qualitester.com\/lv\/film-heat-shrink-tester-for-plastic-film\/\" target=\"_blank\" rel=\"noopener\">Plastmasas pl\u0113ves termisk\u0101s sarau\u0161an\u0101s testeris<\/a><\/p>\n<h2>Atsauce<\/h2>\n<p><a href=\"https:\/\/www.astm.org\/d2732-14r20.html\" target=\"_blank\" rel=\"noopener nofollow\">ASTM D2732<\/a><\/p>","protected":false},"excerpt":{"rendered":"<p>Port\u0101ls <strong>Bez pl\u0113ves sarau\u0161an\u0101s testeris<\/strong> ir moderns instruments, kas paredz\u0113ts plastmasas pl\u0113vju sarau\u0161an\u0101s \u012bpa\u0161\u012bbu m\u0113r\u012b\u0161anai karstuma ietekm\u0113. \u0160ai ier\u012bcei ir iz\u0161\u0137iro\u0161a noz\u012bme, lai nodro\u0161in\u0101tu materi\u0101lu kvalit\u0101ti un veiktsp\u0113ju da\u017e\u0101d\u0101s nozar\u0113s, tostarp iepakojuma, p\u0101rtikas, medic\u012bnas un farm\u0101cijas nozar\u0113. Nov\u0113rt\u0113jot pl\u0113vju sarau\u0161anos karstum\u0101, ra\u017eot\u0101ji var optimiz\u0113t savu produktu iztur\u012bbu un efektivit\u0101ti, iev\u0113rojot gan nozares standartus, gan pat\u0113r\u0113t\u0101ju v\u0113lmes.<\/p>","protected":false},"featured_media":4264,"comment_status":"closed","ping_status":"closed","template":"","meta":{"site-sidebar-layout":"default","site-content-layout":"default","ast-global-header-display":"","ast-main-header-display":"","ast-hfb-above-header-display":"","ast-hfb-below-header-display":"","ast-hfb-mobile-header-display":"","site-post-title":"","ast-breadcrumbs-content":"","ast-featured-img":"","footer-sml-layout":"","theme-transparent-header-meta":"default","adv-header-id-meta":"","stick-header-meta":"","header-above-stick-meta":"","header-main-stick-meta":"","header-below-stick-meta":""},"product_cat":[1044,845,686,16,95],"product_tag":[60,61,117,62,63],"class_list":{"0":"post-1516","1":"product","2":"type-product","3":"status-publish","4":"has-post-thumbnail","6":"product_cat-astm-d2732","7":"product_cat-customization","8":"product_cat-shrink-tester","9":"product_cat-plastic-packaging-testers","10":"product_cat-products","11":"product_tag-astm-d2732","12":"product_tag-feel-shrink","13":"product_tag-film-free-shrink","14":"product_tag-shrink-force","15":"product_tag-shrink-rate","16":"desktop-align-left","17":"tablet-align-left","18":"mobile-align-left","20":"first","21":"instock","22":"featured","23":"downloadable","24":"shipping-taxable","25":"product-type-simple"},"_links":{"self":[{"href":"https:\/\/www.qualitester.com\/lv\/wp-json\/wp\/v2\/product\/1516","targetHints":{"allow":["GET"]}}],"collection":[{"href":"https:\/\/www.qualitester.com\/lv\/wp-json\/wp\/v2\/product"}],"about":[{"href":"https:\/\/www.qualitester.com\/lv\/wp-json\/wp\/v2\/types\/product"}],"replies":[{"embeddable":true,"href":"https:\/\/www.qualitester.com\/lv\/wp-json\/wp\/v2\/comments?post=1516"}],"version-history":[{"count":1,"href":"https:\/\/www.qualitester.com\/lv\/wp-json\/wp\/v2\/product\/1516\/revisions"}],"predecessor-version":[{"id":7943,"href":"https:\/\/www.qualitester.com\/lv\/wp-json\/wp\/v2\/product\/1516\/revisions\/7943"}],"wp:featuredmedia":[{"embeddable":true,"href":"https:\/\/www.qualitester.com\/lv\/wp-json\/wp\/v2\/media\/4264"}],"wp:attachment":[{"href":"https:\/\/www.qualitester.com\/lv\/wp-json\/wp\/v2\/media?parent=1516"}],"wp:term":[{"taxonomy":"product_cat","embeddable":true,"href":"https:\/\/www.qualitester.com\/lv\/wp-json\/wp\/v2\/product_cat?post=1516"},{"taxonomy":"product_tag","embeddable":true,"href":"https:\/\/www.qualitester.com\/lv\/wp-json\/wp\/v2\/product_tag?post=1516"}],"curies":[{"name":"wp","href":"https:\/\/api.w.org\/{rel}","templated":true}]}}