{"id":7865,"date":"2026-02-25T11:52:28","date_gmt":"2026-02-25T03:52:28","guid":{"rendered":"https:\/\/www.qualitester.com\/?page_id=7865"},"modified":"2026-02-25T11:57:07","modified_gmt":"2026-02-25T03:57:07","slug":"pet-bottle-wall-thickness-test","status":"publish","type":"page","link":"https:\/\/www.qualitester.com\/lv\/applications\/pet-bottle-wall-thickness-test\/","title":{"rendered":"PET pudeles sienas biezuma tests"},"content":{"rendered":"<p data-start=\"343\" data-end=\"664\">Port\u0101ls <strong data-start=\"347\" data-end=\"381\">pet pudeles sienas biezuma tests<\/strong> ir iz\u0161\u0137iro\u0161a noz\u012bme iepakojuma iztur\u012bbas, dro\u0161\u012bbas un materi\u0101lu efektivit\u0101tes nodro\u0161in\u0101\u0161an\u0101. \u016adens, dz\u0113rienu, farmaceitisko l\u012bdzek\u013cu un ikdienas \u0137\u012bmisko vielu ra\u017eot\u0101jiem sieni\u0146u biezums tie\u0161i ietekm\u0113 spiedes pretest\u012bbu, aug\u0161\u0113j\u0101s slodzes veiktsp\u0113ju, kritiena iztur\u012bbu un barjeras \u012bpa\u0161\u012bbas.<\/p>\n<p data-start=\"666\" data-end=\"957\">\u0100trgaitas ra\u017eo\u0161anas vid\u0113 pat nelielas biezuma novirzes var izrais\u012bt pudeles deform\u0101ciju, nopl\u016bdi vai p\u0101rm\u0113r\u012bgu materi\u0101la pat\u0113ri\u0146u. T\u0101p\u0113c sistem\u0101tiska test\u0113\u0161anas pieeja pal\u012bdz kvalit\u0101tes kontroles komand\u0101m saglab\u0101t konsekvenci, optimiz\u0113t sve\u0137u izmanto\u0161anu un izpild\u012bt normat\u012bvo aktu pras\u012bbas.<\/p>\n<h2 data-start=\"1144\" data-end=\"1199\">Pudeles sienas biezuma ce\u013cvedis: K\u0101p\u0113c m\u0113r\u012bjumiem ir noz\u012bme<\/h2>\n<p data-start=\"1201\" data-end=\"1337\">Struktur\u0113ts <strong data-start=\"1214\" data-end=\"1245\">pudeles sieni\u0146u biezuma ce\u013cvedis<\/strong> j\u0101s\u0101k ar izpratni par to, k\u0101p\u0113c PET konteineru ra\u017eo\u0161an\u0101 ir \u013coti svar\u012bga biezuma viendab\u012bba.<\/p>\n<p data-start=\"1339\" data-end=\"1512\">PET pudeles parasti tiek ra\u017eotas, izmantojot injekcijas izstiep\u0161anas izp\u016b\u0161anas form\u0113\u0161anu (ISBM). Izstiep\u0161anas un izp\u016b\u0161anas laik\u0101 materi\u0101ls sadal\u0101s nevienm\u0113r\u012bgi. Kritiskie re\u0123ioni ir \u0161\u0101di:<\/p>\n<ul>\n<li>Plecu p\u0101rejas zonas<\/li>\n<li>Pane\u013cu zonas<\/li>\n<li>Pamatne un push-up sekcijas<\/li>\n<li>Kakla atbalsta gredzens<\/li>\n<\/ul>\n<p data-start=\"1613\" data-end=\"1689\">Ja sienu biezums ir p\u0101r\u0101k pl\u0101ns augstas slodzes zon\u0101s, pudeles var saboj\u0101ties:<\/p>\n<ul>\n<li data-start=\"1693\" data-end=\"1712\">Aug\u0161\u0113j\u0101 iekrau\u0161anas krau\u0161ana<\/li>\n<li data-start=\"1715\" data-end=\"1742\">Iek\u0161\u0113j\u0101 spiediena p\u0101rbaude<\/li>\n<li data-start=\"1745\" data-end=\"1771\">Transporta vibr\u0101cija<\/li>\n<li data-start=\"1774\" data-end=\"1794\">Karst\u0101s uzpildes procesi<\/li>\n<\/ul>\n<p data-start=\"1796\" data-end=\"1887\">No otras puses, p\u0101rm\u0113r\u012bgs biezums palielina materi\u0101lu izmaksas un samazina konkur\u0113tsp\u0113ju.<\/p>\n<p data-start=\"1889\" data-end=\"1960\">Uzticams <strong data-start=\"1900\" data-end=\"1934\">pet pudeles sienas biezuma tests<\/strong> \u013cauj ra\u017eot\u0101jiem:<\/p>\n<ul>\n<li data-start=\"1964\" data-end=\"1997\">Kontroles atvieglotu projektu vad\u012bba<\/li>\n<li data-start=\"2000\" data-end=\"2034\">P\u0101rbaud\u012bt pel\u0113juma konstrukcijas efektivit\u0101ti<\/li>\n<li data-start=\"2037\" data-end=\"2088\">Nodro\u0161in\u0101t atbilst\u012bbu iek\u0161\u0113j\u0101m QC specifik\u0101cij\u0101m<\/li>\n<li data-start=\"2091\" data-end=\"2117\">Atbalsts p\u0113tniec\u012bbas un izstr\u0101des optimiz\u0101cijai<\/li>\n<\/ul>\n<h2 data-start=\"2246\" data-end=\"2302\">Plastmasas pudeles sienas biezums: Galvenie kvalit\u0101tes r\u0101d\u012bt\u0101ji<\/h2>\n<p data-start=\"2304\" data-end=\"2475\">Apsprie\u017eot <strong data-start=\"2320\" data-end=\"2353\">plastmasas pudeles sienas biezums<\/strong>, in\u017eenieri nov\u0113rt\u0113 vair\u0101k nek\u0101 tikai vienu m\u0113r\u012bjumu v\u0113rt\u012bbu. Vi\u0146i analiz\u0113 biezuma sadal\u012bjumu vair\u0101k\u0101s zon\u0101s.<\/p>\n<p data-start=\"2477\" data-end=\"2506\">Svar\u012bgi r\u0101d\u012bt\u0101ji ir \u0161\u0101di:<\/p>\n<p data-start=\"2508\" data-end=\"2596\"><strong data-start=\"2508\" data-end=\"2537\">1. Minim\u0101lais sienu biezums<\/strong><br data-start=\"2537\" data-end=\"2540\" \/>Pl\u0101n\u0101kais punkts nosaka konstrukcijas dro\u0161\u012bbas rezervi.<\/p>\n<p data-start=\"2598\" data-end=\"2665\"><strong data-start=\"2598\" data-end=\"2622\">2. Vid\u0113jais biezums<\/strong><br data-start=\"2622\" data-end=\"2625\" \/>Sniedz materi\u0101lu pat\u0113ri\u0146a atsauci.<\/p>\n<p data-start=\"2667\" data-end=\"2766\"><strong data-start=\"2667\" data-end=\"2706\">3. Biezuma izmai\u0146as (viendab\u012bgums)<\/strong><br data-start=\"2706\" data-end=\"2709\" \/>Lielas novirzes nor\u0101da uz nestabiliem apstr\u0101des apst\u0101k\u013ciem.<\/p>\n<p data-start=\"2768\" data-end=\"2838\"><strong data-start=\"2768\" data-end=\"2791\">4. Apak\u0161\u0113j\u0101s da\u013cas biezums<\/strong><br data-start=\"2791\" data-end=\"2794\" \/>Ietekm\u0113 pamata stabilit\u0101ti un iztur\u012bbu pret sl\u012bd\u0113\u0161anu.<\/p>\n<p data-start=\"2840\" data-end=\"3064\">Profesion\u0101ls <strong data-start=\"2855\" data-end=\"2889\">pet pudeles sienas biezuma tests<\/strong> bie\u017ei vien ietver daudzpunktu m\u0113r\u012bjumus vertik\u0101l\u0101 un perimetr\u0101l\u0101 virzien\u0101. \u0160\u012b pieeja atkl\u0101j stiepes attiec\u012bbu un sve\u0137u pl\u016bsmas raksturlielumus izp\u016b\u0161anas laik\u0101.<\/p>\n<p data-start=\"3066\" data-end=\"3226\">Dz\u0113rienu un \u016bdens lietojumiem kvalit\u0101tes kontroles noda\u013cas bie\u017ei vien nosaka pie\u013caujamos diapazonus katram re\u0123ionam, nevis pa\u013caujas uz vienu glob\u0101lu v\u0113rt\u012bbu.<\/p>\n<h2 data-start=\"3233\" data-end=\"3295\">Plastmasas \u016bdens pudeles biezums: Standarti un pielaides<\/h2>\n<p data-start=\"3297\" data-end=\"3359\">Port\u0101ls <strong data-start=\"3301\" data-end=\"3338\">plastmasas \u016bdens pudeles biezums<\/strong> at\u0161\u0137iras atkar\u012bb\u0101 no:<\/p>\n<ul>\n<li data-start=\"3363\" data-end=\"3392\">Pudeles tilpums (no 250 ml l\u012bdz 5 l)<\/li>\n<li data-start=\"3395\" data-end=\"3458\">Paredz\u0113tais pielietojums (neg\u0101z\u0113ts \u016bdens, g\u0101z\u0113ti dz\u0113rieni, karst\u0101 dz\u0113riena uzpild\u012b\u0161ana)<\/li>\n<li data-start=\"3461\" data-end=\"3488\">Transporta pras\u012bbas<\/li>\n<li data-start=\"3491\" data-end=\"3514\">Atvieglo\u0161anas strat\u0113\u0123ija<\/li>\n<\/ul>\n<p data-start=\"3516\" data-end=\"3680\">Lai gan nav univers\u0101la pasaules standarta, kas noteiktu prec\u012bzas biezuma v\u0113rt\u012bbas, ra\u017eot\u0101ji parasti iev\u0113ro iek\u0161\u0113j\u0101s tehnisk\u0101s specifik\u0101cijas, kas ir saska\u0146otas ar nozares praksi.<\/p>\n<p data-start=\"3682\" data-end=\"3694\">Piem\u0113ram:<\/p>\n<ul>\n<li data-start=\"3698\" data-end=\"3783\">Mazo 500 ml \u016bdens pude\u013cu s\u0101nu biezums bie\u017ei ir no 0,20 mm l\u012bdz 0,40 mm.<\/li>\n<li data-start=\"3786\" data-end=\"3859\">G\u0101z\u0113to dz\u0113rienu pudel\u0113m nepiecie\u0161ama pastiprin\u0101ta plecu un pamatnes da\u013ca.<\/li>\n<\/ul>\n<p data-start=\"3861\" data-end=\"3946\">Konsekventa <strong data-start=\"3874\" data-end=\"3908\">pet pudeles sienas biezuma tests<\/strong> programma nodro\u0161ina, ka biezums atbilst:<\/p>\n<ul>\n<li data-start=\"3950\" data-end=\"3988\"><a href=\"https:\/\/www.qualitester.com\/lv\/products-2\/sale-bottle-crush-testing-machine\/\" target=\"_blank\" rel=\"noopener\">Kompresijas veiktsp\u0113ja<\/a>e pras\u012bbas<\/li>\n<li data-start=\"3991\" data-end=\"4020\"><a href=\"https:\/\/www.qualitester.com\/lv\/products-2\/best-balloon-burst-tester-for-sale\/\" target=\"_blank\" rel=\"noopener\">P\u0101rrau\u0161anas spiediens<\/a> cer\u012bbas<\/li>\n<li data-start=\"4023\" data-end=\"4045\">Uzglab\u0101\u0161anas laika stabilit\u0101te<\/li>\n<\/ul>\n<p data-start=\"4047\" data-end=\"4168\">Regul\u0113taj\u0101s nozar\u0113s, piem\u0113ram, farm\u0101cij\u0101, biezuma verifik\u0101cija pal\u012bdz ar\u012b iepakojuma valid\u0101cijas dokument\u0101cij\u0101.<\/p>\n<h2 data-start=\"4175\" data-end=\"4223\">\u016adens pudeles biezuma m\u0113r\u012b\u0161anas metodes<\/h2>\n<p data-start=\"4225\" data-end=\"4353\">Port\u0101ls <strong data-start=\"4229\" data-end=\"4258\">\u016bdens pudeles biezums<\/strong> var izm\u0113r\u012bt, izmantojot da\u017e\u0101das metodes atkar\u012bb\u0101 no precizit\u0101tes un lietojuma pras\u012bb\u0101m.<\/p>\n<h3 data-start=\"4355\" data-end=\"4389\"><a href=\"https:\/\/www.qualitester.com\/lv\/products-2\/wtt-plastic-bottle-wall-thickness-gauge\/\" target=\"_blank\" rel=\"noopener\">Meh\u0101nisko kontaktu m\u0113r\u012b\u0161ana<\/a><\/h3>\n<p data-start=\"4391\" data-end=\"4548\">\u0160aj\u0101 metod\u0113 izmanto prec\u012bzu zondi, kas ievietota pudeles iek\u0161pus\u0113, bet \u0101r\u0113j\u0101 uzliktne saskaras ar pudeles \u0101r\u0113jo virsmu. T\u0101 nodro\u0161ina tie\u0161us un uzticamus r\u0101d\u012bjumus.<\/p>\n<p data-start=\"4550\" data-end=\"4561\">Priek\u0161roc\u012bbas:<\/p>\n<ul>\n<li data-start=\"4564\" data-end=\"4579\">Augsta precizit\u0101te<\/li>\n<li data-start=\"4582\" data-end=\"4611\">Piem\u0113rots sare\u017e\u0123\u012bt\u0101m form\u0101m<\/li>\n<li data-start=\"4614\" data-end=\"4630\">Rentabls<\/li>\n<\/ul>\n<p data-start=\"4632\" data-end=\"4644\">Ierobe\u017eojumi:<\/p>\n<ul>\n<li data-start=\"4647\" data-end=\"4676\">Nepiecie\u0161ama manu\u0101la pozicion\u0113\u0161ana<\/li>\n<li data-start=\"4679\" data-end=\"4713\">Nav piem\u0113rots test\u0113\u0161anai uz l\u012bnijas<\/li>\n<\/ul>\n<h3 data-start=\"4715\" data-end=\"4741\">Ultraska\u0146as m\u0113r\u012bjumi<\/h3>\n<p data-start=\"4743\" data-end=\"4821\">Ultraska\u0146as ier\u012bces m\u0113ra biezumu, nesagrie\u017eot vai nesaboj\u0101jot pudeli.<\/p>\n<p data-start=\"4823\" data-end=\"4834\">Priek\u0161roc\u012bbas:<\/p>\n<ul>\n<li>Nedestrukt\u012bvais<\/li>\n<li>\u0100tra test\u0113\u0161ana<\/li>\n<\/ul>\n<p data-start=\"4873\" data-end=\"4885\">Ierobe\u017eojumi:<\/p>\n<ul>\n<li>Nepiecie\u0161ama materi\u0101lu kalibr\u0113\u0161ana<\/li>\n<li>J\u016bt\u012bga pret virsmas izliekumu<\/li>\n<\/ul>\n<p data-start=\"4956\" data-end=\"5134\">Lai nodro\u0161in\u0101tu laboratorijas l\u012bme\u0146a precizit\u0101ti, daudzi kvalit\u0101tes kontroles dienesti dod priek\u0161roku kontakta tipa instrumentiem, jo tie nodro\u0161ina stabilus un atk\u0101rtojamus rezult\u0101tus. <strong data-start=\"5099\" data-end=\"5133\">pet pudeles sienas biezuma tests<\/strong>.<\/p>\n<h2 data-start=\"5141\" data-end=\"5191\">K\u0101 veikt PET pudeles sienas biezuma testu<\/h2>\n<p data-start=\"5193\" data-end=\"5273\">Standartiz\u0113ts <strong data-start=\"5208\" data-end=\"5242\">pet pudeles sienas biezuma tests<\/strong> parasti tiek veikti \u0161\u0101di so\u013ci:<\/p>\n<ol>\n<li data-start=\"5278\" data-end=\"5357\"><strong data-start=\"5278\" data-end=\"5300\">Parauga sagatavo\u0161ana<\/strong><br data-start=\"5300\" data-end=\"5303\" \/>P\u0101rliecinieties, ka pudeles ir t\u012bras un bez deform\u0101cij\u0101m.<\/li>\n<li data-start=\"5362\" data-end=\"5474\"><strong data-start=\"5362\" data-end=\"5393\">M\u0113r\u012bjumu punkta izv\u0113le<\/strong><br data-start=\"5393\" data-end=\"5396\" \/>Nosakiet vertik\u0101los sl\u0101\u0146us (aug\u0161\u0113jais, vid\u0113jais, apak\u0161\u0113jais) un apk\u0101rt\u0113j\u0101s poz\u012bcijas.<\/li>\n<li data-start=\"5479\" data-end=\"5546\"><strong data-start=\"5479\" data-end=\"5494\">Kalibr\u0113\u0161ana<\/strong><br data-start=\"5494\" data-end=\"5497\" \/>P\u0101rbaudiet instrumenta precizit\u0101ti, izmantojot m\u0113rinstrumentu blokus.<\/li>\n<li data-start=\"5551\" data-end=\"5626\"><strong data-start=\"5551\" data-end=\"5569\">Datu ierakst\u012b\u0161ana<\/strong><br data-start=\"5569\" data-end=\"5572\" \/>Re\u0123istr\u0113jiet daudzpunktu v\u0113rt\u012bbas, lai nov\u0113rt\u0113tu sadal\u012bjumu.<\/li>\n<li data-start=\"5631\" data-end=\"5700\"><strong data-start=\"5631\" data-end=\"5643\">Anal\u012bze<\/strong><br data-start=\"5643\" data-end=\"5646\" \/>Sal\u012bdziniet rezult\u0101tus ar iek\u0161\u0113j\u0101m QC specifik\u0101cij\u0101m.<\/li>\n<\/ol>\n<p data-start=\"5702\" data-end=\"5842\">Tehni\u0137iem j\u0101izvair\u0101s no p\u0101rm\u0113r\u012bga zondes sp\u0113ka, jo tas var ietekm\u0113t m\u0113r\u012bjumu precizit\u0101ti. Regul\u0101ra kalibr\u0113\u0161ana nodro\u0161ina ilgtermi\u0146a uzticam\u012bbu.<\/p>\n<hr data-start=\"5844\" data-end=\"5847\" \/>\n<h2 data-start=\"5849\" data-end=\"5894\">Ieteicamais risin\u0101jums: Cell Instruments WTT sienas biezuma testeris<\/h2>\n<p data-start=\"5896\" data-end=\"6088\">Laboratorij\u0101m, kas v\u0113las veikt prec\u012bzu un lietot\u0101jam \u0113rtu test\u0113\u0161anu. <a href=\"https:\/\/www.qualitester.com\/lv\/products-2\/wtt-plastic-bottle-wall-thickness-gauge\/\"><strong data-start=\"5960\" data-end=\"5989\">WTT Sienas biezuma testeris<\/strong><\/a> no Cell Instruments nodro\u0161ina profesion\u0101lu risin\u0101jumu <strong data-start=\"6053\" data-end=\"6087\">pet pudeles sienas biezuma tests<\/strong>.<\/p>\n<p data-start=\"6090\" data-end=\"6115\">Galven\u0101s iesp\u0113jas:<\/p>\n<ul>\n<li data-start=\"6119\" data-end=\"6168\">Digit\u0101lais displejs skaidriem un prec\u012bziem r\u0101d\u012bjumiem<\/li>\n<li data-start=\"6171\" data-end=\"6218\">Sienu un dibena biezuma m\u0113r\u012b\u0161ana<\/li>\n<li data-start=\"6221\" data-end=\"6279\">Piel\u0101gojam\u012bba tvertn\u0113m ar sare\u017e\u0123\u012btiem virsmas rakstiem<\/li>\n<li data-start=\"6282\" data-end=\"6338\">Izv\u0113les datu eksports uz Excel, lai veiktu statistisko anal\u012bzi<\/li>\n<\/ul>\n<p data-start=\"6340\" data-end=\"6513\">At\u0161\u0137ir\u012bb\u0101 no pamata biezuma m\u0113rinstrumentiem WTT atbalsta struktur\u0113tas kvalit\u0101tes kontroles darba pl\u016bsmas. In\u017eenieri var \u0101tri sal\u012bdzin\u0101t vair\u0101ku punktu m\u0113r\u012bjumus un \u0123ener\u0113t p\u0101rbaudes p\u0101rskatus.<\/p>\n<p data-start=\"6515\" data-end=\"6556\">\u0160is risin\u0101jums ir piem\u0113rots \u0161\u0101d\u0101m nozar\u0113m:<\/p>\n<ul>\n<li>Dz\u0113rieni un pudel\u0113s pild\u012bts \u016bdens<\/li>\n<li>Farmaceitiskie produkti<\/li>\n<li>Ikdienas \u0137\u012bmisko vielu iepakojums<\/li>\n<li>P\u0101rtikas trauki<\/li>\n<\/ul>\n<p data-start=\"6659\" data-end=\"6794\">Integr\u0113jot uzticamus instrumentus kvalit\u0101tes kontroles procesos, ra\u017eot\u0101ji uzlabo konsekvenci, vienlaikus atbalstot viegla svara optimiz\u0101ciju.<\/p>","protected":false},"excerpt":{"rendered":"<p>The pet bottle wall thickness test plays a decisive role in ensuring packaging strength, safety, and material efficiency. For manufacturers of water, beverages, pharmaceuticals, and daily chemicals, wall thickness directly affects compression resistance, top load performance, drop strength, and barrier properties. In high-speed production environments, even minor thickness deviations can cause bottle deformation, leakage, or &hellip;<\/p>\n<p class=\"read-more\"> <a class=\"\" href=\"https:\/\/www.qualitester.com\/lv\/applications\/pet-bottle-wall-thickness-test\/\"> <span class=\"screen-reader-text\">PET pudeles sienas biezuma tests<\/span> Las\u012bt vair\u0101k \"<\/a><\/p>","protected":false},"author":4,"featured_media":7866,"parent":6794,"menu_order":0,"comment_status":"closed","ping_status":"closed","template":"","meta":{"site-sidebar-layout":"default","site-content-layout":"default","ast-global-header-display":"","ast-main-header-display":"","ast-hfb-above-header-display":"","ast-hfb-below-header-display":"","ast-hfb-mobile-header-display":"","site-post-title":"","ast-breadcrumbs-content":"","ast-featured-img":"disabled","footer-sml-layout":"","theme-transparent-header-meta":"default","adv-header-id-meta":"","stick-header-meta":"","header-above-stick-meta":"","header-main-stick-meta":"","header-below-stick-meta":"","footnotes":""},"class_list":["post-7865","page","type-page","status-publish","has-post-thumbnail","hentry"],"_links":{"self":[{"href":"https:\/\/www.qualitester.com\/lv\/wp-json\/wp\/v2\/pages\/7865","targetHints":{"allow":["GET"]}}],"collection":[{"href":"https:\/\/www.qualitester.com\/lv\/wp-json\/wp\/v2\/pages"}],"about":[{"href":"https:\/\/www.qualitester.com\/lv\/wp-json\/wp\/v2\/types\/page"}],"author":[{"embeddable":true,"href":"https:\/\/www.qualitester.com\/lv\/wp-json\/wp\/v2\/users\/4"}],"replies":[{"embeddable":true,"href":"https:\/\/www.qualitester.com\/lv\/wp-json\/wp\/v2\/comments?post=7865"}],"version-history":[{"count":0,"href":"https:\/\/www.qualitester.com\/lv\/wp-json\/wp\/v2\/pages\/7865\/revisions"}],"up":[{"embeddable":true,"href":"https:\/\/www.qualitester.com\/lv\/wp-json\/wp\/v2\/pages\/6794"}],"wp:featuredmedia":[{"embeddable":true,"href":"https:\/\/www.qualitester.com\/lv\/wp-json\/wp\/v2\/media\/7866"}],"wp:attachment":[{"href":"https:\/\/www.qualitester.com\/lv\/wp-json\/wp\/v2\/media?parent=7865"}],"curies":[{"name":"wp","href":"https:\/\/api.w.org\/{rel}","templated":true}]}}