{"id":7816,"date":"2026-01-04T09:05:28","date_gmt":"2026-01-04T01:05:28","guid":{"rendered":"https:\/\/www.qualitester.com\/?page_id=7816"},"modified":"2026-01-04T09:05:28","modified_gmt":"2026-01-04T01:05:28","slug":"top-load-strength-test-method","status":"publish","type":"page","link":"https:\/\/www.qualitester.com\/lv\/applications\/top-load-strength-test-method\/","title":{"rendered":"Aug\u0161\u0113j\u0101s slodzes stipr\u012bbas testa metode"},"content":{"rendered":"<h1 style=\"text-align: center\" data-start=\"370\" data-end=\"882\">Aug\u0161\u0113j\u0101s slodzes stipr\u012bbas testa metode<br \/>\nISO 8113<\/h1>\n<hr \/>\n<h2 data-start=\"945\" data-end=\"1195\">Ievads<\/h2>\n<p><img fetchpriority=\"high\" decoding=\"async\" class=\"size-medium wp-image-7813 alignright\" src=\"https:\/\/www.qualitester.com\/wp-content\/uploads\/2026\/01\/ISO-8113-Top-Load-Test-300x300.webp\" alt=\"ISO 8113 aug\u0161\u0113j\u0101s slodzes tests\" width=\"300\" height=\"300\" srcset=\"https:\/\/www.qualitester.com\/wp-content\/uploads\/2026\/01\/ISO-8113-Top-Load-Test-300x300.webp 300w, https:\/\/www.qualitester.com\/wp-content\/uploads\/2026\/01\/ISO-8113-Top-Load-Test-150x150.webp 150w, https:\/\/www.qualitester.com\/wp-content\/uploads\/2026\/01\/ISO-8113-Top-Load-Test-12x12.webp 12w, https:\/\/www.qualitester.com\/wp-content\/uploads\/2026\/01\/ISO-8113-Top-Load-Test-100x100.webp 100w, https:\/\/www.qualitester.com\/wp-content\/uploads\/2026\/01\/ISO-8113-Top-Load-Test.webp 600w\" sizes=\"(max-width: 300px) 100vw, 300px\" \/><\/p>\n<p>Port\u0101ls <strong data-start=\"483\" data-end=\"516\">Aug\u0161\u0113j\u0101s slodzes stipr\u012bbas testa metode<\/strong> ir b\u016btiska, lai nov\u0113rt\u0113tu stikla trauku iztur\u012bbu un struktur\u0101lo integrit\u0101ti \u0101r\u0113j\u0101 vertik\u0101l\u0101 spiediena ietekm\u0113.<\/p>\n<p>\u0160\u012b metode <span style=\"font-size: 16px\">tiek pla\u0161i izmantots da\u017e\u0101d\u0101s nozar\u0113s, kur\u0101s izmanto stikla iepakojumu, piem\u0113ram, dz\u0113rienu, farm\u0101cijas un p\u0101rtikas r\u016bpniec\u012bb\u0101. \u013boti svar\u012bgi ir nodro\u0161in\u0101t, lai tvertnes iztur\u0113tu krau\u0161anas un transport\u0113\u0161anas spiedienu, un aug\u0161\u0113j\u0101s slodzes iztur\u012bbas tests ir svar\u012bga \u0161\u012b nov\u0113rt\u0113juma da\u013ca.<\/span><\/p>\n<h2>Izpratne par ISO 8113: Standarts stikla trauku iztur\u012bbai pret vertik\u0101lu slodzi<\/h2>\n<p data-start=\"1024\" data-end=\"1413\">ISO 8113 apraksta <strong data-start=\"1051\" data-end=\"1067\">test\u0113\u0161anas metodes<\/strong> lai noteiktu <strong data-start=\"1088\" data-end=\"1141\">stikla trauku iztur\u012bba pret \u0101r\u0113jiem sp\u0113kiem<\/strong> piem\u0113ro gar vertik\u0101lo asi. \u0160\u012b metode pal\u012bdz ra\u017eot\u0101jiem nov\u0113rt\u0113t, cik labi stikla iepakojums sp\u0113j iztur\u0113t fizisku slodzi p\u0101rvieto\u0161anas, krau\u0161anas un transport\u0113\u0161anas laik\u0101. Tas ir \u013coti svar\u012bgi, lai nov\u0113rstu boj\u0101jumus p\u0101rvad\u0101\u0161anas laik\u0101, kas var izrais\u012bt produkta zudumu vai boj\u0101jumus.<\/p>\n<p data-start=\"1415\" data-end=\"1660\">ISO 8113 ir \u012bpa\u0161i v\u0113rsta uz stikla trauku test\u0113\u0161anu, kuriem nav veiktas citas meh\u0101nisk\u0101s vai termisk\u0101s p\u0101rbaudes. Standarts nosaka parametrus paraugu sagatavo\u0161anai, test\u0113\u0161anas aparat\u016brai un proced\u016br\u0101m, lai ieg\u016btu prec\u012bzus un atk\u0101rtojamus rezult\u0101tus.<\/p>\n<hr \/>\n<h2 data-start=\"1415\" data-end=\"1660\">Aug\u0161\u0113j\u0101s slodzes iztur\u012bbas tests: Kas jums j\u0101zina<\/h2>\n<h3>Testa aparat\u016bra<\/h3>\n<p data-start=\"1742\" data-end=\"2135\">Apar\u0101ts, ar ko veic <strong data-start=\"1775\" data-end=\"1801\">Aug\u0161\u0113j\u0101s slodzes iztur\u012bbas tests<\/strong> sast\u0101v no div\u0101m horizont\u0101l\u0101m, plakan\u0101m t\u0113rauda spiediena pl\u0101ksn\u0113m. \u0160\u012bs pl\u0101ksnes rada spiedes sp\u0113ku uz stikla trauku, radot spiedienu, l\u012bdz trauks deform\u0113jas vai sapl\u012bst. Apar\u0101ts ir apr\u012bkots ar <strong data-start=\"2016\" data-end=\"2036\">aizsargv\u0101ci\u0146\u0161<\/strong> lai nov\u0113rstu konteinera sapl\u012bsumu no sadrup\u0161anas un lai testa laik\u0101 dro\u0161i notur\u0113tu konteineru.<\/p>\n<p data-start=\"2137\" data-end=\"2421\">Turkl\u0101t apar\u0101ts ietver <strong data-start=\"2173\" data-end=\"2181\">spilventi\u0146i<\/strong> (piem\u0113ram, gumijas loksnes vai saloc\u012bts pap\u012brs), kas atrodas starp stiklu un met\u0101la pl\u0101ksn\u0113m. \u0160ie spilventi\u0146i nodro\u0161ina vienm\u0113r\u012bgu sp\u0113ka sadal\u012bjumu un nov\u0113r\u0161 tie\u0161u stikla un met\u0101la kontaktu, kas var\u0113tu izrais\u012bt neprec\u012bzus rezult\u0101tus vai priek\u0161laic\u012bgu boj\u0101jumu.<\/p>\n<h3 data-start=\"2137\" data-end=\"2421\">Test\u0113\u0161anas proced\u016bra maksim\u0101l\u0101s slodzes stipr\u012bbas test\u0113\u0161anai<\/h3>\n<ul>\n<li data-start=\"2476\" data-end=\"2759\">\n<h4><strong data-start=\"2476\" data-end=\"2508\">Testa paraugu sagatavo\u0161ana:<\/strong><\/h4>\n<p>Uz test\u0113jamiem stikla traukiem nedr\u012bkst b\u016bt stikla da\u013ci\u0146u vai atl\u016bzu. Parauga temperat\u016bra nedr\u012bkst at\u0161\u0137irties no apk\u0101rt\u0113j\u0101s vides temperat\u016bras par vair\u0101k nek\u0101 5 \u00b0C, lai izvair\u012btos no jebk\u0101das ar temperat\u016bru saist\u012btas spriedzes, kas var\u0113tu ietekm\u0113t testa rezult\u0101tus.<\/li>\n<li data-start=\"2764\" data-end=\"2995\">\n<h4><strong data-start=\"2764\" data-end=\"2779\">Testa iestat\u012b\u0161ana:<\/strong><\/h4>\n<p>Ievietojiet tvertni apak\u0161\u0113j\u0101s spiedpl\u0101ksnes centr\u0101, saska\u0146ojot to ar apar\u0101ta centra l\u012bniju. Tvertne j\u0101nosedz ar aizsargv\u0101ci\u0146u un spilventi\u0146iem, lai testa laik\u0101 to neboj\u0101tu.<\/li>\n<li data-start=\"3000\" data-end=\"3127\">\n<h4><strong data-start=\"3000\" data-end=\"3022\">Slodzes pielik\u0161ana:<\/strong><\/h4>\n<p>Testu veic, pak\u0101peniski palielinot vertik\u0101lo slodzi. Ir divu veidu proced\u016bras:<\/p>\n<ul data-start=\"3131\" data-end=\"3449\">\n<li data-start=\"3131\" data-end=\"3299\">\n<p data-start=\"3133\" data-end=\"3299\"><strong data-start=\"3133\" data-end=\"3146\">Iztur\u0113t testu<\/strong>: Sp\u0113ks tiek palielin\u0101ts, l\u012bdz tiek sasniegta nor\u0101d\u012bt\u0101 v\u0113rt\u012bba. P\u0113c tam pl\u0101ksnes tiek iz\u0146emtas. Tas tiek dar\u012bts iepriek\u0161 noteiktam konteineru skaitam.<\/p>\n<\/li>\n<li data-start=\"3303\" data-end=\"3449\">\n<p data-start=\"3305\" data-end=\"3449\"><strong data-start=\"3305\" data-end=\"3331\">Kop\u0113jais progres\u012bvais tests<\/strong>: Sp\u0113ks tiek pielikts pak\u0101peniski, l\u012bdz konteiners sapl\u012bst. \u0160o testu veic visiem paraug\u0101 eso\u0161ajiem konteineriem.<\/p>\n<\/li>\n<\/ul>\n<\/li>\n<li data-start=\"3454\" data-end=\"3767\">\n<h4><strong data-start=\"3454\" data-end=\"3480\">Rezult\u0101tu re\u0123istr\u0113\u0161ana:<\/strong><\/h4>\n<p>Par <strong data-start=\"3492\" data-end=\"3505\">sekm\u012bgi nok\u0101rtot testu<\/strong>, tiek re\u0123istr\u0113ts sasniegtais sp\u0113ks un to tvert\u0146u skaits, kas neizdev\u0101s. In the <strong data-start=\"3588\" data-end=\"3614\">kop\u0113jais progres\u012bvais tests<\/strong>, tiek re\u0123istr\u0113ts katras tvertnes salau\u0161anai nepiecie\u0161amais sp\u0113ks, un tiek veikta statistisk\u0101 anal\u012bze, lai noteiktu rezult\u0101tu vid\u0113jo v\u0113rt\u012bbu un standartnovirzi.<\/li>\n<\/ul>\n<hr \/>\n<h2>Stikla pude\u013cu vertik\u0101l\u0101s slodzes tests: K\u0101p\u0113c tas ir svar\u012bgi?<\/h2>\n<p data-start=\"3832\" data-end=\"4252\">Port\u0101ls <strong data-start=\"3836\" data-end=\"3858\">vertik\u0101l\u0101s slodzes tests<\/strong> ir \u013coti svar\u012bga da\u013ca, lai nodro\u0161in\u0101tu, ka <strong data-start=\"3895\" data-end=\"3912\">stikla pudeles<\/strong> var iztur\u0113t slodzi, ar k\u0101du tie saskarsies re\u0101los apst\u0101k\u013cos. T\u0101d\u0101s nozar\u0113s k\u0101 dz\u0113rienu un farm\u0101cijas r\u016bpniec\u012bba produkti p\u0101rvad\u0101\u0161anas un uzglab\u0101\u0161anas laik\u0101 bie\u017ei tiek sakrauti kaudz\u0113s, radot iev\u0113rojamu spiedienu uz konteineriem. Ja konteiners neiztur \u0161o spiedienu, tas var saplais\u0101t, deform\u0113ties vai sal\u016bzt, izraisot produktu zudumus.<\/p>\n<p data-start=\"4254\" data-end=\"4527\">Stikla pudeles tiek p\u0101rbaud\u012btas attiec\u012bb\u0101 uz <strong data-start=\"4283\" data-end=\"4314\">iztur\u012bba pret vertik\u0101lo slodzi<\/strong> pak\u0101peniski piem\u0113rojot spiedienu gar vertik\u0101lo asi, l\u012bdz tvertne deform\u0113jas vai pl\u012bst. \u0160is tests imit\u0113 krau\u0161anas apst\u0101k\u013cus un nodro\u0161ina, ka iepakojums atbilst nepiecie\u0161amajiem iztur\u012bbas standartiem.<\/p>\n<h2 data-start=\"4529\" data-end=\"4595\"><strong data-start=\"4529\" data-end=\"4595\">Vertik\u0101l\u0101s saspie\u0161anas tests: Stikla trauku integrit\u0101tes nov\u0113rt\u0113\u0161ana<\/strong><\/h2>\n<p data-start=\"4597\" data-end=\"5041\">A <strong data-start=\"4599\" data-end=\"4628\">vertik\u0101l\u0101s saspie\u0161anas tests<\/strong> ir metode, ko izmanto, lai nov\u0113rt\u0113tu <strong data-start=\"4662\" data-end=\"4698\">iztur\u012bba pret spiedes sp\u0113kiem<\/strong> uz stikla trauka. Testa laik\u0101 tvertne tiek pak\u013cauta pieaugo\u0161am spiedienam gar t\u0101s vertik\u0101lo asi. M\u0113r\u0137is ir nov\u0113rt\u0113t, cik lielu vertik\u0101lo spiedes sp\u0113ku konteiners var iztur\u0113t, pirms tas saboj\u0101jas. \u0160is tests pal\u012bdz ra\u017eot\u0101jiem noteikt iepakojuma struktur\u0101lo integrit\u0101ti un identific\u0113t iesp\u0113jamos tr\u016bkumus.<\/p>\n<h2 data-start=\"5043\" data-end=\"5113\"><strong data-start=\"5043\" data-end=\"5113\">Iztur\u012bbas pret vertik\u0101lo slodzi test\u0113\u0161anas metode iepakojuma lietojumiem<\/strong><\/h2>\n<p data-start=\"5115\" data-end=\"5574\">Port\u0101ls <strong data-start=\"5119\" data-end=\"5150\">iztur\u012bba pret vertik\u0101lo slodzi<\/strong> testa metode ir piem\u0113rojama da\u017e\u0101diem iepakojuma lietojumiem. Nov\u0113rt\u0113jot stikla taras sp\u0113ju iztur\u0113t vertik\u0101los sp\u0113kus, ra\u017eot\u0101ji var nodro\u0161in\u0101t, ka to iepakojums transport\u0113\u0161anas un uzglab\u0101\u0161anas laik\u0101 neizteiksies. \u0160is tests ir \u012bpa\u0161i svar\u012bgs nozar\u0113s, kur\u0101s izmanto stikla iepakojumu, piem\u0113ram, dz\u0113rienu, p\u0101rtikas un farm\u0101cijas nozar\u0113, kur produkta integrit\u0101tei ir b\u016btiska noz\u012bme gan dro\u0161uma, gan kvalit\u0101tes zi\u0146\u0101.<\/p>\n<hr \/>\n<h2 data-start=\"5115\" data-end=\"5574\">Galvenie ieguvumi no aug\u0161\u0113j\u0101s slodzes iztur\u012bbas testu veik\u0161anas<\/h2>\n<ul>\n<li><strong data-start=\"5639\" data-end=\"5665\">Nodro\u0161ina produktu dro\u0161\u012bbu<\/strong>: Identific\u0113jot stikla trauku v\u0101j\u0101s vietas, ra\u017eot\u0101ji var uzlabot iepakojuma iztur\u012bbu un nov\u0113rst t\u0101 saboj\u0101\u0161anos p\u0101rvad\u0101\u0161anas laik\u0101, t\u0101d\u0113j\u0101di nodro\u0161inot produktu dro\u0161\u012bbu.<\/li>\n<li data-start=\"5830\" data-end=\"5999\"><strong data-start=\"5830\" data-end=\"5846\">Izmaksu ietaup\u012bjumi<\/strong>: Konteineru iztur\u012bbas probl\u0113mas var konstat\u0113t jau ra\u017eo\u0161anas procesa s\u0101kum\u0101, t\u0101d\u0113j\u0101di ra\u017eot\u0101ji var izvair\u012bties no d\u0101rgiem produktu zudumiem un atsauk\u0161anas no tirgus.<\/li>\n<li data-start=\"6002\" data-end=\"6241\"><strong data-start=\"6002\" data-end=\"6027\">Ties\u012bbu aktu atbilst\u012bba<\/strong>: Daudz\u0101s nozar\u0113s ir stingri iepakojuma iztur\u012bbas noteikumi. Veicot aug\u0161\u0113j\u0101s slodzes testus, tiek nodro\u0161in\u0101ta stikla taras atbilst\u012bba \u0161\u012bm normat\u012bvaj\u0101m pras\u012bb\u0101m, t\u0101d\u0113j\u0101di nov\u0113r\u0161ot sodus un saglab\u0101jot uzticam\u012bbu tirg\u016b.<\/li>\n<li data-start=\"6244\" data-end=\"6446\"><strong data-start=\"6244\" data-end=\"6271\">Pastiprin\u0101ta pat\u0113r\u0113t\u0101ju uztic\u0113\u0161an\u0101s<\/strong>: Augstas kvalit\u0101tes un uzticams iepakojums veicina klientu apmierin\u0101t\u012bbu un lojalit\u0101ti z\u012bmolam, jo \u012bpa\u0161i t\u0101d\u0101s nozar\u0113s k\u0101 p\u0101rtika un dz\u0113rieni, kur produktu dro\u0161\u012bba ir vissvar\u012bg\u0101k\u0101.<\/li>\n<\/ul>\n<hr \/>\n<h2>Aug\u0161\u0113j\u0101s slodzes stipr\u012bbas testa metodes noz\u012bme<\/h2>\n<p data-start=\"6522\" data-end=\"6900\">Port\u0101ls <strong data-start=\"6526\" data-end=\"6559\">Aug\u0161\u0113j\u0101s slodzes stipr\u012bbas testa metode<\/strong> ir b\u016btiska, lai noteiktu sp\u0113ju <strong data-start=\"6604\" data-end=\"6624\">stikla trauki<\/strong> iztur\u0113t sp\u0113kus, ar kuriem tie saskarsies p\u0101rkrau\u0161anas, transport\u0113\u0161anas un uzglab\u0101\u0161anas laik\u0101. Iev\u0113rojot t\u0101dus standartus k\u0101 <strong data-start=\"6740\" data-end=\"6752\">ISO 8113<\/strong>, ra\u017eot\u0101ji var nodro\u0161in\u0101t, ka to iepakojums labi iztur vertik\u0101las slodzes, kas tie\u0161i ietekm\u0113 produktu dro\u0161\u012bbu un pat\u0113r\u0113t\u0101ju dro\u0161\u012bbu.<\/p>\n<p style=\"font-size: 16px;font-style: normal;font-weight: 400\"><a href=\"https:\/\/www.qualitester.com\/lv\/products-2\/sale-container-top-load-testing-machine-astm-d2659\/\" target=\"_blank\" rel=\"noopener\"><img decoding=\"async\" class=\"size-medium wp-image-7819 alignright\" src=\"https:\/\/www.qualitester.com\/wp-content\/uploads\/2026\/01\/Top-Load-Strength-Test-Method-ISO-8113-300x300.webp\" alt=\"Aug\u0161\u0113j\u0101s slodzes stipr\u012bbas testa metode - ISO 8113\" width=\"300\" height=\"300\" srcset=\"https:\/\/www.qualitester.com\/wp-content\/uploads\/2026\/01\/Top-Load-Strength-Test-Method-ISO-8113-300x300.webp 300w, https:\/\/www.qualitester.com\/wp-content\/uploads\/2026\/01\/Top-Load-Strength-Test-Method-ISO-8113-150x150.webp 150w, https:\/\/www.qualitester.com\/wp-content\/uploads\/2026\/01\/Top-Load-Strength-Test-Method-ISO-8113-12x12.webp 12w, https:\/\/www.qualitester.com\/wp-content\/uploads\/2026\/01\/Top-Load-Strength-Test-Method-ISO-8113-100x100.webp 100w, https:\/\/www.qualitester.com\/wp-content\/uploads\/2026\/01\/Top-Load-Strength-Test-Method-ISO-8113.webp 600w\" sizes=\"(max-width: 300px) 100vw, 300px\" \/><\/a><\/p>\n<p data-start=\"6522\" data-end=\"6900\">apmierin\u0101t\u012bba.<\/p>\n<p data-start=\"6902\" data-end=\"7121\">Lai test\u0113\u0161ana b\u016btu prec\u012bza un efekt\u012bva, apsveriet iesp\u0113ju izmantot <strong data-start=\"6953\" data-end=\"6990\"><a href=\"https:\/\/www.qualitester.com\/lv\/\" target=\"_blank\" rel=\"noopener\">\u0160\u016bnu instrumenti<\/a>\u2018 Aug\u0161\u0113j\u0101 slodzes testeris<\/strong>, kas ir izstr\u0101d\u0101ts, lai atbilstu ISO standartiem un nodro\u0161in\u0101tu uzticamu, atk\u0101rtojamu rezult\u0101tu.<\/p>\n<p><span style=\"font-size: 16px\">rezult\u0101tiem vis\u0101m j\u016bsu vertik\u0101l\u0101s slodzes test\u0113\u0161anas vajadz\u012bb\u0101m.<\/span><\/p>\n<hr \/>\n<h2 data-start=\"6902\" data-end=\"7121\">BIE\u017d\u0100K UZDOTIE JAUT\u0100JUMI<\/h2>\n<p data-start=\"7146\" data-end=\"7343\"><strong data-start=\"7146\" data-end=\"7207\">1. jaut\u0101jums: Ko nov\u0113rt\u0113 ar aug\u0161\u0113j\u0101s slodzes stipr\u012bbas testa metodi?<\/strong><br data-start=\"7207\" data-end=\"7210\" \/>A1: Taj\u0101 nov\u0113rt\u0113 stikla tvert\u0146u sp\u0113ju iztur\u0113t \u0101r\u0113jos vertik\u0101los spiedes sp\u0113kus transport\u0113\u0161anas un uzglab\u0101\u0161anas laik\u0101.<\/p>\n<p data-start=\"7345\" data-end=\"7567\"><strong data-start=\"7345\" data-end=\"7407\">2. jaut\u0101jums: K\u0101p\u0113c ISO 8113 ir svar\u012bgs stikla taras test\u0113\u0161anai?<\/strong><br data-start=\"7407\" data-end=\"7410\" \/>A2: ISO 8113 nosaka standartiz\u0113tu metodi stikla trauku vertik\u0101l\u0101s slodzes iztur\u012bbas test\u0113\u0161anai, nodro\u0161inot to atbilst\u012bbu dro\u0161\u012bbas un kvalit\u0101tes pras\u012bb\u0101m.<\/p>\n<p data-start=\"7569\" data-end=\"7777\"><strong data-start=\"7569\" data-end=\"7621\">3. jaut\u0101jums: K\u0101 tiek veikts aug\u0161\u0113j\u0101s slodzes iztur\u012bbas tests?<\/strong><br data-start=\"7621\" data-end=\"7624\" \/>A3: Test\u0101 stikla trauku pak\u013cauj pieaugo\u0161ai vertik\u0101lai slodzei, l\u012bdz tas deform\u0113jas vai sapl\u012bst, t\u0101d\u0113j\u0101di pal\u012bdzot noteikt t\u0101 iztur\u012bbu pret saspie\u0161anu.<\/p>\n<p data-start=\"7779\" data-end=\"8010\"><strong data-start=\"7779\" data-end=\"7863\">4. jaut\u0101jums: K\u0101da ir at\u0161\u0137ir\u012bba starp sekm\u012bgas nok\u0101rto\u0161anas testu un kop\u0113jo progres\u012bvo testu?<\/strong><br data-start=\"7863\" data-end=\"7866\" \/>A4: Iztur\u012bbas tests ietver noteiktas slodzes piem\u0113ro\u0161anu, bet piln\u012bgas progresijas tests pak\u0101peniski palielina sp\u0113ku, l\u012bdz tvertne sal\u016bst.<\/p>\n<p data-start=\"8012\" data-end=\"8278\"><strong data-start=\"8012\" data-end=\"8081\">5. jaut\u0101jums: K\u0101 es varu nodro\u0161in\u0101t, lai mani stikla trauki atbilstu nozares standartiem?<\/strong><br data-start=\"8081\" data-end=\"8084\" \/>A5: Veicot <strong data-start=\"8102\" data-end=\"8129\">Aug\u0161\u0113j\u0101s slodzes iztur\u012bbas testi<\/strong> un iev\u0113rojot <strong data-start=\"8146\" data-end=\"8158\">ISO 8113<\/strong>, ra\u017eot\u0101ji var nodro\u0161in\u0101t, ka to konteineri atbilst dro\u0161ai transport\u0113\u0161anai un uzglab\u0101\u0161anai nepiecie\u0161amajiem iztur\u012bbas standartiem.<\/p>","protected":false},"excerpt":{"rendered":"<p>Top-Load Strength Test Method ISO 8113 Introduction The Top-Load Strength Test Method is essential for evaluating the durability and structural integrity of glass containers under external vertical pressure. This method is widely used across industries that rely on glass packaging, such as the beverage, pharmaceutical, and food industries. Ensuring that containers can withstand stacking and &hellip;<\/p>\n<p class=\"read-more\"> <a class=\"\" href=\"https:\/\/www.qualitester.com\/lv\/applications\/top-load-strength-test-method\/\"> <span class=\"screen-reader-text\">Aug\u0161\u0113j\u0101s slodzes stipr\u012bbas testa metode<\/span> Las\u012bt vair\u0101k \"<\/a><\/p>","protected":false},"author":7,"featured_media":0,"parent":6794,"menu_order":0,"comment_status":"closed","ping_status":"closed","template":"","meta":{"site-sidebar-layout":"default","site-content-layout":"default","ast-global-header-display":"","ast-main-header-display":"","ast-hfb-above-header-display":"","ast-hfb-below-header-display":"","ast-hfb-mobile-header-display":"","site-post-title":"disabled","ast-breadcrumbs-content":"","ast-featured-img":"","footer-sml-layout":"","theme-transparent-header-meta":"default","adv-header-id-meta":"","stick-header-meta":"","header-above-stick-meta":"","header-main-stick-meta":"","header-below-stick-meta":"","footnotes":""},"class_list":["post-7816","page","type-page","status-publish","hentry"],"_links":{"self":[{"href":"https:\/\/www.qualitester.com\/lv\/wp-json\/wp\/v2\/pages\/7816","targetHints":{"allow":["GET"]}}],"collection":[{"href":"https:\/\/www.qualitester.com\/lv\/wp-json\/wp\/v2\/pages"}],"about":[{"href":"https:\/\/www.qualitester.com\/lv\/wp-json\/wp\/v2\/types\/page"}],"author":[{"embeddable":true,"href":"https:\/\/www.qualitester.com\/lv\/wp-json\/wp\/v2\/users\/7"}],"replies":[{"embeddable":true,"href":"https:\/\/www.qualitester.com\/lv\/wp-json\/wp\/v2\/comments?post=7816"}],"version-history":[{"count":0,"href":"https:\/\/www.qualitester.com\/lv\/wp-json\/wp\/v2\/pages\/7816\/revisions"}],"up":[{"embeddable":true,"href":"https:\/\/www.qualitester.com\/lv\/wp-json\/wp\/v2\/pages\/6794"}],"wp:attachment":[{"href":"https:\/\/www.qualitester.com\/lv\/wp-json\/wp\/v2\/media?parent=7816"}],"curies":[{"name":"wp","href":"https:\/\/api.w.org\/{rel}","templated":true}]}}