{"id":7527,"date":"2025-11-04T15:57:24","date_gmt":"2025-11-04T07:57:24","guid":{"rendered":"https:\/\/www.qualitester.com\/?page_id=7527"},"modified":"2025-12-17T13:56:42","modified_gmt":"2025-12-17T05:56:42","slug":"geomembrane-puncture-testing","status":"publish","type":"page","link":"https:\/\/www.qualitester.com\/lv\/applications\/geomembrane-puncture-testing\/","title":{"rendered":"\u0122eomembr\u0101nu caurdur\u0161anas test\u0113\u0161ana"},"content":{"rendered":"<h1 style=\"text-align: center;\" data-start=\"466\" data-end=\"902\">\u0122eomembr\u0101nu caurdur\u0161anas test\u0113\u0161ana<br \/>\n<small>ASTM D4883<\/small><\/h1>\n<p data-start=\"466\" data-end=\"902\">\u0122eomembr\u0101n\u0101m ir iz\u0161\u0137iro\u0161a noz\u012bme vides norobe\u017eo\u0161an\u0101, piem\u0113ram, atkritumu poligonos, rezervu\u0101ros un kalnr\u016bpniec\u012bbas d\u012b\u0137os. Lai nov\u0113rstu nopl\u016bdes un sist\u0113mas k\u013c\u016bmes, ir svar\u012bgi nodro\u0161in\u0101t to iztur\u012bbu un iztur\u012bbu pret caurdur\u0161anu. . <strong data-start=\"691\" data-end=\"720\">\u0123eomembr\u0101nas caurdur\u0161anas tests<\/strong> ir standartiz\u0113ta metode, ko izmanto, lai nov\u0113rt\u0113tu \u0161o materi\u0101lu sp\u0113ju iztur\u0113t meh\u0101nisko slodzi un iespie\u0161anos, nodro\u0161inot b\u016btisku veiktsp\u0113jas un kvalit\u0101tes r\u0101d\u012bt\u0101ju.<\/p>\n<hr data-start=\"904\" data-end=\"907\" \/>\n<h2 data-start=\"909\" data-end=\"956\">\u0122eomembr\u0101nu caurdur\u0161anas testa noz\u012bme<\/h2>\n<p data-start=\"958\" data-end=\"1476\">\u0122eomembr\u0101nu iztur\u012bba pret caurdur\u0161anu tie\u0161i ietekm\u0113 to aizsargfunkciju skarbos vides apst\u0101k\u013cos. Asi akme\u0146i, b\u016bvgru\u017ei vai uzst\u0101d\u012b\u0161anas spriegums var apdraud\u0113t oder\u0113juma sist\u0113mas integrit\u0101ti, ja materi\u0101ls nav pietiekami iztur\u012bgs pret caurdur\u0161anu. T\u0101p\u0113c, veicot <strong data-start=\"1245\" data-end=\"1274\">\u0123eomembr\u0101nas caurdur\u0161anas tests<\/strong> pal\u012bdz ra\u017eot\u0101jiem, in\u017eenieriem un kvalit\u0101tes kontroles speci\u0101listiem p\u0101rliecin\u0101ties, ka materi\u0101ls atbilst konkr\u0113tam projektam izvirz\u012btaj\u0101m iztur\u012bbas pras\u012bb\u0101m un starptautiskajiem standartiem, piem\u0113ram. <strong data-start=\"1461\" data-end=\"1475\">ASTM D4833<\/strong>.<\/p>\n<p data-start=\"1478\" data-end=\"1718\">\u0160is tests pal\u012bdz ar\u012b sal\u012bdzin\u0101t materi\u0101lus, optimiz\u0113t ra\u017eo\u0161anas formulas un uzlabot konstrukcijas uzticam\u012bbu. Tas ir \u012bpa\u0161i svar\u012bgi <strong data-start=\"1627\" data-end=\"1669\">\u0123eomembr\u0101nu kvalit\u0101tes nodro\u0161in\u0101\u0161anas programmas<\/strong> \u0123eotehniskajiem un in\u017eeniertehniskajiem projektiem.<\/p>\n<hr data-start=\"1720\" data-end=\"1723\" \/>\n<h2 data-start=\"1725\" data-end=\"1782\">\u0122eomembr\u0101nas indeksa iztur\u012bba pret caurdur\u0161anu (<a href=\"https:\/\/www.packqc.com\/standard\/astm-d4833\/\" rel=\"nofollow noopener\" target=\"_blank\">ASTM D4833<\/a>)<\/h2>\n<p data-start=\"1784\" data-end=\"2128\">Port\u0101ls <strong data-start=\"1788\" data-end=\"1832\">\u0123eomembr\u0101nas caurdur\u0161anas pretest\u012bbas indekss<\/strong> defin\u0113ts <strong data-start=\"1844\" data-end=\"1865\">ASTM D4833\/D4833M<\/strong> nodro\u0161ina standartiz\u0113tu veidu, k\u0101 noteikt materi\u0101la iztur\u012bbu pret lokaliz\u0113tu iespie\u0161anos. Izmantojot \u0161o metodi, testa paraugs tiek dro\u0161i saspiests starp apa\u013c\u0101m pl\u0101ksn\u0113m un pak\u013cauts caurdur\u0161anas sp\u0113kam ar cietu t\u0113rauda stieni. <strong data-start=\"2100\" data-end=\"2127\">stiepes test\u0113\u0161anas ma\u0161\u012bna<\/strong>.<\/p>\n<p data-start=\"2130\" data-end=\"2370\"><span style=\"text-decoration: underline;\"><em>Port\u0101ls<\/em> <strong data-start=\"2134\" data-end=\"2175\">maksim\u0101lais sp\u0113ks, kas re\u0123istr\u0113ts pirms pl\u012bsuma<\/strong> ir \u0123eomembr\u0101nas caurdur\u0161anas pretest\u012bbas v\u0113rt\u012bba.<\/span> \u0160\u012b v\u0113rt\u012bba kalpo k\u0101 sal\u012bdzino\u0161s r\u0101d\u012bt\u0101js, kas \u013cauj lietot\u0101jiem nov\u0113rt\u0113t materi\u0101la veiktsp\u0113ju past\u0101v\u012bgos un reproduc\u0113jamos apst\u0101k\u013cos.<\/p>\n<p data-start=\"2372\" data-end=\"2406\">ASTM D4833 galvenie aspekti ir \u0161\u0101di:<\/p>\n<ul>\n<li data-start=\"2409\" data-end=\"2477\">Paraugs tiek fiks\u0113ts <em data-start=\"2433\" data-end=\"2450\">bez spriedzes<\/em> starp apa\u013c\u0101m pl\u0101ksn\u0113m.<\/li>\n<li data-start=\"2480\" data-end=\"2571\">Caurumo\u0161anas sp\u0113ks tiek pielietots ar konstantu \u0101trumu, kas ir <strong data-start=\"2533\" data-end=\"2568\">300 \u00b1 10 mm\/min (12 \u00b1 \u00bd in\/min)<\/strong>.<\/li>\n<li data-start=\"2574\" data-end=\"2666\">Port\u0101ls <strong data-start=\"2578\" data-end=\"2601\">iztur\u012bba pret caurdur\u0161anu<\/strong> tiek noteikts no <strong data-start=\"2625\" data-end=\"2639\">maksim\u0101lais sp\u0113ks<\/strong> test\u0113\u0161anas laik\u0101.<\/li>\n<li data-start=\"2669\" data-end=\"2771\">Kompoz\u012btmateri\u0101liem <strong data-start=\"2698\" data-end=\"2721\">pirmais pl\u012bsuma punkts<\/strong> tiek zi\u0146ots pat tad, ja par\u0101d\u0101s otrs augst\u0101ks maksimums.<\/li>\n<\/ul>\n<p data-start=\"2773\" data-end=\"2885\">\u0160\u012b standartiz\u0113t\u0101 testa metode nodro\u0161ina prec\u012bzu un vienotu datu pazi\u0146o\u0161anu vis\u0101s laboratorij\u0101s un ra\u017eot\u0101jiem.<\/p>\n<hr data-start=\"2887\" data-end=\"2890\" \/>\n<h2 data-start=\"2892\" data-end=\"2965\">\u0122eomembr\u0101nas iztur\u012bbas pret caurdur\u0161anu tests: Proced\u016bra un interpret\u0101cija<\/h2>\n<p data-start=\"2967\" data-end=\"3237\">Veicot <strong data-start=\"2980\" data-end=\"3023\">\u0123eomembr\u0101nas iztur\u012bbas pret caurdur\u0161anu tests<\/strong> nepiecie\u0161ama precizit\u0101te un konsekvence. Pareizi kalibr\u0113ta stiepes vai saspie\u0161anas test\u0113\u0161anas iek\u0101rta, piem. <strong data-start=\"3134\" data-end=\"3169\">Cell instrumenti Stiepes testeris<\/strong>, nodro\u0161ina vienm\u0113r\u012bgu un pareizu testa slodzes pielik\u0161anu.<\/p>\n<p data-start=\"3239\" data-end=\"3267\">Testa proced\u016bra ietver:<\/p>\n<ol>\n<li data-start=\"3271\" data-end=\"3371\">Atbilsto\u0161a slodzes diapazona izv\u0113le, lai pl\u012bsums notiktu starp 10% un 90% pilnas skalas slodzes.<\/li>\n<li data-start=\"3375\" data-end=\"3446\">\u0122eomembr\u0101nas parauga nostiprin\u0101\u0161ana centr\u0101 starp skavas pl\u0101ksn\u0113m.<\/li>\n<li data-start=\"3450\" data-end=\"3508\">Punkcijas stie\u0146a pielieto\u0161ana, l\u012bdz notiek piln\u012bgs pl\u012bsums.<\/li>\n<li data-start=\"3512\" data-end=\"3579\">Ierakst\u012b\u0161ana <strong data-start=\"3526\" data-end=\"3543\">maksim\u0101lais sp\u0113ks<\/strong> k\u0101 caurdur\u0161anas pretest\u012bbas v\u0113rt\u012bba.<\/li>\n<\/ol>\n<p data-start=\"3581\" data-end=\"3807\">Rezult\u0101ti tiek izmantoti, lai nov\u0113rt\u0113tu <strong data-start=\"3614\" data-end=\"3647\">\u0123eomembr\u0101nas caurdur\u0161anas iztur\u012bba<\/strong> un lai sal\u012bdzin\u0101tu materi\u0101lus vai ra\u017eo\u0161anas partijas. Liel\u0101ka iztur\u012bba pret caurdur\u0161anu nor\u0101da uz augst\u0101ku iztur\u012bbu un piem\u0113rot\u012bbu sare\u017e\u0123\u012btiem pielietojumiem uz vietas.<\/p>\n<hr data-start=\"3809\" data-end=\"3812\" \/>\n<h2 data-start=\"3814\" data-end=\"3879\">\u0122eomembr\u0101nu caurdur\u0161anas iztur\u012bbas tests: Pielietojums un ieguvumi<\/h2>\n<p data-start=\"3881\" data-end=\"4046\">Port\u0101ls <strong data-start=\"3885\" data-end=\"3923\">\u0123eomembr\u0101nas caurdur\u0161anas iztur\u012bbas tests<\/strong> ir neaizst\u0101jams, projekt\u0113jot un izv\u0113loties \u0123eomembr\u0101nas hermetiz\u0101cijas sist\u0113m\u0101m. T\u0101 sniedz b\u016btisku ieskatu par:<\/p>\n<ul>\n<li data-start=\"4049\" data-end=\"4121\"><strong data-start=\"4049\" data-end=\"4071\">Materi\u0101la iztur\u012bba<\/strong> un sp\u0113ju pretoties asu priek\u0161metu iek\u013c\u016b\u0161anai.<\/li>\n<li data-start=\"4124\" data-end=\"4202\"><strong data-start=\"4124\" data-end=\"4150\">Veiktsp\u0113jas sal\u012bdzin\u0101jums<\/strong> starp \u0123eomembr\u0101nu veidiem (HDPE, LLDPE, PVC utt.).<\/li>\n<li data-start=\"4205\" data-end=\"4281\"><strong data-start=\"4205\" data-end=\"4224\">Kvalit\u0101tes kontrole<\/strong> ra\u017eot\u0101jiem, lai nodro\u0161in\u0101tu ra\u017eo\u0161anas konsekvenci.<\/li>\n<li data-start=\"4284\" data-end=\"4358\"><strong data-start=\"4284\" data-end=\"4312\">Projekta dro\u0161\u012bbas nodro\u0161in\u0101\u0161ana<\/strong>, samazinot nopl\u016bdes vai boj\u0101jumu risku.<\/li>\n<\/ul>\n<p data-start=\"4360\" data-end=\"4525\">Integr\u0113jot \u0161o testu materi\u0101lu kvalifik\u0101cijas un ra\u017eo\u0161anas posmos, organiz\u0101cijas var iev\u0113rojami uzlabot ilgtermi\u0146a veiktsp\u0113ju un vides dro\u0161\u012bbu.<\/p>\n<hr data-start=\"4527\" data-end=\"4530\" \/>\n<h2 data-start=\"4532\" data-end=\"4598\">Ieteicamais test\u0113\u0161anas apr\u012bkojums: Cell Instruments stiepes testeris<\/h2>\n<p><a href=\"https:\/\/www.qualitester.com\/lv\/products-2\/tensile-tester-tst-01\/\"><img fetchpriority=\"high\" decoding=\"async\" class=\"size-medium wp-image-7531 alignleft\" src=\"https:\/\/www.qualitester.com\/wp-content\/uploads\/2025\/11\/Geomembrane-Puncture-Testing-ASTM-D4833-Index-Puncture-300x300.webp\" alt=\"\u0122eomembr\u0101nu caurdur\u0161anas test\u0113\u0161ana - ASTM D4833 indeksa caurdur\u0161ana\" width=\"300\" height=\"300\" srcset=\"https:\/\/www.qualitester.com\/wp-content\/uploads\/2025\/11\/Geomembrane-Puncture-Testing-ASTM-D4833-Index-Puncture-300x300.webp 300w, https:\/\/www.qualitester.com\/wp-content\/uploads\/2025\/11\/Geomembrane-Puncture-Testing-ASTM-D4833-Index-Puncture-150x150.webp 150w, https:\/\/www.qualitester.com\/wp-content\/uploads\/2025\/11\/Geomembrane-Puncture-Testing-ASTM-D4833-Index-Puncture-12x12.webp 12w, https:\/\/www.qualitester.com\/wp-content\/uploads\/2025\/11\/Geomembrane-Puncture-Testing-ASTM-D4833-Index-Puncture-100x100.webp 100w, https:\/\/www.qualitester.com\/wp-content\/uploads\/2025\/11\/Geomembrane-Puncture-Testing-ASTM-D4833-Index-Puncture.webp 600w\" sizes=\"(max-width: 300px) 100vw, 300px\" \/><\/a>Dro\u0161ai un prec\u012bzai \u0123eomembr\u0101nu caurdur\u0161anas p\u0101rbaudei, <strong data-start=\"4655\" data-end=\"4691\">Cell Instruments\u2019 <a href=\"https:\/\/www.qualitester.com\/lv\/products-2\/tensile-tester-tst-01\/\">Stiepes testeris<\/a><\/strong> pied\u0101v\u0101 uzlabotu slodzes kontroli, stabilu testa \u0101trumu un augstas iz\u0161\u0137irtsp\u0113jas datu ieg\u016b\u0161anu. T\u0101 konstrukcija atbalsta da\u017e\u0101dus \u0123eosint\u0113tisko materi\u0101lu test\u0113\u0161anas stiprin\u0101jumus, tostarp gredzenveida skavas un caurumo\u0161anas stie\u0146us, kas nor\u0101d\u012bti <strong data-start=\"4891\" data-end=\"4905\">ASTM D4833<\/strong>.<\/p>\n<p data-start=\"4908\" data-end=\"4931\">Galven\u0101s priek\u0161roc\u012bbas:<\/p>\n<ul>\n<li data-start=\"4934\" data-end=\"4984\">Augsta testa rezult\u0101tu precizit\u0101te un atk\u0101rtojam\u012bba.<\/li>\n<li data-start=\"4987\" data-end=\"5040\">Lietot\u0101jam draudz\u012bga programmat\u016bra re\u0101llaika datu anal\u012bzei.<\/li>\n<li data-start=\"5043\" data-end=\"5105\">Savietojam\u012bba ar vair\u0101kiem test\u0113\u0161anas standartiem un paraugu veidiem.<\/li>\n<\/ul>\n<p data-start=\"5107\" data-end=\"5308\">Izmantojot Cell Instruments apr\u012bkojumu, laboratorijas un kvalit\u0101tes kontroles noda\u013cas var veikt konsekventu, atbilsto\u0161u un efekt\u012bvu \u0123eomembr\u0101nu un saist\u012bto produktu iztur\u012bbas pret caurdur\u0161anu nov\u0113rt\u0113\u0161anu.<\/p>\n<hr data-start=\"5310\" data-end=\"5313\" \/>\n<h2 data-start=\"6072\" data-end=\"6389\">Bie\u017e\u0101k uzdotie jaut\u0101jumi<\/h2>\n<p data-start=\"6072\" data-end=\"6389\"><strong data-start=\"6072\" data-end=\"6132\">1. K\u0101ds ir \u0123eomembr\u0101nas caurdur\u0161anas testa m\u0113r\u0137is?<\/strong><br data-start=\"6132\" data-end=\"6135\" \/>Ar \u0123eomembr\u0101nas caurdur\u0161anas testu kontrol\u0113tos laboratorijas apst\u0101k\u013cos nosaka materi\u0101la iztur\u012bbu pret caurdur\u0161anu un caurdur\u0161anu. Tas nodro\u0161ina indeksa v\u0113rt\u012bbu, kas pal\u012bdz nov\u0113rt\u0113t materi\u0101la iztur\u012bbu, kvalit\u0101ti un piem\u0113rot\u012bbu lieto\u0161anai uz lauka.<\/p>\n<p data-start=\"6391\" data-end=\"6710\"><strong data-start=\"6391\" data-end=\"6465\">2. Kur\u0161 standarts tiek izmantots, lai p\u0101rbaud\u012btu \u0123eomembr\u0101nu iztur\u012bbu pret caurdur\u0161anu?<\/strong><br data-start=\"6465\" data-end=\"6468\" \/>Vispla\u0161\u0101k atz\u012btais standarts ir <strong data-start=\"6507\" data-end=\"6611\"><a href=\"https:\/\/www.astm.org\/d4833_d4833m-07r20.html\" target=\"_blank\" rel=\"noopener nofollow\">ASTM D4833<\/a> - Standarta testa metode \u0123eomembr\u0101nu un saist\u012bto izstr\u0101d\u0101jumu indeksa iztur\u012bbas pret caurdur\u0161anu noteik\u0161anai<\/strong>, kur\u0101 noteikta proced\u016bra, \u0101trums un testa konfigur\u0101cija, lai ieg\u016btu konsekventus un sal\u012bdzin\u0101mus rezult\u0101tus.<\/p>\n<p data-start=\"6712\" data-end=\"7053\"><strong data-start=\"6712\" data-end=\"6791\">3. K\u0101ds apr\u012bkojums ir nepiecie\u0161ams, lai veiktu \u0123eomembr\u0101nas caurdur\u0161anas testu?<\/strong><br data-start=\"6791\" data-end=\"6794\" \/>A <strong data-start=\"6796\" data-end=\"6823\">stiepes test\u0113\u0161anas ma\u0161\u012bna<\/strong> apr\u012bkots ar gredzenveida skavas stiprin\u0101jumu un caurumo\u0161anas stieni. T\u0101di instrumenti k\u0101 <strong data-start=\"6906\" data-end=\"6941\">Cell instrumenti Stiepes testeris<\/strong> ir ide\u0101li piem\u0113rotas, jo t\u0101s nodro\u0161ina prec\u012bzu sp\u0113ka kontroli un prec\u012bzu datu re\u0123istr\u0113\u0161anu saska\u0146\u0101 ar ASTM D4833.<\/p>\n<p data-start=\"7055\" data-end=\"7367\"><strong data-start=\"7055\" data-end=\"7126\">4. K\u0101di faktori ietekm\u0113 \u0123eomembr\u0101nas iztur\u012bbu pret caurdur\u0161anu?<\/strong><br data-start=\"7126\" data-end=\"7129\" \/>Iztur\u012bba pret caurdur\u0161anu ir atkar\u012bga no vair\u0101kiem faktoriem, tostarp materi\u0101la veida (HDPE, PVC u. c.), biezuma, sast\u0101va, temperat\u016bras un ra\u017eo\u0161anas procesa. Biez\u0101ki un elast\u012bg\u0101ki materi\u0101li parasti ir iztur\u012bg\u0101ki pret caurdur\u0161anu.<\/p>\n<p data-start=\"7369\" data-end=\"7687\"><strong data-start=\"7369\" data-end=\"7443\">5. Cik bie\u017ei j\u0101p\u0101rbauda \u0123eomembr\u0101nu iztur\u012bba pret caurdur\u0161anu?<\/strong><br data-start=\"7443\" data-end=\"7446\" \/>Ieteicams p\u0101rbaud\u012bt <strong data-start=\"7472\" data-end=\"7497\">katru ra\u017eo\u0161anas partiju<\/strong> un veikt verifik\u0101cijas testus <strong data-start=\"7536\" data-end=\"7596\">materi\u0101lu kvalifik\u0101cijas, uzst\u0101d\u012b\u0161anas un kvalit\u0101tes auditi.<\/strong>. Regul\u0101ra test\u0113\u0161ana nodro\u0161ina \u0123eomembr\u0101nu darb\u012bbas konsekvenci un ilgtermi\u0146a uzticam\u012bbu.<\/p>","protected":false},"excerpt":{"rendered":"<p>Geomembrane Puncture Testing ASTM D4883 Geomembranes play a crucial role in environmental containment applications such as landfills, reservoirs, and mining ponds. Ensuring their durability and puncture resistance is vital to prevent leaks and system failures. The geomembrane puncture test is a standardized method used to evaluate the ability of these materials to withstand mechanical stress &hellip;<\/p>\n<p class=\"read-more\"> <a class=\"\" href=\"https:\/\/www.qualitester.com\/lv\/applications\/geomembrane-puncture-testing\/\"> <span class=\"screen-reader-text\">\u0122eomembr\u0101nu caurdur\u0161anas test\u0113\u0161ana<\/span> Las\u012bt vair\u0101k \"<\/a><\/p>","protected":false},"author":4,"featured_media":7531,"parent":6794,"menu_order":0,"comment_status":"closed","ping_status":"closed","template":"","meta":{"site-sidebar-layout":"default","site-content-layout":"default","ast-global-header-display":"","ast-main-header-display":"","ast-hfb-above-header-display":"","ast-hfb-below-header-display":"","ast-hfb-mobile-header-display":"","site-post-title":"disabled","ast-breadcrumbs-content":"","ast-featured-img":"disabled","footer-sml-layout":"","theme-transparent-header-meta":"default","adv-header-id-meta":"","stick-header-meta":"","header-above-stick-meta":"","header-main-stick-meta":"","header-below-stick-meta":"","footnotes":""},"class_list":["post-7527","page","type-page","status-publish","has-post-thumbnail","hentry"],"_links":{"self":[{"href":"https:\/\/www.qualitester.com\/lv\/wp-json\/wp\/v2\/pages\/7527","targetHints":{"allow":["GET"]}}],"collection":[{"href":"https:\/\/www.qualitester.com\/lv\/wp-json\/wp\/v2\/pages"}],"about":[{"href":"https:\/\/www.qualitester.com\/lv\/wp-json\/wp\/v2\/types\/page"}],"author":[{"embeddable":true,"href":"https:\/\/www.qualitester.com\/lv\/wp-json\/wp\/v2\/users\/4"}],"replies":[{"embeddable":true,"href":"https:\/\/www.qualitester.com\/lv\/wp-json\/wp\/v2\/comments?post=7527"}],"version-history":[{"count":0,"href":"https:\/\/www.qualitester.com\/lv\/wp-json\/wp\/v2\/pages\/7527\/revisions"}],"up":[{"embeddable":true,"href":"https:\/\/www.qualitester.com\/lv\/wp-json\/wp\/v2\/pages\/6794"}],"wp:featuredmedia":[{"embeddable":true,"href":"https:\/\/www.qualitester.com\/lv\/wp-json\/wp\/v2\/media\/7531"}],"wp:attachment":[{"href":"https:\/\/www.qualitester.com\/lv\/wp-json\/wp\/v2\/media?parent=7527"}],"curies":[{"name":"wp","href":"https:\/\/api.w.org\/{rel}","templated":true}]}}