{"id":7502,"date":"2025-09-30T10:34:02","date_gmt":"2025-09-30T02:34:02","guid":{"rendered":"https:\/\/www.qualitester.com\/?page_id=7502"},"modified":"2025-09-30T10:34:02","modified_gmt":"2025-09-30T02:34:02","slug":"vacuum-leak-test-for-bottles","status":"publish","type":"page","link":"https:\/\/www.qualitester.com\/lv\/applications\/vacuum-leak-test-for-bottles\/","title":{"rendered":"Pude\u013cu vakuuma nopl\u016bdes tests"},"content":{"rendered":"<h1 style=\"text-align: center;\" data-start=\"412\" data-end=\"860\">Pude\u013cu vakuuma nopl\u016bdes tests<br \/>\n<small>ASTM D3078 &amp; ASTM D4991 &amp; ASTM D5094 &amp; ASTM D6653 &amp; ASTM F2338<\/small><\/h1>\n<p data-start=\"637\" data-end=\"1201\">Port\u0101ls <strong data-start=\"641\" data-end=\"673\">pude\u013cu vakuuma nopl\u016bdes tests<\/strong> ir viena no svar\u012bg\u0101kaj\u0101m kvalit\u0101tes kontroles metod\u0113m m\u016bsdienu ra\u017eo\u0161an\u0101. Pudeles un trauki ir \u013coti svar\u012bgi, lai aizsarg\u0101tu produktus uzglab\u0101\u0161anas, p\u0101rvad\u0101\u0161anas un lieto\u0161anas laik\u0101. Ja pudele nesp\u0113j saglab\u0101t savu bl\u012bv\u0113jumu vai strukt\u016bru, sekas var b\u016bt produktu pies\u0101r\u0146ojums, finansi\u0101li zaud\u0113jumi un saboj\u0101ta z\u012bmola reput\u0101cija. Tas jo \u012bpa\u0161i attiecas uz t\u0101d\u0101m nozar\u0113m k\u0101 <strong data-start=\"1053\" data-end=\"1124\">p\u0101rtika un dz\u0113rieni, farm\u0101cijas produkti, ikdienas \u0137\u012bmisk\u0101s vielas un vesel\u012bbas apr\u016bpe.<\/strong>, kur iepakojums ir tie\u0161i saist\u012bts ar produktu dro\u0161\u012bbu un pat\u0113r\u0113t\u0101ju vesel\u012bbu.<\/p>\n<p data-start=\"1203\" data-end=\"1513\">Vakuuma nopl\u016bdes tests nodro\u0161ina ra\u017eot\u0101jiem uzticamu veidu, k\u0101 p\u0101rliecin\u0101ties, ka pudel\u0113s un plastmasas traukos nav nopl\u016b\u017eu, plaisu vai sl\u0113g\u0161anas defektu, pirms tie non\u0101k tirg\u016b. Atkl\u0101jot pat vismaz\u0101k\u0101s nepiln\u012bbas, \u0161\u012b test\u0113\u0161anas metode pal\u012bdz nodro\u0161in\u0101t gan izstr\u0101d\u0101jumu kvalit\u0101ti, gan klientu uztic\u012bbu.<\/p>\n<hr data-start=\"862\" data-end=\"865\" \/>\n<h2 data-start=\"867\" data-end=\"912\">K\u0101p\u0113c pude\u013cu vakuuma nopl\u016bdes tests ir svar\u012bgs<\/h2>\n<p data-start=\"914\" data-end=\"1161\">Pudeles, kas izgatavotas no plastmasas, stikla vai kompoz\u012btmateri\u0101liem, var b\u016bt boj\u0101tas ar mikroplais\u0101m, sl\u0113g\u0161anas k\u013c\u016bm\u0113m vai defektiem, kas nav redzami ar neapbru\u0146otu aci. A <strong data-start=\"1068\" data-end=\"1088\">vakuuma nopl\u016bdes tests<\/strong> pal\u012bdz laikus atkl\u0101t \u0161\u0101dus tr\u016bkumus, nov\u0113r\u0161ot potenci\u0101lus apdraud\u0113jumus, piem\u0113ram:<\/p>\n<ul>\n<li data-start=\"1165\" data-end=\"1199\">Karboniz\u0101cijas zudums dz\u0113rienos<\/li>\n<li data-start=\"1202\" data-end=\"1236\">Farmaceitisko l\u012bdzek\u013cu pies\u0101r\u0146ojums<\/li>\n<li data-start=\"1239\" data-end=\"1271\">B\u012bstamu \u0137\u012bmisko vielu nopl\u016bde<\/li>\n<li data-start=\"1274\" data-end=\"1311\">Samazin\u0101ts p\u0101rtikas produktu der\u012bguma termi\u0146\u0161<\/li>\n<\/ul>\n<p data-start=\"1313\" data-end=\"1457\">Integr\u0113jot \u0161o testu kvalit\u0101tes nodro\u0161in\u0101\u0161an\u0101, ra\u017eot\u0101ji nodro\u0161ina atbilst\u012bbu starptautiskajiem standartiem un saglab\u0101 konkur\u0113tsp\u0113ju.<\/p>\n<hr data-start=\"1459\" data-end=\"1462\" \/>\n<h2 data-start=\"1464\" data-end=\"1495\">Vakuuma nopl\u016bdes testa proced\u016bra<\/h2>\n<p data-start=\"1497\" data-end=\"1772\">Port\u0101ls <strong data-start=\"1501\" data-end=\"1531\">vakuuma nopl\u016bdes testa proced\u016bra<\/strong> parasti ietver pudeles vai trauka ievieto\u0161anu nosl\u0113gt\u0101 kamer\u0101. Atkar\u012bb\u0101 no izv\u0113l\u0113t\u0101s metodes tiek piem\u0113rots vakuums, un trauk\u0101 tiek nov\u0113rotas spiediena izmai\u0146as, burbu\u013cu emisija vai vakuuma izzu\u0161ana. Parasti tiek veikti \u0161\u0101di posmi:<\/p>\n<ol>\n<li data-start=\"1777\" data-end=\"1847\">Tvertnes sagatavo\u0161ana (tuk\u0161as vai piepild\u012btas atkar\u012bb\u0101 no pras\u012bb\u0101m).<\/li>\n<li data-start=\"1851\" data-end=\"1899\">Tvertnes nosl\u0113g\u0161ana testa kamer\u0101.<\/li>\n<li data-start=\"1903\" data-end=\"1975\">Pak\u0101peniska vakuuma piem\u0113ro\u0161ana, lai imit\u0113tu uzglab\u0101\u0161anas vai transport\u0113\u0161anas apst\u0101k\u013cus.<\/li>\n<li data-start=\"1979\" data-end=\"2046\">Nov\u0113rot nopl\u016bdes indikatorus, piem\u0113ram, spiediena izmai\u0146as vai burbu\u013cus.<\/li>\n<li data-start=\"2050\" data-end=\"2111\">Testa datu re\u0123istr\u0113\u0161ana anal\u012bzei un kvalit\u0101tes dokument\u0101cijai.<\/li>\n<\/ol>\n<p data-start=\"2113\" data-end=\"2213\">\u0160\u012b proced\u016bra nodro\u0161ina, ka pat vismaz\u0101k\u0101s nopl\u016bdes tiek atkl\u0101tas, pirms produkti non\u0101k tirg\u016b.<\/p>\n<hr data-start=\"2215\" data-end=\"2218\" \/>\n<h2 data-start=\"2220\" data-end=\"2262\">Galvenie pude\u013cu nopl\u016bdes test\u0113\u0161anas standarti<\/h2>\n<p data-start=\"2264\" data-end=\"2387\">Vair\u0101kos ASTM standartos ir sniegtas detaliz\u0113tas metodikas <strong data-start=\"2322\" data-end=\"2361\">plastmasas tvert\u0146u nopl\u016bdes tests<\/strong> un citiem pude\u013cu veidiem:<\/p>\n<ul>\n<li data-start=\"2391\" data-end=\"2510\"><a href=\"https:\/\/www.qualitester.com\/lv\/standards\/astm-d3078\/\"><strong data-start=\"2391\" data-end=\"2405\">ASTM D3078<\/strong><\/a> \u2013 <em data-start=\"2408\" data-end=\"2430\">Burbu\u013cu emisijas tests<\/em> nopl\u016b\u017eu noteik\u0161anai elast\u012bg\u0101 iepakojum\u0101, iegremd\u0113jot \u016bden\u012b vakuum\u0101.<\/li>\n<li data-start=\"2513\" data-end=\"2631\"><strong data-start=\"2513\" data-end=\"2527\">ASTM D4991<\/strong> \u2013 <em data-start=\"2530\" data-end=\"2566\">Vakuuma metode cietiem konteineriem<\/em>, ko pla\u0161i izmanto tuk\u0161\u0101m pudel\u0113m, lai nov\u0113rt\u0113tu struktur\u0101lo integrit\u0101ti.<\/li>\n<li data-start=\"2634\" data-end=\"2740\"><strong data-start=\"2634\" data-end=\"2648\">ASTM D5094<\/strong> \u2013 <em data-start=\"2651\" data-end=\"2672\">Bruto nopl\u016bdes testi<\/em> v\u012bt\u0146otiem vai uzga\u013ca tipa aizb\u0101\u017e\u0146iem, lai nov\u0113rt\u0113tu aizb\u0101\u017e\u0146a herm\u0113tiskumu.<\/li>\n<li data-start=\"2743\" data-end=\"2866\"><strong data-start=\"2743\" data-end=\"2757\">ASTM D6653<\/strong> \u2013 <em data-start=\"2760\" data-end=\"2786\">Augstuma simul\u0101cija<\/em> izmantojot vakuumu, lai atk\u0101rtotu pazemin\u0101ta spiediena vidi gaisa transporta laik\u0101.<\/li>\n<li data-start=\"2869\" data-end=\"2988\"><a href=\"https:\/\/www.qualitester.com\/lv\/standards\/astm-f2338\/\"><strong data-start=\"2869\" data-end=\"2883\">ASTM F2338<\/strong><\/a> \u2013 <em data-start=\"2886\" data-end=\"2907\">Vakuuma sabruk\u0161anas metode<\/em>, kas ir nesagraujo\u0161s pa\u0146\u0113miens ar augstu jut\u012bbu mikroteces noteik\u0161anai.<\/li>\n<\/ul>\n<p data-start=\"2990\" data-end=\"3113\">Katrs standarts ir izstr\u0101d\u0101ts t\u0101, lai atdarin\u0101tu re\u0101los apst\u0101k\u013cus, t\u0101d\u0113j\u0101di test\u0113\u0161anas rezult\u0101ti ir uzticami un atz\u012bti nozar\u0113.<\/p>\n<hr data-start=\"3115\" data-end=\"3118\" \/>\n<h2 data-start=\"3120\" data-end=\"3155\">Pielietojumi da\u017e\u0101d\u0101s nozar\u0113s<\/h2>\n<ul>\n<li data-start=\"3159\" data-end=\"3269\"><strong data-start=\"3159\" data-end=\"3178\">P\u0101rtika un dz\u0113rieni<\/strong>: Nodro\u0161ina karboniz\u0101cijas saglab\u0101\u0161anos sodas pudel\u0113s un nov\u0113r\u0161 nopl\u016bdes izplat\u012b\u0161anas laik\u0101.<\/li>\n<li data-start=\"3272\" data-end=\"3367\"><strong data-start=\"3272\" data-end=\"3291\">Farmaceitiskie produkti<\/strong>: Aizsarg\u0101 z\u0101les no pies\u0101r\u0146ojuma un apstiprina iepakojuma sterilit\u0101ti.<\/li>\n<li data-start=\"3370\" data-end=\"3472\"><strong data-start=\"3370\" data-end=\"3400\">\u0136imik\u0101lijas un ikdienas produkti<\/strong>: Nov\u0113r\u0161 b\u012bstam\u012bbu, ko rada mazg\u0101\u0161anas l\u012bdzek\u013cu, \u0161\u0137\u012bdin\u0101t\u0101ju vai e\u013c\u013cu nopl\u016bde.<\/li>\n<li data-start=\"3475\" data-end=\"3583\"><strong data-start=\"3475\" data-end=\"3506\">Kvalit\u0101tes p\u0101rbaudes a\u0123ent\u016bras<\/strong>: Sniedz standartiz\u0113tus valid\u0101cijas zi\u0146ojumus saska\u0146\u0101 ar ASTM metod\u0113m.<\/li>\n<\/ul>\n<hr data-start=\"3585\" data-end=\"3588\" \/>\n<h2 data-start=\"3590\" data-end=\"3632\">Pareiz\u0101 pude\u013cu nopl\u016bdes testera izv\u0113le<\/h2>\n<p data-start=\"3634\" data-end=\"3927\">Atbilsto\u0161u <a href=\"https:\/\/www.qualitester.com\/lv\/products-2\/lt-03-seal-strength-testing-machine\/\"><strong data-start=\"3660\" data-end=\"3682\">pudeles nopl\u016bdes testeris<\/strong><\/a> atkar\u012bgs no tvertnes veida, nepiecie\u0161am\u0101s jut\u012bbas un piem\u0113rojamajiem standartiem. Piem\u0113ram, nesagraujo\u0161\u0101 test\u0113\u0161ana ar <strong data-start=\"3807\" data-end=\"3821\">ASTM F2338<\/strong> var b\u016bt ide\u0101li piem\u0113rots farm\u0101cijas pudel\u0113m, bet <strong data-start=\"3869\" data-end=\"3883\">ASTM D4991<\/strong> ir piem\u0113rots cietai plastmasas tarai.<\/p>\n<p><a href=\"https:\/\/www.qualitester.com\/lv\/produkta-kategorija\/test-items\/leak-tester\/\"><img fetchpriority=\"high\" decoding=\"async\" class=\"aligncenter wp-image-7503 size-full\" src=\"https:\/\/www.qualitester.com\/wp-content\/uploads\/2025\/09\/vacuum-leak-test-for-bottles.jpg\" alt=\"pude\u013cu vakuuma nopl\u016bdes tests\" width=\"600\" height=\"400\" srcset=\"https:\/\/www.qualitester.com\/wp-content\/uploads\/2025\/09\/vacuum-leak-test-for-bottles.jpg 600w, https:\/\/www.qualitester.com\/wp-content\/uploads\/2025\/09\/vacuum-leak-test-for-bottles-300x200.jpg 300w, https:\/\/www.qualitester.com\/wp-content\/uploads\/2025\/09\/vacuum-leak-test-for-bottles-18x12.jpg 18w\" sizes=\"(max-width: 600px) 100vw, 600px\" \/><\/a><\/p>\n<p data-start=\"3929\" data-end=\"4193\"><strong data-start=\"3929\" data-end=\"3949\">\u0160\u016bnu instrumenti<\/strong> pied\u0101v\u0101 progres\u012bvus nopl\u016bdes testerus, kas izstr\u0101d\u0101ti, lai apmierin\u0101tu \u0161\u012bs vajadz\u012bbas. To iek\u0101rtas nodro\u0161ina prec\u012bzu vakuuma kontroli, uzticamu datu izvadi un atbilst\u012bbu starptautiskajiem standartiem, padarot t\u0101s par uzticamu izv\u0113li laboratorij\u0101m un ra\u017eo\u0161anas l\u012bnij\u0101m.<\/p>\n<hr data-start=\"4195\" data-end=\"4198\" \/>\n<h2 data-start=\"4200\" data-end=\"4238\">Vakuuma nopl\u016bdes test\u0113\u0161anas priek\u0161roc\u012bbas<\/h2>\n<ul>\n<li data-start=\"4242\" data-end=\"4317\"><strong data-start=\"4242\" data-end=\"4262\">Augsta jut\u012bba<\/strong>: Atkl\u0101j pat ar neapbru\u0146otu aci neredzamas mikroplaisas.<\/li>\n<li data-start=\"4320\" data-end=\"4388\"><strong data-start=\"4320\" data-end=\"4345\">Standartiz\u0113ta pieeja<\/strong>: Nodro\u0161ina atbilst\u012bbu ASTM protokoliem.<\/li>\n<li data-start=\"4391\" data-end=\"4471\"><strong data-start=\"4391\" data-end=\"4418\">Nesagraujo\u0161as opcijas<\/strong>: \u013bauj veikt test\u0113\u0161anu, net\u0113r\u0113jot v\u0113rt\u012bgus produktus.<\/li>\n<li data-start=\"4474\" data-end=\"4550\"><strong data-start=\"4474\" data-end=\"4489\">Daudzpus\u012bba<\/strong>: Piem\u0113rots pla\u0161am pude\u013cu un aizdares sist\u0113mu kl\u0101stam.<\/li>\n<\/ul>\n<hr data-start=\"4552\" data-end=\"4555\" \/>\n<p data-start=\"4574\" data-end=\"4953\">\u012astenojot <strong data-start=\"4589\" data-end=\"4621\">pude\u013cu vakuuma nopl\u016bdes tests<\/strong> ir b\u016btisks solis, lai nodro\u0161in\u0101tu produktu kvalit\u0101ti un atbilst\u012bbu glob\u0101lajiem standartiem, piem\u0113ram. <strong data-start=\"4726\" data-end=\"4792\"><a href=\"https:\/\/www.astm.org\/d3078-02r21e01.html\" target=\"_blank\" rel=\"noopener nofollow\">ASTM D3078<\/a>, ASTM D4991, ASTM D5094, ASTM D6653 un ASTM F2338.<\/strong>. Izmantojot uzticamus nopl\u016bdes testerus, piem\u0113ram, no <strong data-start=\"4847\" data-end=\"4867\">\u0160\u016bnu instrumenti<\/strong>, ra\u017eot\u0101ji var samazin\u0101t riskus, uzlabot efektivit\u0101ti un stiprin\u0101t pat\u0113r\u0113t\u0101ju uztic\u0113\u0161anos.<\/p>","protected":false},"excerpt":{"rendered":"<p>Vacuum Leak Test for Bottles ASTM D3078 &amp; ASTM D4991 &amp; ASTM D5094 &amp; ASTM D6653 &amp; ASTM F2338 The vacuum leak test for bottles is one of the most important quality control methods in modern manufacturing. Bottles and containers play a critical role in protecting products during storage, shipping, and use. If a bottle &hellip;<\/p>\n<p class=\"read-more\"> <a class=\"\" href=\"https:\/\/www.qualitester.com\/lv\/applications\/vacuum-leak-test-for-bottles\/\"> <span class=\"screen-reader-text\">Pude\u013cu vakuuma nopl\u016bdes tests<\/span> Las\u012bt vair\u0101k \"<\/a><\/p>","protected":false},"author":4,"featured_media":0,"parent":6794,"menu_order":0,"comment_status":"closed","ping_status":"closed","template":"","meta":{"site-sidebar-layout":"default","site-content-layout":"default","ast-global-header-display":"","ast-main-header-display":"","ast-hfb-above-header-display":"","ast-hfb-below-header-display":"","ast-hfb-mobile-header-display":"","site-post-title":"disabled","ast-breadcrumbs-content":"","ast-featured-img":"disabled","footer-sml-layout":"","theme-transparent-header-meta":"default","adv-header-id-meta":"","stick-header-meta":"","header-above-stick-meta":"","header-main-stick-meta":"","header-below-stick-meta":"","footnotes":""},"class_list":["post-7502","page","type-page","status-publish","hentry"],"_links":{"self":[{"href":"https:\/\/www.qualitester.com\/lv\/wp-json\/wp\/v2\/pages\/7502","targetHints":{"allow":["GET"]}}],"collection":[{"href":"https:\/\/www.qualitester.com\/lv\/wp-json\/wp\/v2\/pages"}],"about":[{"href":"https:\/\/www.qualitester.com\/lv\/wp-json\/wp\/v2\/types\/page"}],"author":[{"embeddable":true,"href":"https:\/\/www.qualitester.com\/lv\/wp-json\/wp\/v2\/users\/4"}],"replies":[{"embeddable":true,"href":"https:\/\/www.qualitester.com\/lv\/wp-json\/wp\/v2\/comments?post=7502"}],"version-history":[{"count":0,"href":"https:\/\/www.qualitester.com\/lv\/wp-json\/wp\/v2\/pages\/7502\/revisions"}],"up":[{"embeddable":true,"href":"https:\/\/www.qualitester.com\/lv\/wp-json\/wp\/v2\/pages\/6794"}],"wp:attachment":[{"href":"https:\/\/www.qualitester.com\/lv\/wp-json\/wp\/v2\/media?parent=7502"}],"curies":[{"name":"wp","href":"https:\/\/api.w.org\/{rel}","templated":true}]}}