{"id":7487,"date":"2025-09-19T16:03:19","date_gmt":"2025-09-19T08:03:19","guid":{"rendered":"https:\/\/www.qualitester.com\/?page_id=7487"},"modified":"2025-09-19T16:03:19","modified_gmt":"2025-09-19T08:03:19","slug":"cobb-tester-for-paper","status":"publish","type":"page","link":"https:\/\/www.qualitester.com\/lv\/cobb-tester-for-paper\/","title":{"rendered":"Cobb testeris pap\u012bram: Prec\u012bzas \u016bdens uzs\u016bktsp\u0113jas test\u0113\u0161anas nodro\u0161in\u0101\u0161ana"},"content":{"rendered":"<p><a href=\"https:\/\/www.qualitester.com\/lv\/?s=COBB\"><img fetchpriority=\"high\" decoding=\"async\" class=\"size-medium wp-image-7490 alignleft\" src=\"https:\/\/www.qualitester.com\/wp-content\/uploads\/2025\/09\/COBB--300x300.webp\" alt=\"Cobb testeris pap\u012bram\" width=\"300\" height=\"300\" srcset=\"https:\/\/www.qualitester.com\/wp-content\/uploads\/2025\/09\/COBB--300x300.webp 300w, https:\/\/www.qualitester.com\/wp-content\/uploads\/2025\/09\/COBB--150x150.webp 150w, https:\/\/www.qualitester.com\/wp-content\/uploads\/2025\/09\/COBB--12x12.webp 12w, https:\/\/www.qualitester.com\/wp-content\/uploads\/2025\/09\/COBB--600x600.webp 600w, https:\/\/www.qualitester.com\/wp-content\/uploads\/2025\/09\/COBB--100x100.webp 100w, https:\/\/www.qualitester.com\/wp-content\/uploads\/2025\/09\/COBB-.webp 756w\" sizes=\"(max-width: 300px) 100vw, 300px\" \/><\/a>Izpratne par pap\u012bra un kartona \u016bdens uzs\u016bktsp\u0113ju ir b\u016btiska drukas, iepakojuma un pap\u012bra ra\u017eo\u0161anas kvalit\u0101tes kontrolei. . <strong data-start=\"436\" data-end=\"461\">Cobb testeris pap\u012bram<\/strong> ir specializ\u0113ts instruments, kas paredz\u0113ts, lai standartiz\u0113tos apst\u0101k\u013cos izm\u0113r\u012btu \u016bdens daudzumu, ko absorb\u0113 paraugs. Saska\u0146\u0101 ar ISO 535 standartiem \u0161\u012b test\u0113\u0161anas metode nodro\u0161ina ticamus datus, kas pal\u012bdz izv\u0113l\u0113ties materi\u0101lus, vad\u012bt ra\u017eo\u0161anas procesus un nov\u0113rt\u0113t izstr\u0101d\u0101jumu veiktsp\u0113ju.<\/p>\n<hr \/>\n<h2>Cobb absorbcijas pretest\u012bbas testeris: Galven\u0101s iez\u012bmes un lietojumprogrammas<\/h2>\n<p data-start=\"817\" data-end=\"1165\">Port\u0101ls <strong data-start=\"821\" data-end=\"858\">Cobb absorbcijas pretest\u012bbas testeris<\/strong> darbojas, uz noteikt\u0101 pap\u012bra vai kartona laukuma uzliekot izm\u0113r\u012btu \u016bdens daudzumu un nosakot absorbcijas laiku. P\u0113c noteikta laika tiek no\u0146emts liekais \u016bdens daudzums un apr\u0113\u0137in\u0101ts absorb\u0113tais daudzums. \u0160\u012b metode nodro\u0161ina, ka rezult\u0101ti ir konsekventi, prec\u012bzi un sal\u012bdzin\u0101mi da\u017e\u0101d\u0101s laboratorij\u0101s.<\/p>\n<p data-start=\"1167\" data-end=\"1223\">Cobb testera galvenie lietojumi pap\u012bram ir \u0161\u0101di:<\/p>\n<ul data-start=\"1225\" data-end=\"1686\">\n<li data-start=\"1225\" data-end=\"1353\">\n<p data-start=\"1227\" data-end=\"1353\"><strong data-start=\"1227\" data-end=\"1256\">Pap\u012bra kvalit\u0101tes nov\u0113rt\u0113\u0161ana:<\/strong> Iespiedpap\u012bra, iepakojuma kartona un gofr\u0113t\u0101 kartona \u016bdensiztur\u012bbas nov\u0113rt\u0113\u0161ana.<\/p>\n<\/li>\n<li data-start=\"1354\" data-end=\"1450\">\n<p data-start=\"1356\" data-end=\"1450\"><strong data-start=\"1356\" data-end=\"1376\">Procesa kontrole:<\/strong> p\u0101rkl\u0101juma viendab\u012bguma un virsmas apstr\u0101des uzraudz\u012bba ra\u017eo\u0161anas laik\u0101.<\/p>\n<\/li>\n<li data-start=\"1451\" data-end=\"1563\">\n<p data-start=\"1453\" data-end=\"1563\"><strong data-start=\"1453\" data-end=\"1469\">P\u0113tniec\u012bbas un izstr\u0101des test\u0113\u0161ana:<\/strong> Atbalsts jaunu pap\u012bra \u0161\u0137ir\u0146u un p\u0101rkl\u0101jumu ar v\u0113lamaj\u0101m absorbcijas \u012bpa\u0161\u012bb\u0101m izstr\u0101d\u0113.<\/p>\n<\/li>\n<li data-start=\"1564\" data-end=\"1686\">\n<p data-start=\"1566\" data-end=\"1686\"><strong data-start=\"1566\" data-end=\"1591\">Sal\u012bdzino\u0161\u0101 anal\u012bze:<\/strong> Da\u017e\u0101du pieg\u0101d\u0101t\u0101ju vai partiju sal\u012bdzin\u0101\u0161ana, lai nodro\u0161in\u0101tu konsekventu veiktsp\u0113ju produktu lietojumos.<\/p>\n<hr \/>\n<h2 data-start=\"1566\" data-end=\"1686\">K\u0101p\u0113c \u016bdens uzs\u016bktsp\u0113jas test\u0113\u0161ana ir svar\u012bga<\/h2>\n<\/li>\n<\/ul>\n<p data-start=\"1736\" data-end=\"2010\">\u016adens uzs\u016bk\u0161an\u0101s ietekm\u0113 gan pap\u012bra fizik\u0101l\u0101s, gan funkcion\u0101l\u0101s \u012bpa\u0161\u012bbas. Augsta absorbcija var izrais\u012bt tintes izkliedi vai v\u0101ju barjeras veiktsp\u0113ju, savuk\u0101rt zema absorbcija var liecin\u0101t par nepietiekamu virsmas apstr\u0101di. Izmantojot <strong data-start=\"1963\" data-end=\"1988\">Cobb testeris pap\u012bram<\/strong>, ra\u017eot\u0101ji var:<\/p>\n<ol data-start=\"2012\" data-end=\"2418\">\n<li data-start=\"2012\" data-end=\"2100\">\n<p data-start=\"2015\" data-end=\"2100\"><strong data-start=\"2015\" data-end=\"2046\">Nodro\u0161in\u0101t produktu konsekvenci:<\/strong> Saglab\u0101t vien\u0101du kvalit\u0101ti vis\u0101s ra\u017eo\u0161anas partij\u0101s.<\/p>\n<\/li>\n<li data-start=\"2101\" data-end=\"2204\">\n<p data-start=\"2104\" data-end=\"2204\"><strong data-start=\"2104\" data-end=\"2148\">Optimiz\u0113t p\u0101rkl\u0101jumus un virsmas apstr\u0101di:<\/strong> Piel\u0101gojiet procesus, lai sasniegtu v\u0113lamo absorbcijas l\u012bmeni.<\/p>\n<\/li>\n<li data-start=\"2205\" data-end=\"2336\">\n<p data-start=\"2208\" data-end=\"2336\"><strong data-start=\"2208\" data-end=\"2249\">Atbalsta atbilst\u012bba un sertifik\u0101cija:<\/strong> Saska\u0146ot test\u0113\u0161anu ar ISO 535 standartiem, nodro\u0161inot rezult\u0101tu starptautisku atz\u012b\u0161anu.<\/p>\n<\/li>\n<li data-start=\"2337\" data-end=\"2418\">\n<p data-start=\"2340\" data-end=\"2418\"><strong data-start=\"2340\" data-end=\"2366\">Materi\u0101lu atkritumu samazin\u0101\u0161ana:<\/strong> Agri atkl\u0101jiet defektus un samaziniet l\u012bdz minimumam izmetumu skaitu.<\/p>\n<hr \/>\n<h2 data-start=\"2340\" data-end=\"2418\">Test\u0113\u0161anas proced\u016bra saska\u0146\u0101 ar <a href=\"https:\/\/www.iso.org\/standard\/61486.html\" target=\"_blank\" rel=\"noopener nofollow\">ISO 535<\/a><\/h2>\n<\/li>\n<\/ol>\n<p data-start=\"2466\" data-end=\"2501\">Lai veiktu prec\u012bzu Kobba testu:<\/p>\n<ol data-start=\"2503\" data-end=\"3012\">\n<li data-start=\"2503\" data-end=\"2644\">\n<p data-start=\"2506\" data-end=\"2644\"><strong data-start=\"2506\" data-end=\"2529\">Parauga sagatavo\u0161ana:<\/strong> Sagrieziet pap\u012bru vai kartonu l\u012bdz vajadz\u012bgajam izm\u0113ram (parasti \u2265 50 g\/m\u00b2) un apstr\u0101d\u0101jiet standarta laboratorijas apst\u0101k\u013cos.<\/p>\n<\/li>\n<li data-start=\"2645\" data-end=\"2724\">\n<p data-start=\"2648\" data-end=\"2724\"><strong data-start=\"2648\" data-end=\"2664\">Pozicion\u0113\u0161ana:<\/strong> Novietojiet paraugu zem Cobb testera \u016bdens rezervu\u0101ra.<\/p>\n<\/li>\n<li data-start=\"2725\" data-end=\"2803\">\n<p data-start=\"2728\" data-end=\"2803\"><strong data-start=\"2728\" data-end=\"2747\">\u016adens iedarb\u012bba:<\/strong> Uzkl\u0101jiet nom\u0113r\u012btu \u016bdens daudzumu un iesl\u0113dziet taimeri.<\/p>\n<\/li>\n<li data-start=\"2804\" data-end=\"2902\">\n<p data-start=\"2807\" data-end=\"2902\"><strong data-start=\"2807\" data-end=\"2830\">Iztuk\u0161ojiet lieko \u016bdeni:<\/strong> P\u0113c noteikt\u0101 laika (parasti 60 sekundes) no\u0146emiet \u016bdens p\u0101rpalikumu.<\/p>\n<\/li>\n<li data-start=\"2903\" data-end=\"3012\">\n<p data-start=\"2906\" data-end=\"3012\"><strong data-start=\"2906\" data-end=\"2922\">M\u0113r\u012b\u0161ana:<\/strong> Nosver absorb\u0113to \u016bdeni un apr\u0113\u0137ina Kobba v\u0113rt\u012bbu gramos uz kvadr\u0101tmetru (g\/m\u00b2).<\/p>\n<\/li>\n<\/ol>\n<p data-start=\"3014\" data-end=\"3208\">\u0160\u012b metode \u013cauj kvalit\u0101tes kontroles person\u0101lam un p\u0113tniekiem <strong data-start=\"3078\" data-end=\"3141\">ticami nov\u0113rt\u0113t pap\u012bra un kartona \u016bdens absorbcijas sp\u0113ju.<\/strong>, kas atvieglo uz inform\u0101ciju balst\u012btu l\u0113mumu pie\u0146em\u0161anu ra\u017eo\u0161an\u0101 un piem\u0113ro\u0161an\u0101.<\/p>\n<hr \/>\n<h2 data-start=\"3014\" data-end=\"3208\">Pareiz\u0101 Cobb testera izv\u0113le pap\u012bram<\/h2>\n<p data-start=\"3259\" data-end=\"3420\">Laboratorij\u0101m un ra\u017eotn\u0113m, kur\u0101s nepiecie\u0161ama precizit\u0101te un efektivit\u0101te, ir paredz\u0113ts <strong data-start=\"3342\" data-end=\"3385\">Cell Instruments COBB absorbcijas testeris<\/strong> ir ide\u0101la izv\u0113le. T\u0101 atbalsta:<\/p>\n<ul data-start=\"3422\" data-end=\"3640\">\n<li data-start=\"3422\" data-end=\"3464\">\n<p data-start=\"3424\" data-end=\"3464\">Vair\u0101ki paraugu izm\u0113ri un pap\u012bra veidi.<\/p>\n<\/li>\n<li data-start=\"3465\" data-end=\"3518\">\n<p data-start=\"3467\" data-end=\"3518\">\u0100tri, atk\u0101rtojami m\u0113r\u012bjumi ar augstu precizit\u0101ti.<\/p>\n<\/li>\n<li data-start=\"3519\" data-end=\"3575\">\n<p data-start=\"3521\" data-end=\"3575\">Lietot\u0101jam draudz\u012bga lieto\u0161ana ar skaidriem digit\u0101lajiem r\u0101d\u012bjumiem.<\/p>\n<\/li>\n<li data-start=\"3576\" data-end=\"3640\">\n<p data-start=\"3578\" data-end=\"3640\">Atbilst\u012bba ISO 535 standarta test\u0113\u0161anas proced\u016br\u0101m.<\/p>\n<\/li>\n<\/ul>\n<hr \/>\n<h2>Priek\u0161roc\u012bbas, izmantojot Cobb testeri pap\u012bram<\/h2>\n<ul>\n<li data-start=\"3693\" data-end=\"3770\">\n<p data-start=\"3695\" data-end=\"3770\"><strong data-start=\"3695\" data-end=\"3717\">Uzlabota precizit\u0101te:<\/strong> Samazina operatora k\u013c\u016bdas un uzlabo atk\u0101rtojam\u012bbu.<\/p>\n<\/li>\n<li data-start=\"3771\" data-end=\"3839\">\n<p data-start=\"3773\" data-end=\"3839\"><strong data-start=\"3773\" data-end=\"3793\">Laika efektivit\u0101te:<\/strong> \u0100tr\u0101k nek\u0101 manu\u0101li absorbcijas m\u0113r\u012bjumi.<\/p>\n<\/li>\n<li data-start=\"3840\" data-end=\"3941\">\n<p data-start=\"3842\" data-end=\"3941\"><strong data-start=\"3842\" data-end=\"3865\">Visaptvero\u0161i dati:<\/strong> Nodro\u0161ina rezult\u0101tus, kas piem\u0113roti zi\u0146o\u0161anai, rev\u012bzij\u0101m un produktu izstr\u0101dei.<\/p>\n<\/li>\n<li data-start=\"3942\" data-end=\"4047\">\n<p data-start=\"3944\" data-end=\"4047\"><strong data-start=\"3944\" data-end=\"3969\">Nozares uzticam\u012bba:<\/strong> Pla\u0161i izplat\u012bta poligr\u0101fijas, iepakojuma un pap\u012bra ra\u017eo\u0161anas nozar\u0113s.<\/p>\n<\/li>\n<\/ul>\n<hr \/>\n<h2>Secin\u0101jums<\/h2>\n<p>Port\u0101ls <strong data-start=\"4071\" data-end=\"4096\">Cobb testeris pap\u012bram<\/strong> ir neaizst\u0101jams instruments \u016bdens absorbcijas sp\u0113jas nov\u0113rt\u0113\u0161anai saska\u0146\u0101 ar ISO 535. Integr\u0113jot \u0161o test\u0113\u0161anu ra\u017eo\u0161an\u0101 un kvalit\u0101tes kontrol\u0113, ra\u017eot\u0101ji un laboratorijas var nodro\u0161in\u0101t augstas kvalit\u0101tes, viendab\u012bgus pap\u012bra izstr\u0101d\u0101jumus, optimiz\u0113t p\u0101rkl\u0101jumu veido\u0161anas procesus un nodro\u0161in\u0101t starptautisko atbilst\u012bbu. . <strong data-start=\"4398\" data-end=\"4435\">Cobb absorbcijas pretest\u012bbas testeris<\/strong> no Cell Instruments apvieno precizit\u0101ti, efektivit\u0101ti un uzticam\u012bbu, pal\u012bdzot profesion\u0101\u013ciem sasniegt prec\u012bzus un standartiz\u0113tus rezult\u0101tus.<\/p>\n<hr \/>\n<h2>Bie\u017e\u0101k uzdotie jaut\u0101jumi<\/h2>\n<p data-start=\"4592\" data-end=\"4746\"><strong data-start=\"4592\" data-end=\"4599\">Q1:<\/strong> Vai ar Cobb testeri var m\u0113r\u012bt p\u0101rkl\u0101tu un nep\u0101rkl\u0101tu pap\u012bru?<br data-start=\"4655\" data-end=\"4658\" \/><strong data-start=\"4658\" data-end=\"4664\">A:<\/strong> J\u0101, tas ir piem\u0113rots abiem veidiem, ja vien gramat\u016bra atbilst ISO 535 pras\u012bb\u0101m.<\/p>\n<p data-start=\"4748\" data-end=\"4874\"><strong data-start=\"4748\" data-end=\"4755\">Q2:<\/strong> K\u0101ds ir ieteicamais parauga lielums?<br data-start=\"4788\" data-end=\"4791\" \/><strong data-start=\"4791\" data-end=\"4797\">A:<\/strong> Parasti paraugi \u2265 50 g\/m\u00b2, izvairoties no \u013coti poraina pap\u012bra, piem\u0113ram, av\u012b\u017epap\u012bra.<\/p>\n<p data-start=\"4876\" data-end=\"5012\"><strong data-start=\"4876\" data-end=\"4883\">Q3:<\/strong> Cik ilgs ir standarta Koba tests?<br data-start=\"4924\" data-end=\"4927\" \/><strong data-start=\"4927\" data-end=\"4933\">A:<\/strong> Standarta ekspoz\u012bcija parasti ir 60 sekundes, ta\u010du to var piel\u0101got atbilsto\u0161i ISO 535.<\/p>\n<p data-start=\"5014\" data-end=\"5152\"><strong data-start=\"5014\" data-end=\"5021\">Q4:<\/strong> Vai rezult\u0101tus var izmantot sertifik\u0101cijas nol\u016bkos?<br data-start=\"5073\" data-end=\"5076\" \/><strong data-start=\"5076\" data-end=\"5082\">A:<\/strong> J\u0101, ISO 535 atbilst\u012bba nodro\u0161ina starptautiski atz\u012btus rezult\u0101tus.<\/p>\n<p data-start=\"5154\" data-end=\"5287\"><strong data-start=\"5154\" data-end=\"5161\">Q5:<\/strong> Vai ir nepiecie\u0161ama operatora apm\u0101c\u012bba?<br data-start=\"5192\" data-end=\"5195\" \/><strong data-start=\"5195\" data-end=\"5201\">A:<\/strong> Pamatapm\u0101c\u012bba nodro\u0161ina prec\u012bzu darbu ar paraugiem un konsekventus m\u0113r\u012bjumu rezult\u0101tus.<\/p>","protected":false},"excerpt":{"rendered":"<p>Izpratne par pap\u012bra un kartona \u016bdens uzs\u016bktsp\u0113ju ir b\u016btiska drukas, iepakojuma un pap\u012bra ra\u017eo\u0161anas kvalit\u0101tes kontrolei. Cobb testeris pap\u012bram ir specializ\u0113ts instruments, kas paredz\u0113ts, lai standartiz\u0113tos apst\u0101k\u013cos izm\u0113r\u012btu parauga absorb\u0113t\u0101 \u016bdens daudzumu. Saska\u0146\u0101 ar ISO 535 standartiem \u0161\u012b test\u0113\u0161anas metode nodro\u0161ina ticamus datus, lai vad\u012btu materi\u0101lu ...<\/p>\n<p class=\"read-more\"> <a class=\"\" href=\"https:\/\/www.qualitester.com\/lv\/cobb-tester-for-paper\/\"> <span class=\"screen-reader-text\">Cobb testeris pap\u012bram: Prec\u012bzas \u016bdens uzs\u016bktsp\u0113jas test\u0113\u0161anas nodro\u0161in\u0101\u0161ana<\/span> Las\u012bt vair\u0101k \"<\/a><\/p>","protected":false},"author":3,"featured_media":0,"parent":0,"menu_order":0,"comment_status":"closed","ping_status":"closed","template":"","meta":{"site-sidebar-layout":"default","site-content-layout":"default","ast-global-header-display":"","ast-main-header-display":"","ast-hfb-above-header-display":"","ast-hfb-below-header-display":"","ast-hfb-mobile-header-display":"","site-post-title":"","ast-breadcrumbs-content":"","ast-featured-img":"","footer-sml-layout":"","theme-transparent-header-meta":"default","adv-header-id-meta":"","stick-header-meta":"","header-above-stick-meta":"","header-main-stick-meta":"","header-below-stick-meta":"","footnotes":""},"class_list":["post-7487","page","type-page","status-publish","hentry"],"_links":{"self":[{"href":"https:\/\/www.qualitester.com\/lv\/wp-json\/wp\/v2\/pages\/7487","targetHints":{"allow":["GET"]}}],"collection":[{"href":"https:\/\/www.qualitester.com\/lv\/wp-json\/wp\/v2\/pages"}],"about":[{"href":"https:\/\/www.qualitester.com\/lv\/wp-json\/wp\/v2\/types\/page"}],"author":[{"embeddable":true,"href":"https:\/\/www.qualitester.com\/lv\/wp-json\/wp\/v2\/users\/3"}],"replies":[{"embeddable":true,"href":"https:\/\/www.qualitester.com\/lv\/wp-json\/wp\/v2\/comments?post=7487"}],"version-history":[{"count":0,"href":"https:\/\/www.qualitester.com\/lv\/wp-json\/wp\/v2\/pages\/7487\/revisions"}],"wp:attachment":[{"href":"https:\/\/www.qualitester.com\/lv\/wp-json\/wp\/v2\/media?parent=7487"}],"curies":[{"name":"wp","href":"https:\/\/api.w.org\/{rel}","templated":true}]}}