{"id":7400,"date":"2025-09-17T10:55:30","date_gmt":"2025-09-17T02:55:30","guid":{"rendered":"https:\/\/www.qualitester.com\/?page_id=7400"},"modified":"2025-09-17T10:56:08","modified_gmt":"2025-09-17T02:56:08","slug":"astm-f1306","status":"publish","type":"page","link":"https:\/\/www.qualitester.com\/lv\/standards\/astm-f1306\/","title":{"rendered":"ASTM F1306"},"content":{"rendered":"<h1 style=\"text-align: center;\">ASTM F1306<br \/>\n<small>Elast\u012bgo barjerpl\u0113vju pl\u0113vju caurdur\u0161anas un iek\u013c\u016b\u0161anas iztur\u012bba<\/small><\/h1>\n<h2 data-start=\"281\" data-end=\"312\">Ievads ASTM F1306 standart\u0101<\/h2>\n<p data-start=\"313\" data-end=\"831\">Iepakojuma nozar\u0113 elast\u012bgo barjerpl\u0113vju ilgm\u016b\u017e\u012bbas un integrit\u0101tes nodro\u0161in\u0101\u0161ana ir \u013coti svar\u012bga produktu aizsardz\u012bbai. <a href=\"https:\/\/www.qualitester.com\/lv\/astm-f1306\/\"><strong data-start=\"440\" data-end=\"454\">ASTM F1306<\/strong><\/a> izveido standartiz\u0113tu metodi, lai nov\u0113rt\u0113tu <em data-start=\"505\" data-end=\"539\">l\u0113na \u0101truma iespie\u0161an\u0101s pretest\u012bba<\/em> pl\u0113ves un lamin\u0101ti. Izmantojot kontrol\u0113t\u0101 \u0101trum\u0101 darbin\u0101mu zondi, \u0161aj\u0101 test\u0101 nosaka, cik labi iepakojuma materi\u0101li iztur caurdur\u0161anas un iespie\u0161an\u0101s sp\u0113ku. \u0160\u0101 testa rezult\u0101ti pal\u012bdz ra\u017eot\u0101jiem prognoz\u0113t re\u0101lo veiktsp\u0113ju un pasarg\u0101t iepakot\u0101s preces no \u0101r\u0113jiem boj\u0101jumiem.<\/p>\n<h2 data-start=\"833\" data-end=\"890\">Pl\u0113ves caurdur\u0161anas un iespie\u0161anas testa noz\u012bme<\/h2>\n<p data-start=\"891\" data-end=\"1243\">Barjerpl\u0113ves pla\u0161i izmanto <strong data-start=\"924\" data-end=\"985\">p\u0101rtikas, farm\u0101cijas, elektronikas un medic\u012bnas iepakojums.<\/strong> pat nelielas perfor\u0101cijas var izrais\u012bt pies\u0101r\u0146ojumu vai samazin\u0101t glab\u0101\u0161anas laiku. . <strong data-start=\"1069\" data-end=\"1111\">pl\u0113ves caurdur\u0161anas un iespie\u0161an\u0101s tests<\/strong> nov\u0113rt\u0113, k\u0101 materi\u0101li rea\u0123\u0113, kad tie tiek pak\u013cauti asai zondei, kas imit\u0113 izplat\u012btus apdraud\u0113jumus p\u0101rvad\u0101\u0161anas, apstr\u0101des vai uzglab\u0101\u0161anas laik\u0101.<\/p>\n<p data-start=\"1245\" data-end=\"1530\">\u0160\u012b metode ne tikai m\u0113ra <em data-start=\"1274\" data-end=\"1290\">sp\u0113ks lauzt<\/em> bet ar\u012b ieraksti <em data-start=\"1308\" data-end=\"1327\">ener\u0123ijas absorbcija<\/em> un <em data-start=\"1332\" data-end=\"1351\">iespie\u0161an\u0101s dzi\u013cums<\/em> pirms neveiksmes. \u0160ie parametri atspogu\u013co elast\u012bg\u0101 iepakojuma veiktsp\u0113ju meh\u0101nisk\u0101s slodzes apst\u0101k\u013cos, pal\u012bdzot kvalit\u0101tes kontroles komand\u0101m izv\u0113l\u0113ties piem\u0113rotas pl\u0113ves konkr\u0113tiem lietojumiem.<\/p>\n<h2 data-start=\"1532\" data-end=\"1601\">Elast\u012bg\u0101s barjerpl\u0113ves iespie\u0161an\u0101s tests un t\u0101 loma iepakojum\u0101<\/h2>\n<p data-start=\"1602\" data-end=\"1926\">Port\u0101ls <strong data-start=\"1606\" data-end=\"1648\">elast\u012bgas barjerpl\u0113ves iespie\u0161an\u0101s tests<\/strong> saska\u0146\u0101 ar ASTM F1306 standartu, kas atbilst divasu slodzes apst\u0101k\u013ciem, sniedzot v\u0113rt\u012bgu ieskatu re\u0101l\u0101s pasaules caurdur\u0161anas riskos. Piem\u0113ram, medic\u012bnas ier\u012bces ar as\u0101m mal\u0101m, sald\u0113ti p\u0101rtikas produkti ar kaulu fragmentiem vai stingri objekti elast\u012bgos maisi\u0146os var apdraud\u0113t iepakojuma integrit\u0101ti.<\/p>\n<p data-start=\"1928\" data-end=\"1986\">Nov\u0113rt\u0113jot pretest\u012bbu pret iek\u013c\u016b\u0161anu, ra\u017eot\u0101ji var:<\/p>\n<ul>\n<li data-start=\"1989\" data-end=\"2029\">Nov\u0113rst g\u0101zu un mitruma nopl\u016bdi.<\/li>\n<li data-start=\"2032\" data-end=\"2081\">Uztur\u0113t sterilas barjeras medic\u012bnas produktiem.<\/li>\n<li data-start=\"2084\" data-end=\"2148\">Uzlabot pat\u0113r\u0113t\u0101ju dro\u0161\u012bbu, samazinot pies\u0101r\u0146ojuma risku.<\/li>\n<li data-start=\"2151\" data-end=\"2200\">Optimiz\u0113t materi\u0101la izv\u0113li un pl\u0113ves biezumu.<\/li>\n<\/ul>\n<h2 data-start=\"2202\" data-end=\"2244\">L\u0113na \u0101truma penetr\u0101cijas pretest\u012bbas tests<\/h2>\n<p data-start=\"2245\" data-end=\"2514\">At\u0161\u0137ir\u012bb\u0101 no \u0101trgaitas trieciena testiem ASTM F1306 uzsver <strong data-start=\"2303\" data-end=\"2344\">l\u0113nas \u0101truma iespie\u0161an\u0101s pretest\u012bbas tests<\/strong>, kas atkl\u0101j materi\u0101lu pak\u0101penisku deform\u0101ciju un boj\u0101jumu uzved\u012bbu. \u0160\u012b at\u0161\u0137ir\u012bba ir \u013coti svar\u012bga, jo daudzi re\u0101l\u0101s pasaules caurdurumi notiek l\u0113ni, nevis uzreiz.<\/p>\n<p data-start=\"2516\" data-end=\"2571\">Galvenie faktori, kas ietekm\u0113 pretest\u012bbu pret iek\u013c\u016b\u0161anu, ir \u0161\u0101di:<\/p>\n<ul>\n<li data-start=\"2574\" data-end=\"2606\">Pl\u0113ves biezums un viendab\u012bgums.<\/li>\n<li data-start=\"2609\" data-end=\"2652\">Elast\u012bbas modulis un materi\u0101la sast\u0101vs.<\/li>\n<li data-start=\"2655\" data-end=\"2695\">Temperat\u016bras apst\u0101k\u013ci test\u0113\u0161anas laik\u0101.<\/li>\n<li data-start=\"2698\" data-end=\"2733\">Izmantot\u0101s zondes forma un izm\u0113rs.<\/li>\n<\/ul>\n<p data-start=\"2735\" data-end=\"2862\">Standarts nosaka <strong data-start=\"2760\" data-end=\"2788\">zondes \u0101trums 25 mm\/min<\/strong>, nodro\u0161inot rezult\u0101tu konsekvenci un sal\u012bdzin\u0101m\u012bbu starp laboratorij\u0101m.<\/p>\n<h2 data-start=\"2864\" data-end=\"2908\">P\u0101rdur\u0161anas tests iepakojuma lietojumos<\/h2>\n<p data-start=\"2909\" data-end=\"3062\">Port\u0101ls <strong data-start=\"2913\" data-end=\"2943\">caurdur\u0161anas tests iepakojum\u0101<\/strong> ir b\u016btiska materi\u0101lu nov\u0113rt\u0113\u0161anas da\u013ca nozar\u0113s, kur\u0101s aizsardz\u012bba pret barjer\u0101m ir oblig\u0101ta. Piem\u0113ram:<\/p>\n<ul>\n<li data-start=\"3065\" data-end=\"3135\"><strong data-start=\"3065\" data-end=\"3083\">P\u0101rtikas r\u016bpniec\u012bba:<\/strong> Nov\u0113r\u0161 boj\u0101\u0161anos, nov\u0113r\u0161ot mikroperfor\u0101cijas.<\/li>\n<li data-start=\"3138\" data-end=\"3219\"><strong data-start=\"3138\" data-end=\"3158\">Farmaceitiskie l\u012bdzek\u013ci:<\/strong> Nodro\u0161ina blisteru iepakojumu un elast\u012bgo maisi\u0146u sterilit\u0101ti.<\/li>\n<li data-start=\"3222\" data-end=\"3305\"><strong data-start=\"3222\" data-end=\"3244\">Medic\u012bniskais iepakojums:<\/strong> Uztur \u0161\u013cir\u010du, katetru un implantu dro\u0161\u012bbu.<\/li>\n<li data-start=\"3308\" data-end=\"3380\"><strong data-start=\"3308\" data-end=\"3324\">Elektronika:<\/strong> Aizsarg\u0101 jut\u012bgus komponentus no mitruma un putek\u013ciem.<\/li>\n<\/ul>\n<p data-start=\"3382\" data-end=\"3562\">Izpratne par iztur\u012bbu pret caurdur\u0161anu \u013cauj ra\u017eot\u0101jiem l\u012bdzsvarot <em data-start=\"3448\" data-end=\"3465\">izmaksu efektivit\u0101te<\/em> ar <em data-start=\"3471\" data-end=\"3493\">materi\u0101lu veiktsp\u0113ja<\/em>, samazinot atkritumu daudzumu, vienlaikus nodro\u0161inot atbilst\u012bbu dro\u0161\u012bbas noteikumiem.<\/p>\n<h2 data-start=\"3564\" data-end=\"3625\">Plastmasas pl\u0113ves caurdur\u0161anas tests ar ASTM F1306 proced\u016bru<\/h2>\n<p data-start=\"3626\" data-end=\"3717\">Port\u0101ls <strong data-start=\"3630\" data-end=\"3664\">plastmasas pl\u0113ves caurdur\u0161anas tests<\/strong> saska\u0146\u0101 ar ASTM F1306 iev\u0113ro skaidru proced\u016bru:<\/p>\n<ol>\n<li data-start=\"3721\" data-end=\"3761\">Paraugus sagrie\u017e 76 mm \u00d7 76 mm gabali\u0146os.<\/li>\n<li data-start=\"3765\" data-end=\"3828\">Paraugu nostipriniet pl\u0113ves tur\u0113t\u0101j\u0101 zem test\u0113\u0161anas zondes.<\/li>\n<li data-start=\"3832\" data-end=\"3874\">Noregul\u0113jiet krustgalvas \u0101trumu uz 25 mm\/min.<\/li>\n<li data-start=\"3878\" data-end=\"3921\">Pielietojiet sp\u0113ku, l\u012bdz pl\u0113ve tiek perfor\u0113ta.<\/li>\n<li data-start=\"3925\" data-end=\"3991\">Ieraksts <em data-start=\"3932\" data-end=\"3988\">maksim\u0101lais sp\u0113ks, iespie\u0161an\u0101s ener\u0123ija un zondes p\u0101rvietojums.<\/em>.<\/li>\n<\/ol>\n<p data-start=\"3993\" data-end=\"4084\">\u0160\u012bs standartiz\u0113t\u0101s darb\u012bbas nodro\u0161ina reproduc\u0113jamus rezult\u0101tus un \u013cauj veikt taisn\u012bgus materi\u0101lu sal\u012bdzin\u0101jumus.<\/p>\n<h2 data-start=\"4086\" data-end=\"4146\">Ieteicamais test\u0113\u0161anas apr\u012bkojums - Cell Instruments TST-01<\/h2>\n<p><a href=\"https:\/\/www.qualitester.com\/lv\/products-2\/tensile-tester-tst-01\/\"><img fetchpriority=\"high\" decoding=\"async\" class=\"size-medium wp-image-7478 alignleft\" src=\"https:\/\/www.qualitester.com\/wp-content\/uploads\/2025\/09\/ASTM-F1306-Puncture-Penetration-Testing-for-Flexible-Films-300x300.webp\" alt=\"ASTM F1306 Elast\u012bgo pl\u0113vju caurdur\u0161anas un caururb\u0161anas test\u0113\u0161ana\" width=\"300\" height=\"300\" srcset=\"https:\/\/www.qualitester.com\/wp-content\/uploads\/2025\/09\/ASTM-F1306-Puncture-Penetration-Testing-for-Flexible-Films-300x300.webp 300w, https:\/\/www.qualitester.com\/wp-content\/uploads\/2025\/09\/ASTM-F1306-Puncture-Penetration-Testing-for-Flexible-Films-150x150.webp 150w, https:\/\/www.qualitester.com\/wp-content\/uploads\/2025\/09\/ASTM-F1306-Puncture-Penetration-Testing-for-Flexible-Films-12x12.webp 12w, https:\/\/www.qualitester.com\/wp-content\/uploads\/2025\/09\/ASTM-F1306-Puncture-Penetration-Testing-for-Flexible-Films-100x100.webp 100w, https:\/\/www.qualitester.com\/wp-content\/uploads\/2025\/09\/ASTM-F1306-Puncture-Penetration-Testing-for-Flexible-Films.webp 600w\" sizes=\"(max-width: 300px) 100vw, 300px\" \/><\/a><\/p>\n<p data-start=\"4147\" data-end=\"4600\">Lai nodro\u0161in\u0101tu prec\u012bzu un uzticamu <strong data-start=\"4173\" data-end=\"4195\"><a href=\"https:\/\/www.astm.org\/f1306-21.html\" target=\"_blank\" rel=\"noopener nofollow\">ASTM F1306<\/a> test\u0113\u0161ana<\/strong>, ir svar\u012bgi izv\u0113l\u0113ties pareizo apr\u012bkojumu. . <strong data-start=\"4245\" data-end=\"4287\">\u0160\u016bnu instrumenti <a href=\"https:\/\/www.qualitester.com\/lv\/products-2\/tensile-tester-tst-01\/\" target=\"_blank\" rel=\"noopener\">TST-01 stiepes testeris<\/a><\/strong> ir ide\u0101la izv\u0113le. Tas ir apr\u012bkots ar prec\u012bzu lod\u012b\u0161u sviras skr\u016bves tehnolo\u0123iju un ir sader\u012bgs ar vair\u0101kiem stiprin\u0101jumiem, t\u0101p\u0113c nodro\u0161ina stabilus un prec\u012bzus iespie\u0161an\u0101s m\u0113r\u012bjumus. T\u0101 programm\u0113jam\u0101s funkcijas, PLC vad\u012bba un datu ieguves sist\u0113ma padara to lieliski piem\u0113rotu \u0161\u0101d\u0101m vajadz\u012bb\u0101m. <em data-start=\"4550\" data-end=\"4597\">caurdur\u0161anas, nopl\u0113\u0161anas, pl\u012b\u0161anas un stiepes testi.<\/em>.<\/p>\n<p data-start=\"4602\" data-end=\"4779\">Izmantojot TST-01, laboratorijas un ra\u017eot\u0101ji var racionaliz\u0113t kvalit\u0101tes kontroli, nodro\u0161in\u0101t atbilst\u012bbu ASTM standartiem un ieg\u016bt detaliz\u0113tus datus materi\u0101lu uzlabo\u0161anai.<\/p>\n<p data-start=\"4797\" data-end=\"5296\"><strong data-start=\"4797\" data-end=\"4811\">ASTM F1306<\/strong> ir b\u016btisks standarts, lai nov\u0113rt\u0113tu <strong data-start=\"4851\" data-end=\"4916\">elast\u012bgu barjerpl\u0113vju iztur\u012bba pret caurdur\u0161anu un iek\u013c\u016b\u0161anu.<\/strong>. Veicot <strong data-start=\"4936\" data-end=\"4977\">l\u0113nas \u0101truma iespie\u0161an\u0101s pretest\u012bbas tests<\/strong>, uz\u0146\u0113mumi var nodro\u0161in\u0101t, ka to iepakojuma materi\u0101li nodro\u0161ina konsekventu aizsardz\u012bbu pret caurdur\u0161anas briesm\u0101m. Ar t\u0101diem instrumentiem k\u0101 <strong data-start=\"5108\" data-end=\"5135\">Cell instrumenti TST-01<\/strong>, test\u0113\u0161ana k\u013c\u016bst efekt\u012bva, prec\u012bza un saska\u0146ota ar starptautiskajiem standartiem, pal\u012bdzot nozar\u0113m pieg\u0101d\u0101t tirg\u016b dro\u0161us, uzticamus un augstas kvalit\u0101tes produktus.<\/p>","protected":false},"excerpt":{"rendered":"<p>ASTM F1306 Puncture and Penetration Resistance of Flexible Barrier Films Introduction to ASTM F1306 In the packaging industry, ensuring the durability and integrity of flexible barrier films is critical for product protection. ASTM F1306 establishes a standardized method to evaluate the slow rate penetration resistance of films and laminates. By using a driven probe at &hellip;<\/p>\n<p class=\"read-more\"> <a class=\"\" href=\"https:\/\/www.qualitester.com\/lv\/standards\/astm-f1306\/\"> <span class=\"screen-reader-text\">ASTM F1306<\/span> Las\u012bt vair\u0101k \"<\/a><\/p>","protected":false},"author":4,"featured_media":0,"parent":4948,"menu_order":0,"comment_status":"closed","ping_status":"closed","template":"","meta":{"site-sidebar-layout":"default","site-content-layout":"default","ast-global-header-display":"","ast-main-header-display":"","ast-hfb-above-header-display":"","ast-hfb-below-header-display":"","ast-hfb-mobile-header-display":"","site-post-title":"disabled","ast-breadcrumbs-content":"","ast-featured-img":"","footer-sml-layout":"","theme-transparent-header-meta":"default","adv-header-id-meta":"","stick-header-meta":"","header-above-stick-meta":"","header-main-stick-meta":"","header-below-stick-meta":"","footnotes":""},"class_list":["post-7400","page","type-page","status-publish","hentry"],"_links":{"self":[{"href":"https:\/\/www.qualitester.com\/lv\/wp-json\/wp\/v2\/pages\/7400","targetHints":{"allow":["GET"]}}],"collection":[{"href":"https:\/\/www.qualitester.com\/lv\/wp-json\/wp\/v2\/pages"}],"about":[{"href":"https:\/\/www.qualitester.com\/lv\/wp-json\/wp\/v2\/types\/page"}],"author":[{"embeddable":true,"href":"https:\/\/www.qualitester.com\/lv\/wp-json\/wp\/v2\/users\/4"}],"replies":[{"embeddable":true,"href":"https:\/\/www.qualitester.com\/lv\/wp-json\/wp\/v2\/comments?post=7400"}],"version-history":[{"count":0,"href":"https:\/\/www.qualitester.com\/lv\/wp-json\/wp\/v2\/pages\/7400\/revisions"}],"up":[{"embeddable":true,"href":"https:\/\/www.qualitester.com\/lv\/wp-json\/wp\/v2\/pages\/4948"}],"wp:attachment":[{"href":"https:\/\/www.qualitester.com\/lv\/wp-json\/wp\/v2\/media?parent=7400"}],"curies":[{"name":"wp","href":"https:\/\/api.w.org\/{rel}","templated":true}]}}