{"id":6695,"date":"2025-06-12T15:15:43","date_gmt":"2025-06-12T07:15:43","guid":{"rendered":"https:\/\/www.qualitester.com\/?page_id=6695"},"modified":"2025-06-12T15:17:41","modified_gmt":"2025-06-12T07:17:41","slug":"iso-7765-1","status":"publish","type":"page","link":"https:\/\/www.qualitester.com\/lv\/standards\/iso-7765-1\/","title":{"rendered":"ISO 7765-1"},"content":{"rendered":"<h1 style=\"text-align: center;\" data-start=\"370\" data-end=\"882\"><small>ISO 776-1<\/small><\/h1>\n<h1 style=\"text-align: center;\" data-start=\"370\" data-end=\"882\">\u0160autri\u0146u trieciena tests<\/h1>\n<h2 data-start=\"410\" data-end=\"426\">Ievads<\/h2>\n<p data-start=\"428\" data-end=\"977\">Iepakojuma un plastmasas pl\u0113ves r\u016bpniec\u012bb\u0101 triecieniztur\u012bba ir \u013coti svar\u012bgs veiktsp\u0113jas parametrs. <em data-start=\"527\" data-end=\"539\">ISO 7765-1<\/em> defin\u0113 standartiz\u0113tu testa metodi, lai nov\u0113rt\u0113tu <strong data-start=\"594\" data-end=\"619\">trieciena k\u013c\u016bmes ener\u0123ija<\/strong> plastmasas pl\u0113ves un lok\u0161\u0146u materi\u0101lu, izmantojot <strong data-start=\"664\" data-end=\"699\">br\u012bvi kr\u012bto\u0161u \u0161autri\u0146u trieciena testeris<\/strong>.<\/p>\n<h2 data-start=\"984\" data-end=\"1028\">Izpratne par ISO 7765-1 un t\u0101 m\u0113r\u0137i<\/h2>\n<p data-start=\"1030\" data-end=\"1396\"><em data-start=\"1030\" data-end=\"1042\">ISO 7765-1<\/em> ir starptautisks standarts, kas nosaka divas test\u0113\u0161anas metodes -<strong data-start=\"1104\" data-end=\"1116\">A metode<\/strong> un <strong data-start=\"1121\" data-end=\"1133\">B metode<\/strong>-lai noteiktu ener\u0123iju, kas nepiecie\u0161ama, lai izrais\u012btu boj\u0101jumu <strong data-start=\"1190\" data-end=\"1218\">plastmasas pl\u0113ves un loksnes<\/strong> biezums ir maz\u0101ks par 1 mm. \u0160\u012bs metodes ir izstr\u0101d\u0101tas, lai imit\u0113tu apst\u0101k\u013cus, k\u0101dos pl\u0113ves var tikt pak\u013cautas meh\u0101niskai iedarb\u012bbai p\u0101rkrau\u0161anas, transport\u0113\u0161anas vai galapat\u0113ri\u0146a laik\u0101.<\/p>\n<ul>\n<li data-start=\"1400\" data-end=\"1466\"><strong data-start=\"1400\" data-end=\"1412\">A metode<\/strong>: Izmanto 38 mm puslodes formas \u0161autri\u0146u, kas iz\u0161auta no 0,66 m augstuma.<\/li>\n<li data-start=\"1469\" data-end=\"1535\"><strong data-start=\"1469\" data-end=\"1481\">B metode<\/strong>: Izmanto 50 mm puslodes formas \u0161autri\u0146u, kas palaista no 1,50 m augstuma.<\/li>\n<\/ul>\n<p data-start=\"1537\" data-end=\"1691\">Abu meto\u017eu m\u0113r\u0137is ir statistiski noteikt \u0161autri\u0146u masu, kas izraisa boj\u0101jumu 50% test\u0113to paraugu - v\u0113rt\u012bbu, kas paz\u012bstama k\u0101 v\u0113rt\u012bba, kas paz\u012bstama k\u0101 <strong data-start=\"1667\" data-end=\"1690\">trieciena boj\u0101juma masa<\/strong>.<\/p>\n<h2 data-start=\"1698\" data-end=\"1751\">Plastmasas pl\u0113ves trieciena tests ar \u0161autri\u0146u: K\u0101p\u0113c tas ir svar\u012bgi?<\/h2>\n<p data-start=\"1753\" data-end=\"1823\">Port\u0101ls <strong data-start=\"1757\" data-end=\"1794\">\u0161autri\u0146u trieciena tests plastmasas pl\u0113vei<\/strong> sniedz b\u016btiskus datus par:<\/p>\n<ul>\n<li data-start=\"1827\" data-end=\"1884\">Nov\u0113rt\u0113\u0161ana <strong data-start=\"1837\" data-end=\"1856\">pl\u0113ves iztur\u012bba<\/strong> iepako\u0161anas lietojumiem.<\/li>\n<li data-start=\"1887\" data-end=\"1965\">Materi\u0101la kvalit\u0101tes at\u0161\u0137ir\u012bbu, piem\u0113ram, \u0161tanc\u0113\u0161anas z\u012bmju vai pies\u0101r\u0146ojuma, identific\u0113\u0161ana.<\/li>\n<li data-start=\"1968\" data-end=\"2050\">da\u017e\u0101du ra\u017eo\u0161anas partiju vai pieg\u0101d\u0101t\u0101ju pl\u0113vju veiktsp\u0113jas sal\u012bdzin\u0101\u0161ana.<\/li>\n<\/ul>\n<p data-start=\"2052\" data-end=\"2276\">\u0160is tests ir \u012bpa\u0161i v\u0113rt\u012bgs lietojumiem <strong data-start=\"2105\" data-end=\"2160\">medic\u012bniskais iepakojums, p\u0101rtikas aizsardz\u012bba, farmaceitiskie l\u012bdzek\u013ci.<\/strong>, un <strong data-start=\"2166\" data-end=\"2186\">r\u016bpniecisk\u0101s pl\u0113ves<\/strong>, kur triecieniztur\u012bba ir tie\u0161i saist\u012bta ar produkta dro\u0161\u012bbu un pat\u0113r\u0113t\u0101ju apmierin\u0101t\u012bbu.<\/p>\n<h2 data-start=\"2283\" data-end=\"2342\">Br\u012bvi kr\u012bto\u0161u \u0161autri\u0146u trieciena testeris: Galven\u0101 apr\u012bkojuma p\u0101rskats<\/h2>\n<p><img fetchpriority=\"high\" decoding=\"async\" class=\"alignright wp-image-6697 size-medium\" src=\"https:\/\/www.qualitester.com\/wp-content\/uploads\/2025\/06\/ISO-7765-1-Dart-Impact-Test-for-Plastic-Film-232x300.webp\" alt=\"ISO 7765-1 Plastmasas pl\u0113ves trieciena tests ar \u0161autri\u0146\u0101m\" width=\"232\" height=\"300\" srcset=\"https:\/\/www.qualitester.com\/wp-content\/uploads\/2025\/06\/ISO-7765-1-Dart-Impact-Test-for-Plastic-Film-232x300.webp 232w, https:\/\/www.qualitester.com\/wp-content\/uploads\/2025\/06\/ISO-7765-1-Dart-Impact-Test-for-Plastic-Film-9x12.webp 9w, https:\/\/www.qualitester.com\/wp-content\/uploads\/2025\/06\/ISO-7765-1-Dart-Impact-Test-for-Plastic-Film-600x777.webp 600w, https:\/\/www.qualitester.com\/wp-content\/uploads\/2025\/06\/ISO-7765-1-Dart-Impact-Test-for-Plastic-Film.webp 610w\" sizes=\"(max-width: 232px) 100vw, 232px\" \/><\/p>\n<p data-start=\"2344\" data-end=\"2555\">Lai prec\u012bzi veiktu \u0161o testu, ir nepiecie\u0161ams uzticams <strong data-start=\"2396\" data-end=\"2431\">br\u012bvi kr\u012bto\u0161u \u0161autri\u0146u trieciena testeris<\/strong> kas atbilst ISO 7765-1 specifik\u0101cij\u0101m. . <strong data-start=\"2474\" data-end=\"2501\">Cell instrumenti FDT-01<\/strong> ir lieliska izv\u0113le \u0161im nol\u016bkam. T\u0101 funkcijas:<\/p>\n<ul>\n<li data-start=\"2559\" data-end=\"2629\">Precision <strong data-start=\"2569\" data-end=\"2601\">elektromagn\u0113tisk\u0101 \u0161autri\u0146u palai\u0161ana<\/strong> atk\u0101rtojamam piliena augstumam.<\/li>\n<li data-start=\"2632\" data-end=\"2694\">Regul\u0113jamas \u0161autri\u0146u galvi\u0146as un atsvari abiem <strong data-start=\"2675\" data-end=\"2693\">A un B metode<\/strong>.<\/li>\n<li data-start=\"2697\" data-end=\"2772\">Pneimatiski vad\u0101ma <strong data-start=\"2722\" data-end=\"2741\">iesp\u012bl\u0113\u0161anas sist\u0113ma<\/strong> lai samazin\u0101tu parauga sl\u012bd\u0113\u0161anu.<\/li>\n<li data-start=\"2775\" data-end=\"2847\">Integr\u0113ts <strong data-start=\"2786\" data-end=\"2813\">datu ieguves sist\u0113ma<\/strong> autom\u0101tiskai rezult\u0101tu apr\u0113\u0137in\u0101\u0161anai.<\/li>\n<\/ul>\n<p data-start=\"2849\" data-end=\"2994\">FDT-01 \u013cauj ra\u017eot\u0101jiem un laboratorij\u0101m <strong data-start=\"2902\" data-end=\"2924\">racionaliz\u0113t test\u0113\u0161anu<\/strong>, <strong data-start=\"2926\" data-end=\"2948\">samazin\u0101t cilv\u0113ku k\u013c\u016bdu skaitu.<\/strong>, un nodro\u0161in\u0101t rezult\u0101tu atbilst\u012bbu ISO standartiem.<\/p>\n<h2 data-start=\"3001\" data-end=\"3047\">ISO 7765-1 test\u0113\u0161anas proced\u016bra: Soli pa solim<\/h2>\n<ol data-start=\"3049\" data-end=\"4111\">\n<li data-start=\"3049\" data-end=\"3235\">\n<p data-start=\"3052\" data-end=\"3235\"><strong data-start=\"3052\" data-end=\"3074\">Parauga sagatavo\u0161ana<\/strong><br data-start=\"3074\" data-end=\"3077\" \/>No plastmasas pl\u0113ves izgrie\u017e vismaz 30 paraugus, nodro\u0161inot vienm\u0113r\u012bgu biezumu (\u00b110% no nomin\u0101l\u0101). Paraugiem j\u0101b\u016bt bez krok\u0101m, caurumiem un krok\u0101m.<\/p>\n<\/li>\n<li data-start=\"3237\" data-end=\"3384\">\n<p data-start=\"3240\" data-end=\"3384\"><strong data-start=\"3240\" data-end=\"3265\">Biezuma m\u0113r\u012b\u0161ana<\/strong><br data-start=\"3265\" data-end=\"3268\" \/>Katra parauga biezumu m\u0113ra ar mikrometru (precizit\u0101te \u00b1 0,0025 mm) saska\u0146\u0101 ar \u0161\u0101diem nosac\u012bjumiem. <strong data-start=\"3371\" data-end=\"3383\">ISO 4593<\/strong>.<\/p>\n<\/li>\n<li data-start=\"3386\" data-end=\"3640\">\n<p data-start=\"3389\" data-end=\"3415\"><strong data-start=\"3389\" data-end=\"3413\">Apar\u0101tu iestat\u012b\u0161ana<\/strong><\/p>\n<ul data-start=\"3419\" data-end=\"3640\">\n<li data-start=\"3419\" data-end=\"3482\">Izv\u0113lieties A vai B metodi, pamatojoties uz paredzamo triecieniztur\u012bbu.<\/li>\n<li data-start=\"3486\" data-end=\"3549\">Piel\u0101gojiet \u0161autri\u0146u augstumu: 0,66 m A metodei, 1,50 m B metodei.<\/li>\n<li data-start=\"3553\" data-end=\"3640\">Nostipriniet pl\u0113vi, izmantojot <strong data-start=\"3577\" data-end=\"3595\">gredzenveida skavas<\/strong> ar amortiz\u0113jo\u0161\u0101m starplik\u0101m, kas nov\u0113r\u0161 sl\u012bd\u0113\u0161anu.<\/li>\n<\/ul>\n<\/li>\n<li data-start=\"3642\" data-end=\"3937\"><strong data-start=\"3645\" data-end=\"3682\">K\u0101p\u0146u metodes testa veik\u0161ana<\/strong>\n<ul data-start=\"3688\" data-end=\"3937\">\n<li data-start=\"3688\" data-end=\"3726\">S\u0101ciet ar apl\u0113sto \u0161autri\u0146u svaru.<\/li>\n<li data-start=\"3730\" data-end=\"3781\">Izmetiet \u0161autri\u0146u un nov\u0113rojiet, vai pl\u0113ve neizdodas.<\/li>\n<li data-start=\"3785\" data-end=\"3860\">Regul\u0113jiet svaru uz aug\u0161u vai uz leju, izmantojot fiks\u0113tus so\u013cus, pamatojoties uz rezult\u0101tu.<\/li>\n<li data-start=\"3864\" data-end=\"3937\">Turpiniet, l\u012bdz vismaz 20 testa punkti sniedz datus par k\u013c\u016bdu\/neatjauktu k\u013c\u016bdu.<\/li>\n<\/ul>\n<\/li>\n<li data-start=\"3939\" data-end=\"4111\">\n<p data-start=\"3942\" data-end=\"4111\"><strong data-start=\"3942\" data-end=\"3979\">Apr\u0113\u0137in\u0101t trieciena boj\u0101juma masu<\/strong><br data-start=\"3979\" data-end=\"3982\" \/>Izmantojiet k\u0101p\u0146u metodes statistisko formulu, lai noteiktu <strong data-start=\"4049\" data-end=\"4072\">trieciena boj\u0101juma masa<\/strong> (masa, pie kuras 50% paraugi neiztur).<\/p>\n<\/li>\n<\/ol>\n<h2 data-start=\"4118\" data-end=\"4153\">Testa precizit\u0101ti ietekm\u0113jo\u0161ie faktori<\/h2>\n<ul>\n<li data-start=\"4157\" data-end=\"4262\"><strong data-start=\"4157\" data-end=\"4177\">Materi\u0101lu kvalit\u0101te<\/strong>: Viendab\u012bgs izm\u0113rs, \u0161tanc\u0113\u0161anas l\u012bniju neesam\u012bba un pies\u0101r\u0146ot\u0101ju tr\u016bkums nodro\u0161ina ticamus datus.<\/li>\n<li data-start=\"4265\" data-end=\"4346\"><strong data-start=\"4265\" data-end=\"4286\">Saspie\u0161anas spiediens<\/strong>: Nepietiekams spiediens var izrais\u012bt sl\u012bd\u0113\u0161anu, kas ietekm\u0113 rezult\u0101tus.<\/li>\n<li data-start=\"4349\" data-end=\"4442\"><strong data-start=\"4349\" data-end=\"4371\">Parauga st\u0101voklis<\/strong>: Virsmas defekti vai nekonsekvents biezums var izkrop\u013cot triecieniztur\u012bbu.<\/li>\n<li data-start=\"4445\" data-end=\"4547\"><strong data-start=\"4445\" data-end=\"4469\">Drop Reproduc\u0113jam\u012bba<\/strong>: Lai nodro\u0161in\u0101tu statistisko precizit\u0101ti, ir svar\u012bgi nodro\u0161in\u0101t konsekventu izl\u012bdzin\u0101\u0161anu un kritiena augstumu.<\/li>\n<\/ul>\n<p data-start=\"4549\" data-end=\"4683\">Lai samazin\u0101tu k\u013c\u016bdas, <strong data-start=\"4569\" data-end=\"4615\">augstas precizit\u0101tes instrumenti, piem\u0113ram, FDT-01.<\/strong> ar autom\u0101tisku kontroli un dro\u0161\u012bbas funkcij\u0101m.<\/p>\n<h2 data-start=\"4690\" data-end=\"4733\">K\u0101p\u0113c izv\u0113l\u0113ties Cell Instruments FDT-01?<\/h2>\n<p data-start=\"4735\" data-end=\"4914\">Port\u0101ls <strong data-start=\"4739\" data-end=\"4798\">Cell instrumenti FDT-01 <span style=\"color: #75c32c;\"><a style=\"color: #75c32c;\" href=\"https:\/\/www.qualitester.com\/lv\/products-2\/fdt-01-polypropylene-film-drop-dart-tester\/\" target=\"_blank\" rel=\"noopener\">Br\u012bvi kr\u012bto\u0161u \u0161autri\u0146u trieciena testeris<\/a><\/span><\/strong> ir \u012bpa\u0161i izstr\u0101d\u0101ts, lai atbilstu stingraj\u0101m ISO 7765-1 pras\u012bb\u0101m. T\u0101s automatiz\u0113t\u0101 un modul\u0101r\u0101 konstrukcija nodro\u0161ina:<\/p>\n<ul>\n<li data-start=\"4918\" data-end=\"4984\">Prec\u012bzi, reproduc\u0113jami rezult\u0101ti gan <strong data-start=\"4958\" data-end=\"4983\">A metode un B metode<\/strong>.<\/li>\n<li data-start=\"4987\" data-end=\"5072\">Efekt\u012bva test\u0113\u0161ana kvalit\u0101tes kontrolei <strong data-start=\"5028\" data-end=\"5071\">iepakojums, pl\u0113ves un medic\u012bnas materi\u0101li.<\/strong>.<\/li>\n<li data-start=\"5075\" data-end=\"5183\">Nevainojama integr\u0101cija laboratorijas darba pl\u016bsm\u0101s ar t\u0101s <strong data-start=\"5124\" data-end=\"5151\">lietot\u0101jam draudz\u012bga saskarne<\/strong> un <strong data-start=\"5156\" data-end=\"5182\">digit\u0101lo datu zi\u0146o\u0161ana<\/strong>.<\/li>\n<\/ul>\n<p data-start=\"5185\" data-end=\"5299\">Tas padara to par <strong data-start=\"5201\" data-end=\"5298\">uzticama izv\u0113le p\u0113tniec\u012bbas un izstr\u0101des laboratorij\u0101m, kvalit\u0101tes nodro\u0161in\u0101\u0161anas noda\u013c\u0101m un tre\u0161o pu\u0161u test\u0113\u0161anas a\u0123ent\u016br\u0101m.<\/strong>.<\/p>\n<h2 data-start=\"5306\" data-end=\"5320\">Secin\u0101jums<\/h2>\n<p data-start=\"5322\" data-end=\"5798\"><a href=\"https:\/\/www.iso.org\/standard\/14629.html\" target=\"_blank\" rel=\"noopener nofollow\"><em data-start=\"5322\" data-end=\"5334\">ISO 7765-1<\/em><\/a> ir b\u016btiska noz\u012bme plastmasas pl\u0113vju triecieniztur\u012bbas nov\u0113rt\u0113\u0161an\u0101, izmantojot standartiz\u0113tu metodi. <strong data-start=\"5427\" data-end=\"5447\">\u0161autri\u0146u trieciena tests<\/strong> izmantojot <strong data-start=\"5456\" data-end=\"5491\">br\u012bvi kr\u012bto\u0161u \u0161autri\u0146u trieciena testeris<\/strong>. Prec\u012bza test\u0113\u0161ana ne tikai uzlabo produktu dro\u0161\u012bbu un veiktsp\u0113ju, bet ar\u012b nodro\u0161ina atbilst\u012bbu starptautiskajiem kvalit\u0101tes standartiem. Lai test\u0113\u0161ana b\u016btu prec\u012bza un efekt\u012bva, profesion\u0101\u013ciem j\u0101pa\u013caujas uz t\u0101diem instrumentiem k\u0101, piem. <strong data-start=\"5711\" data-end=\"5738\">Cell instrumenti FDT-01<\/strong>, kas nodro\u0161ina atk\u0101rtojamus un atbilsto\u0161us rezult\u0101tus.<\/p>\n<h2 data-start=\"5805\" data-end=\"5813\">Bie\u017e\u0101k uzdotie jaut\u0101jumi<\/h2>\n<p data-start=\"5815\" data-end=\"5993\"><strong data-start=\"5815\" data-end=\"5858\">1. K\u0101ds ir ISO 7765-1 galvenais m\u0113r\u0137is?<\/strong><br data-start=\"5858\" data-end=\"5861\" \/>M\u0113r\u0137is ir noteikt ener\u0123iju, kas nepiecie\u0161ama, lai standartiz\u0113tos trieciena apst\u0101k\u013cos izrais\u012btu plastmasas pl\u0113ves paraugu 50% boj\u0101jumu.<\/p>\n<p data-start=\"5995\" data-end=\"6202\"><strong data-start=\"5995\" data-end=\"6057\">2. K\u0101das ir at\u0161\u0137ir\u012bbas starp A metodi un B metodi?<\/strong><br data-start=\"6057\" data-end=\"6060\" \/>A metod\u0113 izmanto 38 mm \u0161autri\u0146u, kas nomesta no 0,66 m augstuma; B metod\u0113 izmanto 50 mm \u0161autri\u0146u, kas nomesta no 1,50 m. B metode ir piem\u0113rota liel\u0101kam trieciena diapazonam.<\/p>\n<p data-start=\"6204\" data-end=\"6409\"><strong data-start=\"6204\" data-end=\"6271\">3. K\u0101p\u0113c iepakojuma pl\u0113v\u0113m ir svar\u012bga triecieniztur\u012bba?<\/strong><br data-start=\"6271\" data-end=\"6274\" \/>Tas nor\u0101da pl\u0113ves sp\u0113ju iztur\u0113t meh\u0101niskus triecienus p\u0101rvieto\u0161anas, transport\u0113\u0161anas un uzglab\u0101\u0161anas laik\u0101, nodro\u0161inot produkta aizsardz\u012bbu.<\/p>\n<p data-start=\"6411\" data-end=\"6601\"><strong data-start=\"6411\" data-end=\"6483\">4. Vai var sal\u012bdzin\u0101t A un B metodes \u0161autri\u0146u trieciena testa rezult\u0101tus?<\/strong><br data-start=\"6483\" data-end=\"6486\" \/>N\u0113. A un B metodes rezult\u0101tus nevar tie\u0161i sal\u012bdzin\u0101t, jo at\u0161\u0137iras \u0161autri\u0146u izm\u0113rs, masa un kri\u0161anas augstums.<\/p>","protected":false},"excerpt":{"rendered":"<p>ISO 776-1 Triecieniztur\u012bba pret triecienu Ievads Iepakojuma un plastmasas pl\u0113ves r\u016bpniec\u012bb\u0101 triecieniztur\u012bba ir kritiski svar\u012bgs veiktsp\u0113jas parametrs. ISO 7765-1 nosaka standartiz\u0113tu testa metodi plastmasas pl\u0113ves un lok\u0161\u0146u materi\u0101lu trieciena ener\u0123ijas nov\u0113rt\u0113\u0161anai, izmantojot br\u012bvi kr\u012bto\u0161u \u0161autri\u0146u trieciena testeri. Izpratne par ISO 7765-1 un t\u0101 m\u0113r\u0137i ISO 7765-1 ir...<\/p>\n<p class=\"read-more\"> <a class=\"\" href=\"https:\/\/www.qualitester.com\/lv\/standards\/iso-7765-1\/\"> <span class=\"screen-reader-text\">ISO 7765-1<\/span> Las\u012bt vair\u0101k \"<\/a><\/p>","protected":false},"author":4,"featured_media":0,"parent":4948,"menu_order":0,"comment_status":"closed","ping_status":"closed","template":"","meta":{"site-sidebar-layout":"default","site-content-layout":"default","ast-global-header-display":"","ast-main-header-display":"","ast-hfb-above-header-display":"","ast-hfb-below-header-display":"","ast-hfb-mobile-header-display":"","site-post-title":"disabled","ast-breadcrumbs-content":"","ast-featured-img":"","footer-sml-layout":"","theme-transparent-header-meta":"default","adv-header-id-meta":"","stick-header-meta":"","header-above-stick-meta":"","header-main-stick-meta":"","header-below-stick-meta":"","footnotes":""},"class_list":["post-6695","page","type-page","status-publish","hentry"],"_links":{"self":[{"href":"https:\/\/www.qualitester.com\/lv\/wp-json\/wp\/v2\/pages\/6695","targetHints":{"allow":["GET"]}}],"collection":[{"href":"https:\/\/www.qualitester.com\/lv\/wp-json\/wp\/v2\/pages"}],"about":[{"href":"https:\/\/www.qualitester.com\/lv\/wp-json\/wp\/v2\/types\/page"}],"author":[{"embeddable":true,"href":"https:\/\/www.qualitester.com\/lv\/wp-json\/wp\/v2\/users\/4"}],"replies":[{"embeddable":true,"href":"https:\/\/www.qualitester.com\/lv\/wp-json\/wp\/v2\/comments?post=6695"}],"version-history":[{"count":0,"href":"https:\/\/www.qualitester.com\/lv\/wp-json\/wp\/v2\/pages\/6695\/revisions"}],"up":[{"embeddable":true,"href":"https:\/\/www.qualitester.com\/lv\/wp-json\/wp\/v2\/pages\/4948"}],"wp:attachment":[{"href":"https:\/\/www.qualitester.com\/lv\/wp-json\/wp\/v2\/media?parent=6695"}],"curies":[{"name":"wp","href":"https:\/\/api.w.org\/{rel}","templated":true}]}}